
{"id":8547,"date":"2024-09-01T09:48:00","date_gmt":"2024-09-01T09:48:00","guid":{"rendered":"https:\/\/mypalmleaf.com\/?page_id=8547"},"modified":"2025-06-24T07:06:57","modified_gmt":"2025-06-24T07:06:57","slug":"spenden","status":"publish","type":"page","link":"https:\/\/mypalmleaf.com\/de\/spenden\/","title":{"rendered":"Spenden"},"content":{"rendered":"\n<section class=\"spotlight-main small top-gap\">\n    <!-- <div class=\"slider-wrap\" data-flickity='{ \"cellAlign\": \"left\", \"contain\": true, \"wrapAround\": true, \"setGallerySize\": false }'> -->\n    <div class=\"slider-wrap\" data-flickity='{ \"cellAlign\": \"left\", \"contain\": true, \"wrapAround\": true, \"setGallerySize\": false  }'>\n            <div class=\"slides\">\n        <div class=\"content-wrap\">\n          <div class=\"image\">\n            <picture>\n              <source media=\"(max-width: 999px)\" srcset=\"https:\/\/mypalmleaf.com\/wp-content\/uploads\/2024\/09\/donation-spotlight-mobile.jpg\" \/>\n              <source media=\"(min-width: 1000px)\" srcset=\"https:\/\/mypalmleaf.com\/wp-content\/uploads\/2024\/09\/donation-spotlight-1.jpg\" \/>\n              <img decoding=\"async\" src=\"https:\/\/mypalmleaf.com\/wp-content\/uploads\/2024\/09\/donation-spotlight-1.jpg\" class=\"img-fluid\" alt=\"\" \/>\n            <\/picture>\n          <\/div>\n          <div class=\"content\">\n            <div data-aos=\"fade-up\" data-aos-duration=\"1000\">\n              <h2 class=\"\">Spenden<\/h2>\n                                 \n            <\/div>\n          <\/div>\n        <\/div>\n      <\/div>\n          <\/div>\n<\/section>\n\n<section class=\"donation-bottom-block text-center\">\n  <div class=\"container-xl\">\n  <div class=\"row pt-5 donation-top-icon\">\n        <div class=\"col-lg-10 mx-auto\">\n        <ul>\n          <li class=\"text-lg-end\"><img decoding=\"async\" src=\"https:\/\/mypalmleaf.com\/wp-content\/uploads\/2024\/09\/donation-harmony-icon.png\" alt=\"\" class=\"img-fluid\"><\/li>\n          <li><h3>Ihre Spenden werden gesch\u00e4tzt<\/h3><\/li>\n          <li class=\"text-lg-start\"><img decoding=\"async\" src=\"https:\/\/mypalmleaf.com\/wp-content\/uploads\/2024\/09\/mpl-circle-logo.png\" alt=\"\" class=\"img-fluid\"><\/li>\n        <\/ul>\n      <\/div>\n      <\/div>\n    <div class=\"row\">\n      <div class=\"col-lg-10 my-5 mx-auto\">\n        <p>Mypalmleaf und unsere Partner-NGO in Harmony with Nature e.V. widmen sich der gemeinsamen Erschaffung einer neuen Welt, die auf Liebe, Erwachen und wahren Werten basiert.<\/p>\n<p>Wir sind nur ein kleiner Teil des riesigen globalen Netzwerks von Projekten und Einzelpersonen, die sich daf\u00fcr einsetzen, diesen kollektiven Traum Wirklichkeit werden zu lassen.<\/p>\n<p>Ihre Spenden helfen uns, uns dieser Arbeit zu widmen.<\/p>\n<p>Wir glauben, dass diese Arbeit unerl\u00e4sslich ist, um eine Welt zu schaffen, die auf Liebe, Erwachen und wahren Werten beruht. Bitte spenden Sie an unsere Partnerorganisation In Harmony with Nature, die die Spenden an die Palmblattleser und \u00dcbersetzer verteilen und Projekte zum Aufbau der neuen Welt schaffen wird. <\/p>\n<p>Durch unsere Partnerschaft arbeiten wir daran, einen nachhaltigen Lebensstil zu f\u00f6rdern, die nat\u00fcrliche Umwelt zu sch\u00fctzen und zu regenerieren, lokale Gemeinschaften zu unterst\u00fctzen und das Bewusstsein f\u00fcr die Verbundenheit allen Lebens zu verbreiten.<\/p>\n<p>Wir sind dankbar f\u00fcr die Unterst\u00fctzung unserer Spender, deren Beitr\u00e4ge es uns erm\u00f6glichen, diese wichtige Arbeit fortzusetzen. Ihre Spenden helfen uns, unsere Projekte und Initiativen zu finanzieren, mehr Menschen mit unserer Botschaft zu erreichen und einen positiven Einfluss auf die Welt zu nehmen. <\/p>\n\n        <a href=\"https:\/\/spenden.twingle.de\/in-harmony-with-nature-e-v\/in-harmony-with-nature-e-v-en-kopie\/tw643cd4fb53874\/page\"  target=\"_blank\" class=\"btn btn-primary btn-lg mt-4\">Spenden Sie, um die Weisheit der Rishis zu teilen<\/a>\n      <\/div>\n    <\/div>\n  <\/div>\n<\/section>\n\n<section class=\"donation-top-block text-center\">\n  <div class=\"container-xl\">\n    <div class=\"row\">\n      <div class=\"col-lg-8 mx-auto my-5 text-center\">\n        <div class=\"col-lg-12 text-center\">\n          <div class=\"video-place-holder my-4\">\n            <div class=\"heading mb-3\">Wir stellen vor: In Harmonie mit der Natur | Mypalmleafs Partnerorganisation<\/div>\n            <div class=\"video rounded-asset\">\n              <img decoding=\"async\" src=\"https:\/\/mypalmleaf.com\/wp-content\/uploads\/2024\/09\/donation-video-thumb.png\" class=\"img-fluid\" alt=\"\"><div class=\"play-icon\"><\/div>\n              <a href=\"https:\/\/www.youtube.com\/watch?v=IyDUBCgcutc\" class=\"stretched-link\" data-lity><\/a>\n            <\/div>\n          <\/div>\n          <a href=\"https:\/\/spenden.twingle.de\/in-harmony-with-nature-e-v\/in-harmony-with-nature-e-v-en-kopie\/tw643cd4fb53874\/page\" target=\"_blank\" class=\"btn btn-primary btn-lg my-2\">Spenden Sie, um die Weisheit der Rishis zu teilen<\/a>\n        <\/div>\n      <\/div>\n    <\/div>\n  <\/div>\n<\/section>\n\n\n<div class=\"container my-5\">\n  <div class=\"row\">\n    <!-- First Column -->\n    <div class=\"col-md-6 mb-4\">\n      <div class=\"video-place-holder my-4\">\n          \n            <div class=\"video rounded-asset\">\n              <img decoding=\"async\" src=\"\/wp-content\/uploads\/2025\/06\/bali-donation-video-thumb-german.jpg\" class=\"img-fluid\" alt=\"\"\/><div class=\"play-icon\"><\/div>\n              <a href=\"https:\/\/www.youtube.com\/watch?v=GmHcnIlyaEs\" class=\"stretched-link\" data-lity=\"\"><\/a>\n            <\/div>\n  <div class=\"heading my-3\">Wie Ihre Palmblattlesungen helfen, Leben zu ver\u00e4ndern: Unterst\u00fctzung f\u00fcr das Ananda Seva Dharma Kinderheim\n<\/div>\n          <\/div>\n    <\/div>\n\n    <!-- Second Column -->\n    <div class=\"col-md-6 mb-4\">\n      <div class=\"video-place-holder my-4\">\n            <div class=\"video rounded-asset\">\n              <img decoding=\"async\" src=\"\/wp-content\/uploads\/2025\/06\/india-donation-video-thumb-german.jpg\" class=\"img-fluid\" alt=\"\"\/><div class=\"play-icon\"><\/div>\n              <a href=\"https:\/\/www.youtube.com\/watch?v=FiEWD12LE4w\" class=\"stretched-link\" data-lity=\"\"><\/a>\n            <\/div>\n            <div class=\"heading my-3\">20.000 Mahlzeiten gespendet &#8211; Dank Ihnen! | Unsere Navagraha-Tempel-Reise <\/div>\n\n          <\/div>\n    <\/div>\n  <\/div>\n<\/div>\n","protected":false},"excerpt":{"rendered":"<p>Wie Ihre Palmblattlesungen helfen, Leben zu ver\u00e4ndern: Unterst\u00fctzung f\u00fcr das Ananda Seva Dharma Kinderheim 20.000 Mahlzeiten gespendet &#8211; Dank Ihnen! | Unsere Navagraha-Tempel-Reise<\/p>\n","protected":false},"author":1,"featured_media":0,"parent":0,"menu_order":0,"comment_status":"closed","ping_status":"closed","template":"","meta":{"_acf_changed":false,"footnotes":""},"class_list":["post-8547","page","type-page","status-publish","hentry"],"acf":[],"yoast_head":"<!-- This site is optimized with the Yoast SEO plugin v26.4 - https:\/\/yoast.com\/wordpress\/plugins\/seo\/ -->\n<title>Spenden f\u00fcr Palmblatt-Lesungen und spirituelle Projekte<\/title>\n<meta name=\"description\" content=\"Unterst\u00fctzen Sie unsere Mission mit einer Spende f\u00fcr Palmblatt-Lesungen und spirituelle Projekte. Helfen Sie, alte Weisheiten f\u00fcr alle zug\u00e4nglich zu machen.\" \/>\n<meta name=\"robots\" content=\"index, follow, max-snippet:-1, max-image-preview:large, max-video-preview:-1\" \/>\n<link rel=\"canonical\" href=\"https:\/\/mypalmleaf.com\/de\/spenden\/\" \/>\n<meta property=\"og:locale\" content=\"de_DE\" \/>\n<meta property=\"og:type\" content=\"article\" \/>\n<meta property=\"og:title\" content=\"Spenden f\u00fcr Palmblatt-Lesungen und spirituelle Projekte\" \/>\n<meta property=\"og:description\" content=\"Unterst\u00fctzen Sie unsere Mission mit einer Spende f\u00fcr Palmblatt-Lesungen und spirituelle Projekte. Helfen Sie, alte Weisheiten f\u00fcr alle zug\u00e4nglich zu machen.\" \/>\n<meta property=\"og:url\" content=\"https:\/\/mypalmleaf.com\/de\/spenden\/\" \/>\n<meta property=\"og:site_name\" content=\"My Palm Leaf\" \/>\n<meta property=\"article:modified_time\" content=\"2025-06-24T07:06:57+00:00\" \/>\n<meta property=\"og:image\" content=\"https:\/\/mypalmleaf.com\/wp-content\/uploads\/2025\/08\/mpl-circle-logo.jpg\" \/>\n\t<meta property=\"og:image:width\" content=\"1200\" \/>\n\t<meta property=\"og:image:height\" content=\"1196\" \/>\n\t<meta property=\"og:image:type\" content=\"image\/jpeg\" \/>\n<meta name=\"twitter:card\" content=\"summary_large_image\" \/>\n<meta name=\"twitter:label1\" content=\"Gesch\u00e4tzte Lesezeit\" \/>\n\t<meta name=\"twitter:data1\" content=\"1\u00a0Minute\" \/>\n<script type=\"application\/ld+json\" class=\"yoast-schema-graph\">{\"@context\":\"https:\/\/schema.org\",\"@graph\":[{\"@type\":\"WebPage\",\"@id\":\"https:\/\/mypalmleaf.com\/de\/spenden\/\",\"url\":\"https:\/\/mypalmleaf.com\/de\/spenden\/\",\"name\":\"Spenden f\u00fcr Palmblatt-Lesungen und spirituelle Projekte\",\"isPartOf\":{\"@id\":\"https:\/\/mypalmleaf.com\/#website\"},\"datePublished\":\"2024-09-01T09:48:00+00:00\",\"dateModified\":\"2025-06-24T07:06:57+00:00\",\"description\":\"Unterst\u00fctzen Sie unsere Mission mit einer Spende f\u00fcr Palmblatt-Lesungen und spirituelle Projekte. Helfen Sie, alte Weisheiten f\u00fcr alle zug\u00e4nglich zu machen.\",\"breadcrumb\":{\"@id\":\"https:\/\/mypalmleaf.com\/de\/spenden\/#breadcrumb\"},\"inLanguage\":\"de\",\"potentialAction\":[{\"@type\":\"ReadAction\",\"target\":[\"https:\/\/mypalmleaf.com\/de\/spenden\/\"]}]},{\"@type\":\"BreadcrumbList\",\"@id\":\"https:\/\/mypalmleaf.com\/de\/spenden\/#breadcrumb\",\"itemListElement\":[{\"@type\":\"ListItem\",\"position\":1,\"name\":\"Home\",\"item\":\"https:\/\/mypalmleaf.com\/de\/\"},{\"@type\":\"ListItem\",\"position\":2,\"name\":\"Spenden\"}]},{\"@type\":\"WebSite\",\"@id\":\"https:\/\/mypalmleaf.com\/#website\",\"url\":\"https:\/\/mypalmleaf.com\/\",\"name\":\"My Palm Leaf\",\"description\":\"\",\"potentialAction\":[{\"@type\":\"SearchAction\",\"target\":{\"@type\":\"EntryPoint\",\"urlTemplate\":\"https:\/\/mypalmleaf.com\/?s={search_term_string}\"},\"query-input\":{\"@type\":\"PropertyValueSpecification\",\"valueRequired\":true,\"valueName\":\"search_term_string\"}}],\"inLanguage\":\"de\"}]}<\/script>\n<!-- \/ Yoast SEO plugin. -->","yoast_head_json":{"title":"Spenden f\u00fcr Palmblatt-Lesungen und spirituelle Projekte","description":"Unterst\u00fctzen Sie unsere Mission mit einer Spende f\u00fcr Palmblatt-Lesungen und spirituelle Projekte. Helfen Sie, alte Weisheiten f\u00fcr alle zug\u00e4nglich zu machen.","robots":{"index":"index","follow":"follow","max-snippet":"max-snippet:-1","max-image-preview":"max-image-preview:large","max-video-preview":"max-video-preview:-1"},"canonical":"https:\/\/mypalmleaf.com\/de\/spenden\/","og_locale":"de_DE","og_type":"article","og_title":"Spenden f\u00fcr Palmblatt-Lesungen und spirituelle Projekte","og_description":"Unterst\u00fctzen Sie unsere Mission mit einer Spende f\u00fcr Palmblatt-Lesungen und spirituelle Projekte. Helfen Sie, alte Weisheiten f\u00fcr alle zug\u00e4nglich zu machen.","og_url":"https:\/\/mypalmleaf.com\/de\/spenden\/","og_site_name":"My Palm Leaf","article_modified_time":"2025-06-24T07:06:57+00:00","og_image":[{"width":1200,"height":1196,"url":"https:\/\/mypalmleaf.com\/wp-content\/uploads\/2025\/08\/mpl-circle-logo.jpg","type":"image\/jpeg"}],"twitter_card":"summary_large_image","twitter_misc":{"Gesch\u00e4tzte Lesezeit":"1\u00a0Minute"},"schema":{"@context":"https:\/\/schema.org","@graph":[{"@type":"WebPage","@id":"https:\/\/mypalmleaf.com\/de\/spenden\/","url":"https:\/\/mypalmleaf.com\/de\/spenden\/","name":"Spenden f\u00fcr Palmblatt-Lesungen und spirituelle Projekte","isPartOf":{"@id":"https:\/\/mypalmleaf.com\/#website"},"datePublished":"2024-09-01T09:48:00+00:00","dateModified":"2025-06-24T07:06:57+00:00","description":"Unterst\u00fctzen Sie unsere Mission mit einer Spende f\u00fcr Palmblatt-Lesungen und spirituelle Projekte. Helfen Sie, alte Weisheiten f\u00fcr alle zug\u00e4nglich zu machen.","breadcrumb":{"@id":"https:\/\/mypalmleaf.com\/de\/spenden\/#breadcrumb"},"inLanguage":"de","potentialAction":[{"@type":"ReadAction","target":["https:\/\/mypalmleaf.com\/de\/spenden\/"]}]},{"@type":"BreadcrumbList","@id":"https:\/\/mypalmleaf.com\/de\/spenden\/#breadcrumb","itemListElement":[{"@type":"ListItem","position":1,"name":"Home","item":"https:\/\/mypalmleaf.com\/de\/"},{"@type":"ListItem","position":2,"name":"Spenden"}]},{"@type":"WebSite","@id":"https:\/\/mypalmleaf.com\/#website","url":"https:\/\/mypalmleaf.com\/","name":"My Palm Leaf","description":"","potentialAction":[{"@type":"SearchAction","target":{"@type":"EntryPoint","urlTemplate":"https:\/\/mypalmleaf.com\/?s={search_term_string}"},"query-input":{"@type":"PropertyValueSpecification","valueRequired":true,"valueName":"search_term_string"}}],"inLanguage":"de"}]}},"_links":{"self":[{"href":"https:\/\/mypalmleaf.com\/de\/wp-json\/wp\/v2\/pages\/8547","targetHints":{"allow":["GET"]}}],"collection":[{"href":"https:\/\/mypalmleaf.com\/de\/wp-json\/wp\/v2\/pages"}],"about":[{"href":"https:\/\/mypalmleaf.com\/de\/wp-json\/wp\/v2\/types\/page"}],"author":[{"embeddable":true,"href":"https:\/\/mypalmleaf.com\/de\/wp-json\/wp\/v2\/users\/1"}],"replies":[{"embeddable":true,"href":"https:\/\/mypalmleaf.com\/de\/wp-json\/wp\/v2\/comments?post=8547"}],"version-history":[{"count":0,"href":"https:\/\/mypalmleaf.com\/de\/wp-json\/wp\/v2\/pages\/8547\/revisions"}],"wp:attachment":[{"href":"https:\/\/mypalmleaf.com\/de\/wp-json\/wp\/v2\/media?parent=8547"}],"curies":[{"name":"wp","href":"https:\/\/api.w.org\/{rel}","templated":true}]}}