
{"id":22569,"date":"2024-09-04T10:57:26","date_gmt":"2024-09-04T10:57:26","guid":{"rendered":"https:\/\/mypalmleaf.com\/prices\/lesung-zusaetzlicher-kapitel\/"},"modified":"2026-02-14T12:33:59","modified_gmt":"2026-02-14T12:33:59","slug":"book-the-reading-of-additional-chapters","status":"publish","type":"product","link":"https:\/\/mypalmleaf.com\/de\/kosten\/book-the-reading-of-additional-chapters\/","title":{"rendered":"Lies zus\u00e4tzliche Kapitel deines Palmblattes"},"content":{"rendered":"<div class=\"description\">\n<p><strong>Deine Kapitellesung beinhaltet<\/strong><\/p>\n<ul>\n<li>Lesung der von dir gew\u00e4hlten Kapitel in der Palmblattbibliothek<\/li>\n<li>Moderation der Lesung durch den MPL-Moderator<\/li>\n<li>Videoaufzeichnung<\/li>\n<\/ul>\n<\/div>\n<div class=\"additional-addons-wrap\">\n<p>Die Palmbl\u00e4tter enthalten bis zu 17 Kapitel, von denen jedes einem bestimmten Thema im Leben eines Menschen gewidmet ist.<\/p>\n<p>Das allgemeine Kapitel ist in der ersten Palmblattlesung enthalten, sodass Du die zus\u00e4tzlichen Kapitel <strong>erst lesen kannst , nachdem<\/strong> Du deine erste Palmblattlesung mit Mypalmleaf hattest. <\/p>\n<p>Hattest Du noch keine Palmblattlesung? Du kannst sie <a class=\"fw-bold text-body\" href=\"https:\/\/mypalmleaf.com\/de\/kosten\/finde-dein-palmblatt-und-lese-das-allgemeine-kapitel\/\">hier buchen.<\/a><\/p>\n<p>Die speziellen Kapitel sind l\u00e4nger und ausf\u00fchrlicher als die regul\u00e4ren Kapitel.<\/p>\n<\/div>\n","protected":false},"excerpt":{"rendered":"<p><strong>Der Service beinhaltet<\/strong><\/p>\n<ul>\n<li>Lesung der von dir gew\u00e4hlten Kapitel in der Palmblattbibliothek<\/li>\n<li>Moderation der Lesung durch MPL-Moderator&#8230;<\/li>\n<\/ul>\n","protected":false},"featured_media":1440,"comment_status":"open","ping_status":"closed","template":"","meta":{"_acf_changed":false},"product_brand":[],"product_cat":[40],"product_tag":[],"class_list":{"0":"post-22569","1":"product","2":"type-product","3":"status-publish","4":"has-post-thumbnail","6":"product_cat-unkategorisiert","8":"first","9":"instock","10":"virtual","11":"taxable","12":"purchasable","13":"product-type-simple"},"exclude_global_add_ons":false,"addons":[{"name":"Kapitel","type":"checkbox","position":0,"required":false,"title_format":"label","description_enable":true,"description":"Kapitel","placeholder_enable":false,"placeholder":null,"display":"select","restrictions_type":"any_text","adjust_price":false,"price":"","price_type":"flat_fee","restrictions":false,"min":0,"max":0,"options":[{"label":"1. Allgemeines Kapitel (Sie haben es bereits in der Allgemeinen Lesung geh\u00f6rt)","price":"","price_type":"flat_fee","image":0},{"label":"2. Bildung und Reichtum","price":"79","price_type":"flat_fee","image":0},{"label":"3. Geschwister","price":"79","price_type":"flat_fee","image":0},{"label":"4. Deine Mutter, materielle Aspekte wie Haus, Land, Fahrzeuge und materieller Komfort","price":"79","price_type":"flat_fee","image":0},{"label":"5. Kinder","price":"79","price_type":"flat_fee","image":0},{"label":"6. Feinde und Krankheiten","price":"79","price_type":"flat_fee","image":0},{"label":"7. Ehe\/Beziehungen","price":"79","price_type":"flat_fee","image":0},{"label":"8. Lebensdauer","price":"79","price_type":"flat_fee","image":0},{"label":"9. Dein Vater und dein spiritueller Weg","price":"79","price_type":"flat_fee","image":0},{"label":"10. Karriere\/Job\/Gesch\u00e4ft","price":"79","price_type":"flat_fee","image":0},{"label":"11. Gl\u00fcck, Gewinn, m\u00f6gliche zweite Ehe","price":"79","price_type":"flat_fee","image":0},{"label":"12. Auslandsverbindung und n\u00e4chste Inkarnation.","price":"79","price_type":"flat_fee","image":0},{"label":"13. Fr\u00fchere Geburt und altes Karma","price":"79","price_type":"flat_fee","image":0},{"label":"14. Energetische Heilmittel zur Verbesserung Ihres Lebensweges (Das haben Sie bereits in der Allgemeinen Lesung geh\u00f6rt)","price":"","price_type":"flat_fee","image":0},{"label":"15. Ayurveda Medizin","price":"130","price_type":"flat_fee","image":0},{"label":"16. Spirituelle Entwicklung","price":"130","price_type":"flat_fee","image":0},{"label":"17. Aktuelle planetarische Auswirkungen","price":"130","price_type":"flat_fee","image":0}],"id":1725236907},{"name":"\u00dcbersetzung pro Kapitel","type":"checkbox","position":1,"required":false,"title_format":"label","description_enable":true,"description":"\u00dcbersetzung","placeholder_enable":false,"placeholder":null,"display":"select","restrictions_type":"any_text","adjust_price":false,"price":"","price_type":"flat_fee","restrictions":false,"min":0,"max":0,"options":[{"label":"Englisch","price":"","price_type":"flat_fee","image":0},{"label":"Deutsch","price":"12","price_type":"flat_fee","image":0},{"label":"Russisch","price":"12","price_type":"flat_fee","image":0},{"label":"japanisch","price":"12","price_type":"flat_fee","image":0},{"label":"Italienisch","price":"12","price_type":"flat_fee","image":0},{"label":"Franz\u00f6sisch","price":"12","price_type":"flat_fee","image":0},{"label":"Spanisch","price":"12","price_type":"flat_fee","image":0},{"label":"Niederl\u00e4ndisch","price":"12","price_type":"flat_fee","image":0},{"label":"Andere","price":"12","price_type":"flat_fee","image":0}],"id":1725236908},{"name":"Transkription pro Kapitel","type":"checkbox","position":2,"required":false,"title_format":"label","description_enable":true,"description":"Transkription","placeholder_enable":false,"placeholder":null,"display":"select","restrictions_type":"any_text","adjust_price":false,"price":"","price_type":"flat_fee","restrictions":false,"min":0,"max":0,"options":[{"label":"Englisch","price":"18","price_type":"flat_fee","image":0},{"label":"Deutsch","price":"27","price_type":"flat_fee","image":0},{"label":"Russisch","price":"27","price_type":"flat_fee","image":0},{"label":"japanisch","price":"27","price_type":"flat_fee","image":0},{"label":"Italienisch","price":"27","price_type":"flat_fee","image":0},{"label":"Franz\u00f6sisch","price":"27","price_type":"flat_fee","image":0},{"label":"Spanisch","price":"27","price_type":"flat_fee","image":0},{"label":"Niederl\u00e4ndisch","price":"27","price_type":"flat_fee","image":0},{"label":"Andere","price":"27","price_type":"flat_fee","image":0}],"id":1725236909}],"acf":[],"yoast_head":"<!-- This site is optimized with the Yoast SEO plugin v26.4 - https:\/\/yoast.com\/wordpress\/plugins\/seo\/ -->\n<title>Buche zus\u00e4tzliche Kapitel Palmblattlesung | Mein Palmblatt - \u20ac79 aufw\u00e4rts<\/title>\n<meta name=\"description\" content=\"EEntdecke noch tiefere Einsichten mit zus\u00e4tzlichen Palmblatt-Kapiteln. Gewinne Klarheit \u00fcber Liebe, Karriere und Deinen Lebensweg. Buche jetzt Dein pers\u00f6nliches Reading bei My Palm Leaf!\" \/>\n<meta name=\"robots\" content=\"index, follow, max-snippet:-1, max-image-preview:large, max-video-preview:-1\" \/>\n<link rel=\"canonical\" href=\"https:\/\/mypalmleaf.com\/de\/kosten\/book-the-reading-of-additional-chapters\/\" \/>\n<meta property=\"og:locale\" content=\"de_DE\" \/>\n<meta property=\"og:type\" content=\"article\" \/>\n<meta property=\"og:title\" content=\"Buche zus\u00e4tzliche Kapitel Palmblattlesung | Mein Palmblatt - \u20ac79 aufw\u00e4rts\" \/>\n<meta property=\"og:description\" content=\"EEntdecke noch tiefere Einsichten mit zus\u00e4tzlichen Palmblatt-Kapiteln. Gewinne Klarheit \u00fcber Liebe, Karriere und Deinen Lebensweg. Buche jetzt Dein pers\u00f6nliches Reading bei My Palm Leaf!\" \/>\n<meta property=\"og:url\" content=\"https:\/\/mypalmleaf.com\/de\/kosten\/book-the-reading-of-additional-chapters\/\" \/>\n<meta property=\"og:site_name\" content=\"My Palm Leaf\" \/>\n<meta property=\"article:modified_time\" content=\"2026-02-14T12:33:59+00:00\" \/>\n<meta property=\"og:image\" content=\"https:\/\/mypalmleaf.com\/wp-content\/uploads\/2024\/09\/services-thumb-2.jpg\" \/>\n\t<meta property=\"og:image:width\" content=\"800\" \/>\n\t<meta property=\"og:image:height\" content=\"444\" \/>\n\t<meta property=\"og:image:type\" content=\"image\/jpeg\" \/>\n<meta name=\"twitter:card\" content=\"summary_large_image\" \/>\n<meta name=\"twitter:label1\" content=\"Gesch\u00e4tzte Lesezeit\" \/>\n\t<meta name=\"twitter:data1\" content=\"1\u00a0Minute\" \/>\n<script type=\"application\/ld+json\" class=\"yoast-schema-graph\">{\"@context\":\"https:\/\/schema.org\",\"@graph\":[{\"@type\":\"WebPage\",\"@id\":\"https:\/\/mypalmleaf.com\/de\/kosten\/book-the-reading-of-additional-chapters\/\",\"url\":\"https:\/\/mypalmleaf.com\/de\/kosten\/book-the-reading-of-additional-chapters\/\",\"name\":\"Buche zus\u00e4tzliche Kapitel Palmblattlesung | Mein Palmblatt - \u20ac79 aufw\u00e4rts\",\"isPartOf\":{\"@id\":\"https:\/\/mypalmleaf.com\/#website\"},\"primaryImageOfPage\":{\"@id\":\"https:\/\/mypalmleaf.com\/de\/kosten\/book-the-reading-of-additional-chapters\/#primaryimage\"},\"image\":{\"@id\":\"https:\/\/mypalmleaf.com\/de\/kosten\/book-the-reading-of-additional-chapters\/#primaryimage\"},\"thumbnailUrl\":\"https:\/\/mypalmleaf.com\/wp-content\/uploads\/2024\/09\/services-thumb-2.jpg\",\"datePublished\":\"2024-09-04T10:57:26+00:00\",\"dateModified\":\"2026-02-14T12:33:59+00:00\",\"description\":\"EEntdecke noch tiefere Einsichten mit zus\u00e4tzlichen Palmblatt-Kapiteln. Gewinne Klarheit \u00fcber Liebe, Karriere und Deinen Lebensweg. Buche jetzt Dein pers\u00f6nliches Reading bei My Palm Leaf!\",\"breadcrumb\":{\"@id\":\"https:\/\/mypalmleaf.com\/de\/kosten\/book-the-reading-of-additional-chapters\/#breadcrumb\"},\"inLanguage\":\"de\",\"potentialAction\":[{\"@type\":\"ReadAction\",\"target\":[\"https:\/\/mypalmleaf.com\/de\/kosten\/book-the-reading-of-additional-chapters\/\"]}]},{\"@type\":\"ImageObject\",\"inLanguage\":\"de\",\"@id\":\"https:\/\/mypalmleaf.com\/de\/kosten\/book-the-reading-of-additional-chapters\/#primaryimage\",\"url\":\"https:\/\/mypalmleaf.com\/wp-content\/uploads\/2024\/09\/services-thumb-2.jpg\",\"contentUrl\":\"https:\/\/mypalmleaf.com\/wp-content\/uploads\/2024\/09\/services-thumb-2.jpg\",\"width\":800,\"height\":444,\"caption\":\"Palm leaves-548\"},{\"@type\":\"BreadcrumbList\",\"@id\":\"https:\/\/mypalmleaf.com\/de\/kosten\/book-the-reading-of-additional-chapters\/#breadcrumb\",\"itemListElement\":[{\"@type\":\"ListItem\",\"position\":1,\"name\":\"Home\",\"item\":\"https:\/\/mypalmleaf.com\/de\/\"},{\"@type\":\"ListItem\",\"position\":2,\"name\":\"Shop\",\"item\":\"https:\/\/mypalmleaf.com\/et\/shop\/\"},{\"@type\":\"ListItem\",\"position\":3,\"name\":\"Lies zus\u00e4tzliche Kapitel deines Palmblattes\"}]},{\"@type\":\"WebSite\",\"@id\":\"https:\/\/mypalmleaf.com\/#website\",\"url\":\"https:\/\/mypalmleaf.com\/\",\"name\":\"My Palm Leaf\",\"description\":\"\",\"potentialAction\":[{\"@type\":\"SearchAction\",\"target\":{\"@type\":\"EntryPoint\",\"urlTemplate\":\"https:\/\/mypalmleaf.com\/?s={search_term_string}\"},\"query-input\":{\"@type\":\"PropertyValueSpecification\",\"valueRequired\":true,\"valueName\":\"search_term_string\"}}],\"inLanguage\":\"de\"}]}<\/script>\n<!-- \/ Yoast SEO plugin. -->","yoast_head_json":{"title":"Buche zus\u00e4tzliche Kapitel Palmblattlesung | Mein Palmblatt - \u20ac79 aufw\u00e4rts","description":"EEntdecke noch tiefere Einsichten mit zus\u00e4tzlichen Palmblatt-Kapiteln. Gewinne Klarheit \u00fcber Liebe, Karriere und Deinen Lebensweg. Buche jetzt Dein pers\u00f6nliches Reading bei My Palm Leaf!","robots":{"index":"index","follow":"follow","max-snippet":"max-snippet:-1","max-image-preview":"max-image-preview:large","max-video-preview":"max-video-preview:-1"},"canonical":"https:\/\/mypalmleaf.com\/de\/kosten\/book-the-reading-of-additional-chapters\/","og_locale":"de_DE","og_type":"article","og_title":"Buche zus\u00e4tzliche Kapitel Palmblattlesung | Mein Palmblatt - \u20ac79 aufw\u00e4rts","og_description":"EEntdecke noch tiefere Einsichten mit zus\u00e4tzlichen Palmblatt-Kapiteln. Gewinne Klarheit \u00fcber Liebe, Karriere und Deinen Lebensweg. Buche jetzt Dein pers\u00f6nliches Reading bei My Palm Leaf!","og_url":"https:\/\/mypalmleaf.com\/de\/kosten\/book-the-reading-of-additional-chapters\/","og_site_name":"My Palm Leaf","article_modified_time":"2026-02-14T12:33:59+00:00","og_image":[{"width":800,"height":444,"url":"https:\/\/mypalmleaf.com\/wp-content\/uploads\/2024\/09\/services-thumb-2.jpg","type":"image\/jpeg"}],"twitter_card":"summary_large_image","twitter_misc":{"Gesch\u00e4tzte Lesezeit":"1\u00a0Minute"},"schema":{"@context":"https:\/\/schema.org","@graph":[{"@type":"WebPage","@id":"https:\/\/mypalmleaf.com\/de\/kosten\/book-the-reading-of-additional-chapters\/","url":"https:\/\/mypalmleaf.com\/de\/kosten\/book-the-reading-of-additional-chapters\/","name":"Buche zus\u00e4tzliche Kapitel Palmblattlesung | Mein Palmblatt - \u20ac79 aufw\u00e4rts","isPartOf":{"@id":"https:\/\/mypalmleaf.com\/#website"},"primaryImageOfPage":{"@id":"https:\/\/mypalmleaf.com\/de\/kosten\/book-the-reading-of-additional-chapters\/#primaryimage"},"image":{"@id":"https:\/\/mypalmleaf.com\/de\/kosten\/book-the-reading-of-additional-chapters\/#primaryimage"},"thumbnailUrl":"https:\/\/mypalmleaf.com\/wp-content\/uploads\/2024\/09\/services-thumb-2.jpg","datePublished":"2024-09-04T10:57:26+00:00","dateModified":"2026-02-14T12:33:59+00:00","description":"EEntdecke noch tiefere Einsichten mit zus\u00e4tzlichen Palmblatt-Kapiteln. Gewinne Klarheit \u00fcber Liebe, Karriere und Deinen Lebensweg. Buche jetzt Dein pers\u00f6nliches Reading bei My Palm Leaf!","breadcrumb":{"@id":"https:\/\/mypalmleaf.com\/de\/kosten\/book-the-reading-of-additional-chapters\/#breadcrumb"},"inLanguage":"de","potentialAction":[{"@type":"ReadAction","target":["https:\/\/mypalmleaf.com\/de\/kosten\/book-the-reading-of-additional-chapters\/"]}]},{"@type":"ImageObject","inLanguage":"de","@id":"https:\/\/mypalmleaf.com\/de\/kosten\/book-the-reading-of-additional-chapters\/#primaryimage","url":"https:\/\/mypalmleaf.com\/wp-content\/uploads\/2024\/09\/services-thumb-2.jpg","contentUrl":"https:\/\/mypalmleaf.com\/wp-content\/uploads\/2024\/09\/services-thumb-2.jpg","width":800,"height":444,"caption":"Palm leaves-548"},{"@type":"BreadcrumbList","@id":"https:\/\/mypalmleaf.com\/de\/kosten\/book-the-reading-of-additional-chapters\/#breadcrumb","itemListElement":[{"@type":"ListItem","position":1,"name":"Home","item":"https:\/\/mypalmleaf.com\/de\/"},{"@type":"ListItem","position":2,"name":"Shop","item":"https:\/\/mypalmleaf.com\/et\/shop\/"},{"@type":"ListItem","position":3,"name":"Lies zus\u00e4tzliche Kapitel deines Palmblattes"}]},{"@type":"WebSite","@id":"https:\/\/mypalmleaf.com\/#website","url":"https:\/\/mypalmleaf.com\/","name":"My Palm Leaf","description":"","potentialAction":[{"@type":"SearchAction","target":{"@type":"EntryPoint","urlTemplate":"https:\/\/mypalmleaf.com\/?s={search_term_string}"},"query-input":{"@type":"PropertyValueSpecification","valueRequired":true,"valueName":"search_term_string"}}],"inLanguage":"de"}]}},"_links":{"self":[{"href":"https:\/\/mypalmleaf.com\/de\/wp-json\/wp\/v2\/product\/22569","targetHints":{"allow":["GET"]}}],"collection":[{"href":"https:\/\/mypalmleaf.com\/de\/wp-json\/wp\/v2\/product"}],"about":[{"href":"https:\/\/mypalmleaf.com\/de\/wp-json\/wp\/v2\/types\/product"}],"replies":[{"embeddable":true,"href":"https:\/\/mypalmleaf.com\/de\/wp-json\/wp\/v2\/comments?post=22569"}],"wp:featuredmedia":[{"embeddable":true,"href":"https:\/\/mypalmleaf.com\/de\/wp-json\/wp\/v2\/media\/1440"}],"wp:attachment":[{"href":"https:\/\/mypalmleaf.com\/de\/wp-json\/wp\/v2\/media?parent=22569"}],"wp:term":[{"taxonomy":"product_brand","embeddable":true,"href":"https:\/\/mypalmleaf.com\/de\/wp-json\/wp\/v2\/product_brand?post=22569"},{"taxonomy":"product_cat","embeddable":true,"href":"https:\/\/mypalmleaf.com\/de\/wp-json\/wp\/v2\/product_cat?post=22569"},{"taxonomy":"product_tag","embeddable":true,"href":"https:\/\/mypalmleaf.com\/de\/wp-json\/wp\/v2\/product_tag?post=22569"}],"curies":[{"name":"wp","href":"https:\/\/api.w.org\/{rel}","templated":true}]}}