
{"id":22608,"date":"2024-09-04T10:46:48","date_gmt":"2024-09-04T10:46:48","guid":{"rendered":"https:\/\/mypalmleaf.com\/prices\/lasse-deine-palmblattlesung-transkribieren-und-zusammenfassen\/"},"modified":"2026-02-18T16:12:19","modified_gmt":"2026-02-18T16:12:19","slug":"get-your-palm-leaf-reading-transcribed-and-summarised","status":"publish","type":"product","link":"https:\/\/mypalmleaf.com\/de\/kosten\/get-your-palm-leaf-reading-transcribed-and-summarised\/","title":{"rendered":"Palmblattlesung Transkription &amp; Zusammenfassung"},"content":{"rendered":"<p>Wir transkribieren, bearbeiten und fassen Deine Palmblatt-Lesung zusammen und stellen sie als leicht lesbaren, gut strukturierten Text f\u00fcr Dich zusammen.<\/p>\n<p>Dies ist sehr hilfreich, um die Lesung zu integrieren und den Inhalt nachzuschlagen, ohne die gesamte Aufnahme noch einmal anzuh\u00f6ren.<\/p>\n<p>Es enth\u00e4lt auch zus\u00e4tzliche Erkl\u00e4rungen.<\/p>\n<p>Es ist NICHT m\u00f6glich, diesen Service zu buchen, ohne dass Du Dein Palmblatt vorher gelesen hast.<\/p>\n<p>Bitte w\u00e4hlen unten, ob Du Deine allgemeine Kapitel-Lesung oder die Lesung zus\u00e4tzlicher Kapitel transkribiert haben m\u00f6chtest.<\/p>\n","protected":false},"excerpt":{"rendered":"<p>Wir transkribieren, bearbeiten und fassen deine Palmblattlesung zusammen und stellen sie in einem leicht lesbaren, gut strukturierten Text f\u00fcr dich zusammen. Dies ist nur nach einer Palmblattlesung m\u00f6glich&#8230;<\/p>\n","protected":false},"featured_media":2791,"comment_status":"open","ping_status":"closed","template":"","meta":{"_acf_changed":false},"product_brand":[],"product_cat":[40],"product_tag":[],"class_list":{"0":"post-22608","1":"product","2":"type-product","3":"status-publish","4":"has-post-thumbnail","6":"product_cat-unkategorisiert","8":"first","9":"instock","10":"virtual","11":"taxable","12":"purchasable","13":"product-type-simple"},"exclude_global_add_ons":false,"addons":[{"name":"Allgemeines Kapitel","type":"checkbox","position":0,"required":false,"title_format":"label","description_enable":true,"description":"General Chapter","placeholder_enable":false,"placeholder":"","display":"select","restrictions_type":"any_text","adjust_price":false,"price":"","price_type":"flat_fee","restrictions":false,"min":0,"max":0,"options":[{"label":"Englisch","price":"59","price_type":"flat_fee","image":0},{"label":"Deutsch","price":"99","price_type":"flat_fee","image":0},{"label":"japanisch","price":"99","price_type":"flat_fee","image":0},{"label":"Italienisch","price":"99","price_type":"flat_fee","image":0},{"label":"Russisch","price":"99","price_type":"flat_fee","image":0},{"label":"Franz\u00f6sisch","price":"99","price_type":"flat_fee","image":0},{"label":"Spanisch","price":"99","price_type":"flat_fee","image":0}],"id":1731263144},{"name":"Zus\u00e4tzliche Kapitel","type":"checkbox","position":1,"required":false,"title_format":"label","description_enable":true,"description":"Additional Chapters","placeholder_enable":false,"placeholder":"","display":"select","restrictions_type":"any_text","adjust_price":false,"price":"","price_type":"flat_fee","restrictions":false,"min":0,"max":0,"options":[{"label":"Englisch","price":"18","price_type":"flat_fee","image":0},{"label":"Deutsch","price":"27","price_type":"flat_fee","image":0},{"label":"japanisch","price":"27","price_type":"flat_fee","image":0},{"label":"Italienisch","price":"27","price_type":"flat_fee","image":0},{"label":"Russisch","price":"27","price_type":"flat_fee","image":0},{"label":"Franz\u00f6sisch","price":"27","price_type":"flat_fee","image":0},{"label":"Spanisch","price":"27","price_type":"flat_fee","image":0}],"id":1731263145},{"name":"Anzahl von Kapiteln","type":"checkbox","position":2,"required":false,"title_format":"label","description_enable":true,"description":"No of Chapters","placeholder_enable":false,"placeholder":"","display":"select","restrictions_type":"any_text","adjust_price":false,"price":"","price_type":"flat_fee","restrictions":false,"min":0,"max":0,"options":[{"label":"1","price":"","price_type":"flat_fee","image":0},{"label":"2","price":"","price_type":"flat_fee","image":0},{"label":"3","price":"","price_type":"flat_fee","image":0},{"label":"4","price":"","price_type":"flat_fee","image":0},{"label":"5","price":"","price_type":"flat_fee","image":0},{"label":"6","price":"","price_type":"flat_fee","image":0},{"label":"7","price":"","price_type":"flat_fee","image":0},{"label":"8","price":"","price_type":"flat_fee","image":0},{"label":"9","price":"","price_type":"flat_fee","image":0},{"label":"10","price":"","price_type":"flat_fee","image":0},{"label":"11","price":"","price_type":"flat_fee","image":0},{"label":"12","price":"","price_type":"flat_fee","image":0},{"label":"13","price":"","price_type":"flat_fee","image":0},{"label":"14","price":"","price_type":"flat_fee","image":0},{"label":"15","price":"","price_type":"flat_fee","image":0}],"id":1731263146}],"acf":[],"yoast_head":"<!-- This site is optimized with the Yoast SEO plugin v26.4 - https:\/\/yoast.com\/wordpress\/plugins\/seo\/ -->\n<title>Lassen Sie sich Ihr Palmblatt transkribieren &amp; zusammenfassen | Mypalmleaf<\/title>\n<meta name=\"description\" content=\"Transkribieren Sie Ihre Handlesung und fassen Sie sie zusammen, um sie leicht nachschlagen zu k\u00f6nnen. Erh\u00e4ltlich in mehreren Sprachen. Buchen Sie jetzt, um einen klaren, strukturierten Text zu erhalten.\" \/>\n<meta name=\"robots\" content=\"index, follow, max-snippet:-1, max-image-preview:large, max-video-preview:-1\" \/>\n<link rel=\"canonical\" href=\"https:\/\/mypalmleaf.com\/de\/kosten\/get-your-palm-leaf-reading-transcribed-and-summarised\/\" \/>\n<meta property=\"og:locale\" content=\"de_DE\" \/>\n<meta property=\"og:type\" content=\"article\" \/>\n<meta property=\"og:title\" content=\"Lassen Sie sich Ihr Palmblatt transkribieren &amp; zusammenfassen | Mypalmleaf\" \/>\n<meta property=\"og:description\" content=\"Transkribieren Sie Ihre Handlesung und fassen Sie sie zusammen, um sie leicht nachschlagen zu k\u00f6nnen. Erh\u00e4ltlich in mehreren Sprachen. Buchen Sie jetzt, um einen klaren, strukturierten Text zu erhalten.\" \/>\n<meta property=\"og:url\" content=\"https:\/\/mypalmleaf.com\/de\/kosten\/get-your-palm-leaf-reading-transcribed-and-summarised\/\" \/>\n<meta property=\"og:site_name\" content=\"My Palm Leaf\" \/>\n<meta property=\"article:modified_time\" content=\"2026-02-18T16:12:19+00:00\" \/>\n<meta property=\"og:image\" content=\"https:\/\/mypalmleaf.com\/wp-content\/uploads\/2024\/09\/mantra-product-page-4-1.jpg\" \/>\n\t<meta property=\"og:image:width\" content=\"800\" \/>\n\t<meta property=\"og:image:height\" content=\"444\" \/>\n\t<meta property=\"og:image:type\" content=\"image\/jpeg\" \/>\n<meta name=\"twitter:card\" content=\"summary_large_image\" \/>\n<meta name=\"twitter:label1\" content=\"Gesch\u00e4tzte Lesezeit\" \/>\n\t<meta name=\"twitter:data1\" content=\"1\u00a0Minute\" \/>\n<script type=\"application\/ld+json\" class=\"yoast-schema-graph\">{\"@context\":\"https:\/\/schema.org\",\"@graph\":[{\"@type\":\"WebPage\",\"@id\":\"https:\/\/mypalmleaf.com\/de\/kosten\/get-your-palm-leaf-reading-transcribed-and-summarised\/\",\"url\":\"https:\/\/mypalmleaf.com\/de\/kosten\/get-your-palm-leaf-reading-transcribed-and-summarised\/\",\"name\":\"Lassen Sie sich Ihr Palmblatt transkribieren & zusammenfassen | Mypalmleaf\",\"isPartOf\":{\"@id\":\"https:\/\/mypalmleaf.com\/#website\"},\"primaryImageOfPage\":{\"@id\":\"https:\/\/mypalmleaf.com\/de\/kosten\/get-your-palm-leaf-reading-transcribed-and-summarised\/#primaryimage\"},\"image\":{\"@id\":\"https:\/\/mypalmleaf.com\/de\/kosten\/get-your-palm-leaf-reading-transcribed-and-summarised\/#primaryimage\"},\"thumbnailUrl\":\"https:\/\/mypalmleaf.com\/wp-content\/uploads\/2024\/09\/mantra-product-page-4-1.jpg\",\"datePublished\":\"2024-09-04T10:46:48+00:00\",\"dateModified\":\"2026-02-18T16:12:19+00:00\",\"description\":\"Transkribieren Sie Ihre Handlesung und fassen Sie sie zusammen, um sie leicht nachschlagen zu k\u00f6nnen. Erh\u00e4ltlich in mehreren Sprachen. Buchen Sie jetzt, um einen klaren, strukturierten Text zu erhalten.\",\"breadcrumb\":{\"@id\":\"https:\/\/mypalmleaf.com\/de\/kosten\/get-your-palm-leaf-reading-transcribed-and-summarised\/#breadcrumb\"},\"inLanguage\":\"de\",\"potentialAction\":[{\"@type\":\"ReadAction\",\"target\":[\"https:\/\/mypalmleaf.com\/de\/kosten\/get-your-palm-leaf-reading-transcribed-and-summarised\/\"]}]},{\"@type\":\"ImageObject\",\"inLanguage\":\"de\",\"@id\":\"https:\/\/mypalmleaf.com\/de\/kosten\/get-your-palm-leaf-reading-transcribed-and-summarised\/#primaryimage\",\"url\":\"https:\/\/mypalmleaf.com\/wp-content\/uploads\/2024\/09\/mantra-product-page-4-1.jpg\",\"contentUrl\":\"https:\/\/mypalmleaf.com\/wp-content\/uploads\/2024\/09\/mantra-product-page-4-1.jpg\",\"width\":800,\"height\":444,\"caption\":\"Envelope\"},{\"@type\":\"BreadcrumbList\",\"@id\":\"https:\/\/mypalmleaf.com\/de\/kosten\/get-your-palm-leaf-reading-transcribed-and-summarised\/#breadcrumb\",\"itemListElement\":[{\"@type\":\"ListItem\",\"position\":1,\"name\":\"Home\",\"item\":\"https:\/\/mypalmleaf.com\/de\/\"},{\"@type\":\"ListItem\",\"position\":2,\"name\":\"Shop\",\"item\":\"https:\/\/mypalmleaf.com\/et\/shop\/\"},{\"@type\":\"ListItem\",\"position\":3,\"name\":\"Palmblattlesung Transkription &amp; Zusammenfassung\"}]},{\"@type\":\"WebSite\",\"@id\":\"https:\/\/mypalmleaf.com\/#website\",\"url\":\"https:\/\/mypalmleaf.com\/\",\"name\":\"My Palm Leaf\",\"description\":\"\",\"potentialAction\":[{\"@type\":\"SearchAction\",\"target\":{\"@type\":\"EntryPoint\",\"urlTemplate\":\"https:\/\/mypalmleaf.com\/?s={search_term_string}\"},\"query-input\":{\"@type\":\"PropertyValueSpecification\",\"valueRequired\":true,\"valueName\":\"search_term_string\"}}],\"inLanguage\":\"de\"}]}<\/script>\n<!-- \/ Yoast SEO plugin. -->","yoast_head_json":{"title":"Lassen Sie sich Ihr Palmblatt transkribieren & zusammenfassen | Mypalmleaf","description":"Transkribieren Sie Ihre Handlesung und fassen Sie sie zusammen, um sie leicht nachschlagen zu k\u00f6nnen. Erh\u00e4ltlich in mehreren Sprachen. Buchen Sie jetzt, um einen klaren, strukturierten Text zu erhalten.","robots":{"index":"index","follow":"follow","max-snippet":"max-snippet:-1","max-image-preview":"max-image-preview:large","max-video-preview":"max-video-preview:-1"},"canonical":"https:\/\/mypalmleaf.com\/de\/kosten\/get-your-palm-leaf-reading-transcribed-and-summarised\/","og_locale":"de_DE","og_type":"article","og_title":"Lassen Sie sich Ihr Palmblatt transkribieren & zusammenfassen | Mypalmleaf","og_description":"Transkribieren Sie Ihre Handlesung und fassen Sie sie zusammen, um sie leicht nachschlagen zu k\u00f6nnen. Erh\u00e4ltlich in mehreren Sprachen. Buchen Sie jetzt, um einen klaren, strukturierten Text zu erhalten.","og_url":"https:\/\/mypalmleaf.com\/de\/kosten\/get-your-palm-leaf-reading-transcribed-and-summarised\/","og_site_name":"My Palm Leaf","article_modified_time":"2026-02-18T16:12:19+00:00","og_image":[{"width":800,"height":444,"url":"https:\/\/mypalmleaf.com\/wp-content\/uploads\/2024\/09\/mantra-product-page-4-1.jpg","type":"image\/jpeg"}],"twitter_card":"summary_large_image","twitter_misc":{"Gesch\u00e4tzte Lesezeit":"1\u00a0Minute"},"schema":{"@context":"https:\/\/schema.org","@graph":[{"@type":"WebPage","@id":"https:\/\/mypalmleaf.com\/de\/kosten\/get-your-palm-leaf-reading-transcribed-and-summarised\/","url":"https:\/\/mypalmleaf.com\/de\/kosten\/get-your-palm-leaf-reading-transcribed-and-summarised\/","name":"Lassen Sie sich Ihr Palmblatt transkribieren & zusammenfassen | Mypalmleaf","isPartOf":{"@id":"https:\/\/mypalmleaf.com\/#website"},"primaryImageOfPage":{"@id":"https:\/\/mypalmleaf.com\/de\/kosten\/get-your-palm-leaf-reading-transcribed-and-summarised\/#primaryimage"},"image":{"@id":"https:\/\/mypalmleaf.com\/de\/kosten\/get-your-palm-leaf-reading-transcribed-and-summarised\/#primaryimage"},"thumbnailUrl":"https:\/\/mypalmleaf.com\/wp-content\/uploads\/2024\/09\/mantra-product-page-4-1.jpg","datePublished":"2024-09-04T10:46:48+00:00","dateModified":"2026-02-18T16:12:19+00:00","description":"Transkribieren Sie Ihre Handlesung und fassen Sie sie zusammen, um sie leicht nachschlagen zu k\u00f6nnen. Erh\u00e4ltlich in mehreren Sprachen. Buchen Sie jetzt, um einen klaren, strukturierten Text zu erhalten.","breadcrumb":{"@id":"https:\/\/mypalmleaf.com\/de\/kosten\/get-your-palm-leaf-reading-transcribed-and-summarised\/#breadcrumb"},"inLanguage":"de","potentialAction":[{"@type":"ReadAction","target":["https:\/\/mypalmleaf.com\/de\/kosten\/get-your-palm-leaf-reading-transcribed-and-summarised\/"]}]},{"@type":"ImageObject","inLanguage":"de","@id":"https:\/\/mypalmleaf.com\/de\/kosten\/get-your-palm-leaf-reading-transcribed-and-summarised\/#primaryimage","url":"https:\/\/mypalmleaf.com\/wp-content\/uploads\/2024\/09\/mantra-product-page-4-1.jpg","contentUrl":"https:\/\/mypalmleaf.com\/wp-content\/uploads\/2024\/09\/mantra-product-page-4-1.jpg","width":800,"height":444,"caption":"Envelope"},{"@type":"BreadcrumbList","@id":"https:\/\/mypalmleaf.com\/de\/kosten\/get-your-palm-leaf-reading-transcribed-and-summarised\/#breadcrumb","itemListElement":[{"@type":"ListItem","position":1,"name":"Home","item":"https:\/\/mypalmleaf.com\/de\/"},{"@type":"ListItem","position":2,"name":"Shop","item":"https:\/\/mypalmleaf.com\/et\/shop\/"},{"@type":"ListItem","position":3,"name":"Palmblattlesung Transkription &amp; Zusammenfassung"}]},{"@type":"WebSite","@id":"https:\/\/mypalmleaf.com\/#website","url":"https:\/\/mypalmleaf.com\/","name":"My Palm Leaf","description":"","potentialAction":[{"@type":"SearchAction","target":{"@type":"EntryPoint","urlTemplate":"https:\/\/mypalmleaf.com\/?s={search_term_string}"},"query-input":{"@type":"PropertyValueSpecification","valueRequired":true,"valueName":"search_term_string"}}],"inLanguage":"de"}]}},"_links":{"self":[{"href":"https:\/\/mypalmleaf.com\/de\/wp-json\/wp\/v2\/product\/22608","targetHints":{"allow":["GET"]}}],"collection":[{"href":"https:\/\/mypalmleaf.com\/de\/wp-json\/wp\/v2\/product"}],"about":[{"href":"https:\/\/mypalmleaf.com\/de\/wp-json\/wp\/v2\/types\/product"}],"replies":[{"embeddable":true,"href":"https:\/\/mypalmleaf.com\/de\/wp-json\/wp\/v2\/comments?post=22608"}],"wp:featuredmedia":[{"embeddable":true,"href":"https:\/\/mypalmleaf.com\/de\/wp-json\/wp\/v2\/media\/2791"}],"wp:attachment":[{"href":"https:\/\/mypalmleaf.com\/de\/wp-json\/wp\/v2\/media?parent=22608"}],"wp:term":[{"taxonomy":"product_brand","embeddable":true,"href":"https:\/\/mypalmleaf.com\/de\/wp-json\/wp\/v2\/product_brand?post=22608"},{"taxonomy":"product_cat","embeddable":true,"href":"https:\/\/mypalmleaf.com\/de\/wp-json\/wp\/v2\/product_cat?post=22608"},{"taxonomy":"product_tag","embeddable":true,"href":"https:\/\/mypalmleaf.com\/de\/wp-json\/wp\/v2\/product_tag?post=22608"}],"curies":[{"name":"wp","href":"https:\/\/api.w.org\/{rel}","templated":true}]}}