
{"id":22628,"date":"2024-09-04T10:45:22","date_gmt":"2024-09-04T10:45:22","guid":{"rendered":"https:\/\/mypalmleaf.com\/prices\/60-minuten-konsulationsgespraech-mit-einem-unserer-moderatoren\/"},"modified":"2025-03-29T07:13:59","modified_gmt":"2025-03-29T07:13:59","slug":"60-minuten-integrationsgesprach","status":"publish","type":"product","link":"https:\/\/mypalmleaf.com\/de\/kosten\/60-minuten-integrationsgesprach\/","title":{"rendered":"60 Minuten Konsultationsgespr\u00e4ch mit einem unserer Moderatoren"},"content":{"rendered":"<p>Die Palmblattlesung kann tiefgreifende Transformationsprozesse in Gang setzen, die dich letztendlich zu mehr Gl\u00fcck f\u00fchren, aber auch herausfordernd sein k\u00f6nnen. Falls du Unterst\u00fctzung dabei w\u00fcnschst, die Informationen und Erfahrungen in dein Leben zu integrieren, bieten wir Integrations- und Beratungsgespr\u00e4che \u00fcber Zoom an.<\/p>\n<p>Du kannst <a href=\"\/de\/integration-und-anrufe-zur-beratung\/\">hier sehen<\/a>, wer von unseren herzzentrierten Guides f\u00fcr Konsultationsgespr\u00e4che verf\u00fcgbar ist. Nachdem du den Anruf gebucht hast, erh\u00e4lst du Links zu all ihren Kalendern und kannst aus den verf\u00fcgbaren Terminen ausw\u00e4hlen, wann du den Termin wahrnehmen m\u00f6chtest.<\/p>\n","protected":false},"excerpt":{"rendered":"<p>Die Palmblattlesung kann tiefe Transformationsprozesse ausl\u00f6sen, die dich letztendlich zu mehr Gl\u00fcck f\u00fchren, aber auch herausfordernd sein k\u00f6nnen&#8230;<\/p>\n","protected":false},"featured_media":44418,"comment_status":"open","ping_status":"closed","template":"","meta":{"_acf_changed":false},"product_brand":[],"product_cat":[40],"product_tag":[],"class_list":{"0":"post-22628","1":"product","2":"type-product","3":"status-publish","4":"has-post-thumbnail","6":"product_cat-unkategorisiert","8":"first","9":"instock","10":"taxable","11":"shipping-taxable","12":"purchasable","13":"product-type-variable"},"exclude_global_add_ons":[],"addons":[],"acf":[],"yoast_head":"<!-- This site is optimized with the Yoast SEO plugin v26.4 - https:\/\/yoast.com\/wordpress\/plugins\/seo\/ -->\n<title>60 Minuten Integrationsgespr\u00e4ch | MyPalmLeaf<\/title>\n<meta name=\"description\" content=\"Buche ein 60-min\u00fctiges Integrationsgespr\u00e4ch bei Mypalmleaf. Erhalte tiefere Einblicke und Unterst\u00fctzung bei der Integration deiner Palmblattlesung.\" \/>\n<meta name=\"robots\" content=\"index, follow, max-snippet:-1, max-image-preview:large, max-video-preview:-1\" \/>\n<link rel=\"canonical\" href=\"https:\/\/mypalmleaf.com\/de\/kosten\/60-minuten-integrationsgesprach\/\" \/>\n<meta property=\"og:locale\" content=\"de_DE\" \/>\n<meta property=\"og:type\" content=\"article\" \/>\n<meta property=\"og:title\" content=\"60 Minuten Integrationsgespr\u00e4ch | MyPalmLeaf\" \/>\n<meta property=\"og:description\" content=\"Buche ein 60-min\u00fctiges Integrationsgespr\u00e4ch bei Mypalmleaf. Erhalte tiefere Einblicke und Unterst\u00fctzung bei der Integration deiner Palmblattlesung.\" \/>\n<meta property=\"og:url\" content=\"https:\/\/mypalmleaf.com\/de\/kosten\/60-minuten-integrationsgesprach\/\" \/>\n<meta property=\"og:site_name\" content=\"My Palm Leaf\" \/>\n<meta property=\"article:modified_time\" content=\"2025-03-29T07:13:59+00:00\" \/>\n<meta property=\"og:image\" content=\"https:\/\/mypalmleaf.com\/wp-content\/uploads\/2024\/09\/integrationcall-prd-thumb2.jpg\" \/>\n\t<meta property=\"og:image:width\" content=\"819\" \/>\n\t<meta property=\"og:image:height\" content=\"464\" \/>\n\t<meta property=\"og:image:type\" content=\"image\/jpeg\" \/>\n<meta name=\"twitter:card\" content=\"summary_large_image\" \/>\n<meta name=\"twitter:label1\" content=\"Gesch\u00e4tzte Lesezeit\" \/>\n\t<meta name=\"twitter:data1\" content=\"1\u00a0Minute\" \/>\n<script type=\"application\/ld+json\" class=\"yoast-schema-graph\">{\"@context\":\"https:\/\/schema.org\",\"@graph\":[{\"@type\":\"WebPage\",\"@id\":\"https:\/\/mypalmleaf.com\/de\/kosten\/60-minuten-integrationsgesprach\/\",\"url\":\"https:\/\/mypalmleaf.com\/de\/kosten\/60-minuten-integrationsgesprach\/\",\"name\":\"60 Minuten Integrationsgespr\u00e4ch | MyPalmLeaf\",\"isPartOf\":{\"@id\":\"https:\/\/mypalmleaf.com\/#website\"},\"primaryImageOfPage\":{\"@id\":\"https:\/\/mypalmleaf.com\/de\/kosten\/60-minuten-integrationsgesprach\/#primaryimage\"},\"image\":{\"@id\":\"https:\/\/mypalmleaf.com\/de\/kosten\/60-minuten-integrationsgesprach\/#primaryimage\"},\"thumbnailUrl\":\"https:\/\/mypalmleaf.com\/wp-content\/uploads\/2024\/09\/integrationcall-prd-thumb2.jpg\",\"datePublished\":\"2024-09-04T10:45:22+00:00\",\"dateModified\":\"2025-03-29T07:13:59+00:00\",\"description\":\"Buche ein 60-min\u00fctiges Integrationsgespr\u00e4ch bei Mypalmleaf. Erhalte tiefere Einblicke und Unterst\u00fctzung bei der Integration deiner Palmblattlesung.\",\"breadcrumb\":{\"@id\":\"https:\/\/mypalmleaf.com\/de\/kosten\/60-minuten-integrationsgesprach\/#breadcrumb\"},\"inLanguage\":\"de\",\"potentialAction\":[{\"@type\":\"ReadAction\",\"target\":[\"https:\/\/mypalmleaf.com\/de\/kosten\/60-minuten-integrationsgesprach\/\"]}]},{\"@type\":\"ImageObject\",\"inLanguage\":\"de\",\"@id\":\"https:\/\/mypalmleaf.com\/de\/kosten\/60-minuten-integrationsgesprach\/#primaryimage\",\"url\":\"https:\/\/mypalmleaf.com\/wp-content\/uploads\/2024\/09\/integrationcall-prd-thumb2.jpg\",\"contentUrl\":\"https:\/\/mypalmleaf.com\/wp-content\/uploads\/2024\/09\/integrationcall-prd-thumb2.jpg\",\"width\":819,\"height\":464,\"caption\":\"listening\"},{\"@type\":\"BreadcrumbList\",\"@id\":\"https:\/\/mypalmleaf.com\/de\/kosten\/60-minuten-integrationsgesprach\/#breadcrumb\",\"itemListElement\":[{\"@type\":\"ListItem\",\"position\":1,\"name\":\"Home\",\"item\":\"https:\/\/mypalmleaf.com\/de\/\"},{\"@type\":\"ListItem\",\"position\":2,\"name\":\"Shop\",\"item\":\"https:\/\/mypalmleaf.com\/et\/shop\/\"},{\"@type\":\"ListItem\",\"position\":3,\"name\":\"60 Minuten Konsultationsgespr\u00e4ch mit einem unserer Moderatoren\"}]},{\"@type\":\"WebSite\",\"@id\":\"https:\/\/mypalmleaf.com\/#website\",\"url\":\"https:\/\/mypalmleaf.com\/\",\"name\":\"My Palm Leaf\",\"description\":\"\",\"potentialAction\":[{\"@type\":\"SearchAction\",\"target\":{\"@type\":\"EntryPoint\",\"urlTemplate\":\"https:\/\/mypalmleaf.com\/?s={search_term_string}\"},\"query-input\":{\"@type\":\"PropertyValueSpecification\",\"valueRequired\":true,\"valueName\":\"search_term_string\"}}],\"inLanguage\":\"de\"}]}<\/script>\n<!-- \/ Yoast SEO plugin. -->","yoast_head_json":{"title":"60 Minuten Integrationsgespr\u00e4ch | MyPalmLeaf","description":"Buche ein 60-min\u00fctiges Integrationsgespr\u00e4ch bei Mypalmleaf. Erhalte tiefere Einblicke und Unterst\u00fctzung bei der Integration deiner Palmblattlesung.","robots":{"index":"index","follow":"follow","max-snippet":"max-snippet:-1","max-image-preview":"max-image-preview:large","max-video-preview":"max-video-preview:-1"},"canonical":"https:\/\/mypalmleaf.com\/de\/kosten\/60-minuten-integrationsgesprach\/","og_locale":"de_DE","og_type":"article","og_title":"60 Minuten Integrationsgespr\u00e4ch | MyPalmLeaf","og_description":"Buche ein 60-min\u00fctiges Integrationsgespr\u00e4ch bei Mypalmleaf. Erhalte tiefere Einblicke und Unterst\u00fctzung bei der Integration deiner Palmblattlesung.","og_url":"https:\/\/mypalmleaf.com\/de\/kosten\/60-minuten-integrationsgesprach\/","og_site_name":"My Palm Leaf","article_modified_time":"2025-03-29T07:13:59+00:00","og_image":[{"width":819,"height":464,"url":"https:\/\/mypalmleaf.com\/wp-content\/uploads\/2024\/09\/integrationcall-prd-thumb2.jpg","type":"image\/jpeg"}],"twitter_card":"summary_large_image","twitter_misc":{"Gesch\u00e4tzte Lesezeit":"1\u00a0Minute"},"schema":{"@context":"https:\/\/schema.org","@graph":[{"@type":"WebPage","@id":"https:\/\/mypalmleaf.com\/de\/kosten\/60-minuten-integrationsgesprach\/","url":"https:\/\/mypalmleaf.com\/de\/kosten\/60-minuten-integrationsgesprach\/","name":"60 Minuten Integrationsgespr\u00e4ch | MyPalmLeaf","isPartOf":{"@id":"https:\/\/mypalmleaf.com\/#website"},"primaryImageOfPage":{"@id":"https:\/\/mypalmleaf.com\/de\/kosten\/60-minuten-integrationsgesprach\/#primaryimage"},"image":{"@id":"https:\/\/mypalmleaf.com\/de\/kosten\/60-minuten-integrationsgesprach\/#primaryimage"},"thumbnailUrl":"https:\/\/mypalmleaf.com\/wp-content\/uploads\/2024\/09\/integrationcall-prd-thumb2.jpg","datePublished":"2024-09-04T10:45:22+00:00","dateModified":"2025-03-29T07:13:59+00:00","description":"Buche ein 60-min\u00fctiges Integrationsgespr\u00e4ch bei Mypalmleaf. Erhalte tiefere Einblicke und Unterst\u00fctzung bei der Integration deiner Palmblattlesung.","breadcrumb":{"@id":"https:\/\/mypalmleaf.com\/de\/kosten\/60-minuten-integrationsgesprach\/#breadcrumb"},"inLanguage":"de","potentialAction":[{"@type":"ReadAction","target":["https:\/\/mypalmleaf.com\/de\/kosten\/60-minuten-integrationsgesprach\/"]}]},{"@type":"ImageObject","inLanguage":"de","@id":"https:\/\/mypalmleaf.com\/de\/kosten\/60-minuten-integrationsgesprach\/#primaryimage","url":"https:\/\/mypalmleaf.com\/wp-content\/uploads\/2024\/09\/integrationcall-prd-thumb2.jpg","contentUrl":"https:\/\/mypalmleaf.com\/wp-content\/uploads\/2024\/09\/integrationcall-prd-thumb2.jpg","width":819,"height":464,"caption":"listening"},{"@type":"BreadcrumbList","@id":"https:\/\/mypalmleaf.com\/de\/kosten\/60-minuten-integrationsgesprach\/#breadcrumb","itemListElement":[{"@type":"ListItem","position":1,"name":"Home","item":"https:\/\/mypalmleaf.com\/de\/"},{"@type":"ListItem","position":2,"name":"Shop","item":"https:\/\/mypalmleaf.com\/et\/shop\/"},{"@type":"ListItem","position":3,"name":"60 Minuten Konsultationsgespr\u00e4ch mit einem unserer Moderatoren"}]},{"@type":"WebSite","@id":"https:\/\/mypalmleaf.com\/#website","url":"https:\/\/mypalmleaf.com\/","name":"My Palm Leaf","description":"","potentialAction":[{"@type":"SearchAction","target":{"@type":"EntryPoint","urlTemplate":"https:\/\/mypalmleaf.com\/?s={search_term_string}"},"query-input":{"@type":"PropertyValueSpecification","valueRequired":true,"valueName":"search_term_string"}}],"inLanguage":"de"}]}},"_links":{"self":[{"href":"https:\/\/mypalmleaf.com\/de\/wp-json\/wp\/v2\/product\/22628","targetHints":{"allow":["GET"]}}],"collection":[{"href":"https:\/\/mypalmleaf.com\/de\/wp-json\/wp\/v2\/product"}],"about":[{"href":"https:\/\/mypalmleaf.com\/de\/wp-json\/wp\/v2\/types\/product"}],"replies":[{"embeddable":true,"href":"https:\/\/mypalmleaf.com\/de\/wp-json\/wp\/v2\/comments?post=22628"}],"wp:featuredmedia":[{"embeddable":true,"href":"https:\/\/mypalmleaf.com\/de\/wp-json\/wp\/v2\/media\/44418"}],"wp:attachment":[{"href":"https:\/\/mypalmleaf.com\/de\/wp-json\/wp\/v2\/media?parent=22628"}],"wp:term":[{"taxonomy":"product_brand","embeddable":true,"href":"https:\/\/mypalmleaf.com\/de\/wp-json\/wp\/v2\/product_brand?post=22628"},{"taxonomy":"product_cat","embeddable":true,"href":"https:\/\/mypalmleaf.com\/de\/wp-json\/wp\/v2\/product_cat?post=22628"},{"taxonomy":"product_tag","embeddable":true,"href":"https:\/\/mypalmleaf.com\/de\/wp-json\/wp\/v2\/product_tag?post=22628"}],"curies":[{"name":"wp","href":"https:\/\/api.w.org\/{rel}","templated":true}]}}