{"id":22632,"date":"2024-09-04T10:44:34","date_gmt":"2024-09-04T10:44:34","guid":{"rendered":"https:\/\/mypalmleaf.com\/prices\/malas-handgemachte-gebetsketten\/"},"modified":"2026-02-14T13:14:08","modified_gmt":"2026-02-14T13:14:08","slug":"malas-handgemachte-gebetsketten","status":"publish","type":"product","link":"https:\/\/mypalmleaf.com\/de\/kosten\/malas-handgemachte-gebetsketten\/","title":{"rendered":"Malas &#8211; Handgefertigte Gebetsperlen"},"content":{"rendered":"<p>Eine Mala, oder Gebetsperle, ist ein n\u00fctzliches Werkzeug in der Mantra-Praxis, das Dir helfen soll, dich zu konzentrieren und Deine Meditation zu vertiefen. Jede Mala ist mit der Energie Ihrer Praxis durchdrungen und dient als spiritueller Begleiter auf Deiner Reise. Wir bieten Dir dazu 2 Optione an: <\/p>\n<ul>\n<li><strong>Rudraksha Mala aus dem Himalaya<\/strong><br \/>\nDiese traditionelle Mala wird aus heiligen Rudraksha-Samen hergestellt, die wegen ihrer spirituellen Bedeutung und ihrer Verbindung zu Shiva verehrt werden. Due Rudraksha Samen stammen aus der Himalaya Region und tragen eine ganz besondere Energie in sich.  <\/li>\n<li><strong>Handgefertigte Mala von unserem Kunsthandwerker Spanda<\/strong><br \/>\nF\u00fcr eine noch pers\u00f6nlichere Erfahrung w\u00e4hle eine handgefertigte Mala von Spanda. In einem Videogespr\u00e4ch spricht er mit Dir \u00fcber Deine Intentionen, die Energien, die Du einladen m\u00f6chtest, und Deine Vorlieben f\u00fcr Halbedelsteine. Anschlie\u00dfend fertigt er Deine Mala liebevoll in Handarbeit an, segnet sie und sendet sie Dir zu. Eine einzigartige Begleiterin f\u00fcr Deine spirituelle Reise   <\/li>\n<\/ul>\n","protected":false},"excerpt":{"rendered":"<p>Eine Mala, oder Gebetsperle, ist ein n\u00fctzliches Werkzeug in der Mantra-Praxis, das Dir helfen soll, dich zu konzentrieren und Deine Meditation zu vertiefen.<\/p>\n","protected":false},"featured_media":4182,"comment_status":"open","ping_status":"closed","template":"","meta":{"_acf_changed":false},"product_brand":[],"product_cat":[40],"product_tag":[],"class_list":{"0":"post-22632","1":"product","2":"type-product","3":"status-publish","4":"has-post-thumbnail","6":"product_cat-unkategorisiert","7":"product_shipping_class-physical-product-de","9":"first","10":"instock","11":"taxable","12":"shipping-taxable","13":"purchasable","14":"product-type-variable"},"exclude_global_add_ons":[],"addons":[],"acf":[],"yoast_head":"<!-- This site is optimized with the Yoast SEO plugin v26.4 - https:\/\/yoast.com\/wordpress\/plugins\/seo\/ -->\n<title>Gebetsperlen | Mala \/ Halbedelsteinperlen f\u00fcr Gebet kaufen<\/title>\n<meta name=\"description\" content=\"Entdecken Sie hochwertige Malas und Gebetsperlen f\u00fcr Meditation und Gebet. Kaufen Sie noch heute online Japamala aus Halbedelsteinen, um Ihre spirituelle Reise zu vertiefen!\" \/>\n<meta name=\"robots\" content=\"index, follow, max-snippet:-1, max-image-preview:large, max-video-preview:-1\" \/>\n<link rel=\"canonical\" href=\"https:\/\/mypalmleaf.com\/de\/kosten\/malas-handgemachte-gebetsketten\/\" \/>\n<meta property=\"og:locale\" content=\"de_DE\" \/>\n<meta property=\"og:type\" content=\"article\" \/>\n<meta property=\"og:title\" content=\"Gebetsperlen | Mala \/ Halbedelsteinperlen f\u00fcr Gebet kaufen\" \/>\n<meta property=\"og:description\" content=\"Entdecken Sie hochwertige Malas und Gebetsperlen f\u00fcr Meditation und Gebet. Kaufen Sie noch heute online Japamala aus Halbedelsteinen, um Ihre spirituelle Reise zu vertiefen!\" \/>\n<meta property=\"og:url\" content=\"https:\/\/mypalmleaf.com\/de\/kosten\/malas-handgemachte-gebetsketten\/\" \/>\n<meta property=\"og:site_name\" content=\"My Palm Leaf\" \/>\n<meta property=\"article:modified_time\" content=\"2026-02-14T13:14:08+00:00\" \/>\n<meta property=\"og:image\" content=\"https:\/\/mypalmleaf.com\/wp-content\/uploads\/2024\/09\/mala.jpg\" \/>\n\t<meta property=\"og:image:width\" content=\"1280\" \/>\n\t<meta property=\"og:image:height\" content=\"720\" \/>\n\t<meta property=\"og:image:type\" content=\"image\/jpeg\" \/>\n<meta name=\"twitter:card\" content=\"summary_large_image\" \/>\n<meta name=\"twitter:label1\" content=\"Gesch\u00e4tzte Lesezeit\" \/>\n\t<meta name=\"twitter:data1\" content=\"2\u00a0Minuten\" \/>\n<script type=\"application\/ld+json\" class=\"yoast-schema-graph\">{\"@context\":\"https:\/\/schema.org\",\"@graph\":[{\"@type\":\"WebPage\",\"@id\":\"https:\/\/mypalmleaf.com\/de\/kosten\/malas-handgemachte-gebetsketten\/\",\"url\":\"https:\/\/mypalmleaf.com\/de\/kosten\/malas-handgemachte-gebetsketten\/\",\"name\":\"Gebetsperlen | Mala \/ Halbedelsteinperlen f\u00fcr Gebet kaufen\",\"isPartOf\":{\"@id\":\"https:\/\/mypalmleaf.com\/#website\"},\"primaryImageOfPage\":{\"@id\":\"https:\/\/mypalmleaf.com\/de\/kosten\/malas-handgemachte-gebetsketten\/#primaryimage\"},\"image\":{\"@id\":\"https:\/\/mypalmleaf.com\/de\/kosten\/malas-handgemachte-gebetsketten\/#primaryimage\"},\"thumbnailUrl\":\"https:\/\/mypalmleaf.com\/wp-content\/uploads\/2024\/09\/mala.jpg\",\"datePublished\":\"2024-09-04T10:44:34+00:00\",\"dateModified\":\"2026-02-14T13:14:08+00:00\",\"description\":\"Entdecken Sie hochwertige Malas und Gebetsperlen f\u00fcr Meditation und Gebet. Kaufen Sie noch heute online Japamala aus Halbedelsteinen, um Ihre spirituelle Reise zu vertiefen!\",\"breadcrumb\":{\"@id\":\"https:\/\/mypalmleaf.com\/de\/kosten\/malas-handgemachte-gebetsketten\/#breadcrumb\"},\"inLanguage\":\"de\",\"potentialAction\":[{\"@type\":\"ReadAction\",\"target\":[\"https:\/\/mypalmleaf.com\/de\/kosten\/malas-handgemachte-gebetsketten\/\"]}]},{\"@type\":\"ImageObject\",\"inLanguage\":\"de\",\"@id\":\"https:\/\/mypalmleaf.com\/de\/kosten\/malas-handgemachte-gebetsketten\/#primaryimage\",\"url\":\"https:\/\/mypalmleaf.com\/wp-content\/uploads\/2024\/09\/mala.jpg\",\"contentUrl\":\"https:\/\/mypalmleaf.com\/wp-content\/uploads\/2024\/09\/mala.jpg\",\"width\":1280,\"height\":720,\"caption\":\"mala\"},{\"@type\":\"BreadcrumbList\",\"@id\":\"https:\/\/mypalmleaf.com\/de\/kosten\/malas-handgemachte-gebetsketten\/#breadcrumb\",\"itemListElement\":[{\"@type\":\"ListItem\",\"position\":1,\"name\":\"Home\",\"item\":\"https:\/\/mypalmleaf.com\/de\/\"},{\"@type\":\"ListItem\",\"position\":2,\"name\":\"Shop\",\"item\":\"https:\/\/mypalmleaf.com\/et\/shop\/\"},{\"@type\":\"ListItem\",\"position\":3,\"name\":\"Malas &#8211; Handgefertigte Gebetsperlen\"}]},{\"@type\":\"WebSite\",\"@id\":\"https:\/\/mypalmleaf.com\/#website\",\"url\":\"https:\/\/mypalmleaf.com\/\",\"name\":\"My Palm Leaf\",\"description\":\"\",\"potentialAction\":[{\"@type\":\"SearchAction\",\"target\":{\"@type\":\"EntryPoint\",\"urlTemplate\":\"https:\/\/mypalmleaf.com\/?s={search_term_string}\"},\"query-input\":{\"@type\":\"PropertyValueSpecification\",\"valueRequired\":true,\"valueName\":\"search_term_string\"}}],\"inLanguage\":\"de\"}]}<\/script>\n<!-- \/ Yoast SEO plugin. -->","yoast_head_json":{"title":"Gebetsperlen | Mala \/ Halbedelsteinperlen f\u00fcr Gebet kaufen","description":"Entdecken Sie hochwertige Malas und Gebetsperlen f\u00fcr Meditation und Gebet. Kaufen Sie noch heute online Japamala aus Halbedelsteinen, um Ihre spirituelle Reise zu vertiefen!","robots":{"index":"index","follow":"follow","max-snippet":"max-snippet:-1","max-image-preview":"max-image-preview:large","max-video-preview":"max-video-preview:-1"},"canonical":"https:\/\/mypalmleaf.com\/de\/kosten\/malas-handgemachte-gebetsketten\/","og_locale":"de_DE","og_type":"article","og_title":"Gebetsperlen | Mala \/ Halbedelsteinperlen f\u00fcr Gebet kaufen","og_description":"Entdecken Sie hochwertige Malas und Gebetsperlen f\u00fcr Meditation und Gebet. Kaufen Sie noch heute online Japamala aus Halbedelsteinen, um Ihre spirituelle Reise zu vertiefen!","og_url":"https:\/\/mypalmleaf.com\/de\/kosten\/malas-handgemachte-gebetsketten\/","og_site_name":"My Palm Leaf","article_modified_time":"2026-02-14T13:14:08+00:00","og_image":[{"width":1280,"height":720,"url":"https:\/\/mypalmleaf.com\/wp-content\/uploads\/2024\/09\/mala.jpg","type":"image\/jpeg"}],"twitter_card":"summary_large_image","twitter_misc":{"Gesch\u00e4tzte Lesezeit":"2\u00a0Minuten"},"schema":{"@context":"https:\/\/schema.org","@graph":[{"@type":"WebPage","@id":"https:\/\/mypalmleaf.com\/de\/kosten\/malas-handgemachte-gebetsketten\/","url":"https:\/\/mypalmleaf.com\/de\/kosten\/malas-handgemachte-gebetsketten\/","name":"Gebetsperlen | Mala \/ Halbedelsteinperlen f\u00fcr Gebet kaufen","isPartOf":{"@id":"https:\/\/mypalmleaf.com\/#website"},"primaryImageOfPage":{"@id":"https:\/\/mypalmleaf.com\/de\/kosten\/malas-handgemachte-gebetsketten\/#primaryimage"},"image":{"@id":"https:\/\/mypalmleaf.com\/de\/kosten\/malas-handgemachte-gebetsketten\/#primaryimage"},"thumbnailUrl":"https:\/\/mypalmleaf.com\/wp-content\/uploads\/2024\/09\/mala.jpg","datePublished":"2024-09-04T10:44:34+00:00","dateModified":"2026-02-14T13:14:08+00:00","description":"Entdecken Sie hochwertige Malas und Gebetsperlen f\u00fcr Meditation und Gebet. Kaufen Sie noch heute online Japamala aus Halbedelsteinen, um Ihre spirituelle Reise zu vertiefen!","breadcrumb":{"@id":"https:\/\/mypalmleaf.com\/de\/kosten\/malas-handgemachte-gebetsketten\/#breadcrumb"},"inLanguage":"de","potentialAction":[{"@type":"ReadAction","target":["https:\/\/mypalmleaf.com\/de\/kosten\/malas-handgemachte-gebetsketten\/"]}]},{"@type":"ImageObject","inLanguage":"de","@id":"https:\/\/mypalmleaf.com\/de\/kosten\/malas-handgemachte-gebetsketten\/#primaryimage","url":"https:\/\/mypalmleaf.com\/wp-content\/uploads\/2024\/09\/mala.jpg","contentUrl":"https:\/\/mypalmleaf.com\/wp-content\/uploads\/2024\/09\/mala.jpg","width":1280,"height":720,"caption":"mala"},{"@type":"BreadcrumbList","@id":"https:\/\/mypalmleaf.com\/de\/kosten\/malas-handgemachte-gebetsketten\/#breadcrumb","itemListElement":[{"@type":"ListItem","position":1,"name":"Home","item":"https:\/\/mypalmleaf.com\/de\/"},{"@type":"ListItem","position":2,"name":"Shop","item":"https:\/\/mypalmleaf.com\/et\/shop\/"},{"@type":"ListItem","position":3,"name":"Malas &#8211; Handgefertigte Gebetsperlen"}]},{"@type":"WebSite","@id":"https:\/\/mypalmleaf.com\/#website","url":"https:\/\/mypalmleaf.com\/","name":"My Palm Leaf","description":"","potentialAction":[{"@type":"SearchAction","target":{"@type":"EntryPoint","urlTemplate":"https:\/\/mypalmleaf.com\/?s={search_term_string}"},"query-input":{"@type":"PropertyValueSpecification","valueRequired":true,"valueName":"search_term_string"}}],"inLanguage":"de"}]}},"_links":{"self":[{"href":"https:\/\/mypalmleaf.com\/de\/wp-json\/wp\/v2\/product\/22632","targetHints":{"allow":["GET"]}}],"collection":[{"href":"https:\/\/mypalmleaf.com\/de\/wp-json\/wp\/v2\/product"}],"about":[{"href":"https:\/\/mypalmleaf.com\/de\/wp-json\/wp\/v2\/types\/product"}],"replies":[{"embeddable":true,"href":"https:\/\/mypalmleaf.com\/de\/wp-json\/wp\/v2\/comments?post=22632"}],"wp:featuredmedia":[{"embeddable":true,"href":"https:\/\/mypalmleaf.com\/de\/wp-json\/wp\/v2\/media\/4182"}],"wp:attachment":[{"href":"https:\/\/mypalmleaf.com\/de\/wp-json\/wp\/v2\/media?parent=22632"}],"wp:term":[{"taxonomy":"product_brand","embeddable":true,"href":"https:\/\/mypalmleaf.com\/de\/wp-json\/wp\/v2\/product_brand?post=22632"},{"taxonomy":"product_cat","embeddable":true,"href":"https:\/\/mypalmleaf.com\/de\/wp-json\/wp\/v2\/product_cat?post=22632"},{"taxonomy":"product_tag","embeddable":true,"href":"https:\/\/mypalmleaf.com\/de\/wp-json\/wp\/v2\/product_tag?post=22632"}],"curies":[{"name":"wp","href":"https:\/\/api.w.org\/{rel}","templated":true}]}}