
{"id":22633,"date":"2024-09-04T10:43:37","date_gmt":"2024-09-04T10:43:37","guid":{"rendered":"https:\/\/mypalmleaf.com\/prices\/buche-deinen-termin-um\/"},"modified":"2025-03-27T11:38:40","modified_gmt":"2025-03-27T11:38:40","slug":"deinen-termin-umbuchen","status":"publish","type":"product","link":"https:\/\/mypalmleaf.com\/de\/kosten\/deinen-termin-umbuchen\/","title":{"rendered":"Buche deinen Termin um"},"content":{"rendered":"<p>Du kannst deinen Termin kostenlos bis zu 48 Stunden vor deinem geplanten Termin umbuchen.<\/p>\n<p>Solltest du weniger als 48 Stunden vor deinem angesetzten Termin umbuchen, nicht erscheinen oder mehr als 20 Minuten zu sp\u00e4t sein, erheben wir eine Umbuchungsgeb\u00fchr, da dieser Termin speziell f\u00fcr dich blockiert wurde.<\/p>\n","protected":false},"excerpt":{"rendered":"<p>Du kannst deinen Termin kostenlos bis zu 48 Stunden vor&#8230;<\/p>\n","protected":false},"featured_media":2797,"comment_status":"open","ping_status":"closed","template":"","meta":{"_acf_changed":false},"product_brand":[],"product_cat":[40],"product_tag":[],"class_list":{"0":"post-22633","1":"product","2":"type-product","3":"status-publish","4":"has-post-thumbnail","6":"product_cat-unkategorisiert","8":"first","9":"instock","10":"virtual","11":"taxable","12":"purchasable","13":"product-type-simple"},"exclude_global_add_ons":[],"addons":[],"acf":[],"yoast_head":"<!-- This site is optimized with the Yoast SEO plugin v26.4 - https:\/\/yoast.com\/wordpress\/plugins\/seo\/ -->\n<title>Termin umbuchen | MyPalmLeaf<\/title>\n<meta name=\"description\" content=\"Buchen Sie Ihren Termin bei MyPalmLeaf um. W\u00e4hlen Sie einfach einen neuen Termin und passen Sie Ihre Palmblatt-Lesung nach Ihren W\u00fcnschen an.\" \/>\n<meta name=\"robots\" content=\"index, follow, max-snippet:-1, max-image-preview:large, max-video-preview:-1\" \/>\n<link rel=\"canonical\" href=\"https:\/\/mypalmleaf.com\/de\/kosten\/deinen-termin-umbuchen\/\" \/>\n<meta property=\"og:locale\" content=\"de_DE\" \/>\n<meta property=\"og:type\" content=\"article\" \/>\n<meta property=\"og:title\" content=\"Termin umbuchen | MyPalmLeaf\" \/>\n<meta property=\"og:description\" content=\"Buchen Sie Ihren Termin bei MyPalmLeaf um. W\u00e4hlen Sie einfach einen neuen Termin und passen Sie Ihre Palmblatt-Lesung nach Ihren W\u00fcnschen an.\" \/>\n<meta property=\"og:url\" content=\"https:\/\/mypalmleaf.com\/de\/kosten\/deinen-termin-umbuchen\/\" \/>\n<meta property=\"og:site_name\" content=\"My Palm Leaf\" \/>\n<meta property=\"article:modified_time\" content=\"2025-03-27T11:38:40+00:00\" \/>\n<meta property=\"og:image\" content=\"https:\/\/mypalmleaf.com\/wp-content\/uploads\/2024\/09\/services-thumb-1-1-1.jpg\" \/>\n\t<meta property=\"og:image:width\" content=\"800\" \/>\n\t<meta property=\"og:image:height\" content=\"444\" \/>\n\t<meta property=\"og:image:type\" content=\"image\/jpeg\" \/>\n<meta name=\"twitter:card\" content=\"summary_large_image\" \/>\n<meta name=\"twitter:label1\" content=\"Gesch\u00e4tzte Lesezeit\" \/>\n\t<meta name=\"twitter:data1\" content=\"1\u00a0Minute\" \/>\n<script type=\"application\/ld+json\" class=\"yoast-schema-graph\">{\"@context\":\"https:\/\/schema.org\",\"@graph\":[{\"@type\":\"WebPage\",\"@id\":\"https:\/\/mypalmleaf.com\/de\/kosten\/deinen-termin-umbuchen\/\",\"url\":\"https:\/\/mypalmleaf.com\/de\/kosten\/deinen-termin-umbuchen\/\",\"name\":\"Termin umbuchen | MyPalmLeaf\",\"isPartOf\":{\"@id\":\"https:\/\/mypalmleaf.com\/#website\"},\"primaryImageOfPage\":{\"@id\":\"https:\/\/mypalmleaf.com\/de\/kosten\/deinen-termin-umbuchen\/#primaryimage\"},\"image\":{\"@id\":\"https:\/\/mypalmleaf.com\/de\/kosten\/deinen-termin-umbuchen\/#primaryimage\"},\"thumbnailUrl\":\"https:\/\/mypalmleaf.com\/wp-content\/uploads\/2024\/09\/services-thumb-1-1-1.jpg\",\"datePublished\":\"2024-09-04T10:43:37+00:00\",\"dateModified\":\"2025-03-27T11:38:40+00:00\",\"description\":\"Buchen Sie Ihren Termin bei MyPalmLeaf um. W\u00e4hlen Sie einfach einen neuen Termin und passen Sie Ihre Palmblatt-Lesung nach Ihren W\u00fcnschen an.\",\"breadcrumb\":{\"@id\":\"https:\/\/mypalmleaf.com\/de\/kosten\/deinen-termin-umbuchen\/#breadcrumb\"},\"inLanguage\":\"de\",\"potentialAction\":[{\"@type\":\"ReadAction\",\"target\":[\"https:\/\/mypalmleaf.com\/de\/kosten\/deinen-termin-umbuchen\/\"]}]},{\"@type\":\"ImageObject\",\"inLanguage\":\"de\",\"@id\":\"https:\/\/mypalmleaf.com\/de\/kosten\/deinen-termin-umbuchen\/#primaryimage\",\"url\":\"https:\/\/mypalmleaf.com\/wp-content\/uploads\/2024\/09\/services-thumb-1-1-1.jpg\",\"contentUrl\":\"https:\/\/mypalmleaf.com\/wp-content\/uploads\/2024\/09\/services-thumb-1-1-1.jpg\",\"width\":800,\"height\":444,\"caption\":\"Nadi astrology-01\"},{\"@type\":\"BreadcrumbList\",\"@id\":\"https:\/\/mypalmleaf.com\/de\/kosten\/deinen-termin-umbuchen\/#breadcrumb\",\"itemListElement\":[{\"@type\":\"ListItem\",\"position\":1,\"name\":\"Home\",\"item\":\"https:\/\/mypalmleaf.com\/de\/\"},{\"@type\":\"ListItem\",\"position\":2,\"name\":\"Shop\",\"item\":\"https:\/\/mypalmleaf.com\/et\/shop\/\"},{\"@type\":\"ListItem\",\"position\":3,\"name\":\"Buche deinen Termin um\"}]},{\"@type\":\"WebSite\",\"@id\":\"https:\/\/mypalmleaf.com\/#website\",\"url\":\"https:\/\/mypalmleaf.com\/\",\"name\":\"My Palm Leaf\",\"description\":\"\",\"potentialAction\":[{\"@type\":\"SearchAction\",\"target\":{\"@type\":\"EntryPoint\",\"urlTemplate\":\"https:\/\/mypalmleaf.com\/?s={search_term_string}\"},\"query-input\":{\"@type\":\"PropertyValueSpecification\",\"valueRequired\":true,\"valueName\":\"search_term_string\"}}],\"inLanguage\":\"de\"}]}<\/script>\n<!-- \/ Yoast SEO plugin. -->","yoast_head_json":{"title":"Termin umbuchen | MyPalmLeaf","description":"Buchen Sie Ihren Termin bei MyPalmLeaf um. W\u00e4hlen Sie einfach einen neuen Termin und passen Sie Ihre Palmblatt-Lesung nach Ihren W\u00fcnschen an.","robots":{"index":"index","follow":"follow","max-snippet":"max-snippet:-1","max-image-preview":"max-image-preview:large","max-video-preview":"max-video-preview:-1"},"canonical":"https:\/\/mypalmleaf.com\/de\/kosten\/deinen-termin-umbuchen\/","og_locale":"de_DE","og_type":"article","og_title":"Termin umbuchen | MyPalmLeaf","og_description":"Buchen Sie Ihren Termin bei MyPalmLeaf um. W\u00e4hlen Sie einfach einen neuen Termin und passen Sie Ihre Palmblatt-Lesung nach Ihren W\u00fcnschen an.","og_url":"https:\/\/mypalmleaf.com\/de\/kosten\/deinen-termin-umbuchen\/","og_site_name":"My Palm Leaf","article_modified_time":"2025-03-27T11:38:40+00:00","og_image":[{"width":800,"height":444,"url":"https:\/\/mypalmleaf.com\/wp-content\/uploads\/2024\/09\/services-thumb-1-1-1.jpg","type":"image\/jpeg"}],"twitter_card":"summary_large_image","twitter_misc":{"Gesch\u00e4tzte Lesezeit":"1\u00a0Minute"},"schema":{"@context":"https:\/\/schema.org","@graph":[{"@type":"WebPage","@id":"https:\/\/mypalmleaf.com\/de\/kosten\/deinen-termin-umbuchen\/","url":"https:\/\/mypalmleaf.com\/de\/kosten\/deinen-termin-umbuchen\/","name":"Termin umbuchen | MyPalmLeaf","isPartOf":{"@id":"https:\/\/mypalmleaf.com\/#website"},"primaryImageOfPage":{"@id":"https:\/\/mypalmleaf.com\/de\/kosten\/deinen-termin-umbuchen\/#primaryimage"},"image":{"@id":"https:\/\/mypalmleaf.com\/de\/kosten\/deinen-termin-umbuchen\/#primaryimage"},"thumbnailUrl":"https:\/\/mypalmleaf.com\/wp-content\/uploads\/2024\/09\/services-thumb-1-1-1.jpg","datePublished":"2024-09-04T10:43:37+00:00","dateModified":"2025-03-27T11:38:40+00:00","description":"Buchen Sie Ihren Termin bei MyPalmLeaf um. W\u00e4hlen Sie einfach einen neuen Termin und passen Sie Ihre Palmblatt-Lesung nach Ihren W\u00fcnschen an.","breadcrumb":{"@id":"https:\/\/mypalmleaf.com\/de\/kosten\/deinen-termin-umbuchen\/#breadcrumb"},"inLanguage":"de","potentialAction":[{"@type":"ReadAction","target":["https:\/\/mypalmleaf.com\/de\/kosten\/deinen-termin-umbuchen\/"]}]},{"@type":"ImageObject","inLanguage":"de","@id":"https:\/\/mypalmleaf.com\/de\/kosten\/deinen-termin-umbuchen\/#primaryimage","url":"https:\/\/mypalmleaf.com\/wp-content\/uploads\/2024\/09\/services-thumb-1-1-1.jpg","contentUrl":"https:\/\/mypalmleaf.com\/wp-content\/uploads\/2024\/09\/services-thumb-1-1-1.jpg","width":800,"height":444,"caption":"Nadi astrology-01"},{"@type":"BreadcrumbList","@id":"https:\/\/mypalmleaf.com\/de\/kosten\/deinen-termin-umbuchen\/#breadcrumb","itemListElement":[{"@type":"ListItem","position":1,"name":"Home","item":"https:\/\/mypalmleaf.com\/de\/"},{"@type":"ListItem","position":2,"name":"Shop","item":"https:\/\/mypalmleaf.com\/et\/shop\/"},{"@type":"ListItem","position":3,"name":"Buche deinen Termin um"}]},{"@type":"WebSite","@id":"https:\/\/mypalmleaf.com\/#website","url":"https:\/\/mypalmleaf.com\/","name":"My Palm Leaf","description":"","potentialAction":[{"@type":"SearchAction","target":{"@type":"EntryPoint","urlTemplate":"https:\/\/mypalmleaf.com\/?s={search_term_string}"},"query-input":{"@type":"PropertyValueSpecification","valueRequired":true,"valueName":"search_term_string"}}],"inLanguage":"de"}]}},"_links":{"self":[{"href":"https:\/\/mypalmleaf.com\/de\/wp-json\/wp\/v2\/product\/22633","targetHints":{"allow":["GET"]}}],"collection":[{"href":"https:\/\/mypalmleaf.com\/de\/wp-json\/wp\/v2\/product"}],"about":[{"href":"https:\/\/mypalmleaf.com\/de\/wp-json\/wp\/v2\/types\/product"}],"replies":[{"embeddable":true,"href":"https:\/\/mypalmleaf.com\/de\/wp-json\/wp\/v2\/comments?post=22633"}],"wp:featuredmedia":[{"embeddable":true,"href":"https:\/\/mypalmleaf.com\/de\/wp-json\/wp\/v2\/media\/2797"}],"wp:attachment":[{"href":"https:\/\/mypalmleaf.com\/de\/wp-json\/wp\/v2\/media?parent=22633"}],"wp:term":[{"taxonomy":"product_brand","embeddable":true,"href":"https:\/\/mypalmleaf.com\/de\/wp-json\/wp\/v2\/product_brand?post=22633"},{"taxonomy":"product_cat","embeddable":true,"href":"https:\/\/mypalmleaf.com\/de\/wp-json\/wp\/v2\/product_cat?post=22633"},{"taxonomy":"product_tag","embeddable":true,"href":"https:\/\/mypalmleaf.com\/de\/wp-json\/wp\/v2\/product_tag?post=22633"}],"curies":[{"name":"wp","href":"https:\/\/api.w.org\/{rel}","templated":true}]}}