
{"id":24948,"date":"2024-03-04T10:58:10","date_gmt":"2024-03-04T10:58:10","guid":{"rendered":"https:\/\/mypalmleaf.com\/prices\/virtuelle-pilgerreise\/"},"modified":"2025-03-22T10:35:04","modified_gmt":"2025-03-22T10:35:04","slug":"virtuelle-pilgerreise","status":"publish","type":"product","link":"https:\/\/mypalmleaf.com\/de\/kosten\/virtuelle-pilgerreise\/","title":{"rendered":"Virtuelle Pilgerreise"},"content":{"rendered":"<p class=\"mb-4\">Die virtuelle Pilgerreise zu den Navagraha-Tempeln soll dir helfen, karmische Blockaden zu l\u00f6sen, indem du dich mit der Energie der neun Planeten verbindest und deren Einfluss auf dein Leben harmonisierst.<\/p>\n<p class=\"mb-4\">Es ist ein kraftvoller und doch einfacher Weg, um karmische Bedingungen zu verbessern und bestehende Blockaden zu transformieren. Diese Pilgerreise kann f\u00fcr dich oder einen geliebten Menschen durchgef\u00fchrt werden.<\/p>\n<p>Die Virtuelle Pilgerreise umfasst:<\/p>\n<ul class=\"mb-4\">\n<li>Zeremonien, die f\u00fcr dich in den Navagraha-Tempeln durchgef\u00fchrt werden<\/li>\n<li>Zugang zu einer WhatsApp &amp; Telegram Gruppe mit t\u00e4glichen Updates w\u00e4hrend der Pilgerreise<\/li>\n<li>Spenden in deinem Namen f\u00fcr die Tempel und f\u00fcr Bed\u00fcrftige<\/li>\n<\/ul>\n<p class=\"mb-4\">Heilige Souvenirs (f\u00fcr die zweite Option):<br \/>\nDies sind gesegnete Gegenst\u00e4nde, die von den Tempeln oder aus der N\u00e4he der Tempel stammen und mit deren Energie durchtr\u00e4nkt sind.<br \/>\nWir k\u00f6nnen die genauen Gegenst\u00e4nde zwar nicht im Voraus bestimmen, aber sie dienen als Br\u00fccke, die dich mit der Energie der Tempel verbindet.<br \/>\nUm eine Vorstellung davon zu bekommen, was dich erwartet, kannst du dir <a class=\"text-body\" href=\"https:\/\/www.youtube.com\/watch?v=09WQJn8M8SA\" data-lity=\"\">dieses Video von<\/a> einer fr\u00fcheren Pilgerreise ansehen.<\/p>\n<p><strong>Hinweis:<\/strong> F\u00fcr heilige Souvenirs ist der weltweite Versand kostenlos.<\/p>\n","protected":false},"excerpt":{"rendered":"<p>Die virtuelle Pilgerreise zu den Navagraha-Tempeln soll dir helfen, karmische Blockaden zu l\u00f6sen, indem du dich mit der Energie der neun Planeten verbindest und deren Einfluss auf dein Leben harmonisierst&#8230;<\/p>\n","protected":false},"featured_media":3499,"comment_status":"open","ping_status":"closed","template":"","meta":{"_acf_changed":false},"product_brand":[],"product_cat":[40],"product_tag":[],"class_list":{"0":"post-24948","1":"product","2":"type-product","3":"status-publish","4":"has-post-thumbnail","6":"product_cat-unkategorisiert","8":"first","9":"instock","10":"purchasable","11":"product-type-variable"},"exclude_global_add_ons":[],"addons":[],"acf":[],"yoast_head":"<!-- This site is optimized with the Yoast SEO plugin v26.4 - https:\/\/yoast.com\/wordpress\/plugins\/seo\/ -->\n<title>Virtuelle Pilgerreise: Preise und Details | Palmblattlesung<\/title>\n<meta name=\"description\" content=\"Buchen Sie Ihre virtuelle Pilgerreise und erleben Sie spirituelle Entdeckungen. Erfahren Sie mehr \u00fcber die Preise und Details der einzigartigen Reiseerfahrung.\" \/>\n<meta name=\"robots\" content=\"index, follow, max-snippet:-1, max-image-preview:large, max-video-preview:-1\" \/>\n<link rel=\"canonical\" href=\"https:\/\/mypalmleaf.com\/de\/kosten\/virtuelle-pilgerreise\/\" \/>\n<meta property=\"og:locale\" content=\"de_DE\" \/>\n<meta property=\"og:type\" content=\"article\" \/>\n<meta property=\"og:title\" content=\"Virtuelle Pilgerreise: Preise und Details | Palmblattlesung\" \/>\n<meta property=\"og:description\" content=\"Buchen Sie Ihre virtuelle Pilgerreise und erleben Sie spirituelle Entdeckungen. Erfahren Sie mehr \u00fcber die Preise und Details der einzigartigen Reiseerfahrung.\" \/>\n<meta property=\"og:url\" content=\"https:\/\/mypalmleaf.com\/de\/kosten\/virtuelle-pilgerreise\/\" \/>\n<meta property=\"og:site_name\" content=\"My Palm Leaf\" \/>\n<meta property=\"article:modified_time\" content=\"2025-03-22T10:35:04+00:00\" \/>\n<meta property=\"og:image\" content=\"https:\/\/mypalmleaf.com\/wp-content\/uploads\/2024\/09\/mantra-product-page-18.jpg\" \/>\n\t<meta property=\"og:image:width\" content=\"1280\" \/>\n\t<meta property=\"og:image:height\" content=\"720\" \/>\n\t<meta property=\"og:image:type\" content=\"image\/jpeg\" \/>\n<meta name=\"twitter:card\" content=\"summary_large_image\" \/>\n<meta name=\"twitter:label1\" content=\"Gesch\u00e4tzte Lesezeit\" \/>\n\t<meta name=\"twitter:data1\" content=\"1\u00a0Minute\" \/>\n<script type=\"application\/ld+json\" class=\"yoast-schema-graph\">{\"@context\":\"https:\/\/schema.org\",\"@graph\":[{\"@type\":\"WebPage\",\"@id\":\"https:\/\/mypalmleaf.com\/de\/kosten\/virtuelle-pilgerreise\/\",\"url\":\"https:\/\/mypalmleaf.com\/de\/kosten\/virtuelle-pilgerreise\/\",\"name\":\"Virtuelle Pilgerreise: Preise und Details | Palmblattlesung\",\"isPartOf\":{\"@id\":\"https:\/\/mypalmleaf.com\/#website\"},\"primaryImageOfPage\":{\"@id\":\"https:\/\/mypalmleaf.com\/de\/kosten\/virtuelle-pilgerreise\/#primaryimage\"},\"image\":{\"@id\":\"https:\/\/mypalmleaf.com\/de\/kosten\/virtuelle-pilgerreise\/#primaryimage\"},\"thumbnailUrl\":\"https:\/\/mypalmleaf.com\/wp-content\/uploads\/2024\/09\/mantra-product-page-18.jpg\",\"datePublished\":\"2024-03-04T10:58:10+00:00\",\"dateModified\":\"2025-03-22T10:35:04+00:00\",\"description\":\"Buchen Sie Ihre virtuelle Pilgerreise und erleben Sie spirituelle Entdeckungen. Erfahren Sie mehr \u00fcber die Preise und Details der einzigartigen Reiseerfahrung.\",\"breadcrumb\":{\"@id\":\"https:\/\/mypalmleaf.com\/de\/kosten\/virtuelle-pilgerreise\/#breadcrumb\"},\"inLanguage\":\"de\",\"potentialAction\":[{\"@type\":\"ReadAction\",\"target\":[\"https:\/\/mypalmleaf.com\/de\/kosten\/virtuelle-pilgerreise\/\"]}]},{\"@type\":\"ImageObject\",\"inLanguage\":\"de\",\"@id\":\"https:\/\/mypalmleaf.com\/de\/kosten\/virtuelle-pilgerreise\/#primaryimage\",\"url\":\"https:\/\/mypalmleaf.com\/wp-content\/uploads\/2024\/09\/mantra-product-page-18.jpg\",\"contentUrl\":\"https:\/\/mypalmleaf.com\/wp-content\/uploads\/2024\/09\/mantra-product-page-18.jpg\",\"width\":1280,\"height\":720,\"caption\":\"Statue of Gods\"},{\"@type\":\"BreadcrumbList\",\"@id\":\"https:\/\/mypalmleaf.com\/de\/kosten\/virtuelle-pilgerreise\/#breadcrumb\",\"itemListElement\":[{\"@type\":\"ListItem\",\"position\":1,\"name\":\"Home\",\"item\":\"https:\/\/mypalmleaf.com\/de\/\"},{\"@type\":\"ListItem\",\"position\":2,\"name\":\"Shop\",\"item\":\"https:\/\/mypalmleaf.com\/et\/shop\/\"},{\"@type\":\"ListItem\",\"position\":3,\"name\":\"Virtuelle Pilgerreise\"}]},{\"@type\":\"WebSite\",\"@id\":\"https:\/\/mypalmleaf.com\/#website\",\"url\":\"https:\/\/mypalmleaf.com\/\",\"name\":\"My Palm Leaf\",\"description\":\"\",\"potentialAction\":[{\"@type\":\"SearchAction\",\"target\":{\"@type\":\"EntryPoint\",\"urlTemplate\":\"https:\/\/mypalmleaf.com\/?s={search_term_string}\"},\"query-input\":{\"@type\":\"PropertyValueSpecification\",\"valueRequired\":true,\"valueName\":\"search_term_string\"}}],\"inLanguage\":\"de\"}]}<\/script>\n<!-- \/ Yoast SEO plugin. -->","yoast_head_json":{"title":"Virtuelle Pilgerreise: Preise und Details | Palmblattlesung","description":"Buchen Sie Ihre virtuelle Pilgerreise und erleben Sie spirituelle Entdeckungen. Erfahren Sie mehr \u00fcber die Preise und Details der einzigartigen Reiseerfahrung.","robots":{"index":"index","follow":"follow","max-snippet":"max-snippet:-1","max-image-preview":"max-image-preview:large","max-video-preview":"max-video-preview:-1"},"canonical":"https:\/\/mypalmleaf.com\/de\/kosten\/virtuelle-pilgerreise\/","og_locale":"de_DE","og_type":"article","og_title":"Virtuelle Pilgerreise: Preise und Details | Palmblattlesung","og_description":"Buchen Sie Ihre virtuelle Pilgerreise und erleben Sie spirituelle Entdeckungen. Erfahren Sie mehr \u00fcber die Preise und Details der einzigartigen Reiseerfahrung.","og_url":"https:\/\/mypalmleaf.com\/de\/kosten\/virtuelle-pilgerreise\/","og_site_name":"My Palm Leaf","article_modified_time":"2025-03-22T10:35:04+00:00","og_image":[{"width":1280,"height":720,"url":"https:\/\/mypalmleaf.com\/wp-content\/uploads\/2024\/09\/mantra-product-page-18.jpg","type":"image\/jpeg"}],"twitter_card":"summary_large_image","twitter_misc":{"Gesch\u00e4tzte Lesezeit":"1\u00a0Minute"},"schema":{"@context":"https:\/\/schema.org","@graph":[{"@type":"WebPage","@id":"https:\/\/mypalmleaf.com\/de\/kosten\/virtuelle-pilgerreise\/","url":"https:\/\/mypalmleaf.com\/de\/kosten\/virtuelle-pilgerreise\/","name":"Virtuelle Pilgerreise: Preise und Details | Palmblattlesung","isPartOf":{"@id":"https:\/\/mypalmleaf.com\/#website"},"primaryImageOfPage":{"@id":"https:\/\/mypalmleaf.com\/de\/kosten\/virtuelle-pilgerreise\/#primaryimage"},"image":{"@id":"https:\/\/mypalmleaf.com\/de\/kosten\/virtuelle-pilgerreise\/#primaryimage"},"thumbnailUrl":"https:\/\/mypalmleaf.com\/wp-content\/uploads\/2024\/09\/mantra-product-page-18.jpg","datePublished":"2024-03-04T10:58:10+00:00","dateModified":"2025-03-22T10:35:04+00:00","description":"Buchen Sie Ihre virtuelle Pilgerreise und erleben Sie spirituelle Entdeckungen. Erfahren Sie mehr \u00fcber die Preise und Details der einzigartigen Reiseerfahrung.","breadcrumb":{"@id":"https:\/\/mypalmleaf.com\/de\/kosten\/virtuelle-pilgerreise\/#breadcrumb"},"inLanguage":"de","potentialAction":[{"@type":"ReadAction","target":["https:\/\/mypalmleaf.com\/de\/kosten\/virtuelle-pilgerreise\/"]}]},{"@type":"ImageObject","inLanguage":"de","@id":"https:\/\/mypalmleaf.com\/de\/kosten\/virtuelle-pilgerreise\/#primaryimage","url":"https:\/\/mypalmleaf.com\/wp-content\/uploads\/2024\/09\/mantra-product-page-18.jpg","contentUrl":"https:\/\/mypalmleaf.com\/wp-content\/uploads\/2024\/09\/mantra-product-page-18.jpg","width":1280,"height":720,"caption":"Statue of Gods"},{"@type":"BreadcrumbList","@id":"https:\/\/mypalmleaf.com\/de\/kosten\/virtuelle-pilgerreise\/#breadcrumb","itemListElement":[{"@type":"ListItem","position":1,"name":"Home","item":"https:\/\/mypalmleaf.com\/de\/"},{"@type":"ListItem","position":2,"name":"Shop","item":"https:\/\/mypalmleaf.com\/et\/shop\/"},{"@type":"ListItem","position":3,"name":"Virtuelle Pilgerreise"}]},{"@type":"WebSite","@id":"https:\/\/mypalmleaf.com\/#website","url":"https:\/\/mypalmleaf.com\/","name":"My Palm Leaf","description":"","potentialAction":[{"@type":"SearchAction","target":{"@type":"EntryPoint","urlTemplate":"https:\/\/mypalmleaf.com\/?s={search_term_string}"},"query-input":{"@type":"PropertyValueSpecification","valueRequired":true,"valueName":"search_term_string"}}],"inLanguage":"de"}]}},"_links":{"self":[{"href":"https:\/\/mypalmleaf.com\/de\/wp-json\/wp\/v2\/product\/24948","targetHints":{"allow":["GET"]}}],"collection":[{"href":"https:\/\/mypalmleaf.com\/de\/wp-json\/wp\/v2\/product"}],"about":[{"href":"https:\/\/mypalmleaf.com\/de\/wp-json\/wp\/v2\/types\/product"}],"replies":[{"embeddable":true,"href":"https:\/\/mypalmleaf.com\/de\/wp-json\/wp\/v2\/comments?post=24948"}],"wp:featuredmedia":[{"embeddable":true,"href":"https:\/\/mypalmleaf.com\/de\/wp-json\/wp\/v2\/media\/3499"}],"wp:attachment":[{"href":"https:\/\/mypalmleaf.com\/de\/wp-json\/wp\/v2\/media?parent=24948"}],"wp:term":[{"taxonomy":"product_brand","embeddable":true,"href":"https:\/\/mypalmleaf.com\/de\/wp-json\/wp\/v2\/product_brand?post=24948"},{"taxonomy":"product_cat","embeddable":true,"href":"https:\/\/mypalmleaf.com\/de\/wp-json\/wp\/v2\/product_cat?post=24948"},{"taxonomy":"product_tag","embeddable":true,"href":"https:\/\/mypalmleaf.com\/de\/wp-json\/wp\/v2\/product_tag?post=24948"}],"curies":[{"name":"wp","href":"https:\/\/api.w.org\/{rel}","templated":true}]}}