
{"id":20316,"date":"2024-08-28T03:20:58","date_gmt":"2024-08-28T03:20:58","guid":{"rendered":"https:\/\/mypalmleaf.com\/?page_id=20316"},"modified":"2025-02-20T06:17:57","modified_gmt":"2025-02-20T06:17:57","slug":"programa-de-afiliados","status":"publish","type":"page","link":"https:\/\/mypalmleaf.com\/es\/programa-de-afiliados\/","title":{"rendered":"Programa de Afiliados"},"content":{"rendered":"\n<section class=\"spotlight-main small top-gap\">\n    <!-- <div class=\"slider-wrap\" data-flickity='{ \"cellAlign\": \"left\", \"contain\": true, \"wrapAround\": true, \"setGallerySize\": false }'> -->\n    <div class=\"slider-wrap\" data-flickity='{ \"cellAlign\": \"left\", \"contain\": true, \"wrapAround\": true, \"setGallerySize\": false  }'>\n            <div class=\"slides\">\n        <div class=\"content-wrap\">\n          <div class=\"image\">\n            <picture>\n              <source media=\"(max-width: 999px)\" srcset=\"https:\/\/mypalmleaf.com\/wp-content\/uploads\/2024\/09\/affliate-program-spotlight-mob.jpg\" \/>\n              <source media=\"(min-width: 1000px)\" srcset=\"https:\/\/mypalmleaf.com\/wp-content\/uploads\/2024\/09\/affliate-program-spotlight.jpg\" \/>\n              <img decoding=\"async\" src=\"https:\/\/mypalmleaf.com\/wp-content\/uploads\/2024\/09\/affliate-program-spotlight.jpg\" class=\"img-fluid\" alt=\"\" \/>\n            <\/picture>\n          <\/div>\n          <div class=\"content\">\n            <div data-aos=\"fade-up\" data-aos-duration=\"1000\">\n              <h2 class=\"\">El programa de afiliados de My Palm Leaf<\/h2>\n                                 \n            <\/div>\n          <\/div>\n        <\/div>\n      <\/div>\n          <\/div>\n<\/section>\n\n<section class=\"partnerships-block my-6 position-relative\" data-aos=\"fade-up\" data-aos-duration=\"1000\">\n  <div class=\"container-xl\">\n    <div class=\"row mb-4 justify-content-center\">\n      <div class=\"col-lg-12 text-center\" data-aos=\"fade-up\" data-aos-duration=\"1000\">\n        <div class=\"row align-items-center justify-content-between\">\n                      <div class=\"col-lg-7 mt-4 mt-md-0 \">\n            <div class=\"partners-program-details\">\n              <h4>Comparte la palabra como afiliado<\/h4>\n              <p>Nuestra misi\u00f3n es hacer que las bibliotecas de hojas de palma de la India sean accesibles a personas de todo el mundo y conectarlas con la sabidur\u00eda de los Rishis. <\/p>\n<p>Y lo invitamos a ser parte de esta misi\u00f3n uni\u00e9ndose al Programa de Afiliados de MyPalmLeaf.<\/p>\n                                <a href=\"\/es\/affiliates-new\/\" class=\"btn btn-primary\">Inscribirse\/iniciar sesi\u00f3n en el Portal de Afiliados<\/a>\n                          <\/div>\n          <\/div>\n                        <div class=\"col-lg-5\"><img decoding=\"async\" src=\"https:\/\/mypalmleaf.com\/wp-content\/uploads\/2024\/08\/mpl-partnership-logo-1.png\" alt=\"\" class=\"img-fluid\"><\/div>\n                  <\/div>\n      <\/div>\n    <\/div>\n  <\/div>\n      <div class=\"parallax-item-3 parallax-item\" data-speed=\".08\"><img decoding=\"async\" src=\"https:\/\/mypalmleaf.com\/wp-content\/uploads\/2024\/08\/parallax-item-3-4.png\" class=\"img-fluid\" alt=\"\"><\/div>\n  <\/section>\n\n<section class=\"photo-gallery my-5\">\n  <div class=\"container-xl\" data-aos=\"fade-up\" data-aos-duration=\"1000\">\n            <div class=\"row\">\n      <div class=\"col-lg-10 mx-auto\">\n        <div class=\"exibition\">\n          <ul>\n                                      <li data-aos=\"fade-up\" data-aos-duration=\"800\"><img decoding=\"async\" src=\"https:\/\/mypalmleaf.com\/wp-content\/uploads\/2024\/09\/affiliate-img-1-1.webp\" alt=\"\"><\/li>\n                                        <li data-aos=\"fade-up\" data-aos-duration=\"1000\"><img decoding=\"async\" src=\"https:\/\/mypalmleaf.com\/wp-content\/uploads\/2024\/09\/affiliate-img-2.jpg\" alt=\"\"><\/li>\n                                        <li data-aos=\"fade-up\" data-aos-duration=\"1200\"><img decoding=\"async\" src=\"https:\/\/mypalmleaf.com\/wp-content\/uploads\/2024\/09\/affiliate-img-3.jpg\" alt=\"\"><\/li>\n                                        <li data-aos=\"fade-up\" data-aos-duration=\"1400\"><img decoding=\"async\" src=\"https:\/\/mypalmleaf.com\/wp-content\/uploads\/2024\/09\/affiliate-img-4.jpg\" alt=\"\"><\/li>\n                                    <\/ul>\n        <\/div>\n      <\/div>\n    <\/div>\n          <\/div>\n<\/section>\n\n<section class=\"affiliate\">\n  <div class=\"container-xl\">\n    <div class=\"row\">\n      <div class=\"col-lg-12\">\n        <h3 class=\"mb-4\">\u00bfC\u00f3mo funciona?<\/h3>\n        <div class=\"affiliate-cont\">\n          <ul>\n                          <li>\n                <div class=\"title\">1. <a href=\"\/es\/affiliates-new\/\" class=\"btn btn-primary\">Reg\u00edstrese aqu\u00ed<\/a> en nuestro programa de afiliados<\/div>\n                <div class=\"desc\"><\/div>\n              <\/li>\n                          <li>\n                <div class=\"title\">2. Obtenga su enlace personal en el panel de afiliados<\/div>\n                <div class=\"desc\"><p>Encontrar\u00e1 su enlace de afiliado en su panel de afiliado.<\/p>\n<\/div>\n              <\/li>\n                          <li>\n                <div class=\"title\">3. \u00bfC\u00f3mo cambiar el idioma de tu enlace?<\/div>\n                <div class=\"desc\">\n<p>De forma predeterminada, su enlace siempre apunta a nuestra p\u00e1gina de inicio en ingl\u00e9s, por ejemplo <strong>https:\/\/mypalmleaf.com\/?mpl=51<\/strong>\n<\/p>\n<p>Si desea que cambie a la p\u00e1gina de inicio en alem\u00e1n (o en cualquier otro idioma), <strong>simplemente puede agregar \/es\/ despues del .com para que sea<\/strong> https:\/\/mypalmleaf.com\/es\/?mpl=51<\/p>\n<\/div>\n              <\/li>\n                          <li>\n                <div class=\"title\">4. Comparte el enlace con otros. <\/div>\n                <div class=\"desc\"><p>Luego podr\u00e1 compartir el enlace con otras personas. Cuando visitan el sitio una vez a trav\u00e9s de su enlace de afiliado, se colocar\u00e1 una cookie en su navegador. Si regresan al sitio unas semanas despu\u00e9s, sin pasar por su enlace, y luego hacen una reserva, a\u00fan as\u00ed se contar\u00e1 como una referencia para usted.<\/p>\n<\/div>\n              <\/li>\n                          <li>\n                <div class=\"title\">5. Obt\u00e9n recompensas<\/div>\n                <div class=\"desc\"><p>Por cada reserva referida te recompensaremos con 30\u20ac.<br \/>\n<br \/>\nSe pagar\u00e1 mensualmente a una cuenta bancaria o Paypal de su elecci\u00f3n.  <\/p>\n<\/div>\n              <\/li>\n                          <li>\n                <div class=\"title\">6. Verifique sus referencias<\/div>\n                <div class=\"desc\"><p>Siempre puedes ver los n\u00fameros de tus referencias y visitas al sitio web en tu panel de afiliados.<\/p>\n<\/div>\n              <\/li>\n                          <li>\n                <div class=\"title\"><\/div>\n                <div class=\"desc\"><p><a href=\"https:\/\/mypalmleaf.com\/precio\/find-your-palm-leaf-and-read-the-general-chapter\/\" class=\"btn btn-primary\">Encuentra mi Hoja<\/a><\/p>\n<\/div>\n              <\/li>\n                      <\/ul>\n          <div class=\"btm-contact\"><div class=\"btm-contact\">Si tiene alguna pregunta sobre el programa de afiliados, escr\u00edbanos a<br \/>\n <a href=\"mailto:support@mypalmleaf.com\">support@mypalmleaf.com<\/a><\/div>\n<\/div>\n        <\/div>\n      <\/div>\n    <\/div>\n  <\/div>\n<\/section>","protected":false},"excerpt":{"rendered":"","protected":false},"author":1,"featured_media":0,"parent":0,"menu_order":0,"comment_status":"closed","ping_status":"closed","template":"","meta":{"_acf_changed":false,"footnotes":""},"class_list":["post-20316","page","type-page","status-publish","hentry"],"acf":[],"yoast_head":"<!-- This site is optimized with the Yoast SEO plugin v26.4 - https:\/\/yoast.com\/wordpress\/plugins\/seo\/ -->\n<title>Programa de Afiliados: Gana Con My Palm Leaf<\/title>\n<meta name=\"description\" content=\"\u00danete al programa de afiliados de My Palm Leaf. Comparte nuestra sabidur\u00eda ancestral y gana comisiones por cada referencia. \u00a1Empieza hoy y marca la diferencia!\" \/>\n<meta name=\"robots\" content=\"index, follow, max-snippet:-1, max-image-preview:large, max-video-preview:-1\" \/>\n<link rel=\"canonical\" href=\"https:\/\/mypalmleaf.com\/es\/programa-de-afiliados\/\" \/>\n<meta property=\"og:locale\" content=\"es_ES\" \/>\n<meta property=\"og:type\" content=\"article\" \/>\n<meta property=\"og:title\" content=\"Programa de Afiliados: Gana Con My Palm Leaf\" \/>\n<meta property=\"og:description\" content=\"\u00danete al programa de afiliados de My Palm Leaf. Comparte nuestra sabidur\u00eda ancestral y gana comisiones por cada referencia. \u00a1Empieza hoy y marca la diferencia!\" \/>\n<meta property=\"og:url\" content=\"https:\/\/mypalmleaf.com\/es\/programa-de-afiliados\/\" \/>\n<meta property=\"og:site_name\" content=\"My Palm Leaf\" \/>\n<meta property=\"article:modified_time\" content=\"2025-02-20T06:17:57+00:00\" \/>\n<meta property=\"og:image\" content=\"https:\/\/mypalmleaf.com\/wp-content\/uploads\/2025\/08\/mpl-circle-logo.jpg\" \/>\n\t<meta property=\"og:image:width\" content=\"1200\" \/>\n\t<meta property=\"og:image:height\" content=\"1196\" \/>\n\t<meta property=\"og:image:type\" content=\"image\/jpeg\" \/>\n<meta name=\"twitter:card\" content=\"summary_large_image\" \/>\n<script type=\"application\/ld+json\" class=\"yoast-schema-graph\">{\"@context\":\"https:\/\/schema.org\",\"@graph\":[{\"@type\":\"WebPage\",\"@id\":\"https:\/\/mypalmleaf.com\/es\/programa-de-afiliados\/\",\"url\":\"https:\/\/mypalmleaf.com\/es\/programa-de-afiliados\/\",\"name\":\"Programa de Afiliados: Gana Con My Palm Leaf\",\"isPartOf\":{\"@id\":\"https:\/\/mypalmleaf.com\/#website\"},\"datePublished\":\"2024-08-28T03:20:58+00:00\",\"dateModified\":\"2025-02-20T06:17:57+00:00\",\"description\":\"\u00danete al programa de afiliados de My Palm Leaf. Comparte nuestra sabidur\u00eda ancestral y gana comisiones por cada referencia. \u00a1Empieza hoy y marca la diferencia!\",\"breadcrumb\":{\"@id\":\"https:\/\/mypalmleaf.com\/es\/programa-de-afiliados\/#breadcrumb\"},\"inLanguage\":\"es\",\"potentialAction\":[{\"@type\":\"ReadAction\",\"target\":[\"https:\/\/mypalmleaf.com\/es\/programa-de-afiliados\/\"]}]},{\"@type\":\"BreadcrumbList\",\"@id\":\"https:\/\/mypalmleaf.com\/es\/programa-de-afiliados\/#breadcrumb\",\"itemListElement\":[{\"@type\":\"ListItem\",\"position\":1,\"name\":\"Home\",\"item\":\"https:\/\/mypalmleaf.com\/es\/\"},{\"@type\":\"ListItem\",\"position\":2,\"name\":\"Programa de Afiliados\"}]},{\"@type\":\"WebSite\",\"@id\":\"https:\/\/mypalmleaf.com\/#website\",\"url\":\"https:\/\/mypalmleaf.com\/\",\"name\":\"My Palm Leaf\",\"description\":\"\",\"potentialAction\":[{\"@type\":\"SearchAction\",\"target\":{\"@type\":\"EntryPoint\",\"urlTemplate\":\"https:\/\/mypalmleaf.com\/?s={search_term_string}\"},\"query-input\":{\"@type\":\"PropertyValueSpecification\",\"valueRequired\":true,\"valueName\":\"search_term_string\"}}],\"inLanguage\":\"es\"}]}<\/script>\n<!-- \/ Yoast SEO plugin. -->","yoast_head_json":{"title":"Programa de Afiliados: Gana Con My Palm Leaf","description":"\u00danete al programa de afiliados de My Palm Leaf. Comparte nuestra sabidur\u00eda ancestral y gana comisiones por cada referencia. \u00a1Empieza hoy y marca la diferencia!","robots":{"index":"index","follow":"follow","max-snippet":"max-snippet:-1","max-image-preview":"max-image-preview:large","max-video-preview":"max-video-preview:-1"},"canonical":"https:\/\/mypalmleaf.com\/es\/programa-de-afiliados\/","og_locale":"es_ES","og_type":"article","og_title":"Programa de Afiliados: Gana Con My Palm Leaf","og_description":"\u00danete al programa de afiliados de My Palm Leaf. Comparte nuestra sabidur\u00eda ancestral y gana comisiones por cada referencia. \u00a1Empieza hoy y marca la diferencia!","og_url":"https:\/\/mypalmleaf.com\/es\/programa-de-afiliados\/","og_site_name":"My Palm Leaf","article_modified_time":"2025-02-20T06:17:57+00:00","og_image":[{"width":1200,"height":1196,"url":"https:\/\/mypalmleaf.com\/wp-content\/uploads\/2025\/08\/mpl-circle-logo.jpg","type":"image\/jpeg"}],"twitter_card":"summary_large_image","schema":{"@context":"https:\/\/schema.org","@graph":[{"@type":"WebPage","@id":"https:\/\/mypalmleaf.com\/es\/programa-de-afiliados\/","url":"https:\/\/mypalmleaf.com\/es\/programa-de-afiliados\/","name":"Programa de Afiliados: Gana Con My Palm Leaf","isPartOf":{"@id":"https:\/\/mypalmleaf.com\/#website"},"datePublished":"2024-08-28T03:20:58+00:00","dateModified":"2025-02-20T06:17:57+00:00","description":"\u00danete al programa de afiliados de My Palm Leaf. Comparte nuestra sabidur\u00eda ancestral y gana comisiones por cada referencia. \u00a1Empieza hoy y marca la diferencia!","breadcrumb":{"@id":"https:\/\/mypalmleaf.com\/es\/programa-de-afiliados\/#breadcrumb"},"inLanguage":"es","potentialAction":[{"@type":"ReadAction","target":["https:\/\/mypalmleaf.com\/es\/programa-de-afiliados\/"]}]},{"@type":"BreadcrumbList","@id":"https:\/\/mypalmleaf.com\/es\/programa-de-afiliados\/#breadcrumb","itemListElement":[{"@type":"ListItem","position":1,"name":"Home","item":"https:\/\/mypalmleaf.com\/es\/"},{"@type":"ListItem","position":2,"name":"Programa de Afiliados"}]},{"@type":"WebSite","@id":"https:\/\/mypalmleaf.com\/#website","url":"https:\/\/mypalmleaf.com\/","name":"My Palm Leaf","description":"","potentialAction":[{"@type":"SearchAction","target":{"@type":"EntryPoint","urlTemplate":"https:\/\/mypalmleaf.com\/?s={search_term_string}"},"query-input":{"@type":"PropertyValueSpecification","valueRequired":true,"valueName":"search_term_string"}}],"inLanguage":"es"}]}},"_links":{"self":[{"href":"https:\/\/mypalmleaf.com\/es\/wp-json\/wp\/v2\/pages\/20316","targetHints":{"allow":["GET"]}}],"collection":[{"href":"https:\/\/mypalmleaf.com\/es\/wp-json\/wp\/v2\/pages"}],"about":[{"href":"https:\/\/mypalmleaf.com\/es\/wp-json\/wp\/v2\/types\/page"}],"author":[{"embeddable":true,"href":"https:\/\/mypalmleaf.com\/es\/wp-json\/wp\/v2\/users\/1"}],"replies":[{"embeddable":true,"href":"https:\/\/mypalmleaf.com\/es\/wp-json\/wp\/v2\/comments?post=20316"}],"version-history":[{"count":0,"href":"https:\/\/mypalmleaf.com\/es\/wp-json\/wp\/v2\/pages\/20316\/revisions"}],"wp:attachment":[{"href":"https:\/\/mypalmleaf.com\/es\/wp-json\/wp\/v2\/media?parent=20316"}],"curies":[{"name":"wp","href":"https:\/\/api.w.org\/{rel}","templated":true}]}}