
{"id":20320,"date":"2024-08-14T06:28:52","date_gmt":"2024-08-14T06:28:52","guid":{"rendered":"https:\/\/mypalmleaf.com\/?page_id=20320"},"modified":"2025-03-27T04:51:17","modified_gmt":"2025-03-27T04:51:17","slug":"blogs","status":"publish","type":"page","link":"https:\/\/mypalmleaf.com\/es\/blogs\/","title":{"rendered":"Blogs"},"content":{"rendered":"<section class=\"spotlight-single top-gap\">\n  <div class=\"content-wrap\">\n    <div class=\"image\">\n      <picture>\n        <source media=\"(max-width: 999px)\" srcset=\"https:\/\/mypalmleaf.com\/wp-content\/uploads\/2024\/08\/blogs-spotlight-mob.jpg\" \/>\n        <source media=\"(min-width: 1000px)\" srcset=\"https:\/\/mypalmleaf.com\/wp-content\/uploads\/2024\/08\/blogs-spotlight.jpg\" \/>\n        <img decoding=\"async\" src=\"https:\/\/mypalmleaf.com\/wp-content\/uploads\/2024\/08\/blogs-spotlight.jpg\" class=\"img-fluid\" alt=\"\" \/>\n      <\/picture>\n    <\/div>\n    <div class=\"content\">\n      <div data-aos=\"fade-up\" data-aos-duration=\"1000\">\n        <h1>Blogs y Art\u00edculos<\/h1>\n              <\/div>\n    <\/div>\n  <\/div>\n<\/section>\n\n  <section class=\"blog-card-wrap my-4\" data-aos=\"fade-up\" data-aos-duration=\"1000\">\n    <div class=\"container-xl\">\n      <div class=\"row gx-md-5\">\n                  <div class=\"col-lg-6 my-4\">\n            <div class=\"wrap\">\n              <div class=\"image\">\n                <div class=\"rounded-asset\"><img decoding=\"async\" src=\"https:\/\/mypalmleaf.com\/wp-content\/uploads\/2025\/08\/fi65.png\" class=\"img-fluid\" alt=\"\"><\/div>\n              <\/div>\n              <div class=\"date\">septiembre 25, 2025<\/div>\n              <div class=\"title\">Hanuman y Shani: Antiguos Remedios de Hoja de Palma para Superar los Desaf\u00edos de Saturno y Proteger tu Vida<\/div>\n              <div class=\"desc\"><p>En la astrolog\u00eda hind\u00fa, pocas influencias planetarias son tan temidas y respetadas como Shani (Saturno). El temor al Sade Sati (el tr\u00e1nsito de siete a\u00f1os y medio de Saturno) o Shani Dasha (periodo de Saturno) ha llevado a innumerables devotos a buscar protecci\u00f3n mediante remedios espirituales. Sorprendentemente, el Se\u00f1or Hanuman se erige como uno de [&hellip;]<\/p>\n<\/div>\n              <a href=\"https:\/\/mypalmleaf.com\/es\/hanuman-y-shani-antiguos-remedios-de-hoja-de-palma-para-superar-los-desafios-de-saturno-y-proteger-tu-vida\/\" class=\"stretched-link\"><\/a>\n            <\/div>\n          <\/div>\n                  <div class=\"col-lg-6 my-4\">\n            <div class=\"wrap\">\n              <div class=\"image\">\n                <div class=\"rounded-asset\"><img decoding=\"async\" src=\"https:\/\/mypalmleaf.com\/wp-content\/uploads\/2025\/08\/fi64.png\" class=\"img-fluid\" alt=\"\"><\/div>\n              <\/div>\n              <div class=\"date\">septiembre 18, 2025<\/div>\n              <div class=\"title\">Mantras de Hanuman, Remedios de Hoja de Palma y Fuerza Divina: Por qu\u00e9 cantamos al Se\u00f1or Hanuman<\/div>\n              <div class=\"desc\"><p>En el vasto pante\u00f3n de deidades hind\u00faes, el Se\u00f1or Hanuman se erige como un faro de devoci\u00f3n inquebrantable, fuerza extraordinaria y valor sin l\u00edmites. Durante siglos, los devotos han recurrido a los mantras de Hanuman para protegerse, superar obst\u00e1culos y cultivar la fuerza interior. La poderosa pr\u00e1ctica de cantar mantras de Hanuman no es meramente [&hellip;]<\/p>\n<\/div>\n              <a href=\"https:\/\/mypalmleaf.com\/es\/mantras-de-hanuman-remedios-de-hoja-de-palma-y-fuerza-divina-por-que-cantamos-al-senor-hanuman\/\" class=\"stretched-link\"><\/a>\n            <\/div>\n          <\/div>\n                  <div class=\"col-lg-6 my-4\">\n            <div class=\"wrap\">\n              <div class=\"image\">\n                <div class=\"rounded-asset\"><img decoding=\"async\" src=\"https:\/\/mypalmleaf.com\/wp-content\/uploads\/2025\/08\/fi63.png\" class=\"img-fluid\" alt=\"\"><\/div>\n              <\/div>\n              <div class=\"date\">septiembre 11, 2025<\/div>\n              <div class=\"title\">Aprovechando las Bendiciones de Ganesha: Mantras y Remedios de Hoja de Palma para Despejar Obst\u00e1culos<\/div>\n              <div class=\"desc\"><p>\u00bfTe frenan los obst\u00e1culos en la vida? Durante siglos, los devotos han recurrido al Se\u00f1or Ganesha y a los antiguos remedios de la Hoja de Palma para despejar el camino y desbloquear el \u00e9xito. La combinaci\u00f3n de los poderosos mantras de Ganesha con la sabidur\u00eda personalizada de la Hoja de Palma crea un enfoque singularmente [&hellip;]<\/p>\n<\/div>\n              <a href=\"https:\/\/mypalmleaf.com\/es\/aprovechando-las-bendiciones-de-ganesha-mantras-y-remedios-de-hoja-de-palma-para-despejar-obstaculos\/\" class=\"stretched-link\"><\/a>\n            <\/div>\n          <\/div>\n                  <div class=\"col-lg-6 my-4\">\n            <div class=\"wrap\">\n              <div class=\"image\">\n                <div class=\"rounded-asset\"><img decoding=\"async\" src=\"https:\/\/mypalmleaf.com\/wp-content\/uploads\/2025\/08\/fi61.png\" class=\"img-fluid\" alt=\"\"><\/div>\n              <\/div>\n              <div class=\"date\">agosto 28, 2025<\/div>\n              <div class=\"title\">El Mantra Sagrado \u00abOm Namah Shivaya\u00bb: Sabidur\u00eda Curativa de los Manuscritos de Hoja de Palma<\/div>\n              <div class=\"desc\"><p>La suave luz de la ma\u00f1ana se filtraba por las ventanas del templo mientras Priya cerraba los ojos y sus dedos se mov\u00edan r\u00edtmicamente sobre las cuentas de mala. \u00abOm Namah Shivaya\u00bb, susurr\u00f3. Hac\u00eda seis meses, una lectura de Palm Leaf le hab\u00eda prescrito esta pr\u00e1ctica diaria para su ansiedad cr\u00f3nica. Lo que empez\u00f3 como [&hellip;]<\/p>\n<\/div>\n              <a href=\"https:\/\/mypalmleaf.com\/es\/el-mantra-sagrado-om-namah-shivaya-sabiduria-curativa-de-los-manuscritos-de-hoja-de-palma\/\" class=\"stretched-link\"><\/a>\n            <\/div>\n          <\/div>\n                  <div class=\"col-lg-6 my-4\">\n            <div class=\"wrap\">\n              <div class=\"image\">\n                <div class=\"rounded-asset\"><img decoding=\"async\" src=\"https:\/\/mypalmleaf.com\/wp-content\/uploads\/2025\/08\/fi58.png\" class=\"img-fluid\" alt=\"\"><\/div>\n              <\/div>\n              <div class=\"date\">agosto 21, 2025<\/div>\n              <div class=\"title\">El Poder del Mantra Yantra Puja: Alinear los Desequilibrios K\u00e1rmicos y Transformar tu Vida<\/div>\n              <div class=\"desc\"><p>Comprender la Puja del Mantra Yantra y su Papel en la Alineaci\u00f3n de los Desequilibrios K\u00e1rmicos La Puja del Mantra Yantra es una pr\u00e1ctica v\u00e9dica transformadora que combina poderosos mantras y yantras sagrados para alinear los desequilibrios k\u00e1rmicos, purificar las energ\u00edas y traer paz y prosperidad a tu vida. Estos rituales, cuando los realizan sacerdotes [&hellip;]<\/p>\n<\/div>\n              <a href=\"https:\/\/mypalmleaf.com\/es\/el-poder-del-mantra-yantra-puja-alinear-los-desequilibrios-karmicos-y-transformar-tu-vida\/\" class=\"stretched-link\"><\/a>\n            <\/div>\n          <\/div>\n                  <div class=\"col-lg-6 my-4\">\n            <div class=\"wrap\">\n              <div class=\"image\">\n                <div class=\"rounded-asset\"><img decoding=\"async\" src=\"https:\/\/mypalmleaf.com\/wp-content\/uploads\/2025\/03\/fi-2.jpg\" class=\"img-fluid\" alt=\"\"><\/div>\n              <\/div>\n              <div class=\"date\">marzo 12, 2025<\/div>\n              <div class=\"title\">El Acto de Dar: C\u00f3mo el servicio social se convierte en una pr\u00e1ctica espiritual<\/div>\n              <div class=\"desc\"><p>El Acto de Dar: C\u00f3mo el servicio social se convierte en una pr\u00e1ctica espiritual El poder espiritual de dar A lo largo de la historia, el servicio desinteresado -ofrecer ayuda sin esperar nada a cambio- se ha considerado una de las formas m\u00e1s elevadas de pr\u00e1ctica espiritual. Ya sea dando comida a los necesitados, ayudando [&hellip;]<\/p>\n<\/div>\n              <a href=\"https:\/\/mypalmleaf.com\/es\/el-acto-de-dar-como-el-servicio-social-se-convierte-en-una-practica-espiritual\/\" class=\"stretched-link\"><\/a>\n            <\/div>\n          <\/div>\n                  <div class=\"col-lg-6 my-4\">\n            <div class=\"wrap\">\n              <div class=\"image\">\n                <div class=\"rounded-asset\"><img decoding=\"async\" src=\"https:\/\/mypalmleaf.com\/wp-content\/uploads\/2025\/03\/fi-1.jpg\" class=\"img-fluid\" alt=\"\"><\/div>\n              <\/div>\n              <div class=\"date\">marzo 8, 2025<\/div>\n              <div class=\"title\">El N\u00famero Sagrado 108: Por qu\u00e9 cantamos Mantras de 9 en 9.<\/div>\n              <div class=\"desc\"><p>El N\u00famero Sagrado 108: Por qu\u00e9 cantamos Mantras de 9 en 9. Introducci\u00f3n al Misterio del 108 Los n\u00fameros siempre han desempe\u00f1ado un papel importante en las tradiciones espirituales de todo el mundo, y en las tradiciones v\u00e9dica y y\u00f3guica, pocos n\u00fameros son tan venerados como el 108. Este n\u00famero aparece en textos sagrados, pr\u00e1cticas [&hellip;]<\/p>\n<\/div>\n              <a href=\"https:\/\/mypalmleaf.com\/es\/el-numero-sagrado-108-por-que-cantamos-mantras-de-9-en-9\/\" class=\"stretched-link\"><\/a>\n            <\/div>\n          <\/div>\n                  <div class=\"col-lg-6 my-4\">\n            <div class=\"wrap\">\n              <div class=\"image\">\n                <div class=\"rounded-asset\"><img decoding=\"async\" src=\"https:\/\/mypalmleaf.com\/wp-content\/uploads\/2025\/03\/fi.jpg\" class=\"img-fluid\" alt=\"\"><\/div>\n              <\/div>\n              <div class=\"date\">marzo 4, 2025<\/div>\n              <div class=\"title\">Integrar tus percepciones de la hoja de palma en la vida cotidiana<\/div>\n              <div class=\"desc\"><p>Integrar tus percepciones de la hoja de palma en la vida cotidiana En un mundo en constante cambio, muchos de nosotros buscamos sabidur\u00eda atemporal para guiar nuestros caminos, cultivar el equilibrio y profundizar en nuestra comprensi\u00f3n del prop\u00f3sito de la vida. Las Lecturas de las Hojas de las Palmeras -textos antiguos que se cree que [&hellip;]<\/p>\n<\/div>\n              <a href=\"https:\/\/mypalmleaf.com\/es\/integrar-tus-percepciones-de-la-hoja-de-palma-en-la-vida-cotidiana\/\" class=\"stretched-link\"><\/a>\n            <\/div>\n          <\/div>\n                  <div class=\"col-lg-6 my-4\">\n            <div class=\"wrap\">\n              <div class=\"image\">\n                <div class=\"rounded-asset\"><img decoding=\"async\" src=\"https:\/\/mypalmleaf.com\/wp-content\/uploads\/2025\/02\/fi.jpg\" class=\"img-fluid\" alt=\"\"><\/div>\n              <\/div>\n              <div class=\"date\">febrero 28, 2025<\/div>\n              <div class=\"title\">Lecturas en Hojas de Palma y Salud Mental: Uniendo la Sabidur\u00eda Antigua con el Bienestar Moderno<\/div>\n              <div class=\"desc\"><p>Lecturas en Hojas de Palma y Salud Mental: Uniendo la Sabidur\u00eda Antigua con el Bienestar Moderno En un mundo en el que los problemas de salud mental est\u00e1n en su punto m\u00e1s alto, muchos recurren a enfoques hol\u00edsticos y espirituales para una curaci\u00f3n m\u00e1s profunda. Una de estas pr\u00e1cticas ancestrales es la Lectura de la [&hellip;]<\/p>\n<\/div>\n              <a href=\"https:\/\/mypalmleaf.com\/es\/lecturas-en-hojas-de-palma-y-salud-mental-uniendo-la-sabiduria-antigua-con-el-bienestar-moderno\/\" class=\"stretched-link\"><\/a>\n            <\/div>\n          <\/div>\n                  <div class=\"col-lg-6 my-4\">\n            <div class=\"wrap\">\n              <div class=\"image\">\n                <div class=\"rounded-asset\"><img decoding=\"async\" src=\"https:\/\/mypalmleaf.com\/wp-content\/uploads\/2025\/02\/bt.jpg\" class=\"img-fluid\" alt=\"\"><\/div>\n              <\/div>\n              <div class=\"date\">febrero 24, 2025<\/div>\n              <div class=\"title\">C\u00f3mo descubrir su verdadero camino con el poder de las lecturas de las hojas de las palmeras<\/div>\n              <div class=\"desc\"><p>C\u00f3mo descubrir su verdadero camino con el poder de las lecturas de las hojas de las palmeras Las lecturas de las hojas de las palmeras ofrecen una sabidur\u00eda ancestral para el crecimiento y la transformaci\u00f3n personal. Descubra c\u00f3mo pueden ayudarle a encontrar su camino y guiar su trayectoria vital. Descubrir la gu\u00eda antigua para la [&hellip;]<\/p>\n<\/div>\n              <a href=\"https:\/\/mypalmleaf.com\/es\/como-descubrir-su-verdadero-camino-con-el-poder-de-las-lecturas-de-las-hojas-de-las-palmeras\/\" class=\"stretched-link\"><\/a>\n            <\/div>\n          <\/div>\n              <\/div>\n      <div class=\"row my-6\"><div class=\"col\"><nav aria-label=\"Page navigation\"><ul class=\"pagination justify-content-center\"><li class=\"page-item active\"><span aria-current=\"page\" class=\"page-link current\">1<\/span><\/li><li class=\"page-item\"><a class=\"page-link\" href=\"https:\/\/mypalmleaf.com\/es\/wp-json\/wp\/v2\/pages\/20320\/page\/2\/\">2<\/a><\/li><li class=\"page-item\"><a class=\"page-link\" href=\"https:\/\/mypalmleaf.com\/es\/wp-json\/wp\/v2\/pages\/20320\/page\/3\/\">3<\/a><\/li><li class=\"page-item\"><a class=\"page-link\" href=\"https:\/\/mypalmleaf.com\/es\/wp-json\/wp\/v2\/pages\/20320\/page\/4\/\">4<\/a><\/li><li class=\"page-item\"><a class=\"next page-link\" href=\"https:\/\/mypalmleaf.com\/es\/wp-json\/wp\/v2\/pages\/20320\/page\/2\/\">Siguiente &raquo;<\/a><\/li><\/ul><\/nav><\/div><\/div>    <\/div>\n  <\/section>\n\n\n\n<section class=\"find-your-palm-leaf-block\" data-aos=\"fade-up\" data-aos-duration=\"1000\">\n  <div class=\"container-fluid px-0\">\n    <div class=\"row g-0\">\n      <div class=\"col\">\n        <div class=\"find-your-leaf-bg\">\n          <picture>\n            <source media=\"(max-width: 999px)\" srcset=\"https:\/\/mypalmleaf.com\/wp-content\/uploads\/2024\/08\/Find-your-Palm-Leaf-mob.jpg\" \/>\n            <source media=\"(min-width: 1000px)\" srcset=\"https:\/\/mypalmleaf.com\/wp-content\/uploads\/2024\/08\/Find-your-Palm-Leaf.jpg\" \/>\n            <img decoding=\"async\" src=\"https:\/\/mypalmleaf.com\/wp-content\/uploads\/2024\/08\/Find-your-Palm-Leaf.jpg\" class=\"img-fluid\" alt=\"\" \/>\n          <\/picture>\n        <\/div>\n      <\/div>\n    <\/div>\n    <div class=\"content\">\n      <div class=\"container-xl\" data-aos=\"fade-up\" data-aos-duration=\"1000\">\n        <div class=\"row py-4\">\n          <div class=\"col-lg-8 mx-auto\">\n            <h2 class=\"mb-2\">\u00a1Encuentra tu Hoja de Palma!<\/h2>\n            <ul>\n<li>Todo lo que necesitas para empezar a buscar tu hoja de palma es tu huella digital.<\/li>\n<li>Si necesita una traducci\u00f3n a otro idioma, podemos hacerlo por usted<\/li>\n<li>Si no podemos encontrar su hoja de palma dentro de las 3 fechas adecuadas, le reembolsaremos el importe total.<\/li>\n<\/ul>\n          <\/div>\n        <\/div>\n        <div class=\"row mt-4\">\n          <div class=\"col text-center\">\n            <a href=\"\/es\/precio\/encontrar-hoja-lectura-del-capitulo-general\/\" class=\"btn btn-primary\">Encuentra mi hoja<\/a>\n          <\/div>\n        <\/div>\n      <\/div>\n    <\/div>\n  <\/div>\n<\/section>","protected":false},"excerpt":{"rendered":"","protected":false},"author":1,"featured_media":0,"parent":0,"menu_order":0,"comment_status":"closed","ping_status":"closed","template":"","meta":{"_acf_changed":false,"footnotes":""},"class_list":["post-20320","page","type-page","status-publish","hentry"],"acf":[],"yoast_head":"<!-- This site is optimized with the Yoast SEO plugin v26.4 - https:\/\/yoast.com\/wordpress\/plugins\/seo\/ -->\n<title>Blog de My Palm Leaf: Sabidur\u00eda Espiritual y Astrolog\u00eda<\/title>\n<meta name=\"description\" content=\"Explora astrolog\u00eda v\u00e9dica, lecturas de hojas de palma y espiritualidad. Descubre temas profundos para guiar tu camino y expandir tu conciencia.\" \/>\n<meta name=\"robots\" content=\"index, follow, max-snippet:-1, max-image-preview:large, max-video-preview:-1\" \/>\n<link rel=\"canonical\" href=\"https:\/\/mypalmleaf.com\/es\/blogs\/\" \/>\n<meta property=\"og:locale\" content=\"es_ES\" \/>\n<meta property=\"og:type\" content=\"article\" \/>\n<meta property=\"og:title\" content=\"Blog de My Palm Leaf: Sabidur\u00eda Espiritual y Astrolog\u00eda\" \/>\n<meta property=\"og:description\" content=\"Explora astrolog\u00eda v\u00e9dica, lecturas de hojas de palma y espiritualidad. Descubre temas profundos para guiar tu camino y expandir tu conciencia.\" \/>\n<meta property=\"og:url\" content=\"https:\/\/mypalmleaf.com\/es\/blogs\/\" \/>\n<meta property=\"og:site_name\" content=\"My Palm Leaf\" \/>\n<meta property=\"article:modified_time\" content=\"2025-03-27T04:51:17+00:00\" \/>\n<meta property=\"og:image\" content=\"https:\/\/mypalmleaf.com\/wp-content\/uploads\/2025\/08\/mpl-circle-logo.jpg\" \/>\n\t<meta property=\"og:image:width\" content=\"1200\" \/>\n\t<meta property=\"og:image:height\" content=\"1196\" \/>\n\t<meta property=\"og:image:type\" content=\"image\/jpeg\" \/>\n<meta name=\"twitter:card\" content=\"summary_large_image\" \/>\n<script type=\"application\/ld+json\" class=\"yoast-schema-graph\">{\"@context\":\"https:\/\/schema.org\",\"@graph\":[{\"@type\":\"WebPage\",\"@id\":\"https:\/\/mypalmleaf.com\/es\/blogs\/\",\"url\":\"https:\/\/mypalmleaf.com\/es\/blogs\/\",\"name\":\"Blog de My Palm Leaf: Sabidur\u00eda Espiritual y Astrolog\u00eda\",\"isPartOf\":{\"@id\":\"https:\/\/mypalmleaf.com\/#website\"},\"datePublished\":\"2024-08-14T06:28:52+00:00\",\"dateModified\":\"2025-03-27T04:51:17+00:00\",\"description\":\"Explora astrolog\u00eda v\u00e9dica, lecturas de hojas de palma y espiritualidad. Descubre temas profundos para guiar tu camino y expandir tu conciencia.\",\"breadcrumb\":{\"@id\":\"https:\/\/mypalmleaf.com\/es\/blogs\/#breadcrumb\"},\"inLanguage\":\"es\",\"potentialAction\":[{\"@type\":\"ReadAction\",\"target\":[\"https:\/\/mypalmleaf.com\/es\/blogs\/\"]}]},{\"@type\":\"BreadcrumbList\",\"@id\":\"https:\/\/mypalmleaf.com\/es\/blogs\/#breadcrumb\",\"itemListElement\":[{\"@type\":\"ListItem\",\"position\":1,\"name\":\"Home\",\"item\":\"https:\/\/mypalmleaf.com\/es\/\"},{\"@type\":\"ListItem\",\"position\":2,\"name\":\"Blogs\"}]},{\"@type\":\"WebSite\",\"@id\":\"https:\/\/mypalmleaf.com\/#website\",\"url\":\"https:\/\/mypalmleaf.com\/\",\"name\":\"My Palm Leaf\",\"description\":\"\",\"potentialAction\":[{\"@type\":\"SearchAction\",\"target\":{\"@type\":\"EntryPoint\",\"urlTemplate\":\"https:\/\/mypalmleaf.com\/?s={search_term_string}\"},\"query-input\":{\"@type\":\"PropertyValueSpecification\",\"valueRequired\":true,\"valueName\":\"search_term_string\"}}],\"inLanguage\":\"es\"}]}<\/script>\n<!-- \/ Yoast SEO plugin. -->","yoast_head_json":{"title":"Blog de My Palm Leaf: Sabidur\u00eda Espiritual y Astrolog\u00eda","description":"Explora astrolog\u00eda v\u00e9dica, lecturas de hojas de palma y espiritualidad. Descubre temas profundos para guiar tu camino y expandir tu conciencia.","robots":{"index":"index","follow":"follow","max-snippet":"max-snippet:-1","max-image-preview":"max-image-preview:large","max-video-preview":"max-video-preview:-1"},"canonical":"https:\/\/mypalmleaf.com\/es\/blogs\/","og_locale":"es_ES","og_type":"article","og_title":"Blog de My Palm Leaf: Sabidur\u00eda Espiritual y Astrolog\u00eda","og_description":"Explora astrolog\u00eda v\u00e9dica, lecturas de hojas de palma y espiritualidad. Descubre temas profundos para guiar tu camino y expandir tu conciencia.","og_url":"https:\/\/mypalmleaf.com\/es\/blogs\/","og_site_name":"My Palm Leaf","article_modified_time":"2025-03-27T04:51:17+00:00","og_image":[{"width":1200,"height":1196,"url":"https:\/\/mypalmleaf.com\/wp-content\/uploads\/2025\/08\/mpl-circle-logo.jpg","type":"image\/jpeg"}],"twitter_card":"summary_large_image","schema":{"@context":"https:\/\/schema.org","@graph":[{"@type":"WebPage","@id":"https:\/\/mypalmleaf.com\/es\/blogs\/","url":"https:\/\/mypalmleaf.com\/es\/blogs\/","name":"Blog de My Palm Leaf: Sabidur\u00eda Espiritual y Astrolog\u00eda","isPartOf":{"@id":"https:\/\/mypalmleaf.com\/#website"},"datePublished":"2024-08-14T06:28:52+00:00","dateModified":"2025-03-27T04:51:17+00:00","description":"Explora astrolog\u00eda v\u00e9dica, lecturas de hojas de palma y espiritualidad. Descubre temas profundos para guiar tu camino y expandir tu conciencia.","breadcrumb":{"@id":"https:\/\/mypalmleaf.com\/es\/blogs\/#breadcrumb"},"inLanguage":"es","potentialAction":[{"@type":"ReadAction","target":["https:\/\/mypalmleaf.com\/es\/blogs\/"]}]},{"@type":"BreadcrumbList","@id":"https:\/\/mypalmleaf.com\/es\/blogs\/#breadcrumb","itemListElement":[{"@type":"ListItem","position":1,"name":"Home","item":"https:\/\/mypalmleaf.com\/es\/"},{"@type":"ListItem","position":2,"name":"Blogs"}]},{"@type":"WebSite","@id":"https:\/\/mypalmleaf.com\/#website","url":"https:\/\/mypalmleaf.com\/","name":"My Palm Leaf","description":"","potentialAction":[{"@type":"SearchAction","target":{"@type":"EntryPoint","urlTemplate":"https:\/\/mypalmleaf.com\/?s={search_term_string}"},"query-input":{"@type":"PropertyValueSpecification","valueRequired":true,"valueName":"search_term_string"}}],"inLanguage":"es"}]}},"_links":{"self":[{"href":"https:\/\/mypalmleaf.com\/es\/wp-json\/wp\/v2\/pages\/20320","targetHints":{"allow":["GET"]}}],"collection":[{"href":"https:\/\/mypalmleaf.com\/es\/wp-json\/wp\/v2\/pages"}],"about":[{"href":"https:\/\/mypalmleaf.com\/es\/wp-json\/wp\/v2\/types\/page"}],"author":[{"embeddable":true,"href":"https:\/\/mypalmleaf.com\/es\/wp-json\/wp\/v2\/users\/1"}],"replies":[{"embeddable":true,"href":"https:\/\/mypalmleaf.com\/es\/wp-json\/wp\/v2\/comments?post=20320"}],"version-history":[{"count":0,"href":"https:\/\/mypalmleaf.com\/es\/wp-json\/wp\/v2\/pages\/20320\/revisions"}],"wp:attachment":[{"href":"https:\/\/mypalmleaf.com\/es\/wp-json\/wp\/v2\/media?parent=20320"}],"curies":[{"name":"wp","href":"https:\/\/api.w.org\/{rel}","templated":true}]}}