
{"id":20329,"date":"2024-09-01T09:48:00","date_gmt":"2024-09-01T09:48:00","guid":{"rendered":"https:\/\/mypalmleaf.com\/?page_id=20329"},"modified":"2025-06-21T08:56:27","modified_gmt":"2025-06-21T08:56:27","slug":"donaciones","status":"publish","type":"page","link":"https:\/\/mypalmleaf.com\/es\/donaciones\/","title":{"rendered":"Donaciones"},"content":{"rendered":"\n<section class=\"spotlight-main small top-gap\">\n    <!-- <div class=\"slider-wrap\" data-flickity='{ \"cellAlign\": \"left\", \"contain\": true, \"wrapAround\": true, \"setGallerySize\": false }'> -->\n    <div class=\"slider-wrap\" data-flickity='{ \"cellAlign\": \"left\", \"contain\": true, \"wrapAround\": true, \"setGallerySize\": false  }'>\n            <div class=\"slides\">\n        <div class=\"content-wrap\">\n          <div class=\"image\">\n            <picture>\n              <source media=\"(max-width: 999px)\" srcset=\"https:\/\/mypalmleaf.com\/wp-content\/uploads\/2024\/09\/donation-spotlight-mobile.jpg\" \/>\n              <source media=\"(min-width: 1000px)\" srcset=\"https:\/\/mypalmleaf.com\/wp-content\/uploads\/2024\/09\/donation-spotlight-1.jpg\" \/>\n              <img decoding=\"async\" src=\"https:\/\/mypalmleaf.com\/wp-content\/uploads\/2024\/09\/donation-spotlight-1.jpg\" class=\"img-fluid\" alt=\"\" \/>\n            <\/picture>\n          <\/div>\n          <div class=\"content\">\n            <div data-aos=\"fade-up\" data-aos-duration=\"1000\">\n              <h2 class=\"\">Donaciones<\/h2>\n                                 \n            <\/div>\n          <\/div>\n        <\/div>\n      <\/div>\n          <\/div>\n<\/section><section class=\"donation-bottom-block text-center\">\n  <div class=\"container-xl\">\n  <div class=\"row pt-5 donation-top-icon\">\n        <div class=\"col-lg-10 mx-auto\">\n        <ul>\n          <li class=\"text-lg-end\"><img decoding=\"async\" src=\"https:\/\/mypalmleaf.com\/wp-content\/uploads\/2024\/09\/donation-harmony-icon.png\" alt=\"\" class=\"img-fluid\"><\/li>\n          <li><h3>Agradecemos tus donativos<\/h3><\/li>\n          <li class=\"text-lg-start\"><img decoding=\"async\" src=\"https:\/\/mypalmleaf.com\/wp-content\/uploads\/2024\/09\/mpl-circle-logo.png\" alt=\"\" class=\"img-fluid\"><\/li>\n        <\/ul>\n      <\/div>\n      <\/div>\n    <div class=\"row\">\n      <div class=\"col-lg-10 my-5 mx-auto\">\n        <p>Mypalmleaf y nuestra ONG asociada En Armon\u00eda con la Naturaleza e.V. se dedican a co-crear el nuevo mundo, basado en el amor, el despertar y los verdaderos valores.<\/p>\n<p>Somos peque\u00f1as piezas de la enorme red mundial de proyectos e individuos que se dedican a hacer realidad este sue\u00f1o colectivo.<\/p>\n<p>Tus donativos nos ayudan a dedicarnos a esta labor.<\/p>\n<p>Creemos que este trabajo es esencial para crear un mundo basado en el amor, el despertar y los verdaderos valores. Por favor, haz donativos a nuestra organizaci\u00f3n asociada En Armon\u00eda con la Naturaleza, que los distribuir\u00e1 entre los lectores de hojas de palma, los traductores y crear\u00e1 proyectos para construir el nuevo mundo. <\/p>\n<p>A trav\u00e9s de nuestra asociaci\u00f3n, trabajamos para promover una vida sostenible, proteger y regenerar el entorno natural, apoyar a las comunidades locales y difundir la conciencia sobre la interconexi\u00f3n de toda la vida.<\/p>\n<p>Agradecemos el apoyo de nuestros donantes, cuyas aportaciones nos permiten continuar esta importante labor. Tus donativos nos ayudan a financiar nuestros proyectos e iniciativas, a llegar a m\u00e1s personas con nuestro mensaje y a tener un impacto positivo en el mundo. <\/p>\n\n        <a href=\"https:\/\/spenden.twingle.de\/in-harmony-with-nature-e-v\/in-harmony-with-nature-e-v-en-kopie\/tw643cd4fb53874\/page\"  target=\"_blank\" class=\"btn btn-primary btn-lg mt-4\">Haz un donativo para compartir la Sabidur\u00eda de los Rishis<\/a>\n      <\/div>\n    <\/div>\n  <\/div>\n<\/section><section class=\"donation-top-block text-center\">\n  <div class=\"container-xl\">\n    <div class=\"row\">\n      <div class=\"col-lg-8 mx-auto my-5 text-center\">\n        <div class=\"col-lg-12 text-center\">\n          <div class=\"video-place-holder my-4\">\n            <div class=\"heading mb-3\">Presentaci\u00f3n de En armon\u00eda con la naturaleza | Organizaci\u00f3n asociada a Mypalmleaf<\/div>\n            <div class=\"video rounded-asset\">\n              <img decoding=\"async\" src=\"https:\/\/mypalmleaf.com\/wp-content\/uploads\/2024\/09\/donation-video-thumb.png\" class=\"img-fluid\" alt=\"\"><div class=\"play-icon\"><\/div>\n              <a href=\"https:\/\/www.youtube.com\/watch?v=IyDUBCgcutc\" class=\"stretched-link\" data-lity><\/a>\n            <\/div>\n          <\/div>\n          <a href=\"https:\/\/spenden.twingle.de\/in-harmony-with-nature-e-v\/in-harmony-with-nature-e-v-en-kopie\/tw643cd4fb53874\/page\" target=\"_blank\" class=\"btn btn-primary btn-lg my-2\">Haz un donativo para compartir la Sabidur\u00eda de los Rishis<\/a>\n        <\/div>\n      <\/div>\n    <\/div>\n  <\/div>\n<\/section>\n<div class=\"container my-5\">\n  <div class=\"row\">\n    <!-- First Column -->\n    <div class=\"col-md-6 mb-4\">\n      <div class=\"video-place-holder my-4\">\n          \n            <div class=\"video rounded-asset\">\n              <img decoding=\"async\" src=\"\/wp-content\/uploads\/2025\/06\/bali-donation-video-thumb.jpg\" class=\"img-fluid\" alt=\"\"\/><div class=\"play-icon\"><\/div>\n              <a href=\"https:\/\/youtube.com\/watch?v=CZg0nTW-ZNc\" class=\"stretched-link\" data-lity=\"\"><\/a>\n            <\/div>\n  <div class=\"heading my-3\">C\u00f3mo tus lecturas de la hoja de la palma de la mano ayudan a transformar vidas: Apoyo al Hogar Infantil Ananda Seva Dharma\n<\/div>\n          <\/div>\n    <\/div>\n\n    <!-- Second Column -->\n    <div class=\"col-md-6 mb-4\">\n      <div class=\"video-place-holder my-4\">\n            <div class=\"video rounded-asset\">\n              <img decoding=\"async\" src=\"\/wp-content\/uploads\/2025\/06\/india-donation-video-thumb.jpg\" class=\"img-fluid\" alt=\"\"\/><div class=\"play-icon\"><\/div>\n              <a href=\"https:\/\/www.youtube.com\/watch?v=OPTRiyZWTa0\" class=\"stretched-link\" data-lity=\"\"><\/a>\n            <\/div>\n            <div class=\"heading my-3\">20.000 comidas donadas &#8211; \u00a1Gracias a ti! | Nuestro Viaje al Templo de Navagraha <\/div>\n\n          <\/div>\n    <\/div>\n  <\/div>\n<\/div>\n\n","protected":false},"excerpt":{"rendered":"<p>C\u00f3mo tus lecturas de la hoja de la palma de la mano ayudan a transformar vidas: Apoyo al Hogar Infantil Ananda Seva Dharma 20.000 comidas donadas &#8211; \u00a1Gracias a ti! | Nuestro Viaje al Templo de Navagraha<\/p>\n","protected":false},"author":1,"featured_media":0,"parent":0,"menu_order":0,"comment_status":"closed","ping_status":"closed","template":"","meta":{"_acf_changed":false,"footnotes":""},"class_list":["post-20329","page","type-page","status-publish","hentry"],"acf":[],"yoast_head":"<!-- This site is optimized with the Yoast SEO plugin v26.4 - https:\/\/yoast.com\/wordpress\/plugins\/seo\/ -->\n<title>Donaciones: Apoya Nuestros Proyectos de Transformaci\u00f3n Global<\/title>\n<meta name=\"description\" content=\"Contribuye a crear un mundo basado en el amor y la conciencia. Tu donaci\u00f3n apoya proyectos de sostenibilidad y ayuda a promover el despertar global.\" \/>\n<meta name=\"robots\" content=\"index, follow, max-snippet:-1, max-image-preview:large, max-video-preview:-1\" \/>\n<link rel=\"canonical\" href=\"https:\/\/mypalmleaf.com\/es\/donaciones\/\" \/>\n<meta property=\"og:locale\" content=\"es_ES\" \/>\n<meta property=\"og:type\" content=\"article\" \/>\n<meta property=\"og:title\" content=\"Donaciones: Apoya Nuestros Proyectos de Transformaci\u00f3n Global\" \/>\n<meta property=\"og:description\" content=\"Contribuye a crear un mundo basado en el amor y la conciencia. Tu donaci\u00f3n apoya proyectos de sostenibilidad y ayuda a promover el despertar global.\" \/>\n<meta property=\"og:url\" content=\"https:\/\/mypalmleaf.com\/es\/donaciones\/\" \/>\n<meta property=\"og:site_name\" content=\"My Palm Leaf\" \/>\n<meta property=\"article:modified_time\" content=\"2025-06-21T08:56:27+00:00\" \/>\n<meta property=\"og:image\" content=\"https:\/\/mypalmleaf.com\/wp-content\/uploads\/2025\/08\/mpl-circle-logo.jpg\" \/>\n\t<meta property=\"og:image:width\" content=\"1200\" \/>\n\t<meta property=\"og:image:height\" content=\"1196\" \/>\n\t<meta property=\"og:image:type\" content=\"image\/jpeg\" \/>\n<meta name=\"twitter:card\" content=\"summary_large_image\" \/>\n<script type=\"application\/ld+json\" class=\"yoast-schema-graph\">{\"@context\":\"https:\/\/schema.org\",\"@graph\":[{\"@type\":\"WebPage\",\"@id\":\"https:\/\/mypalmleaf.com\/es\/donaciones\/\",\"url\":\"https:\/\/mypalmleaf.com\/es\/donaciones\/\",\"name\":\"Donaciones: Apoya Nuestros Proyectos de Transformaci\u00f3n Global\",\"isPartOf\":{\"@id\":\"https:\/\/mypalmleaf.com\/#website\"},\"datePublished\":\"2024-09-01T09:48:00+00:00\",\"dateModified\":\"2025-06-21T08:56:27+00:00\",\"description\":\"Contribuye a crear un mundo basado en el amor y la conciencia. Tu donaci\u00f3n apoya proyectos de sostenibilidad y ayuda a promover el despertar global.\",\"breadcrumb\":{\"@id\":\"https:\/\/mypalmleaf.com\/es\/donaciones\/#breadcrumb\"},\"inLanguage\":\"es\",\"potentialAction\":[{\"@type\":\"ReadAction\",\"target\":[\"https:\/\/mypalmleaf.com\/es\/donaciones\/\"]}]},{\"@type\":\"BreadcrumbList\",\"@id\":\"https:\/\/mypalmleaf.com\/es\/donaciones\/#breadcrumb\",\"itemListElement\":[{\"@type\":\"ListItem\",\"position\":1,\"name\":\"Home\",\"item\":\"https:\/\/mypalmleaf.com\/es\/\"},{\"@type\":\"ListItem\",\"position\":2,\"name\":\"Donaciones\"}]},{\"@type\":\"WebSite\",\"@id\":\"https:\/\/mypalmleaf.com\/#website\",\"url\":\"https:\/\/mypalmleaf.com\/\",\"name\":\"My Palm Leaf\",\"description\":\"\",\"potentialAction\":[{\"@type\":\"SearchAction\",\"target\":{\"@type\":\"EntryPoint\",\"urlTemplate\":\"https:\/\/mypalmleaf.com\/?s={search_term_string}\"},\"query-input\":{\"@type\":\"PropertyValueSpecification\",\"valueRequired\":true,\"valueName\":\"search_term_string\"}}],\"inLanguage\":\"es\"}]}<\/script>\n<!-- \/ Yoast SEO plugin. -->","yoast_head_json":{"title":"Donaciones: Apoya Nuestros Proyectos de Transformaci\u00f3n Global","description":"Contribuye a crear un mundo basado en el amor y la conciencia. Tu donaci\u00f3n apoya proyectos de sostenibilidad y ayuda a promover el despertar global.","robots":{"index":"index","follow":"follow","max-snippet":"max-snippet:-1","max-image-preview":"max-image-preview:large","max-video-preview":"max-video-preview:-1"},"canonical":"https:\/\/mypalmleaf.com\/es\/donaciones\/","og_locale":"es_ES","og_type":"article","og_title":"Donaciones: Apoya Nuestros Proyectos de Transformaci\u00f3n Global","og_description":"Contribuye a crear un mundo basado en el amor y la conciencia. Tu donaci\u00f3n apoya proyectos de sostenibilidad y ayuda a promover el despertar global.","og_url":"https:\/\/mypalmleaf.com\/es\/donaciones\/","og_site_name":"My Palm Leaf","article_modified_time":"2025-06-21T08:56:27+00:00","og_image":[{"width":1200,"height":1196,"url":"https:\/\/mypalmleaf.com\/wp-content\/uploads\/2025\/08\/mpl-circle-logo.jpg","type":"image\/jpeg"}],"twitter_card":"summary_large_image","schema":{"@context":"https:\/\/schema.org","@graph":[{"@type":"WebPage","@id":"https:\/\/mypalmleaf.com\/es\/donaciones\/","url":"https:\/\/mypalmleaf.com\/es\/donaciones\/","name":"Donaciones: Apoya Nuestros Proyectos de Transformaci\u00f3n Global","isPartOf":{"@id":"https:\/\/mypalmleaf.com\/#website"},"datePublished":"2024-09-01T09:48:00+00:00","dateModified":"2025-06-21T08:56:27+00:00","description":"Contribuye a crear un mundo basado en el amor y la conciencia. Tu donaci\u00f3n apoya proyectos de sostenibilidad y ayuda a promover el despertar global.","breadcrumb":{"@id":"https:\/\/mypalmleaf.com\/es\/donaciones\/#breadcrumb"},"inLanguage":"es","potentialAction":[{"@type":"ReadAction","target":["https:\/\/mypalmleaf.com\/es\/donaciones\/"]}]},{"@type":"BreadcrumbList","@id":"https:\/\/mypalmleaf.com\/es\/donaciones\/#breadcrumb","itemListElement":[{"@type":"ListItem","position":1,"name":"Home","item":"https:\/\/mypalmleaf.com\/es\/"},{"@type":"ListItem","position":2,"name":"Donaciones"}]},{"@type":"WebSite","@id":"https:\/\/mypalmleaf.com\/#website","url":"https:\/\/mypalmleaf.com\/","name":"My Palm Leaf","description":"","potentialAction":[{"@type":"SearchAction","target":{"@type":"EntryPoint","urlTemplate":"https:\/\/mypalmleaf.com\/?s={search_term_string}"},"query-input":{"@type":"PropertyValueSpecification","valueRequired":true,"valueName":"search_term_string"}}],"inLanguage":"es"}]}},"_links":{"self":[{"href":"https:\/\/mypalmleaf.com\/es\/wp-json\/wp\/v2\/pages\/20329","targetHints":{"allow":["GET"]}}],"collection":[{"href":"https:\/\/mypalmleaf.com\/es\/wp-json\/wp\/v2\/pages"}],"about":[{"href":"https:\/\/mypalmleaf.com\/es\/wp-json\/wp\/v2\/types\/page"}],"author":[{"embeddable":true,"href":"https:\/\/mypalmleaf.com\/es\/wp-json\/wp\/v2\/users\/1"}],"replies":[{"embeddable":true,"href":"https:\/\/mypalmleaf.com\/es\/wp-json\/wp\/v2\/comments?post=20329"}],"version-history":[{"count":0,"href":"https:\/\/mypalmleaf.com\/es\/wp-json\/wp\/v2\/pages\/20329\/revisions"}],"wp:attachment":[{"href":"https:\/\/mypalmleaf.com\/es\/wp-json\/wp\/v2\/media?parent=20329"}],"curies":[{"name":"wp","href":"https:\/\/api.w.org\/{rel}","templated":true}]}}