
{"id":20332,"date":"2024-08-14T07:24:30","date_gmt":"2024-08-14T07:24:30","guid":{"rendered":"https:\/\/mypalmleaf.com\/?page_id=20332"},"modified":"2025-03-27T05:09:34","modified_gmt":"2025-03-27T05:09:34","slug":"preguntas-mas-frecuentes","status":"publish","type":"page","link":"https:\/\/mypalmleaf.com\/es\/preguntas-mas-frecuentes\/","title":{"rendered":"Preguntas Frecuentes"},"content":{"rendered":"<section class=\"faq-top-section my-6 mb-4 mt-xs-4\">\n  <div class=\"container\">\n    <div class=\"row mb-4 justify-content-center\">\n      <div class=\"col-lg-10 text-center\" data-aos=\"fade-up\" data-aos-duration=\"1000\">\n        <h1 class=\"py-4\">Preguntas frecuentes<\/h1>\n      <\/div>\n    <\/div>\n    <div class=\"row\">\n      <div class=\"col-lg-10 mx-auto\">\n        <div class=\"row justify-content-between align-items-center\">\n          <div class=\"col-lg-7\" data-aos=\"fade-up\" data-aos-duration=\"1000\">\n            <div class=\"rounded-asset\">\n              <img decoding=\"async\" src=\"https:\/\/mypalmleaf.com\/wp-content\/uploads\/2024\/08\/stefan.jpg\" class=\"img-fluid\" alt=\"\">\n              <div class=\"play-icon\"><\/div>\n              <a href=\"https:\/\/www.youtube.com\/watch?v=j2Qfd2arnYs\" class=\"stretched-link\" data-lity><\/a>\n            <\/div>\n          <\/div>\n          <div class=\"col-lg-5\" data-aos=\"fade-up\" data-aos-duration=\"1000\">\n            <h3>Respuestas a las 10 preguntas m\u00e1s frecuentes sobre las profec\u00edas de las hojas de palma.<\/h3>\n          <\/div>\n        <\/div>\n      <\/div>\n\n    <\/div>\n  <\/div>\n<\/section>\n\n<div class=\"acc-wrap-bind\">\n  <section class=\"acc-nav-block my-5 py-3\" data-aos=\"fade-up\" data-aos-duration=\"1000\">\n    <div class=\"container\">\n      <div class=\"row justify-content-center\">\n        <div class=\"col-lg-8 faqs-heading\">\n          <ul>\n                                      <li>\n                <a href=\"#general-questions\" class=\"active\">\n                  Preguntas generales<\/a>\n              <\/li>\n                                        <li>\n                <a href=\"#about-the-reading\" class=\"\">\n                  Acerca de las lecturas<\/a>\n              <\/li>\n                                        <li>\n                <a href=\"#about-the-remedies\" class=\"\">\n                  Acerca de los remedios<\/a>\n              <\/li>\n                                    <\/ul>\n        <\/div>\n      <\/div>\n    <\/div>\n  <\/section>\n\n        <section class=\"accordion-container position-relative\" data-aos=\"fade-up\" data-aos-duration=\"1000\" id=\"general-questions\">\n      <div class=\"container-xl\">\n        <div class=\"row\">\n          <h3>Preguntas generales<\/h3>\n          <div class=\"accr-wrap\">\n                          <div class=\"head\">\u00bfExisten hojas de palma, para todas las personas?<\/div>\n              <div class=\"content\">\n                <p>No, no todo el mundo tiene una hoja de palma escrita para ellos. Sin embargo, aquellas personas que sienten el llamado a buscar su hoja, muchas veces tienen una esper\u00e1ndola.<\/p>\n              <\/div>\n                          <div class=\"head\">\u00bfQui\u00e9n escribi\u00f3 las Hojas de Palma?<\/div>\n              <div class=\"content\">\n                <p>Seg\u00fan la leyenda, las Hojas de Palma fueron escritas hace miles de a\u00f1os por los \u00abRishis\u00bb, un grupo de sabios que estaban mucho m\u00e1s desarrollados espiritualmente que las personas de hoy en d\u00eda. Su conciencia era incre\u00edblemente expansiva, lo que les permit\u00eda procesar mucha m\u00e1s informaci\u00f3n. Adem\u00e1s, viv\u00edan cientos o incluso miles de a\u00f1os.<\/p>\n              <\/div>\n                          <div class=\"head\">\u00bfD\u00f3nde est\u00e1n las hojas de palma?<\/div>\n              <div class=\"content\">\n                <p>Las hojas de palma se almacenan en las bibliotecas de hojas de palma, que se encuentran principalmente en el sur de la India. Tambi\u00e9n hay algunas bibliotecas peque\u00f1as en el norte de la India, Sri Lanka y Bali.<\/p>\n              <\/div>\n                          <div class=\"head\">\u00bfCu\u00e1ntas hojas de Palma y bibliotecas de hojas de Palma hay?<\/div>\n              <div class=\"content\">\n                <p>Nadie sabe cu\u00e1ntas hojas de palma o bibliotecas existen. No existe un sistema centralizado.<\/p>\n              <\/div>\n                          <div class=\"head\">\u00bfQui\u00e9nes son los lectores de Hojas de Palma?<\/div>\n              <div class=\"content\">\n                <p>Los lectores de hojas de Palma con los que trabajamos han sido capacitados durante muchas generaciones. El antiguo arte de leer las hojas de palma se ha transmitido de padres a hijos a lo largo de muchas generaciones. Est\u00e1n ubicados en Tamil Nadu, en el sur de la India.<\/p>\n              <\/div>\n                          <div class=\"head\">\u00bfC\u00f3mo podr\u00edan los Rishis conocer y escribir sobre tecnolog\u00eda moderna, nombres, etc.?<\/div>\n              <div class=\"content\">\n                <p>Las Hojas de Palma fueron escritas en el antiguo tamil, que es un lenguaje muy po\u00e9tico que describe situaciones y objetos.<\/p>\n<p>Es importante el papel del traductor transformar estas largas frases po\u00e9ticas al ingl\u00e9s moderno. Por ejemplo, la Hoja de Palma podr\u00eda decir: \u201cEl buscador est\u00e1 inventando m\u00fasica y la guarda en objetos redondos\u201d y el traductor podr\u00eda decir \u201cT\u00fa eres m\u00fasico y has grabado un CD\u201d.<\/p>\n<p>El tamil es un idioma basado en sonidos. Por lo tanto, descifrar los nombres occidentales del siglo XXI suele ser un proceso complicado. El lector pronuncia los sonidos de los s\u00edmbolos y, con la ayuda del traductor y del buscador, identifican tu nombre.<\/p>\n              <\/div>\n                          <div class=\"head\">\u00bfPor qu\u00e9 existen diferentes formatos de lecturas de Hoja de Palma?<\/div>\n              <div class=\"content\">\n                <p>La historia del Nadi es una mezcla de leyenda y misterio, que act\u00faa de maneras milagrosas. Se dice que las Hojas de Palma fueron escritas por los <strong>Sapta Rishis<\/strong>, un grupo de siete sabios (Sapta significa \u00absiete\u00bb). Esto significa que una persona puede tener hasta siete versiones diferentes de su biograf\u00eda, cada una escrita por un Rishi diferente. El principal autor de las Hojas de Palma es el Rishi <strong>Agastya<\/strong>, aunque tambi\u00e9n existen otros formatos de Nadi escritos por el mismo sabio. Las bibliotecas con las que trabajamos realizan principalmente lecturas del Rishi Agastya, pero las hojas de otros Rishis est\u00e1n disponibles bajo solicitud.<\/p>\n              <\/div>\n                          <div class=\"head\">\u00bfSer\u00eda viajar personalmente a una biblioteca de la India?<\/div>\n              <div class=\"content\">\n                <p>La informaci\u00f3n que recibes durante una lectura de Hojas de Palma por Zoom se entrega de la misma manera que si estuvieras en una aut\u00e9ntica biblioteca de Hojas de Palma en la India. Sin embargo, el viaje a la India, un lugar tan m\u00edstico, para descubrir tu destino, es tambi\u00e9n una peregrinaci\u00f3n hermosa. Si puedes viajar a la India para visitar una biblioteca, por supuesto que es lo ideal. Pero tener la lectura en l\u00ednea, en el momento que la necesitas, puede ser m\u00e1s beneficioso que esperar a\u00f1os para ir a la India. Sigue tu intuici\u00f3n, y sabr\u00e1s cu\u00e1ndo es el momento adecuado para ti.<\/p>\n              <\/div>\n                          <div class=\"head\">\u00bfCu\u00e1l es el costo y qu\u00e9 incluye?<\/div>\n              <div class=\"content\">\n                <p>El costo por la b\u00fasqueda e identificaci\u00f3n de tu hoja, junto con la lectura del cap\u00edtulo general y el cap\u00edtulo 14, es de 289 euros (m\u00e1s IVA). Esto incluye la b\u00fasqueda f\u00edsica de paquetes que podr\u00edan contener tu hoja en las bibliotecas de la India, as\u00ed como el proceso de cotejamiento con el lector, el traductor y, en la mayor\u00eda de los casos, tambi\u00e9n un moderador. La b\u00fasqueda en las bibliotecas puede llevar varias horas. La cotejaci\u00f3n puede durar hasta 2 horas (aunque en la mayor\u00eda de los casos exitosos toma alrededor de 1 hora), y la lectura del cap\u00edtulo general y el cap\u00edtulo 14 toma entre 2 y 3 horas.<\/p>\n<p>La traducci\u00f3n a otros idiomas est\u00e1 disponible por 38 euros.<\/p>\n<p>Si m\u00e1s adelante deseas reservar cap\u00edtulos adicionales, el costo por cap\u00edtulo es de 49-79 euros, y la lectura de cada cap\u00edtulo dura entre 15 y 60 minutos.<\/p>\n              <\/div>\n                      <\/div>\n        <\/div>\n      <\/div>\n          <\/section>\n          <section class=\"accordion-container position-relative\" data-aos=\"fade-up\" data-aos-duration=\"1000\" id=\"about-the-reading\">\n      <div class=\"container-xl\">\n        <div class=\"row\">\n          <h3>Acerca de las lecturas<\/h3>\n          <div class=\"accr-wrap\">\n                          <div class=\"head\">\u00bfCuanto tiempo dura la lectura?<\/div>\n              <div class=\"content\">\n                <p>En promedio, el proceso de emparejamiento y la lectura duran entre 2,5 y 3 horas.<\/p>\n<p>Sin embargo, no podemos decir de antemano cu\u00e1nto tiempo llevar\u00e1, ya que depende de cu\u00e1ndo (o si) se encuentra la hoja. Una vez identificada tu Hoja de Palma personal, la lectura del cap\u00edtulo general y de los cap\u00edtulos 13 y 14 le llevar\u00e1 entre 1 y 2 horas.<\/p>\n              <\/div>\n                          <div class=\"head\">\u00bfEs posible que no se pueda encontrar mi hoja?<\/div>\n              <div class=\"content\">\n                <p>S\u00ed, a veces pasa que no se puede encontrar tu hoja. Esto es com\u00fan y puede deberse a diferentes razones. Puede ser que no haya una hoja para ti, o que simplemente no sea el momento adecuado. Nos aseguramos de hacer una b\u00fasqueda exhaustiva, y si a\u00fan no la encontramos, te recomendamos esperar al menos 30 d\u00edas antes de intentarlo de nuevo.<\/p>\n              <\/div>\n                          <div class=\"head\">\u00bfC\u00f3mo debo prepararme para una lectura?<\/div>\n              <div class=\"content\">\n                <p>Aseg\u00farate de estar en un lugar silencioso, tranquilo y con una buena conexi\u00f3n a Internet. Internamente te recomendamos estar descansado y abordar la lectura con mucho respeto y apertura. Un sabio compasivo escribi\u00f3 la predicci\u00f3n de tu vida hace miles de a\u00f1os, la cual se ha conservado durante muchas generaciones para poder leerla hoy. Es verdaderamente un evento especial y cuanto m\u00e1s consciente seas de \u00e9l, m\u00e1s profundos ser\u00e1n sus efectos.<\/p>\n              <\/div>\n                          <div class=\"head\">\u00bfMe dir\u00e1 cu\u00e1ndo morir\u00e9?<\/div>\n              <div class=\"content\">\n                <p>Cuando encuentres tu Hoja de Palma, primero tendr\u00e1s la lectura del cap\u00edtulo general que no contiene tu fecha ni el motivo de tu muerte. Sin embargo, si quieres saber la fecha de tu muerte, puedes reservar la lectura de tu cap\u00edtulo 8 una vez identificada tu hoja. El Cap\u00edtulo 8 contiene la fecha y el motivo de tu muerte y s\u00f3lo si deseas saberlo, puede ser revelado.<\/p>\n              <\/div>\n                      <\/div>\n        <\/div>\n      <\/div>\n          <\/section>\n          <section class=\"accordion-container position-relative\" data-aos=\"fade-up\" data-aos-duration=\"1000\" id=\"about-the-remedies\">\n      <div class=\"container-xl\">\n        <div class=\"row\">\n          <h3>Acerca de los remedios<\/h3>\n          <div class=\"accr-wrap\">\n                          <div class=\"head\">\u00bfCuales son los remedios?<\/div>\n              <div class=\"content\">\n                <p>El objetivo principal de las Hojas de Palma es ofrecer orientaci\u00f3n al buscador, d\u00e1ndole una perspectiva m\u00e1s amplia de su vida y ofrecer herramientas para mejorar la experiencia del camino de la vida, en forma de remedios. Los Rishis pod\u00edan ver qu\u00e9 tipo de Karma tendr\u00eda un individuo y eso crear\u00eda probables obst\u00e1culos en su vida. Tambi\u00e9n vieron qu\u00e9 tipo de herramientas ser\u00edan \u00fatiles para transformar este Karma o proteger al buscador de sus efectos m\u00e1s da\u00f1inos. Principalmente los cap\u00edtulos 13 y 14 hablan sobre el antiguo Karma y ofrecen soluciones en forma de remedios. Estos remedios pueden ser acciones simples como donar dinero a una determinada causa, alimentar a un animal, regalar ropa a una persona necesitada; peregrinaciones a lugares sagrados o pr\u00e1cticas y rituales espec\u00edficos.<\/p>\n              <\/div>\n                          <div class=\"head\">\u00bfQu\u00e9 es el Karma?<\/div>\n              <div class=\"content\">\n                <p>La palabra \u00abKarma\u00bb se traduce como \u00abAcci\u00f3n\u00bb. Cada acci\u00f3n de cuerpo, palabra y mente que hayamos cometido alguna vez tiene un impacto energ\u00e9tico en el universo as\u00ed como en nuestro propio campo energ\u00e9tico. Nuestro campo de energ\u00eda consiste b\u00e1sicamente en una combinaci\u00f3n muy compleja de todas nuestras acciones previas a lo largo de innumerables vidas. Seg\u00fan la frecuencia multidimensional de nuestro campo energ\u00e9tico, atraemos determinadas experiencias a nuestra vida.<\/p>\n              <\/div>\n                          <div class=\"head\">\u00bfC\u00f3mo funcionan los remedios?<\/div>\n              <div class=\"content\">\n                <p>Todo en el universo se compone de energ\u00eda. Somos un campo energ\u00e9tico complejo y en funci\u00f3n de sus frecuencias atraemos determinadas experiencias. Los Rishis pod\u00edan ver y predecir cu\u00e1les de nuestras acciones pasadas crearon ciertas frecuencias y qu\u00e9 resultado probable tendr\u00edan. Tambi\u00e9n vieron y predijeron qu\u00e9 tipo de acci\u00f3n o pr\u00e1ctica espiritual invocar\u00eda la energ\u00eda espec\u00edfica que transformar\u00eda o equilibrar\u00eda esa frecuencia da\u00f1ina. Por tanto, los remedios son medicinas energ\u00e9ticas muy espec\u00edficas para transformar y equilibrar nuestro Karma.<\/p>\n              <\/div>\n                          <div class=\"head\">\u00bfQu\u00e9 es un Mantra?<\/div>\n              <div class=\"content\">\n                <p>Un mantra es una vibraci\u00f3n sonora en s\u00e1nscrito que invoca y transmite una energ\u00eda y frecuencia espec\u00edficas. Al recitar un mantra, ya sea en voz alta o internamente, podemos atraer diferentes energ\u00edas de vibraciones particulares<\/p>\n              <\/div>\n                          <div class=\"head\">\u00bfQu\u00e9 es un Yantra?<\/div>\n              <div class=\"content\">\n                <p>De la misma manera que un Mantra es energ\u00eda en forma de sonido, un Yantra es energ\u00eda en forma de estructura geom\u00e9trica. Es una frecuencia energ\u00e9tica hecha visible, que puede ser en 2D o 3D.<\/p>\n              <\/div>\n                          <div class=\"head\">\u00bfQu\u00e9 es una Puja?<\/div>\n              <div class=\"content\">\n                <p>Una Puja es una ceremonia que a menudo se lleva a cabo para una deidad hind\u00fa espec\u00edfica. Las deidades son b\u00e1sicamente personificaciones de energ\u00edas espec\u00edficas. Cuando se celebra una pooja para un Dios o Diosa espec\u00edfica, esta frecuencia espec\u00edfica se invoca en la vida de la persona para quien se celebra la puja.<\/p>\n              <\/div>\n                          <div class=\"head\">\u00bfQu\u00e9 es un Homa?<\/div>\n              <div class=\"content\">\n                <p>Un Homa es una puja m\u00e1s compleja y poderosa que se realiza en forma de ceremonia de fuego, con el prop\u00f3sito de honrar e invocar a diferentes deidades, invitando sus bendiciones a la vida de la persona para quien se celebra.<\/p>\n              <\/div>\n                          <div class=\"head\">\u00bfQu\u00e9 es el Japa?<\/div>\n              <div class=\"content\">\n                <p>La pr\u00e1ctica de Japa es la Sadhana (pr\u00e1ctica espiritual) de cantar continuamente un Mantra espec\u00edfico, como por ejemplo \u201cOm Namah Shivaya\u201d. Hacer una pr\u00e1ctica diaria de Japa ayuda a limpiar y enfocar la mente. Tambi\u00e9n se puede hacer para que otra persona bendiga a esta persona con una energ\u00eda espec\u00edfica.<\/p>\n              <\/div>\n                      <\/div>\n        <\/div>\n      <\/div>\n                        <div class=\"parallax-item-4 parallax-item\" data-speed=\".08\"><img decoding=\"async\" src=\"https:\/\/mypalmleaf.com\/wp-content\/uploads\/2024\/09\/parallax-item-4.png\" class=\"img-fluid\" alt=\"\"><\/div>\n                  <\/section>\n      <\/div>\n\n\n<section class=\"find-your-palm-leaf-block\" data-aos=\"fade-up\" data-aos-duration=\"1000\">\n  <div class=\"container-fluid px-0\">\n    <div class=\"row g-0\">\n      <div class=\"col\">\n        <div class=\"find-your-leaf-bg\">\n          <picture>\n            <source media=\"(max-width: 999px)\" srcset=\"https:\/\/mypalmleaf.com\/wp-content\/uploads\/2024\/08\/Find-your-Palm-Leaf-mob.webp\" \/>\n            <source media=\"(min-width: 1000px)\" srcset=\"https:\/\/mypalmleaf.com\/wp-content\/uploads\/2024\/08\/Find-your-Palm-Leaf.webp\" \/>\n            <img decoding=\"async\" src=\"https:\/\/mypalmleaf.com\/wp-content\/uploads\/2024\/08\/Find-your-Palm-Leaf.webp\" class=\"img-fluid\" alt=\"\" \/>\n          <\/picture>\n        <\/div>\n      <\/div>\n    <\/div>\n    <div class=\"content\">\n      <div class=\"container-xl\" data-aos=\"fade-up\" data-aos-duration=\"1000\">\n        <div class=\"row py-4\">\n          <div class=\"col-lg-8 mx-auto\">\n            <h2 class=\"mb-2\">\u00a1Encuentra tu hoja de palma!<\/h2>\n            <ul>\n<li>Todo lo que necesitas para empezar a buscar tu Hoja de Palma es tu huella digital.<\/li>\n<li>Si necesita una traducci\u00f3n a otro idioma, podemos hacerlo por ti.<\/li>\n<li>Si no podemos encontrar su hoja de palma dentro de 3 sesiones, te devolvemos el total de tu inversi\u00f3n.<\/li>\n<\/ul>\n          <\/div>\n        <\/div>\n        <div class=\"row mt-4\">\n          <div class=\"col text-center\">\n            <a href=\"\/es\/prices\/find-your-palm-leaf-and-read-the-general-chapter\/\" class=\"btn btn-primary\">Encuentra mi hoja<\/a>\n          <\/div>\n        <\/div>\n      <\/div>\n    <\/div>\n  <\/div>\n<\/section>","protected":false},"excerpt":{"rendered":"","protected":false},"author":1,"featured_media":0,"parent":0,"menu_order":0,"comment_status":"closed","ping_status":"closed","template":"","meta":{"_acf_changed":false,"footnotes":""},"class_list":["post-20332","page","type-page","status-publish","hentry"],"acf":[],"yoast_head":"<!-- This site is optimized with the Yoast SEO plugin v26.4 - https:\/\/yoast.com\/wordpress\/plugins\/seo\/ -->\n<title>Preguntas Frecuentes sobre las Lecturas de Hojas de Palma<\/title>\n<meta name=\"description\" content=\"Resuelve tus dudas sobre las lecturas de hojas de palma: proceso, costos, b\u00fasqueda de tu hoja y m\u00e1s. Encuentra respuestas a las preguntas m\u00e1s comunes.\" \/>\n<meta name=\"robots\" content=\"index, follow, max-snippet:-1, max-image-preview:large, max-video-preview:-1\" \/>\n<link rel=\"canonical\" href=\"https:\/\/mypalmleaf.com\/es\/preguntas-mas-frecuentes\/\" \/>\n<meta property=\"og:locale\" content=\"es_ES\" \/>\n<meta property=\"og:type\" content=\"article\" \/>\n<meta property=\"og:title\" content=\"Preguntas Frecuentes sobre las Lecturas de Hojas de Palma\" \/>\n<meta property=\"og:description\" content=\"Resuelve tus dudas sobre las lecturas de hojas de palma: proceso, costos, b\u00fasqueda de tu hoja y m\u00e1s. Encuentra respuestas a las preguntas m\u00e1s comunes.\" \/>\n<meta property=\"og:url\" content=\"https:\/\/mypalmleaf.com\/es\/preguntas-mas-frecuentes\/\" \/>\n<meta property=\"og:site_name\" content=\"My Palm Leaf\" \/>\n<meta property=\"article:modified_time\" content=\"2025-03-27T05:09:34+00:00\" \/>\n<meta property=\"og:image\" content=\"https:\/\/mypalmleaf.com\/wp-content\/uploads\/2025\/08\/mpl-circle-logo.jpg\" \/>\n\t<meta property=\"og:image:width\" content=\"1200\" \/>\n\t<meta property=\"og:image:height\" content=\"1196\" \/>\n\t<meta property=\"og:image:type\" content=\"image\/jpeg\" \/>\n<meta name=\"twitter:card\" content=\"summary_large_image\" \/>\n<script type=\"application\/ld+json\" class=\"yoast-schema-graph\">{\"@context\":\"https:\/\/schema.org\",\"@graph\":[{\"@type\":\"WebPage\",\"@id\":\"https:\/\/mypalmleaf.com\/es\/preguntas-mas-frecuentes\/\",\"url\":\"https:\/\/mypalmleaf.com\/es\/preguntas-mas-frecuentes\/\",\"name\":\"Preguntas Frecuentes sobre las Lecturas de Hojas de Palma\",\"isPartOf\":{\"@id\":\"https:\/\/mypalmleaf.com\/#website\"},\"datePublished\":\"2024-08-14T07:24:30+00:00\",\"dateModified\":\"2025-03-27T05:09:34+00:00\",\"description\":\"Resuelve tus dudas sobre las lecturas de hojas de palma: proceso, costos, b\u00fasqueda de tu hoja y m\u00e1s. Encuentra respuestas a las preguntas m\u00e1s comunes.\",\"breadcrumb\":{\"@id\":\"https:\/\/mypalmleaf.com\/es\/preguntas-mas-frecuentes\/#breadcrumb\"},\"inLanguage\":\"es\",\"potentialAction\":[{\"@type\":\"ReadAction\",\"target\":[\"https:\/\/mypalmleaf.com\/es\/preguntas-mas-frecuentes\/\"]}]},{\"@type\":\"BreadcrumbList\",\"@id\":\"https:\/\/mypalmleaf.com\/es\/preguntas-mas-frecuentes\/#breadcrumb\",\"itemListElement\":[{\"@type\":\"ListItem\",\"position\":1,\"name\":\"Home\",\"item\":\"https:\/\/mypalmleaf.com\/es\/\"},{\"@type\":\"ListItem\",\"position\":2,\"name\":\"Preguntas Frecuentes\"}]},{\"@type\":\"WebSite\",\"@id\":\"https:\/\/mypalmleaf.com\/#website\",\"url\":\"https:\/\/mypalmleaf.com\/\",\"name\":\"My Palm Leaf\",\"description\":\"\",\"potentialAction\":[{\"@type\":\"SearchAction\",\"target\":{\"@type\":\"EntryPoint\",\"urlTemplate\":\"https:\/\/mypalmleaf.com\/?s={search_term_string}\"},\"query-input\":{\"@type\":\"PropertyValueSpecification\",\"valueRequired\":true,\"valueName\":\"search_term_string\"}}],\"inLanguage\":\"es\"}]}<\/script>\n<!-- \/ Yoast SEO plugin. -->","yoast_head_json":{"title":"Preguntas Frecuentes sobre las Lecturas de Hojas de Palma","description":"Resuelve tus dudas sobre las lecturas de hojas de palma: proceso, costos, b\u00fasqueda de tu hoja y m\u00e1s. Encuentra respuestas a las preguntas m\u00e1s comunes.","robots":{"index":"index","follow":"follow","max-snippet":"max-snippet:-1","max-image-preview":"max-image-preview:large","max-video-preview":"max-video-preview:-1"},"canonical":"https:\/\/mypalmleaf.com\/es\/preguntas-mas-frecuentes\/","og_locale":"es_ES","og_type":"article","og_title":"Preguntas Frecuentes sobre las Lecturas de Hojas de Palma","og_description":"Resuelve tus dudas sobre las lecturas de hojas de palma: proceso, costos, b\u00fasqueda de tu hoja y m\u00e1s. Encuentra respuestas a las preguntas m\u00e1s comunes.","og_url":"https:\/\/mypalmleaf.com\/es\/preguntas-mas-frecuentes\/","og_site_name":"My Palm Leaf","article_modified_time":"2025-03-27T05:09:34+00:00","og_image":[{"width":1200,"height":1196,"url":"https:\/\/mypalmleaf.com\/wp-content\/uploads\/2025\/08\/mpl-circle-logo.jpg","type":"image\/jpeg"}],"twitter_card":"summary_large_image","schema":{"@context":"https:\/\/schema.org","@graph":[{"@type":"WebPage","@id":"https:\/\/mypalmleaf.com\/es\/preguntas-mas-frecuentes\/","url":"https:\/\/mypalmleaf.com\/es\/preguntas-mas-frecuentes\/","name":"Preguntas Frecuentes sobre las Lecturas de Hojas de Palma","isPartOf":{"@id":"https:\/\/mypalmleaf.com\/#website"},"datePublished":"2024-08-14T07:24:30+00:00","dateModified":"2025-03-27T05:09:34+00:00","description":"Resuelve tus dudas sobre las lecturas de hojas de palma: proceso, costos, b\u00fasqueda de tu hoja y m\u00e1s. Encuentra respuestas a las preguntas m\u00e1s comunes.","breadcrumb":{"@id":"https:\/\/mypalmleaf.com\/es\/preguntas-mas-frecuentes\/#breadcrumb"},"inLanguage":"es","potentialAction":[{"@type":"ReadAction","target":["https:\/\/mypalmleaf.com\/es\/preguntas-mas-frecuentes\/"]}]},{"@type":"BreadcrumbList","@id":"https:\/\/mypalmleaf.com\/es\/preguntas-mas-frecuentes\/#breadcrumb","itemListElement":[{"@type":"ListItem","position":1,"name":"Home","item":"https:\/\/mypalmleaf.com\/es\/"},{"@type":"ListItem","position":2,"name":"Preguntas Frecuentes"}]},{"@type":"WebSite","@id":"https:\/\/mypalmleaf.com\/#website","url":"https:\/\/mypalmleaf.com\/","name":"My Palm Leaf","description":"","potentialAction":[{"@type":"SearchAction","target":{"@type":"EntryPoint","urlTemplate":"https:\/\/mypalmleaf.com\/?s={search_term_string}"},"query-input":{"@type":"PropertyValueSpecification","valueRequired":true,"valueName":"search_term_string"}}],"inLanguage":"es"}]}},"_links":{"self":[{"href":"https:\/\/mypalmleaf.com\/es\/wp-json\/wp\/v2\/pages\/20332","targetHints":{"allow":["GET"]}}],"collection":[{"href":"https:\/\/mypalmleaf.com\/es\/wp-json\/wp\/v2\/pages"}],"about":[{"href":"https:\/\/mypalmleaf.com\/es\/wp-json\/wp\/v2\/types\/page"}],"author":[{"embeddable":true,"href":"https:\/\/mypalmleaf.com\/es\/wp-json\/wp\/v2\/users\/1"}],"replies":[{"embeddable":true,"href":"https:\/\/mypalmleaf.com\/es\/wp-json\/wp\/v2\/comments?post=20332"}],"version-history":[{"count":0,"href":"https:\/\/mypalmleaf.com\/es\/wp-json\/wp\/v2\/pages\/20332\/revisions"}],"wp:attachment":[{"href":"https:\/\/mypalmleaf.com\/es\/wp-json\/wp\/v2\/media?parent=20332"}],"curies":[{"name":"wp","href":"https:\/\/api.w.org\/{rel}","templated":true}]}}