
{"id":20364,"date":"2024-09-05T05:40:59","date_gmt":"2024-09-05T05:40:59","guid":{"rendered":"https:\/\/mypalmleaf.com\/?page_id=20364"},"modified":"2025-03-31T08:43:36","modified_gmt":"2025-03-31T08:43:36","slug":"impressum","status":"publish","type":"page","link":"https:\/\/mypalmleaf.com\/es\/impressum\/","title":{"rendered":"Impresionante"},"content":{"rendered":"\n<p class=\"has-text-align-center\"><strong>Responsable oficial de este sitio web:<\/strong><strong><br\/><\/strong>Conscious Innovation Lab O\u00dc<br\/>Sakala tn 7-2<br\/>10141 Tallinn<br\/>Estonia<\/p>\n\n<p class=\"has-text-align-center\"><strong>Representado por:<\/strong><strong><br\/><\/strong>Stephan Oesterreicher<\/p>\n\n<p class=\"has-text-align-center\"><strong>Contacto:<\/strong><strong><br\/><\/strong>Correo electr\u00f3nico: info@mypalmleaf.com<br\/>Tel\u00e9fono: +49 1575 3142393<br\/>WhatsApp: +49 1575 3142393<\/p>\n\n<p class=\"has-text-align-center\"><strong>Registro Mercantil:<\/strong><strong><br\/><\/strong>Inscrita en el Registro Mercantil de Estonia (\u00c4riregister)<br\/>N\u00famero de Registro: 14825448<\/p>\n\n<p class=\"has-text-align-center\"><strong>N\u00famero de identificaci\u00f3n a efectos del IVA:<\/strong><\/p>\n\n<p class=\"has-text-align-center\">EE102459135  <strong><br\/><br\/><\/strong><\/p>\n","protected":false},"excerpt":{"rendered":"<p>Responsable oficial de este sitio web:Conscious Innovation Lab O\u00dcSakala tn 7-210141 TallinnEstonia Representado por:Stephan Oesterreicher Contacto:Correo electr\u00f3nico: info@mypalmleaf.comTel\u00e9fono: +49 1575 3142393WhatsApp: +49 1575 3142393 Registro Mercantil:Inscrita en el Registro Mercantil de Estonia (\u00c4riregister)N\u00famero de Registro: 14825448 N\u00famero de identificaci\u00f3n a efectos del IVA: EE102459135<\/p>\n","protected":false},"author":1,"featured_media":0,"parent":0,"menu_order":0,"comment_status":"closed","ping_status":"closed","template":"static-template-page.php","meta":{"_acf_changed":false,"footnotes":""},"class_list":["post-20364","page","type-page","status-publish","hentry"],"acf":[],"yoast_head":"<!-- This site is optimized with the Yoast SEO plugin v26.4 - https:\/\/yoast.com\/wordpress\/plugins\/seo\/ -->\n<title>Impressum: Informaci\u00f3n Legal de My Palm Leaf<\/title>\n<meta name=\"description\" content=\"Conoce la informaci\u00f3n legal de My Palm Leaf, incluyendo direcci\u00f3n, contacto y n\u00famero de registro. Consulta nuestra p\u00e1gina de Impressum para m\u00e1s detalles.\" \/>\n<meta name=\"robots\" content=\"index, follow, max-snippet:-1, max-image-preview:large, max-video-preview:-1\" \/>\n<link rel=\"canonical\" href=\"https:\/\/mypalmleaf.com\/impression\/\" \/>\n<meta property=\"og:locale\" content=\"es_ES\" \/>\n<meta property=\"og:type\" content=\"article\" \/>\n<meta property=\"og:title\" content=\"Impressum: Informaci\u00f3n Legal de My Palm Leaf\" \/>\n<meta property=\"og:description\" content=\"Conoce la informaci\u00f3n legal de My Palm Leaf, incluyendo direcci\u00f3n, contacto y n\u00famero de registro. Consulta nuestra p\u00e1gina de Impressum para m\u00e1s detalles.\" \/>\n<meta property=\"og:url\" content=\"https:\/\/mypalmleaf.com\/impression\/\" \/>\n<meta property=\"og:site_name\" content=\"My Palm Leaf\" \/>\n<meta property=\"article:modified_time\" content=\"2025-03-31T08:43:36+00:00\" \/>\n<meta property=\"og:image\" content=\"https:\/\/mypalmleaf.com\/wp-content\/uploads\/2025\/08\/mpl-circle-logo.jpg\" \/>\n\t<meta property=\"og:image:width\" content=\"1200\" \/>\n\t<meta property=\"og:image:height\" content=\"1196\" \/>\n\t<meta property=\"og:image:type\" content=\"image\/jpeg\" \/>\n<meta name=\"twitter:card\" content=\"summary_large_image\" \/>\n<meta name=\"twitter:label1\" content=\"Tiempo de lectura\" \/>\n\t<meta name=\"twitter:data1\" content=\"1 minuto\" \/>\n<script type=\"application\/ld+json\" class=\"yoast-schema-graph\">{\"@context\":\"https:\/\/schema.org\",\"@graph\":[{\"@type\":\"WebPage\",\"@id\":\"https:\/\/mypalmleaf.com\/impression\/\",\"url\":\"https:\/\/mypalmleaf.com\/impression\/\",\"name\":\"Impressum: Informaci\u00f3n Legal de My Palm Leaf\",\"isPartOf\":{\"@id\":\"https:\/\/mypalmleaf.com\/#website\"},\"datePublished\":\"2024-09-05T05:40:59+00:00\",\"dateModified\":\"2025-03-31T08:43:36+00:00\",\"description\":\"Conoce la informaci\u00f3n legal de My Palm Leaf, incluyendo direcci\u00f3n, contacto y n\u00famero de registro. Consulta nuestra p\u00e1gina de Impressum para m\u00e1s detalles.\",\"breadcrumb\":{\"@id\":\"https:\/\/mypalmleaf.com\/impression\/#breadcrumb\"},\"inLanguage\":\"es\",\"potentialAction\":[{\"@type\":\"ReadAction\",\"target\":[\"https:\/\/mypalmleaf.com\/impression\/\"]}]},{\"@type\":\"BreadcrumbList\",\"@id\":\"https:\/\/mypalmleaf.com\/impression\/#breadcrumb\",\"itemListElement\":[{\"@type\":\"ListItem\",\"position\":1,\"name\":\"Home\",\"item\":\"https:\/\/mypalmleaf.com\/es\/\"},{\"@type\":\"ListItem\",\"position\":2,\"name\":\"Impresionante\"}]},{\"@type\":\"WebSite\",\"@id\":\"https:\/\/mypalmleaf.com\/#website\",\"url\":\"https:\/\/mypalmleaf.com\/\",\"name\":\"My Palm Leaf\",\"description\":\"\",\"potentialAction\":[{\"@type\":\"SearchAction\",\"target\":{\"@type\":\"EntryPoint\",\"urlTemplate\":\"https:\/\/mypalmleaf.com\/?s={search_term_string}\"},\"query-input\":{\"@type\":\"PropertyValueSpecification\",\"valueRequired\":true,\"valueName\":\"search_term_string\"}}],\"inLanguage\":\"es\"}]}<\/script>\n<!-- \/ Yoast SEO plugin. -->","yoast_head_json":{"title":"Impressum: Informaci\u00f3n Legal de My Palm Leaf","description":"Conoce la informaci\u00f3n legal de My Palm Leaf, incluyendo direcci\u00f3n, contacto y n\u00famero de registro. Consulta nuestra p\u00e1gina de Impressum para m\u00e1s detalles.","robots":{"index":"index","follow":"follow","max-snippet":"max-snippet:-1","max-image-preview":"max-image-preview:large","max-video-preview":"max-video-preview:-1"},"canonical":"https:\/\/mypalmleaf.com\/impression\/","og_locale":"es_ES","og_type":"article","og_title":"Impressum: Informaci\u00f3n Legal de My Palm Leaf","og_description":"Conoce la informaci\u00f3n legal de My Palm Leaf, incluyendo direcci\u00f3n, contacto y n\u00famero de registro. Consulta nuestra p\u00e1gina de Impressum para m\u00e1s detalles.","og_url":"https:\/\/mypalmleaf.com\/impression\/","og_site_name":"My Palm Leaf","article_modified_time":"2025-03-31T08:43:36+00:00","og_image":[{"width":1200,"height":1196,"url":"https:\/\/mypalmleaf.com\/wp-content\/uploads\/2025\/08\/mpl-circle-logo.jpg","type":"image\/jpeg"}],"twitter_card":"summary_large_image","twitter_misc":{"Tiempo de lectura":"1 minuto"},"schema":{"@context":"https:\/\/schema.org","@graph":[{"@type":"WebPage","@id":"https:\/\/mypalmleaf.com\/impression\/","url":"https:\/\/mypalmleaf.com\/impression\/","name":"Impressum: Informaci\u00f3n Legal de My Palm Leaf","isPartOf":{"@id":"https:\/\/mypalmleaf.com\/#website"},"datePublished":"2024-09-05T05:40:59+00:00","dateModified":"2025-03-31T08:43:36+00:00","description":"Conoce la informaci\u00f3n legal de My Palm Leaf, incluyendo direcci\u00f3n, contacto y n\u00famero de registro. Consulta nuestra p\u00e1gina de Impressum para m\u00e1s detalles.","breadcrumb":{"@id":"https:\/\/mypalmleaf.com\/impression\/#breadcrumb"},"inLanguage":"es","potentialAction":[{"@type":"ReadAction","target":["https:\/\/mypalmleaf.com\/impression\/"]}]},{"@type":"BreadcrumbList","@id":"https:\/\/mypalmleaf.com\/impression\/#breadcrumb","itemListElement":[{"@type":"ListItem","position":1,"name":"Home","item":"https:\/\/mypalmleaf.com\/es\/"},{"@type":"ListItem","position":2,"name":"Impresionante"}]},{"@type":"WebSite","@id":"https:\/\/mypalmleaf.com\/#website","url":"https:\/\/mypalmleaf.com\/","name":"My Palm Leaf","description":"","potentialAction":[{"@type":"SearchAction","target":{"@type":"EntryPoint","urlTemplate":"https:\/\/mypalmleaf.com\/?s={search_term_string}"},"query-input":{"@type":"PropertyValueSpecification","valueRequired":true,"valueName":"search_term_string"}}],"inLanguage":"es"}]}},"_links":{"self":[{"href":"https:\/\/mypalmleaf.com\/es\/wp-json\/wp\/v2\/pages\/20364","targetHints":{"allow":["GET"]}}],"collection":[{"href":"https:\/\/mypalmleaf.com\/es\/wp-json\/wp\/v2\/pages"}],"about":[{"href":"https:\/\/mypalmleaf.com\/es\/wp-json\/wp\/v2\/types\/page"}],"author":[{"embeddable":true,"href":"https:\/\/mypalmleaf.com\/es\/wp-json\/wp\/v2\/users\/1"}],"replies":[{"embeddable":true,"href":"https:\/\/mypalmleaf.com\/es\/wp-json\/wp\/v2\/comments?post=20364"}],"version-history":[{"count":0,"href":"https:\/\/mypalmleaf.com\/es\/wp-json\/wp\/v2\/pages\/20364\/revisions"}],"wp:attachment":[{"href":"https:\/\/mypalmleaf.com\/es\/wp-json\/wp\/v2\/media?parent=20364"}],"curies":[{"name":"wp","href":"https:\/\/api.w.org\/{rel}","templated":true}]}}