
{"id":20367,"date":"2024-08-28T04:10:49","date_gmt":"2024-08-28T04:10:49","guid":{"rendered":"https:\/\/mypalmleaf.com\/?page_id=20367"},"modified":"2025-03-31T08:34:40","modified_gmt":"2025-03-31T08:34:40","slug":"moderador-y-traductor","status":"publish","type":"page","link":"https:\/\/mypalmleaf.com\/es\/moderador-y-traductor\/","title":{"rendered":"\u00danete a nosotros"},"content":{"rendered":"\n<section class=\"spotlight-main small top-gap\">\n    <!-- <div class=\"slider-wrap\" data-flickity='{ \"cellAlign\": \"left\", \"contain\": true, \"wrapAround\": true, \"setGallerySize\": false }'> -->\n    <div class=\"slider-wrap\" data-flickity='{ \"cellAlign\": \"left\", \"contain\": true, \"wrapAround\": true, \"setGallerySize\": false  }'>\n            <div class=\"slides\">\n        <div class=\"content-wrap\">\n          <div class=\"image\">\n            <picture>\n              <source media=\"(max-width: 999px)\" srcset=\"https:\/\/mypalmleaf.com\/wp-content\/uploads\/2024\/09\/join-us-spotlight-new-mob.jpg\" \/>\n              <source media=\"(min-width: 1000px)\" srcset=\"https:\/\/mypalmleaf.com\/wp-content\/uploads\/2024\/09\/join-us-spotlight-new.jpg\" \/>\n              <img decoding=\"async\" src=\"https:\/\/mypalmleaf.com\/wp-content\/uploads\/2024\/09\/join-us-spotlight-new.jpg\" class=\"img-fluid\" alt=\"\" \/>\n            <\/picture>\n          <\/div>\n          <div class=\"content\">\n            <div data-aos=\"fade-up\" data-aos-duration=\"1000\">\n              <h2 class=\"\">\u00danete a nosotros<\/h2>\n                                 \n            <\/div>\n          <\/div>\n        <\/div>\n      <\/div>\n          <\/div>\n<\/section>\n\n\n<section class=\"my-6 flipping-gallery\">\n  <div class=\"container-xl\" data-aos=\"fade-up\" data-aos-duration=\"1000\">\n    <div class=\"row\">\n      <div class=\"col\">\n        <div class=\"gallery-wrap\">\n                      <div class=\"block\">\n              <div class=\"rounded-asset\">\n                                                  <img decoding=\"async\" src=\"https:\/\/mypalmleaf.com\/wp-content\/uploads\/2024\/08\/gallery-img-1-2.jpg\" alt=\"\" class=\"\">\n                                                    <img decoding=\"async\" src=\"https:\/\/mypalmleaf.com\/wp-content\/uploads\/2024\/08\/gallery-img-1.jpg\" alt=\"\" class=\"overlay\">\n                                                <\/div>\n            <\/div>\n                      <div class=\"block\">\n              <div class=\"rounded-asset\">\n                                                  <img decoding=\"async\" src=\"https:\/\/mypalmleaf.com\/wp-content\/uploads\/2024\/08\/gallery-img-2-2.jpg\" alt=\"\" class=\"\">\n                                                    <img decoding=\"async\" src=\"https:\/\/mypalmleaf.com\/wp-content\/uploads\/2024\/08\/gallery-img-2.jpg\" alt=\"\" class=\"overlay\">\n                                                <\/div>\n            <\/div>\n                      <div class=\"block\">\n              <div class=\"rounded-asset\">\n                                                  <img decoding=\"async\" src=\"https:\/\/mypalmleaf.com\/wp-content\/uploads\/2024\/08\/gallery-img-3-2.jpg\" alt=\"\" class=\"\">\n                                                    <img decoding=\"async\" src=\"https:\/\/mypalmleaf.com\/wp-content\/uploads\/2024\/08\/gallery-img-3.jpg\" alt=\"\" class=\"overlay\">\n                                                <\/div>\n            <\/div>\n                      <div class=\"block\">\n              <div class=\"rounded-asset\">\n                                                  <img decoding=\"async\" src=\"https:\/\/mypalmleaf.com\/wp-content\/uploads\/2024\/08\/gallery-img-4-2.jpg\" alt=\"\" class=\"\">\n                                                    <img decoding=\"async\" src=\"https:\/\/mypalmleaf.com\/wp-content\/uploads\/2024\/08\/gallery-img-4.jpg\" alt=\"\" class=\"overlay\">\n                                                <\/div>\n            <\/div>\n                      <div class=\"block\">\n              <div class=\"rounded-asset\">\n                                                  <img decoding=\"async\" src=\"https:\/\/mypalmleaf.com\/wp-content\/uploads\/2024\/08\/gallery-img-5-2.jpg\" alt=\"\" class=\"\">\n                                                    <img decoding=\"async\" src=\"https:\/\/mypalmleaf.com\/wp-content\/uploads\/2024\/08\/gallery-img-5.jpg\" alt=\"\" class=\"overlay\">\n                                                <\/div>\n            <\/div>\n                      <div class=\"block\">\n              <div class=\"rounded-asset\">\n                                                  <img decoding=\"async\" src=\"https:\/\/mypalmleaf.com\/wp-content\/uploads\/2024\/08\/gallery-img-6.jpg\" alt=\"\" class=\"\">\n                                                    <img decoding=\"async\" src=\"https:\/\/mypalmleaf.com\/wp-content\/uploads\/2024\/08\/gallery-img-6-2.jpg\" alt=\"\" class=\"overlay\">\n                                                <\/div>\n            <\/div>\n                  <\/div>\n      <\/div>\n    <\/div>\n  <\/div>\n<\/section>\n\n<section class=\"join-us-block my-6 position-relative\">\n  <div class=\"container-xl\">\n    <div class=\"row mb-4 justify-content-center\">\n      <div class=\"col-lg-10 text-center\" data-aos=\"fade-up\" data-aos-duration=\"1000\">\n        <p>Como moderador o traductor, ayudas a los clientes en las lecturas de hojas de palma, respondiendo sus preguntas, ofreciendoles tu apoyo, y haciendolos sentir c\u00f3modos.\u00a0 Construyes un puente entre ellos y la biblioteca de hojas de palma.<\/p>\n      <\/div>\n    <\/div>\n    <div class=\"row my-5 justify-content-between\" data-aos=\"fade-up\" data-aos-duration=\"1000\">\n              <div class=\"col-lg-5\">\n          <div class=\"dual-col\">\n            <div class=\"title\">\n              <img decoding=\"async\" src=\"https:\/\/mypalmleaf.com\/wp-content\/uploads\/2024\/08\/title-bg.png\" alt=\"\" class=\"img-fluid\">\n              <div class=\"text\">Moderador<\/div>\n            <\/div>\n            <div class=\"desc\">\n              <p>Como moderador, apoyas las lecturas de hojas de palma en ingl\u00e9s. Explicas el proceso antes de que comience la lectura y est\u00e1s ah\u00ed para responder preguntas si es necesario. La lectura en s\u00ed es traducida por el traductor de la biblioteca de hojas de palma del tamil al ingl\u00e9s.<\/p>\n            <\/div>\n          <\/div>\n        <\/div>\n              <div class=\"col-lg-5\">\n          <div class=\"dual-col\">\n            <div class=\"title\">\n              <img decoding=\"async\" src=\"https:\/\/mypalmleaf.com\/wp-content\/uploads\/2024\/08\/title-bg.png\" alt=\"\" class=\"img-fluid\">\n              <div class=\"text\">Traductor<\/div>\n            <\/div>\n            <div class=\"desc\">\n              <div class=\"flex-shrink-0 flex flex-col relative items-end\">\n<div>\n<div class=\"pt-0\">\n<div class=\"gizmo-bot-avatar flex h-8 w-8 items-center justify-center overflow-hidden rounded-full\">\n<div class=\"relative p-1 rounded-sm flex items-center justify-center bg-token-main-surface-primary text-token-text-primary h-8 w-8\">Como traductor, haces todo lo que hace un moderador, pero tambi\u00e9n interpretas lo que el traductor de la biblioteca transmite del tamil al ingl\u00e9s, y lo comunicas en tu idioma, ya sea polaco, franc\u00e9s, \u00e1rabe, u otro.<\/div>\n<\/div>\n<\/div>\n<\/div>\n<\/div>\n            <\/div>\n          <\/div>\n        <\/div>\n          <\/div>\n  <\/div>\n  <\/section>\n\n<section class=\"tabs-wrapper my-6 mt-0\">\n  <div class=\"container-xl\">\n    <div class=\"row\">\n      <div class=\"tabs-container\" data-aos=\"fade-up\" data-aos-duration=\"1000\">\n        <ul class=\"tabs\">\n                                <li class=\"tab-button active\" data-target=\"tab1\">Requisitos <\/li>\n                                  <li class=\"tab-button active\" data-target=\"tab2\">Why Join Us<\/li>\n                                  <li class=\"tab-button active\" data-target=\"tab3\">Horas de trabajo<\/li>\n                                  <li class=\"tab-button active\" data-target=\"tab4\">Compensaci\u00f3n y Salario<\/li>\n                              <\/ul>\n        <div class=\"tab-content\">\n                                <div id=\"tab1\" class=\"tab-pane active\">\n              <h4>Los Requisitos Absolutos para ayudar en la lectura de hojas de palma son:<\/h4>\n<ul>\n<li>Hablas ingl\u00e9s con fluidez y tambi\u00e9n en el idioma en el que traduces.<\/li>\n<li>Est\u00e1s alineado con nuestra misi\u00f3n espiritual.<\/li>\n<li>Tiene una computadora que funciona bien, puede usar Zoom y tiene una conexi\u00f3n a Internet estable.<\/li>\n<li>Eres confiable y puntual.<\/li>\n<li>Tienes una motivaci\u00f3n sincera para contribuir a la evoluci\u00f3n, sanaci\u00f3n y despertar de la humanidad.<\/li>\n<li>Est\u00e1s motivado e inspirado.<\/li>\n<li>Puedes y est\u00e1s dispuesto a asumir responsabilidades y ser proactivo.<\/li>\n<li>Has le\u00eddo tu hoja de palma y comprendes el proceso.<\/li>\n<li>Te gusta comunicarte y conectarte con personas emp\u00e1ticas, cari\u00f1osas y aut\u00e9nticas.<\/li>\n<li>Est\u00e1s abierto y dispuesto a aprender nuevas habilidades.<\/li>\n<li>Has visitado nuestro sitio web y nuestro canal de YouTube y comprendes claramente lo que estamos haciendo en Mypalmleaf .<\/li>\n<li>Eres claro, cari\u00f1oso y directo en tu comunicaci\u00f3n.<\/li>\n<\/ul>\n            <\/div>\n                                  <div id=\"tab2\" class=\"tab-pane active\">\n              <h4>Las verdaderas razones para trabajar con MyPalmLeaf<\/h4>\n<p>Mypalmleaf es una organizaci\u00f3n impulsada por un prop\u00f3sito que combina profundas pr\u00e1cticas y entendimientos espirituales con estructuras de trabajo con los pies en la tierra que lo apoyan en su crecimiento profesional. Co-creamos un ambiente de trabajo inspirador que contribuye a la evoluci\u00f3n de la humanidad y que pretende verte y ayudarte como el ser humano \u00fanico que eres. Como equipo, trabajamos juntos con un esp\u00edritu de equipo positivo y solidario que tiene como objetivo resaltar y respaldar tus habilidades y talentos y, al mismo tiempo, brindarte un ingreso abundante para sostener su vida.<\/p>\n            <\/div>\n                                  <div id=\"tab3\" class=\"tab-pane active\">\n              <p>Por lo general, tenemos lecturas programadas a partir de las 7 a. m. y las 8 p. m., hora de India. Puedes programar franjas horarias, dependiendo de tu disponibilidad en coordinaci\u00f3n con las necesidades de los clientes y la organizaci\u00f3n. Hacemos todo lo posible para que funcione para todos.<\/p>\n            <\/div>\n                                  <div id=\"tab4\" class=\"tab-pane active\">\n              <p>Te enviaremos una explicaci\u00f3n detallada del pago despu\u00e9s de recibir tu solicitud.<\/p>\n            <\/div>\n                              <\/div>\n      <\/div>\n    <\/div>\n  <\/div>\n<\/section>\n\n<section class=\"how-to-apply my-6 mt-0\">\n  <div class=\"container-xl\">\n    <div class=\"row\">\n      <div class=\"col-lg-10 mx-auto\" >\n        <div class=\"dual-col \">\n          <div class=\"title\">\n            <img decoding=\"async\" src=\"https:\/\/mypalmleaf.com\/wp-content\/uploads\/2024\/08\/title-bg.png\" alt=\"\" class=\"img-fluid\">\n            <div class=\"text\">C\u00f3mo aplicar:<\/div>\n          <\/div>\n          <div class=\"desc\">\n            <p>Env\u00edanos un breve videoclip tuyo de 1 a 5 minutos cont\u00e1ndonos sobre ti y por qu\u00e9 quieres trabajar con nosotros. No es necesario que sea profesional. No lo pospongas y no seas t\u00edmido, hazlo ahora. Esa es la actitud que nos encantar\u00eda darle la bienvenida a nuestro equipo.<\/p>\n<p>Entrevistaremos a cada solicitante serio que nos env\u00ede un video en una entrevista r\u00e1pida de 10 minutos.<\/p>\n<p>No hacer: Env\u00edanos un mensaje pidi\u00e9ndonos \u201cenviar m\u00e1s informaci\u00f3n\u201d.\u00bb.<\/p>\n<div class=\"btm-contact\">Haz el v\u00eddeo ahora y env\u00edalo a  <a href=\"mailto:info@mypalmleaf.com\">info@mypalmleaf.com<\/a><\/div>\n          <\/div>\n        <\/div>\n      <\/div>\n    <\/div>\n  <\/div>\n<\/section>","protected":false},"excerpt":{"rendered":"","protected":false},"author":1,"featured_media":0,"parent":0,"menu_order":0,"comment_status":"closed","ping_status":"closed","template":"","meta":{"_acf_changed":false,"footnotes":""},"class_list":["post-20367","page","type-page","status-publish","hentry"],"acf":[],"yoast_head":"<!-- This site is optimized with the Yoast SEO plugin v26.4 - https:\/\/yoast.com\/wordpress\/plugins\/seo\/ -->\n<title>Moderador y Traductor: \u00danete a Nuestro Equipo de Hoja de Palma<\/title>\n<meta name=\"description\" content=\"\u00danete como moderador o traductor en lectures de hojas de palma. Acompa\u00f1a les clients dans une exp\u00e9rience spirituelle enrichissante et unique.\" \/>\n<meta name=\"robots\" content=\"index, follow, max-snippet:-1, max-image-preview:large, max-video-preview:-1\" \/>\n<link rel=\"canonical\" href=\"https:\/\/mypalmleaf.com\/es\/moderador-y-traductor\/\" \/>\n<meta property=\"og:locale\" content=\"es_ES\" \/>\n<meta property=\"og:type\" content=\"article\" \/>\n<meta property=\"og:title\" content=\"Moderador y Traductor: \u00danete a Nuestro Equipo de Hoja de Palma\" \/>\n<meta property=\"og:description\" content=\"\u00danete como moderador o traductor en lectures de hojas de palma. Acompa\u00f1a les clients dans une exp\u00e9rience spirituelle enrichissante et unique.\" \/>\n<meta property=\"og:url\" content=\"https:\/\/mypalmleaf.com\/es\/moderador-y-traductor\/\" \/>\n<meta property=\"og:site_name\" content=\"My Palm Leaf\" \/>\n<meta property=\"article:modified_time\" content=\"2025-03-31T08:34:40+00:00\" \/>\n<meta property=\"og:image\" content=\"https:\/\/mypalmleaf.com\/wp-content\/uploads\/2025\/08\/mpl-circle-logo.jpg\" \/>\n\t<meta property=\"og:image:width\" content=\"1200\" \/>\n\t<meta property=\"og:image:height\" content=\"1196\" \/>\n\t<meta property=\"og:image:type\" content=\"image\/jpeg\" \/>\n<meta name=\"twitter:card\" content=\"summary_large_image\" \/>\n<script type=\"application\/ld+json\" class=\"yoast-schema-graph\">{\"@context\":\"https:\/\/schema.org\",\"@graph\":[{\"@type\":\"WebPage\",\"@id\":\"https:\/\/mypalmleaf.com\/es\/moderador-y-traductor\/\",\"url\":\"https:\/\/mypalmleaf.com\/es\/moderador-y-traductor\/\",\"name\":\"Moderador y Traductor: \u00danete a Nuestro Equipo de Hoja de Palma\",\"isPartOf\":{\"@id\":\"https:\/\/mypalmleaf.com\/#website\"},\"datePublished\":\"2024-08-28T04:10:49+00:00\",\"dateModified\":\"2025-03-31T08:34:40+00:00\",\"description\":\"\u00danete como moderador o traductor en lectures de hojas de palma. Acompa\u00f1a les clients dans une exp\u00e9rience spirituelle enrichissante et unique.\",\"breadcrumb\":{\"@id\":\"https:\/\/mypalmleaf.com\/es\/moderador-y-traductor\/#breadcrumb\"},\"inLanguage\":\"es\",\"potentialAction\":[{\"@type\":\"ReadAction\",\"target\":[\"https:\/\/mypalmleaf.com\/es\/moderador-y-traductor\/\"]}]},{\"@type\":\"BreadcrumbList\",\"@id\":\"https:\/\/mypalmleaf.com\/es\/moderador-y-traductor\/#breadcrumb\",\"itemListElement\":[{\"@type\":\"ListItem\",\"position\":1,\"name\":\"Home\",\"item\":\"https:\/\/mypalmleaf.com\/es\/\"},{\"@type\":\"ListItem\",\"position\":2,\"name\":\"\u00danete a nosotros\"}]},{\"@type\":\"WebSite\",\"@id\":\"https:\/\/mypalmleaf.com\/#website\",\"url\":\"https:\/\/mypalmleaf.com\/\",\"name\":\"My Palm Leaf\",\"description\":\"\",\"potentialAction\":[{\"@type\":\"SearchAction\",\"target\":{\"@type\":\"EntryPoint\",\"urlTemplate\":\"https:\/\/mypalmleaf.com\/?s={search_term_string}\"},\"query-input\":{\"@type\":\"PropertyValueSpecification\",\"valueRequired\":true,\"valueName\":\"search_term_string\"}}],\"inLanguage\":\"es\"}]}<\/script>\n<!-- \/ Yoast SEO plugin. -->","yoast_head_json":{"title":"Moderador y Traductor: \u00danete a Nuestro Equipo de Hoja de Palma","description":"\u00danete como moderador o traductor en lectures de hojas de palma. Acompa\u00f1a les clients dans une exp\u00e9rience spirituelle enrichissante et unique.","robots":{"index":"index","follow":"follow","max-snippet":"max-snippet:-1","max-image-preview":"max-image-preview:large","max-video-preview":"max-video-preview:-1"},"canonical":"https:\/\/mypalmleaf.com\/es\/moderador-y-traductor\/","og_locale":"es_ES","og_type":"article","og_title":"Moderador y Traductor: \u00danete a Nuestro Equipo de Hoja de Palma","og_description":"\u00danete como moderador o traductor en lectures de hojas de palma. Acompa\u00f1a les clients dans une exp\u00e9rience spirituelle enrichissante et unique.","og_url":"https:\/\/mypalmleaf.com\/es\/moderador-y-traductor\/","og_site_name":"My Palm Leaf","article_modified_time":"2025-03-31T08:34:40+00:00","og_image":[{"width":1200,"height":1196,"url":"https:\/\/mypalmleaf.com\/wp-content\/uploads\/2025\/08\/mpl-circle-logo.jpg","type":"image\/jpeg"}],"twitter_card":"summary_large_image","schema":{"@context":"https:\/\/schema.org","@graph":[{"@type":"WebPage","@id":"https:\/\/mypalmleaf.com\/es\/moderador-y-traductor\/","url":"https:\/\/mypalmleaf.com\/es\/moderador-y-traductor\/","name":"Moderador y Traductor: \u00danete a Nuestro Equipo de Hoja de Palma","isPartOf":{"@id":"https:\/\/mypalmleaf.com\/#website"},"datePublished":"2024-08-28T04:10:49+00:00","dateModified":"2025-03-31T08:34:40+00:00","description":"\u00danete como moderador o traductor en lectures de hojas de palma. Acompa\u00f1a les clients dans une exp\u00e9rience spirituelle enrichissante et unique.","breadcrumb":{"@id":"https:\/\/mypalmleaf.com\/es\/moderador-y-traductor\/#breadcrumb"},"inLanguage":"es","potentialAction":[{"@type":"ReadAction","target":["https:\/\/mypalmleaf.com\/es\/moderador-y-traductor\/"]}]},{"@type":"BreadcrumbList","@id":"https:\/\/mypalmleaf.com\/es\/moderador-y-traductor\/#breadcrumb","itemListElement":[{"@type":"ListItem","position":1,"name":"Home","item":"https:\/\/mypalmleaf.com\/es\/"},{"@type":"ListItem","position":2,"name":"\u00danete a nosotros"}]},{"@type":"WebSite","@id":"https:\/\/mypalmleaf.com\/#website","url":"https:\/\/mypalmleaf.com\/","name":"My Palm Leaf","description":"","potentialAction":[{"@type":"SearchAction","target":{"@type":"EntryPoint","urlTemplate":"https:\/\/mypalmleaf.com\/?s={search_term_string}"},"query-input":{"@type":"PropertyValueSpecification","valueRequired":true,"valueName":"search_term_string"}}],"inLanguage":"es"}]}},"_links":{"self":[{"href":"https:\/\/mypalmleaf.com\/es\/wp-json\/wp\/v2\/pages\/20367","targetHints":{"allow":["GET"]}}],"collection":[{"href":"https:\/\/mypalmleaf.com\/es\/wp-json\/wp\/v2\/pages"}],"about":[{"href":"https:\/\/mypalmleaf.com\/es\/wp-json\/wp\/v2\/types\/page"}],"author":[{"embeddable":true,"href":"https:\/\/mypalmleaf.com\/es\/wp-json\/wp\/v2\/users\/1"}],"replies":[{"embeddable":true,"href":"https:\/\/mypalmleaf.com\/es\/wp-json\/wp\/v2\/comments?post=20367"}],"version-history":[{"count":0,"href":"https:\/\/mypalmleaf.com\/es\/wp-json\/wp\/v2\/pages\/20367\/revisions"}],"wp:attachment":[{"href":"https:\/\/mypalmleaf.com\/es\/wp-json\/wp\/v2\/media?parent=20367"}],"curies":[{"name":"wp","href":"https:\/\/api.w.org\/{rel}","templated":true}]}}