
{"id":20377,"date":"2024-08-15T02:38:41","date_gmt":"2024-08-15T02:38:41","guid":{"rendered":"https:\/\/mypalmleaf.com\/?page_id=20377"},"modified":"2025-03-27T12:02:33","modified_gmt":"2025-03-27T12:02:33","slug":"hojas-de-palma","status":"publish","type":"page","link":"https:\/\/mypalmleaf.com\/es\/hojas-de-palma\/","title":{"rendered":"Hojas de Palma"},"content":{"rendered":"\n<section class=\"spotlight-main small top-gap\">\n    <!-- <div class=\"slider-wrap\" data-flickity='{ \"cellAlign\": \"left\", \"contain\": true, \"wrapAround\": true, \"setGallerySize\": false }'> -->\n    <div class=\"slider-wrap\" data-flickity='{ \"cellAlign\": \"left\", \"contain\": true, \"wrapAround\": true, \"setGallerySize\": false  }'>\n            <div class=\"slides\">\n        <div class=\"content-wrap\">\n          <div class=\"image\">\n            <picture>\n              <source media=\"(max-width: 999px)\" srcset=\"https:\/\/mypalmleaf.com\/wp-content\/uploads\/2024\/08\/indian-palm-leaf-spotlight-mob.webp\" \/>\n              <source media=\"(min-width: 1000px)\" srcset=\"https:\/\/mypalmleaf.com\/wp-content\/uploads\/2024\/08\/indian-palm-leaf-spotlight.webp\" \/>\n              <img decoding=\"async\" src=\"https:\/\/mypalmleaf.com\/wp-content\/uploads\/2024\/08\/indian-palm-leaf-spotlight.webp\" class=\"img-fluid\" alt=\"\" \/>\n            <\/picture>\n          <\/div>\n          <div class=\"content\">\n            <div data-aos=\"fade-up\" data-aos-duration=\"1000\">\n              <h2 class=\"\">Las Hojas de Palma de la India<\/h2>\n                                 \n            <\/div>\n          <\/div>\n        <\/div>\n      <\/div>\n          <\/div>\n<\/section>\n\n<section class=\"faq-top-section my-6 mb-4 mt-xs-4 position-relative\">\n    <div class=\"container\">\n      <div class=\"row\">\n        <div class=\"col-lg-10 mx-auto\">\n            <div class=\"row justify-content-between align-items-center\">\n                <div class=\"col-lg-7\">\n                    <div class=\"rounded-asset\">\n                        <img decoding=\"async\" src=\"https:\/\/mypalmleaf.com\/wp-content\/uploads\/2024\/09\/What-Are-Palm-Leaves.jpg\" class=\"img-fluid\" alt=\"\"><div class=\"play-icon\"><\/div>\n                        <a href=\"https:\/\/www.youtube.com\/watch?v=9GdNX4SAHCA\" class=\"stretched-link\" data-lity><\/a>\n                      <\/div>\n                <\/div>\n                <div class=\"col-lg-5\">\n                    <h3>Encuentre su propia hoja de palma: una puerta de entrada a su pasado, presente y futuro<\/h3>\n                <\/div>\n            <\/div>\n        <\/div>\n        \n        <div class=\"col-lg-12 text-center my-5\" data-aos=\"fade-up\" data-aos-duration=\"1000\">\n            <p class=\"mb-3\">Las Hojas de Palma de la India, tambi\u00e9n conocidas como Hojas de Palma Nadi, son manuscritos antiguos que se cree que contienen las historias de vida y el destino de las personas. Estos textos sagrados, escritos en una antigua escritura Tamil, fueron inscritos por sabios iluminados llamados Rishis hace miles de a\u00f1os. Los Rishis utilizaron su profunda visi\u00f3n espiritual para registrar informaci\u00f3n detallada sobre la vida de las personas, incluidos aspectos como carrera, relaciones, salud y crecimiento espiritual.<\/p>\n<p class=\"mb-3\">Cada hoja de palma es \u00fanica y corresponde a una persona espec\u00edfica, por lo que debe ser encontrada en el momento adecuado cuando el individuo est\u00e9 listo para recibir la gu\u00eda y la sabidur\u00eda que contiene. Estas hojas se conservan en bibliotecas de Nadi, ubicadas principalmente en el sur de la India. Una lectura Nadi implica hacer coincidir la huella digital de una persona o detalles b\u00e1sicos de esta, con la hoja correspondiente, revelando conocimientos y consejos personalizados para el viaje de su vida.<\/p>\n<p class=\"mb-3\"><strong><br \/>\nEn mypalmleaf.com, ayudamos a conectar a las personas con estos manuscritos antiguos, ofreciendo una combinaci\u00f3n \u00fanica de tradici\u00f3n y accesibilidad moderna para explorar la sabidur\u00eda y la gu\u00eda de los Rishis.\u00bb<br \/>\n<\/strong><\/p>\n<h4 class=\"my-3\"><strong>Diferentes tipos de escritura en Hoja de Palma<\/strong><\/h4>\n<p>Cada hoja de palma es \u00fanica y corresponde a una persona espec\u00edfica, por lo que debe ser encontrada en el momento adecuado cuando el individuo est\u00e9 listo para recibir la gu\u00eda y la sabidur\u00eda que contiene. Estas hojas se conservan en bibliotecas de Nadi, ubicadas principalmente en el sur de la India. Una lectura Nadi implica hacer coincidir la huella digital de una persona o detalles b\u00e1sicos de esta, con la hoja correspondiente, revelando conocimientos y consejos personalizados para el viaje de su vida.<\/p>\n        <\/div>\n      <\/div>\n    <\/div>\n                  <div class=\"parallax-item-3 parallax-item\" data-speed=\".08\"><img decoding=\"async\" src=\"https:\/\/mypalmleaf.com\/wp-content\/uploads\/2024\/08\/parallax-item-3-3.png\" class=\"img-fluid\" alt=\"\"><\/div>\n          <\/section>\n\n<section class=\"how-palm-leaves-written-block my-6 mt-0\">\n  <div class=\"container\">\n    <div class=\"row text-center\" data-aos=\"fade-up\" data-aos-duration=\"1000\">\n      <div class=\"col-lg-12\">\n        <h3>\u00bfC\u00f3mo se escriben y preservan las Hojas de Palma?<\/h3>\n        <h5 class=\"mt-4\"><strong>Escribiendo las Hojas de Palma<\/strong><\/h5>\n      <\/div>\n    <\/div>\n\n    <div class=\"row justify-content-center my-4\">\n      <div class=\"col-lg-12 writing-the-palm-leaf-block\">\n        <ul class=\"foldable-leaf\">\n                                <li data-aos=\"flip-up\" data-aos-duration=\"1000\" data-aos-offset=\"10\"   class=\"aos-init aos-animate\">\n              <div class=\"image\"><img decoding=\"async\" src=\"https:\/\/mypalmleaf.com\/wp-content\/uploads\/2024\/09\/writing-the-palm-leaves.png\" class=\"img-fluid\" alt=\"\"><\/div>\n              <div class=\"content\">\n                <div class=\"desc\">\n                  <div class=\"title\">Material<\/div>\n                  <p>Los manuscritos est\u00e1n creados a partir de las hojas de la palma Talipot, un \u00e1rbol conocido por sus hojas grandes y duraderas. Estas hojas se eligen por su longevidad y resistencia.<\/p>\n                <\/div>\n              <\/div>\n            <\/li>\n                                  <li data-aos=\"flip-up\" data-aos-duration=\"1000\" data-aos-offset=\"10\" data-aos-delay=\"100\"  class=\"aos-init aos-animate\">\n              <div class=\"image\"><img decoding=\"async\" src=\"https:\/\/mypalmleaf.com\/wp-content\/uploads\/2024\/09\/writing-the-palm-leaves.png\" class=\"img-fluid\" alt=\"\"><\/div>\n              <div class=\"content\">\n                <div class=\"desc\">\n                  <div class=\"title\">Preparaci\u00f3n<\/div>\n                  <p>Primero se recogen las hojas y luego se secan para eliminar la humedad, haci\u00e9ndolas lo suficientemente resistentes para la escritura. Despu\u00e9s del secado, se cortan en tiras de tama\u00f1o uniforme.<\/p>\n                <\/div>\n              <\/div>\n            <\/li>\n                                  <li data-aos=\"flip-up\" data-aos-duration=\"1000\" data-aos-offset=\"10\" data-aos-delay=\"200\"  class=\"aos-init aos-animate\">\n              <div class=\"image\"><img decoding=\"async\" src=\"https:\/\/mypalmleaf.com\/wp-content\/uploads\/2024\/09\/writing-the-palm-leaves.png\" class=\"img-fluid\" alt=\"\"><\/div>\n              <div class=\"content\">\n                <div class=\"desc\">\n                  <div class=\"title\">Escritura<\/div>\n                  <p>El texto es trazado utilizando un l\u00e1piz afilado, que graba la escritura en las hojas. El texto se plasma en una escritura antigua llamada Tamil Vattezhuthu, o Antiguo Tamil, conocida por su belleza y complejidad.<\/p>\n                <\/div>\n              <\/div>\n            <\/li>\n                                  <li data-aos=\"flip-up\" data-aos-duration=\"1000\" data-aos-offset=\"10\" data-aos-delay=\"300\"  class=\"aos-init aos-animate\">\n              <div class=\"image\"><img decoding=\"async\" src=\"https:\/\/mypalmleaf.com\/wp-content\/uploads\/2024\/09\/writing-the-palm-leaves.png\" class=\"img-fluid\" alt=\"\"><\/div>\n              <div class=\"content\">\n                <div class=\"desc\">\n                  <div class=\"title\">Entintado<\/div>\n                  <p>Para que las inscripciones sean m\u00e1s visibles, se aplica sobre los grabados tinta a base de sustancias naturales como carb\u00f3n o c\u00farcuma. La tinta se deposita en las ranuras, resaltando el texto en contraste con la superficie de la hoja.<\/p>\n                <\/div>\n              <\/div>\n            <\/li>\n                              <\/ul>\n      <\/div>\n    <\/div>\n  <\/div>\n<\/section>\n\n\n<section class=\"preservation-of-palm-leaf\">\n  <div class=\"container\">\n    <div class=\"row\">\n      <div class=\"col-lg-12\" data-aos=\"fade-up\" data-aos-duration=\"1000\">\n        <h4 class=\"my-4 text-center\"><strong>Preservaci\u00f3n de la Hojas de Palma<\/strong><\/h4>\n      <\/div>\n    <\/div>\n    <div class=\"row text-center justify-content-between my-4\">\n              <div class=\"col-lg-5 my-4\" data-aos=\"fade-up\" data-aos-duration=\"1000\">\n          <div class=\"icon\"><img decoding=\"async\" src=\"https:\/\/mypalmleaf.com\/wp-content\/uploads\/2024\/09\/preserve-palm-leaf-icon-1.png\" alt=\"\"><\/div>\n          <div class=\"title\">Control clim\u00e1tico<\/div>\n          <div class=\"desc\">\n            <p>Las Hojas de Palma se almacenan en condiciones especiales para protegerlas de la humedad, insectos y otros elementos da\u00f1inos. Las bibliotecas Nadi, ubicadas principalmente en el sur de la India, mantienen ambientes controlados que incluyen niveles de humedad y temperatura adecuados.<\/p>\n          <\/div>\n        <\/div>\n              <div class=\"col-lg-5 my-4\" data-aos=\"fade-up\" data-aos-duration=\"1000\">\n          <div class=\"icon\"><img decoding=\"async\" src=\"https:\/\/mypalmleaf.com\/wp-content\/uploads\/2024\/09\/preserve-palm-leaf-icon-2.png\" alt=\"\"><\/div>\n          <div class=\"title\">Tratamiento con Aceites<\/div>\n          <div class=\"desc\">\n            <p>Las hojas suelen tratarse con aceites naturales, como alcanfor o aceite de neem, para evitar el deterioro y la infestaci\u00f3n de insectos. Este m\u00e9todo tradicional ayuda a conservar las hojas durante siglos.<\/p>\n          <\/div>\n        <\/div>\n              <div class=\"col-lg-5 my-4\" data-aos=\"fade-up\" data-aos-duration=\"1000\">\n          <div class=\"icon\"><img decoding=\"async\" src=\"https:\/\/mypalmleaf.com\/wp-content\/uploads\/2024\/09\/preserve-palm-leaf-icon-3.png\" alt=\"\"><\/div>\n          <div class=\"title\">Mantenimiento peri\u00f3dico<\/div>\n          <div class=\"desc\">\n            <p>Las Hojas de Palma se almacenan en condiciones especiales para protegerlas de la humedad, insectos y otros elementos da\u00f1inos. Las bibliotecas Nadi, ubicadas principalmente en el sur de la India, mantienen ambientes controlados que incluyen control en los niveles de humedad y temperatura adecuada.<\/p>\n          <\/div>\n        <\/div>\n              <div class=\"col-lg-5 my-4\" data-aos=\"fade-up\" data-aos-duration=\"1000\">\n          <div class=\"icon\"><img decoding=\"async\" src=\"https:\/\/mypalmleaf.com\/wp-content\/uploads\/2024\/09\/preserve-palm-leaf-icon-4.png\" alt=\"\"><\/div>\n          <div class=\"title\">Almacenamiento<\/div>\n          <div class=\"desc\">\n            <p>Las hojas se almacenan en paquetes, cada uno de ellos atado y etiquetado seg\u00fan la categor\u00eda o tipo de lectura que contiene. Estos fardos se guardan en cajas de madera o metal para protegerlos de da\u00f1os f\u00edsicos y factores ambientales.<\/p>\n          <\/div>\n        <\/div>\n          <\/div>\n  <\/div>\n<\/section>\n\n<section class=\"who-are-rishis my-5 position-relative\">\n  <div class=\"container\">\n    <div class=\"row\">\n      <div class=\"col-lg-12 text-center\">\n        <h3 class=\"my-5 mt-0\">\u00ab\u00bfQui\u00e9nes son los Rishis? \u00ab<\/h3>\n        <div class=\"banner rounded-asset my-4\"><img decoding=\"async\" src=\"https:\/\/mypalmleaf.com\/wp-content\/uploads\/2024\/09\/who-are-the-rishis-1.jpg\" alt=\"\" class=\"img-fluid\"><\/div>\n        <p>Los Rishis son los legendarios sabios y videntes de la antigua India, conocidos por su incre\u00edble sabidur\u00eda espiritual y sus extraordinarias revelaciones.<\/p>\n<p>Imagina poder acceder a un reino de conocimiento divino y verdades universales: este es el mundo de los Rishis. Estos seres iluminados son a menudo considerados los pioneros espirituales de la humanidad, explorando las profundidades de la conciencia y el cosmos.<\/p>\n<h4 class=\"mt-4\"><strong>Los visionarios de la sabidur\u00eda antigua<\/strong><\/h4>\n<p>La palabra \u00abRishi\u00bb proviene del t\u00e9rmino s\u00e1nscrito \u00ab\u1e5b\u1e63\u00bb, que significa \u00abver\u00bb o \u00abpercibir\u00bb. Esto no refiere a una vision com\u00fan; Los Rishis son visionarios que pueden percibir lo invisible y evidenciar los profundos misterios de la vida y el universo. Son como los astronautas espirituales de la antig\u00fcedad, que viajan a los reinos de lo divino y traen tesoros de conocimiento.<\/p>\n<h4 class=\"mt-4\"><strong>Los Rishis en el aqu\u00ed y ahora<\/strong><\/h4>\n<p>Aunque los Rishis vivieron en este planeta en forma humana hace miles de a\u00f1os, todav\u00eda apoyan a la humanidad y a la Tierra desde las dimensiones sutiles. Su presencia es atemporal y cuanto m\u00e1s conscientes y abiertos seamos a su presencia, m\u00e1s podr\u00e1n fluir sus bendiciones en nuestras vidas. \u00c9ste es tambi\u00e9n el prop\u00f3sito de las hojas de palma. Son m\u00e1s que simples predicciones, sino una herramienta espiritual que nos ayuda a dar forma a nuestra vida, a trav\u00e9s del apoyo energ\u00e9tico de los Rishi<\/p>\n<h4 class=\"mt-4\"><strong>La conexi\u00f3n entre los Rishis y las hojas de palma<\/strong><\/h4>\n<p>Los Rishis, antiguos sabios y videntes de la India, fueron los autores divinos de los manuscritos de hojas de palma, conocidos como textos Nadi. Estos seres iluminados, a trav\u00e9s de una profunda meditaci\u00f3n y visi\u00f3n espiritual, registraron los destinos de los individuos en hojas de palma hace miles de a\u00f1os. Utilizando la antigua escritura tamil, documentaron detalles sobre la vida de las personas, ofreciendo gu\u00eda espiritual e informaci\u00f3n sobre su pasado, presente y futuro.<\/p>\n<p>Estas hojas de palma se conservan en las bibliotecas de Nadi y son le\u00eddas por astr\u00f3logos de Nadi que relacionan la huella digital o los detalles de un individuo con la hoja correspondiente. Esta tradici\u00f3n sagrada, honrada por mypalmleaf.com, contin\u00faa brindando sabidur\u00eda y claridad eternas, ayudando a los buscadores a comprender el viaje de su vida a trav\u00e9s de la visi\u00f3n de los Rishis.<\/p>\n      <\/div>\n    <\/div>\n  <\/div>\n\n<\/section>","protected":false},"excerpt":{"rendered":"","protected":false},"author":1,"featured_media":0,"parent":0,"menu_order":0,"comment_status":"closed","ping_status":"closed","template":"","meta":{"_acf_changed":false,"footnotes":""},"class_list":["post-20377","page","type-page","status-publish","hentry"],"acf":[],"yoast_head":"<!-- This site is optimized with the Yoast SEO plugin v26.4 - https:\/\/yoast.com\/wordpress\/plugins\/seo\/ -->\n<title>Hojas de Palma: Sabidur\u00eda Antigua y Gu\u00eda Espiritual<\/title>\n<meta name=\"description\" content=\"Descubre las hojas de palma Nadi, manuscritos sagrados con tu destino, escritos por los Rishis de la India para ofrecerte sabidur\u00eda y gu\u00eda espiritual.\" \/>\n<meta name=\"robots\" content=\"index, follow, max-snippet:-1, max-image-preview:large, max-video-preview:-1\" \/>\n<link rel=\"canonical\" href=\"https:\/\/mypalmleaf.com\/es\/hojas-de-palma\/\" \/>\n<meta property=\"og:locale\" content=\"es_ES\" \/>\n<meta property=\"og:type\" content=\"article\" \/>\n<meta property=\"og:title\" content=\"Hojas de Palma: Sabidur\u00eda Antigua y Gu\u00eda Espiritual\" \/>\n<meta property=\"og:description\" content=\"Descubre las hojas de palma Nadi, manuscritos sagrados con tu destino, escritos por los Rishis de la India para ofrecerte sabidur\u00eda y gu\u00eda espiritual.\" \/>\n<meta property=\"og:url\" content=\"https:\/\/mypalmleaf.com\/es\/hojas-de-palma\/\" \/>\n<meta property=\"og:site_name\" content=\"My Palm Leaf\" \/>\n<meta property=\"article:modified_time\" content=\"2025-03-27T12:02:33+00:00\" \/>\n<meta property=\"og:image\" content=\"https:\/\/mypalmleaf.com\/wp-content\/uploads\/2025\/08\/mpl-circle-logo.jpg\" \/>\n\t<meta property=\"og:image:width\" content=\"1200\" \/>\n\t<meta property=\"og:image:height\" content=\"1196\" \/>\n\t<meta property=\"og:image:type\" content=\"image\/jpeg\" \/>\n<meta name=\"twitter:card\" content=\"summary_large_image\" \/>\n<script type=\"application\/ld+json\" class=\"yoast-schema-graph\">{\"@context\":\"https:\/\/schema.org\",\"@graph\":[{\"@type\":\"WebPage\",\"@id\":\"https:\/\/mypalmleaf.com\/es\/hojas-de-palma\/\",\"url\":\"https:\/\/mypalmleaf.com\/es\/hojas-de-palma\/\",\"name\":\"Hojas de Palma: Sabidur\u00eda Antigua y Gu\u00eda Espiritual\",\"isPartOf\":{\"@id\":\"https:\/\/mypalmleaf.com\/#website\"},\"datePublished\":\"2024-08-15T02:38:41+00:00\",\"dateModified\":\"2025-03-27T12:02:33+00:00\",\"description\":\"Descubre las hojas de palma Nadi, manuscritos sagrados con tu destino, escritos por los Rishis de la India para ofrecerte sabidur\u00eda y gu\u00eda espiritual.\",\"breadcrumb\":{\"@id\":\"https:\/\/mypalmleaf.com\/es\/hojas-de-palma\/#breadcrumb\"},\"inLanguage\":\"es\",\"potentialAction\":[{\"@type\":\"ReadAction\",\"target\":[\"https:\/\/mypalmleaf.com\/es\/hojas-de-palma\/\"]}]},{\"@type\":\"BreadcrumbList\",\"@id\":\"https:\/\/mypalmleaf.com\/es\/hojas-de-palma\/#breadcrumb\",\"itemListElement\":[{\"@type\":\"ListItem\",\"position\":1,\"name\":\"Home\",\"item\":\"https:\/\/mypalmleaf.com\/es\/\"},{\"@type\":\"ListItem\",\"position\":2,\"name\":\"Hojas de Palma\"}]},{\"@type\":\"WebSite\",\"@id\":\"https:\/\/mypalmleaf.com\/#website\",\"url\":\"https:\/\/mypalmleaf.com\/\",\"name\":\"My Palm Leaf\",\"description\":\"\",\"potentialAction\":[{\"@type\":\"SearchAction\",\"target\":{\"@type\":\"EntryPoint\",\"urlTemplate\":\"https:\/\/mypalmleaf.com\/?s={search_term_string}\"},\"query-input\":{\"@type\":\"PropertyValueSpecification\",\"valueRequired\":true,\"valueName\":\"search_term_string\"}}],\"inLanguage\":\"es\"}]}<\/script>\n<!-- \/ Yoast SEO plugin. -->","yoast_head_json":{"title":"Hojas de Palma: Sabidur\u00eda Antigua y Gu\u00eda Espiritual","description":"Descubre las hojas de palma Nadi, manuscritos sagrados con tu destino, escritos por los Rishis de la India para ofrecerte sabidur\u00eda y gu\u00eda espiritual.","robots":{"index":"index","follow":"follow","max-snippet":"max-snippet:-1","max-image-preview":"max-image-preview:large","max-video-preview":"max-video-preview:-1"},"canonical":"https:\/\/mypalmleaf.com\/es\/hojas-de-palma\/","og_locale":"es_ES","og_type":"article","og_title":"Hojas de Palma: Sabidur\u00eda Antigua y Gu\u00eda Espiritual","og_description":"Descubre las hojas de palma Nadi, manuscritos sagrados con tu destino, escritos por los Rishis de la India para ofrecerte sabidur\u00eda y gu\u00eda espiritual.","og_url":"https:\/\/mypalmleaf.com\/es\/hojas-de-palma\/","og_site_name":"My Palm Leaf","article_modified_time":"2025-03-27T12:02:33+00:00","og_image":[{"width":1200,"height":1196,"url":"https:\/\/mypalmleaf.com\/wp-content\/uploads\/2025\/08\/mpl-circle-logo.jpg","type":"image\/jpeg"}],"twitter_card":"summary_large_image","schema":{"@context":"https:\/\/schema.org","@graph":[{"@type":"WebPage","@id":"https:\/\/mypalmleaf.com\/es\/hojas-de-palma\/","url":"https:\/\/mypalmleaf.com\/es\/hojas-de-palma\/","name":"Hojas de Palma: Sabidur\u00eda Antigua y Gu\u00eda Espiritual","isPartOf":{"@id":"https:\/\/mypalmleaf.com\/#website"},"datePublished":"2024-08-15T02:38:41+00:00","dateModified":"2025-03-27T12:02:33+00:00","description":"Descubre las hojas de palma Nadi, manuscritos sagrados con tu destino, escritos por los Rishis de la India para ofrecerte sabidur\u00eda y gu\u00eda espiritual.","breadcrumb":{"@id":"https:\/\/mypalmleaf.com\/es\/hojas-de-palma\/#breadcrumb"},"inLanguage":"es","potentialAction":[{"@type":"ReadAction","target":["https:\/\/mypalmleaf.com\/es\/hojas-de-palma\/"]}]},{"@type":"BreadcrumbList","@id":"https:\/\/mypalmleaf.com\/es\/hojas-de-palma\/#breadcrumb","itemListElement":[{"@type":"ListItem","position":1,"name":"Home","item":"https:\/\/mypalmleaf.com\/es\/"},{"@type":"ListItem","position":2,"name":"Hojas de Palma"}]},{"@type":"WebSite","@id":"https:\/\/mypalmleaf.com\/#website","url":"https:\/\/mypalmleaf.com\/","name":"My Palm Leaf","description":"","potentialAction":[{"@type":"SearchAction","target":{"@type":"EntryPoint","urlTemplate":"https:\/\/mypalmleaf.com\/?s={search_term_string}"},"query-input":{"@type":"PropertyValueSpecification","valueRequired":true,"valueName":"search_term_string"}}],"inLanguage":"es"}]}},"_links":{"self":[{"href":"https:\/\/mypalmleaf.com\/es\/wp-json\/wp\/v2\/pages\/20377","targetHints":{"allow":["GET"]}}],"collection":[{"href":"https:\/\/mypalmleaf.com\/es\/wp-json\/wp\/v2\/pages"}],"about":[{"href":"https:\/\/mypalmleaf.com\/es\/wp-json\/wp\/v2\/types\/page"}],"author":[{"embeddable":true,"href":"https:\/\/mypalmleaf.com\/es\/wp-json\/wp\/v2\/users\/1"}],"replies":[{"embeddable":true,"href":"https:\/\/mypalmleaf.com\/es\/wp-json\/wp\/v2\/comments?post=20377"}],"version-history":[{"count":0,"href":"https:\/\/mypalmleaf.com\/es\/wp-json\/wp\/v2\/pages\/20377\/revisions"}],"wp:attachment":[{"href":"https:\/\/mypalmleaf.com\/es\/wp-json\/wp\/v2\/media?parent=20377"}],"curies":[{"name":"wp","href":"https:\/\/api.w.org\/{rel}","templated":true}]}}