{"id":20388,"date":"2024-09-05T05:53:33","date_gmt":"2024-09-05T05:53:33","guid":{"rendered":"https:\/\/mypalmleaf.com\/?page_id=20388"},"modified":"2025-03-31T04:18:38","modified_gmt":"2025-03-31T04:18:38","slug":"privacy-policy","status":"publish","type":"page","link":"https:\/\/mypalmleaf.com\/es\/privacy-policy\/","title":{"rendered":"Pol\u00edtica de privacidad"},"content":{"rendered":"\n<h2 class=\"wp-block-heading\"><strong>1. Introducci\u00f3n<\/strong><\/h2>\n\n<p>Conscious Innovation Lab O\u00dc (\u00abnosotros\u00bb, \u00abnuestro\u00bb o \u00abnos\u00bb) se compromete a proteger tus datos personales y a respetar tu privacidad. Esta Pol\u00edtica de Privacidad describe c\u00f3mo recopilamos, utilizamos y protegemos tus datos personales de conformidad con el <strong>Reglamento General de Protecci\u00f3n de Datos (RGPD)<\/strong>. <\/p>\n\n<p><strong>Informaci\u00f3n de contacto:<br\/><\/strong>Conscious Innovation Lab O\u00dc<br\/>Sakala 7-2<br\/>10141 Tallin, Estonia<br\/>Correo electr\u00f3nico: <a href=\"mailto:info@mypalmleaf.com\">info@mypalmleaf.com<\/a><\/p>\n\n<p><br\/>Responsable de Protecci\u00f3n de Datos (RPD): <strong>Stephan Oesterreicher<br\/><\/strong>Correo electr\u00f3nico: info@mypalmleaf.com<\/p>\n\n<h2>2. Datos que recogemos<\/h2>\n\n<p>Recogemos los siguientes datos personales para prestar nuestros servicios:<\/p>\n\n<ul class=\"wp-block-list\">\n<li>Nombre.<\/li>\n\n\n\n<li>Direcci\u00f3n de facturaci\u00f3n.<\/li>\n\n\n\n<li>Direcci\u00f3n de correo electr\u00f3nico.<\/li>\n\n\n\n<li>N\u00famero de tel\u00e9fono.<\/li>\n\n\n\n<li>Datos de pago.<\/li>\n\n\n\n<li>Huella del pulgar (para localizar tu hoja de palma).<\/li>\n\n\n\n<li>Sexo y pa\u00eds de nacimiento (para localizar tu hoja de palma).<\/li>\n<\/ul>\n\n<h2 class=\"wp-block-heading\"><strong>3. Finalidad del tratamiento de datos<\/strong><\/h2>\n\n<p>Tratamos tus datos personales para los siguientes fines:<\/p>\n\n<ul class=\"wp-block-list\">\n<li><strong>Cumplimiento de pedidos:<\/strong> Para procesar y entregar los pedidos realizados a trav\u00e9s de nuestro sitio web.<\/li>\n\n\n\n<li><strong>C\u00f3mo encontrar tu hoja de palma:<\/strong> Las huellas dactilares, el sexo y el pa\u00eds de nacimiento se recogen \u00fanicamente para localizar tu hoja de palma espec\u00edfica.<\/li>\n\n\n\n<li><strong>Boletines informativos:<\/strong> Para enviar boletines y actualizaciones (s\u00f3lo con tu consentimiento).<\/li>\n\n\n\n<li><strong>Anal\u00edtica y mejora del sitio web:<\/strong> Para mejorar el sitio web y la experiencia del usuario utilizando herramientas como Google Analytics y el p\u00edxel de Facebook.<\/li>\n\n\n\n<li><strong>Cumplimiento legal:<\/strong> Cumplir la normativa fiscal y financiera aplicable.<\/li>\n<\/ul>\n\n<h2 class=\"wp-block-heading\"><strong>4. Base legal para el tratamiento<\/strong><\/h2>\n\n<p>Tratamos tus datos bas\u00e1ndonos en los siguientes fundamentos jur\u00eddicos:<\/p>\n\n<ul class=\"wp-block-list\">\n<li><strong>Consentimiento:<\/strong> Para boletines y cualquier comunicaci\u00f3n de marketing.<\/li>\n\n\n\n<li><strong>Necesidad contractual:<\/strong> Para cumplir los pedidos y prestar los servicios.<\/li>\n\n\n\n<li><strong>Intereses leg\u00edtimos:<\/strong> Analizar el rendimiento del sitio web y garantizar su funcionalidad.<\/li>\n\n\n\n<li><strong>Obligaciones legales:<\/strong> Para el cumplimiento de los informes fiscales y otros requisitos legales.<\/li>\n<\/ul>\n\n<h2 class=\"wp-block-heading\"><strong>5. Servicios de terceros<\/strong><\/h2>\n\n<p>Utilizamos proveedores de servicios externos para procesar tus datos de forma segura y eficiente, entre ellos:<\/p>\n\n<ul class=\"wp-block-list\">\n<li><strong>Proveedores de alojamiento:<\/strong> AWS, Google Cloud, monday.com.<\/li>\n\n\n\n<li><strong>Herramientas de Email Marketing:<\/strong> Mailchimp.<\/li>\n\n\n\n<li><strong>Procesadores de pago:<\/strong> PayPal, Stripe.<\/li>\n\n\n\n<li><strong>Anal\u00edtica y seguimiento:<\/strong> Google Analytics, p\u00edxel de Facebook<\/li>\n<\/ul>\n\n<p>Cada uno de estos proveedores cumple el GDPR y garantiza la protecci\u00f3n de datos mediante las salvaguardias adecuadas.<\/p>\n\n<h2 class=\"wp-block-heading\"><strong>6. Transferencias internacionales de datos<\/strong><\/h2>\n\n<p>Para localizar tu hoja palmar, transferimos datos personales (huella dactilar, sexo, pa\u00eds de nacimiento) sin nombre a <strong>India<\/strong>. Estas transferencias se realizan con arreglo a <strong>Cl\u00e1usulas Contractuales Tipo (CCT)<\/strong> para garantizar un nivel adecuado de protecci\u00f3n de datos. <\/p>\n\n<h2 class=\"wp-block-heading\"><strong>7. Cookies y tecnolog\u00edas de seguimiento<\/strong><\/h2>\n\n<p>Utilizamos cookies y tecnolog\u00edas de seguimiento similares para mejorar tu experiencia de usuario. Entre ellas se incluyen: <\/p>\n\n<ul class=\"wp-block-list\">\n<li><strong>Google Analytics:<\/strong> Para analizar el tr\u00e1fico del sitio web y el comportamiento de los usuarios.<\/li>\n\n\n\n<li><strong>P\u00edxel de Facebook:<\/strong> Para marketing personalizado y seguimiento de conversiones.<\/li>\n<\/ul>\n\n<p>Puedes gestionar las preferencias de cookies a trav\u00e9s de nuestro banner de consentimiento de cookies o ajustar la configuraci\u00f3n de tu navegador.<\/p>\n\n<h2 class=\"wp-block-heading\"><strong>8. Conservaci\u00f3n de datos<\/strong><\/h2>\n\n<p>Conservamos los datos personales durante los siguientes periodos:<\/p>\n\n<ul class=\"wp-block-list\">\n<li>Datos generales del cliente (por ejemplo, nombre, correo electr\u00f3nico, direcci\u00f3n de facturaci\u00f3n): <strong>6 a\u00f1os<\/strong>.<\/li>\n\n\n\n<li>Huellas dactilares (utilizadas para localizar las hojas de palma): <strong>4 semanas despu\u00e9s de la lectura general.<\/strong><\/li>\n<\/ul>\n\n<p>Los datos se eliminan o se convierten en an\u00f3nimos cuando dejan de ser necesarios para los fines indicados.<\/p>\n\n<h2 class=\"wp-block-heading\"><strong>9. Tus derechos<\/strong><\/h2>\n\n<p>En virtud del GDPR, tienes los siguientes derechos en relaci\u00f3n con tus datos personales:<\/p>\n\n<ol class=\"wp-block-list\">\n<li><strong>Derecho de acceso:<\/strong> Solicitar acceso a los datos personales que tenemos sobre ti.<\/li>\n\n\n\n<li><strong>Derecho de Rectificaci\u00f3n:<\/strong> Corregir inexactitudes en tus datos.<\/li>\n\n\n\n<li><strong>Derecho de supresi\u00f3n:<\/strong> Solicitar la supresi\u00f3n de tus datos (\u00abderecho al olvido\u00bb).<\/li>\n\n\n\n<li><strong>Derecho a restringir el tratamiento:<\/strong> Limitar el tratamiento de tus datos en determinadas circunstancias.<\/li>\n\n\n\n<li><strong>Derecho a la portabilidad de datos:<\/strong> Recibir tus datos en un formato estructurado y legible por m\u00e1quina.<\/li>\n\n\n\n<li><strong>Derecho de oposici\u00f3n:<\/strong> Oponerte al tratamiento de tus datos por intereses leg\u00edtimos o con fines de marketing.<\/li>\n\n\n\n<li><strong>Derecho a retirar el consentimiento:<\/strong> Retirar el consentimiento para el tratamiento de datos en cualquier momento.<\/li>\n\n\n\n<li><strong>Derecho a presentar una reclamaci\u00f3n:<\/strong> Presenta una reclamaci\u00f3n ante la autoridad local de protecci\u00f3n de datos si crees que se han vulnerado tus derechos.<\/li>\n<\/ol>\n\n<p>Para ejercer cualquiera de estos derechos, ponte en contacto con nosotros en info@mypalmleaf.com.<br\/><\/p>\n\n<h2 class=\"wp-block-heading\"><strong>10. Toma de decisiones automatizada y elaboraci\u00f3n de perfiles<\/strong><\/h2>\n\n<p>No utilizamos herramientas automatizadas de toma de decisiones ni de elaboraci\u00f3n de perfiles.<br\/><\/p>\n\n<h2 class=\"wp-block-heading\"><strong>11. Seguridad de los datos<\/strong><\/h2>\n\n<p>Aunque actualmente no aplicamos medidas t\u00e9cnicas de seguridad espec\u00edficas (por ejemplo, encriptaci\u00f3n), hacemos todo lo posible para tratar los datos personales de forma segura y s\u00f3lo los compartimos con terceros de confianza. Estamos trabajando para implantar medidas de seguridad m\u00e1s s\u00f3lidas en un futuro pr\u00f3ximo. <\/p>\n\n<h2 class=\"wp-block-heading\"><strong>12. Actualizaciones de esta Pol\u00edtica de Privacidad<\/strong><\/h2>\n\n<p>Podemos actualizar esta Pol\u00edtica de Privacidad de vez en cuando para reflejar cambios en los requisitos legales u operativos. Cualquier actualizaci\u00f3n se publicar\u00e1 en esta p\u00e1gina y, cuando proceda, te lo notificaremos directamente. <\/p>\n\n<p><strong>\u00daltima actualizaci\u00f3n:<\/strong> 22 de noviembre de 2024<br\/><\/p>\n\n<p><span id=\"docs-internal-guid-8f69ac49-7fff-720c-c3f9-e299012d149c\"><div><span style=\"font-size: 12pt; font-family: Arial, sans-serif; color: rgb(13, 13, 13); background-color: transparent; font-variant-numeric: normal; font-variant-east-asian: normal; font-variant-alternates: normal; font-variant-position: normal; vertical-align: baseline;\"><\/span><\/div><\/span><\/p>\n","protected":false},"excerpt":{"rendered":"<p>1. Introducci\u00f3n Conscious Innovation Lab O\u00dc (\u00abnosotros\u00bb, \u00abnuestro\u00bb o \u00abnos\u00bb) se compromete a proteger tus datos personales y a respetar tu privacidad. Esta Pol\u00edtica de Privacidad describe c\u00f3mo recopilamos, utilizamos y protegemos tus datos personales de conformidad con el Reglamento General de Protecci\u00f3n de Datos (RGPD). Informaci\u00f3n de contacto:Conscious Innovation Lab O\u00dcSakala 7-210141 Tallin, EstoniaCorreo [&hellip;]<\/p>\n","protected":false},"author":1,"featured_media":0,"parent":0,"menu_order":0,"comment_status":"closed","ping_status":"closed","template":"static-template-page.php","meta":{"_acf_changed":false,"footnotes":""},"class_list":["post-20388","page","type-page","status-publish","hentry"],"acf":[],"yoast_head":"<!-- This site is optimized with the Yoast SEO plugin v26.4 - https:\/\/yoast.com\/wordpress\/plugins\/seo\/ -->\n<title>Pol\u00edtica de Privacidad de My Palm Leaf<\/title>\n<meta name=\"description\" content=\"Conoce c\u00f3mo se recopilan, utilizan y protegen tus datos personales. Lee la pol\u00edtica de privacidad para entender tus derechos y la seguridad de tu informaci\u00f3n.\" \/>\n<meta name=\"robots\" content=\"index, follow, max-snippet:-1, max-image-preview:large, max-video-preview:-1\" \/>\n<link rel=\"canonical\" href=\"https:\/\/mypalmleaf.com\/es\/privacy-policy\/\" \/>\n<meta property=\"og:locale\" content=\"es_ES\" \/>\n<meta property=\"og:type\" content=\"article\" \/>\n<meta property=\"og:title\" content=\"Pol\u00edtica de Privacidad de My Palm Leaf\" \/>\n<meta property=\"og:description\" content=\"Conoce c\u00f3mo se recopilan, utilizan y protegen tus datos personales. Lee la pol\u00edtica de privacidad para entender tus derechos y la seguridad de tu informaci\u00f3n.\" \/>\n<meta property=\"og:url\" content=\"https:\/\/mypalmleaf.com\/es\/privacy-policy\/\" \/>\n<meta property=\"og:site_name\" content=\"My Palm Leaf\" \/>\n<meta property=\"article:modified_time\" content=\"2025-03-31T04:18:38+00:00\" \/>\n<meta property=\"og:image\" content=\"https:\/\/mypalmleaf.com\/wp-content\/uploads\/2025\/08\/mpl-circle-logo.jpg\" \/>\n\t<meta property=\"og:image:width\" content=\"1200\" \/>\n\t<meta property=\"og:image:height\" content=\"1196\" \/>\n\t<meta property=\"og:image:type\" content=\"image\/jpeg\" \/>\n<meta name=\"twitter:card\" content=\"summary_large_image\" \/>\n<meta name=\"twitter:label1\" content=\"Tiempo de lectura\" \/>\n\t<meta name=\"twitter:data1\" content=\"4 minutos\" \/>\n<script type=\"application\/ld+json\" class=\"yoast-schema-graph\">{\"@context\":\"https:\/\/schema.org\",\"@graph\":[{\"@type\":\"WebPage\",\"@id\":\"https:\/\/mypalmleaf.com\/es\/privacy-policy\/\",\"url\":\"https:\/\/mypalmleaf.com\/es\/privacy-policy\/\",\"name\":\"Pol\u00edtica de Privacidad de My Palm Leaf\",\"isPartOf\":{\"@id\":\"https:\/\/mypalmleaf.com\/#website\"},\"datePublished\":\"2024-09-05T05:53:33+00:00\",\"dateModified\":\"2025-03-31T04:18:38+00:00\",\"description\":\"Conoce c\u00f3mo se recopilan, utilizan y protegen tus datos personales. Lee la pol\u00edtica de privacidad para entender tus derechos y la seguridad de tu informaci\u00f3n.\",\"breadcrumb\":{\"@id\":\"https:\/\/mypalmleaf.com\/es\/privacy-policy\/#breadcrumb\"},\"inLanguage\":\"es\",\"potentialAction\":[{\"@type\":\"ReadAction\",\"target\":[\"https:\/\/mypalmleaf.com\/es\/privacy-policy\/\"]}]},{\"@type\":\"BreadcrumbList\",\"@id\":\"https:\/\/mypalmleaf.com\/es\/privacy-policy\/#breadcrumb\",\"itemListElement\":[{\"@type\":\"ListItem\",\"position\":1,\"name\":\"Home\",\"item\":\"https:\/\/mypalmleaf.com\/es\/\"},{\"@type\":\"ListItem\",\"position\":2,\"name\":\"Pol\u00edtica de privacidad\"}]},{\"@type\":\"WebSite\",\"@id\":\"https:\/\/mypalmleaf.com\/#website\",\"url\":\"https:\/\/mypalmleaf.com\/\",\"name\":\"My Palm Leaf\",\"description\":\"\",\"potentialAction\":[{\"@type\":\"SearchAction\",\"target\":{\"@type\":\"EntryPoint\",\"urlTemplate\":\"https:\/\/mypalmleaf.com\/?s={search_term_string}\"},\"query-input\":{\"@type\":\"PropertyValueSpecification\",\"valueRequired\":true,\"valueName\":\"search_term_string\"}}],\"inLanguage\":\"es\"}]}<\/script>\n<!-- \/ Yoast SEO plugin. -->","yoast_head_json":{"title":"Pol\u00edtica de Privacidad de My Palm Leaf","description":"Conoce c\u00f3mo se recopilan, utilizan y protegen tus datos personales. Lee la pol\u00edtica de privacidad para entender tus derechos y la seguridad de tu informaci\u00f3n.","robots":{"index":"index","follow":"follow","max-snippet":"max-snippet:-1","max-image-preview":"max-image-preview:large","max-video-preview":"max-video-preview:-1"},"canonical":"https:\/\/mypalmleaf.com\/es\/privacy-policy\/","og_locale":"es_ES","og_type":"article","og_title":"Pol\u00edtica de Privacidad de My Palm Leaf","og_description":"Conoce c\u00f3mo se recopilan, utilizan y protegen tus datos personales. Lee la pol\u00edtica de privacidad para entender tus derechos y la seguridad de tu informaci\u00f3n.","og_url":"https:\/\/mypalmleaf.com\/es\/privacy-policy\/","og_site_name":"My Palm Leaf","article_modified_time":"2025-03-31T04:18:38+00:00","og_image":[{"width":1200,"height":1196,"url":"https:\/\/mypalmleaf.com\/wp-content\/uploads\/2025\/08\/mpl-circle-logo.jpg","type":"image\/jpeg"}],"twitter_card":"summary_large_image","twitter_misc":{"Tiempo de lectura":"4 minutos"},"schema":{"@context":"https:\/\/schema.org","@graph":[{"@type":"WebPage","@id":"https:\/\/mypalmleaf.com\/es\/privacy-policy\/","url":"https:\/\/mypalmleaf.com\/es\/privacy-policy\/","name":"Pol\u00edtica de Privacidad de My Palm Leaf","isPartOf":{"@id":"https:\/\/mypalmleaf.com\/#website"},"datePublished":"2024-09-05T05:53:33+00:00","dateModified":"2025-03-31T04:18:38+00:00","description":"Conoce c\u00f3mo se recopilan, utilizan y protegen tus datos personales. Lee la pol\u00edtica de privacidad para entender tus derechos y la seguridad de tu informaci\u00f3n.","breadcrumb":{"@id":"https:\/\/mypalmleaf.com\/es\/privacy-policy\/#breadcrumb"},"inLanguage":"es","potentialAction":[{"@type":"ReadAction","target":["https:\/\/mypalmleaf.com\/es\/privacy-policy\/"]}]},{"@type":"BreadcrumbList","@id":"https:\/\/mypalmleaf.com\/es\/privacy-policy\/#breadcrumb","itemListElement":[{"@type":"ListItem","position":1,"name":"Home","item":"https:\/\/mypalmleaf.com\/es\/"},{"@type":"ListItem","position":2,"name":"Pol\u00edtica de privacidad"}]},{"@type":"WebSite","@id":"https:\/\/mypalmleaf.com\/#website","url":"https:\/\/mypalmleaf.com\/","name":"My Palm Leaf","description":"","potentialAction":[{"@type":"SearchAction","target":{"@type":"EntryPoint","urlTemplate":"https:\/\/mypalmleaf.com\/?s={search_term_string}"},"query-input":{"@type":"PropertyValueSpecification","valueRequired":true,"valueName":"search_term_string"}}],"inLanguage":"es"}]}},"_links":{"self":[{"href":"https:\/\/mypalmleaf.com\/es\/wp-json\/wp\/v2\/pages\/20388","targetHints":{"allow":["GET"]}}],"collection":[{"href":"https:\/\/mypalmleaf.com\/es\/wp-json\/wp\/v2\/pages"}],"about":[{"href":"https:\/\/mypalmleaf.com\/es\/wp-json\/wp\/v2\/types\/page"}],"author":[{"embeddable":true,"href":"https:\/\/mypalmleaf.com\/es\/wp-json\/wp\/v2\/users\/1"}],"replies":[{"embeddable":true,"href":"https:\/\/mypalmleaf.com\/es\/wp-json\/wp\/v2\/comments?post=20388"}],"version-history":[{"count":0,"href":"https:\/\/mypalmleaf.com\/es\/wp-json\/wp\/v2\/pages\/20388\/revisions"}],"wp:attachment":[{"href":"https:\/\/mypalmleaf.com\/es\/wp-json\/wp\/v2\/media?parent=20388"}],"curies":[{"name":"wp","href":"https:\/\/api.w.org\/{rel}","templated":true}]}}