
{"id":20417,"date":"2024-09-05T05:42:23","date_gmt":"2024-09-05T05:42:23","guid":{"rendered":"https:\/\/mypalmleaf.com\/?page_id=20417"},"modified":"2025-02-20T05:47:27","modified_gmt":"2025-02-20T05:47:27","slug":"condiciones-generales","status":"publish","type":"page","link":"https:\/\/mypalmleaf.com\/es\/condiciones-generales\/","title":{"rendered":"Condiciones generales"},"content":{"rendered":"\n<h2 class=\"wp-block-heading has-text-align-left\">\u00daltima actualizaci\u00f3n: 22 de noviembre de 2024<\/h2>\n\n<p><strong>ACEPTACI\u00d3N DE LAS CONDICIONES<\/strong><\/p>\n\n<p><strong>Aceptaci\u00f3n de los T\u00e9rminos<\/strong> Estos T\u00e9rminos y Condiciones (\u00abT\u00e9rminos\u00bb) constituyen un acuerdo legalmente vinculante realizado entre t\u00fa, ya sea personalmente o en nombre de una entidad (\u00abt\u00fa\u00bb) y Conscious Innovation Lab O\u00dc, que opera como MyPalmLeaf (\u00abMyPalmLeaf\u00bb, \u00abnosotros\u00bb, \u00abnos\u00bb o \u00abnuestro\u00bb), en relaci\u00f3n con tu acceso y uso del sitio web www.mypalmleaf.com y cualquier otra forma de medios relacionados, canales, sitios web m\u00f3viles o aplicaciones (colectivamente, el \u00abSitio\u00bb). Al acceder o utilizar el Sitio, aceptas que has le\u00eddo, entendido y aceptado estas Condiciones. Si no est\u00e1s de acuerdo con estas Condiciones, deja de utilizar el Sitio inmediatamente.  <\/p>\n\n<p>MyPalmLeaf est\u00e1 registrada en Estonia, con domicilio social en Sakala tn 7-2, Tallin, Harju 10141.<span id=\"docs-internal-guid-39601ff5-7fff-94b4-2e21-c11b3f240ebd\"><div><span style=\"font-size: 12pt; font-family: Arial, sans-serif; color: rgb(13, 13, 13); background-color: transparent; font-variant-numeric: normal; font-variant-east-asian: normal; font-variant-alternates: normal; font-variant-position: normal; vertical-align: baseline;\"><\/span><\/div><\/span><strong>Condiciones complementarias<\/strong> En el Sitio pueden publicarse condiciones o documentos complementarios que se incorporan a estas Condiciones por referencia. Nos reservamos el derecho a actualizar o modificar estas Condiciones en cualquier momento. Los cambios se indicar\u00e1n mediante la fecha de \u00ab\u00daltima actualizaci\u00f3n\u00bb en la parte superior de este documento. El uso continuado del Sitio despu\u00e9s de cualquier actualizaci\u00f3n constituye la aceptaci\u00f3n de las Condiciones modificadas. Recomendamos revisar estas Condiciones peri\u00f3dicamente.<br\/>La informaci\u00f3n proporcionada en el Sitio no est\u00e1 destinada a ser distribuida ni utilizada por ninguna persona o entidad en ninguna jurisdicci\u00f3n o pa\u00eds donde dicha distribuci\u00f3n o uso sea contrario a la ley o a la normativa o que nos someta a cualquier requisito de registro en dicha jurisdicci\u00f3n o pa\u00eds. En consecuencia, las personas que decidan acceder al Sitio desde otros lugares lo hacen por iniciativa propia y son las \u00fanicas responsables del cumplimiento de las leyes locales, si \u00e9stas son aplicables y en la medida en que lo sean.     <\/p>\n\n<p><strong>Cumplimiento<\/strong> legal El Sitio est\u00e1 destinado a usuarios mayores de 18 a\u00f1os. Los usuarios que accedan al Sitio desde fuera de Estonia deben garantizar el cumplimiento de las leyes locales aplicables. MyPalmLeaf no se hace responsable del uso del Sitio en jurisdicciones donde su contenido o funcionalidad puedan violar la normativa local. Nota: Nada de lo dispuesto en estas Condiciones anula las leyes de protecci\u00f3n del consumidor de tu pa\u00eds de residencia dentro de la Uni\u00f3n Europea.   <\/p>\n\n<p><strong>Derechos de Propiedad Intelectual<\/strong> El Sitio y todo su contenido, incluyendo pero sin limitarse a textos, gr\u00e1ficos, logotipos, im\u00e1genes, v\u00eddeos y software (colectivamente, el \u00abContenido\u00bb), son propiedad de MyPalmLeaf o est\u00e1n licenciados a MyPalmLeaf y protegidos por las leyes internacionales de derechos de autor y marcas registradas. Se te concede una licencia limitada, no exclusiva, intransferible y revocable para utilizar el Sitio con fines personales y no comerciales. La reproducci\u00c3\u00b3n, distribuci\u00c3\u00b3n, modificaci\u00c3\u00b3n o explotaci\u00c3\u00b3n no autorizadas del Contenido est\u00c3\u00a1n estrictamente prohibidas.  <br\/><\/p>\n\n<p>El contenido de terceros est\u00e1 sujeto a sus respectivos t\u00e9rminos de licencia, que siguen siendo responsabilidad del tercero.<\/p>\n\n<p><strong>Declaraciones del usuario<\/strong> Al utilizar el Sitio, declaras que:<\/p>\n\n<ul class=\"wp-block-list\">\n<li>Toda la informaci\u00f3n de registro que proporciones es exacta y est\u00e1 actualizada.<\/li>\n\n\n\n<li>Mantendr\u00e1s la seguridad de las credenciales de tu cuenta.<\/li>\n\n\n\n<li>No utilizar\u00e1s el Sitio para fines il\u00edcitos o en violaci\u00f3n de las leyes aplicables.<\/li>\n\n\n\n<li>Tienes capacidad legal para aceptar estas Condiciones.<\/li>\n<\/ul>\n\n<p>El incumplimiento de estas declaraciones puede dar lugar a la cancelaci\u00f3n de tu cuenta.<\/p>\n\n<p><strong>Privacidad de los datos<\/strong> Respetamos tu privacidad y procesamos tus datos personales de acuerdo con nuestra Pol\u00edtica de privacidad, que se incorpora a estas Condiciones. Al utilizar el Sitio, das tu consentimiento a la recogida, uso y tratamiento de tus datos tal y como se describe en la Pol\u00edtica de Privacidad. Si te encuentras en la Uni\u00f3n Europea, tus datos se tratar\u00e1n de conformidad con el Reglamento General de Protecci\u00f3n de Datos (RGPD).  <\/p>\n\n<p>Los principios clave del GDPR a los que nos adherimos incluyen:<\/p>\n\n<ul class=\"wp-block-list\">\n<li>Transparencia: Explicaciones claras y comprensibles sobre c\u00f3mo se recogen, procesan y almacenan tus datos.<\/li>\n\n\n\n<li>Derecho de acceso: Puedes solicitar acceso a los datos que almacenamos sobre ti.<\/li>\n\n\n\n<li>Derecho de rectificaci\u00f3n y supresi\u00f3n: Puedes solicitar la rectificaci\u00f3n o supresi\u00f3n de tus datos personales.<\/li>\n\n\n\n<li>Portabilidad de datos: Puedes solicitar una copia de tus datos en un formato port\u00e1til.<\/li>\n\n\n\n<li>Derecho a retirar el consentimiento: Puedes retirar tu consentimiento al tratamiento de datos en cualquier momento.<\/li>\n\n\n\n<li>Conservaci\u00f3n: Los datos se conservan s\u00f3lo durante el tiempo necesario para cumplir los fines para los que se recogieron, a menos que la ley exija lo contrario.<\/li>\n<\/ul>\n\n<p>Para consultas sobre protecci\u00f3n de datos, ponte en contacto con nosotros en info@mypalmleaf.com. Los proveedores externos que procesan tus datos cumplen la normativa aplicable, especialmente cuando est\u00e1n ubicados fuera de la UE. <br\/><\/p>\n\n<p><strong>Productos y servicios<\/strong> Nos esforzamos por ofrecer descripciones exactas de nuestros productos y servicios. Sin embargo, no garantizamos que las descripciones, precios u otros contenidos est\u00e9n libres de errores. Los productos y servicios est\u00e1n sujetos a disponibilidad, y los precios est\u00e1n sujetos a cambios sin previo aviso. Todos los pagos se procesan de forma segura, y en el Sitio encontrar\u00e1s informaci\u00f3n detallada sobre los m\u00e9todos de pago aceptados.   <br\/><\/p>\n\n<p><strong>Reembolsos y devoluciones<\/strong> Todas las ventas son definitivas. No se admiten devoluciones, salvo que lo exijan las leyes aplicables de protecci\u00f3n del consumidor. <br\/><\/p>\n\n<p><strong>Excepci\u00f3n:<\/strong> Si no se encuentra tu hoja de palmera en el plazo de 3 citas, tienes derecho a un reembolso completo.<br\/><\/p>\n\n<p>Los servicios prestados por MyPalmLeaf est\u00e1n altamente personalizados y adaptados a cada individuo en funci\u00f3n de su huella digital \u00fanica. Al enviar tu huella digital, reconoces y aceptas que el servicio prestado est\u00e1 personalizado espec\u00edficamente para ti. <br\/><\/p>\n\n<p>De acuerdo con las leyes de protecci\u00f3n del consumidor de la UE, los servicios personalizados est\u00e1n exentos del derecho de desistimiento est\u00e1ndar. Por lo tanto, una vez enviada la huella digital y comenzado el proceso de personalizaci\u00f3n, ya no es posible realizar devoluciones o cancelaciones. <br\/><\/p>\n\n<p><strong>Actividades Prohibidas<\/strong> Te comprometes a no:<\/p>\n\n<p>Utilizar el Sitio para fines comerciales no autorizados.<\/p>\n\n<p>Distribuir software malicioso, como virus o malware.<\/p>\n\n<p>Interferir con las funciones de seguridad del Sitio.<\/p>\n\n<p>Recoger o raspar datos de usuario del Sitio sin permiso.<\/p>\n\n<ul class=\"wp-block-list\">\n<li>Utilizar el Sitio para fines comerciales no autorizados.<\/li>\n\n\n\n<li>Distribuir software malicioso, como virus o malware.<\/li>\n\n\n\n<li>Interferir con las funciones de seguridad del Sitio.<\/li>\n\n\n\n<li>Recoger o raspar datos de usuario del Sitio sin permiso.<\/li>\n\n\n\n<li>Participar en actividades que perjudiquen la funcionalidad o la reputaci\u00f3n del Sitio.<\/li>\n<\/ul>\n\n<p>Las infracciones pueden dar lugar a la suspensi\u00f3n inmediata de la cuenta o a acciones legales. Nos reservamos el derecho a supervisar las actividades en el Sitio para detectar y prevenir actividades prohibidas. <\/p>\n\n<p><strong>Contribuciones<\/strong> generadas por el <strong>usuario<\/strong> Si el Sitio permite contenido generado por el usuario (\u00abContribuciones\u00bb), aceptas que:<\/p>\n\n<ul class=\"wp-block-list\">\n<li>Tus Contribuciones no violan los derechos de terceros, incluidos los derechos de propiedad intelectual.<\/li>\n\n\n\n<li>Tus Contribuciones no son difamatorias, obscenas o ilegales por cualquier otro motivo.<\/li>\n\n\n\n<li>Concedes a MyPalmLeaf una licencia no exclusiva, libre de regal\u00edas y de \u00e1mbito mundial para utilizar, reproducir y distribuir tus Contribuciones.<\/li>\n<\/ul>\n\n<p>Nos reservamos el derecho a moderar o eliminar las Contribuciones que infrinjan estas Condiciones.<\/p>\n\n<p><strong>Resoluci\u00f3n de conflictos<\/strong><\/p>\n\n<ul class=\"wp-block-list\">\n<li><strong>Resoluci\u00f3n informal:<\/strong> Animamos a resolver los conflictos de manera informal. Ponte en contacto con nosotros en info@mypalmleaf.com para tratar cualquier asunto. <\/li>\n\n\n\n<li><strong>Arbitraje:<\/strong> Si fracasa la resoluci\u00f3n informal, las disputas se resolver\u00e1n mediante arbitraje vinculante realizado conforme a las normas del Tribunal Europeo de Arbitraje. La sede del arbitraje estar\u00e1 en Berl\u00edn, Alemania, y los procedimientos se llevar\u00e1n a cabo en ingl\u00e9s. Cada parte correr\u00e1 con sus propias costas, a menos que el \u00e1rbitro determine lo contrario.  <\/li>\n<\/ul>\n\n<p><strong>Excepciones:<\/strong><\/p>\n\n<ul class=\"wp-block-list\">\n<li>Reclamaciones de propiedad intelectual.<\/li>\n\n\n\n<li>Reclamaciones relacionadas con presuntas actividades delictivas o violaciones de la intimidad.<\/li>\n\n\n\n<li>Reclamaciones en las que las leyes locales obligatorias exigen la resoluci\u00f3n en los tribunales locales.<\/li>\n<\/ul>\n\n<p><strong>Limitaci\u00f3n de<\/strong> responsabilidad En la medida permitida por la ley, MyPalmLeaf y sus afiliados no son responsables de da\u00f1os indirectos, incidentales o consecuentes derivados del uso del Sitio. Nuestra responsabilidad total se limita al importe que hayas pagado por los productos o servicios. <\/p>\n\n<p>Esta limitaci\u00f3n no se aplica a la responsabilidad por fraude, da\u00f1os personales o negligencia grave cuando dichas exclusiones est\u00e9n prohibidas por la ley.<\/p>\n\n<p><strong>Modificaciones e interrupciones<\/strong> Nos reservamos el derecho a modificar, suspender o interrumpir el Sitio o sus servicios en cualquier momento y sin previo aviso. No nos hacemos responsables de las interrupciones o errores, incluidos los causados por factores externos fuera de nuestro control. Los usuarios son responsables de hacer copias de seguridad de sus propios datos cuando proceda.  <br\/><\/p>\n\n<p><strong>T\u00e9rminos espec\u00edficos para lecturas y remedios<\/strong><\/p>\n\n<ul class=\"wp-block-list\">\n<li>MyPalmLeaf act\u00faa \u00fanicamente como facilitador, poniendo en contacto a clientes con lectores experimentados de hojas de la palma de la mano en la India. No somos responsables del contenido, la interpretaci\u00f3n o los resultados de las lecturas. <\/li>\n\n\n\n<li>Las predicciones proporcionadas en las lecturas no son garant\u00edas y deben considerarse como orientaciones m\u00e1s que como certezas.<\/li>\n\n\n\n<li>Los clientes son plenamente responsables de sus propias vidas, decisiones y acciones, independientemente de la informaci\u00f3n recibida durante una lectura.<\/li>\n\n\n\n<li>Al utilizar nuestros servicios, los clientes confirman que aceptan plenamente la responsabilidad de sus vidas y renuncian a todo derecho a responsabilizar a MyPalmLeaf de sus decisiones, del contenido de las lecturas o de los efectos que \u00e9stas puedan tener en ellos.<\/li>\n\n\n\n<li>Los remedios sugeridos durante las lecturas son recomendaciones ofrecidas de buena fe. Aunque arraigados en la tradici\u00f3n, estos remedios no constituyen promesas de curaci\u00f3n f\u00edsica, emocional o espiritual. <\/li>\n<\/ul>\n\n<p><strong>Legislaci\u00f3n aplicable<\/strong> Estas Condiciones se rigen por la legislaci\u00f3n de Estonia. Si eres residente de la Uni\u00f3n Europea, tambi\u00e9n puedes beneficiarte de las leyes de protecci\u00f3n al consumidor de tu pa\u00eds de residencia. Nada de lo dispuesto en estas Condiciones limita los derechos imperativos concedidos en virtud de la normativa de protecci\u00f3n de los consumidores de la UE.  <br\/><\/p>\n\n<p><strong>Contacta con nosotros<\/strong> Si tienes alguna pregunta o queja, puedes ponerte en contacto con nosotros en<br\/><\/p>\n\n<p>Laboratorio de Innovaci\u00f3n Consciente O\u00dc<br\/>Sakala tn 7-2, Tallin, Harju 10141, Estonia<br\/>Correo electr\u00f3nico: info@mypalmleaf.com<br\/>Tel\u00e9fono: +49 1575 3142393<\/p>\n\n<p><\/p>\n","protected":false},"excerpt":{"rendered":"<p>\u00daltima actualizaci\u00f3n: 22 de noviembre de 2024 ACEPTACI\u00d3N DE LAS CONDICIONES Aceptaci\u00f3n de los T\u00e9rminos Estos T\u00e9rminos y Condiciones (\u00abT\u00e9rminos\u00bb) constituyen un acuerdo legalmente vinculante realizado entre t\u00fa, ya sea personalmente o en nombre de una entidad (\u00abt\u00fa\u00bb) y Conscious Innovation Lab O\u00dc, que opera como MyPalmLeaf (\u00abMyPalmLeaf\u00bb, \u00abnosotros\u00bb, \u00abnos\u00bb o \u00abnuestro\u00bb), en relaci\u00f3n con [&hellip;]<\/p>\n","protected":false},"author":1,"featured_media":0,"parent":0,"menu_order":0,"comment_status":"closed","ping_status":"closed","template":"static-template-page.php","meta":{"_acf_changed":false,"footnotes":""},"class_list":["post-20417","page","type-page","status-publish","hentry"],"acf":[],"yoast_head":"<!-- This site is optimized with the Yoast SEO plugin v26.4 - https:\/\/yoast.com\/wordpress\/plugins\/seo\/ -->\n<title>Condiciones Generales de My Palm Leaf<\/title>\n<meta name=\"description\" content=\"Lee las condiciones generales de uso del sitio My Palm Leaf. Conoce nuestras pol\u00edticas sobre privacidad, propiedad intelectual, pagos, y m\u00e1s.\" \/>\n<meta name=\"robots\" content=\"index, follow, max-snippet:-1, max-image-preview:large, max-video-preview:-1\" \/>\n<link rel=\"canonical\" href=\"https:\/\/mypalmleaf.com\/es\/condiciones-generales\/\" \/>\n<meta property=\"og:locale\" content=\"es_ES\" \/>\n<meta property=\"og:type\" content=\"article\" \/>\n<meta property=\"og:title\" content=\"Condiciones Generales de My Palm Leaf\" \/>\n<meta property=\"og:description\" content=\"Lee las condiciones generales de uso del sitio My Palm Leaf. Conoce nuestras pol\u00edticas sobre privacidad, propiedad intelectual, pagos, y m\u00e1s.\" \/>\n<meta property=\"og:url\" content=\"https:\/\/mypalmleaf.com\/es\/condiciones-generales\/\" \/>\n<meta property=\"og:site_name\" content=\"My Palm Leaf\" \/>\n<meta property=\"article:modified_time\" content=\"2025-02-20T05:47:27+00:00\" \/>\n<meta property=\"og:image\" content=\"https:\/\/mypalmleaf.com\/wp-content\/uploads\/2025\/08\/mpl-circle-logo.jpg\" \/>\n\t<meta property=\"og:image:width\" content=\"1200\" \/>\n\t<meta property=\"og:image:height\" content=\"1196\" \/>\n\t<meta property=\"og:image:type\" content=\"image\/jpeg\" \/>\n<meta name=\"twitter:card\" content=\"summary_large_image\" \/>\n<meta name=\"twitter:label1\" content=\"Tiempo de lectura\" \/>\n\t<meta name=\"twitter:data1\" content=\"8 minutos\" \/>\n<script type=\"application\/ld+json\" class=\"yoast-schema-graph\">{\"@context\":\"https:\/\/schema.org\",\"@graph\":[{\"@type\":\"WebPage\",\"@id\":\"https:\/\/mypalmleaf.com\/es\/condiciones-generales\/\",\"url\":\"https:\/\/mypalmleaf.com\/es\/condiciones-generales\/\",\"name\":\"Condiciones Generales de My Palm Leaf\",\"isPartOf\":{\"@id\":\"https:\/\/mypalmleaf.com\/#website\"},\"datePublished\":\"2024-09-05T05:42:23+00:00\",\"dateModified\":\"2025-02-20T05:47:27+00:00\",\"description\":\"Lee las condiciones generales de uso del sitio My Palm Leaf. Conoce nuestras pol\u00edticas sobre privacidad, propiedad intelectual, pagos, y m\u00e1s.\",\"breadcrumb\":{\"@id\":\"https:\/\/mypalmleaf.com\/es\/condiciones-generales\/#breadcrumb\"},\"inLanguage\":\"es\",\"potentialAction\":[{\"@type\":\"ReadAction\",\"target\":[\"https:\/\/mypalmleaf.com\/es\/condiciones-generales\/\"]}]},{\"@type\":\"BreadcrumbList\",\"@id\":\"https:\/\/mypalmleaf.com\/es\/condiciones-generales\/#breadcrumb\",\"itemListElement\":[{\"@type\":\"ListItem\",\"position\":1,\"name\":\"Home\",\"item\":\"https:\/\/mypalmleaf.com\/es\/\"},{\"@type\":\"ListItem\",\"position\":2,\"name\":\"Condiciones generales\"}]},{\"@type\":\"WebSite\",\"@id\":\"https:\/\/mypalmleaf.com\/#website\",\"url\":\"https:\/\/mypalmleaf.com\/\",\"name\":\"My Palm Leaf\",\"description\":\"\",\"potentialAction\":[{\"@type\":\"SearchAction\",\"target\":{\"@type\":\"EntryPoint\",\"urlTemplate\":\"https:\/\/mypalmleaf.com\/?s={search_term_string}\"},\"query-input\":{\"@type\":\"PropertyValueSpecification\",\"valueRequired\":true,\"valueName\":\"search_term_string\"}}],\"inLanguage\":\"es\"}]}<\/script>\n<!-- \/ Yoast SEO plugin. -->","yoast_head_json":{"title":"Condiciones Generales de My Palm Leaf","description":"Lee las condiciones generales de uso del sitio My Palm Leaf. Conoce nuestras pol\u00edticas sobre privacidad, propiedad intelectual, pagos, y m\u00e1s.","robots":{"index":"index","follow":"follow","max-snippet":"max-snippet:-1","max-image-preview":"max-image-preview:large","max-video-preview":"max-video-preview:-1"},"canonical":"https:\/\/mypalmleaf.com\/es\/condiciones-generales\/","og_locale":"es_ES","og_type":"article","og_title":"Condiciones Generales de My Palm Leaf","og_description":"Lee las condiciones generales de uso del sitio My Palm Leaf. Conoce nuestras pol\u00edticas sobre privacidad, propiedad intelectual, pagos, y m\u00e1s.","og_url":"https:\/\/mypalmleaf.com\/es\/condiciones-generales\/","og_site_name":"My Palm Leaf","article_modified_time":"2025-02-20T05:47:27+00:00","og_image":[{"width":1200,"height":1196,"url":"https:\/\/mypalmleaf.com\/wp-content\/uploads\/2025\/08\/mpl-circle-logo.jpg","type":"image\/jpeg"}],"twitter_card":"summary_large_image","twitter_misc":{"Tiempo de lectura":"8 minutos"},"schema":{"@context":"https:\/\/schema.org","@graph":[{"@type":"WebPage","@id":"https:\/\/mypalmleaf.com\/es\/condiciones-generales\/","url":"https:\/\/mypalmleaf.com\/es\/condiciones-generales\/","name":"Condiciones Generales de My Palm Leaf","isPartOf":{"@id":"https:\/\/mypalmleaf.com\/#website"},"datePublished":"2024-09-05T05:42:23+00:00","dateModified":"2025-02-20T05:47:27+00:00","description":"Lee las condiciones generales de uso del sitio My Palm Leaf. Conoce nuestras pol\u00edticas sobre privacidad, propiedad intelectual, pagos, y m\u00e1s.","breadcrumb":{"@id":"https:\/\/mypalmleaf.com\/es\/condiciones-generales\/#breadcrumb"},"inLanguage":"es","potentialAction":[{"@type":"ReadAction","target":["https:\/\/mypalmleaf.com\/es\/condiciones-generales\/"]}]},{"@type":"BreadcrumbList","@id":"https:\/\/mypalmleaf.com\/es\/condiciones-generales\/#breadcrumb","itemListElement":[{"@type":"ListItem","position":1,"name":"Home","item":"https:\/\/mypalmleaf.com\/es\/"},{"@type":"ListItem","position":2,"name":"Condiciones generales"}]},{"@type":"WebSite","@id":"https:\/\/mypalmleaf.com\/#website","url":"https:\/\/mypalmleaf.com\/","name":"My Palm Leaf","description":"","potentialAction":[{"@type":"SearchAction","target":{"@type":"EntryPoint","urlTemplate":"https:\/\/mypalmleaf.com\/?s={search_term_string}"},"query-input":{"@type":"PropertyValueSpecification","valueRequired":true,"valueName":"search_term_string"}}],"inLanguage":"es"}]}},"_links":{"self":[{"href":"https:\/\/mypalmleaf.com\/es\/wp-json\/wp\/v2\/pages\/20417","targetHints":{"allow":["GET"]}}],"collection":[{"href":"https:\/\/mypalmleaf.com\/es\/wp-json\/wp\/v2\/pages"}],"about":[{"href":"https:\/\/mypalmleaf.com\/es\/wp-json\/wp\/v2\/types\/page"}],"author":[{"embeddable":true,"href":"https:\/\/mypalmleaf.com\/es\/wp-json\/wp\/v2\/users\/1"}],"replies":[{"embeddable":true,"href":"https:\/\/mypalmleaf.com\/es\/wp-json\/wp\/v2\/comments?post=20417"}],"version-history":[{"count":0,"href":"https:\/\/mypalmleaf.com\/es\/wp-json\/wp\/v2\/pages\/20417\/revisions"}],"wp:attachment":[{"href":"https:\/\/mypalmleaf.com\/es\/wp-json\/wp\/v2\/media?parent=20417"}],"curies":[{"name":"wp","href":"https:\/\/api.w.org\/{rel}","templated":true}]}}