
{"id":20419,"date":"2024-08-14T18:58:17","date_gmt":"2024-08-14T18:58:17","guid":{"rendered":"https:\/\/mypalmleaf.com\/?page_id=20419"},"modified":"2025-03-31T04:00:38","modified_gmt":"2025-03-31T04:00:38","slug":"text-testimonios","status":"publish","type":"page","link":"https:\/\/mypalmleaf.com\/es\/text-testimonios\/","title":{"rendered":"Texto"},"content":{"rendered":"\n<section class=\"testimonial-block my-6 pt-5 pt-md-0 mb-4 mt-xs-4\">\n  <div class=\"container-xl\">\n    <div class=\"row\">\n      <div class=\"col text-center\">\n        <h1 class=\"py-4\">Testimonios<\/h1>\n      <\/div>\n    <\/div>\n    <div class=\"row\">\n      <div class=\"col text-center\">\n        <div class=\"tetimonial-tabs\">\n          <ul>\n            <li>\n              <ul>\n                                                  <li><a href=\"https:\/\/mypalmleaf.com\/es\/testimonios\/\" class=\"\">Videos<\/a><\/li>\n                                                    <li><a href=\"javascript:;\" class=\"active\">Texto<\/a><\/li>\n                                                <\/ul>\n            <\/li>\n          <\/ul>\n        <\/div>\n      <\/div>\n    <\/div>\n    <div class=\"row\">\n              <div class=\"col-lg-6 slider-wrap inner my-5\">\n          <div class=\"slides\">\n            <div class=\"wrap\">\n              <div class=\"user-img\"><img decoding=\"async\" src=\"https:\/\/mypalmleaf.com\/wp-content\/uploads\/2024\/09\/testimonials_crystal.jpg\" class=\"img-fluid rounded-circle\" alt=\"\"><\/div>\n              <div class=\"text\">\n                <div class=\"flex-shrink-0 flex flex-col relative items-end\">\n<div>\n<div class=\"pt-0\">\n<div class=\"gizmo-bot-avatar flex h-8 w-8 items-center justify-center overflow-hidden rounded-full\">\n<div class=\"relative p-1 rounded-sm flex items-center justify-center bg-token-main-surface-primary text-token-text-primary h-8 w-8\">\u00abMi lectura de la hoja de palma fue iluminadora y estimulante. Desde el principio, experiment\u00e9 muchas emociones relacionadas con mi lectura: nerviosismo por el proceso de emparejamiento, emoci\u00f3n por el descubrimiento de mi hoja y asombro por el contenido.\u00bb<\/div>\n<\/div>\n<\/div>\n<\/div>\n<\/div>\n              <\/div>\n              <div class=\"name\">Crystal<\/div>\n            <\/div>\n          <\/div>\n        <\/div>\n              <div class=\"col-lg-6 slider-wrap inner my-5\">\n          <div class=\"slides\">\n            <div class=\"wrap\">\n              <div class=\"user-img\"><img decoding=\"async\" src=\"https:\/\/mypalmleaf.com\/wp-content\/uploads\/2024\/09\/testimonials_ricky-1.jpg\" class=\"img-fluid rounded-circle\" alt=\"\"><\/div>\n              <div class=\"text\">\n                <p>\u201cLa lectura de la hoja de palma fue un regalo precioso y nutritivo para mi alma. Las ideas y la gu\u00eda de los rishis, as\u00ed como los remedios, fueron una hermosa confirmaci\u00f3n de que estoy en el camino correcto. Una lluvia de fe y confianza que es un gran apoyo.<\/p>\n<p>Unas semanas despu\u00e9s de la lectura de la hoja de palma, siento la bendici\u00f3n de la lectura, la conexi\u00f3n con esta antigua tradici\u00f3n, y puedo ver c\u00f3mo se desarrollan algunas transformaciones.\u201d<\/p>\n              <\/div>\n              <div class=\"name\">Ricky<\/div>\n            <\/div>\n          <\/div>\n        <\/div>\n              <div class=\"col-lg-6 slider-wrap inner my-5\">\n          <div class=\"slides\">\n            <div class=\"wrap\">\n              <div class=\"user-img\"><img decoding=\"async\" src=\"https:\/\/mypalmleaf.com\/wp-content\/uploads\/2024\/09\/testimonials_aimee-1.jpg\" class=\"img-fluid rounded-circle\" alt=\"\"><\/div>\n              <div class=\"text\">\n                <p>Encontrar mi hoja de palma fue m\u00e1s impactante y sagrado de lo que hubiera esperado. Todos los involucrados fueron verdaderamente aut\u00e9nticos y me sent\u00ed bendecida de contar con su apoyo. La lectura me ayud\u00f3 a confiar m\u00e1s y entregarme al amor. Me confirm\u00f3 cu\u00e1l es el karma y los desaf\u00edos. Necesito superarme en mi vida, lo cual ya me est\u00e1 permitiendo m\u00e1s fluidez y apertura en la vida.<\/p>\n<p>Muchas gracias.<\/p>\n              <\/div>\n              <div class=\"name\">Aimee<\/div>\n            <\/div>\n          <\/div>\n        <\/div>\n              <div class=\"col-lg-6 slider-wrap inner my-5\">\n          <div class=\"slides\">\n            <div class=\"wrap\">\n              <div class=\"user-img\"><img decoding=\"async\" src=\"https:\/\/mypalmleaf.com\/wp-content\/uploads\/2024\/09\/testimonials_jair-1.jpg\" class=\"img-fluid rounded-circle\" alt=\"\"><\/div>\n              <div class=\"text\">\n                <p>Mi experiencia con la lectura de mi hoja de palma fue muy poderosa. Cuando escuch\u00e9 sobre esto por primera vez, me sent\u00ed esc\u00e9ptico, pero luego, mientras conversaba por Zoom con el brahm\u00e1n y el traductor tamil, pude sentir claramente la exactitud de la informaci\u00f3n que estaba recibiendo y pude abrirme a las bendiciones de los rishis y el car\u00e1cter sagrado detr\u00e1s de ello. Muchas gracias por esta experiencia reveladora.<\/p>\n              <\/div>\n              <div class=\"name\">Jair<\/div>\n            <\/div>\n          <\/div>\n        <\/div>\n              <div class=\"col-lg-6 slider-wrap inner my-5\">\n          <div class=\"slides\">\n            <div class=\"wrap\">\n              <div class=\"user-img\"><img decoding=\"async\" src=\"https:\/\/mypalmleaf.com\/wp-content\/uploads\/2024\/09\/thomas.jpg\" class=\"img-fluid rounded-circle\" alt=\"\"><\/div>\n              <div class=\"text\">\n                <p>Estoy m\u00e1s que feliz de que la hoja de palma me haya encontrado. Siempre me siento atra\u00eddo a profundizar en m\u00ed mismo y en mi camino, la hoja de palma es una herramienta incre\u00edble para eso.<\/p>\n<p>No puedo esperar para aplicar los remedios en unos d\u00edas para la pr\u00f3xima luna llena.<\/p>\n<p>Gracias Stephan por coordinar y facilitar el acceso a la hoja de palma para todos, es un gran regalo para la humanidad.<\/p>\n              <\/div>\n              <div class=\"name\">Thomas<\/div>\n            <\/div>\n          <\/div>\n        <\/div>\n              <div class=\"col-lg-6 slider-wrap inner my-5\">\n          <div class=\"slides\">\n            <div class=\"wrap\">\n              <div class=\"user-img\"><img decoding=\"async\" src=\"https:\/\/mypalmleaf.com\/wp-content\/uploads\/2024\/09\/casey.jpg\" class=\"img-fluid rounded-circle\" alt=\"\"><\/div>\n              <div class=\"text\">\n                <p>Encontrar mi hoja de palma me ha ayudado a tener m\u00e1s fe en la vida y en la forma en que suceden las cosas. Siempre fui alguien que se preguntaba si estaba en el camino correcto, lo que me impidi\u00f3 avanzar en muchos sentidos. La gu\u00eda que recib\u00ed de Los rishis me dio una sensaci\u00f3n de \u201cpermiso\u201d para vivir el camino de la vida al que siempre me sent\u00ed llamado y tener m\u00e1s confianza en mi proceso y la forma en que se desarrollan las cosas. Recibir las bendiciones de los rishis es un gran regalo.<\/p>\n              <\/div>\n              <div class=\"name\">Casey<\/div>\n            <\/div>\n          <\/div>\n        <\/div>\n          <\/div>\n        <\/div>\n  <\/div>\n      <div class=\"parallax-item-5 parallax-item\" data-speed=\"parallax-item-7\"><img decoding=\"async\" src=\"https:\/\/mypalmleaf.com\/wp-content\/uploads\/2024\/08\/parallax-item-5-2.png\" class=\"img-fluid\" alt=\"\"><\/div>\n  <\/section>","protected":false},"excerpt":{"rendered":"","protected":false},"author":1,"featured_media":0,"parent":0,"menu_order":0,"comment_status":"closed","ping_status":"closed","template":"","meta":{"_acf_changed":false,"footnotes":""},"class_list":["post-20419","page","type-page","status-publish","hentry"],"acf":[],"yoast_head":"<!-- This site is optimized with the Yoast SEO plugin v26.4 - https:\/\/yoast.com\/wordpress\/plugins\/seo\/ -->\n<title>Testimonios de Lecturas de Hojas de Palma: Experiencias Reales<\/title>\n<meta name=\"description\" content=\"Lee testimonios reales de personas que han vivido la lectura de hojas de palma y comparten c\u00f3mo esta experiencia impact\u00f3 su camino espiritual.\" \/>\n<meta name=\"robots\" content=\"index, follow, max-snippet:-1, max-image-preview:large, max-video-preview:-1\" \/>\n<link rel=\"canonical\" href=\"https:\/\/mypalmleaf.com\/palm-leaf-reading-text-testimonials\/\" \/>\n<meta property=\"og:locale\" content=\"es_ES\" \/>\n<meta property=\"og:type\" content=\"article\" \/>\n<meta property=\"og:title\" content=\"Testimonios de Lecturas de Hojas de Palma: Experiencias Reales\" \/>\n<meta property=\"og:description\" content=\"Lee testimonios reales de personas que han vivido la lectura de hojas de palma y comparten c\u00f3mo esta experiencia impact\u00f3 su camino espiritual.\" \/>\n<meta property=\"og:url\" content=\"https:\/\/mypalmleaf.com\/palm-leaf-reading-text-testimonials\/\" \/>\n<meta property=\"og:site_name\" content=\"My Palm Leaf\" \/>\n<meta property=\"article:modified_time\" content=\"2025-03-31T04:00:38+00:00\" \/>\n<meta property=\"og:image\" content=\"https:\/\/mypalmleaf.com\/wp-content\/uploads\/2025\/08\/mpl-circle-logo.jpg\" \/>\n\t<meta property=\"og:image:width\" content=\"1200\" \/>\n\t<meta property=\"og:image:height\" content=\"1196\" \/>\n\t<meta property=\"og:image:type\" content=\"image\/jpeg\" \/>\n<meta name=\"twitter:card\" content=\"summary_large_image\" \/>\n<script type=\"application\/ld+json\" class=\"yoast-schema-graph\">{\"@context\":\"https:\/\/schema.org\",\"@graph\":[{\"@type\":\"WebPage\",\"@id\":\"https:\/\/mypalmleaf.com\/palm-leaf-reading-text-testimonials\/\",\"url\":\"https:\/\/mypalmleaf.com\/palm-leaf-reading-text-testimonials\/\",\"name\":\"Testimonios de Lecturas de Hojas de Palma: Experiencias Reales\",\"isPartOf\":{\"@id\":\"https:\/\/mypalmleaf.com\/#website\"},\"datePublished\":\"2024-08-14T18:58:17+00:00\",\"dateModified\":\"2025-03-31T04:00:38+00:00\",\"description\":\"Lee testimonios reales de personas que han vivido la lectura de hojas de palma y comparten c\u00f3mo esta experiencia impact\u00f3 su camino espiritual.\",\"breadcrumb\":{\"@id\":\"https:\/\/mypalmleaf.com\/palm-leaf-reading-text-testimonials\/#breadcrumb\"},\"inLanguage\":\"es\",\"potentialAction\":[{\"@type\":\"ReadAction\",\"target\":[\"https:\/\/mypalmleaf.com\/palm-leaf-reading-text-testimonials\/\"]}]},{\"@type\":\"BreadcrumbList\",\"@id\":\"https:\/\/mypalmleaf.com\/palm-leaf-reading-text-testimonials\/#breadcrumb\",\"itemListElement\":[{\"@type\":\"ListItem\",\"position\":1,\"name\":\"Home\",\"item\":\"https:\/\/mypalmleaf.com\/es\/\"},{\"@type\":\"ListItem\",\"position\":2,\"name\":\"Texto\"}]},{\"@type\":\"WebSite\",\"@id\":\"https:\/\/mypalmleaf.com\/#website\",\"url\":\"https:\/\/mypalmleaf.com\/\",\"name\":\"My Palm Leaf\",\"description\":\"\",\"potentialAction\":[{\"@type\":\"SearchAction\",\"target\":{\"@type\":\"EntryPoint\",\"urlTemplate\":\"https:\/\/mypalmleaf.com\/?s={search_term_string}\"},\"query-input\":{\"@type\":\"PropertyValueSpecification\",\"valueRequired\":true,\"valueName\":\"search_term_string\"}}],\"inLanguage\":\"es\"}]}<\/script>\n<!-- \/ Yoast SEO plugin. -->","yoast_head_json":{"title":"Testimonios de Lecturas de Hojas de Palma: Experiencias Reales","description":"Lee testimonios reales de personas que han vivido la lectura de hojas de palma y comparten c\u00f3mo esta experiencia impact\u00f3 su camino espiritual.","robots":{"index":"index","follow":"follow","max-snippet":"max-snippet:-1","max-image-preview":"max-image-preview:large","max-video-preview":"max-video-preview:-1"},"canonical":"https:\/\/mypalmleaf.com\/palm-leaf-reading-text-testimonials\/","og_locale":"es_ES","og_type":"article","og_title":"Testimonios de Lecturas de Hojas de Palma: Experiencias Reales","og_description":"Lee testimonios reales de personas que han vivido la lectura de hojas de palma y comparten c\u00f3mo esta experiencia impact\u00f3 su camino espiritual.","og_url":"https:\/\/mypalmleaf.com\/palm-leaf-reading-text-testimonials\/","og_site_name":"My Palm Leaf","article_modified_time":"2025-03-31T04:00:38+00:00","og_image":[{"width":1200,"height":1196,"url":"https:\/\/mypalmleaf.com\/wp-content\/uploads\/2025\/08\/mpl-circle-logo.jpg","type":"image\/jpeg"}],"twitter_card":"summary_large_image","schema":{"@context":"https:\/\/schema.org","@graph":[{"@type":"WebPage","@id":"https:\/\/mypalmleaf.com\/palm-leaf-reading-text-testimonials\/","url":"https:\/\/mypalmleaf.com\/palm-leaf-reading-text-testimonials\/","name":"Testimonios de Lecturas de Hojas de Palma: Experiencias Reales","isPartOf":{"@id":"https:\/\/mypalmleaf.com\/#website"},"datePublished":"2024-08-14T18:58:17+00:00","dateModified":"2025-03-31T04:00:38+00:00","description":"Lee testimonios reales de personas que han vivido la lectura de hojas de palma y comparten c\u00f3mo esta experiencia impact\u00f3 su camino espiritual.","breadcrumb":{"@id":"https:\/\/mypalmleaf.com\/palm-leaf-reading-text-testimonials\/#breadcrumb"},"inLanguage":"es","potentialAction":[{"@type":"ReadAction","target":["https:\/\/mypalmleaf.com\/palm-leaf-reading-text-testimonials\/"]}]},{"@type":"BreadcrumbList","@id":"https:\/\/mypalmleaf.com\/palm-leaf-reading-text-testimonials\/#breadcrumb","itemListElement":[{"@type":"ListItem","position":1,"name":"Home","item":"https:\/\/mypalmleaf.com\/es\/"},{"@type":"ListItem","position":2,"name":"Texto"}]},{"@type":"WebSite","@id":"https:\/\/mypalmleaf.com\/#website","url":"https:\/\/mypalmleaf.com\/","name":"My Palm Leaf","description":"","potentialAction":[{"@type":"SearchAction","target":{"@type":"EntryPoint","urlTemplate":"https:\/\/mypalmleaf.com\/?s={search_term_string}"},"query-input":{"@type":"PropertyValueSpecification","valueRequired":true,"valueName":"search_term_string"}}],"inLanguage":"es"}]}},"_links":{"self":[{"href":"https:\/\/mypalmleaf.com\/es\/wp-json\/wp\/v2\/pages\/20419","targetHints":{"allow":["GET"]}}],"collection":[{"href":"https:\/\/mypalmleaf.com\/es\/wp-json\/wp\/v2\/pages"}],"about":[{"href":"https:\/\/mypalmleaf.com\/es\/wp-json\/wp\/v2\/types\/page"}],"author":[{"embeddable":true,"href":"https:\/\/mypalmleaf.com\/es\/wp-json\/wp\/v2\/users\/1"}],"replies":[{"embeddable":true,"href":"https:\/\/mypalmleaf.com\/es\/wp-json\/wp\/v2\/comments?post=20419"}],"version-history":[{"count":0,"href":"https:\/\/mypalmleaf.com\/es\/wp-json\/wp\/v2\/pages\/20419\/revisions"}],"wp:attachment":[{"href":"https:\/\/mypalmleaf.com\/es\/wp-json\/wp\/v2\/media?parent=20419"}],"curies":[{"name":"wp","href":"https:\/\/api.w.org\/{rel}","templated":true}]}}