{"id":20423,"date":"2024-08-15T01:35:58","date_gmt":"2024-08-15T01:35:58","guid":{"rendered":"https:\/\/mypalmleaf.com\/?page_id=20423"},"modified":"2025-02-20T07:19:41","modified_gmt":"2025-02-20T07:19:41","slug":"testimonios","status":"publish","type":"page","link":"https:\/\/mypalmleaf.com\/es\/testimonios\/","title":{"rendered":"Videos"},"content":{"rendered":"\n<section class=\"testimonial-block my-6 pt-5 pt-md-0 mb-4 mt-xs-4\">\n  <div class=\"container-xl\">\n    <div class=\"row\">\n      <div class=\"col text-center\">\n        <h1 class=\"py-4\">Videos de Testimonios<\/h1>\n      <\/div>\n    <\/div>\n    <div class=\"row\">\n      <div class=\"col text-center\">\n        <div class=\"tetimonial-tabs\">\n          <ul>\n            <li>\n              <ul>\n                                                  <li><a href=\"javascript:;\" class=\"active\">Videos<\/a><\/li>\n                                                    <li><a href=\"https:\/\/mypalmleaf.com\/es\/text-testimonios\/\" class=\"\">Texto<\/a><\/li>\n                                                <\/ul>\n            <\/li>\n          <\/ul>\n        <\/div>\n      <\/div>\n    <\/div>\n    <div class=\"row\">\n              <div class=\"col-lg-6 slider-wrap inner\">\n          <div class=\"slides video-thumb\">\n            <div class=\"wrap\">\n              <div class=\"thumb-wrap\"><img decoding=\"async\" src=\"https:\/\/mypalmleaf.com\/wp-content\/uploads\/2024\/09\/bihfL7dpeUo.jpg\" class=\"img-fluid\" alt=\"\">\n                <div class=\"play-icon\"><\/div>\n              <\/div>\n              <div class=\"title\">La experiencia de Aimee con la lectura de hojas de palma en Mypalmleaf.<\/div>\n              <a href=\"https:\/\/www.youtube.com\/watch?v=bihfL7dpeUo\" class=\"stretched-link\" data-lity><\/a>\n            <\/div>\n          <\/div>\n        <\/div>\n              <div class=\"col-lg-6 slider-wrap inner\">\n          <div class=\"slides video-thumb\">\n            <div class=\"wrap\">\n              <div class=\"thumb-wrap\"><img decoding=\"async\" src=\"https:\/\/mypalmleaf.com\/wp-content\/uploads\/2024\/09\/bihfL7dpeUo.jpg\" class=\"img-fluid\" alt=\"\">\n                <div class=\"play-icon\"><\/div>\n              <\/div>\n              <div class=\"title\">La experiencia de Aimee con la lectura de hojas de palma en Mypalmleaf.<\/div>\n              <a href=\"https:\/\/www.youtube.com\/watch?v=bihfL7dpeUo\" class=\"stretched-link\" data-lity><\/a>\n            <\/div>\n          <\/div>\n        <\/div>\n              <div class=\"col-lg-6 slider-wrap inner\">\n          <div class=\"slides video-thumb\">\n            <div class=\"wrap\">\n              <div class=\"thumb-wrap\"><img decoding=\"async\" src=\"https:\/\/mypalmleaf.com\/wp-content\/uploads\/2024\/09\/ILYQGrnMnaU.jpg\" class=\"img-fluid\" alt=\"\">\n                <div class=\"play-icon\"><\/div>\n              <\/div>\n              <div class=\"title\">La experiencia de Linda con la lectura de hojas de palma en Mypalmleaf.<\/div>\n              <a href=\"https:\/\/www.youtube.com\/watch?v=ILYQGrnMnaU\" class=\"stretched-link\" data-lity><\/a>\n            <\/div>\n          <\/div>\n        <\/div>\n              <div class=\"col-lg-6 slider-wrap inner\">\n          <div class=\"slides video-thumb\">\n            <div class=\"wrap\">\n              <div class=\"thumb-wrap\"><img decoding=\"async\" src=\"https:\/\/mypalmleaf.com\/wp-content\/uploads\/2024\/09\/TEfLRnlzr8o.jpg\" class=\"img-fluid\" alt=\"\">\n                <div class=\"play-icon\"><\/div>\n              <\/div>\n              <div class=\"title\">La experiencia de Alicia con la lectura de hojas de palma en Mypalmleaf.<\/div>\n              <a href=\"https:\/\/www.youtube.com\/watch?v=TEfLRnlzr8o\" class=\"stretched-link\" data-lity><\/a>\n            <\/div>\n          <\/div>\n        <\/div>\n              <div class=\"col-lg-6 slider-wrap inner\">\n          <div class=\"slides video-thumb\">\n            <div class=\"wrap\">\n              <div class=\"thumb-wrap\"><img decoding=\"async\" src=\"https:\/\/mypalmleaf.com\/wp-content\/uploads\/2024\/09\/IU0kLRYSc00.jpg\" class=\"img-fluid\" alt=\"\">\n                <div class=\"play-icon\"><\/div>\n              <\/div>\n              <div class=\"title\">La experiencia de Katrin con la lectura de hojas de palma en Mypalmleaf.<\/div>\n              <a href=\"https:\/\/www.youtube.com\/watch?v=IU0kLRYSc00\" class=\"stretched-link\" data-lity><\/a>\n            <\/div>\n          <\/div>\n        <\/div>\n              <div class=\"col-lg-6 slider-wrap inner\">\n          <div class=\"slides video-thumb\">\n            <div class=\"wrap\">\n              <div class=\"thumb-wrap\"><img decoding=\"async\" src=\"https:\/\/mypalmleaf.com\/wp-content\/uploads\/2024\/09\/qikNJO7WM_A.jpg\" class=\"img-fluid\" alt=\"\">\n                <div class=\"play-icon\"><\/div>\n              <\/div>\n              <div class=\"title\">La lectura de hojas de palma de Ricky con Mypalmleaf.<\/div>\n              <a href=\"https:\/\/www.youtube.com\/watch?v=qikNJO7WM_A\" class=\"stretched-link\" data-lity><\/a>\n            <\/div>\n          <\/div>\n        <\/div>\n              <div class=\"col-lg-6 slider-wrap inner\">\n          <div class=\"slides video-thumb\">\n            <div class=\"wrap\">\n              <div class=\"thumb-wrap\"><img decoding=\"async\" src=\"https:\/\/mypalmleaf.com\/wp-content\/uploads\/2024\/09\/ophA6gqz3_8.jpg\" class=\"img-fluid\" alt=\"\">\n                <div class=\"play-icon\"><\/div>\n              <\/div>\n              <div class=\"title\">La lectura de hojas de palma de Luna con Mypalmleaf.<\/div>\n              <a href=\"https:\/\/www.youtube.com\/watch?v=ophA6gqz3_8\" class=\"stretched-link\" data-lity><\/a>\n            <\/div>\n          <\/div>\n        <\/div>\n              <div class=\"col-lg-6 slider-wrap inner\">\n          <div class=\"slides video-thumb\">\n            <div class=\"wrap\">\n              <div class=\"thumb-wrap\"><img decoding=\"async\" src=\"https:\/\/mypalmleaf.com\/wp-content\/uploads\/2024\/09\/f2Px3M_D8s0.jpg\" class=\"img-fluid\" alt=\"\">\n                <div class=\"play-icon\"><\/div>\n              <\/div>\n              <div class=\"title\">La experiencia de Spandananda con la lectura de hojas de palma en Mypalmleaf.<\/div>\n              <a href=\"https:\/\/www.youtube.com\/watch?v=f2Px3M_D8s0\" class=\"stretched-link\" data-lity><\/a>\n            <\/div>\n          <\/div>\n        <\/div>\n              <div class=\"col-lg-6 slider-wrap inner\">\n          <div class=\"slides video-thumb\">\n            <div class=\"wrap\">\n              <div class=\"thumb-wrap\"><img decoding=\"async\" src=\"https:\/\/mypalmleaf.com\/wp-content\/uploads\/2024\/09\/93Hwl6Hty7A.jpg\" class=\"img-fluid\" alt=\"\">\n                <div class=\"play-icon\"><\/div>\n              <\/div>\n              <div class=\"title\">La experiencia de Spanda con la lectura de hojas de palma en Mypalmleaf.<\/div>\n              <a href=\"https:\/\/www.youtube.com\/watch?v=93Hwl6Hty7A\" class=\"stretched-link\" data-lity><\/a>\n            <\/div>\n          <\/div>\n        <\/div>\n          <\/div>\n      <\/div>\n  <\/div>\n      <div class=\"parallax-item-3 parallax-item\" data-speed=\".08\"><img decoding=\"async\" src=\"https:\/\/mypalmleaf.com\/wp-content\/uploads\/2024\/08\/parallax-item-3-2.png\" class=\"img-fluid\" alt=\"\"><\/div>\n  <\/section>","protected":false},"excerpt":{"rendered":"","protected":false},"author":1,"featured_media":0,"parent":0,"menu_order":0,"comment_status":"closed","ping_status":"closed","template":"","meta":{"_acf_changed":false,"footnotes":""},"class_list":["post-20423","page","type-page","status-publish","hentry"],"acf":[],"yoast_head":"<!-- This site is optimized with the Yoast SEO plugin v26.4 - https:\/\/yoast.com\/wordpress\/plugins\/seo\/ -->\n<title>Testimonios de Lecturas de Hojas de Palma: Experiencias Reales<\/title>\n<meta name=\"description\" content=\"Lee testimonios aut\u00e9nticos de clientes que comparten c\u00f3mo las lecturas de hojas de palma transformaron su vida, ofreciendo sabidur\u00eda y gu\u00eda espiritual \u00fanica.\" \/>\n<meta name=\"robots\" content=\"index, follow, max-snippet:-1, max-image-preview:large, max-video-preview:-1\" \/>\n<link rel=\"canonical\" href=\"https:\/\/mypalmleaf.com\/es\/testimonios\/\" \/>\n<meta property=\"og:locale\" content=\"es_ES\" \/>\n<meta property=\"og:type\" content=\"article\" \/>\n<meta property=\"og:title\" content=\"Testimonios de Lecturas de Hojas de Palma: Experiencias Reales\" \/>\n<meta property=\"og:description\" content=\"Lee testimonios aut\u00e9nticos de clientes que comparten c\u00f3mo las lecturas de hojas de palma transformaron su vida, ofreciendo sabidur\u00eda y gu\u00eda espiritual \u00fanica.\" \/>\n<meta property=\"og:url\" content=\"https:\/\/mypalmleaf.com\/es\/testimonios\/\" \/>\n<meta property=\"og:site_name\" content=\"My Palm Leaf\" \/>\n<meta property=\"article:modified_time\" content=\"2025-02-20T07:19:41+00:00\" \/>\n<meta property=\"og:image\" content=\"https:\/\/mypalmleaf.com\/wp-content\/uploads\/2025\/08\/mpl-circle-logo.jpg\" \/>\n\t<meta property=\"og:image:width\" content=\"1200\" \/>\n\t<meta property=\"og:image:height\" content=\"1196\" \/>\n\t<meta property=\"og:image:type\" content=\"image\/jpeg\" \/>\n<meta name=\"twitter:card\" content=\"summary_large_image\" \/>\n<script type=\"application\/ld+json\" class=\"yoast-schema-graph\">{\"@context\":\"https:\/\/schema.org\",\"@graph\":[{\"@type\":\"WebPage\",\"@id\":\"https:\/\/mypalmleaf.com\/es\/testimonios\/\",\"url\":\"https:\/\/mypalmleaf.com\/es\/testimonios\/\",\"name\":\"Testimonios de Lecturas de Hojas de Palma: Experiencias Reales\",\"isPartOf\":{\"@id\":\"https:\/\/mypalmleaf.com\/#website\"},\"datePublished\":\"2024-08-15T01:35:58+00:00\",\"dateModified\":\"2025-02-20T07:19:41+00:00\",\"description\":\"Lee testimonios aut\u00e9nticos de clientes que comparten c\u00f3mo las lecturas de hojas de palma transformaron su vida, ofreciendo sabidur\u00eda y gu\u00eda espiritual \u00fanica.\",\"breadcrumb\":{\"@id\":\"https:\/\/mypalmleaf.com\/es\/testimonios\/#breadcrumb\"},\"inLanguage\":\"es\",\"potentialAction\":[{\"@type\":\"ReadAction\",\"target\":[\"https:\/\/mypalmleaf.com\/es\/testimonios\/\"]}]},{\"@type\":\"BreadcrumbList\",\"@id\":\"https:\/\/mypalmleaf.com\/es\/testimonios\/#breadcrumb\",\"itemListElement\":[{\"@type\":\"ListItem\",\"position\":1,\"name\":\"Home\",\"item\":\"https:\/\/mypalmleaf.com\/es\/\"},{\"@type\":\"ListItem\",\"position\":2,\"name\":\"Videos\"}]},{\"@type\":\"WebSite\",\"@id\":\"https:\/\/mypalmleaf.com\/#website\",\"url\":\"https:\/\/mypalmleaf.com\/\",\"name\":\"My Palm Leaf\",\"description\":\"\",\"potentialAction\":[{\"@type\":\"SearchAction\",\"target\":{\"@type\":\"EntryPoint\",\"urlTemplate\":\"https:\/\/mypalmleaf.com\/?s={search_term_string}\"},\"query-input\":{\"@type\":\"PropertyValueSpecification\",\"valueRequired\":true,\"valueName\":\"search_term_string\"}}],\"inLanguage\":\"es\"}]}<\/script>\n<!-- \/ Yoast SEO plugin. -->","yoast_head_json":{"title":"Testimonios de Lecturas de Hojas de Palma: Experiencias Reales","description":"Lee testimonios aut\u00e9nticos de clientes que comparten c\u00f3mo las lecturas de hojas de palma transformaron su vida, ofreciendo sabidur\u00eda y gu\u00eda espiritual \u00fanica.","robots":{"index":"index","follow":"follow","max-snippet":"max-snippet:-1","max-image-preview":"max-image-preview:large","max-video-preview":"max-video-preview:-1"},"canonical":"https:\/\/mypalmleaf.com\/es\/testimonios\/","og_locale":"es_ES","og_type":"article","og_title":"Testimonios de Lecturas de Hojas de Palma: Experiencias Reales","og_description":"Lee testimonios aut\u00e9nticos de clientes que comparten c\u00f3mo las lecturas de hojas de palma transformaron su vida, ofreciendo sabidur\u00eda y gu\u00eda espiritual \u00fanica.","og_url":"https:\/\/mypalmleaf.com\/es\/testimonios\/","og_site_name":"My Palm Leaf","article_modified_time":"2025-02-20T07:19:41+00:00","og_image":[{"width":1200,"height":1196,"url":"https:\/\/mypalmleaf.com\/wp-content\/uploads\/2025\/08\/mpl-circle-logo.jpg","type":"image\/jpeg"}],"twitter_card":"summary_large_image","schema":{"@context":"https:\/\/schema.org","@graph":[{"@type":"WebPage","@id":"https:\/\/mypalmleaf.com\/es\/testimonios\/","url":"https:\/\/mypalmleaf.com\/es\/testimonios\/","name":"Testimonios de Lecturas de Hojas de Palma: Experiencias Reales","isPartOf":{"@id":"https:\/\/mypalmleaf.com\/#website"},"datePublished":"2024-08-15T01:35:58+00:00","dateModified":"2025-02-20T07:19:41+00:00","description":"Lee testimonios aut\u00e9nticos de clientes que comparten c\u00f3mo las lecturas de hojas de palma transformaron su vida, ofreciendo sabidur\u00eda y gu\u00eda espiritual \u00fanica.","breadcrumb":{"@id":"https:\/\/mypalmleaf.com\/es\/testimonios\/#breadcrumb"},"inLanguage":"es","potentialAction":[{"@type":"ReadAction","target":["https:\/\/mypalmleaf.com\/es\/testimonios\/"]}]},{"@type":"BreadcrumbList","@id":"https:\/\/mypalmleaf.com\/es\/testimonios\/#breadcrumb","itemListElement":[{"@type":"ListItem","position":1,"name":"Home","item":"https:\/\/mypalmleaf.com\/es\/"},{"@type":"ListItem","position":2,"name":"Videos"}]},{"@type":"WebSite","@id":"https:\/\/mypalmleaf.com\/#website","url":"https:\/\/mypalmleaf.com\/","name":"My Palm Leaf","description":"","potentialAction":[{"@type":"SearchAction","target":{"@type":"EntryPoint","urlTemplate":"https:\/\/mypalmleaf.com\/?s={search_term_string}"},"query-input":{"@type":"PropertyValueSpecification","valueRequired":true,"valueName":"search_term_string"}}],"inLanguage":"es"}]}},"_links":{"self":[{"href":"https:\/\/mypalmleaf.com\/es\/wp-json\/wp\/v2\/pages\/20423","targetHints":{"allow":["GET"]}}],"collection":[{"href":"https:\/\/mypalmleaf.com\/es\/wp-json\/wp\/v2\/pages"}],"about":[{"href":"https:\/\/mypalmleaf.com\/es\/wp-json\/wp\/v2\/types\/page"}],"author":[{"embeddable":true,"href":"https:\/\/mypalmleaf.com\/es\/wp-json\/wp\/v2\/users\/1"}],"replies":[{"embeddable":true,"href":"https:\/\/mypalmleaf.com\/es\/wp-json\/wp\/v2\/comments?post=20423"}],"version-history":[{"count":0,"href":"https:\/\/mypalmleaf.com\/es\/wp-json\/wp\/v2\/pages\/20423\/revisions"}],"wp:attachment":[{"href":"https:\/\/mypalmleaf.com\/es\/wp-json\/wp\/v2\/media?parent=20423"}],"curies":[{"name":"wp","href":"https:\/\/api.w.org\/{rel}","templated":true}]}}