
{"id":45213,"date":"2024-10-26T17:42:47","date_gmt":"2024-10-26T17:42:47","guid":{"rendered":"https:\/\/mypalmleaf.com\/director-de-afiliaciones-y-asociaciones\/"},"modified":"2025-02-20T05:49:31","modified_gmt":"2025-02-20T05:49:31","slug":"director-de-afiliaciones-y-asociaciones","status":"publish","type":"page","link":"https:\/\/mypalmleaf.com\/es\/director-de-afiliaciones-y-asociaciones\/","title":{"rendered":"Director de Afiliaciones y Asociaciones"},"content":{"rendered":"\n<section class=\"spotlight-main small top-gap\">\n    <!-- <div class=\"slider-wrap\" data-flickity='{ \"cellAlign\": \"left\", \"contain\": true, \"wrapAround\": true, \"setGallerySize\": false }'> -->\n    <div class=\"slider-wrap\" data-flickity='{ \"cellAlign\": \"left\", \"contain\": true, \"wrapAround\": true, \"setGallerySize\": false  }'>\n            <div class=\"slides\">\n        <div class=\"content-wrap\">\n          <div class=\"image\">\n            <picture>\n              <source media=\"(max-width: 999px)\" srcset=\"https:\/\/mypalmleaf.com\/wp-content\/uploads\/2024\/09\/join-us-spotlight-new-mob.jpg\" \/>\n              <source media=\"(min-width: 1000px)\" srcset=\"https:\/\/mypalmleaf.com\/wp-content\/uploads\/2024\/09\/join-us-spotlight-new.jpg\" \/>\n              <img decoding=\"async\" src=\"https:\/\/mypalmleaf.com\/wp-content\/uploads\/2024\/09\/join-us-spotlight-new.jpg\" class=\"img-fluid\" alt=\"\" \/>\n            <\/picture>\n          <\/div>\n          <div class=\"content\">\n            <div data-aos=\"fade-up\" data-aos-duration=\"1000\">\n              <h2 class=\"\">Director de Afiliaci\u00f3n y Asociaciones<\/h2>\n                                 \n            <\/div>\n          <\/div>\n        <\/div>\n      <\/div>\n          <\/div>\n<\/section><section class=\"join-us-block my-6 position-relative\">\n  <div class=\"container-xl\">\n    <div class=\"row mb-4 justify-content-center\">\n      <div class=\"col-lg-10 text-center\" data-aos=\"fade-up\" data-aos-duration=\"1000\">\n        <p>MyPalmLeaf busca un Affiliate and Partnership Manager (APM) apasionado y altamente motivado para reforzar las asociaciones existentes y forjar nuevas conexiones, compartiendo la antigua sabidur\u00eda de las lecturas de las hojas de palma con el mundo.<\/p>\n      <\/div>\n    <\/div>\n    <div class=\"row my-5 justify-content-between\" data-aos=\"fade-up\" data-aos-duration=\"1000\">\n          <\/div>\n  <\/div>\n  <\/section><section class=\"tabs-wrapper my-6 mt-0\">\n  <div class=\"container-xl\">\n    <div class=\"row\">\n      <div class=\"tabs-container\" data-aos=\"fade-up\" data-aos-duration=\"1000\">\n        <ul class=\"tabs\">\n                                <li class=\"tab-button active\" data-target=\"tab1\">Lo que esperamos de ti<\/li>\n                                  <li class=\"tab-button active\" data-target=\"tab2\">Los objetivos del APM<\/li>\n                                  <li class=\"tab-button active\" data-target=\"tab3\">\u00bfC\u00f3mo es tu papel?<\/li>\n                                  <li class=\"tab-button active\" data-target=\"tab4\">Qu\u00e9 ofrecemos<\/li>\n                              <\/ul>\n        <div class=\"tab-content\">\n                                <div id=\"tab1\" class=\"tab-pane active\">\n              <ul>\n<li><strong>Alineaci\u00f3n con Nuestra Misi\u00f3n:<\/strong> Est\u00e1s profundamente conectado con el prop\u00f3sito de MyPalmLeaf de compartir globalmente lecturas que transforman la vida.<\/li>\n<li><strong>Dominio del ingl\u00e9s y el alem\u00e1n:<\/strong> te comunicas con claridad y eficacia en ambos idiomas.<\/li>\n<li><strong>Esp\u00edritu de equipo:<\/strong> Te encanta formar parte de un equipo solidario e impulsado por su misi\u00f3n, prosperando en un entorno en el que la colaboraci\u00f3n y el apoyo mutuo son fundamentales.<\/li>\n<li><strong>Integridad:<\/strong> Predicas con el ejemplo, manteni\u00e9ndote siempre fiel a tu palabra.<\/li>\n<li><strong>Iniciativa propia:<\/strong> Tienes capacidad para trabajar de forma independiente, tomando la iniciativa para desarrollar y dirigir proyectos, al tiempo que eres un fuerte jugador de equipo con habilidades de liderazgo emergentes.\n<\/li>\n<li><strong>Compromiso inquebrantable:<\/strong> Te esfuerzas al 150%, demostrando persistencia y dedicaci\u00f3n en todo lo que haces.<\/li>\n<li><strong>Aprendizaje permanente:<\/strong> Est\u00e1s comprometido con el crecimiento personal y profesional continuo.<\/li>\n<\/ul>\n            <\/div>\n                                  <div id=\"tab2\" class=\"tab-pane active\">\n              <p>Tu objetivo principal ser\u00e1 crear <strong>asociaciones beneficiosas para todos<\/strong> con organizaciones y personas que coincidan con la misi\u00f3n de MyPalmLeaf. Tus esfuerzos tendr\u00e1n como objetivo <\/p>\n<ul>\n<li>Aumenta las reservas de lectura de la palma de la mano.<\/li>\n<li>Impulsar el conocimiento de la marca MyPalmLeaf en todo el mundo.<\/li>\n<\/ul>\n            <\/div>\n                                  <div id=\"tab3\" class=\"tab-pane active\">\n              <p>Como APM, deber\u00e1s<\/p>\n<ul>\n<li>Contacta activamente con socios potenciales, tanto particulares como organizaciones, para cultivar asociaciones mutuamente beneficiosas.<\/li>\n<li>Haz crecer y gestiona el programa de afiliados de MyPalmLeaf.<\/li>\n<li>Colabora con agencias de influencers para ampliar nuestra presencia en alem\u00e1n, ingl\u00e9s, japon\u00e9s, chino y mercados emergentes.<\/li>\n<\/ul>\n            <\/div>\n                                  <div id=\"tab4\" class=\"tab-pane active\">\n              <p>Te enviaremos una explicaci\u00f3n detallada del pago despu\u00e9s de recibir tu solicitud.<\/p>\n<ul>\n<li><strong>Una misi\u00f3n con prop\u00f3sito:<\/strong> Forma parte de una misi\u00f3n con sentido, impulsada espiritualmente y dedicada a beneficiar al mundo.<\/li>\n<li>Entorno de equipo solidario: \u00danete a un equipo apasionado que fomenta tu crecimiento personal y profesional.<\/li>\n<li>Flexibilidad: Disfruta de un papel flexible, independiente de la ubicaci\u00f3n, con oportunidades para co-crear dentro de una organizaci\u00f3n espiritual en r\u00e1pido crecimiento.<\/li>\n<li>Retribuci\u00f3n competitiva: Recibe un paquete competitivo que incluye salario base m\u00e1s primas por rendimiento.<\/li>\n<\/ul>\n            <\/div>\n                              <\/div>\n      <\/div>\n    <\/div>\n  <\/div>\n<\/section><section class=\"how-to-apply my-6 mt-0\">\n  <div class=\"container-xl\">\n    <div class=\"row\">\n      <div class=\"col-lg-10 mx-auto\" >\n        <div class=\"dual-col \">\n          <div class=\"title\">\n            <img decoding=\"async\" src=\"https:\/\/mypalmleaf.com\/wp-content\/uploads\/2024\/08\/title-bg.png\" alt=\"\" class=\"img-fluid\">\n            <div class=\"text\">C\u00f3mo solicitarlo<\/div>\n          <\/div>\n          <div class=\"desc\">\n            <p>Para presentar tu candidatura, s\u00f3lo tienes que grabar un v\u00eddeo de 1 a 4 minutos en el que te presentes. En tu v\u00eddeo, dinos <\/p>\n<ul>\n<li>1) Un poco sobre ti.<\/li>\n<li>2) Por qu\u00e9 quieres formar parte de MyPalmLeaf.<\/li>\n<li>3) Por qu\u00e9 crees que eres el candidato ideal para este puesto.<\/li>\n<\/ul>\n<p>Env\u00eda tu v\u00eddeo a <a href=\"mailto:info@mypalmleaf.com\">info@mypalmleaf.com.<\/a> Esta es la \u00fanica forma de presentar tu candidatura. Ten en cuenta que no responderemos a solicitudes de \u00abm\u00e1s informaci\u00f3n\u00bb ni a env\u00edos de CV, ya que buscamos personas proactivas que est\u00e9n dispuestas a pasar a la acci\u00f3n. \u00a1Mu\u00e9stranos tu energ\u00eda y entusiasmo a trav\u00e9s de tu v\u00eddeo! <\/p>\n<div class=\"btm-contact\">\u00a1Estamos impacientes por saber de ti!<\/div>\n          <\/div>\n        <\/div>\n      <\/div>\n    <\/div>\n  <\/div>\n<\/section>","protected":false},"excerpt":{"rendered":"","protected":false},"author":1,"featured_media":0,"parent":0,"menu_order":0,"comment_status":"closed","ping_status":"closed","template":"","meta":{"_acf_changed":false,"footnotes":""},"class_list":["post-45213","page","type-page","status-publish","hentry"],"acf":[],"yoast_head":"<!-- This site is optimized with the Yoast SEO plugin v26.4 - https:\/\/yoast.com\/wordpress\/plugins\/seo\/ -->\n<title>Director de Afiliaciones y Asociaciones en My Palm Leaf<\/title>\n<meta name=\"description\" content=\"\u00danete a My Palm Leaf como Director de Afiliaciones y Asociaciones. Lidera colaboraciones y expande nuestra misi\u00f3n espiritual globalmente. \u00a1Post\u00falate ahora!\" \/>\n<meta name=\"robots\" content=\"index, follow, max-snippet:-1, max-image-preview:large, max-video-preview:-1\" \/>\n<link rel=\"canonical\" href=\"https:\/\/mypalmleaf.com\/es\/director-de-afiliaciones-y-asociaciones\/\" \/>\n<meta property=\"og:locale\" content=\"es_ES\" \/>\n<meta property=\"og:type\" content=\"article\" \/>\n<meta property=\"og:title\" content=\"Director de Afiliaciones y Asociaciones en My Palm Leaf\" \/>\n<meta property=\"og:description\" content=\"\u00danete a My Palm Leaf como Director de Afiliaciones y Asociaciones. Lidera colaboraciones y expande nuestra misi\u00f3n espiritual globalmente. \u00a1Post\u00falate ahora!\" \/>\n<meta property=\"og:url\" content=\"https:\/\/mypalmleaf.com\/es\/director-de-afiliaciones-y-asociaciones\/\" \/>\n<meta property=\"og:site_name\" content=\"My Palm Leaf\" \/>\n<meta property=\"article:modified_time\" content=\"2025-02-20T05:49:31+00:00\" \/>\n<meta property=\"og:image\" content=\"https:\/\/mypalmleaf.com\/wp-content\/uploads\/2025\/08\/mpl-circle-logo.jpg\" \/>\n\t<meta property=\"og:image:width\" content=\"1200\" \/>\n\t<meta property=\"og:image:height\" content=\"1196\" \/>\n\t<meta property=\"og:image:type\" content=\"image\/jpeg\" \/>\n<meta name=\"twitter:card\" content=\"summary_large_image\" \/>\n<script type=\"application\/ld+json\" class=\"yoast-schema-graph\">{\"@context\":\"https:\/\/schema.org\",\"@graph\":[{\"@type\":\"WebPage\",\"@id\":\"https:\/\/mypalmleaf.com\/es\/director-de-afiliaciones-y-asociaciones\/\",\"url\":\"https:\/\/mypalmleaf.com\/es\/director-de-afiliaciones-y-asociaciones\/\",\"name\":\"Director de Afiliaciones y Asociaciones en My Palm Leaf\",\"isPartOf\":{\"@id\":\"https:\/\/mypalmleaf.com\/#website\"},\"datePublished\":\"2024-10-26T17:42:47+00:00\",\"dateModified\":\"2025-02-20T05:49:31+00:00\",\"description\":\"\u00danete a My Palm Leaf como Director de Afiliaciones y Asociaciones. Lidera colaboraciones y expande nuestra misi\u00f3n espiritual globalmente. \u00a1Post\u00falate ahora!\",\"breadcrumb\":{\"@id\":\"https:\/\/mypalmleaf.com\/es\/director-de-afiliaciones-y-asociaciones\/#breadcrumb\"},\"inLanguage\":\"es\",\"potentialAction\":[{\"@type\":\"ReadAction\",\"target\":[\"https:\/\/mypalmleaf.com\/es\/director-de-afiliaciones-y-asociaciones\/\"]}]},{\"@type\":\"BreadcrumbList\",\"@id\":\"https:\/\/mypalmleaf.com\/es\/director-de-afiliaciones-y-asociaciones\/#breadcrumb\",\"itemListElement\":[{\"@type\":\"ListItem\",\"position\":1,\"name\":\"Home\",\"item\":\"https:\/\/mypalmleaf.com\/es\/\"},{\"@type\":\"ListItem\",\"position\":2,\"name\":\"Director de Afiliaciones y Asociaciones\"}]},{\"@type\":\"WebSite\",\"@id\":\"https:\/\/mypalmleaf.com\/#website\",\"url\":\"https:\/\/mypalmleaf.com\/\",\"name\":\"My Palm Leaf\",\"description\":\"\",\"potentialAction\":[{\"@type\":\"SearchAction\",\"target\":{\"@type\":\"EntryPoint\",\"urlTemplate\":\"https:\/\/mypalmleaf.com\/?s={search_term_string}\"},\"query-input\":{\"@type\":\"PropertyValueSpecification\",\"valueRequired\":true,\"valueName\":\"search_term_string\"}}],\"inLanguage\":\"es\"}]}<\/script>\n<!-- \/ Yoast SEO plugin. -->","yoast_head_json":{"title":"Director de Afiliaciones y Asociaciones en My Palm Leaf","description":"\u00danete a My Palm Leaf como Director de Afiliaciones y Asociaciones. Lidera colaboraciones y expande nuestra misi\u00f3n espiritual globalmente. \u00a1Post\u00falate ahora!","robots":{"index":"index","follow":"follow","max-snippet":"max-snippet:-1","max-image-preview":"max-image-preview:large","max-video-preview":"max-video-preview:-1"},"canonical":"https:\/\/mypalmleaf.com\/es\/director-de-afiliaciones-y-asociaciones\/","og_locale":"es_ES","og_type":"article","og_title":"Director de Afiliaciones y Asociaciones en My Palm Leaf","og_description":"\u00danete a My Palm Leaf como Director de Afiliaciones y Asociaciones. Lidera colaboraciones y expande nuestra misi\u00f3n espiritual globalmente. \u00a1Post\u00falate ahora!","og_url":"https:\/\/mypalmleaf.com\/es\/director-de-afiliaciones-y-asociaciones\/","og_site_name":"My Palm Leaf","article_modified_time":"2025-02-20T05:49:31+00:00","og_image":[{"width":1200,"height":1196,"url":"https:\/\/mypalmleaf.com\/wp-content\/uploads\/2025\/08\/mpl-circle-logo.jpg","type":"image\/jpeg"}],"twitter_card":"summary_large_image","schema":{"@context":"https:\/\/schema.org","@graph":[{"@type":"WebPage","@id":"https:\/\/mypalmleaf.com\/es\/director-de-afiliaciones-y-asociaciones\/","url":"https:\/\/mypalmleaf.com\/es\/director-de-afiliaciones-y-asociaciones\/","name":"Director de Afiliaciones y Asociaciones en My Palm Leaf","isPartOf":{"@id":"https:\/\/mypalmleaf.com\/#website"},"datePublished":"2024-10-26T17:42:47+00:00","dateModified":"2025-02-20T05:49:31+00:00","description":"\u00danete a My Palm Leaf como Director de Afiliaciones y Asociaciones. Lidera colaboraciones y expande nuestra misi\u00f3n espiritual globalmente. \u00a1Post\u00falate ahora!","breadcrumb":{"@id":"https:\/\/mypalmleaf.com\/es\/director-de-afiliaciones-y-asociaciones\/#breadcrumb"},"inLanguage":"es","potentialAction":[{"@type":"ReadAction","target":["https:\/\/mypalmleaf.com\/es\/director-de-afiliaciones-y-asociaciones\/"]}]},{"@type":"BreadcrumbList","@id":"https:\/\/mypalmleaf.com\/es\/director-de-afiliaciones-y-asociaciones\/#breadcrumb","itemListElement":[{"@type":"ListItem","position":1,"name":"Home","item":"https:\/\/mypalmleaf.com\/es\/"},{"@type":"ListItem","position":2,"name":"Director de Afiliaciones y Asociaciones"}]},{"@type":"WebSite","@id":"https:\/\/mypalmleaf.com\/#website","url":"https:\/\/mypalmleaf.com\/","name":"My Palm Leaf","description":"","potentialAction":[{"@type":"SearchAction","target":{"@type":"EntryPoint","urlTemplate":"https:\/\/mypalmleaf.com\/?s={search_term_string}"},"query-input":{"@type":"PropertyValueSpecification","valueRequired":true,"valueName":"search_term_string"}}],"inLanguage":"es"}]}},"_links":{"self":[{"href":"https:\/\/mypalmleaf.com\/es\/wp-json\/wp\/v2\/pages\/45213","targetHints":{"allow":["GET"]}}],"collection":[{"href":"https:\/\/mypalmleaf.com\/es\/wp-json\/wp\/v2\/pages"}],"about":[{"href":"https:\/\/mypalmleaf.com\/es\/wp-json\/wp\/v2\/types\/page"}],"author":[{"embeddable":true,"href":"https:\/\/mypalmleaf.com\/es\/wp-json\/wp\/v2\/users\/1"}],"replies":[{"embeddable":true,"href":"https:\/\/mypalmleaf.com\/es\/wp-json\/wp\/v2\/comments?post=45213"}],"version-history":[{"count":0,"href":"https:\/\/mypalmleaf.com\/es\/wp-json\/wp\/v2\/pages\/45213\/revisions"}],"wp:attachment":[{"href":"https:\/\/mypalmleaf.com\/es\/wp-json\/wp\/v2\/media?parent=45213"}],"curies":[{"name":"wp","href":"https:\/\/api.w.org\/{rel}","templated":true}]}}