
{"id":45461,"date":"2024-11-10T05:53:12","date_gmt":"2024-11-10T05:53:12","guid":{"rendered":"https:\/\/mypalmleaf.com\/homa\/"},"modified":"2025-02-20T05:16:31","modified_gmt":"2025-02-20T05:16:31","slug":"homa","status":"publish","type":"page","link":"https:\/\/mypalmleaf.com\/es\/homa\/","title":{"rendered":"Homa"},"content":{"rendered":"\n<section class=\"spotlight-main small top-gap\">\n    <!-- <div class=\"slider-wrap\" data-flickity='{ \"cellAlign\": \"left\", \"contain\": true, \"wrapAround\": true, \"setGallerySize\": false }'> -->\n    <div class=\"slider-wrap\" data-flickity='{ \"cellAlign\": \"left\", \"contain\": true, \"wrapAround\": true, \"setGallerySize\": false  }'>\n            <div class=\"slides\">\n        <div class=\"content-wrap\">\n          <div class=\"image\">\n            <picture>\n              <source media=\"(max-width: 999px)\" srcset=\"https:\/\/mypalmleaf.com\/wp-content\/uploads\/2024\/11\/homas-spotlight-mob.jpg\" \/>\n              <source media=\"(min-width: 1000px)\" srcset=\"https:\/\/mypalmleaf.com\/wp-content\/uploads\/2024\/11\/homas-spotlight.jpg\" \/>\n              <img decoding=\"async\" src=\"https:\/\/mypalmleaf.com\/wp-content\/uploads\/2024\/11\/homas-spotlight.jpg\" class=\"img-fluid\" alt=\"\" \/>\n            <\/picture>\n          <\/div>\n          <div class=\"content\">\n            <div data-aos=\"fade-up\" data-aos-duration=\"1000\">\n              <h2 class=\"\">Homas: Ceremonias de Fuego Sagrado para la Transformaci\u00f3n K\u00e1rmica<\/h2>\n              <p>Experimenta los antiguos rituales v\u00e9dicos realizados para traer bendiciones, purificaci\u00f3n y armon\u00eda a tu vida.  <\/p>\n                                  <a href=\"\/prices\/fire-ceremony-homa\/\" class=\"btn btn-primary\">Reserva tu Homas<\/a>\n                   \n            <\/div>\n          <\/div>\n        <\/div>\n      <\/div>\n          <\/div>\n<\/section>\n<section class=\"my-6 position-relative\">\n    <div class=\"container-xl\" data-aos=\"fade-up\" data-aos-duration=\"1000\">\n      <div class=\"row align-items-center\">\n        <div class=\"col-lg-5 mb-4 mb-lg-0\">\n          <div class=\"rounded-asset\">\n            <img decoding=\"async\" src=\"https:\/\/mypalmleaf.com\/wp-content\/uploads\/2024\/11\/yt-thumb-homa.jpg\" class=\"img-fluid\" alt=\"\"><div class=\"play-icon\"><\/div>\n            <a href=\"https:\/\/www.youtube.com\/watch?v=63svn4g1Z5U\" class=\"stretched-link\" data-lity><\/a>\n          <\/div>\n        <\/div>\n        <div class=\"col-lg-7\">\n          <h2 class=\"mb-4\">\u00bfQu\u00e9 son las ceremonias de fuego Homa?<\/h2>\n          <p>Los homas, tambi\u00e9n conocidos como ceremonias del fuego, son poderosos rituales v\u00e9dicos que se realizan para invocar energ\u00edas divinas, eliminar influencias k\u00e1rmicas negativas y aportar equilibrio a distintos aspectos de la vida. Mediante el elemento sagrado del fuego, se hacen ofrendas a las deidades, y la energ\u00eda transformadora del ritual aporta bendiciones, purificaci\u00f3n y curaci\u00f3n. <\/p>\n<p>Estas ceremonias est\u00e1n dirigidas por experimentados sacerdotes v\u00e9dicos que cantan mantras sagrados y hacen ofrendas al fuego sagrado, amplificando la intenci\u00f3n y el efecto del ritual.<\/p>\n        <\/div>\n      <\/div>\n    <\/div>\n    <\/section>\n<section class=\"my-6 position-relative\">\n  <div class=\"container-xl aos-init aos-animate\" data-aos=\"fade-up\" data-aos-duration=\"1000\">\n    <div class=\"row align-items-center\">\n      <div class=\"col-lg-7\">\n        <h2 class=\"mb-4\">\u00bfC\u00f3mo puede beneficiarte Ham\u00e1s?<\/h2>\n<p>Cada ceremonia Homa tiene un prop\u00f3sito \u00fanico, ya sea superar obst\u00e1culos, mejorar la salud, invitar a la prosperidad o limpiar el karma negativo.<\/p>\n<p>He aqu\u00ed c\u00f3mo Tom\u00e1s puede transformar tu vida:  <\/p>\n        <ul>\n<li>Sanaci\u00f3n k\u00e1rmica: Libera deudas k\u00e1rmicas pasadas y atrae influencias k\u00e1rmicas positivas.  <\/li>\n<li>Purificaci\u00f3n: Limpia tu aura y tu entorno de energ\u00edas negativas.  <\/li>\n<li>Bendiciones y Prosperidad: Invoca bendiciones para la salud, la riqueza, las relaciones y el bienestar general.  <\/li>\n<li>Protecci\u00f3n y Armon\u00eda: Refuerza la protecci\u00f3n espiritual y trae armon\u00eda a tu vida.  <\/li>\n<\/ul>\n<div class=\"dual-btn-cont mt-4\">\n<ul>\n<li><a href=\"https:\/\/mypalmleaf.com\/es\/precio\/inicio-ceremonia-de-fuego\/\" class=\"btn btn-primary\">Reserva ahora tu ceremonia del fuego<\/a><\/li>\n<\/ul>\n<\/div>\n      <\/div>\n      <div class=\"col-lg-5 mb-4 mb-lg-0\">\n        <div class=\"rounded-asset\">\n          <img decoding=\"async\" src=\"https:\/\/mypalmleaf.com\/wp-content\/uploads\/2024\/11\/homas-thumb.jpg\" class=\"img-fluid\" alt=\"\"\/>\n        <\/div>\n      <\/div>\n    <\/div>\n  <\/div>\n       \n  <\/section>\n\n<section class=\"my-6 position-relative\">\n  <div class=\"container-xl aos-init aos-animate\" data-aos=\"fade-up\" data-aos-duration=\"1000\">\n    <div class=\"row align-items-center\">\n      <div class=\"col-lg-5 mb-4 mb-lg-0\">\n        <div class=\"rounded-asset\">\n          <img decoding=\"async\" src=\"https:\/\/mypalmleaf.com\/wp-content\/uploads\/2024\/11\/homas-thumb2.jpg\" class=\"img-fluid\" alt=\"\"\/>\n        <\/div>\n      <\/div>\n      <div class=\"col-lg-7\">\n        <h2 class=\"mb-4\">C\u00f3mo funciona<\/h2>\n        <p><strong>Paso 1: Reserva tu<\/strong> ceremonia <strong>Homa<\/strong><br\/> Reserva la ceremonia de fuego Homa en nuestra p\u00e1gina web<\/p> \n<p><strong>Paso 2: Reserva tu cita<\/strong><br\/> Despu\u00e9s de hacer la reserva, recibir\u00e1s un enlace de calendario y podr\u00e1s reservar el d\u00eda y la hora adecuados en los que deseas que se realice la Terapia Homa.  <\/p>\n<p><strong>Paso 3: Participar y Recibir Bendiciones<\/strong><br\/> Puedes elegir unirte a la ceremonia en directo v\u00eda Zoom o recibir la energ\u00eda y las bendiciones desde donde est\u00e9s. Uno de nuestros moderadores te acompa\u00f1ar\u00e1 durante el Homa y te lo explicar\u00e1 todo.   <\/p>\n<div class=\"dual-btn-cont mt-4\">\n<ul>\n<li><a href=\"https:\/\/mypalmleaf.com\/es\/precio\/inicio-ceremonia-de-fuego\/\" class=\"btn btn-primary\">Reserva ahora tu ceremonia del fuego<\/a><\/li>\n<\/ul>\n<\/div>\n      <\/div>\n      \n    <\/div>\n  <\/div>\n       \n  <\/section>\n\n<figure class=\"wp-block-gallery has-nested-images columns-default is-cropped wp-block-gallery-1 is-layout-flex wp-block-gallery-is-layout-flex\">\n<figure class=\"wp-block-image size-full\"><img loading=\"lazy\" decoding=\"async\" width=\"1024\" height=\"576\" data-id=\"45429\" src=\"https:\/\/mypalmleaf.com\/wp-content\/uploads\/2024\/11\/3-1.jpg\" alt=\"\" class=\"wp-image-45429\" srcset=\"https:\/\/mypalmleaf.com\/wp-content\/uploads\/2024\/11\/3-1.jpg 1024w, https:\/\/mypalmleaf.com\/wp-content\/uploads\/2024\/11\/3-1-600x338.jpg 600w, https:\/\/mypalmleaf.com\/wp-content\/uploads\/2024\/11\/3-1-300x169.jpg 300w, https:\/\/mypalmleaf.com\/wp-content\/uploads\/2024\/11\/3-1-768x432.jpg 768w\" sizes=\"auto, (max-width: 1024px) 100vw, 1024px\" \/><\/figure>\n\n\n\n<figure class=\"wp-block-image size-large\"><img loading=\"lazy\" decoding=\"async\" width=\"1024\" height=\"576\" data-id=\"45407\" src=\"https:\/\/mypalmleaf.com\/wp-content\/uploads\/2024\/11\/2.jpg\" alt=\"\" class=\"wp-image-45407\" srcset=\"https:\/\/mypalmleaf.com\/wp-content\/uploads\/2024\/11\/2.jpg 1024w, https:\/\/mypalmleaf.com\/wp-content\/uploads\/2024\/11\/2-600x338.jpg 600w, https:\/\/mypalmleaf.com\/wp-content\/uploads\/2024\/11\/2-300x169.jpg 300w, https:\/\/mypalmleaf.com\/wp-content\/uploads\/2024\/11\/2-768x432.jpg 768w\" sizes=\"auto, (max-width: 1024px) 100vw, 1024px\" \/><\/figure>\n\n\n\n<figure class=\"wp-block-image size-large\"><img loading=\"lazy\" decoding=\"async\" width=\"1024\" height=\"576\" data-id=\"45386\" src=\"https:\/\/mypalmleaf.com\/wp-content\/uploads\/2024\/11\/1.jpg\" alt=\"\" class=\"wp-image-45386\" srcset=\"https:\/\/mypalmleaf.com\/wp-content\/uploads\/2024\/11\/1.jpg 1024w, https:\/\/mypalmleaf.com\/wp-content\/uploads\/2024\/11\/1-600x338.jpg 600w, https:\/\/mypalmleaf.com\/wp-content\/uploads\/2024\/11\/1-300x169.jpg 300w, https:\/\/mypalmleaf.com\/wp-content\/uploads\/2024\/11\/1-768x432.jpg 768w\" sizes=\"auto, (max-width: 1024px) 100vw, 1024px\" \/><\/figure>\n<\/figure>\n<section class=\"accordion-container position-relative \" data-aos=\"fade-up\" data-aos-duration=\"1000\" id=\"general-questions\">\n  <div class=\"container-xl\">\n    <div class=\"row\">\n      <h3>Preguntas frecuentes<\/h3>\n      <div class=\"accr-wrap\">\n                  <div class=\"head\">\u00bfNecesito estar f\u00edsicamente presente para que la ceremonia Homa sea efectiva?<\/div>\n          <div class=\"content\">\n            <p>No es necesario que est\u00e9s f\u00edsicamente presente para que la Terapia Homa sea eficaz. La energ\u00eda y las bendiciones de la ceremonia se env\u00edan a trav\u00e9s de las vibraciones de los mantras sagrados y del fuego. Si quieres, puedes unirte a la ceremonia en directo a trav\u00e9s de Zoom, pero los beneficios te llegar\u00e1n aunque no puedas asistir.  <\/p>\n          <\/div>\n                  <div class=\"head\">\u00bfC\u00f3mo debo prepararme para una ceremonia Homa?<\/div>\n          <div class=\"content\">\n            <p>Para prepararte para una Terapia Homa, lo mejor es establecer una intenci\u00f3n clara de lo que deseas recibir del ritual. Tambi\u00e9n puedes crear un espacio tranquilo en tu casa, libre de distracciones, donde puedas sentarte tranquilamente para recibir la energ\u00eda de la ceremonia. Si participas en directo, aseg\u00farate de tener una conexi\u00f3n a Internet estable y un entorno sereno.  <\/p>\n          <\/div>\n                  <div class=\"head\">\u00bfPuede realizarse un Homa en nombre de otra persona?<\/div>\n          <div class=\"content\">\n            <p>S\u00ed, los Homas pueden realizarse en nombre de otra persona, ya sea un ser querido, un familiar o un amigo. S\u00f3lo tienes que indicar su nombre y la intenci\u00f3n de la ceremonia, y la energ\u00eda y las bendiciones ir\u00e1n dirigidas a esa persona. <\/p>\n          <\/div>\n                  <div class=\"head\">\u00bfQu\u00e9 resultados puedo esperar de una Terapia Homa?<\/div>\n          <div class=\"content\">\n            <p>Los efectos de una Terapia Homa pueden variar en funci\u00f3n de tu intenci\u00f3n y del tipo de ceremonia realizada. A menudo, las personas afirman sentir una sensaci\u00f3n de paz, alivio emocional y claridad, adem\u00e1s de experimentar cambios positivos tangibles en sus vidas, como la mejora de las relaciones, la salud o el \u00e9xito. Las bendiciones y los beneficios k\u00e1rmicos suelen desarrollarse con el tiempo.  <\/p>\n          <\/div>\n                  <div class=\"head\">\u00bfC\u00f3mo elijo qu\u00e9 tipo de Homa reservar?<\/div>\n          <div class=\"content\">\n            <p>Si se te recomend\u00f3 un Homa durante la lectura de la palma de la mano, entonces se realizar\u00e1 este tipo de Homa para ti. Si no, tambi\u00e9n puedes indicarnos el prop\u00f3sito general del Homa al hacer la reserva y los sacerdotes elegir\u00e1n una ceremonia espec\u00edfica para ese prop\u00f3sito.   <\/p>\n          <\/div>\n                  <div class=\"head\">\u00bfSon los Homas adecuados para todos los credos y creencias espirituales?<\/div>\n          <div class=\"content\">\n            <p>S\u00ed, los Homas son rituales espirituales arraigados en antiguas tradiciones v\u00e9dicas, pero est\u00e1n abiertos a personas de todas las creencias y credos. Las ceremonias se centran en energ\u00edas universales, como los elementos y las bendiciones divinas, que pueden ser beneficiosas independientemente de tu trasfondo espiritual.   <\/p>\n          <\/div>\n                  <div class=\"head\">\u00bfCu\u00e1nto suele durar una ceremonia Homa?<\/div>\n          <div class=\"content\">\n            <p>La duraci\u00f3n de una ceremonia Homa puede variar en funci\u00f3n de su complejidad y del tipo de ritual realizado. La mayor\u00eda de las ceremonias duran entre 30 minutos y 1 hora.   <\/p>\n          <\/div>\n                  <div class=\"head\">\u00bfPuedo solicitar una fecha u hora concreta para la Terapia Homa?<\/div>\n          <div class=\"content\">\n            <p>S\u00ed, puedes solicitar una fecha y hora concretas para tu Homa, dependiendo de la disponibilidad de nuestros sacerdotes v\u00e9dicos y de los tiempos propicios para realizar la ceremonia. Haremos todo lo posible por adaptarnos a tus preferencias.   <\/p>\n          <\/div>\n                  <div class=\"head\">\u00bfC\u00f3mo se hacen las ofrendas durante el Homa?<\/div>\n          <div class=\"content\">\n            <p>Las ofrendas, como ghee, hierbas, granos y otros objetos sagrados, son introducidas en el fuego por nuestros sacerdotes v\u00e9dicos mientras cantan poderosos mantras. Cada ofrenda simboliza la purificaci\u00f3n, la transformaci\u00f3n y la liberaci\u00f3n de bendiciones al universo.   <\/p>\n          <\/div>\n                  <div class=\"head\">\u00bfMe acompa\u00f1ar\u00e1 un moderador de Mypalmleaf?<\/div>\n          <div class=\"content\">\n            <p>S\u00ed, uno de nuestros moderadores estar\u00e1 presente en el Homa. Ellos te guiar\u00e1n y te explicar\u00e1n todo si es necesario.   <\/p>\n          <\/div>\n              <\/div>\n    <\/div>\n  <\/div>\n  \n<\/section>\n<\/div>\n<p><\/p>\n","protected":false},"excerpt":{"rendered":"<p>\u00bfC\u00f3mo puede beneficiarte Ham\u00e1s? Cada ceremonia Homa tiene un prop\u00f3sito \u00fanico, ya sea superar obst\u00e1culos, mejorar la salud, invitar a la prosperidad o limpiar el karma negativo. He aqu\u00ed c\u00f3mo Tom\u00e1s puede transformar tu vida: Sanaci\u00f3n k\u00e1rmica: Libera deudas k\u00e1rmicas pasadas y atrae influencias k\u00e1rmicas positivas. Purificaci\u00f3n: Limpia tu aura y tu entorno de energ\u00edas [&hellip;]<\/p>\n","protected":false},"author":1,"featured_media":0,"parent":0,"menu_order":0,"comment_status":"closed","ping_status":"closed","template":"","meta":{"_acf_changed":false,"footnotes":""},"class_list":["post-45461","page","type-page","status-publish","hentry"],"acf":[],"yoast_head":"<!-- This site is optimized with the Yoast SEO plugin v26.4 - https:\/\/yoast.com\/wordpress\/plugins\/seo\/ -->\n<title>Ritual de Fuego Homa | My Palm Leaf<\/title>\n<meta name=\"description\" content=\"Realiza el ritual de fuego Homa, una pr\u00e1ctica espiritual poderosa para purificar y transformar energ\u00edas, promoviendo el bienestar y la armon\u00eda.\" \/>\n<meta name=\"robots\" content=\"index, follow, max-snippet:-1, max-image-preview:large, max-video-preview:-1\" \/>\n<link rel=\"canonical\" href=\"https:\/\/mypalmleaf.com\/es\/homa\/\" \/>\n<meta property=\"og:locale\" content=\"es_ES\" \/>\n<meta property=\"og:type\" content=\"article\" \/>\n<meta property=\"og:title\" content=\"Ritual de Fuego Homa | My Palm Leaf\" \/>\n<meta property=\"og:description\" content=\"Realiza el ritual de fuego Homa, una pr\u00e1ctica espiritual poderosa para purificar y transformar energ\u00edas, promoviendo el bienestar y la armon\u00eda.\" \/>\n<meta property=\"og:url\" content=\"https:\/\/mypalmleaf.com\/es\/homa\/\" \/>\n<meta property=\"og:site_name\" content=\"My Palm Leaf\" \/>\n<meta property=\"article:modified_time\" content=\"2025-02-20T05:16:31+00:00\" \/>\n<meta property=\"og:image\" content=\"https:\/\/mypalmleaf.com\/wp-content\/uploads\/2024\/11\/homas-thumb.jpg\" \/>\n<meta name=\"twitter:card\" content=\"summary_large_image\" \/>\n<meta name=\"twitter:label1\" content=\"Tiempo de lectura\" \/>\n\t<meta name=\"twitter:data1\" content=\"2 minutos\" \/>\n<script type=\"application\/ld+json\" class=\"yoast-schema-graph\">{\"@context\":\"https:\/\/schema.org\",\"@graph\":[{\"@type\":\"WebPage\",\"@id\":\"https:\/\/mypalmleaf.com\/es\/homa\/\",\"url\":\"https:\/\/mypalmleaf.com\/es\/homa\/\",\"name\":\"Ritual de Fuego Homa | My Palm Leaf\",\"isPartOf\":{\"@id\":\"https:\/\/mypalmleaf.com\/#website\"},\"primaryImageOfPage\":{\"@id\":\"https:\/\/mypalmleaf.com\/es\/homa\/#primaryimage\"},\"image\":{\"@id\":\"https:\/\/mypalmleaf.com\/es\/homa\/#primaryimage\"},\"thumbnailUrl\":\"https:\/\/mypalmleaf.com\/wp-content\/uploads\/2024\/11\/homas-thumb.jpg\",\"datePublished\":\"2024-11-10T05:53:12+00:00\",\"dateModified\":\"2025-02-20T05:16:31+00:00\",\"description\":\"Realiza el ritual de fuego Homa, una pr\u00e1ctica espiritual poderosa para purificar y transformar energ\u00edas, promoviendo el bienestar y la armon\u00eda.\",\"breadcrumb\":{\"@id\":\"https:\/\/mypalmleaf.com\/es\/homa\/#breadcrumb\"},\"inLanguage\":\"es\",\"potentialAction\":[{\"@type\":\"ReadAction\",\"target\":[\"https:\/\/mypalmleaf.com\/es\/homa\/\"]}]},{\"@type\":\"ImageObject\",\"inLanguage\":\"es\",\"@id\":\"https:\/\/mypalmleaf.com\/es\/homa\/#primaryimage\",\"url\":\"https:\/\/mypalmleaf.com\/wp-content\/uploads\/2024\/11\/homas-thumb.jpg\",\"contentUrl\":\"https:\/\/mypalmleaf.com\/wp-content\/uploads\/2024\/11\/homas-thumb.jpg\"},{\"@type\":\"BreadcrumbList\",\"@id\":\"https:\/\/mypalmleaf.com\/es\/homa\/#breadcrumb\",\"itemListElement\":[{\"@type\":\"ListItem\",\"position\":1,\"name\":\"Home\",\"item\":\"https:\/\/mypalmleaf.com\/es\/\"},{\"@type\":\"ListItem\",\"position\":2,\"name\":\"Homa\"}]},{\"@type\":\"WebSite\",\"@id\":\"https:\/\/mypalmleaf.com\/#website\",\"url\":\"https:\/\/mypalmleaf.com\/\",\"name\":\"My Palm Leaf\",\"description\":\"\",\"potentialAction\":[{\"@type\":\"SearchAction\",\"target\":{\"@type\":\"EntryPoint\",\"urlTemplate\":\"https:\/\/mypalmleaf.com\/?s={search_term_string}\"},\"query-input\":{\"@type\":\"PropertyValueSpecification\",\"valueRequired\":true,\"valueName\":\"search_term_string\"}}],\"inLanguage\":\"es\"}]}<\/script>\n<!-- \/ Yoast SEO plugin. -->","yoast_head_json":{"title":"Ritual de Fuego Homa | My Palm Leaf","description":"Realiza el ritual de fuego Homa, una pr\u00e1ctica espiritual poderosa para purificar y transformar energ\u00edas, promoviendo el bienestar y la armon\u00eda.","robots":{"index":"index","follow":"follow","max-snippet":"max-snippet:-1","max-image-preview":"max-image-preview:large","max-video-preview":"max-video-preview:-1"},"canonical":"https:\/\/mypalmleaf.com\/es\/homa\/","og_locale":"es_ES","og_type":"article","og_title":"Ritual de Fuego Homa | My Palm Leaf","og_description":"Realiza el ritual de fuego Homa, una pr\u00e1ctica espiritual poderosa para purificar y transformar energ\u00edas, promoviendo el bienestar y la armon\u00eda.","og_url":"https:\/\/mypalmleaf.com\/es\/homa\/","og_site_name":"My Palm Leaf","article_modified_time":"2025-02-20T05:16:31+00:00","og_image":[{"url":"https:\/\/mypalmleaf.com\/wp-content\/uploads\/2024\/11\/homas-thumb.jpg","type":"","width":"","height":""}],"twitter_card":"summary_large_image","twitter_misc":{"Tiempo de lectura":"2 minutos"},"schema":{"@context":"https:\/\/schema.org","@graph":[{"@type":"WebPage","@id":"https:\/\/mypalmleaf.com\/es\/homa\/","url":"https:\/\/mypalmleaf.com\/es\/homa\/","name":"Ritual de Fuego Homa | My Palm Leaf","isPartOf":{"@id":"https:\/\/mypalmleaf.com\/#website"},"primaryImageOfPage":{"@id":"https:\/\/mypalmleaf.com\/es\/homa\/#primaryimage"},"image":{"@id":"https:\/\/mypalmleaf.com\/es\/homa\/#primaryimage"},"thumbnailUrl":"https:\/\/mypalmleaf.com\/wp-content\/uploads\/2024\/11\/homas-thumb.jpg","datePublished":"2024-11-10T05:53:12+00:00","dateModified":"2025-02-20T05:16:31+00:00","description":"Realiza el ritual de fuego Homa, una pr\u00e1ctica espiritual poderosa para purificar y transformar energ\u00edas, promoviendo el bienestar y la armon\u00eda.","breadcrumb":{"@id":"https:\/\/mypalmleaf.com\/es\/homa\/#breadcrumb"},"inLanguage":"es","potentialAction":[{"@type":"ReadAction","target":["https:\/\/mypalmleaf.com\/es\/homa\/"]}]},{"@type":"ImageObject","inLanguage":"es","@id":"https:\/\/mypalmleaf.com\/es\/homa\/#primaryimage","url":"https:\/\/mypalmleaf.com\/wp-content\/uploads\/2024\/11\/homas-thumb.jpg","contentUrl":"https:\/\/mypalmleaf.com\/wp-content\/uploads\/2024\/11\/homas-thumb.jpg"},{"@type":"BreadcrumbList","@id":"https:\/\/mypalmleaf.com\/es\/homa\/#breadcrumb","itemListElement":[{"@type":"ListItem","position":1,"name":"Home","item":"https:\/\/mypalmleaf.com\/es\/"},{"@type":"ListItem","position":2,"name":"Homa"}]},{"@type":"WebSite","@id":"https:\/\/mypalmleaf.com\/#website","url":"https:\/\/mypalmleaf.com\/","name":"My Palm Leaf","description":"","potentialAction":[{"@type":"SearchAction","target":{"@type":"EntryPoint","urlTemplate":"https:\/\/mypalmleaf.com\/?s={search_term_string}"},"query-input":{"@type":"PropertyValueSpecification","valueRequired":true,"valueName":"search_term_string"}}],"inLanguage":"es"}]}},"_links":{"self":[{"href":"https:\/\/mypalmleaf.com\/es\/wp-json\/wp\/v2\/pages\/45461","targetHints":{"allow":["GET"]}}],"collection":[{"href":"https:\/\/mypalmleaf.com\/es\/wp-json\/wp\/v2\/pages"}],"about":[{"href":"https:\/\/mypalmleaf.com\/es\/wp-json\/wp\/v2\/types\/page"}],"author":[{"embeddable":true,"href":"https:\/\/mypalmleaf.com\/es\/wp-json\/wp\/v2\/users\/1"}],"replies":[{"embeddable":true,"href":"https:\/\/mypalmleaf.com\/es\/wp-json\/wp\/v2\/comments?post=45461"}],"version-history":[{"count":0,"href":"https:\/\/mypalmleaf.com\/es\/wp-json\/wp\/v2\/pages\/45461\/revisions"}],"wp:attachment":[{"href":"https:\/\/mypalmleaf.com\/es\/wp-json\/wp\/v2\/media?parent=45461"}],"curies":[{"name":"wp","href":"https:\/\/api.w.org\/{rel}","templated":true}]}}