{"id":45498,"date":"2024-11-10T07:16:42","date_gmt":"2024-11-10T07:16:42","guid":{"rendered":"https:\/\/mypalmleaf.com\/puja-de-athma-shanthi\/"},"modified":"2025-02-20T06:18:44","modified_gmt":"2025-02-20T06:18:44","slug":"puja-de-athma-shanthi","status":"publish","type":"page","link":"https:\/\/mypalmleaf.com\/es\/puja-de-athma-shanthi\/","title":{"rendered":"Puja de Athma Shanthi"},"content":{"rendered":"\n<section class=\"spotlight-main small top-gap\">\n    <!-- <div class=\"slider-wrap\" data-flickity='{ \"cellAlign\": \"left\", \"contain\": true, \"wrapAround\": true, \"setGallerySize\": false }'> -->\n    <div class=\"slider-wrap\" data-flickity='{ \"cellAlign\": \"left\", \"contain\": true, \"wrapAround\": true, \"setGallerySize\": false  }'>\n            <div class=\"slides\">\n        <div class=\"content-wrap\">\n          <div class=\"image\">\n            <picture>\n              <source media=\"(max-width: 999px)\" srcset=\"https:\/\/mypalmleaf.com\/wp-content\/uploads\/2024\/11\/athma-shanti-puja-spotlight.-mob.jpg\" \/>\n              <source media=\"(min-width: 1000px)\" srcset=\"https:\/\/mypalmleaf.com\/wp-content\/uploads\/2024\/11\/athma-shanti-puja-spotlight.jpg\" \/>\n              <img decoding=\"async\" src=\"https:\/\/mypalmleaf.com\/wp-content\/uploads\/2024\/11\/athma-shanti-puja-spotlight.jpg\" class=\"img-fluid\" alt=\"\" \/>\n            <\/picture>\n          <\/div>\n          <div class=\"content\">\n            <div data-aos=\"fade-up\" data-aos-duration=\"1000\">\n              <h2 class=\"\">Puja de Athma Shanthi: Un Ritual Sagrado para las Almas Difuntas<\/h2>\n              <p>Lleva la paz y la liberaci\u00f3n a las almas de tus seres queridos mediante esta profunda ceremonia v\u00e9dica.<\/p>\n                                  <a href=\"\/prices\/athma-shanthi-puja-special-ritual-to-help-the-soul-of-someone-who-has-passed-away-to-rest-in-peace\/\" class=\"btn btn-primary\">Reserva tu Puja<\/a>\n                   \n            <\/div>\n          <\/div>\n        <\/div>\n      <\/div>\n          <\/div>\n<\/section>\n<section class=\"my-6 position-relative\">\n    <div class=\"container-xl\" data-aos=\"fade-up\" data-aos-duration=\"1000\">\n      <div class=\"row align-items-center\">\n        <div class=\"col-lg-5 mb-4 mb-lg-0\">\n          <div class=\"rounded-asset\">\n            <img decoding=\"async\" src=\"https:\/\/mypalmleaf.com\/wp-content\/uploads\/2024\/11\/yt-thumb-2.jpg\" class=\"img-fluid\" alt=\"\"><div class=\"play-icon\"><\/div>\n            <a href=\"https:\/\/www.youtube.com\/watch?v=nZ0XR1c6lPU\" class=\"stretched-link\" data-lity><\/a>\n          <\/div>\n        <\/div>\n        <div class=\"col-lg-7\">\n          <h2 class=\"mb-4\">\u00bfQu\u00e9 es la Puja de Athma Shanthi?<\/h2>\n          <p>La Puya Athma Shanthi es un ritual sagrado que se realiza para honrar y traer la paz a las almas de los seres queridos difuntos. Seg\u00fan las tradiciones v\u00e9dicas, esta ceremonia ayuda al alma difunta a encontrar la liberaci\u00f3n (moksha) y puede resolver cualquier deuda o perturbaci\u00f3n k\u00e1rmica persistente. Es especialmente significativa para quienes fallecieron de forma inesperada, tr\u00e1gica o sin haber tenido la oportunidad de recibir los ritos adecuados.  <\/p>\n<p>Durante la Puja, nuestros experimentados sacerdotes v\u00e9dicos cantan mantras sagrados, ofrecen oraciones y realizan rituales para traer armon\u00eda y liberaci\u00f3n espiritual.<\/p>\n        <\/div>\n      <\/div>\n    <\/div>\n    <\/section>\n<section class=\"my-6 position-relative\">\n  <div class=\"container-xl aos-init aos-animate\" data-aos=\"fade-up\" data-aos-duration=\"1000\">\n    <div class=\"row align-items-center\">\n      <div class=\"col-lg-7\">\n        <h2 class=\"mb-4\">\u00bfPor qu\u00e9 realizar la Puja de Athma Shanthi?<\/h2>\n<p>La Puya Athma Shanthi es un ritual compasivo y poderoso que sirve tanto a los vivos como a los difuntos. He aqu\u00ed por qu\u00e9 es importante: <\/p>\n<ul>\n<li>Liberaci\u00f3n del Alma: Ayuda al alma difunta a alcanzar la paz y a liberarse del ciclo del renacimiento.<\/li>\n<li>Resoluci\u00f3n k\u00e1rmica: Libera las influencias k\u00e1rmicas negativas causadas por energ\u00edas ancestrales no resueltas.<\/li>\n<li>Bendiciones Ancestrales: Trae a tu vida las bendiciones y la protecci\u00f3n de tus antepasados.<\/li>\n<li>Curaci\u00f3n y Cierre: Proporcionar curaci\u00f3n emocional y cierre a los familiares en duelo.<\/li>\n<\/ul>\n<div class=\"dual-btn-cont mt-4\">\n<ul>\n<li><a href=\"https:\/\/mypalmleaf.com\/es\/precio\/athma-shanthi-puja-ritual-especial-para-ayudar-al-alma-de-alguien-que-ha-fallecido-a-descansar-en-paz\/\" class=\"btn btn-primary\">Reserva la Puya Athma Shanti para las almas de tus antepasados<\/a><\/li>\n<\/ul>\n<\/div>\n      <\/div>\n      <div class=\"col-lg-5 mb-4 mb-lg-0\">\n        <div class=\"rounded-asset\">\n          <img decoding=\"async\" src=\"https:\/\/staging.mypalmleaf.com\/wp-content\/uploads\/2024\/11\/atma-shant-thumb1.jpg\" class=\"img-fluid\" alt=\"\"\/>\n        <\/div>\n      <\/div>\n    <\/div>\n  <\/div>\n       \n  <\/section>\n\n<section class=\"my-6 position-relative\">\n  <div class=\"container-xl aos-init aos-animate\" data-aos=\"fade-up\" data-aos-duration=\"1000\">\n    <div class=\"row align-items-center\">\n      <div class=\"col-lg-5 mb-4 mb-lg-0\">\n        <div class=\"rounded-asset\">\n          <img decoding=\"async\" src=\"https:\/\/staging.mypalmleaf.com\/wp-content\/uploads\/2024\/11\/atma-shant-thumb2.jpg\" class=\"img-fluid\" alt=\"\"\/>\n        <\/div>\n      <\/div>\n      <div class=\"col-lg-7\">\n        <h2 class=\"mb-4\">\u00bfQui\u00e9n debe considerar esta Puja?<\/h2>\n        <p>La Puja Athma Shanthi se recomienda a cualquier persona que haya perdido a un ser querido y desee traer la paz a su alma. Es especialmente beneficiosa si: <\/p>\n        <ul>\n          <li>El alma difunta falleci\u00f3 en circunstancias tr\u00e1gicas o repentinas.<\/li>\n          <li>No se realizaron los ritos funerarios adecuados, o existe un sentimiento de asunto espiritual inacabado.<\/li>\n          <li>Sientes la presencia de perturbaciones ancestrales en tu vida.<\/li>\n          <li>Quieres honrar y expresar gratitud a tus antepasados.<\/li>\n        <\/ul>\n<div class=\"dual-btn-cont mt-4\">\n<ul>\n<li><a href=\"https:\/\/mypalmleaf.com\/es\/precio\/athma-shanthi-puja-ritual-especial-para-ayudar-al-alma-de-alguien-que-ha-fallecido-a-descansar-en-paz\/\" class=\"btn btn-primary\">Reserva la Puya Athma Shanti para las almas de tus antepasados<\/a><\/li>\n<\/ul>\n<\/div>\n      <\/div>\n      \n    <\/div>\n  <\/div>\n       \n  <\/section>\n\n<section class=\"my-6 position-relative\">\n  <div class=\"container-xl aos-init aos-animate\" data-aos=\"fade-up\" data-aos-duration=\"1000\">\n    <div class=\"row align-items-center\">\n      <div class=\"col-lg-7\">\n        <h2 class=\"mb-4\">\u00bfC\u00f3mo se realiza la Puja de Athma Shanti?<\/h2>\n<p>La ceremonia se realiza seg\u00fan las antiguas tradiciones v\u00e9dicas y suele tener lugar cerca de una masa de agua sagrada o de un altar. Esto es lo que puedes esperar: <\/p>\n<ul>\n<li>Invocaci\u00f3n de las Energ\u00edas Divinas: El ritual comienza con el canto de mantras y oraciones para purificar el espacio e invocar las energ\u00edas divinas.<\/li>\n<li>Ofrendas sagradas: Se hacen ofrendas al alma difunta, que incluyen arroz, flores y objetos sagrados.<\/li>\n<li>Oraciones por la Paz: Se cantan oraciones y mantras especiales para bendecir el alma y guiarla hacia la liberaci\u00f3n.  <\/li>\n<li>Rituales del agua: La ceremonia puede incluir ofrendas a las aguas sagradas, que simbolizan la purificaci\u00f3n y la liberaci\u00f3n del alma.<\/li>\n<\/ul>\n<div class=\"dual-btn-cont mt-4\">\n<ul>\n<li><a href=\"https:\/\/mypalmleaf.com\/es\/precio\/athma-shanthi-puja-ritual-especial-para-ayudar-al-alma-de-alguien-que-ha-fallecido-a-descansar-en-paz\/\" class=\"btn btn-primary\">Reserva la Puya Athma Shanti para las almas de tus antepasados<\/a><\/li>\n<\/ul>\n<\/div>\n      <\/div>\n      <div class=\"col-lg-5 mb-4 mb-lg-0\">\n        <div class=\"rounded-asset\">\n          <img decoding=\"async\" src=\"https:\/\/staging.mypalmleaf.com\/wp-content\/uploads\/2024\/11\/atma-shant-thumb3-1.jpg\" class=\"img-fluid\" alt=\"\"\/>\n        <\/div>\n      <\/div>\n    <\/div>\n  <\/div>\n       \n  <\/section>\n<section class=\"accordion-container position-relative \" data-aos=\"fade-up\" data-aos-duration=\"1000\" id=\"general-questions\">\n  <div class=\"container-xl\">\n    <div class=\"row\">\n      <h3>Preguntas frecuentes<\/h3>\n      <div class=\"accr-wrap\">\n                  <div class=\"head\">\u00bfTengo que estar presente en la Puja de Athma Shanthi?<\/div>\n          <div class=\"content\">\n            <p>No, no es necesario estar f\u00edsicamente presente. Nuestros sacerdotes v\u00e9dicos realizar\u00e1n el ritual con la misma reverencia e intenci\u00f3n, y las bendiciones y la energ\u00eda llegar\u00e1n al alma independientemente de tu presencia. Sin embargo, puedes unirte a trav\u00e9s de Zoom si deseas presenciar la ceremonia.  <\/p>\n          <\/div>\n                  <div class=\"head\">\u00bfSe puede realizar la Puja por alguien que falleci\u00f3 hace mucho tiempo?<\/div>\n          <div class=\"content\">\n            <p>S\u00ed, la Puya Athma Shanthi puede realizarse para almas que partieron hace muchos a\u00f1os. El ritual es atemporal y puede aportar paz y liberaci\u00f3n a cualquier alma, independientemente de cu\u00e1ndo haya fallecido. <\/p>\n          <\/div>\n                  <div class=\"head\">\u00bfQu\u00e9 datos debo facilitar para la Puja?<\/div>\n          <div class=\"content\">\n            <p>Normalmente pedimos el nombre del alma fallecida y tu relaci\u00f3n con ella. Tambi\u00e9n puede ser \u00fatil cualquier detalle adicional, como las circunstancias de su fallecimiento. <\/p>\n          <\/div>\n                  <div class=\"head\">\u00bfSe puede realizar la Puja Athma Shanthi por varias almas a la vez?<\/div>\n          <div class=\"content\">\n            <p>S\u00ed, es posible realizar la Puja para m\u00e1s de un alma. Ind\u00edcanos los datos de cada alma y nuestros sacerdotes se encargar\u00e1n de personalizar el ritual en consecuencia. <\/p>\n          <\/div>\n                  <div class=\"head\">\u00bfQu\u00e9 debo hacer despu\u00e9s de la Puja?<\/div>\n          <div class=\"content\">\n            <p>La Puja suele durar entre 20 y 60 minutos, dependiendo de la complejidad y del n\u00famero de almas a las que se honre. La preparaci\u00f3n de la Ceremonia lleva muchas horas. <\/p>\n          <\/div>\n                  <div class=\"head\">\u00bfCu\u00e1nto dura la Puja de Athma Shanthi?<\/div>\n          <div class=\"content\">\n            <p>La Puja suele durar entre 20 y 60 minutos, dependiendo de la complejidad y del n\u00famero de almas a las que se honre. La preparaci\u00f3n de la Ceremonia lleva muchas horas. <\/p>\n          <\/div>\n                  <div class=\"head\">\u00bfPuedo realizar esta Puja en fechas significativas, como aniversarios o durante Pitru Paksha?<\/div>\n          <div class=\"content\">\n            <p>S\u00ed, realizar la Puya Athma Shanthi en fechas significativas como aniversarios de defunci\u00f3n o durante el periodo Pitru Paksha puede amplificar sus beneficios. Podemos ayudarte a programar la ceremonia en consecuencia. <\/p>\n          <\/div>\n                  <div class=\"head\">\u00bfEs la Puja de Athma Shanthi adecuada para todas las creencias y tradiciones?<\/div>\n          <div class=\"content\">\n            <p>S\u00ed, aunque tiene sus ra\u00edces en la tradici\u00f3n v\u00e9dica, la Puja es un ritual universal destinado a traer paz y bendiciones a los difuntos. Puede realizarla cualquier persona, independientemente de sus creencias espirituales o religiosas. <\/p>\n          <\/div>\n                  <div class=\"head\">\u00bfMe acompa\u00f1ar\u00e1 un moderador de Mypalmleaf?<\/div>\n          <div class=\"content\">\n            <p>S\u00ed, uno de nuestros moderadores estar\u00e1 presente en la Puja Athma Shanti. Ellos te guiar\u00e1n y te explicar\u00e1n todo si es necesario. <\/p>\n          <\/div>\n              <\/div>\n    <\/div>\n  <\/div>\n  \n<\/section>\n<\/div>","protected":false},"excerpt":{"rendered":"<p>\u00bfPor qu\u00e9 realizar la Puja de Athma Shanthi? La Puya Athma Shanthi es un ritual compasivo y poderoso que sirve tanto a los vivos como a los difuntos. He aqu\u00ed por qu\u00e9 es importante: Liberaci\u00f3n del Alma: Ayuda al alma difunta a alcanzar la paz y a liberarse del ciclo del renacimiento. Resoluci\u00f3n k\u00e1rmica: Libera [&hellip;]<\/p>\n","protected":false},"author":1,"featured_media":0,"parent":0,"menu_order":0,"comment_status":"closed","ping_status":"closed","template":"","meta":{"_acf_changed":false,"footnotes":""},"class_list":["post-45498","page","type-page","status-publish","hentry"],"acf":[],"yoast_head":"<!-- This site is optimized with the Yoast SEO plugin v26.4 - https:\/\/yoast.com\/wordpress\/plugins\/seo\/ -->\n<title>Puja de Athma Shanthi: Paz y Liberaci\u00f3n para Almas Difuntas<\/title>\n<meta name=\"description\" content=\"Realiza la Puja de Athma Shanthi para traer paz a las almas difuntas y resolver bloqueos k\u00e1rmicos. Un ritual v\u00e9dico que purifica y honra a tus seres queridos.\" \/>\n<meta name=\"robots\" content=\"index, follow, max-snippet:-1, max-image-preview:large, max-video-preview:-1\" \/>\n<link rel=\"canonical\" href=\"https:\/\/mypalmleaf.com\/athma-shanthi-puja\/\" \/>\n<meta property=\"og:locale\" content=\"es_ES\" \/>\n<meta property=\"og:type\" content=\"article\" \/>\n<meta property=\"og:title\" content=\"Puja de Athma Shanthi: Paz y Liberaci\u00f3n para Almas Difuntas\" \/>\n<meta property=\"og:description\" content=\"Realiza la Puja de Athma Shanthi para traer paz a las almas difuntas y resolver bloqueos k\u00e1rmicos. Un ritual v\u00e9dico que purifica y honra a tus seres queridos.\" \/>\n<meta property=\"og:url\" content=\"https:\/\/mypalmleaf.com\/athma-shanthi-puja\/\" \/>\n<meta property=\"og:site_name\" content=\"My Palm Leaf\" \/>\n<meta property=\"article:modified_time\" content=\"2025-02-20T06:18:44+00:00\" \/>\n<meta property=\"og:image\" content=\"https:\/\/staging.mypalmleaf.com\/wp-content\/uploads\/2024\/11\/atma-shant-thumb1.jpg\" \/>\n<meta name=\"twitter:card\" content=\"summary_large_image\" \/>\n<meta name=\"twitter:label1\" content=\"Tiempo de lectura\" \/>\n\t<meta name=\"twitter:data1\" content=\"2 minutos\" \/>\n<script type=\"application\/ld+json\" class=\"yoast-schema-graph\">{\"@context\":\"https:\/\/schema.org\",\"@graph\":[{\"@type\":\"WebPage\",\"@id\":\"https:\/\/mypalmleaf.com\/athma-shanthi-puja\/\",\"url\":\"https:\/\/mypalmleaf.com\/athma-shanthi-puja\/\",\"name\":\"Puja de Athma Shanthi: Paz y Liberaci\u00f3n para Almas Difuntas\",\"isPartOf\":{\"@id\":\"https:\/\/mypalmleaf.com\/#website\"},\"primaryImageOfPage\":{\"@id\":\"https:\/\/mypalmleaf.com\/athma-shanthi-puja\/#primaryimage\"},\"image\":{\"@id\":\"https:\/\/mypalmleaf.com\/athma-shanthi-puja\/#primaryimage\"},\"thumbnailUrl\":\"https:\/\/staging.mypalmleaf.com\/wp-content\/uploads\/2024\/11\/atma-shant-thumb1.jpg\",\"datePublished\":\"2024-11-10T07:16:42+00:00\",\"dateModified\":\"2025-02-20T06:18:44+00:00\",\"description\":\"Realiza la Puja de Athma Shanthi para traer paz a las almas difuntas y resolver bloqueos k\u00e1rmicos. Un ritual v\u00e9dico que purifica y honra a tus seres queridos.\",\"breadcrumb\":{\"@id\":\"https:\/\/mypalmleaf.com\/athma-shanthi-puja\/#breadcrumb\"},\"inLanguage\":\"es\",\"potentialAction\":[{\"@type\":\"ReadAction\",\"target\":[\"https:\/\/mypalmleaf.com\/athma-shanthi-puja\/\"]}]},{\"@type\":\"ImageObject\",\"inLanguage\":\"es\",\"@id\":\"https:\/\/mypalmleaf.com\/athma-shanthi-puja\/#primaryimage\",\"url\":\"https:\/\/staging.mypalmleaf.com\/wp-content\/uploads\/2024\/11\/atma-shant-thumb1.jpg\",\"contentUrl\":\"https:\/\/staging.mypalmleaf.com\/wp-content\/uploads\/2024\/11\/atma-shant-thumb1.jpg\"},{\"@type\":\"BreadcrumbList\",\"@id\":\"https:\/\/mypalmleaf.com\/athma-shanthi-puja\/#breadcrumb\",\"itemListElement\":[{\"@type\":\"ListItem\",\"position\":1,\"name\":\"Home\",\"item\":\"https:\/\/mypalmleaf.com\/es\/\"},{\"@type\":\"ListItem\",\"position\":2,\"name\":\"Puja de Athma Shanthi\"}]},{\"@type\":\"WebSite\",\"@id\":\"https:\/\/mypalmleaf.com\/#website\",\"url\":\"https:\/\/mypalmleaf.com\/\",\"name\":\"My Palm Leaf\",\"description\":\"\",\"potentialAction\":[{\"@type\":\"SearchAction\",\"target\":{\"@type\":\"EntryPoint\",\"urlTemplate\":\"https:\/\/mypalmleaf.com\/?s={search_term_string}\"},\"query-input\":{\"@type\":\"PropertyValueSpecification\",\"valueRequired\":true,\"valueName\":\"search_term_string\"}}],\"inLanguage\":\"es\"}]}<\/script>\n<!-- \/ Yoast SEO plugin. -->","yoast_head_json":{"title":"Puja de Athma Shanthi: Paz y Liberaci\u00f3n para Almas Difuntas","description":"Realiza la Puja de Athma Shanthi para traer paz a las almas difuntas y resolver bloqueos k\u00e1rmicos. Un ritual v\u00e9dico que purifica y honra a tus seres queridos.","robots":{"index":"index","follow":"follow","max-snippet":"max-snippet:-1","max-image-preview":"max-image-preview:large","max-video-preview":"max-video-preview:-1"},"canonical":"https:\/\/mypalmleaf.com\/athma-shanthi-puja\/","og_locale":"es_ES","og_type":"article","og_title":"Puja de Athma Shanthi: Paz y Liberaci\u00f3n para Almas Difuntas","og_description":"Realiza la Puja de Athma Shanthi para traer paz a las almas difuntas y resolver bloqueos k\u00e1rmicos. Un ritual v\u00e9dico que purifica y honra a tus seres queridos.","og_url":"https:\/\/mypalmleaf.com\/athma-shanthi-puja\/","og_site_name":"My Palm Leaf","article_modified_time":"2025-02-20T06:18:44+00:00","og_image":[{"url":"https:\/\/staging.mypalmleaf.com\/wp-content\/uploads\/2024\/11\/atma-shant-thumb1.jpg","type":"","width":"","height":""}],"twitter_card":"summary_large_image","twitter_misc":{"Tiempo de lectura":"2 minutos"},"schema":{"@context":"https:\/\/schema.org","@graph":[{"@type":"WebPage","@id":"https:\/\/mypalmleaf.com\/athma-shanthi-puja\/","url":"https:\/\/mypalmleaf.com\/athma-shanthi-puja\/","name":"Puja de Athma Shanthi: Paz y Liberaci\u00f3n para Almas Difuntas","isPartOf":{"@id":"https:\/\/mypalmleaf.com\/#website"},"primaryImageOfPage":{"@id":"https:\/\/mypalmleaf.com\/athma-shanthi-puja\/#primaryimage"},"image":{"@id":"https:\/\/mypalmleaf.com\/athma-shanthi-puja\/#primaryimage"},"thumbnailUrl":"https:\/\/staging.mypalmleaf.com\/wp-content\/uploads\/2024\/11\/atma-shant-thumb1.jpg","datePublished":"2024-11-10T07:16:42+00:00","dateModified":"2025-02-20T06:18:44+00:00","description":"Realiza la Puja de Athma Shanthi para traer paz a las almas difuntas y resolver bloqueos k\u00e1rmicos. Un ritual v\u00e9dico que purifica y honra a tus seres queridos.","breadcrumb":{"@id":"https:\/\/mypalmleaf.com\/athma-shanthi-puja\/#breadcrumb"},"inLanguage":"es","potentialAction":[{"@type":"ReadAction","target":["https:\/\/mypalmleaf.com\/athma-shanthi-puja\/"]}]},{"@type":"ImageObject","inLanguage":"es","@id":"https:\/\/mypalmleaf.com\/athma-shanthi-puja\/#primaryimage","url":"https:\/\/staging.mypalmleaf.com\/wp-content\/uploads\/2024\/11\/atma-shant-thumb1.jpg","contentUrl":"https:\/\/staging.mypalmleaf.com\/wp-content\/uploads\/2024\/11\/atma-shant-thumb1.jpg"},{"@type":"BreadcrumbList","@id":"https:\/\/mypalmleaf.com\/athma-shanthi-puja\/#breadcrumb","itemListElement":[{"@type":"ListItem","position":1,"name":"Home","item":"https:\/\/mypalmleaf.com\/es\/"},{"@type":"ListItem","position":2,"name":"Puja de Athma Shanthi"}]},{"@type":"WebSite","@id":"https:\/\/mypalmleaf.com\/#website","url":"https:\/\/mypalmleaf.com\/","name":"My Palm Leaf","description":"","potentialAction":[{"@type":"SearchAction","target":{"@type":"EntryPoint","urlTemplate":"https:\/\/mypalmleaf.com\/?s={search_term_string}"},"query-input":{"@type":"PropertyValueSpecification","valueRequired":true,"valueName":"search_term_string"}}],"inLanguage":"es"}]}},"_links":{"self":[{"href":"https:\/\/mypalmleaf.com\/es\/wp-json\/wp\/v2\/pages\/45498","targetHints":{"allow":["GET"]}}],"collection":[{"href":"https:\/\/mypalmleaf.com\/es\/wp-json\/wp\/v2\/pages"}],"about":[{"href":"https:\/\/mypalmleaf.com\/es\/wp-json\/wp\/v2\/types\/page"}],"author":[{"embeddable":true,"href":"https:\/\/mypalmleaf.com\/es\/wp-json\/wp\/v2\/users\/1"}],"replies":[{"embeddable":true,"href":"https:\/\/mypalmleaf.com\/es\/wp-json\/wp\/v2\/comments?post=45498"}],"version-history":[{"count":0,"href":"https:\/\/mypalmleaf.com\/es\/wp-json\/wp\/v2\/pages\/45498\/revisions"}],"wp:attachment":[{"href":"https:\/\/mypalmleaf.com\/es\/wp-json\/wp\/v2\/media?parent=45498"}],"curies":[{"name":"wp","href":"https:\/\/api.w.org\/{rel}","templated":true}]}}