
{"id":22837,"date":"2024-09-04T10:59:56","date_gmt":"2024-09-04T10:59:56","guid":{"rendered":"https:\/\/mypalmleaf.com\/prices\/encontrar-hoja-lectura-del-capitulo-general\/"},"modified":"2025-07-31T04:00:24","modified_gmt":"2025-07-31T04:00:24","slug":"encontrar-hoja-lectura-del-capitulo-general","status":"publish","type":"product","link":"https:\/\/mypalmleaf.com\/es\/precio\/encontrar-hoja-lectura-del-capitulo-general\/","title":{"rendered":"Encuentra tu Hoja + Lectura del cap\u00edtulo general"},"content":{"rendered":"<div class=\"description\">\n<p><strong>El servicio incluye<\/strong><\/p>\n<ul>\n<li>Localizaci\u00f3n de paquetes que podr\u00edan contener su Hoja de Palma en India<\/li>\n<li>Realizar el proceso de cotejo online para identificar tu Hoja de Palma<\/li>\n<li>Lectura del Cap\u00edtulo General<\/li>\n<li>Lectura del cap\u00edtulo 14 (remedios energ\u00e9ticos)<\/li>\n<li>Grabaci\u00f3n del v\u00eddeo de tu lectura<\/li>\n<li>Foto de su Hoja de Palma.<\/li>\n<li>Garant\u00eda de devoluci\u00f3n del dinero si no se puede encontrar tu hoja.<\/li>\n<\/ul>\n<\/div>\n","protected":false},"excerpt":{"rendered":"<p><strong>El servicio incluye<\/strong><\/p>\n<ul>\n<li>Localizaci\u00f3n de paquetes que podr\u00edan contener su Hoja de Palma en India<\/li>\n<li>Realizar el proceso de cotejo online para identificar su Hoja de Palma&#8230;<\/li>\n<\/ul>\n","protected":false},"featured_media":10082,"comment_status":"open","ping_status":"closed","template":"","meta":{"_acf_changed":false},"product_brand":[],"product_cat":[215],"product_tag":[],"class_list":{"0":"post-22837","1":"product","2":"type-product","3":"status-publish","4":"has-post-thumbnail","6":"product_cat-uncategorized-es","8":"first","9":"instock","10":"virtual","11":"taxable","12":"purchasable","13":"product-type-simple"},"exclude_global_add_ons":false,"addons":[{"name":"Traducciones","type":"checkbox","position":0,"required":false,"title_format":"label","description_enable":true,"description":"translation","placeholder_enable":false,"placeholder":"","display":"select","restrictions_type":"any_text","adjust_price":false,"price":"","price_type":"flat_fee","restrictions":false,"min":0,"max":0,"options":[{"label":"Inglesa","price":"0","price_type":"flat_fee","image":0},{"label":"Alemana","price":"38","price_type":"flat_fee","image":0},{"label":"Rusa","price":"38","price_type":"flat_fee","image":0},{"label":"Japonesa","price":"38","price_type":"flat_fee","image":0},{"label":"Italiana","price":"38","price_type":"flat_fee","image":0},{"label":"Francesa","price":"38","price_type":"flat_fee","image":0},{"label":"Espa\u00f1ola","price":"38","price_type":"flat_fee","image":0},{"label":"Holandesa","price":"38","price_type":"flat_fee","image":0},{"label":"Otras","price":"38","price_type":"flat_fee","image":0}],"id":1725237117},{"name":"Transcripci\u00f3n","type":"checkbox","position":1,"required":false,"title_format":"label","description_enable":true,"description":"transcription","placeholder_enable":false,"placeholder":"","display":"select","restrictions_type":"any_text","adjust_price":false,"price":"","price_type":"flat_fee","restrictions":false,"min":0,"max":0,"options":[{"label":"Inglesa","price":"59","price_type":"flat_fee","image":0},{"label":"Alemana","price":"99","price_type":"flat_fee","image":0},{"label":"Rusa","price":"99","price_type":"flat_fee","image":0},{"label":"Japonesa","price":"99","price_type":"flat_fee","image":0},{"label":"Italiana","price":"99","price_type":"flat_fee","image":0},{"label":"Francesa","price":"99","price_type":"flat_fee","image":0},{"label":"Espa\u00f1ola","price":"99","price_type":"flat_fee","image":0},{"label":"Holandesa","price":"99","price_type":"flat_fee","image":0},{"label":"Otras","price":"99","price_type":"flat_fee","image":0},{"label":"No es necesario, tal vez m\u00e1s adelante","price":"","price_type":"flat_fee","image":0}],"id":1725237118}],"acf":[],"yoast_head":"<!-- This site is optimized with the Yoast SEO plugin v26.4 - https:\/\/yoast.com\/wordpress\/plugins\/seo\/ -->\n<title>Encuentra tu Hoja y Lectura del Cap\u00edtulo General<\/title>\n<meta name=\"description\" content=\"Localiza tu Hoja de Palma y recibe una lectura completa del cap\u00edtulo general y remedios energ\u00e9ticos. Incluye foto, video y garant\u00eda de devoluci\u00f3n del dinero.\" \/>\n<meta name=\"robots\" content=\"index, follow, max-snippet:-1, max-image-preview:large, max-video-preview:-1\" \/>\n<link rel=\"canonical\" href=\"https:\/\/mypalmleaf.com\/es\/precio\/encontrar-hoja-lectura-del-capitulo-general\/\" \/>\n<meta property=\"og:locale\" content=\"es_ES\" \/>\n<meta property=\"og:type\" content=\"article\" \/>\n<meta property=\"og:title\" content=\"Encuentra tu Hoja y Lectura del Cap\u00edtulo General\" \/>\n<meta property=\"og:description\" content=\"Localiza tu Hoja de Palma y recibe una lectura completa del cap\u00edtulo general y remedios energ\u00e9ticos. Incluye foto, video y garant\u00eda de devoluci\u00f3n del dinero.\" \/>\n<meta property=\"og:url\" content=\"https:\/\/mypalmleaf.com\/es\/precio\/encontrar-hoja-lectura-del-capitulo-general\/\" \/>\n<meta property=\"og:site_name\" content=\"My Palm Leaf\" \/>\n<meta property=\"article:modified_time\" content=\"2025-07-31T04:00:24+00:00\" \/>\n<meta property=\"og:image\" content=\"https:\/\/mypalmleaf.com\/wp-content\/uploads\/2024\/09\/services-thumb-1-1.jpg\" \/>\n\t<meta property=\"og:image:width\" content=\"800\" \/>\n\t<meta property=\"og:image:height\" content=\"444\" \/>\n\t<meta property=\"og:image:type\" content=\"image\/jpeg\" \/>\n<meta name=\"twitter:card\" content=\"summary_large_image\" \/>\n<meta name=\"twitter:label1\" content=\"Tiempo de lectura\" \/>\n\t<meta name=\"twitter:data1\" content=\"1 minuto\" \/>\n<script type=\"application\/ld+json\" class=\"yoast-schema-graph\">{\"@context\":\"https:\/\/schema.org\",\"@graph\":[{\"@type\":\"WebPage\",\"@id\":\"https:\/\/mypalmleaf.com\/es\/precio\/encontrar-hoja-lectura-del-capitulo-general\/\",\"url\":\"https:\/\/mypalmleaf.com\/es\/precio\/encontrar-hoja-lectura-del-capitulo-general\/\",\"name\":\"Encuentra tu Hoja y Lectura del Cap\u00edtulo General\",\"isPartOf\":{\"@id\":\"https:\/\/mypalmleaf.com\/#website\"},\"primaryImageOfPage\":{\"@id\":\"https:\/\/mypalmleaf.com\/es\/precio\/encontrar-hoja-lectura-del-capitulo-general\/#primaryimage\"},\"image\":{\"@id\":\"https:\/\/mypalmleaf.com\/es\/precio\/encontrar-hoja-lectura-del-capitulo-general\/#primaryimage\"},\"thumbnailUrl\":\"https:\/\/mypalmleaf.com\/wp-content\/uploads\/2024\/09\/services-thumb-1-1.jpg\",\"datePublished\":\"2024-09-04T10:59:56+00:00\",\"dateModified\":\"2025-07-31T04:00:24+00:00\",\"description\":\"Localiza tu Hoja de Palma y recibe una lectura completa del cap\u00edtulo general y remedios energ\u00e9ticos. Incluye foto, video y garant\u00eda de devoluci\u00f3n del dinero.\",\"breadcrumb\":{\"@id\":\"https:\/\/mypalmleaf.com\/es\/precio\/encontrar-hoja-lectura-del-capitulo-general\/#breadcrumb\"},\"inLanguage\":\"es\",\"potentialAction\":[{\"@type\":\"ReadAction\",\"target\":[\"https:\/\/mypalmleaf.com\/es\/precio\/encontrar-hoja-lectura-del-capitulo-general\/\"]}]},{\"@type\":\"ImageObject\",\"inLanguage\":\"es\",\"@id\":\"https:\/\/mypalmleaf.com\/es\/precio\/encontrar-hoja-lectura-del-capitulo-general\/#primaryimage\",\"url\":\"https:\/\/mypalmleaf.com\/wp-content\/uploads\/2024\/09\/services-thumb-1-1.jpg\",\"contentUrl\":\"https:\/\/mypalmleaf.com\/wp-content\/uploads\/2024\/09\/services-thumb-1-1.jpg\",\"width\":800,\"height\":444,\"caption\":\"Nadi astrology-02\"},{\"@type\":\"BreadcrumbList\",\"@id\":\"https:\/\/mypalmleaf.com\/es\/precio\/encontrar-hoja-lectura-del-capitulo-general\/#breadcrumb\",\"itemListElement\":[{\"@type\":\"ListItem\",\"position\":1,\"name\":\"Home\",\"item\":\"https:\/\/mypalmleaf.com\/es\/\"},{\"@type\":\"ListItem\",\"position\":2,\"name\":\"Shop\",\"item\":\"https:\/\/mypalmleaf.com\/et\/shop\/\"},{\"@type\":\"ListItem\",\"position\":3,\"name\":\"Encuentra tu Hoja + Lectura del cap\u00edtulo general\"}]},{\"@type\":\"WebSite\",\"@id\":\"https:\/\/mypalmleaf.com\/#website\",\"url\":\"https:\/\/mypalmleaf.com\/\",\"name\":\"My Palm Leaf\",\"description\":\"\",\"potentialAction\":[{\"@type\":\"SearchAction\",\"target\":{\"@type\":\"EntryPoint\",\"urlTemplate\":\"https:\/\/mypalmleaf.com\/?s={search_term_string}\"},\"query-input\":{\"@type\":\"PropertyValueSpecification\",\"valueRequired\":true,\"valueName\":\"search_term_string\"}}],\"inLanguage\":\"es\"}]}<\/script>\n<!-- \/ Yoast SEO plugin. -->","yoast_head_json":{"title":"Encuentra tu Hoja y Lectura del Cap\u00edtulo General","description":"Localiza tu Hoja de Palma y recibe una lectura completa del cap\u00edtulo general y remedios energ\u00e9ticos. Incluye foto, video y garant\u00eda de devoluci\u00f3n del dinero.","robots":{"index":"index","follow":"follow","max-snippet":"max-snippet:-1","max-image-preview":"max-image-preview:large","max-video-preview":"max-video-preview:-1"},"canonical":"https:\/\/mypalmleaf.com\/es\/precio\/encontrar-hoja-lectura-del-capitulo-general\/","og_locale":"es_ES","og_type":"article","og_title":"Encuentra tu Hoja y Lectura del Cap\u00edtulo General","og_description":"Localiza tu Hoja de Palma y recibe una lectura completa del cap\u00edtulo general y remedios energ\u00e9ticos. Incluye foto, video y garant\u00eda de devoluci\u00f3n del dinero.","og_url":"https:\/\/mypalmleaf.com\/es\/precio\/encontrar-hoja-lectura-del-capitulo-general\/","og_site_name":"My Palm Leaf","article_modified_time":"2025-07-31T04:00:24+00:00","og_image":[{"width":800,"height":444,"url":"https:\/\/mypalmleaf.com\/wp-content\/uploads\/2024\/09\/services-thumb-1-1.jpg","type":"image\/jpeg"}],"twitter_card":"summary_large_image","twitter_misc":{"Tiempo de lectura":"1 minuto"},"schema":{"@context":"https:\/\/schema.org","@graph":[{"@type":"WebPage","@id":"https:\/\/mypalmleaf.com\/es\/precio\/encontrar-hoja-lectura-del-capitulo-general\/","url":"https:\/\/mypalmleaf.com\/es\/precio\/encontrar-hoja-lectura-del-capitulo-general\/","name":"Encuentra tu Hoja y Lectura del Cap\u00edtulo General","isPartOf":{"@id":"https:\/\/mypalmleaf.com\/#website"},"primaryImageOfPage":{"@id":"https:\/\/mypalmleaf.com\/es\/precio\/encontrar-hoja-lectura-del-capitulo-general\/#primaryimage"},"image":{"@id":"https:\/\/mypalmleaf.com\/es\/precio\/encontrar-hoja-lectura-del-capitulo-general\/#primaryimage"},"thumbnailUrl":"https:\/\/mypalmleaf.com\/wp-content\/uploads\/2024\/09\/services-thumb-1-1.jpg","datePublished":"2024-09-04T10:59:56+00:00","dateModified":"2025-07-31T04:00:24+00:00","description":"Localiza tu Hoja de Palma y recibe una lectura completa del cap\u00edtulo general y remedios energ\u00e9ticos. Incluye foto, video y garant\u00eda de devoluci\u00f3n del dinero.","breadcrumb":{"@id":"https:\/\/mypalmleaf.com\/es\/precio\/encontrar-hoja-lectura-del-capitulo-general\/#breadcrumb"},"inLanguage":"es","potentialAction":[{"@type":"ReadAction","target":["https:\/\/mypalmleaf.com\/es\/precio\/encontrar-hoja-lectura-del-capitulo-general\/"]}]},{"@type":"ImageObject","inLanguage":"es","@id":"https:\/\/mypalmleaf.com\/es\/precio\/encontrar-hoja-lectura-del-capitulo-general\/#primaryimage","url":"https:\/\/mypalmleaf.com\/wp-content\/uploads\/2024\/09\/services-thumb-1-1.jpg","contentUrl":"https:\/\/mypalmleaf.com\/wp-content\/uploads\/2024\/09\/services-thumb-1-1.jpg","width":800,"height":444,"caption":"Nadi astrology-02"},{"@type":"BreadcrumbList","@id":"https:\/\/mypalmleaf.com\/es\/precio\/encontrar-hoja-lectura-del-capitulo-general\/#breadcrumb","itemListElement":[{"@type":"ListItem","position":1,"name":"Home","item":"https:\/\/mypalmleaf.com\/es\/"},{"@type":"ListItem","position":2,"name":"Shop","item":"https:\/\/mypalmleaf.com\/et\/shop\/"},{"@type":"ListItem","position":3,"name":"Encuentra tu Hoja + Lectura del cap\u00edtulo general"}]},{"@type":"WebSite","@id":"https:\/\/mypalmleaf.com\/#website","url":"https:\/\/mypalmleaf.com\/","name":"My Palm Leaf","description":"","potentialAction":[{"@type":"SearchAction","target":{"@type":"EntryPoint","urlTemplate":"https:\/\/mypalmleaf.com\/?s={search_term_string}"},"query-input":{"@type":"PropertyValueSpecification","valueRequired":true,"valueName":"search_term_string"}}],"inLanguage":"es"}]}},"_links":{"self":[{"href":"https:\/\/mypalmleaf.com\/es\/wp-json\/wp\/v2\/product\/22837","targetHints":{"allow":["GET"]}}],"collection":[{"href":"https:\/\/mypalmleaf.com\/es\/wp-json\/wp\/v2\/product"}],"about":[{"href":"https:\/\/mypalmleaf.com\/es\/wp-json\/wp\/v2\/types\/product"}],"replies":[{"embeddable":true,"href":"https:\/\/mypalmleaf.com\/es\/wp-json\/wp\/v2\/comments?post=22837"}],"wp:featuredmedia":[{"embeddable":true,"href":"https:\/\/mypalmleaf.com\/es\/wp-json\/wp\/v2\/media\/10082"}],"wp:attachment":[{"href":"https:\/\/mypalmleaf.com\/es\/wp-json\/wp\/v2\/media?parent=22837"}],"wp:term":[{"taxonomy":"product_brand","embeddable":true,"href":"https:\/\/mypalmleaf.com\/es\/wp-json\/wp\/v2\/product_brand?post=22837"},{"taxonomy":"product_cat","embeddable":true,"href":"https:\/\/mypalmleaf.com\/es\/wp-json\/wp\/v2\/product_cat?post=22837"},{"taxonomy":"product_tag","embeddable":true,"href":"https:\/\/mypalmleaf.com\/es\/wp-json\/wp\/v2\/product_tag?post=22837"}],"curies":[{"name":"wp","href":"https:\/\/api.w.org\/{rel}","templated":true}]}}