{"id":22839,"date":"2024-09-04T10:57:16","date_gmt":"2024-09-04T10:57:16","guid":{"rendered":"https:\/\/mypalmleaf.com\/prices\/mantra-yantra-puja\/"},"modified":"2025-03-31T04:17:53","modified_gmt":"2025-03-31T04:17:53","slug":"mantra-yantra-puja","status":"publish","type":"product","link":"https:\/\/mypalmleaf.com\/es\/precio\/mantra-yantra-puja\/","title":{"rendered":"Ceremonia Mantra Yantra Puja"},"content":{"rendered":"<div class=\"flex-shrink-0 flex flex-col relative items-end\">\n<div>\n<div class=\"pt-0\">\n<div class=\"gizmo-bot-avatar flex h-8 w-8 items-center justify-center overflow-hidden rounded-full\">\n<div class=\"relative p-1 rounded-sm flex items-center justify-center bg-token-main-surface-primary text-token-text-primary h-8 w-8\">Seg\u00fan la recomendaci\u00f3n dada por los Rishis en tu lectura de la Hoja de Palma, un sacerdote realizar\u00e1 una ceremonia muy espec\u00edfica para ti en un templo de la India.<\/div>\n<\/div>\n<\/div>\n<\/div>\n<\/div>\n<p>Realizar\u00e1 el ritual dos veces al d\u00eda, con oraciones y mantras espec\u00edficos para invocar estas energ\u00edas y bendiciones en tu vida.<\/p>\n<p>Durante el ritual, se cargar\u00e1 un Yantra de cobre (diagrama geom\u00e9trico sagrado) con la energ\u00eda del ritual y se lo enviar\u00e1 una vez finalizado.<\/p>\n","protected":false},"excerpt":{"rendered":"<p>Seg\u00fan la recomendaci\u00f3n que le dieron los Rishis, en su lectura de la hoja de palma, un sacerdote realizar\u00e1 una ceremonia muy espec\u00edfica para usted en un templo en India&#8230;<\/p>\n","protected":false},"featured_media":3187,"comment_status":"open","ping_status":"closed","template":"","meta":{"_acf_changed":false},"product_brand":[],"product_cat":[215],"product_tag":[],"class_list":{"0":"post-22839","1":"product","2":"type-product","3":"status-publish","4":"has-post-thumbnail","6":"product_cat-uncategorized-es","8":"first","9":"instock","10":"purchasable","11":"product-type-variable"},"exclude_global_add_ons":[],"addons":[],"acf":[],"yoast_head":"<!-- This site is optimized with the Yoast SEO plugin v26.4 - https:\/\/yoast.com\/wordpress\/plugins\/seo\/ -->\n<title>Mantra, Yantra y Puja | My Palm Leaf<\/title>\n<meta name=\"description\" content=\"Explora servicios de Mantra, Yantra y Puja, dise\u00f1ados para ofrecerte una experiencia espiritual profunda con un enfoque ecol\u00f3gico y sostenible.\" \/>\n<meta name=\"robots\" content=\"index, follow, max-snippet:-1, max-image-preview:large, max-video-preview:-1\" \/>\n<link rel=\"canonical\" href=\"https:\/\/mypalmleaf.com\/es\/precio\/mantra-yantra-puja\/\" \/>\n<meta property=\"og:locale\" content=\"es_ES\" \/>\n<meta property=\"og:type\" content=\"article\" \/>\n<meta property=\"og:title\" content=\"Mantra, Yantra y Puja | My Palm Leaf\" \/>\n<meta property=\"og:description\" content=\"Explora servicios de Mantra, Yantra y Puja, dise\u00f1ados para ofrecerte una experiencia espiritual profunda con un enfoque ecol\u00f3gico y sostenible.\" \/>\n<meta property=\"og:url\" content=\"https:\/\/mypalmleaf.com\/es\/precio\/mantra-yantra-puja\/\" \/>\n<meta property=\"og:site_name\" content=\"My Palm Leaf\" \/>\n<meta property=\"article:modified_time\" content=\"2025-03-31T04:17:53+00:00\" \/>\n<meta property=\"og:image\" content=\"https:\/\/mypalmleaf.com\/wp-content\/uploads\/2024\/09\/mantra-product-page-1-1.jpg\" \/>\n\t<meta property=\"og:image:width\" content=\"800\" \/>\n\t<meta property=\"og:image:height\" content=\"444\" \/>\n\t<meta property=\"og:image:type\" content=\"image\/jpeg\" \/>\n<meta name=\"twitter:card\" content=\"summary_large_image\" \/>\n<meta name=\"twitter:label1\" content=\"Tiempo de lectura\" \/>\n\t<meta name=\"twitter:data1\" content=\"1 minuto\" \/>\n<script type=\"application\/ld+json\" class=\"yoast-schema-graph\">{\"@context\":\"https:\/\/schema.org\",\"@graph\":[{\"@type\":\"WebPage\",\"@id\":\"https:\/\/mypalmleaf.com\/es\/precio\/mantra-yantra-puja\/\",\"url\":\"https:\/\/mypalmleaf.com\/es\/precio\/mantra-yantra-puja\/\",\"name\":\"Mantra, Yantra y Puja | My Palm Leaf\",\"isPartOf\":{\"@id\":\"https:\/\/mypalmleaf.com\/#website\"},\"primaryImageOfPage\":{\"@id\":\"https:\/\/mypalmleaf.com\/es\/precio\/mantra-yantra-puja\/#primaryimage\"},\"image\":{\"@id\":\"https:\/\/mypalmleaf.com\/es\/precio\/mantra-yantra-puja\/#primaryimage\"},\"thumbnailUrl\":\"https:\/\/mypalmleaf.com\/wp-content\/uploads\/2024\/09\/mantra-product-page-1-1.jpg\",\"datePublished\":\"2024-09-04T10:57:16+00:00\",\"dateModified\":\"2025-03-31T04:17:53+00:00\",\"description\":\"Explora servicios de Mantra, Yantra y Puja, dise\u00f1ados para ofrecerte una experiencia espiritual profunda con un enfoque ecol\u00f3gico y sostenible.\",\"breadcrumb\":{\"@id\":\"https:\/\/mypalmleaf.com\/es\/precio\/mantra-yantra-puja\/#breadcrumb\"},\"inLanguage\":\"es\",\"potentialAction\":[{\"@type\":\"ReadAction\",\"target\":[\"https:\/\/mypalmleaf.com\/es\/precio\/mantra-yantra-puja\/\"]}]},{\"@type\":\"ImageObject\",\"inLanguage\":\"es\",\"@id\":\"https:\/\/mypalmleaf.com\/es\/precio\/mantra-yantra-puja\/#primaryimage\",\"url\":\"https:\/\/mypalmleaf.com\/wp-content\/uploads\/2024\/09\/mantra-product-page-1-1.jpg\",\"contentUrl\":\"https:\/\/mypalmleaf.com\/wp-content\/uploads\/2024\/09\/mantra-product-page-1-1.jpg\",\"width\":800,\"height\":444,\"caption\":\"Homa procedure-2\"},{\"@type\":\"BreadcrumbList\",\"@id\":\"https:\/\/mypalmleaf.com\/es\/precio\/mantra-yantra-puja\/#breadcrumb\",\"itemListElement\":[{\"@type\":\"ListItem\",\"position\":1,\"name\":\"Home\",\"item\":\"https:\/\/mypalmleaf.com\/es\/\"},{\"@type\":\"ListItem\",\"position\":2,\"name\":\"Shop\",\"item\":\"https:\/\/mypalmleaf.com\/et\/shop\/\"},{\"@type\":\"ListItem\",\"position\":3,\"name\":\"Ceremonia Mantra Yantra Puja\"}]},{\"@type\":\"WebSite\",\"@id\":\"https:\/\/mypalmleaf.com\/#website\",\"url\":\"https:\/\/mypalmleaf.com\/\",\"name\":\"My Palm Leaf\",\"description\":\"\",\"potentialAction\":[{\"@type\":\"SearchAction\",\"target\":{\"@type\":\"EntryPoint\",\"urlTemplate\":\"https:\/\/mypalmleaf.com\/?s={search_term_string}\"},\"query-input\":{\"@type\":\"PropertyValueSpecification\",\"valueRequired\":true,\"valueName\":\"search_term_string\"}}],\"inLanguage\":\"es\"}]}<\/script>\n<!-- \/ Yoast SEO plugin. -->","yoast_head_json":{"title":"Mantra, Yantra y Puja | My Palm Leaf","description":"Explora servicios de Mantra, Yantra y Puja, dise\u00f1ados para ofrecerte una experiencia espiritual profunda con un enfoque ecol\u00f3gico y sostenible.","robots":{"index":"index","follow":"follow","max-snippet":"max-snippet:-1","max-image-preview":"max-image-preview:large","max-video-preview":"max-video-preview:-1"},"canonical":"https:\/\/mypalmleaf.com\/es\/precio\/mantra-yantra-puja\/","og_locale":"es_ES","og_type":"article","og_title":"Mantra, Yantra y Puja | My Palm Leaf","og_description":"Explora servicios de Mantra, Yantra y Puja, dise\u00f1ados para ofrecerte una experiencia espiritual profunda con un enfoque ecol\u00f3gico y sostenible.","og_url":"https:\/\/mypalmleaf.com\/es\/precio\/mantra-yantra-puja\/","og_site_name":"My Palm Leaf","article_modified_time":"2025-03-31T04:17:53+00:00","og_image":[{"width":800,"height":444,"url":"https:\/\/mypalmleaf.com\/wp-content\/uploads\/2024\/09\/mantra-product-page-1-1.jpg","type":"image\/jpeg"}],"twitter_card":"summary_large_image","twitter_misc":{"Tiempo de lectura":"1 minuto"},"schema":{"@context":"https:\/\/schema.org","@graph":[{"@type":"WebPage","@id":"https:\/\/mypalmleaf.com\/es\/precio\/mantra-yantra-puja\/","url":"https:\/\/mypalmleaf.com\/es\/precio\/mantra-yantra-puja\/","name":"Mantra, Yantra y Puja | My Palm Leaf","isPartOf":{"@id":"https:\/\/mypalmleaf.com\/#website"},"primaryImageOfPage":{"@id":"https:\/\/mypalmleaf.com\/es\/precio\/mantra-yantra-puja\/#primaryimage"},"image":{"@id":"https:\/\/mypalmleaf.com\/es\/precio\/mantra-yantra-puja\/#primaryimage"},"thumbnailUrl":"https:\/\/mypalmleaf.com\/wp-content\/uploads\/2024\/09\/mantra-product-page-1-1.jpg","datePublished":"2024-09-04T10:57:16+00:00","dateModified":"2025-03-31T04:17:53+00:00","description":"Explora servicios de Mantra, Yantra y Puja, dise\u00f1ados para ofrecerte una experiencia espiritual profunda con un enfoque ecol\u00f3gico y sostenible.","breadcrumb":{"@id":"https:\/\/mypalmleaf.com\/es\/precio\/mantra-yantra-puja\/#breadcrumb"},"inLanguage":"es","potentialAction":[{"@type":"ReadAction","target":["https:\/\/mypalmleaf.com\/es\/precio\/mantra-yantra-puja\/"]}]},{"@type":"ImageObject","inLanguage":"es","@id":"https:\/\/mypalmleaf.com\/es\/precio\/mantra-yantra-puja\/#primaryimage","url":"https:\/\/mypalmleaf.com\/wp-content\/uploads\/2024\/09\/mantra-product-page-1-1.jpg","contentUrl":"https:\/\/mypalmleaf.com\/wp-content\/uploads\/2024\/09\/mantra-product-page-1-1.jpg","width":800,"height":444,"caption":"Homa procedure-2"},{"@type":"BreadcrumbList","@id":"https:\/\/mypalmleaf.com\/es\/precio\/mantra-yantra-puja\/#breadcrumb","itemListElement":[{"@type":"ListItem","position":1,"name":"Home","item":"https:\/\/mypalmleaf.com\/es\/"},{"@type":"ListItem","position":2,"name":"Shop","item":"https:\/\/mypalmleaf.com\/et\/shop\/"},{"@type":"ListItem","position":3,"name":"Ceremonia Mantra Yantra Puja"}]},{"@type":"WebSite","@id":"https:\/\/mypalmleaf.com\/#website","url":"https:\/\/mypalmleaf.com\/","name":"My Palm Leaf","description":"","potentialAction":[{"@type":"SearchAction","target":{"@type":"EntryPoint","urlTemplate":"https:\/\/mypalmleaf.com\/?s={search_term_string}"},"query-input":{"@type":"PropertyValueSpecification","valueRequired":true,"valueName":"search_term_string"}}],"inLanguage":"es"}]}},"_links":{"self":[{"href":"https:\/\/mypalmleaf.com\/es\/wp-json\/wp\/v2\/product\/22839","targetHints":{"allow":["GET"]}}],"collection":[{"href":"https:\/\/mypalmleaf.com\/es\/wp-json\/wp\/v2\/product"}],"about":[{"href":"https:\/\/mypalmleaf.com\/es\/wp-json\/wp\/v2\/types\/product"}],"replies":[{"embeddable":true,"href":"https:\/\/mypalmleaf.com\/es\/wp-json\/wp\/v2\/comments?post=22839"}],"wp:featuredmedia":[{"embeddable":true,"href":"https:\/\/mypalmleaf.com\/es\/wp-json\/wp\/v2\/media\/3187"}],"wp:attachment":[{"href":"https:\/\/mypalmleaf.com\/es\/wp-json\/wp\/v2\/media?parent=22839"}],"wp:term":[{"taxonomy":"product_brand","embeddable":true,"href":"https:\/\/mypalmleaf.com\/es\/wp-json\/wp\/v2\/product_brand?post=22839"},{"taxonomy":"product_cat","embeddable":true,"href":"https:\/\/mypalmleaf.com\/es\/wp-json\/wp\/v2\/product_cat?post=22839"},{"taxonomy":"product_tag","embeddable":true,"href":"https:\/\/mypalmleaf.com\/es\/wp-json\/wp\/v2\/product_tag?post=22839"}],"curies":[{"name":"wp","href":"https:\/\/api.w.org\/{rel}","templated":true}]}}