
{"id":22847,"date":"2024-09-04T10:59:13","date_gmt":"2024-09-04T10:59:13","guid":{"rendered":"https:\/\/mypalmleaf.com\/prices\/athma-shanthi-puja-ritual-especial-para-ayudar-al-alma-de-alguien-que-ha-fallecido-a-descansar-en-paz\/"},"modified":"2025-08-04T13:14:53","modified_gmt":"2025-08-04T13:14:53","slug":"athma-shanthi-puja-ritual-especial-para-ayudar-al-alma-de-alguien-que-ha-fallecido-a-descansar-en-paz","status":"publish","type":"product","link":"https:\/\/mypalmleaf.com\/es\/precio\/athma-shanthi-puja-ritual-especial-para-ayudar-al-alma-de-alguien-que-ha-fallecido-a-descansar-en-paz\/","title":{"rendered":"Atma Shanti Pooja &#8211; Una ofrenda sagrada por la paz de las almas difuntas"},"content":{"rendered":"<p><strong>Atma Shanti Pooja<\/strong><br \/>\nUn ritual sagrado para honrar y apoyar el alma de un ser querido que ha fallecido<\/p>\n<p>La Atma Shanti Pooja es una ceremonia v\u00e9dica profundamente significativa que se realiza para traer la paz al alma de alguien que ha partido, especialmente si su fallecimiento fue repentino, inesperado o emocionalmente irresuelto.<\/p>\n<p>Tanto si la muerte se produjo recientemente como hace mucho tiempo, esta pooja ofrece apoyo espiritual al viaje del alma, ayud\u00e1ndola a avanzar hacia la curaci\u00f3n, la resoluci\u00f3n y la paz. Puede realizarse varias veces a lo largo de la vida para apoyar continuamente el viaje del alma. <\/p>\n<p><strong>Incluye:<\/strong><\/p>\n<ul>\n<li>Pooja tradicional Atma Shanti realizada por sacerdotes v\u00e9dicos experimentados<\/li>\n<li>Elecci\u00f3n de la fecha que te parezca m\u00e1s significativa<\/li>\n<li>Opci\u00f3n de unirse a la pooja en directo a trav\u00e9s de Zoom<\/li>\n<li>Grabaci\u00f3n en v\u00eddeo del ritual completo<\/li>\n<li>Apoyo y comunicaci\u00f3n fluidos de nuestro equipo durante todo el proceso<\/li>\n<\/ul>\n<p>Cada a\u00f1o hay un periodo especial, llamado Pitru Paksha, en el que realizar la Atma Shanti Pooja se considera especialmente potente y espiritualmente impactante.<\/p>\n<p>Este a\u00f1o el periodo Pitru Paksha cae entre el 7 y el 21 de septiembre de 2025. Lee m\u00e1s sobre ello <a href=\"https:\/\/mypalmleaf.com\/es\/pitru-paksha-2025\/\">aqu\u00ed<\/a>. <\/p>\n","protected":false},"excerpt":{"rendered":"<p>La Atma Shanti Pooja es una ceremonia v\u00e9dica profundamente significativa que se realiza para traer la paz al alma de alguien que ha partido, especialmente si su fallecimiento fue repentino, inesperado o emocionalmente irresuelto.<\/p>\n","protected":false},"featured_media":9952,"comment_status":"open","ping_status":"closed","template":"","meta":{"_acf_changed":false},"product_brand":[],"product_cat":[215],"product_tag":[],"class_list":{"0":"post-22847","1":"product","2":"type-product","3":"status-publish","4":"has-post-thumbnail","6":"product_cat-uncategorized-es","8":"first","9":"instock","10":"virtual","11":"purchasable","12":"product-type-simple"},"exclude_global_add_ons":[],"addons":[],"acf":[],"yoast_head":"<!-- This site is optimized with the Yoast SEO plugin v26.4 - https:\/\/yoast.com\/wordpress\/plugins\/seo\/ -->\n<title>Athma Shanthi Pooja - Ritual Sagrado para la Paz de nuestros Antepasados<\/title>\n<meta name=\"description\" content=\"Realiza la Puya Athma Shanthi para ayudar a que el alma de un ser querido descanse en paz. Este ritual \u00fanico es para los que fallecen inesperadamente. Disponible mediante transmisi\u00f3n en directo.\" \/>\n<meta name=\"robots\" content=\"index, follow, max-snippet:-1, max-image-preview:large, max-video-preview:-1\" \/>\n<link rel=\"canonical\" href=\"https:\/\/mypalmleaf.com\/es\/precio\/athma-shanthi-puja-ritual-especial-para-ayudar-al-alma-de-alguien-que-ha-fallecido-a-descansar-en-paz\/\" \/>\n<meta property=\"og:locale\" content=\"es_ES\" \/>\n<meta property=\"og:type\" content=\"article\" \/>\n<meta property=\"og:title\" content=\"Athma Shanthi Pooja - Ritual Sagrado para la Paz de nuestros Antepasados\" \/>\n<meta property=\"og:description\" content=\"Realiza la Puya Athma Shanthi para ayudar a que el alma de un ser querido descanse en paz. Este ritual \u00fanico es para los que fallecen inesperadamente. Disponible mediante transmisi\u00f3n en directo.\" \/>\n<meta property=\"og:url\" content=\"https:\/\/mypalmleaf.com\/es\/precio\/athma-shanthi-puja-ritual-especial-para-ayudar-al-alma-de-alguien-que-ha-fallecido-a-descansar-en-paz\/\" \/>\n<meta property=\"og:site_name\" content=\"My Palm Leaf\" \/>\n<meta property=\"article:modified_time\" content=\"2025-08-04T13:14:53+00:00\" \/>\n<meta property=\"og:image\" content=\"https:\/\/mypalmleaf.com\/wp-content\/uploads\/2024\/09\/mantra-product-page-3-1.jpg\" \/>\n\t<meta property=\"og:image:width\" content=\"800\" \/>\n\t<meta property=\"og:image:height\" content=\"444\" \/>\n\t<meta property=\"og:image:type\" content=\"image\/jpeg\" \/>\n<meta name=\"twitter:card\" content=\"summary_large_image\" \/>\n<meta name=\"twitter:label1\" content=\"Tiempo de lectura\" \/>\n\t<meta name=\"twitter:data1\" content=\"1 minuto\" \/>\n<script type=\"application\/ld+json\" class=\"yoast-schema-graph\">{\"@context\":\"https:\/\/schema.org\",\"@graph\":[{\"@type\":\"WebPage\",\"@id\":\"https:\/\/mypalmleaf.com\/es\/precio\/athma-shanthi-puja-ritual-especial-para-ayudar-al-alma-de-alguien-que-ha-fallecido-a-descansar-en-paz\/\",\"url\":\"https:\/\/mypalmleaf.com\/es\/precio\/athma-shanthi-puja-ritual-especial-para-ayudar-al-alma-de-alguien-que-ha-fallecido-a-descansar-en-paz\/\",\"name\":\"Athma Shanthi Pooja - Ritual Sagrado para la Paz de nuestros Antepasados\",\"isPartOf\":{\"@id\":\"https:\/\/mypalmleaf.com\/#website\"},\"primaryImageOfPage\":{\"@id\":\"https:\/\/mypalmleaf.com\/es\/precio\/athma-shanthi-puja-ritual-especial-para-ayudar-al-alma-de-alguien-que-ha-fallecido-a-descansar-en-paz\/#primaryimage\"},\"image\":{\"@id\":\"https:\/\/mypalmleaf.com\/es\/precio\/athma-shanthi-puja-ritual-especial-para-ayudar-al-alma-de-alguien-que-ha-fallecido-a-descansar-en-paz\/#primaryimage\"},\"thumbnailUrl\":\"https:\/\/mypalmleaf.com\/wp-content\/uploads\/2024\/09\/mantra-product-page-3-1.jpg\",\"datePublished\":\"2024-09-04T10:59:13+00:00\",\"dateModified\":\"2025-08-04T13:14:53+00:00\",\"description\":\"Realiza la Puya Athma Shanthi para ayudar a que el alma de un ser querido descanse en paz. Este ritual \u00fanico es para los que fallecen inesperadamente. Disponible mediante transmisi\u00f3n en directo.\",\"breadcrumb\":{\"@id\":\"https:\/\/mypalmleaf.com\/es\/precio\/athma-shanthi-puja-ritual-especial-para-ayudar-al-alma-de-alguien-que-ha-fallecido-a-descansar-en-paz\/#breadcrumb\"},\"inLanguage\":\"es\",\"potentialAction\":[{\"@type\":\"ReadAction\",\"target\":[\"https:\/\/mypalmleaf.com\/es\/precio\/athma-shanthi-puja-ritual-especial-para-ayudar-al-alma-de-alguien-que-ha-fallecido-a-descansar-en-paz\/\"]}]},{\"@type\":\"ImageObject\",\"inLanguage\":\"es\",\"@id\":\"https:\/\/mypalmleaf.com\/es\/precio\/athma-shanthi-puja-ritual-especial-para-ayudar-al-alma-de-alguien-que-ha-fallecido-a-descansar-en-paz\/#primaryimage\",\"url\":\"https:\/\/mypalmleaf.com\/wp-content\/uploads\/2024\/09\/mantra-product-page-3-1.jpg\",\"contentUrl\":\"https:\/\/mypalmleaf.com\/wp-content\/uploads\/2024\/09\/mantra-product-page-3-1.jpg\",\"width\":800,\"height\":444,\"caption\":\"Homa procedure\"},{\"@type\":\"BreadcrumbList\",\"@id\":\"https:\/\/mypalmleaf.com\/es\/precio\/athma-shanthi-puja-ritual-especial-para-ayudar-al-alma-de-alguien-que-ha-fallecido-a-descansar-en-paz\/#breadcrumb\",\"itemListElement\":[{\"@type\":\"ListItem\",\"position\":1,\"name\":\"Home\",\"item\":\"https:\/\/mypalmleaf.com\/es\/\"},{\"@type\":\"ListItem\",\"position\":2,\"name\":\"Shop\",\"item\":\"https:\/\/mypalmleaf.com\/et\/shop\/\"},{\"@type\":\"ListItem\",\"position\":3,\"name\":\"Atma Shanti Pooja &#8211; Una ofrenda sagrada por la paz de las almas difuntas\"}]},{\"@type\":\"WebSite\",\"@id\":\"https:\/\/mypalmleaf.com\/#website\",\"url\":\"https:\/\/mypalmleaf.com\/\",\"name\":\"My Palm Leaf\",\"description\":\"\",\"potentialAction\":[{\"@type\":\"SearchAction\",\"target\":{\"@type\":\"EntryPoint\",\"urlTemplate\":\"https:\/\/mypalmleaf.com\/?s={search_term_string}\"},\"query-input\":{\"@type\":\"PropertyValueSpecification\",\"valueRequired\":true,\"valueName\":\"search_term_string\"}}],\"inLanguage\":\"es\"}]}<\/script>\n<!-- \/ Yoast SEO plugin. -->","yoast_head_json":{"title":"Athma Shanthi Pooja - Ritual Sagrado para la Paz de nuestros Antepasados","description":"Realiza la Puya Athma Shanthi para ayudar a que el alma de un ser querido descanse en paz. Este ritual \u00fanico es para los que fallecen inesperadamente. Disponible mediante transmisi\u00f3n en directo.","robots":{"index":"index","follow":"follow","max-snippet":"max-snippet:-1","max-image-preview":"max-image-preview:large","max-video-preview":"max-video-preview:-1"},"canonical":"https:\/\/mypalmleaf.com\/es\/precio\/athma-shanthi-puja-ritual-especial-para-ayudar-al-alma-de-alguien-que-ha-fallecido-a-descansar-en-paz\/","og_locale":"es_ES","og_type":"article","og_title":"Athma Shanthi Pooja - Ritual Sagrado para la Paz de nuestros Antepasados","og_description":"Realiza la Puya Athma Shanthi para ayudar a que el alma de un ser querido descanse en paz. Este ritual \u00fanico es para los que fallecen inesperadamente. Disponible mediante transmisi\u00f3n en directo.","og_url":"https:\/\/mypalmleaf.com\/es\/precio\/athma-shanthi-puja-ritual-especial-para-ayudar-al-alma-de-alguien-que-ha-fallecido-a-descansar-en-paz\/","og_site_name":"My Palm Leaf","article_modified_time":"2025-08-04T13:14:53+00:00","og_image":[{"width":800,"height":444,"url":"https:\/\/mypalmleaf.com\/wp-content\/uploads\/2024\/09\/mantra-product-page-3-1.jpg","type":"image\/jpeg"}],"twitter_card":"summary_large_image","twitter_misc":{"Tiempo de lectura":"1 minuto"},"schema":{"@context":"https:\/\/schema.org","@graph":[{"@type":"WebPage","@id":"https:\/\/mypalmleaf.com\/es\/precio\/athma-shanthi-puja-ritual-especial-para-ayudar-al-alma-de-alguien-que-ha-fallecido-a-descansar-en-paz\/","url":"https:\/\/mypalmleaf.com\/es\/precio\/athma-shanthi-puja-ritual-especial-para-ayudar-al-alma-de-alguien-que-ha-fallecido-a-descansar-en-paz\/","name":"Athma Shanthi Pooja - Ritual Sagrado para la Paz de nuestros Antepasados","isPartOf":{"@id":"https:\/\/mypalmleaf.com\/#website"},"primaryImageOfPage":{"@id":"https:\/\/mypalmleaf.com\/es\/precio\/athma-shanthi-puja-ritual-especial-para-ayudar-al-alma-de-alguien-que-ha-fallecido-a-descansar-en-paz\/#primaryimage"},"image":{"@id":"https:\/\/mypalmleaf.com\/es\/precio\/athma-shanthi-puja-ritual-especial-para-ayudar-al-alma-de-alguien-que-ha-fallecido-a-descansar-en-paz\/#primaryimage"},"thumbnailUrl":"https:\/\/mypalmleaf.com\/wp-content\/uploads\/2024\/09\/mantra-product-page-3-1.jpg","datePublished":"2024-09-04T10:59:13+00:00","dateModified":"2025-08-04T13:14:53+00:00","description":"Realiza la Puya Athma Shanthi para ayudar a que el alma de un ser querido descanse en paz. Este ritual \u00fanico es para los que fallecen inesperadamente. Disponible mediante transmisi\u00f3n en directo.","breadcrumb":{"@id":"https:\/\/mypalmleaf.com\/es\/precio\/athma-shanthi-puja-ritual-especial-para-ayudar-al-alma-de-alguien-que-ha-fallecido-a-descansar-en-paz\/#breadcrumb"},"inLanguage":"es","potentialAction":[{"@type":"ReadAction","target":["https:\/\/mypalmleaf.com\/es\/precio\/athma-shanthi-puja-ritual-especial-para-ayudar-al-alma-de-alguien-que-ha-fallecido-a-descansar-en-paz\/"]}]},{"@type":"ImageObject","inLanguage":"es","@id":"https:\/\/mypalmleaf.com\/es\/precio\/athma-shanthi-puja-ritual-especial-para-ayudar-al-alma-de-alguien-que-ha-fallecido-a-descansar-en-paz\/#primaryimage","url":"https:\/\/mypalmleaf.com\/wp-content\/uploads\/2024\/09\/mantra-product-page-3-1.jpg","contentUrl":"https:\/\/mypalmleaf.com\/wp-content\/uploads\/2024\/09\/mantra-product-page-3-1.jpg","width":800,"height":444,"caption":"Homa procedure"},{"@type":"BreadcrumbList","@id":"https:\/\/mypalmleaf.com\/es\/precio\/athma-shanthi-puja-ritual-especial-para-ayudar-al-alma-de-alguien-que-ha-fallecido-a-descansar-en-paz\/#breadcrumb","itemListElement":[{"@type":"ListItem","position":1,"name":"Home","item":"https:\/\/mypalmleaf.com\/es\/"},{"@type":"ListItem","position":2,"name":"Shop","item":"https:\/\/mypalmleaf.com\/et\/shop\/"},{"@type":"ListItem","position":3,"name":"Atma Shanti Pooja &#8211; Una ofrenda sagrada por la paz de las almas difuntas"}]},{"@type":"WebSite","@id":"https:\/\/mypalmleaf.com\/#website","url":"https:\/\/mypalmleaf.com\/","name":"My Palm Leaf","description":"","potentialAction":[{"@type":"SearchAction","target":{"@type":"EntryPoint","urlTemplate":"https:\/\/mypalmleaf.com\/?s={search_term_string}"},"query-input":{"@type":"PropertyValueSpecification","valueRequired":true,"valueName":"search_term_string"}}],"inLanguage":"es"}]}},"_links":{"self":[{"href":"https:\/\/mypalmleaf.com\/es\/wp-json\/wp\/v2\/product\/22847","targetHints":{"allow":["GET"]}}],"collection":[{"href":"https:\/\/mypalmleaf.com\/es\/wp-json\/wp\/v2\/product"}],"about":[{"href":"https:\/\/mypalmleaf.com\/es\/wp-json\/wp\/v2\/types\/product"}],"replies":[{"embeddable":true,"href":"https:\/\/mypalmleaf.com\/es\/wp-json\/wp\/v2\/comments?post=22847"}],"wp:featuredmedia":[{"embeddable":true,"href":"https:\/\/mypalmleaf.com\/es\/wp-json\/wp\/v2\/media\/9952"}],"wp:attachment":[{"href":"https:\/\/mypalmleaf.com\/es\/wp-json\/wp\/v2\/media?parent=22847"}],"wp:term":[{"taxonomy":"product_brand","embeddable":true,"href":"https:\/\/mypalmleaf.com\/es\/wp-json\/wp\/v2\/product_brand?post=22847"},{"taxonomy":"product_cat","embeddable":true,"href":"https:\/\/mypalmleaf.com\/es\/wp-json\/wp\/v2\/product_cat?post=22847"},{"taxonomy":"product_tag","embeddable":true,"href":"https:\/\/mypalmleaf.com\/es\/wp-json\/wp\/v2\/product_tag?post=22847"}],"curies":[{"name":"wp","href":"https:\/\/api.w.org\/{rel}","templated":true}]}}