
{"id":22860,"date":"2024-09-04T10:44:34","date_gmt":"2024-09-04T10:44:34","guid":{"rendered":"https:\/\/mypalmleaf.com\/prices\/malas-cuentas-de-oracion-hechas-a-mano\/"},"modified":"2025-02-20T05:27:57","modified_gmt":"2025-02-20T05:27:57","slug":"malas-cuentas-de-oracion-hechas-a-mano","status":"publish","type":"product","link":"https:\/\/mypalmleaf.com\/es\/precio\/malas-cuentas-de-oracion-hechas-a-mano\/","title":{"rendered":"Malas \u2013 cuentas de oraci\u00f3n hechas a mano"},"content":{"rendered":"<p>Un Mala, o cuenta de oraci\u00f3n, es una poderosa herramienta en la pr\u00e1ctica del Mantra, dise\u00f1ada para ayudarte a mantener la concentraci\u00f3n y profundizar en tu meditaci\u00f3n. Cada Mala est\u00e1 impregnado de la energ\u00eda de tu pr\u00e1ctica, sirviendo como compa\u00f1ero espiritual en tu viaje. Ofrecemos dos variaciones \u00fanicas, cada una elaborada con cuidado y prop\u00f3sito:<\/p>\n<ul>\n<li><strong>Rudraksha Mala del Himalaya<\/strong><br \/>\nEste Mala tradicional est\u00e1 hecho con semillas sagradas de Rudraksha, veneradas por su significado espiritual y su asociaci\u00f3n con Shiva. Conocidas por su capacidad para favorecer la meditaci\u00f3n profunda, estas cuentas proceden cuidadosamente de la regi\u00f3n del Himalaya y se cree que mejoran el crecimiento espiritual y la protecci\u00f3n. Tu Rudraksha Mala se enviar\u00e1 a la puerta de tu casa, llevando la energ\u00eda sagrada de su origen.<\/li>\n<li>Mala hecho <strong>a mano por nuestra artesana, Spanda<\/strong><br \/>\nPara una experiencia m\u00e1s personalizada, elige un Mala de primera calidad, hecho a mano por nuestra artista de Mala, Spanda. Antes de empezar a crear tu Mala, Spanda mantendr\u00e1 una videollamada contigo para hablar de tus intenciones, las energ\u00edas que deseas atraer a tu vida y tus preferencias en cuanto a piedras semipreciosas. A continuaci\u00f3n, elaborar\u00e1 a mano el Mala espec\u00edficamente para ti, infundi\u00e9ndole bendiciones y energ\u00eda espiritual antes de envi\u00e1rtelo. Este Mala personalizado es m\u00e1s que una herramienta de meditaci\u00f3n; es un reflejo de tu viaje espiritual personal.<\/li>\n<\/ul>\n","protected":false},"excerpt":{"rendered":"<p>Un Mala, o cuenta de oraci\u00f3n, es una poderosa herramienta en la pr\u00e1ctica del Mantra, dise\u00f1ada para ayudarte a mantener la concentraci\u00f3n y profundizar en tu meditaci\u00f3n.<\/p>\n","protected":false},"featured_media":4193,"comment_status":"open","ping_status":"closed","template":"","meta":{"_acf_changed":false},"product_brand":[],"product_cat":[215],"product_tag":[],"class_list":{"0":"post-22860","1":"product","2":"type-product","3":"status-publish","4":"has-post-thumbnail","6":"product_cat-uncategorized-es","7":"product_shipping_class-physical-product-es","9":"first","10":"instock","11":"taxable","12":"shipping-taxable","13":"purchasable","14":"product-type-variable"},"exclude_global_add_ons":[],"addons":[],"acf":[],"yoast_head":"<!-- This site is optimized with the Yoast SEO plugin v26.4 - https:\/\/yoast.com\/wordpress\/plugins\/seo\/ -->\n<title>Comprar Rosarios Hechos a Mano | My Palm Leaf<\/title>\n<meta name=\"description\" content=\"Adquiere rosarios hechos a mano con materiales sostenibles, perfectos para tu pr\u00e1ctica espiritual y para regalar a tus seres queridos.\" \/>\n<meta name=\"robots\" content=\"index, follow, max-snippet:-1, max-image-preview:large, max-video-preview:-1\" \/>\n<link rel=\"canonical\" href=\"https:\/\/mypalmleaf.com\/es\/precio\/malas-cuentas-de-oracion-hechas-a-mano\/\" \/>\n<meta property=\"og:locale\" content=\"es_ES\" \/>\n<meta property=\"og:type\" content=\"article\" \/>\n<meta property=\"og:title\" content=\"Comprar Rosarios Hechos a Mano | My Palm Leaf\" \/>\n<meta property=\"og:description\" content=\"Adquiere rosarios hechos a mano con materiales sostenibles, perfectos para tu pr\u00e1ctica espiritual y para regalar a tus seres queridos.\" \/>\n<meta property=\"og:url\" content=\"https:\/\/mypalmleaf.com\/es\/precio\/malas-cuentas-de-oracion-hechas-a-mano\/\" \/>\n<meta property=\"og:site_name\" content=\"My Palm Leaf\" \/>\n<meta property=\"article:modified_time\" content=\"2025-02-20T05:27:57+00:00\" \/>\n<meta property=\"og:image\" content=\"https:\/\/mypalmleaf.com\/wp-content\/uploads\/2024\/09\/mala.jpg\" \/>\n\t<meta property=\"og:image:width\" content=\"1280\" \/>\n\t<meta property=\"og:image:height\" content=\"720\" \/>\n\t<meta property=\"og:image:type\" content=\"image\/jpeg\" \/>\n<meta name=\"twitter:card\" content=\"summary_large_image\" \/>\n<meta name=\"twitter:label1\" content=\"Tiempo de lectura\" \/>\n\t<meta name=\"twitter:data1\" content=\"2 minutos\" \/>\n<script type=\"application\/ld+json\" class=\"yoast-schema-graph\">{\"@context\":\"https:\/\/schema.org\",\"@graph\":[{\"@type\":\"WebPage\",\"@id\":\"https:\/\/mypalmleaf.com\/es\/precio\/malas-cuentas-de-oracion-hechas-a-mano\/\",\"url\":\"https:\/\/mypalmleaf.com\/es\/precio\/malas-cuentas-de-oracion-hechas-a-mano\/\",\"name\":\"Comprar Rosarios Hechos a Mano | My Palm Leaf\",\"isPartOf\":{\"@id\":\"https:\/\/mypalmleaf.com\/#website\"},\"primaryImageOfPage\":{\"@id\":\"https:\/\/mypalmleaf.com\/es\/precio\/malas-cuentas-de-oracion-hechas-a-mano\/#primaryimage\"},\"image\":{\"@id\":\"https:\/\/mypalmleaf.com\/es\/precio\/malas-cuentas-de-oracion-hechas-a-mano\/#primaryimage\"},\"thumbnailUrl\":\"https:\/\/mypalmleaf.com\/wp-content\/uploads\/2024\/09\/mala.jpg\",\"datePublished\":\"2024-09-04T10:44:34+00:00\",\"dateModified\":\"2025-02-20T05:27:57+00:00\",\"description\":\"Adquiere rosarios hechos a mano con materiales sostenibles, perfectos para tu pr\u00e1ctica espiritual y para regalar a tus seres queridos.\",\"breadcrumb\":{\"@id\":\"https:\/\/mypalmleaf.com\/es\/precio\/malas-cuentas-de-oracion-hechas-a-mano\/#breadcrumb\"},\"inLanguage\":\"es\",\"potentialAction\":[{\"@type\":\"ReadAction\",\"target\":[\"https:\/\/mypalmleaf.com\/es\/precio\/malas-cuentas-de-oracion-hechas-a-mano\/\"]}]},{\"@type\":\"ImageObject\",\"inLanguage\":\"es\",\"@id\":\"https:\/\/mypalmleaf.com\/es\/precio\/malas-cuentas-de-oracion-hechas-a-mano\/#primaryimage\",\"url\":\"https:\/\/mypalmleaf.com\/wp-content\/uploads\/2024\/09\/mala.jpg\",\"contentUrl\":\"https:\/\/mypalmleaf.com\/wp-content\/uploads\/2024\/09\/mala.jpg\",\"width\":1280,\"height\":720,\"caption\":\"mala\"},{\"@type\":\"BreadcrumbList\",\"@id\":\"https:\/\/mypalmleaf.com\/es\/precio\/malas-cuentas-de-oracion-hechas-a-mano\/#breadcrumb\",\"itemListElement\":[{\"@type\":\"ListItem\",\"position\":1,\"name\":\"Home\",\"item\":\"https:\/\/mypalmleaf.com\/es\/\"},{\"@type\":\"ListItem\",\"position\":2,\"name\":\"Shop\",\"item\":\"https:\/\/mypalmleaf.com\/et\/shop\/\"},{\"@type\":\"ListItem\",\"position\":3,\"name\":\"Malas \u2013 cuentas de oraci\u00f3n hechas a mano\"}]},{\"@type\":\"WebSite\",\"@id\":\"https:\/\/mypalmleaf.com\/#website\",\"url\":\"https:\/\/mypalmleaf.com\/\",\"name\":\"My Palm Leaf\",\"description\":\"\",\"potentialAction\":[{\"@type\":\"SearchAction\",\"target\":{\"@type\":\"EntryPoint\",\"urlTemplate\":\"https:\/\/mypalmleaf.com\/?s={search_term_string}\"},\"query-input\":{\"@type\":\"PropertyValueSpecification\",\"valueRequired\":true,\"valueName\":\"search_term_string\"}}],\"inLanguage\":\"es\"}]}<\/script>\n<!-- \/ Yoast SEO plugin. -->","yoast_head_json":{"title":"Comprar Rosarios Hechos a Mano | My Palm Leaf","description":"Adquiere rosarios hechos a mano con materiales sostenibles, perfectos para tu pr\u00e1ctica espiritual y para regalar a tus seres queridos.","robots":{"index":"index","follow":"follow","max-snippet":"max-snippet:-1","max-image-preview":"max-image-preview:large","max-video-preview":"max-video-preview:-1"},"canonical":"https:\/\/mypalmleaf.com\/es\/precio\/malas-cuentas-de-oracion-hechas-a-mano\/","og_locale":"es_ES","og_type":"article","og_title":"Comprar Rosarios Hechos a Mano | My Palm Leaf","og_description":"Adquiere rosarios hechos a mano con materiales sostenibles, perfectos para tu pr\u00e1ctica espiritual y para regalar a tus seres queridos.","og_url":"https:\/\/mypalmleaf.com\/es\/precio\/malas-cuentas-de-oracion-hechas-a-mano\/","og_site_name":"My Palm Leaf","article_modified_time":"2025-02-20T05:27:57+00:00","og_image":[{"width":1280,"height":720,"url":"https:\/\/mypalmleaf.com\/wp-content\/uploads\/2024\/09\/mala.jpg","type":"image\/jpeg"}],"twitter_card":"summary_large_image","twitter_misc":{"Tiempo de lectura":"2 minutos"},"schema":{"@context":"https:\/\/schema.org","@graph":[{"@type":"WebPage","@id":"https:\/\/mypalmleaf.com\/es\/precio\/malas-cuentas-de-oracion-hechas-a-mano\/","url":"https:\/\/mypalmleaf.com\/es\/precio\/malas-cuentas-de-oracion-hechas-a-mano\/","name":"Comprar Rosarios Hechos a Mano | My Palm Leaf","isPartOf":{"@id":"https:\/\/mypalmleaf.com\/#website"},"primaryImageOfPage":{"@id":"https:\/\/mypalmleaf.com\/es\/precio\/malas-cuentas-de-oracion-hechas-a-mano\/#primaryimage"},"image":{"@id":"https:\/\/mypalmleaf.com\/es\/precio\/malas-cuentas-de-oracion-hechas-a-mano\/#primaryimage"},"thumbnailUrl":"https:\/\/mypalmleaf.com\/wp-content\/uploads\/2024\/09\/mala.jpg","datePublished":"2024-09-04T10:44:34+00:00","dateModified":"2025-02-20T05:27:57+00:00","description":"Adquiere rosarios hechos a mano con materiales sostenibles, perfectos para tu pr\u00e1ctica espiritual y para regalar a tus seres queridos.","breadcrumb":{"@id":"https:\/\/mypalmleaf.com\/es\/precio\/malas-cuentas-de-oracion-hechas-a-mano\/#breadcrumb"},"inLanguage":"es","potentialAction":[{"@type":"ReadAction","target":["https:\/\/mypalmleaf.com\/es\/precio\/malas-cuentas-de-oracion-hechas-a-mano\/"]}]},{"@type":"ImageObject","inLanguage":"es","@id":"https:\/\/mypalmleaf.com\/es\/precio\/malas-cuentas-de-oracion-hechas-a-mano\/#primaryimage","url":"https:\/\/mypalmleaf.com\/wp-content\/uploads\/2024\/09\/mala.jpg","contentUrl":"https:\/\/mypalmleaf.com\/wp-content\/uploads\/2024\/09\/mala.jpg","width":1280,"height":720,"caption":"mala"},{"@type":"BreadcrumbList","@id":"https:\/\/mypalmleaf.com\/es\/precio\/malas-cuentas-de-oracion-hechas-a-mano\/#breadcrumb","itemListElement":[{"@type":"ListItem","position":1,"name":"Home","item":"https:\/\/mypalmleaf.com\/es\/"},{"@type":"ListItem","position":2,"name":"Shop","item":"https:\/\/mypalmleaf.com\/et\/shop\/"},{"@type":"ListItem","position":3,"name":"Malas \u2013 cuentas de oraci\u00f3n hechas a mano"}]},{"@type":"WebSite","@id":"https:\/\/mypalmleaf.com\/#website","url":"https:\/\/mypalmleaf.com\/","name":"My Palm Leaf","description":"","potentialAction":[{"@type":"SearchAction","target":{"@type":"EntryPoint","urlTemplate":"https:\/\/mypalmleaf.com\/?s={search_term_string}"},"query-input":{"@type":"PropertyValueSpecification","valueRequired":true,"valueName":"search_term_string"}}],"inLanguage":"es"}]}},"_links":{"self":[{"href":"https:\/\/mypalmleaf.com\/es\/wp-json\/wp\/v2\/product\/22860","targetHints":{"allow":["GET"]}}],"collection":[{"href":"https:\/\/mypalmleaf.com\/es\/wp-json\/wp\/v2\/product"}],"about":[{"href":"https:\/\/mypalmleaf.com\/es\/wp-json\/wp\/v2\/types\/product"}],"replies":[{"embeddable":true,"href":"https:\/\/mypalmleaf.com\/es\/wp-json\/wp\/v2\/comments?post=22860"}],"wp:featuredmedia":[{"embeddable":true,"href":"https:\/\/mypalmleaf.com\/es\/wp-json\/wp\/v2\/media\/4193"}],"wp:attachment":[{"href":"https:\/\/mypalmleaf.com\/es\/wp-json\/wp\/v2\/media?parent=22860"}],"wp:term":[{"taxonomy":"product_brand","embeddable":true,"href":"https:\/\/mypalmleaf.com\/es\/wp-json\/wp\/v2\/product_brand?post=22860"},{"taxonomy":"product_cat","embeddable":true,"href":"https:\/\/mypalmleaf.com\/es\/wp-json\/wp\/v2\/product_cat?post=22860"},{"taxonomy":"product_tag","embeddable":true,"href":"https:\/\/mypalmleaf.com\/es\/wp-json\/wp\/v2\/product_tag?post=22860"}],"curies":[{"name":"wp","href":"https:\/\/api.w.org\/{rel}","templated":true}]}}