
{"id":22861,"date":"2024-09-04T10:43:37","date_gmt":"2024-09-04T10:43:37","guid":{"rendered":"https:\/\/mypalmleaf.com\/prices\/vuelva-a-reservar-su-cita\/"},"modified":"2025-07-07T08:32:46","modified_gmt":"2025-07-07T08:32:46","slug":"vuelva-a-reservar-su-cita","status":"publish","type":"product","link":"https:\/\/mypalmleaf.com\/es\/precio\/vuelva-a-reservar-su-cita\/","title":{"rendered":"Vuelve a reservar tu cita"},"content":{"rendered":"<p>Podr\u00e1s reprogramar tu cita sin ning\u00fan cargo hasta 48 horas antes de la cita programada.<\/p>\n<p>Si reprograma con menos de 48 horas antes de la cita, no se presenta o llega m\u00e1s de 20 minutos tarde, se aplicar\u00e1 un cargo por reprogramaci\u00f3n ya que el horario ha sido ocupado para usted.<\/p>\n","protected":false},"excerpt":{"rendered":"<p>Podr\u00e1s reprogramar tu cita sin ning\u00fan cargo hasta 48 horas antes de la cita programada.<\/p>\n<p>Podr\u00e1s reprogramar tu cita sin ning\u00fan cargo hasta 48 horas antes de la cita programada&#8230;.<\/p>\n","protected":false},"featured_media":10101,"comment_status":"open","ping_status":"closed","template":"","meta":{"_acf_changed":false},"product_brand":[],"product_cat":[215],"product_tag":[],"class_list":{"0":"post-22861","1":"product","2":"type-product","3":"status-publish","4":"has-post-thumbnail","6":"product_cat-uncategorized-es","8":"first","9":"instock","10":"virtual","11":"taxable","12":"purchasable","13":"product-type-simple"},"exclude_global_add_ons":[],"addons":[],"acf":[],"yoast_head":"<!-- This site is optimized with the Yoast SEO plugin v26.4 - https:\/\/yoast.com\/wordpress\/plugins\/seo\/ -->\n<title>Vuelve a reservar tu cita - My Palm Leaf<\/title>\n<meta name=\"description\" content=\"Reprograma tu lectura de hojas de palma f\u00e1cilmente y sigue tu camino espiritual con nuevas revelaciones a trav\u00e9s de esta gu\u00eda ancestral.\" \/>\n<meta name=\"robots\" content=\"index, follow, max-snippet:-1, max-image-preview:large, max-video-preview:-1\" \/>\n<link rel=\"canonical\" href=\"https:\/\/mypalmleaf.com\/es\/precio\/vuelva-a-reservar-su-cita\/\" \/>\n<meta property=\"og:locale\" content=\"es_ES\" \/>\n<meta property=\"og:type\" content=\"article\" \/>\n<meta property=\"og:title\" content=\"Vuelve a reservar tu cita - My Palm Leaf\" \/>\n<meta property=\"og:description\" content=\"Reprograma tu lectura de hojas de palma f\u00e1cilmente y sigue tu camino espiritual con nuevas revelaciones a trav\u00e9s de esta gu\u00eda ancestral.\" \/>\n<meta property=\"og:url\" content=\"https:\/\/mypalmleaf.com\/es\/precio\/vuelva-a-reservar-su-cita\/\" \/>\n<meta property=\"og:site_name\" content=\"My Palm Leaf\" \/>\n<meta property=\"article:modified_time\" content=\"2025-07-07T08:32:46+00:00\" \/>\n<meta property=\"og:image\" content=\"https:\/\/mypalmleaf.com\/wp-content\/uploads\/2024\/09\/services-thumb-1-1-1.jpg\" \/>\n\t<meta property=\"og:image:width\" content=\"800\" \/>\n\t<meta property=\"og:image:height\" content=\"444\" \/>\n\t<meta property=\"og:image:type\" content=\"image\/jpeg\" \/>\n<meta name=\"twitter:card\" content=\"summary_large_image\" \/>\n<meta name=\"twitter:label1\" content=\"Tiempo de lectura\" \/>\n\t<meta name=\"twitter:data1\" content=\"1 minuto\" \/>\n<script type=\"application\/ld+json\" class=\"yoast-schema-graph\">{\"@context\":\"https:\/\/schema.org\",\"@graph\":[{\"@type\":\"WebPage\",\"@id\":\"https:\/\/mypalmleaf.com\/es\/precio\/vuelva-a-reservar-su-cita\/\",\"url\":\"https:\/\/mypalmleaf.com\/es\/precio\/vuelva-a-reservar-su-cita\/\",\"name\":\"Vuelve a reservar tu cita - My Palm Leaf\",\"isPartOf\":{\"@id\":\"https:\/\/mypalmleaf.com\/#website\"},\"primaryImageOfPage\":{\"@id\":\"https:\/\/mypalmleaf.com\/es\/precio\/vuelva-a-reservar-su-cita\/#primaryimage\"},\"image\":{\"@id\":\"https:\/\/mypalmleaf.com\/es\/precio\/vuelva-a-reservar-su-cita\/#primaryimage\"},\"thumbnailUrl\":\"https:\/\/mypalmleaf.com\/wp-content\/uploads\/2024\/09\/services-thumb-1-1-1.jpg\",\"datePublished\":\"2024-09-04T10:43:37+00:00\",\"dateModified\":\"2025-07-07T08:32:46+00:00\",\"description\":\"Reprograma tu lectura de hojas de palma f\u00e1cilmente y sigue tu camino espiritual con nuevas revelaciones a trav\u00e9s de esta gu\u00eda ancestral.\",\"breadcrumb\":{\"@id\":\"https:\/\/mypalmleaf.com\/es\/precio\/vuelva-a-reservar-su-cita\/#breadcrumb\"},\"inLanguage\":\"es\",\"potentialAction\":[{\"@type\":\"ReadAction\",\"target\":[\"https:\/\/mypalmleaf.com\/es\/precio\/vuelva-a-reservar-su-cita\/\"]}]},{\"@type\":\"ImageObject\",\"inLanguage\":\"es\",\"@id\":\"https:\/\/mypalmleaf.com\/es\/precio\/vuelva-a-reservar-su-cita\/#primaryimage\",\"url\":\"https:\/\/mypalmleaf.com\/wp-content\/uploads\/2024\/09\/services-thumb-1-1-1.jpg\",\"contentUrl\":\"https:\/\/mypalmleaf.com\/wp-content\/uploads\/2024\/09\/services-thumb-1-1-1.jpg\",\"width\":800,\"height\":444,\"caption\":\"Nadi astrology-01\"},{\"@type\":\"BreadcrumbList\",\"@id\":\"https:\/\/mypalmleaf.com\/es\/precio\/vuelva-a-reservar-su-cita\/#breadcrumb\",\"itemListElement\":[{\"@type\":\"ListItem\",\"position\":1,\"name\":\"Home\",\"item\":\"https:\/\/mypalmleaf.com\/es\/\"},{\"@type\":\"ListItem\",\"position\":2,\"name\":\"Shop\",\"item\":\"https:\/\/mypalmleaf.com\/et\/shop\/\"},{\"@type\":\"ListItem\",\"position\":3,\"name\":\"Vuelve a reservar tu cita\"}]},{\"@type\":\"WebSite\",\"@id\":\"https:\/\/mypalmleaf.com\/#website\",\"url\":\"https:\/\/mypalmleaf.com\/\",\"name\":\"My Palm Leaf\",\"description\":\"\",\"potentialAction\":[{\"@type\":\"SearchAction\",\"target\":{\"@type\":\"EntryPoint\",\"urlTemplate\":\"https:\/\/mypalmleaf.com\/?s={search_term_string}\"},\"query-input\":{\"@type\":\"PropertyValueSpecification\",\"valueRequired\":true,\"valueName\":\"search_term_string\"}}],\"inLanguage\":\"es\"}]}<\/script>\n<!-- \/ Yoast SEO plugin. -->","yoast_head_json":{"title":"Vuelve a reservar tu cita - My Palm Leaf","description":"Reprograma tu lectura de hojas de palma f\u00e1cilmente y sigue tu camino espiritual con nuevas revelaciones a trav\u00e9s de esta gu\u00eda ancestral.","robots":{"index":"index","follow":"follow","max-snippet":"max-snippet:-1","max-image-preview":"max-image-preview:large","max-video-preview":"max-video-preview:-1"},"canonical":"https:\/\/mypalmleaf.com\/es\/precio\/vuelva-a-reservar-su-cita\/","og_locale":"es_ES","og_type":"article","og_title":"Vuelve a reservar tu cita - My Palm Leaf","og_description":"Reprograma tu lectura de hojas de palma f\u00e1cilmente y sigue tu camino espiritual con nuevas revelaciones a trav\u00e9s de esta gu\u00eda ancestral.","og_url":"https:\/\/mypalmleaf.com\/es\/precio\/vuelva-a-reservar-su-cita\/","og_site_name":"My Palm Leaf","article_modified_time":"2025-07-07T08:32:46+00:00","og_image":[{"width":800,"height":444,"url":"https:\/\/mypalmleaf.com\/wp-content\/uploads\/2024\/09\/services-thumb-1-1-1.jpg","type":"image\/jpeg"}],"twitter_card":"summary_large_image","twitter_misc":{"Tiempo de lectura":"1 minuto"},"schema":{"@context":"https:\/\/schema.org","@graph":[{"@type":"WebPage","@id":"https:\/\/mypalmleaf.com\/es\/precio\/vuelva-a-reservar-su-cita\/","url":"https:\/\/mypalmleaf.com\/es\/precio\/vuelva-a-reservar-su-cita\/","name":"Vuelve a reservar tu cita - My Palm Leaf","isPartOf":{"@id":"https:\/\/mypalmleaf.com\/#website"},"primaryImageOfPage":{"@id":"https:\/\/mypalmleaf.com\/es\/precio\/vuelva-a-reservar-su-cita\/#primaryimage"},"image":{"@id":"https:\/\/mypalmleaf.com\/es\/precio\/vuelva-a-reservar-su-cita\/#primaryimage"},"thumbnailUrl":"https:\/\/mypalmleaf.com\/wp-content\/uploads\/2024\/09\/services-thumb-1-1-1.jpg","datePublished":"2024-09-04T10:43:37+00:00","dateModified":"2025-07-07T08:32:46+00:00","description":"Reprograma tu lectura de hojas de palma f\u00e1cilmente y sigue tu camino espiritual con nuevas revelaciones a trav\u00e9s de esta gu\u00eda ancestral.","breadcrumb":{"@id":"https:\/\/mypalmleaf.com\/es\/precio\/vuelva-a-reservar-su-cita\/#breadcrumb"},"inLanguage":"es","potentialAction":[{"@type":"ReadAction","target":["https:\/\/mypalmleaf.com\/es\/precio\/vuelva-a-reservar-su-cita\/"]}]},{"@type":"ImageObject","inLanguage":"es","@id":"https:\/\/mypalmleaf.com\/es\/precio\/vuelva-a-reservar-su-cita\/#primaryimage","url":"https:\/\/mypalmleaf.com\/wp-content\/uploads\/2024\/09\/services-thumb-1-1-1.jpg","contentUrl":"https:\/\/mypalmleaf.com\/wp-content\/uploads\/2024\/09\/services-thumb-1-1-1.jpg","width":800,"height":444,"caption":"Nadi astrology-01"},{"@type":"BreadcrumbList","@id":"https:\/\/mypalmleaf.com\/es\/precio\/vuelva-a-reservar-su-cita\/#breadcrumb","itemListElement":[{"@type":"ListItem","position":1,"name":"Home","item":"https:\/\/mypalmleaf.com\/es\/"},{"@type":"ListItem","position":2,"name":"Shop","item":"https:\/\/mypalmleaf.com\/et\/shop\/"},{"@type":"ListItem","position":3,"name":"Vuelve a reservar tu cita"}]},{"@type":"WebSite","@id":"https:\/\/mypalmleaf.com\/#website","url":"https:\/\/mypalmleaf.com\/","name":"My Palm Leaf","description":"","potentialAction":[{"@type":"SearchAction","target":{"@type":"EntryPoint","urlTemplate":"https:\/\/mypalmleaf.com\/?s={search_term_string}"},"query-input":{"@type":"PropertyValueSpecification","valueRequired":true,"valueName":"search_term_string"}}],"inLanguage":"es"}]}},"_links":{"self":[{"href":"https:\/\/mypalmleaf.com\/es\/wp-json\/wp\/v2\/product\/22861","targetHints":{"allow":["GET"]}}],"collection":[{"href":"https:\/\/mypalmleaf.com\/es\/wp-json\/wp\/v2\/product"}],"about":[{"href":"https:\/\/mypalmleaf.com\/es\/wp-json\/wp\/v2\/types\/product"}],"replies":[{"embeddable":true,"href":"https:\/\/mypalmleaf.com\/es\/wp-json\/wp\/v2\/comments?post=22861"}],"wp:featuredmedia":[{"embeddable":true,"href":"https:\/\/mypalmleaf.com\/es\/wp-json\/wp\/v2\/media\/10101"}],"wp:attachment":[{"href":"https:\/\/mypalmleaf.com\/es\/wp-json\/wp\/v2\/media?parent=22861"}],"wp:term":[{"taxonomy":"product_brand","embeddable":true,"href":"https:\/\/mypalmleaf.com\/es\/wp-json\/wp\/v2\/product_brand?post=22861"},{"taxonomy":"product_cat","embeddable":true,"href":"https:\/\/mypalmleaf.com\/es\/wp-json\/wp\/v2\/product_cat?post=22861"},{"taxonomy":"product_tag","embeddable":true,"href":"https:\/\/mypalmleaf.com\/es\/wp-json\/wp\/v2\/product_tag?post=22861"}],"curies":[{"name":"wp","href":"https:\/\/api.w.org\/{rel}","templated":true}]}}