
{"id":22865,"date":"2024-03-04T10:45:16","date_gmt":"2024-03-04T10:45:16","guid":{"rendered":"https:\/\/mypalmleaf.com\/prices\/peregrinacion-de-los-navagrahas\/"},"modified":"2025-02-20T06:09:43","modified_gmt":"2025-02-20T06:09:43","slug":"peregrinacion-de-los-navagrahas","status":"publish","type":"product","link":"https:\/\/mypalmleaf.com\/es\/precio\/peregrinacion-de-los-navagrahas\/","title":{"rendered":"Peregrinaci\u00f3n de los Navagrahas"},"content":{"rendered":"<p>La peregrinaci\u00f3n de los Navagrahas a la India es un viaje espiritual que te ayuda a limpiar el Karma visitando los templos dedicados a los 9 planetas. Se realiza en un grupo peque\u00f1o y est\u00e1 guiado por uno de nuestros gu\u00edas experimentados.<\/p>\n<p>Incluye:<\/p>\n<ul>\n<li>,mOrientaci\u00f3n y apoyo por parte de nuestros gu\u00edas experimentados.<\/li>\n<li>Alojamiento en habitaci\u00f3n individual o doble (a tu elecci\u00f3n)<\/li>\n<li>Boletos de entrada en todos los lugares de inter\u00e9s.<\/li>\n<li>Transporte terrestre<\/li>\n<li>Transporte terrestre<\/li>\n<\/ul>\n","protected":false},"excerpt":{"rendered":"<p>La peregrinaci\u00f3n de los Navagrahas a la India es un viaje espiritual que te ayuda a limpiar el Karma visitando los templos dedicados a los 9 planetas. Se realiza en un grupo peque\u00f1o&#8230;<\/p>\n","protected":false},"featured_media":3423,"comment_status":"open","ping_status":"closed","template":"","meta":{"_acf_changed":false},"product_brand":[],"product_cat":[215],"product_tag":[],"class_list":{"0":"post-22865","1":"product","2":"type-product","3":"status-publish","4":"has-post-thumbnail","6":"product_cat-uncategorized-es","8":"first","9":"instock","10":"purchasable","11":"product-type-variable"},"exclude_global_add_ons":[],"addons":[],"acf":[],"yoast_head":"<!-- This site is optimized with the Yoast SEO plugin v26.4 - https:\/\/yoast.com\/wordpress\/plugins\/seo\/ -->\n<title>Peregrinaci\u00f3n de los Navagrahas | My Palm Leaf<\/title>\n<meta name=\"description\" content=\"Vive la experiencia \u00fanica de la peregrinaci\u00f3n de los Navagrahas, una jornada espiritual para conectar con los planetas y mejorar tu bienestar.\" \/>\n<meta name=\"robots\" content=\"index, follow, max-snippet:-1, max-image-preview:large, max-video-preview:-1\" \/>\n<link rel=\"canonical\" href=\"https:\/\/mypalmleaf.com\/es\/precio\/peregrinacion-de-los-navagrahas\/\" \/>\n<meta property=\"og:locale\" content=\"es_ES\" \/>\n<meta property=\"og:type\" content=\"article\" \/>\n<meta property=\"og:title\" content=\"Peregrinaci\u00f3n de los Navagrahas | My Palm Leaf\" \/>\n<meta property=\"og:description\" content=\"Vive la experiencia \u00fanica de la peregrinaci\u00f3n de los Navagrahas, una jornada espiritual para conectar con los planetas y mejorar tu bienestar.\" \/>\n<meta property=\"og:url\" content=\"https:\/\/mypalmleaf.com\/es\/precio\/peregrinacion-de-los-navagrahas\/\" \/>\n<meta property=\"og:site_name\" content=\"My Palm Leaf\" \/>\n<meta property=\"article:modified_time\" content=\"2025-02-20T06:09:43+00:00\" \/>\n<meta property=\"og:image\" content=\"https:\/\/mypalmleaf.com\/wp-content\/uploads\/2024\/09\/mantra-product-page-13.jpg\" \/>\n\t<meta property=\"og:image:width\" content=\"1280\" \/>\n\t<meta property=\"og:image:height\" content=\"720\" \/>\n\t<meta property=\"og:image:type\" content=\"image\/jpeg\" \/>\n<meta name=\"twitter:card\" content=\"summary_large_image\" \/>\n<meta name=\"twitter:label1\" content=\"Tiempo de lectura\" \/>\n\t<meta name=\"twitter:data1\" content=\"1 minuto\" \/>\n<script type=\"application\/ld+json\" class=\"yoast-schema-graph\">{\"@context\":\"https:\/\/schema.org\",\"@graph\":[{\"@type\":\"WebPage\",\"@id\":\"https:\/\/mypalmleaf.com\/es\/precio\/peregrinacion-de-los-navagrahas\/\",\"url\":\"https:\/\/mypalmleaf.com\/es\/precio\/peregrinacion-de-los-navagrahas\/\",\"name\":\"Peregrinaci\u00f3n de los Navagrahas | My Palm Leaf\",\"isPartOf\":{\"@id\":\"https:\/\/mypalmleaf.com\/#website\"},\"primaryImageOfPage\":{\"@id\":\"https:\/\/mypalmleaf.com\/es\/precio\/peregrinacion-de-los-navagrahas\/#primaryimage\"},\"image\":{\"@id\":\"https:\/\/mypalmleaf.com\/es\/precio\/peregrinacion-de-los-navagrahas\/#primaryimage\"},\"thumbnailUrl\":\"https:\/\/mypalmleaf.com\/wp-content\/uploads\/2024\/09\/mantra-product-page-13.jpg\",\"datePublished\":\"2024-03-04T10:45:16+00:00\",\"dateModified\":\"2025-02-20T06:09:43+00:00\",\"description\":\"Vive la experiencia \u00fanica de la peregrinaci\u00f3n de los Navagrahas, una jornada espiritual para conectar con los planetas y mejorar tu bienestar.\",\"breadcrumb\":{\"@id\":\"https:\/\/mypalmleaf.com\/es\/precio\/peregrinacion-de-los-navagrahas\/#breadcrumb\"},\"inLanguage\":\"es\",\"potentialAction\":[{\"@type\":\"ReadAction\",\"target\":[\"https:\/\/mypalmleaf.com\/es\/precio\/peregrinacion-de-los-navagrahas\/\"]}]},{\"@type\":\"ImageObject\",\"inLanguage\":\"es\",\"@id\":\"https:\/\/mypalmleaf.com\/es\/precio\/peregrinacion-de-los-navagrahas\/#primaryimage\",\"url\":\"https:\/\/mypalmleaf.com\/wp-content\/uploads\/2024\/09\/mantra-product-page-13.jpg\",\"contentUrl\":\"https:\/\/mypalmleaf.com\/wp-content\/uploads\/2024\/09\/mantra-product-page-13.jpg\",\"width\":1280,\"height\":720,\"caption\":\"Sri Ranganatha Swamy Temple\"},{\"@type\":\"BreadcrumbList\",\"@id\":\"https:\/\/mypalmleaf.com\/es\/precio\/peregrinacion-de-los-navagrahas\/#breadcrumb\",\"itemListElement\":[{\"@type\":\"ListItem\",\"position\":1,\"name\":\"Home\",\"item\":\"https:\/\/mypalmleaf.com\/es\/\"},{\"@type\":\"ListItem\",\"position\":2,\"name\":\"Shop\",\"item\":\"https:\/\/mypalmleaf.com\/et\/shop\/\"},{\"@type\":\"ListItem\",\"position\":3,\"name\":\"Peregrinaci\u00f3n de los Navagrahas\"}]},{\"@type\":\"WebSite\",\"@id\":\"https:\/\/mypalmleaf.com\/#website\",\"url\":\"https:\/\/mypalmleaf.com\/\",\"name\":\"My Palm Leaf\",\"description\":\"\",\"potentialAction\":[{\"@type\":\"SearchAction\",\"target\":{\"@type\":\"EntryPoint\",\"urlTemplate\":\"https:\/\/mypalmleaf.com\/?s={search_term_string}\"},\"query-input\":{\"@type\":\"PropertyValueSpecification\",\"valueRequired\":true,\"valueName\":\"search_term_string\"}}],\"inLanguage\":\"es\"}]}<\/script>\n<!-- \/ Yoast SEO plugin. -->","yoast_head_json":{"title":"Peregrinaci\u00f3n de los Navagrahas | My Palm Leaf","description":"Vive la experiencia \u00fanica de la peregrinaci\u00f3n de los Navagrahas, una jornada espiritual para conectar con los planetas y mejorar tu bienestar.","robots":{"index":"index","follow":"follow","max-snippet":"max-snippet:-1","max-image-preview":"max-image-preview:large","max-video-preview":"max-video-preview:-1"},"canonical":"https:\/\/mypalmleaf.com\/es\/precio\/peregrinacion-de-los-navagrahas\/","og_locale":"es_ES","og_type":"article","og_title":"Peregrinaci\u00f3n de los Navagrahas | My Palm Leaf","og_description":"Vive la experiencia \u00fanica de la peregrinaci\u00f3n de los Navagrahas, una jornada espiritual para conectar con los planetas y mejorar tu bienestar.","og_url":"https:\/\/mypalmleaf.com\/es\/precio\/peregrinacion-de-los-navagrahas\/","og_site_name":"My Palm Leaf","article_modified_time":"2025-02-20T06:09:43+00:00","og_image":[{"width":1280,"height":720,"url":"https:\/\/mypalmleaf.com\/wp-content\/uploads\/2024\/09\/mantra-product-page-13.jpg","type":"image\/jpeg"}],"twitter_card":"summary_large_image","twitter_misc":{"Tiempo de lectura":"1 minuto"},"schema":{"@context":"https:\/\/schema.org","@graph":[{"@type":"WebPage","@id":"https:\/\/mypalmleaf.com\/es\/precio\/peregrinacion-de-los-navagrahas\/","url":"https:\/\/mypalmleaf.com\/es\/precio\/peregrinacion-de-los-navagrahas\/","name":"Peregrinaci\u00f3n de los Navagrahas | My Palm Leaf","isPartOf":{"@id":"https:\/\/mypalmleaf.com\/#website"},"primaryImageOfPage":{"@id":"https:\/\/mypalmleaf.com\/es\/precio\/peregrinacion-de-los-navagrahas\/#primaryimage"},"image":{"@id":"https:\/\/mypalmleaf.com\/es\/precio\/peregrinacion-de-los-navagrahas\/#primaryimage"},"thumbnailUrl":"https:\/\/mypalmleaf.com\/wp-content\/uploads\/2024\/09\/mantra-product-page-13.jpg","datePublished":"2024-03-04T10:45:16+00:00","dateModified":"2025-02-20T06:09:43+00:00","description":"Vive la experiencia \u00fanica de la peregrinaci\u00f3n de los Navagrahas, una jornada espiritual para conectar con los planetas y mejorar tu bienestar.","breadcrumb":{"@id":"https:\/\/mypalmleaf.com\/es\/precio\/peregrinacion-de-los-navagrahas\/#breadcrumb"},"inLanguage":"es","potentialAction":[{"@type":"ReadAction","target":["https:\/\/mypalmleaf.com\/es\/precio\/peregrinacion-de-los-navagrahas\/"]}]},{"@type":"ImageObject","inLanguage":"es","@id":"https:\/\/mypalmleaf.com\/es\/precio\/peregrinacion-de-los-navagrahas\/#primaryimage","url":"https:\/\/mypalmleaf.com\/wp-content\/uploads\/2024\/09\/mantra-product-page-13.jpg","contentUrl":"https:\/\/mypalmleaf.com\/wp-content\/uploads\/2024\/09\/mantra-product-page-13.jpg","width":1280,"height":720,"caption":"Sri Ranganatha Swamy Temple"},{"@type":"BreadcrumbList","@id":"https:\/\/mypalmleaf.com\/es\/precio\/peregrinacion-de-los-navagrahas\/#breadcrumb","itemListElement":[{"@type":"ListItem","position":1,"name":"Home","item":"https:\/\/mypalmleaf.com\/es\/"},{"@type":"ListItem","position":2,"name":"Shop","item":"https:\/\/mypalmleaf.com\/et\/shop\/"},{"@type":"ListItem","position":3,"name":"Peregrinaci\u00f3n de los Navagrahas"}]},{"@type":"WebSite","@id":"https:\/\/mypalmleaf.com\/#website","url":"https:\/\/mypalmleaf.com\/","name":"My Palm Leaf","description":"","potentialAction":[{"@type":"SearchAction","target":{"@type":"EntryPoint","urlTemplate":"https:\/\/mypalmleaf.com\/?s={search_term_string}"},"query-input":{"@type":"PropertyValueSpecification","valueRequired":true,"valueName":"search_term_string"}}],"inLanguage":"es"}]}},"_links":{"self":[{"href":"https:\/\/mypalmleaf.com\/es\/wp-json\/wp\/v2\/product\/22865","targetHints":{"allow":["GET"]}}],"collection":[{"href":"https:\/\/mypalmleaf.com\/es\/wp-json\/wp\/v2\/product"}],"about":[{"href":"https:\/\/mypalmleaf.com\/es\/wp-json\/wp\/v2\/types\/product"}],"replies":[{"embeddable":true,"href":"https:\/\/mypalmleaf.com\/es\/wp-json\/wp\/v2\/comments?post=22865"}],"wp:featuredmedia":[{"embeddable":true,"href":"https:\/\/mypalmleaf.com\/es\/wp-json\/wp\/v2\/media\/3423"}],"wp:attachment":[{"href":"https:\/\/mypalmleaf.com\/es\/wp-json\/wp\/v2\/media?parent=22865"}],"wp:term":[{"taxonomy":"product_brand","embeddable":true,"href":"https:\/\/mypalmleaf.com\/es\/wp-json\/wp\/v2\/product_brand?post=22865"},{"taxonomy":"product_cat","embeddable":true,"href":"https:\/\/mypalmleaf.com\/es\/wp-json\/wp\/v2\/product_cat?post=22865"},{"taxonomy":"product_tag","embeddable":true,"href":"https:\/\/mypalmleaf.com\/es\/wp-json\/wp\/v2\/product_tag?post=22865"}],"curies":[{"name":"wp","href":"https:\/\/api.w.org\/{rel}","templated":true}]}}