
{"id":22868,"date":"2024-03-04T10:58:10","date_gmt":"2024-03-04T10:58:10","guid":{"rendered":"https:\/\/mypalmleaf.com\/prices\/peregrinacion-virtual\/"},"modified":"2025-02-20T05:26:58","modified_gmt":"2025-02-20T05:26:58","slug":"peregrinacion-virtual","status":"publish","type":"product","link":"https:\/\/mypalmleaf.com\/es\/precio\/peregrinacion-virtual\/","title":{"rendered":"Peregrinaci\u00f3n Virtual"},"content":{"rendered":"<p class=\"mb-4\">La Peregrinaci\u00f3n Virtual a los Templos de los Navagrahas est\u00e1 dise\u00f1ada para ayudar a eliminar los bloqueos k\u00e1rmicos conect\u00e1ndote con la energ\u00eda de los nueve planetas, armonizando su influencia en tu vida.<\/p>\n<p class=\"mb-4\">Es una forma poderosa pero sencilla de mejorar las condiciones k\u00e1rmicas y transformar los bloqueos existentes. Esta peregrinaci\u00f3n la puedes realizar para ti o para un ser querido.<\/p>\n<p>La Peregrinaci\u00f3n Virtual incluye:<\/p>\n<ul class=\"mb-4\">\n<li>Ceremonias realizadas para ti en los templos de los Navagrahas.<\/li>\n<li>Acceso a un grupo de WhatsApp y Telegram con actualizaciones diarias durante la peregrinaci\u00f3n<\/li>\n<li>Donaciones hechas en tu nombre a los templos y a los necesitados<\/li>\n<\/ul>\n<p class=\"mb-4\">Recuerdos Sagrados (para la segunda opci\u00f3n de producto):<br \/>\nEstos son objetos benditos que provienen de los templos o cerca de ellos, y est\u00e1n imbuidos de su energ\u00eda. Si bien no podemos especificar los elementos exactos de antemano, sirven como un puente para conectarte con la energ\u00eda del templo dentro de tu espacio vital.<br \/>\nPara tener una idea sobre qu\u00e9 esperar, puede consultar <a class=\"text-body\" href=\"https:\/\/www.youtube.com\/watch?v=09WQJn8M8SA\" data-lity=\"\">este video de <\/a>una peregrinaci\u00f3n anterior.<\/p>\n<p><strong>Nota:<\/strong> Se incluye env\u00edo gratuito a todo el mundo para recuerdos sagrados.<\/p>\n","protected":false},"excerpt":{"rendered":"<p>Estos son objetos benditos que provienen de los templos o cerca de ellos, y est\u00e1n imbuidos de su energ\u00eda. Si bien no podemos especificar los elementos exactos de antemano&#8230;<\/p>\n","protected":false},"featured_media":3510,"comment_status":"open","ping_status":"closed","template":"","meta":{"_acf_changed":false},"product_brand":[],"product_cat":[215],"product_tag":[],"class_list":{"0":"post-22868","1":"product","2":"type-product","3":"status-publish","4":"has-post-thumbnail","6":"product_cat-uncategorized-es","8":"first","9":"instock","10":"purchasable","11":"product-type-variable"},"exclude_global_add_ons":[],"addons":[],"acf":[],"yoast_head":"<!-- This site is optimized with the Yoast SEO plugin v26.4 - https:\/\/yoast.com\/wordpress\/plugins\/seo\/ -->\n<title>Peregrinaci\u00f3n Virtual | My Palm Leaf<\/title>\n<meta name=\"description\" content=\"Vive una peregrinaci\u00f3n virtual \u00fanica, conectando espiritualmente con lugares sagrados y energ\u00edas divinas desde la comodidad de tu hogar.\" \/>\n<meta name=\"robots\" content=\"index, follow, max-snippet:-1, max-image-preview:large, max-video-preview:-1\" \/>\n<link rel=\"canonical\" href=\"https:\/\/mypalmleaf.com\/es\/precio\/peregrinacion-virtual\/\" \/>\n<meta property=\"og:locale\" content=\"es_ES\" \/>\n<meta property=\"og:type\" content=\"article\" \/>\n<meta property=\"og:title\" content=\"Peregrinaci\u00f3n Virtual | My Palm Leaf\" \/>\n<meta property=\"og:description\" content=\"Vive una peregrinaci\u00f3n virtual \u00fanica, conectando espiritualmente con lugares sagrados y energ\u00edas divinas desde la comodidad de tu hogar.\" \/>\n<meta property=\"og:url\" content=\"https:\/\/mypalmleaf.com\/es\/precio\/peregrinacion-virtual\/\" \/>\n<meta property=\"og:site_name\" content=\"My Palm Leaf\" \/>\n<meta property=\"article:modified_time\" content=\"2025-02-20T05:26:58+00:00\" \/>\n<meta property=\"og:image\" content=\"https:\/\/mypalmleaf.com\/wp-content\/uploads\/2024\/09\/mantra-product-page-18.jpg\" \/>\n\t<meta property=\"og:image:width\" content=\"1280\" \/>\n\t<meta property=\"og:image:height\" content=\"720\" \/>\n\t<meta property=\"og:image:type\" content=\"image\/jpeg\" \/>\n<meta name=\"twitter:card\" content=\"summary_large_image\" \/>\n<meta name=\"twitter:label1\" content=\"Tiempo de lectura\" \/>\n\t<meta name=\"twitter:data1\" content=\"1 minuto\" \/>\n<script type=\"application\/ld+json\" class=\"yoast-schema-graph\">{\"@context\":\"https:\/\/schema.org\",\"@graph\":[{\"@type\":\"WebPage\",\"@id\":\"https:\/\/mypalmleaf.com\/es\/precio\/peregrinacion-virtual\/\",\"url\":\"https:\/\/mypalmleaf.com\/es\/precio\/peregrinacion-virtual\/\",\"name\":\"Peregrinaci\u00f3n Virtual | My Palm Leaf\",\"isPartOf\":{\"@id\":\"https:\/\/mypalmleaf.com\/#website\"},\"primaryImageOfPage\":{\"@id\":\"https:\/\/mypalmleaf.com\/es\/precio\/peregrinacion-virtual\/#primaryimage\"},\"image\":{\"@id\":\"https:\/\/mypalmleaf.com\/es\/precio\/peregrinacion-virtual\/#primaryimage\"},\"thumbnailUrl\":\"https:\/\/mypalmleaf.com\/wp-content\/uploads\/2024\/09\/mantra-product-page-18.jpg\",\"datePublished\":\"2024-03-04T10:58:10+00:00\",\"dateModified\":\"2025-02-20T05:26:58+00:00\",\"description\":\"Vive una peregrinaci\u00f3n virtual \u00fanica, conectando espiritualmente con lugares sagrados y energ\u00edas divinas desde la comodidad de tu hogar.\",\"breadcrumb\":{\"@id\":\"https:\/\/mypalmleaf.com\/es\/precio\/peregrinacion-virtual\/#breadcrumb\"},\"inLanguage\":\"es\",\"potentialAction\":[{\"@type\":\"ReadAction\",\"target\":[\"https:\/\/mypalmleaf.com\/es\/precio\/peregrinacion-virtual\/\"]}]},{\"@type\":\"ImageObject\",\"inLanguage\":\"es\",\"@id\":\"https:\/\/mypalmleaf.com\/es\/precio\/peregrinacion-virtual\/#primaryimage\",\"url\":\"https:\/\/mypalmleaf.com\/wp-content\/uploads\/2024\/09\/mantra-product-page-18.jpg\",\"contentUrl\":\"https:\/\/mypalmleaf.com\/wp-content\/uploads\/2024\/09\/mantra-product-page-18.jpg\",\"width\":1280,\"height\":720,\"caption\":\"Statue of Gods\"},{\"@type\":\"BreadcrumbList\",\"@id\":\"https:\/\/mypalmleaf.com\/es\/precio\/peregrinacion-virtual\/#breadcrumb\",\"itemListElement\":[{\"@type\":\"ListItem\",\"position\":1,\"name\":\"Home\",\"item\":\"https:\/\/mypalmleaf.com\/es\/\"},{\"@type\":\"ListItem\",\"position\":2,\"name\":\"Shop\",\"item\":\"https:\/\/mypalmleaf.com\/et\/shop\/\"},{\"@type\":\"ListItem\",\"position\":3,\"name\":\"Peregrinaci\u00f3n Virtual\"}]},{\"@type\":\"WebSite\",\"@id\":\"https:\/\/mypalmleaf.com\/#website\",\"url\":\"https:\/\/mypalmleaf.com\/\",\"name\":\"My Palm Leaf\",\"description\":\"\",\"potentialAction\":[{\"@type\":\"SearchAction\",\"target\":{\"@type\":\"EntryPoint\",\"urlTemplate\":\"https:\/\/mypalmleaf.com\/?s={search_term_string}\"},\"query-input\":{\"@type\":\"PropertyValueSpecification\",\"valueRequired\":true,\"valueName\":\"search_term_string\"}}],\"inLanguage\":\"es\"}]}<\/script>\n<!-- \/ Yoast SEO plugin. -->","yoast_head_json":{"title":"Peregrinaci\u00f3n Virtual | My Palm Leaf","description":"Vive una peregrinaci\u00f3n virtual \u00fanica, conectando espiritualmente con lugares sagrados y energ\u00edas divinas desde la comodidad de tu hogar.","robots":{"index":"index","follow":"follow","max-snippet":"max-snippet:-1","max-image-preview":"max-image-preview:large","max-video-preview":"max-video-preview:-1"},"canonical":"https:\/\/mypalmleaf.com\/es\/precio\/peregrinacion-virtual\/","og_locale":"es_ES","og_type":"article","og_title":"Peregrinaci\u00f3n Virtual | My Palm Leaf","og_description":"Vive una peregrinaci\u00f3n virtual \u00fanica, conectando espiritualmente con lugares sagrados y energ\u00edas divinas desde la comodidad de tu hogar.","og_url":"https:\/\/mypalmleaf.com\/es\/precio\/peregrinacion-virtual\/","og_site_name":"My Palm Leaf","article_modified_time":"2025-02-20T05:26:58+00:00","og_image":[{"width":1280,"height":720,"url":"https:\/\/mypalmleaf.com\/wp-content\/uploads\/2024\/09\/mantra-product-page-18.jpg","type":"image\/jpeg"}],"twitter_card":"summary_large_image","twitter_misc":{"Tiempo de lectura":"1 minuto"},"schema":{"@context":"https:\/\/schema.org","@graph":[{"@type":"WebPage","@id":"https:\/\/mypalmleaf.com\/es\/precio\/peregrinacion-virtual\/","url":"https:\/\/mypalmleaf.com\/es\/precio\/peregrinacion-virtual\/","name":"Peregrinaci\u00f3n Virtual | My Palm Leaf","isPartOf":{"@id":"https:\/\/mypalmleaf.com\/#website"},"primaryImageOfPage":{"@id":"https:\/\/mypalmleaf.com\/es\/precio\/peregrinacion-virtual\/#primaryimage"},"image":{"@id":"https:\/\/mypalmleaf.com\/es\/precio\/peregrinacion-virtual\/#primaryimage"},"thumbnailUrl":"https:\/\/mypalmleaf.com\/wp-content\/uploads\/2024\/09\/mantra-product-page-18.jpg","datePublished":"2024-03-04T10:58:10+00:00","dateModified":"2025-02-20T05:26:58+00:00","description":"Vive una peregrinaci\u00f3n virtual \u00fanica, conectando espiritualmente con lugares sagrados y energ\u00edas divinas desde la comodidad de tu hogar.","breadcrumb":{"@id":"https:\/\/mypalmleaf.com\/es\/precio\/peregrinacion-virtual\/#breadcrumb"},"inLanguage":"es","potentialAction":[{"@type":"ReadAction","target":["https:\/\/mypalmleaf.com\/es\/precio\/peregrinacion-virtual\/"]}]},{"@type":"ImageObject","inLanguage":"es","@id":"https:\/\/mypalmleaf.com\/es\/precio\/peregrinacion-virtual\/#primaryimage","url":"https:\/\/mypalmleaf.com\/wp-content\/uploads\/2024\/09\/mantra-product-page-18.jpg","contentUrl":"https:\/\/mypalmleaf.com\/wp-content\/uploads\/2024\/09\/mantra-product-page-18.jpg","width":1280,"height":720,"caption":"Statue of Gods"},{"@type":"BreadcrumbList","@id":"https:\/\/mypalmleaf.com\/es\/precio\/peregrinacion-virtual\/#breadcrumb","itemListElement":[{"@type":"ListItem","position":1,"name":"Home","item":"https:\/\/mypalmleaf.com\/es\/"},{"@type":"ListItem","position":2,"name":"Shop","item":"https:\/\/mypalmleaf.com\/et\/shop\/"},{"@type":"ListItem","position":3,"name":"Peregrinaci\u00f3n Virtual"}]},{"@type":"WebSite","@id":"https:\/\/mypalmleaf.com\/#website","url":"https:\/\/mypalmleaf.com\/","name":"My Palm Leaf","description":"","potentialAction":[{"@type":"SearchAction","target":{"@type":"EntryPoint","urlTemplate":"https:\/\/mypalmleaf.com\/?s={search_term_string}"},"query-input":{"@type":"PropertyValueSpecification","valueRequired":true,"valueName":"search_term_string"}}],"inLanguage":"es"}]}},"_links":{"self":[{"href":"https:\/\/mypalmleaf.com\/es\/wp-json\/wp\/v2\/product\/22868","targetHints":{"allow":["GET"]}}],"collection":[{"href":"https:\/\/mypalmleaf.com\/es\/wp-json\/wp\/v2\/product"}],"about":[{"href":"https:\/\/mypalmleaf.com\/es\/wp-json\/wp\/v2\/types\/product"}],"replies":[{"embeddable":true,"href":"https:\/\/mypalmleaf.com\/es\/wp-json\/wp\/v2\/comments?post=22868"}],"wp:featuredmedia":[{"embeddable":true,"href":"https:\/\/mypalmleaf.com\/es\/wp-json\/wp\/v2\/media\/3510"}],"wp:attachment":[{"href":"https:\/\/mypalmleaf.com\/es\/wp-json\/wp\/v2\/media?parent=22868"}],"wp:term":[{"taxonomy":"product_brand","embeddable":true,"href":"https:\/\/mypalmleaf.com\/es\/wp-json\/wp\/v2\/product_brand?post=22868"},{"taxonomy":"product_cat","embeddable":true,"href":"https:\/\/mypalmleaf.com\/es\/wp-json\/wp\/v2\/product_cat?post=22868"},{"taxonomy":"product_tag","embeddable":true,"href":"https:\/\/mypalmleaf.com\/es\/wp-json\/wp\/v2\/product_tag?post=22868"}],"curies":[{"name":"wp","href":"https:\/\/api.w.org\/{rel}","templated":true}]}}