
{"id":33282,"date":"2024-08-14T06:28:52","date_gmt":"2024-08-14T06:28:52","guid":{"rendered":"https:\/\/mypalmleaf.com\/blogid\/"},"modified":"2025-04-30T08:54:20","modified_gmt":"2025-04-30T08:54:20","slug":"blogid","status":"publish","type":"page","link":"https:\/\/mypalmleaf.com\/et\/blogid\/","title":{"rendered":"Blogid"},"content":{"rendered":"<section class=\"spotlight-single top-gap\">\n  <div class=\"content-wrap\">\n    <div class=\"image\">\n      <picture>\n        <source media=\"(max-width: 999px)\" srcset=\"https:\/\/mypalmleaf.com\/wp-content\/uploads\/2024\/08\/blogs-spotlight-mob.jpg\" \/>\n        <source media=\"(min-width: 1000px)\" srcset=\"https:\/\/mypalmleaf.com\/wp-content\/uploads\/2024\/08\/blogs-spotlight.jpg\" \/>\n        <img decoding=\"async\" src=\"https:\/\/mypalmleaf.com\/wp-content\/uploads\/2024\/08\/blogs-spotlight.jpg\" class=\"img-fluid\" alt=\"\" \/>\n      <\/picture>\n    <\/div>\n    <div class=\"content\">\n      <div data-aos=\"fade-up\" data-aos-duration=\"1000\">\n        <h1>Blogi ja artiklid<\/h1>\n              <\/div>\n    <\/div>\n  <\/div>\n<\/section>\n\n  <section class=\"blog-card-wrap my-4\" data-aos=\"fade-up\" data-aos-duration=\"1000\">\n    <div class=\"container-xl\">\n      <div class=\"row gx-md-5\">\n                  <div class=\"col-lg-6 my-4\">\n            <div class=\"wrap\">\n              <div class=\"image\">\n                <div class=\"rounded-asset\"><img decoding=\"async\" src=\"https:\/\/mypalmleaf.com\/wp-content\/uploads\/2024\/08\/blog-thumb-1.jpg\" class=\"img-fluid\" alt=\"\"><\/div>\n              <\/div>\n              <div class=\"date\">detsember 28, 2024<\/div>\n              <div class=\"title\">Vedic &#038; Western Astrology:<\/div>\n              <div class=\"desc\"><p>Astrology, a celestial science, has been a significant aspect of various cultures, guiding individuals in understanding their destinies and the mysteries of the universe. Two prominent branches of astrology, Vedic and Western, have intrigued scholars and enthusiasts alike, each offering a unique lens through which to view the cosmos and human existence. ORIgins and philosophical [&hellip;]<\/p>\n<\/div>\n              <a href=\"https:\/\/mypalmleaf.com\/et\/vedic-western-astrology\/\" class=\"stretched-link\"><\/a>\n            <\/div>\n          <\/div>\n                  <div class=\"col-lg-6 my-4\">\n            <div class=\"wrap\">\n              <div class=\"image\">\n                <div class=\"rounded-asset\"><img decoding=\"async\" src=\"https:\/\/mypalmleaf.com\/wp-content\/uploads\/2024\/08\/blog-15-1.jpg\" class=\"img-fluid\" alt=\"\"><\/div>\n              <\/div>\n              <div class=\"date\">detsember 23, 2024<\/div>\n              <div class=\"title\">Ettevalmistused oma Palm Leaf Reading<\/div>\n              <div class=\"desc\"><p>Oma palmulehe otsimine on s\u00fcgav ja ilus protsess. Protsess avaneb t\u00e4ielikult koos oma transformatiivse m\u00f5juga, kui te kaalute oma peopesalehtede lugemiseks n\u00f5uetekohast ettevalmistust. Seet\u00f5ttu k\u00e4sitletakse k\u00e4esolevas artiklis lugemiseks valmistumist nii sisemiselt kui ka praktiliselt. Protsess algab teadvustamisega See algab k\u00f5igepealt selle protsessi keerulise ilu teadvustamisest. Kui liigutav on see, et \u00fcks valgustatud olend on tajunud [&hellip;]<\/p>\n<\/div>\n              <a href=\"https:\/\/mypalmleaf.com\/et\/preparing-for-your-palm-leaf-reading\/\" class=\"stretched-link\"><\/a>\n            <\/div>\n          <\/div>\n                  <div class=\"col-lg-6 my-4\">\n            <div class=\"wrap\">\n              <div class=\"image\">\n                <div class=\"rounded-asset\"><img decoding=\"async\" src=\"https:\/\/mypalmleaf.com\/wp-content\/uploads\/2024\/08\/blog_a_comparative_study_main-listing.jpg\" class=\"img-fluid\" alt=\"\"><\/div>\n              <\/div>\n              <div class=\"date\">oktoober 3, 2023<\/div>\n              <div class=\"title\">Jumalik \u00fchendus: Hanuman, Saturn ja teie peopesalehtede lugemine: Hanuman, Saturn ja teie peopesalehtede lugemine<\/div>\n              <div class=\"desc\"><p>Jumalik \u00fchendus: Hanuman, Saturn ja teie peopesalehtede lugemine: Hanuman, Saturn ja teie peopesalehtede lugemine Kui teil on hiljuti olnud ainulaadne kogemus peopesalehtede lugemisest meie spetsialiseeritud teenuste kaudu, olete v\u00f5ib-olla kohanud soovitusi, mis on seotud lord Hanumani ja planeediga Saturn. See ei ole juhuslik soovitus. See on s\u00fcgavalt juurdunud aspekt vedalikust astroloogiast ja vaimsusest. Selles artiklis [&hellip;]<\/p>\n<\/div>\n              <a href=\"https:\/\/mypalmleaf.com\/et\/the-divine-connection-hanuman-saturn-your-palm-leaf-reading-journey\/\" class=\"stretched-link\"><\/a>\n            <\/div>\n          <\/div>\n                  <div class=\"col-lg-6 my-4\">\n            <div class=\"wrap\">\n              <div class=\"image\">\n                <div class=\"rounded-asset\"><img decoding=\"async\" src=\"https:\/\/mypalmleaf.com\/wp-content\/uploads\/2022\/11\/blog-3.jpg\" class=\"img-fluid\" alt=\"\"><\/div>\n              <\/div>\n              <div class=\"date\">november 15, 2022<\/div>\n              <div class=\"title\">The Sacred Realm of Shambhala<\/div>\n              <div class=\"desc\"><p>Shambala is an oasis of compassion, love, freedom and light in a desert of ignorance and materialism. &#8211; Sahajananda There are many legends surrounding the sacred realm of Shambhala. Some saw it as a physical location. A paradise\/eutopia hidden high in the Himalaya. To others, it is a mysterious land inside the (apparently) hollow earth, [&hellip;]<\/p>\n<\/div>\n              <a href=\"https:\/\/mypalmleaf.com\/et\/the-sacred-realm-of-shambhala\/\" class=\"stretched-link\"><\/a>\n            <\/div>\n          <\/div>\n                  <div class=\"col-lg-6 my-4\">\n            <div class=\"wrap\">\n              <div class=\"image\">\n                <div class=\"rounded-asset\"><img decoding=\"async\" src=\"https:\/\/mypalmleaf.com\/wp-content\/uploads\/2022\/08\/Adobe-Express-file-2-1.png\" class=\"img-fluid\" alt=\"\"><\/div>\n              <\/div>\n              <div class=\"date\">august 25, 2022<\/div>\n              <div class=\"title\">The Saptarishi \u2013 The 7 Great Vedic Sages<\/div>\n              <div class=\"desc\"><p>The Vedas are the earliest known works of spiritual literature on the planet. These and other great scriptures, for instance, Mahabharata and Ramayana, contain the stories of the Saptarishi, or seven great sages. These sages are the sons of the mighty Brahma. He sent them to earth, thus supporting the spiritual evolution of humanity and [&hellip;]<\/p>\n<\/div>\n              <a href=\"https:\/\/mypalmleaf.com\/et\/the-saptarishi-the-7-great-vedic-sages\/\" class=\"stretched-link\"><\/a>\n            <\/div>\n          <\/div>\n                  <div class=\"col-lg-6 my-4\">\n            <div class=\"wrap\">\n              <div class=\"image\">\n                <div class=\"rounded-asset\"><img decoding=\"async\" src=\"https:\/\/mypalmleaf.com\/wp-content\/uploads\/2024\/08\/blog-23-2.jpg\" class=\"img-fluid\" alt=\"\"><\/div>\n              <\/div>\n              <div class=\"date\">juuni 26, 2022<\/div>\n              <div class=\"title\">Kes on Sri Agastya Maharishi?<\/div>\n              <div class=\"desc\"><p>Kes on Sri Agastya Maharishi? Sri Agastya (m\u00f5nikord kirjutatakse ka Agathiyar v\u00f5i Agasti) on Saptarishi p\u00f5him\u00f5te. Saptarishi on 7 v\u00e4ga t\u00e4htsat vaimset meistrit, kes p\u00e4rinevad Indias veedade ajastust. Nad koostasid palmilehtede k\u00e4sikirju, andsid oma panuse meditsiini, astroloogia, grammatika ja isegi v\u00f5itluskunstide vallas ning koostasid palju olulisi tekste. Arvestades, et Sri Agastya on nii hinnatud mitte [&hellip;]<\/p>\n<\/div>\n              <a href=\"https:\/\/mypalmleaf.com\/et\/kes-on-sri-agastya-maharishi\/\" class=\"stretched-link\"><\/a>\n            <\/div>\n          <\/div>\n                  <div class=\"col-lg-6 my-4\">\n            <div class=\"wrap\">\n              <div class=\"image\">\n                <div class=\"rounded-asset\"><img decoding=\"async\" src=\"https:\/\/mypalmleaf.com\/wp-content\/uploads\/2022\/06\/Adobe-Express-file-17.jpg\" class=\"img-fluid\" alt=\"\"><\/div>\n              <\/div>\n              <div class=\"date\">juuni 15, 2022<\/div>\n              <div class=\"title\">The Grace of the Palm Leaf Prophecies<\/div>\n              <div class=\"desc\"><p>\u201cWhat if you could consciously connect with [the subtle level of this reality] and feel it unconditionally holding you, supporting, guiding and loving you in every aspect of your life?\u201d Subtle Dimension of Grace?What if there was a subtle dimension of this reality that literally emanated love and support for this world and everyone in [&hellip;]<\/p>\n<\/div>\n              <a href=\"https:\/\/mypalmleaf.com\/et\/the-grace-of-the-palm-leaf-prophecies\/\" class=\"stretched-link\"><\/a>\n            <\/div>\n          <\/div>\n                  <div class=\"col-lg-6 my-4\">\n            <div class=\"wrap\">\n              <div class=\"image\">\n                <div class=\"rounded-asset\"><img decoding=\"async\" src=\"https:\/\/mypalmleaf.com\/wp-content\/uploads\/2021\/09\/Adobe-Express-file-6-1.png\" class=\"img-fluid\" alt=\"\"><\/div>\n              <\/div>\n              <div class=\"date\">september 2, 2021<\/div>\n              <div class=\"title\">Maharishis and Nadi Astrology<\/div>\n              <div class=\"desc\"><p>The palm leaf manuscripts and the Nadi astrology predictions they contain were written by Siddhas, Maharishis and scholars. They wrote these texts were written in several different languages. We know that scholars are specialists in a particular field of study or academics, but who are these Siddhas or rishis? SIDDHAS, MAHARISHIS, AND NADI ASTROLOGY Siddhas [&hellip;]<\/p>\n<\/div>\n              <a href=\"https:\/\/mypalmleaf.com\/et\/maharishis-and-nadi-astrology\/\" class=\"stretched-link\"><\/a>\n            <\/div>\n          <\/div>\n              <\/div>\n          <\/div>\n  <\/section>\n\n\n\n<section class=\"find-your-palm-leaf-block\" data-aos=\"fade-up\" data-aos-duration=\"1000\">\n  <div class=\"container-fluid px-0\">\n    <div class=\"row g-0\">\n      <div class=\"col\">\n        <div class=\"find-your-leaf-bg\">\n          <picture>\n            <source media=\"(max-width: 999px)\" srcset=\"https:\/\/mypalmleaf.com\/wp-content\/uploads\/2024\/08\/Find-your-Palm-Leaf-mob.jpg\" \/>\n            <source media=\"(min-width: 1000px)\" srcset=\"https:\/\/mypalmleaf.com\/wp-content\/uploads\/2024\/08\/Find-your-Palm-Leaf.jpg\" \/>\n            <img decoding=\"async\" src=\"https:\/\/mypalmleaf.com\/wp-content\/uploads\/2024\/08\/Find-your-Palm-Leaf.jpg\" class=\"img-fluid\" alt=\"\" \/>\n          <\/picture>\n        <\/div>\n      <\/div>\n    <\/div>\n    <div class=\"content\">\n      <div class=\"container-xl\" data-aos=\"fade-up\" data-aos-duration=\"1000\">\n        <div class=\"row py-4\">\n          <div class=\"col-lg-8 mx-auto\">\n            <h2 class=\"mb-2\">Leia oma Palmileht!<\/h2>\n            <ul>\n<li>K\u00f5ik, mida vajate oma palmilehe otsima hakkamiseks, on teie p\u00f6idlaj\u00e4lg.<\/li>\n<li>Kui vajad t\u00f5lget teise keelde, saame seda Sinu jaoks teha.<\/li>\n<li>Kui me ei leia Sinu palmilehte 3 sobiva kuup\u00e4eva jooksul, tagastame Sulle kogu summa.<\/li>\n<\/ul>\n          <\/div>\n        <\/div>\n        <div class=\"row mt-4\">\n          <div class=\"col text-center\">\n            <a href=\"\/et\/prices\/find-your-palm-leaf-and-read-the-general-chapter\/\" class=\"btn btn-primary\">Leia minu leht<\/a>\n          <\/div>\n        <\/div>\n      <\/div>\n    <\/div>\n  <\/div>\n<\/section>","protected":false},"excerpt":{"rendered":"","protected":false},"author":1,"featured_media":0,"parent":0,"menu_order":0,"comment_status":"closed","ping_status":"closed","template":"","meta":{"_acf_changed":false,"footnotes":""},"class_list":["post-33282","page","type-page","status-publish","hentry"],"acf":[],"yoast_head":"<!-- This site is optimized with the Yoast SEO plugin v26.4 - https:\/\/yoast.com\/wordpress\/plugins\/seo\/ -->\n<title>Blogid - My Palm Leaf<\/title>\n<meta name=\"description\" content=\"Sukeldu inspireerivatesse blogidesse palmilehtede lugemisest, vaimsetest r\u00e4nnakutest ja isiklikust kasvust. Avasta iidne tarkus ja ajatu juhatus.\" \/>\n<meta name=\"robots\" content=\"index, follow, max-snippet:-1, max-image-preview:large, max-video-preview:-1\" \/>\n<link rel=\"canonical\" href=\"https:\/\/mypalmleaf.com\/et\/blogid\/\" \/>\n<meta property=\"og:locale\" content=\"et_EE\" \/>\n<meta property=\"og:type\" content=\"article\" \/>\n<meta property=\"og:title\" content=\"Blogid - My Palm Leaf\" \/>\n<meta property=\"og:description\" content=\"Sukeldu inspireerivatesse blogidesse palmilehtede lugemisest, vaimsetest r\u00e4nnakutest ja isiklikust kasvust. Avasta iidne tarkus ja ajatu juhatus.\" \/>\n<meta property=\"og:url\" content=\"https:\/\/mypalmleaf.com\/et\/blogid\/\" \/>\n<meta property=\"og:site_name\" content=\"My Palm Leaf\" \/>\n<meta property=\"article:modified_time\" content=\"2025-04-30T08:54:20+00:00\" \/>\n<meta property=\"og:image\" content=\"https:\/\/mypalmleaf.com\/wp-content\/uploads\/2025\/08\/mpl-circle-logo.jpg\" \/>\n\t<meta property=\"og:image:width\" content=\"1200\" \/>\n\t<meta property=\"og:image:height\" content=\"1196\" \/>\n\t<meta property=\"og:image:type\" content=\"image\/jpeg\" \/>\n<meta name=\"twitter:card\" content=\"summary_large_image\" \/>\n<script type=\"application\/ld+json\" class=\"yoast-schema-graph\">{\"@context\":\"https:\/\/schema.org\",\"@graph\":[{\"@type\":\"WebPage\",\"@id\":\"https:\/\/mypalmleaf.com\/et\/blogid\/\",\"url\":\"https:\/\/mypalmleaf.com\/et\/blogid\/\",\"name\":\"Blogid - My Palm Leaf\",\"isPartOf\":{\"@id\":\"https:\/\/mypalmleaf.com\/#website\"},\"datePublished\":\"2024-08-14T06:28:52+00:00\",\"dateModified\":\"2025-04-30T08:54:20+00:00\",\"description\":\"Sukeldu inspireerivatesse blogidesse palmilehtede lugemisest, vaimsetest r\u00e4nnakutest ja isiklikust kasvust. Avasta iidne tarkus ja ajatu juhatus.\",\"breadcrumb\":{\"@id\":\"https:\/\/mypalmleaf.com\/et\/blogid\/#breadcrumb\"},\"inLanguage\":\"et\",\"potentialAction\":[{\"@type\":\"ReadAction\",\"target\":[\"https:\/\/mypalmleaf.com\/et\/blogid\/\"]}]},{\"@type\":\"BreadcrumbList\",\"@id\":\"https:\/\/mypalmleaf.com\/et\/blogid\/#breadcrumb\",\"itemListElement\":[{\"@type\":\"ListItem\",\"position\":1,\"name\":\"Home\",\"item\":\"https:\/\/mypalmleaf.com\/et\/\"},{\"@type\":\"ListItem\",\"position\":2,\"name\":\"Blogid\"}]},{\"@type\":\"WebSite\",\"@id\":\"https:\/\/mypalmleaf.com\/#website\",\"url\":\"https:\/\/mypalmleaf.com\/\",\"name\":\"My Palm Leaf\",\"description\":\"\",\"potentialAction\":[{\"@type\":\"SearchAction\",\"target\":{\"@type\":\"EntryPoint\",\"urlTemplate\":\"https:\/\/mypalmleaf.com\/?s={search_term_string}\"},\"query-input\":{\"@type\":\"PropertyValueSpecification\",\"valueRequired\":true,\"valueName\":\"search_term_string\"}}],\"inLanguage\":\"et\"}]}<\/script>\n<!-- \/ Yoast SEO plugin. -->","yoast_head_json":{"title":"Blogid - My Palm Leaf","description":"Sukeldu inspireerivatesse blogidesse palmilehtede lugemisest, vaimsetest r\u00e4nnakutest ja isiklikust kasvust. Avasta iidne tarkus ja ajatu juhatus.","robots":{"index":"index","follow":"follow","max-snippet":"max-snippet:-1","max-image-preview":"max-image-preview:large","max-video-preview":"max-video-preview:-1"},"canonical":"https:\/\/mypalmleaf.com\/et\/blogid\/","og_locale":"et_EE","og_type":"article","og_title":"Blogid - My Palm Leaf","og_description":"Sukeldu inspireerivatesse blogidesse palmilehtede lugemisest, vaimsetest r\u00e4nnakutest ja isiklikust kasvust. Avasta iidne tarkus ja ajatu juhatus.","og_url":"https:\/\/mypalmleaf.com\/et\/blogid\/","og_site_name":"My Palm Leaf","article_modified_time":"2025-04-30T08:54:20+00:00","og_image":[{"width":1200,"height":1196,"url":"https:\/\/mypalmleaf.com\/wp-content\/uploads\/2025\/08\/mpl-circle-logo.jpg","type":"image\/jpeg"}],"twitter_card":"summary_large_image","schema":{"@context":"https:\/\/schema.org","@graph":[{"@type":"WebPage","@id":"https:\/\/mypalmleaf.com\/et\/blogid\/","url":"https:\/\/mypalmleaf.com\/et\/blogid\/","name":"Blogid - My Palm Leaf","isPartOf":{"@id":"https:\/\/mypalmleaf.com\/#website"},"datePublished":"2024-08-14T06:28:52+00:00","dateModified":"2025-04-30T08:54:20+00:00","description":"Sukeldu inspireerivatesse blogidesse palmilehtede lugemisest, vaimsetest r\u00e4nnakutest ja isiklikust kasvust. Avasta iidne tarkus ja ajatu juhatus.","breadcrumb":{"@id":"https:\/\/mypalmleaf.com\/et\/blogid\/#breadcrumb"},"inLanguage":"et","potentialAction":[{"@type":"ReadAction","target":["https:\/\/mypalmleaf.com\/et\/blogid\/"]}]},{"@type":"BreadcrumbList","@id":"https:\/\/mypalmleaf.com\/et\/blogid\/#breadcrumb","itemListElement":[{"@type":"ListItem","position":1,"name":"Home","item":"https:\/\/mypalmleaf.com\/et\/"},{"@type":"ListItem","position":2,"name":"Blogid"}]},{"@type":"WebSite","@id":"https:\/\/mypalmleaf.com\/#website","url":"https:\/\/mypalmleaf.com\/","name":"My Palm Leaf","description":"","potentialAction":[{"@type":"SearchAction","target":{"@type":"EntryPoint","urlTemplate":"https:\/\/mypalmleaf.com\/?s={search_term_string}"},"query-input":{"@type":"PropertyValueSpecification","valueRequired":true,"valueName":"search_term_string"}}],"inLanguage":"et"}]}},"_links":{"self":[{"href":"https:\/\/mypalmleaf.com\/et\/wp-json\/wp\/v2\/pages\/33282","targetHints":{"allow":["GET"]}}],"collection":[{"href":"https:\/\/mypalmleaf.com\/et\/wp-json\/wp\/v2\/pages"}],"about":[{"href":"https:\/\/mypalmleaf.com\/et\/wp-json\/wp\/v2\/types\/page"}],"author":[{"embeddable":true,"href":"https:\/\/mypalmleaf.com\/et\/wp-json\/wp\/v2\/users\/1"}],"replies":[{"embeddable":true,"href":"https:\/\/mypalmleaf.com\/et\/wp-json\/wp\/v2\/comments?post=33282"}],"version-history":[{"count":0,"href":"https:\/\/mypalmleaf.com\/et\/wp-json\/wp\/v2\/pages\/33282\/revisions"}],"wp:attachment":[{"href":"https:\/\/mypalmleaf.com\/et\/wp-json\/wp\/v2\/media?parent=33282"}],"curies":[{"name":"wp","href":"https:\/\/api.w.org\/{rel}","templated":true}]}}