{"id":33296,"date":"2024-08-14T07:24:30","date_gmt":"2024-08-14T07:24:30","guid":{"rendered":"https:\/\/mypalmleaf.com\/kkk\/"},"modified":"2025-04-24T11:34:38","modified_gmt":"2025-04-24T11:34:38","slug":"kkk","status":"publish","type":"page","link":"https:\/\/mypalmleaf.com\/et\/kkk\/","title":{"rendered":"KKK"},"content":{"rendered":"<section class=\"faq-top-section my-6 mb-4 mt-xs-4\">\n  <div class=\"container\">\n    <div class=\"row mb-4 justify-content-center\">\n      <div class=\"col-lg-10 text-center\" data-aos=\"fade-up\" data-aos-duration=\"1000\">\n        <h1 class=\"py-4\">Korduma kippuvad k\u00fcsimused<\/h1>\n      <\/div>\n    <\/div>\n    <div class=\"row\">\n      <div class=\"col-lg-10 mx-auto\">\n        <div class=\"row justify-content-between align-items-center\">\n          <div class=\"col-lg-7\" data-aos=\"fade-up\" data-aos-duration=\"1000\">\n            <div class=\"rounded-asset\">\n              <img decoding=\"async\" src=\"https:\/\/mypalmleaf.com\/wp-content\/uploads\/2024\/08\/stefan.jpg\" class=\"img-fluid\" alt=\"\">\n              <div class=\"play-icon\"><\/div>\n              <a href=\"https:\/\/www.youtube.com\/watch?v=IPzOvDRb6pU\" class=\"stretched-link\" data-lity><\/a>\n            <\/div>\n          <\/div>\n          <div class=\"col-lg-5\" data-aos=\"fade-up\" data-aos-duration=\"1000\">\n            <h3>Vastused 10-le k\u00f5ige sagedasemale k\u00fcsimusele India palmilehe ennustuste kohta<\/h3>\n          <\/div>\n        <\/div>\n      <\/div>\n\n    <\/div>\n  <\/div>\n<\/section>\n\n<div class=\"acc-wrap-bind\">\n  <section class=\"acc-nav-block my-5 py-3\" data-aos=\"fade-up\" data-aos-duration=\"1000\">\n    <div class=\"container\">\n      <div class=\"row justify-content-center\">\n        <div class=\"col-lg-8 faqs-heading\">\n          <ul>\n                                      <li>\n                <a href=\"#\u00fcldk\u00fcsimused\" class=\"active\">\n                  \u00dcldised k\u00fcsimused<\/a>\n              <\/li>\n                                        <li>\n                <a href=\"#about-the-reading\" class=\"\">\n                  Lugemiste kohta<\/a>\n              <\/li>\n                                        <li>\n                <a href=\"#abin\u00f5ude kohta\" class=\"\">\n                  Abin\u00f5ude kohta<\/a>\n              <\/li>\n                                    <\/ul>\n        <\/div>\n      <\/div>\n    <\/div>\n  <\/section>\n\n        <section class=\"accordion-container position-relative\" data-aos=\"fade-up\" data-aos-duration=\"1000\" id=\"\u00fcldk\u00fcsimused\">\n      <div class=\"container-xl\">\n        <div class=\"row\">\n          <h3>\u00dcldised k\u00fcsimused<\/h3>\n          <div class=\"accr-wrap\">\n                          <div class=\"head\">Kas iga\u00fchele on olemas palmileht?<\/div>\n              <div class=\"content\">\n                <p>Ei, k\u00f5igile ei ole palmilehti kirjutatud. Kuid just need inimesed, kes tunnevad kutsumust oma lehe otsimiseks, on tihtipeale just selline leht neid ootamas. <\/p>\n              <\/div>\n                          <div class=\"head\">Kes kirjutas palmilehed?<\/div>\n              <div class=\"content\">\n                <p>Legendi kohaselt kirjutasid palmilehed tuhandeid aastaid tagasi &#8220;Rishid&#8221;, kes olid t\u00e4nap\u00e4eva inimestest palju k\u00f5rgemalt arenenud tarkade r\u00fchm. Nende teadvus oli palju laiem ja nad suutsid t\u00f6\u00f6delda palju rohkem teavet. Samuti oli nende eluiga sadu kuni tuhandeid aastaid.  <\/p>\n              <\/div>\n                          <div class=\"head\">Kus on palmilehed?<\/div>\n              <div class=\"content\">\n                <p>Palmilehti ladustatakse palmilehtede raamatukogudes, mis asuvad peamiselt India l\u00f5unaosas. M\u00f5ned v\u00e4ikesed raamatukogud asuvad ka India p\u00f5hjaosas, Sri Lankal ja Balil. <\/p>\n              <\/div>\n                          <div class=\"head\">Kui palju on palmilehti ja palmilehtede raamatukogusid?<\/div>\n              <div class=\"content\">\n                <p>Keegi ei tea, kui palju palmilehti v\u00f5i raamatukogusid on olemas. Tsentraliseeritud s\u00fcsteemi ei ole. <\/p>\n              <\/div>\n                          <div class=\"head\">Kes on palmilehtede lugejad?<\/div>\n              <div class=\"content\">\n                <p>Palmilehtede lugejaid, kellega me t\u00f6\u00f6tame, on koolitatud juba mitu p\u00f5lvkonda. Iidne palmilehtede lugemise kunst on p\u00e4randunud isalt pojale paljude p\u00f5lvkondade jooksul. Nad asuvad Tamil Nadus, L\u00f5una-Indias.  <\/p>\n              <\/div>\n                          <div class=\"head\">Kuidas v\u00f5isid Rishid teada ja kirjutada kaasaegsest tehnoloogiast, nimedest jne?<\/div>\n              <div class=\"content\">\n                <p>Palmilehed olid kirjutatud iidses tamili keeles, mis on v\u00e4ga poeetiline keel, milles kirjeldatakse olukordi ja esemeid. T\u00f5lkija oluline roll on muuta need pikad poeetilised laused t\u00e4nap\u00e4eva inglise keelde. N\u00e4iteks v\u00f5ib palmileht \u00f6elda: &#8220;Otsija leiutab muusikat ja m\u00e4letab seda \u00fcmmarguste esemetega&#8221; ja t\u00f5lkija v\u00f5ib \u00f6elda: &#8220;Sa oled muusik ja oled salvestanud CD-d.&#8221; Tamili keel on helip\u00f5hine keel. Seet\u00f5ttu on l\u00e4\u00e4ne 21. sajandi nimede de\u0161ifreerimine sageli keerukas protsess. Lugeja loeb s\u00fcmbolite helisid ning tuvastab t\u00f5lkija ja otsija abiga nime.<\/p>\n              <\/div>\n                          <div class=\"head\">Miks on olemas erinevad palmilehtede lugemise formaadid?<\/div>\n              <div class=\"content\">\n                <p>Nadi ajalugu on segu legendidest ja m\u00fcsteeriumidest, mis toimivad imep\u00e4raselt. R\u00e4\u00e4gitakse, et palmilehed on kirjutatud Sapta Rishide, 7 (sapta) tarkade (Rishide) r\u00fchma poolt. Seet\u00f5ttu on v\u00f5imalik, et \u00fchel inimesel v\u00f5ib olla kuni 7 erinevat versiooni oma elulookirjeldusest, millest iga Rishi on kirjutanud \u00fche. Peamine palmilehtede autor on Rishi &#8220;Agastya&#8221;, kuigi on olemas ka erinevaid Nadi-vorminguid, mille autoriks on sama autor. Raamatukogud, millega me t\u00f6\u00f6tame, teevad peamiselt Rishi &#8220;Agastya&#8221; lugemisi, kuid soovi korral on saadaval ka teiste Rishide lehed.    <\/p>\n              <\/div>\n                          <div class=\"head\">Kas oleks parem tulla isiklikult Indias asuvasse raamatukokku?<\/div>\n              <div class=\"content\">\n                <p>Zoomiga palmilehtede lugemise k\u00e4igus saadud teave edastatakse samamoodi, nagu seda saaksid isiklikult Indias asuvas autentses peopesalehtede raamatukogus. Kuid loomulikult on kogu reis Indiasse, mis on nii m\u00fcstiline koht, et oma saatust paljastada, samuti ilus palver\u00e4nnak. Kui Sul on v\u00f5imalik Indiasse reisida, et k\u00fclastada raamatukogu, siis on see muidugi ideaalne, kuid lugemine internetis ja hetkel, mil Sina seda vajad, on kasulikum kui aastaid Indiasse mineku ootamine. Kui Sa j\u00e4rgid oma intuitsiooni, siis Sa tead, millal on Sinu jaoks \u00f5ige aeg.   <\/p>\n              <\/div>\n                          <div class=\"head\">Milline on hind ja mida see sisaldab?<\/div>\n              <div class=\"content\">\n                <p>Sinu lehe otsimise ja identifitseerimise, \u00fcldpeat\u00fcki ja 14. peat\u00fcki lugemise maksumus on 289 \u20ac. See sisaldab Sinu lehte sisaldada v\u00f5ivate k\u00f6ite f\u00fc\u00fcsilist otsimist India raamatukogudes ning sobitamise protsessi koos lugeja, t\u00f5lkija ja enamasti ka moderaatoriga.<br \/>\nRaamatukogudes otsimine v\u00f5ib v\u00f5tta mitu tundi. Sobitamine v\u00f5ib v\u00f5tta kuni 2 tundi (enamikul edukatel juhtudel umbes 1 tund) ning \u00fcldpeat\u00fcki ja 14. peat\u00fcki lugemine v\u00f5tab umbes 2 tundi. T\u00f5lge teistesse keeltesse on v\u00f5imalik ja maksab 38 \u20ac. Kui soovid hiljem broneerida t\u00e4iendavaid peat\u00fckke, on \u00fche peat\u00fcki hind 49-79 \u20ac. Peat\u00fckkide lugemine kestab umbes 15-60 minutit. Kui elad EL-i liikmesriigis, lisatakse hinnale k\u00e4ibemaks. Sinu riigi hinda n\u00e4ed broneerimislehel.  <\/p>\n              <\/div>\n                      <\/div>\n        <\/div>\n      <\/div>\n          <\/section>\n          <section class=\"accordion-container position-relative\" data-aos=\"fade-up\" data-aos-duration=\"1000\" id=\"about-the-reading\">\n      <div class=\"container-xl\">\n        <div class=\"row\">\n          <h3>Lugemiste kohta<\/h3>\n          <div class=\"accr-wrap\">\n                          <div class=\"head\">Kui kaua v\u00f5tab lugemine aega?<\/div>\n              <div class=\"content\">\n                <p>Keskmiselt v\u00f5tab sobitamise ja lugemise protsess umbes 2,5-4 tundi. Siiski ei saa me eelnevalt \u00f6elda, kui kaua see aega v\u00f5tab, sest see s\u00f5ltub sellest, millal (v\u00f5i kas) teie leht leitakse. Kui teie isiklik palmileht on tuvastatud, v\u00f5tab \u00fcldpeat\u00fcki ja 14. peat\u00fcki lugemine umbes 1-2 tundi.  <\/p>\n              <\/div>\n                          <div class=\"head\">Kas on v\u00f5imalik, et minu lehte ei leita?<\/div>\n              <div class=\"content\">\n                <p>Jah. V\u00f5ib juhtuda, et Sinu lehte ei leita. See on tavaline ja sellel v\u00f5ivad olla erinevad p\u00f5hjused. V\u00f5imalik, et Sinu jaoks ei ole lehte olemas v\u00f5i on ka v\u00f5imalik, et Sinu jaoks ei ole veel \u00f5ige aeg. Me hoolitseme selle eest, et Sinu lehte otsitakse p\u00f5hjalikult ja kui seda ei leita, soovitame Sul oodata v\u00e4hemalt 30 p\u00e4eva ja seej\u00e4rel alustada otsingut uuesti.    <\/p>\n              <\/div>\n                          <div class=\"head\">Kuidas ma peaksin lugemiseks valmistuma?<\/div>\n              <div class=\"content\">\n                <p>Veendu, et oled vaikses, h\u00e4irimatus kohas, kus on hea interneti\u00fchendus. Sisemiselt, soovitame Sinul olla puhanud ja l\u00e4heneda lugemisele suure austuse ja avatusega. Kaastundlik tark kirjutas tuhandeid aastaid tagasi Sinu eluprognoosi, mis on s\u00e4ilinud paljude p\u00f5lvkondade jooksul, et seda Sinule t\u00e4na ette lugeda. See on t\u00f5eliselt eriline s\u00fcndmus ja mida teadlikum sellest ollakse, seda s\u00fcgavamad v\u00f5ivad olla selle m\u00f5jud.<\/p>\n              <\/div>\n                          <div class=\"head\">Kas mulle \u00f6eldakse millal ma suren?<\/div>\n              <div class=\"content\">\n                <p>Kui Sinu palmileht on leitud, siis saad k\u00f5igepealt lugeda \u00fcldist peat\u00fckki, mis v\u00f5ib sisaldada eluohtlikke perioode v\u00f5i Sinu v\u00f5imalikku surma. Kui Sa ei soovi kuulda eluohtudest, v\u00f5id sellest moderaatorile lugemise alguses teada anda. Kui soovid kuulda rohkem \u00fcksikasju aja ja asjaolude kohta, kuidas Sa v\u00f5iksid oma kehast lahkuda, siis soovitame lugeda lisapeat\u00fckki 8, mis r\u00e4\u00e4gib sellest.  <\/p>\n              <\/div>\n                      <\/div>\n        <\/div>\n      <\/div>\n          <\/section>\n          <section class=\"accordion-container position-relative\" data-aos=\"fade-up\" data-aos-duration=\"1000\" id=\"abin\u00f5ude kohta\">\n      <div class=\"container-xl\">\n        <div class=\"row\">\n          <h3>Abin\u00f5ude kohta<\/h3>\n          <div class=\"accr-wrap\">\n                          <div class=\"head\">Millised on abin\u00f5ud?<\/div>\n              <div class=\"content\">\n                <p>Palmilehtede peamine eesm\u00e4rk on pakkuda otsijale juhatust, andes talle laiema vaatenurga tema elule ja pakkudes abivahendeid, et parandada oma elutee kogemust abin\u00f5ude n\u00e4ol. Rishid n\u00e4gid, millist karmat inimene kannab, mis t\u00f5en\u00e4oliselt tekitab takistusi tema elus. Samuti n\u00e4gid nad, millised vahendid oleksid kasulikud, et muuta seda karmat v\u00f5i kaitsta otsijat selle k\u00f5ige kahjulikuma m\u00f5ju eest. Enamasti r\u00e4\u00e4gitakse 13. + 14. peat\u00fckis vanast karmast ja pakutakse lahendusi abin\u00f5ude n\u00e4ol. Need abin\u00f5ud v\u00f5ivad olla lihtsad tegevused, nagu raha annetamine teatud otstarbeks, looma toitmine, riiete andmine vaesele inimesele v\u00f5i palver\u00e4nnakud p\u00fchadesse kohtadesse v\u00f5i konkreetsed praktikad v\u00f5i rituaalid.    <\/p>\n              <\/div>\n                          <div class=\"head\">  Mis on karma?<\/div>\n              <div class=\"content\">\n                <p>S\u00f5na &#8220;karma&#8221; t\u00e4hendab t\u00f5lkes &#8220;tegevus&#8221;. Igal meie poolt kunagi sooritatud keha, k\u00f5ne ja meele teol on energeetiline m\u00f5ju nii universumis kui ka meie enda energiav\u00e4ljas. Meie energiav\u00e4li koosneb p\u00f5him\u00f5tteliselt v\u00e4ga keerulisest kombinatsioonist k\u00f5igist meie eelnevatest tegudest lugematute elude jooksul. Vastavalt meie energiav\u00e4lja mitmem\u00f5\u00f5tmelisele sagedusele t\u00f5mbame oma elus ligi teatud kogemusi.   <\/p>\n              <\/div>\n                          <div class=\"head\">Kuidas toimivad abin\u00f5ud?<\/div>\n              <div class=\"content\">\n                <p>K\u00f5ik universumis koosneb energiast. Me oleme keeruline energiav\u00e4li ja selle sageduste alusel t\u00f5mbame ligi teatud kogemusi. Rishid oskasid n\u00e4ha ja ennustada, millised meie varasemad tegevused tekitasid teatud sagedusi ja millised on nende t\u00f5en\u00e4olised tagaj\u00e4rjed. Samuti n\u00e4gid ja ennustasid nad, milline tegevus v\u00f5i vaimne praktika kutsuks esile v\u00e4ga spetsiifilise energia, mis muudaks v\u00f5i tasakaalustaks seda kahjulikku sagedust. Seet\u00f5ttu on ravimid v\u00e4ga spetsiifilised energeetilised ravimid, mis muudavad ja tasakaalustavad meie karmat.    <\/p>\n              <\/div>\n                          <div class=\"head\">Mis on mantra?<\/div>\n              <div class=\"content\">\n                <p>Mantra on sanskriti keeles heliv\u00e4rin, mis kutsub esile ja kannab endas kindlat sagedust ja energiat. Mantra k\u00f5netamisega kas valjusti v\u00f5i sisemiselt saame kutsuda esile erinevaid spetsiifiliste vibratsioonidega energiaid. <\/p>\n              <\/div>\n                          <div class=\"head\">Mis on yantra?<\/div>\n              <div class=\"content\">\n                <p>Nii nagu mantra on energia heli kujul, on ka jantra energia geomeetrilise struktuuri kujul. See on n\u00e4htavaks tehtud energeetiline sagedus, mis v\u00f5ib olla kas 2D v\u00f5i 3D. <\/p>\n              <\/div>\n                          <div class=\"head\">Mis on puja?<\/div>\n              <div class=\"content\">\n                <p>Pud\u017ea on tseremoonia, mida sageli peetakse konkreetse hinduistliku jumaluse jaoks. Jumalused on p\u00f5him\u00f5tteliselt konkreetsete energiate kehastused. Kui pud\u017ea peetakse konkreetsele jumalale v\u00f5i jumalannale, kutsutakse see konkreetne sagedus esile selle isiku elus, kellele pud\u017ea peetakse.  <\/p>\n              <\/div>\n                          <div class=\"head\">Mis on homa?<\/div>\n              <div class=\"content\">\n                <p>Homa on keerulisem ja v\u00f5imsam pud\u017ea tule tseremoonia vormis, et austada ja kutsuda erinevaid jumalusi ning kutsuda nende \u00f5nnistusi selle isiku ellu, kelle jaoks homa peetakse.<\/p>\n              <\/div>\n                          <div class=\"head\">Mis on japa?<\/div>\n              <div class=\"content\">\n                <p>D\u017eapade praktika on sadhana (vaimne praktika), mille k\u00e4igus lauldakse pidevalt kindlat mantrat, n\u00e4iteks &#8220;Om Namah Shivaya&#8221;. Igap\u00e4evane d\u017eapapraktika aitab puhastada ja keskenduda meelele. Seda v\u00f5ib teha ka kellegi teise jaoks, et \u00f5nnistada seda inimest konkreetse energiaga.  <\/p>\n              <\/div>\n                      <\/div>\n        <\/div>\n      <\/div>\n                        <div class=\"parallax-item-4 parallax-item\" data-speed=\".08\"><img decoding=\"async\" src=\"https:\/\/mypalmleaf.com\/wp-content\/uploads\/2024\/09\/parallax-item-4.png\" class=\"img-fluid\" alt=\"\"><\/div>\n                  <\/section>\n      <\/div>\n\n\n<section class=\"find-your-palm-leaf-block\" data-aos=\"fade-up\" data-aos-duration=\"1000\">\n  <div class=\"container-fluid px-0\">\n    <div class=\"row g-0\">\n      <div class=\"col\">\n        <div class=\"find-your-leaf-bg\">\n          <picture>\n            <source media=\"(max-width: 999px)\" srcset=\"https:\/\/mypalmleaf.com\/wp-content\/uploads\/2024\/08\/Find-your-Palm-Leaf-mob.webp\" \/>\n            <source media=\"(min-width: 1000px)\" srcset=\"https:\/\/mypalmleaf.com\/wp-content\/uploads\/2024\/08\/Find-your-Palm-Leaf.webp\" \/>\n            <img decoding=\"async\" src=\"https:\/\/mypalmleaf.com\/wp-content\/uploads\/2024\/08\/Find-your-Palm-Leaf.webp\" class=\"img-fluid\" alt=\"\" \/>\n          <\/picture>\n        <\/div>\n      <\/div>\n    <\/div>\n    <div class=\"content\">\n      <div class=\"container-xl\" data-aos=\"fade-up\" data-aos-duration=\"1000\">\n        <div class=\"row py-4\">\n          <div class=\"col-lg-8 mx-auto\">\n            <h2 class=\"mb-2\">Leia oma Palm Leaf<\/h2>\n            <ul>\n<li>K\u00f5ik, mida vajate oma palmilehe otsima hakkamiseks, on Sinu p\u00f6idlaj\u00e4lg.<\/li>\n<li>Kui vajad t\u00f5lget teise keelde, saame seda Sinu jaoks teha.<\/li>\n<li>Kui me ei leia Sinu palmilehte 3 sobiva kuup\u00e4eva jooksul, tagastame Sulle kogu summa.<\/li>\n<\/ul>\n          <\/div>\n        <\/div>\n        <div class=\"row mt-4\">\n          <div class=\"col text-center\">\n            <a href=\"\/et\/prices\/find-your-palm-leaf-and-read-the-general-chapter\/\" class=\"btn btn-primary\">Leia minu leht<\/a>\n          <\/div>\n        <\/div>\n      <\/div>\n    <\/div>\n  <\/div>\n<\/section>","protected":false},"excerpt":{"rendered":"","protected":false},"author":1,"featured_media":0,"parent":0,"menu_order":0,"comment_status":"closed","ping_status":"closed","template":"","meta":{"_acf_changed":false,"footnotes":""},"class_list":["post-33296","page","type-page","status-publish","hentry"],"acf":[],"yoast_head":"<!-- This site is optimized with the Yoast SEO plugin v26.4 - https:\/\/yoast.com\/wordpress\/plugins\/seo\/ -->\n<title>KKK - My Palm Leaf<\/title>\n<meta name=\"description\" content=\"Siin lehel leiate vastused k\u00f5ige sagedamini esitatavatele k\u00fcsimustele. Tutvuge teabega, mis aitab teil m\u00f5ista teenuseid ja protsessi paremini.\" \/>\n<meta name=\"robots\" content=\"index, follow, max-snippet:-1, max-image-preview:large, max-video-preview:-1\" \/>\n<link rel=\"canonical\" href=\"https:\/\/mypalmleaf.com\/frequently-asked-questions\/\" \/>\n<meta property=\"og:locale\" content=\"et_EE\" \/>\n<meta property=\"og:type\" content=\"article\" \/>\n<meta property=\"og:title\" content=\"KKK - My Palm Leaf\" \/>\n<meta property=\"og:description\" content=\"Siin lehel leiate vastused k\u00f5ige sagedamini esitatavatele k\u00fcsimustele. Tutvuge teabega, mis aitab teil m\u00f5ista teenuseid ja protsessi paremini.\" \/>\n<meta property=\"og:url\" content=\"https:\/\/mypalmleaf.com\/frequently-asked-questions\/\" \/>\n<meta property=\"og:site_name\" content=\"My Palm Leaf\" \/>\n<meta property=\"article:modified_time\" content=\"2025-04-24T11:34:38+00:00\" \/>\n<meta property=\"og:image\" content=\"https:\/\/mypalmleaf.com\/wp-content\/uploads\/2025\/08\/mpl-circle-logo.jpg\" \/>\n\t<meta property=\"og:image:width\" content=\"1200\" \/>\n\t<meta property=\"og:image:height\" content=\"1196\" \/>\n\t<meta property=\"og:image:type\" content=\"image\/jpeg\" \/>\n<meta name=\"twitter:card\" content=\"summary_large_image\" \/>\n<script type=\"application\/ld+json\" class=\"yoast-schema-graph\">{\"@context\":\"https:\/\/schema.org\",\"@graph\":[{\"@type\":\"WebPage\",\"@id\":\"https:\/\/mypalmleaf.com\/frequently-asked-questions\/\",\"url\":\"https:\/\/mypalmleaf.com\/frequently-asked-questions\/\",\"name\":\"KKK - My Palm Leaf\",\"isPartOf\":{\"@id\":\"https:\/\/mypalmleaf.com\/#website\"},\"datePublished\":\"2024-08-14T07:24:30+00:00\",\"dateModified\":\"2025-04-24T11:34:38+00:00\",\"description\":\"Siin lehel leiate vastused k\u00f5ige sagedamini esitatavatele k\u00fcsimustele. Tutvuge teabega, mis aitab teil m\u00f5ista teenuseid ja protsessi paremini.\",\"breadcrumb\":{\"@id\":\"https:\/\/mypalmleaf.com\/frequently-asked-questions\/#breadcrumb\"},\"inLanguage\":\"et\",\"potentialAction\":[{\"@type\":\"ReadAction\",\"target\":[\"https:\/\/mypalmleaf.com\/frequently-asked-questions\/\"]}]},{\"@type\":\"BreadcrumbList\",\"@id\":\"https:\/\/mypalmleaf.com\/frequently-asked-questions\/#breadcrumb\",\"itemListElement\":[{\"@type\":\"ListItem\",\"position\":1,\"name\":\"Home\",\"item\":\"https:\/\/mypalmleaf.com\/et\/\"},{\"@type\":\"ListItem\",\"position\":2,\"name\":\"KKK\"}]},{\"@type\":\"WebSite\",\"@id\":\"https:\/\/mypalmleaf.com\/#website\",\"url\":\"https:\/\/mypalmleaf.com\/\",\"name\":\"My Palm Leaf\",\"description\":\"\",\"potentialAction\":[{\"@type\":\"SearchAction\",\"target\":{\"@type\":\"EntryPoint\",\"urlTemplate\":\"https:\/\/mypalmleaf.com\/?s={search_term_string}\"},\"query-input\":{\"@type\":\"PropertyValueSpecification\",\"valueRequired\":true,\"valueName\":\"search_term_string\"}}],\"inLanguage\":\"et\"}]}<\/script>\n<!-- \/ Yoast SEO plugin. -->","yoast_head_json":{"title":"KKK - My Palm Leaf","description":"Siin lehel leiate vastused k\u00f5ige sagedamini esitatavatele k\u00fcsimustele. Tutvuge teabega, mis aitab teil m\u00f5ista teenuseid ja protsessi paremini.","robots":{"index":"index","follow":"follow","max-snippet":"max-snippet:-1","max-image-preview":"max-image-preview:large","max-video-preview":"max-video-preview:-1"},"canonical":"https:\/\/mypalmleaf.com\/frequently-asked-questions\/","og_locale":"et_EE","og_type":"article","og_title":"KKK - My Palm Leaf","og_description":"Siin lehel leiate vastused k\u00f5ige sagedamini esitatavatele k\u00fcsimustele. Tutvuge teabega, mis aitab teil m\u00f5ista teenuseid ja protsessi paremini.","og_url":"https:\/\/mypalmleaf.com\/frequently-asked-questions\/","og_site_name":"My Palm Leaf","article_modified_time":"2025-04-24T11:34:38+00:00","og_image":[{"width":1200,"height":1196,"url":"https:\/\/mypalmleaf.com\/wp-content\/uploads\/2025\/08\/mpl-circle-logo.jpg","type":"image\/jpeg"}],"twitter_card":"summary_large_image","schema":{"@context":"https:\/\/schema.org","@graph":[{"@type":"WebPage","@id":"https:\/\/mypalmleaf.com\/frequently-asked-questions\/","url":"https:\/\/mypalmleaf.com\/frequently-asked-questions\/","name":"KKK - My Palm Leaf","isPartOf":{"@id":"https:\/\/mypalmleaf.com\/#website"},"datePublished":"2024-08-14T07:24:30+00:00","dateModified":"2025-04-24T11:34:38+00:00","description":"Siin lehel leiate vastused k\u00f5ige sagedamini esitatavatele k\u00fcsimustele. Tutvuge teabega, mis aitab teil m\u00f5ista teenuseid ja protsessi paremini.","breadcrumb":{"@id":"https:\/\/mypalmleaf.com\/frequently-asked-questions\/#breadcrumb"},"inLanguage":"et","potentialAction":[{"@type":"ReadAction","target":["https:\/\/mypalmleaf.com\/frequently-asked-questions\/"]}]},{"@type":"BreadcrumbList","@id":"https:\/\/mypalmleaf.com\/frequently-asked-questions\/#breadcrumb","itemListElement":[{"@type":"ListItem","position":1,"name":"Home","item":"https:\/\/mypalmleaf.com\/et\/"},{"@type":"ListItem","position":2,"name":"KKK"}]},{"@type":"WebSite","@id":"https:\/\/mypalmleaf.com\/#website","url":"https:\/\/mypalmleaf.com\/","name":"My Palm Leaf","description":"","potentialAction":[{"@type":"SearchAction","target":{"@type":"EntryPoint","urlTemplate":"https:\/\/mypalmleaf.com\/?s={search_term_string}"},"query-input":{"@type":"PropertyValueSpecification","valueRequired":true,"valueName":"search_term_string"}}],"inLanguage":"et"}]}},"_links":{"self":[{"href":"https:\/\/mypalmleaf.com\/et\/wp-json\/wp\/v2\/pages\/33296","targetHints":{"allow":["GET"]}}],"collection":[{"href":"https:\/\/mypalmleaf.com\/et\/wp-json\/wp\/v2\/pages"}],"about":[{"href":"https:\/\/mypalmleaf.com\/et\/wp-json\/wp\/v2\/types\/page"}],"author":[{"embeddable":true,"href":"https:\/\/mypalmleaf.com\/et\/wp-json\/wp\/v2\/users\/1"}],"replies":[{"embeddable":true,"href":"https:\/\/mypalmleaf.com\/et\/wp-json\/wp\/v2\/comments?post=33296"}],"version-history":[{"count":0,"href":"https:\/\/mypalmleaf.com\/et\/wp-json\/wp\/v2\/pages\/33296\/revisions"}],"wp:attachment":[{"href":"https:\/\/mypalmleaf.com\/et\/wp-json\/wp\/v2\/media?parent=33296"}],"curies":[{"name":"wp","href":"https:\/\/api.w.org\/{rel}","templated":true}]}}