
{"id":33310,"date":"2024-08-14T18:58:17","date_gmt":"2024-08-14T18:58:17","guid":{"rendered":"https:\/\/mypalmleaf.com\/tekst\/"},"modified":"2025-04-30T09:49:30","modified_gmt":"2025-04-30T09:49:30","slug":"tekst","status":"publish","type":"page","link":"https:\/\/mypalmleaf.com\/et\/tekst\/","title":{"rendered":"Tekst"},"content":{"rendered":"\n<section class=\"testimonial-block my-6 pt-5 pt-md-0 mb-4 mt-xs-4\">\n  <div class=\"container-xl\">\n    <div class=\"row\">\n      <div class=\"col text-center\">\n        <h1 class=\"py-4\">Tunnistused<\/h1>\n      <\/div>\n    <\/div>\n    <div class=\"row\">\n      <div class=\"col text-center\">\n        <div class=\"tetimonial-tabs\">\n          <ul>\n            <li>\n              <ul>\n                                                  <li><a href=\"https:\/\/mypalmleaf.com\/et\/video\/\" class=\"\">Video<\/a><\/li>\n                                                    <li><a href=\"javascript:;\" class=\"active\">Tekst<\/a><\/li>\n                                                <\/ul>\n            <\/li>\n          <\/ul>\n        <\/div>\n      <\/div>\n    <\/div>\n    <div class=\"row\">\n              <div class=\"col-lg-6 slider-wrap inner my-5\">\n          <div class=\"slides\">\n            <div class=\"wrap\">\n              <div class=\"user-img\"><img decoding=\"async\" src=\"https:\/\/mypalmleaf.com\/wp-content\/uploads\/2024\/09\/testimonials_crystal.jpg\" class=\"img-fluid rounded-circle\" alt=\"\"><\/div>\n              <div class=\"text\">\n                <p>\u201cMinu palmilehtede lugemine oli valgustav ja inspireeriv. Algusest peale kogesin lugemisega seotud palju emotsioone \u2013 n\u00e4rvilisust \u00fclesannete t\u00e4itmise protsessi p\u00e4rast, elevust oma lehe avastamisel ja sisu \u00fcle imestust.<\/p>\n              <\/div>\n              <div class=\"name\">Crystal<\/div>\n            <\/div>\n          <\/div>\n        <\/div>\n              <div class=\"col-lg-6 slider-wrap inner my-5\">\n          <div class=\"slides\">\n            <div class=\"wrap\">\n              <div class=\"user-img\"><img decoding=\"async\" src=\"https:\/\/mypalmleaf.com\/wp-content\/uploads\/2024\/09\/testimonials_ricky.jpg\" class=\"img-fluid rounded-circle\" alt=\"\"><\/div>\n              <div class=\"text\">\n                <p>\u201cPalmist lugemine oli minu hingele v\u00e4\u00e4rtuslik ja toitev kingitus. Rishide arusaamad ja juhised ning abin\u00f5ud olid ilusaks kinnituseks, et olen \u00f5igel teel. Usu ja usalduse vihm, mis oli mulle suureks toeks.<\/p>\n<p>M\u00f5ni n\u00e4dal p\u00e4rast peopesa lugemist tunnen lugemise \u00f5nnistust, seost selle iidse traditsiooniga ja n\u00e4en toimuvas m\u00f5ningaid muutusi.<\/p>\n              <\/div>\n              <div class=\"name\">Ricky<\/div>\n            <\/div>\n          <\/div>\n        <\/div>\n              <div class=\"col-lg-6 slider-wrap inner my-5\">\n          <div class=\"slides\">\n            <div class=\"wrap\">\n              <div class=\"user-img\"><img decoding=\"async\" src=\"https:\/\/mypalmleaf.com\/wp-content\/uploads\/2024\/09\/testimonials_aimee.jpg\" class=\"img-fluid rounded-circle\" alt=\"\"><\/div>\n              <div class=\"text\">\n                <p>Minu palmilehe leidmine oli \u0161okeerivam ja p\u00fcham, kui oleksin oodanud. K\u00f5ik asjaosalised olid t\u00f5eliselt siirad ja ma tundsin \u00f5nnistust nende toetuse \u00fcle. Lugemine aitas mul rohkem usaldada ja armastusele alistuda. See kinnitas mulle, millise karma ja milliseid v\u00e4ljakutseid pean oma elus \u00fcletama, mis juba v\u00f5imaldab mul elus rohkem voolavust ja avatust.<\/p>\n              <\/div>\n              <div class=\"name\">Aimee<\/div>\n            <\/div>\n          <\/div>\n        <\/div>\n              <div class=\"col-lg-6 slider-wrap inner my-5\">\n          <div class=\"slides\">\n            <div class=\"wrap\">\n              <div class=\"user-img\"><img decoding=\"async\" src=\"https:\/\/mypalmleaf.com\/wp-content\/uploads\/2024\/09\/testimonials_jair.jpg\" class=\"img-fluid rounded-circle\" alt=\"\"><\/div>\n              <div class=\"text\">\n                <p>Minu kogemus palmilehtede lugemisega oli v\u00e4ga v\u00f5imas. Kui ma sellest esimest korda kuulsin, olin skeptiline, kuid hiljem, vesteldes Zoomi braahmani ja tamili t\u00f5lgiga, tundsin selgelt saadud teabe t\u00e4psust ja avasin end rishide \u00f5nnistustele ja p\u00fchalikkusele. selle taga. T\u00e4nan teid selle silmiavava kogemuse eest.<\/p>\n              <\/div>\n              <div class=\"name\">Jair<\/div>\n            <\/div>\n          <\/div>\n        <\/div>\n              <div class=\"col-lg-6 slider-wrap inner my-5\">\n          <div class=\"slides\">\n            <div class=\"wrap\">\n              <div class=\"user-img\"><img decoding=\"async\" src=\"https:\/\/mypalmleaf.com\/wp-content\/uploads\/2024\/08\/thomas.jpg\" class=\"img-fluid rounded-circle\" alt=\"\"><\/div>\n              <div class=\"text\">\n                <p>Olen rohkem kui \u00f5nnelik, et palmileht on mind leidnud. Mind t\u00f5mbab oma teel alati s\u00fcgavamale endasse minema ja see palmileht on selleks uskumatu t\u00f6\u00f6riist. Ma ei j\u00f5ua \u00e4ra oodata, et saaksin m\u00f5ne p\u00e4eva p\u00e4rast eelseisva t\u00e4iskuu jaoks abin\u00f5usid rakendada.<\/p>\n<p>Ait\u00e4h Stephanile, et koordineerisite ja h\u00f5lbustasite juurdep\u00e4\u00e4su palmilehele k\u00f5igile, see on suur kingitus inimkonnale.<\/p>\n              <\/div>\n              <div class=\"name\">Thomas<\/div>\n            <\/div>\n          <\/div>\n        <\/div>\n              <div class=\"col-lg-6 slider-wrap inner my-5\">\n          <div class=\"slides\">\n            <div class=\"wrap\">\n              <div class=\"user-img\"><img decoding=\"async\" src=\"https:\/\/mypalmleaf.com\/wp-content\/uploads\/2024\/08\/casey.jpg\" class=\"img-fluid rounded-circle\" alt=\"\"><\/div>\n              <div class=\"text\">\n                <p>\u201cMinu palmilehtede lugemine oli valgustav ja inspireeriv. Algusest peale kogesin lugemisega seotud palju emotsioone \u2013 n\u00e4rvilisust \u00fclesannete t\u00e4itmise protsessi p\u00e4rast, elevust oma lehe avastamisel ja sisu \u00fcle imestust.<\/p>\n              <\/div>\n              <div class=\"name\">Casey<\/div>\n            <\/div>\n          <\/div>\n        <\/div>\n          <\/div>\n        <\/div>\n  <\/div>\n      <div class=\"parallax-item-5 parallax-item\" data-speed=\"parallax-item-7\"><img decoding=\"async\" src=\"https:\/\/mypalmleaf.com\/wp-content\/uploads\/2024\/08\/parallax-item-5-2.png\" class=\"img-fluid\" alt=\"\"><\/div>\n  <\/section>","protected":false},"excerpt":{"rendered":"","protected":false},"author":1,"featured_media":0,"parent":0,"menu_order":0,"comment_status":"closed","ping_status":"closed","template":"","meta":{"_acf_changed":false,"footnotes":""},"class_list":["post-33310","page","type-page","status-publish","hentry"],"acf":[],"yoast_head":"<!-- This site is optimized with the Yoast SEO plugin v26.4 - https:\/\/yoast.com\/wordpress\/plugins\/seo\/ -->\n<title>Tekst - My Palm Leaf<\/title>\n<meta name=\"description\" content=\"Sukeldu iidsetesse tekstidesse, mis paljastavad p\u00fcha tarkuse ja juhatavad sind eneseavastuse ning sisemise rahuni l\u00e4bi palmilehtede s\u00fcgavate s\u00f5numite.\" \/>\n<meta name=\"robots\" content=\"index, follow, max-snippet:-1, max-image-preview:large, max-video-preview:-1\" \/>\n<link rel=\"canonical\" href=\"https:\/\/mypalmleaf.com\/et\/tekst\/\" \/>\n<meta property=\"og:locale\" content=\"et_EE\" \/>\n<meta property=\"og:type\" content=\"article\" \/>\n<meta property=\"og:title\" content=\"Tekst - My Palm Leaf\" \/>\n<meta property=\"og:description\" content=\"Sukeldu iidsetesse tekstidesse, mis paljastavad p\u00fcha tarkuse ja juhatavad sind eneseavastuse ning sisemise rahuni l\u00e4bi palmilehtede s\u00fcgavate s\u00f5numite.\" \/>\n<meta property=\"og:url\" content=\"https:\/\/mypalmleaf.com\/et\/tekst\/\" \/>\n<meta property=\"og:site_name\" content=\"My Palm Leaf\" \/>\n<meta property=\"article:modified_time\" content=\"2025-04-30T09:49:30+00:00\" \/>\n<meta property=\"og:image\" content=\"https:\/\/mypalmleaf.com\/wp-content\/uploads\/2025\/08\/mpl-circle-logo.jpg\" \/>\n\t<meta property=\"og:image:width\" content=\"1200\" \/>\n\t<meta property=\"og:image:height\" content=\"1196\" \/>\n\t<meta property=\"og:image:type\" content=\"image\/jpeg\" \/>\n<meta name=\"twitter:card\" content=\"summary_large_image\" \/>\n<script type=\"application\/ld+json\" class=\"yoast-schema-graph\">{\"@context\":\"https:\/\/schema.org\",\"@graph\":[{\"@type\":\"WebPage\",\"@id\":\"https:\/\/mypalmleaf.com\/et\/tekst\/\",\"url\":\"https:\/\/mypalmleaf.com\/et\/tekst\/\",\"name\":\"Tekst - My Palm Leaf\",\"isPartOf\":{\"@id\":\"https:\/\/mypalmleaf.com\/#website\"},\"datePublished\":\"2024-08-14T18:58:17+00:00\",\"dateModified\":\"2025-04-30T09:49:30+00:00\",\"description\":\"Sukeldu iidsetesse tekstidesse, mis paljastavad p\u00fcha tarkuse ja juhatavad sind eneseavastuse ning sisemise rahuni l\u00e4bi palmilehtede s\u00fcgavate s\u00f5numite.\",\"breadcrumb\":{\"@id\":\"https:\/\/mypalmleaf.com\/et\/tekst\/#breadcrumb\"},\"inLanguage\":\"et\",\"potentialAction\":[{\"@type\":\"ReadAction\",\"target\":[\"https:\/\/mypalmleaf.com\/et\/tekst\/\"]}]},{\"@type\":\"BreadcrumbList\",\"@id\":\"https:\/\/mypalmleaf.com\/et\/tekst\/#breadcrumb\",\"itemListElement\":[{\"@type\":\"ListItem\",\"position\":1,\"name\":\"Home\",\"item\":\"https:\/\/mypalmleaf.com\/et\/\"},{\"@type\":\"ListItem\",\"position\":2,\"name\":\"Tekst\"}]},{\"@type\":\"WebSite\",\"@id\":\"https:\/\/mypalmleaf.com\/#website\",\"url\":\"https:\/\/mypalmleaf.com\/\",\"name\":\"My Palm Leaf\",\"description\":\"\",\"potentialAction\":[{\"@type\":\"SearchAction\",\"target\":{\"@type\":\"EntryPoint\",\"urlTemplate\":\"https:\/\/mypalmleaf.com\/?s={search_term_string}\"},\"query-input\":{\"@type\":\"PropertyValueSpecification\",\"valueRequired\":true,\"valueName\":\"search_term_string\"}}],\"inLanguage\":\"et\"}]}<\/script>\n<!-- \/ Yoast SEO plugin. -->","yoast_head_json":{"title":"Tekst - My Palm Leaf","description":"Sukeldu iidsetesse tekstidesse, mis paljastavad p\u00fcha tarkuse ja juhatavad sind eneseavastuse ning sisemise rahuni l\u00e4bi palmilehtede s\u00fcgavate s\u00f5numite.","robots":{"index":"index","follow":"follow","max-snippet":"max-snippet:-1","max-image-preview":"max-image-preview:large","max-video-preview":"max-video-preview:-1"},"canonical":"https:\/\/mypalmleaf.com\/et\/tekst\/","og_locale":"et_EE","og_type":"article","og_title":"Tekst - My Palm Leaf","og_description":"Sukeldu iidsetesse tekstidesse, mis paljastavad p\u00fcha tarkuse ja juhatavad sind eneseavastuse ning sisemise rahuni l\u00e4bi palmilehtede s\u00fcgavate s\u00f5numite.","og_url":"https:\/\/mypalmleaf.com\/et\/tekst\/","og_site_name":"My Palm Leaf","article_modified_time":"2025-04-30T09:49:30+00:00","og_image":[{"width":1200,"height":1196,"url":"https:\/\/mypalmleaf.com\/wp-content\/uploads\/2025\/08\/mpl-circle-logo.jpg","type":"image\/jpeg"}],"twitter_card":"summary_large_image","schema":{"@context":"https:\/\/schema.org","@graph":[{"@type":"WebPage","@id":"https:\/\/mypalmleaf.com\/et\/tekst\/","url":"https:\/\/mypalmleaf.com\/et\/tekst\/","name":"Tekst - My Palm Leaf","isPartOf":{"@id":"https:\/\/mypalmleaf.com\/#website"},"datePublished":"2024-08-14T18:58:17+00:00","dateModified":"2025-04-30T09:49:30+00:00","description":"Sukeldu iidsetesse tekstidesse, mis paljastavad p\u00fcha tarkuse ja juhatavad sind eneseavastuse ning sisemise rahuni l\u00e4bi palmilehtede s\u00fcgavate s\u00f5numite.","breadcrumb":{"@id":"https:\/\/mypalmleaf.com\/et\/tekst\/#breadcrumb"},"inLanguage":"et","potentialAction":[{"@type":"ReadAction","target":["https:\/\/mypalmleaf.com\/et\/tekst\/"]}]},{"@type":"BreadcrumbList","@id":"https:\/\/mypalmleaf.com\/et\/tekst\/#breadcrumb","itemListElement":[{"@type":"ListItem","position":1,"name":"Home","item":"https:\/\/mypalmleaf.com\/et\/"},{"@type":"ListItem","position":2,"name":"Tekst"}]},{"@type":"WebSite","@id":"https:\/\/mypalmleaf.com\/#website","url":"https:\/\/mypalmleaf.com\/","name":"My Palm Leaf","description":"","potentialAction":[{"@type":"SearchAction","target":{"@type":"EntryPoint","urlTemplate":"https:\/\/mypalmleaf.com\/?s={search_term_string}"},"query-input":{"@type":"PropertyValueSpecification","valueRequired":true,"valueName":"search_term_string"}}],"inLanguage":"et"}]}},"_links":{"self":[{"href":"https:\/\/mypalmleaf.com\/et\/wp-json\/wp\/v2\/pages\/33310","targetHints":{"allow":["GET"]}}],"collection":[{"href":"https:\/\/mypalmleaf.com\/et\/wp-json\/wp\/v2\/pages"}],"about":[{"href":"https:\/\/mypalmleaf.com\/et\/wp-json\/wp\/v2\/types\/page"}],"author":[{"embeddable":true,"href":"https:\/\/mypalmleaf.com\/et\/wp-json\/wp\/v2\/users\/1"}],"replies":[{"embeddable":true,"href":"https:\/\/mypalmleaf.com\/et\/wp-json\/wp\/v2\/comments?post=33310"}],"version-history":[{"count":0,"href":"https:\/\/mypalmleaf.com\/et\/wp-json\/wp\/v2\/pages\/33310\/revisions"}],"wp:attachment":[{"href":"https:\/\/mypalmleaf.com\/et\/wp-json\/wp\/v2\/media?parent=33310"}],"curies":[{"name":"wp","href":"https:\/\/api.w.org\/{rel}","templated":true}]}}