{"id":36452,"date":"2024-08-15T02:38:41","date_gmt":"2024-08-15T02:38:41","guid":{"rendered":"https:\/\/mypalmleaf.com\/palmi-lehed\/"},"modified":"2025-04-30T08:54:57","modified_gmt":"2025-04-30T08:54:57","slug":"palmi-lehed","status":"publish","type":"page","link":"https:\/\/mypalmleaf.com\/et\/palmi-lehed\/","title":{"rendered":"Palmilehed"},"content":{"rendered":"\n<section class=\"spotlight-main small top-gap\">\n    <!-- <div class=\"slider-wrap\" data-flickity='{ \"cellAlign\": \"left\", \"contain\": true, \"wrapAround\": true, \"setGallerySize\": false }'> -->\n    <div class=\"slider-wrap\" data-flickity='{ \"cellAlign\": \"left\", \"contain\": true, \"wrapAround\": true, \"setGallerySize\": false  }'>\n            <div class=\"slides\">\n        <div class=\"content-wrap\">\n          <div class=\"image\">\n            <picture>\n              <source media=\"(max-width: 999px)\" srcset=\"https:\/\/mypalmleaf.com\/wp-content\/uploads\/2024\/08\/indian-palm-leaf-spotlight-mob.webp\" \/>\n              <source media=\"(min-width: 1000px)\" srcset=\"https:\/\/mypalmleaf.com\/wp-content\/uploads\/2024\/08\/indian-palm-leaf-spotlight.webp\" \/>\n              <img decoding=\"async\" src=\"https:\/\/mypalmleaf.com\/wp-content\/uploads\/2024\/08\/indian-palm-leaf-spotlight.webp\" class=\"img-fluid\" alt=\"\" \/>\n            <\/picture>\n          <\/div>\n          <div class=\"content\">\n            <div data-aos=\"fade-up\" data-aos-duration=\"1000\">\n              <h2 class=\"\">India palmilehed<\/h2>\n                                 \n            <\/div>\n          <\/div>\n        <\/div>\n      <\/div>\n          <\/div>\n<\/section>\n\n<section class=\"faq-top-section my-6 mb-4 mt-xs-4 position-relative\">\n    <div class=\"container\">\n      <div class=\"row\">\n        <div class=\"col-lg-10 mx-auto\">\n            <div class=\"row justify-content-between align-items-center\">\n                <div class=\"col-lg-7\">\n                    <div class=\"rounded-asset\">\n                        <img decoding=\"async\" src=\"https:\/\/mypalmleaf.com\/wp-content\/uploads\/2024\/09\/What-Are-Palm-Leaves.jpg\" class=\"img-fluid\" alt=\"\"><div class=\"play-icon\"><\/div>\n                        <a href=\"https:\/\/www.youtube.com\/watch?v=9GdNX4SAHCA\" class=\"stretched-link\" data-lity><\/a>\n                      <\/div>\n                <\/div>\n                <div class=\"col-lg-5\">\n                    <h3>Leia oma isiklik palmileht: V\u00e4rav minevikku, olevikku ja tulevikku.<\/h3>\n                <\/div>\n            <\/div>\n        <\/div>\n        \n        <div class=\"col-lg-12 text-center my-5\" data-aos=\"fade-up\" data-aos-duration=\"1000\">\n            <p class=\"mb-3\">India palmilehed, mida nimetatakse ka Nadi palmilehtedeks, on iidsed k\u00e4sikirjad, mis sisaldavad inimeste elulugusid ja saatust. Need p\u00fchad tekstid, mis on kirjutatud vanas tamili kirjas, olid kirjutatud tuhandeid aastaid tagasi valgustunud tarkade, nn rishide poolt. <strong>  Rishid kasutasid oma s\u00fcgavat vaimset arusaamist, et salvestada \u00fcksikasjalikku teavet \u00fcksikisikute elu kohta, sealhulgas selliseid aspekte nagu karj\u00e4\u00e4r, suhted, tervis ja vaimne kasv.<\/strong><\/p>\n<p>&nbsp;<\/p>\n<p class=\"mb-3\">Iga palmileht on ainulaadne ja kattub konkreetse inimesega, ja on m\u00f5eldud selleks, et leida see \u00f5igel ajal, kui inimene on valmis vastu v\u00f5tma selles sisalduvat juhatust ja tarkust. Neid lehti s\u00e4ilitatakse Nadi raamatukogudes, mis asuvad peamiselt L\u00f5una-Indias. Nadi lugemine h\u00f5lmab inimese p\u00f6idlaj\u00e4lje v\u00f5i p\u00f5hiliste andmete sobitamist vastava lehega, mis paljastab isikliku sissevaate ja n\u00f5uanded tema elutee jaoks.  <\/p>\n<p class=\"mb-3\"><strong>Mypalmleaf aitab \u00fchendada inimesi nende iidsete k\u00e4sikirjadega, pakkudes ainulaadset segu traditsioonidest ja kaasaegsest ligip\u00e4\u00e4setavusest, et uurida Rishide tarkust ja juhiseid.<br \/>\n<\/strong><\/p>\n<h4 class=\"my-3\"><strong>Erinevad palmilehtede p\u00fchakirjad<\/strong><\/h4>\n<p>Lisaks palmilehtedele, mis sisaldavad \u00fcksikute inimeste elulugusid, on palmilehtedele kirjutatud ka palju iidseid p\u00fchakirju, n\u00e4iteks ayurveda, vaimsuse, astroloogia ja muu taolise kohta k\u00e4ivaid tekste. Algselt kirjutati enamik iidsetest India p\u00fchakirjadest palmilehtedele, mida kasutati nagu t\u00e4nap\u00e4eval paberit. <\/p>\n        <\/div>\n      <\/div>\n    <\/div>\n                  <div class=\"parallax-item-3 parallax-item\" data-speed=\".08\"><img decoding=\"async\" src=\"https:\/\/mypalmleaf.com\/wp-content\/uploads\/2024\/08\/parallax-item-3-3.png\" class=\"img-fluid\" alt=\"\"><\/div>\n          <\/section>\n\n<section class=\"how-palm-leaves-written-block my-6 mt-0\">\n  <div class=\"container\">\n    <div class=\"row text-center\" data-aos=\"fade-up\" data-aos-duration=\"1000\">\n      <div class=\"col-lg-12\">\n        <h3>Kuidas on palmilehed kirjutatud ja s\u00e4ilitatud?<\/h3>\n        <h5 class=\"mt-4\"><strong>  Palmilehtede kirjutamine<\/strong><\/h5>\n      <\/div>\n    <\/div>\n\n    <div class=\"row justify-content-center my-4\">\n      <div class=\"col-lg-12 writing-the-palm-leaf-block\">\n        <ul class=\"foldable-leaf\">\n                                <li data-aos=\"flip-up\" data-aos-duration=\"1000\" data-aos-offset=\"10\"   class=\"aos-init aos-animate\">\n              <div class=\"image\"><img decoding=\"async\" src=\"https:\/\/mypalmleaf.com\/wp-content\/uploads\/2024\/09\/writing-the-palm-leaves.png\" class=\"img-fluid\" alt=\"\"><\/div>\n              <div class=\"content\">\n                <div class=\"desc\">\n                  <div class=\"title\">Materjal<\/div>\n                  <p>K\u00e4sikirjad on loodud Talipoti palmi lehtedest, mis on tuntud oma suurte ja vastupidavate lehtede poolest. Need lehed on valitud nende pikaealisuse ja vastupidavuse t\u00f5ttu. <\/p>\n                <\/div>\n              <\/div>\n            <\/li>\n                                  <li data-aos=\"flip-up\" data-aos-duration=\"1000\" data-aos-offset=\"10\" data-aos-delay=\"100\"  class=\"aos-init aos-animate\">\n              <div class=\"image\"><img decoding=\"async\" src=\"https:\/\/mypalmleaf.com\/wp-content\/uploads\/2024\/09\/writing-the-palm-leaves.png\" class=\"img-fluid\" alt=\"\"><\/div>\n              <div class=\"content\">\n                <div class=\"desc\">\n                  <div class=\"title\">Ettevalmistus<\/div>\n                  <p>Lehed kogutakse k\u00f5igepealt ja seej\u00e4rel kuivatatakse, et eemaldada niiskus, mis muudab need kirjutamiseks piisavalt tugevaks. P\u00e4rast kuivatamist l\u00f5igatakse need \u00fchtlase suurusega ribadeks. <\/p>\n                <\/div>\n              <\/div>\n            <\/li>\n                                  <li data-aos=\"flip-up\" data-aos-duration=\"1000\" data-aos-offset=\"10\" data-aos-delay=\"200\"  class=\"aos-init aos-animate\">\n              <div class=\"image\"><img decoding=\"async\" src=\"https:\/\/mypalmleaf.com\/wp-content\/uploads\/2024\/09\/writing-the-palm-leaves.png\" class=\"img-fluid\" alt=\"\"><\/div>\n              <div class=\"content\">\n                <div class=\"desc\">\n                  <div class=\"title\">Kirjeldus<\/div>\n                  <p>Tekst kirjutatakse terava pliiatsiga, mis s\u00f6\u00f6vitab kirjapildi lehtedele. Kirjutus on tehtud iidses kirjas, mida nimetatakse tamili vattezhuthuks ehk vanaks tamili keeleks ja mis on tuntud oma ilu ja keerukuse poolest. <\/p>\n                <\/div>\n              <\/div>\n            <\/li>\n                                  <li data-aos=\"flip-up\" data-aos-duration=\"1000\" data-aos-offset=\"10\" data-aos-delay=\"300\"  class=\"aos-init aos-animate\">\n              <div class=\"image\"><img decoding=\"async\" src=\"https:\/\/mypalmleaf.com\/wp-content\/uploads\/2024\/09\/writing-the-palm-leaves.png\" class=\"img-fluid\" alt=\"\"><\/div>\n              <div class=\"content\">\n                <div class=\"desc\">\n                  <div class=\"title\">V\u00e4rvimine<\/div>\n                  <p>Selleks, et muuta kiri n\u00e4htavamaks, kantakse s\u00f6est v\u00f5i kurkumast valmistatud tint \u00fcle s\u00f6\u00f6vituse. Tint settib soontesse, t\u00f5stes teksti esile lehe pinnal. <\/p>\n                <\/div>\n              <\/div>\n            <\/li>\n                              <\/ul>\n      <\/div>\n    <\/div>\n  <\/div>\n<\/section>\n\n\n<section class=\"preservation-of-palm-leaf\">\n  <div class=\"container\">\n    <div class=\"row\">\n      <div class=\"col-lg-12\" data-aos=\"fade-up\" data-aos-duration=\"1000\">\n        <h4 class=\"my-4 text-center\"><strong>Palmilehtede s\u00e4ilitamine<\/strong><\/h4>\n      <\/div>\n    <\/div>\n    <div class=\"row text-center justify-content-between my-4\">\n              <div class=\"col-lg-5 my-4\" data-aos=\"fade-up\" data-aos-duration=\"1000\">\n          <div class=\"icon\"><img decoding=\"async\" src=\"https:\/\/mypalmleaf.com\/wp-content\/uploads\/2024\/09\/preserve-palm-leaf-icon-1.png\" alt=\"\"><\/div>\n          <div class=\"title\">Kliimakontroll<\/div>\n          <div class=\"desc\">\n            <p>Palmilehti hoitakse eritingimustes, et kaitsta neid niiskuse, putukate ja muude kahjulike elementide eest. Nadi raamatukogudes, mis asuvad peamiselt L\u00f5una-Indias, hoitakse kontrollitud keskkondi, mis h\u00f5lmavad sobivat niiskustaset ja temperatuuri. <\/p>\n          <\/div>\n        <\/div>\n              <div class=\"col-lg-5 my-4\" data-aos=\"fade-up\" data-aos-duration=\"1000\">\n          <div class=\"icon\"><img decoding=\"async\" src=\"https:\/\/mypalmleaf.com\/wp-content\/uploads\/2024\/09\/preserve-palm-leaf-icon-2.png\" alt=\"\"><\/div>\n          <div class=\"title\">T\u00f6\u00f6tlemine \u00f5lidega<\/div>\n          <div class=\"desc\">\n            <p>Lehti t\u00f6\u00f6deldakse sageli looduslike \u00f5lidega, n\u00e4iteks kampri- v\u00f5i neemi\u00f5liga, et v\u00e4ltida riknemist ja putukate levikut. See traditsiooniline meetod aitab lehed s\u00e4ilitada sajandeid. <\/p>\n          <\/div>\n        <\/div>\n              <div class=\"col-lg-5 my-4\" data-aos=\"fade-up\" data-aos-duration=\"1000\">\n          <div class=\"icon\"><img decoding=\"async\" src=\"https:\/\/mypalmleaf.com\/wp-content\/uploads\/2024\/09\/preserve-palm-leaf-icon-3.png\" alt=\"\"><\/div>\n          <div class=\"title\">Perioodiline hooldus<\/div>\n          <div class=\"desc\">\n            <p>Palmilehti hoitakse eritingimustes, et kaitsta neid niiskuse, putukate ja muude kahjulike elementide eest. Nadi raamatukogudes, mis asuvad peamiselt L\u00f5una-Indias, hoitakse kontrollitud keskkondi, mis h\u00f5lmavad sobivat niiskustaset ja temperatuuri. <\/p>\n          <\/div>\n        <\/div>\n              <div class=\"col-lg-5 my-4\" data-aos=\"fade-up\" data-aos-duration=\"1000\">\n          <div class=\"icon\"><img decoding=\"async\" src=\"https:\/\/mypalmleaf.com\/wp-content\/uploads\/2024\/09\/preserve-palm-leaf-icon-4.png\" alt=\"\"><\/div>\n          <div class=\"title\">Ladustamine<\/div>\n          <div class=\"desc\">\n            <p>Lehed hoitakse kimpudena, millest iga\u00fcks on kokku seotud ja m\u00e4rgistatud vastavalt sisalduvale kategooriale v\u00f5i lugemisviisile. Neid kimbukesi hoitakse puidust v\u00f5i metallist kastides, et kaitsta neid f\u00fc\u00fcsiliste kahjustuste ja keskkonnategurite eest. <\/p>\n          <\/div>\n        <\/div>\n          <\/div>\n  <\/div>\n<\/section>\n\n<section class=\"who-are-rishis my-5 position-relative\">\n  <div class=\"container\">\n    <div class=\"row\">\n      <div class=\"col-lg-12 text-center\">\n        <h3 class=\"my-5 mt-0\">Kes on Rishid?<\/h3>\n        <div class=\"banner rounded-asset my-4\"><img decoding=\"async\" src=\"https:\/\/mypalmleaf.com\/wp-content\/uploads\/2024\/09\/who-are-the-rishis-1.jpg\" alt=\"\" class=\"img-fluid\"><\/div>\n        <p>Rishid on iidse India legendaarsed targad ja n\u00e4gijad, kes on tuntud oma uskumatu vaimse tarkuse ja erakordsete arusaamade poolest. Kujuta ette, et sul on v\u00f5imalik p\u00e4\u00e4seda jumalike teadmiste ja universaalsete t\u00f5dede maailma &#8211; see on Rishide maailm. Neid valgustatud olendeid peetakse sageli inimkonna vaimseteks pioneerideks, kes uurivad teadvuse ja kosmose s\u00fcgavusi.<\/p>\n<h4 class=\"mt-4\"><strong>Vana tarkuse vision\u00e4\u00e4rid<\/strong><\/h4>\n<p>S\u00f5na &#8220;Rishi&#8221; tuleneb sanskriti keelest &#8220;\u1e5b\u1e63&#8221;, mis t\u00e4hendab &#8220;n\u00e4ha&#8221; v\u00f5i &#8220;tajuda&#8221;. Tegemist ei ole suvalise n\u00e4gemisega; Rishid on n\u00e4gijad, kes suudavad tajuda n\u00e4htamatut ning m\u00f5ista elu ja universumi s\u00fcgavaid saladusi. Nad on nagu iidsete aegade vaimsed astronautid, kes reisivad jumaliku maailma valdkondadesse ja toovad tagasi teadmiste aarded.  <\/p>\n<h4 class=\"mt-4\"><strong>Rishid siin ja praegu<\/strong><\/h4>\n<p>Kuigi Rishid elasid siin planeedil inimkujul tuhandeid aastaid tagasi, toetavad nad endiselt inimkonda ja Maad peenemate m\u00f5\u00f5tmete kaudu. Nende kohalolek on ajatu ja mida rohkem me oleme teadlikud ja avatud nende kohalolekule, seda rohkem v\u00f5ib nende \u00f5nnistus meie ellu voolata. See on ka palmilehtede eesm\u00e4rk. Nad on rohkem kui lihtsalt ennustused, vaid vaimne t\u00f6\u00f6riist, mis aitab meil oma elu kujundada, l\u00e4bi Rishide energeetilise toetuse.   <\/p>\n<h4 class=\"mt-4\"><strong>Rishide ja palmilehtede vaheline seos<\/strong><\/h4>\n<p>Rishid, India iidsed targad ja n\u00e4gijad, on palmilehtede k\u00e4sikirjade, mida tuntakse Nadi tekstidena, jumalikud autorid. Need valgustatud olendid panid s\u00fcgava meditatsiooni ja vaimse sisevaatluse abil tuhandeid aastaid tagasi palmilehtedele kirja inimeste saatuse. Kasutades iidset tamili kirjaviisi, dokumenteerisid nad inimeste elu \u00fcksikasju, pakkudes vaimset juhatust ja \u00fclevaateid nende minevikust, olevikust ja tulevikust. Neid palmilehti s\u00e4ilitatakse Nadi raamatukogudes ja neid loevad Nadi astroloogid, kes sobitavad inimese p\u00f6idlaj\u00e4lje v\u00f5i \u00fcksikasjad vastava lehega. See p\u00fcha traditsioon, mida Mypalmleaf austab, pakub j\u00e4tkuvalt ajatut tarkust ja selgust, aidates otsijatel m\u00f5ista oma eluteed l\u00e4bi Rishide silmade.  <\/p>\n      <\/div>\n    <\/div>\n  <\/div>\n\n<\/section>","protected":false},"excerpt":{"rendered":"","protected":false},"author":1,"featured_media":0,"parent":0,"menu_order":0,"comment_status":"closed","ping_status":"closed","template":"","meta":{"_acf_changed":false,"footnotes":""},"class_list":["post-36452","page","type-page","status-publish","hentry"],"acf":[],"yoast_head":"<!-- This site is optimized with the Yoast SEO plugin v26.4 - https:\/\/yoast.com\/wordpress\/plugins\/seo\/ -->\n<title>Palmilehed - My Palm Leaf<\/title>\n<meta name=\"description\" content=\"Ava oma palmilehe saladused ja saa jumalikku juhatust. \u00dchendu iidse tarkusega, leia selgus ning avasta oma vaimne tee. V\u00f5ta meiega \u00fchendust.\" \/>\n<meta name=\"robots\" content=\"index, follow, max-snippet:-1, max-image-preview:large, max-video-preview:-1\" \/>\n<link rel=\"canonical\" href=\"https:\/\/mypalmleaf.com\/et\/palmi-lehed\/\" \/>\n<meta property=\"og:locale\" content=\"et_EE\" \/>\n<meta property=\"og:type\" content=\"article\" \/>\n<meta property=\"og:title\" content=\"Palmilehed - My Palm Leaf\" \/>\n<meta property=\"og:description\" content=\"Ava oma palmilehe saladused ja saa jumalikku juhatust. \u00dchendu iidse tarkusega, leia selgus ning avasta oma vaimne tee. V\u00f5ta meiega \u00fchendust.\" \/>\n<meta property=\"og:url\" content=\"https:\/\/mypalmleaf.com\/et\/palmi-lehed\/\" \/>\n<meta property=\"og:site_name\" content=\"My Palm Leaf\" \/>\n<meta property=\"article:modified_time\" content=\"2025-04-30T08:54:57+00:00\" \/>\n<meta property=\"og:image\" content=\"https:\/\/mypalmleaf.com\/wp-content\/uploads\/2025\/08\/mpl-circle-logo.jpg\" \/>\n\t<meta property=\"og:image:width\" content=\"1200\" \/>\n\t<meta property=\"og:image:height\" content=\"1196\" \/>\n\t<meta property=\"og:image:type\" content=\"image\/jpeg\" \/>\n<meta name=\"twitter:card\" content=\"summary_large_image\" \/>\n<script type=\"application\/ld+json\" class=\"yoast-schema-graph\">{\"@context\":\"https:\/\/schema.org\",\"@graph\":[{\"@type\":\"WebPage\",\"@id\":\"https:\/\/mypalmleaf.com\/et\/palmi-lehed\/\",\"url\":\"https:\/\/mypalmleaf.com\/et\/palmi-lehed\/\",\"name\":\"Palmilehed - My Palm Leaf\",\"isPartOf\":{\"@id\":\"https:\/\/mypalmleaf.com\/#website\"},\"datePublished\":\"2024-08-15T02:38:41+00:00\",\"dateModified\":\"2025-04-30T08:54:57+00:00\",\"description\":\"Ava oma palmilehe saladused ja saa jumalikku juhatust. \u00dchendu iidse tarkusega, leia selgus ning avasta oma vaimne tee. V\u00f5ta meiega \u00fchendust.\",\"breadcrumb\":{\"@id\":\"https:\/\/mypalmleaf.com\/et\/palmi-lehed\/#breadcrumb\"},\"inLanguage\":\"et\",\"potentialAction\":[{\"@type\":\"ReadAction\",\"target\":[\"https:\/\/mypalmleaf.com\/et\/palmi-lehed\/\"]}]},{\"@type\":\"BreadcrumbList\",\"@id\":\"https:\/\/mypalmleaf.com\/et\/palmi-lehed\/#breadcrumb\",\"itemListElement\":[{\"@type\":\"ListItem\",\"position\":1,\"name\":\"Home\",\"item\":\"https:\/\/mypalmleaf.com\/et\/\"},{\"@type\":\"ListItem\",\"position\":2,\"name\":\"Palmilehed\"}]},{\"@type\":\"WebSite\",\"@id\":\"https:\/\/mypalmleaf.com\/#website\",\"url\":\"https:\/\/mypalmleaf.com\/\",\"name\":\"My Palm Leaf\",\"description\":\"\",\"potentialAction\":[{\"@type\":\"SearchAction\",\"target\":{\"@type\":\"EntryPoint\",\"urlTemplate\":\"https:\/\/mypalmleaf.com\/?s={search_term_string}\"},\"query-input\":{\"@type\":\"PropertyValueSpecification\",\"valueRequired\":true,\"valueName\":\"search_term_string\"}}],\"inLanguage\":\"et\"}]}<\/script>\n<!-- \/ Yoast SEO plugin. -->","yoast_head_json":{"title":"Palmilehed - My Palm Leaf","description":"Ava oma palmilehe saladused ja saa jumalikku juhatust. \u00dchendu iidse tarkusega, leia selgus ning avasta oma vaimne tee. V\u00f5ta meiega \u00fchendust.","robots":{"index":"index","follow":"follow","max-snippet":"max-snippet:-1","max-image-preview":"max-image-preview:large","max-video-preview":"max-video-preview:-1"},"canonical":"https:\/\/mypalmleaf.com\/et\/palmi-lehed\/","og_locale":"et_EE","og_type":"article","og_title":"Palmilehed - My Palm Leaf","og_description":"Ava oma palmilehe saladused ja saa jumalikku juhatust. \u00dchendu iidse tarkusega, leia selgus ning avasta oma vaimne tee. V\u00f5ta meiega \u00fchendust.","og_url":"https:\/\/mypalmleaf.com\/et\/palmi-lehed\/","og_site_name":"My Palm Leaf","article_modified_time":"2025-04-30T08:54:57+00:00","og_image":[{"width":1200,"height":1196,"url":"https:\/\/mypalmleaf.com\/wp-content\/uploads\/2025\/08\/mpl-circle-logo.jpg","type":"image\/jpeg"}],"twitter_card":"summary_large_image","schema":{"@context":"https:\/\/schema.org","@graph":[{"@type":"WebPage","@id":"https:\/\/mypalmleaf.com\/et\/palmi-lehed\/","url":"https:\/\/mypalmleaf.com\/et\/palmi-lehed\/","name":"Palmilehed - My Palm Leaf","isPartOf":{"@id":"https:\/\/mypalmleaf.com\/#website"},"datePublished":"2024-08-15T02:38:41+00:00","dateModified":"2025-04-30T08:54:57+00:00","description":"Ava oma palmilehe saladused ja saa jumalikku juhatust. \u00dchendu iidse tarkusega, leia selgus ning avasta oma vaimne tee. V\u00f5ta meiega \u00fchendust.","breadcrumb":{"@id":"https:\/\/mypalmleaf.com\/et\/palmi-lehed\/#breadcrumb"},"inLanguage":"et","potentialAction":[{"@type":"ReadAction","target":["https:\/\/mypalmleaf.com\/et\/palmi-lehed\/"]}]},{"@type":"BreadcrumbList","@id":"https:\/\/mypalmleaf.com\/et\/palmi-lehed\/#breadcrumb","itemListElement":[{"@type":"ListItem","position":1,"name":"Home","item":"https:\/\/mypalmleaf.com\/et\/"},{"@type":"ListItem","position":2,"name":"Palmilehed"}]},{"@type":"WebSite","@id":"https:\/\/mypalmleaf.com\/#website","url":"https:\/\/mypalmleaf.com\/","name":"My Palm Leaf","description":"","potentialAction":[{"@type":"SearchAction","target":{"@type":"EntryPoint","urlTemplate":"https:\/\/mypalmleaf.com\/?s={search_term_string}"},"query-input":{"@type":"PropertyValueSpecification","valueRequired":true,"valueName":"search_term_string"}}],"inLanguage":"et"}]}},"_links":{"self":[{"href":"https:\/\/mypalmleaf.com\/et\/wp-json\/wp\/v2\/pages\/36452","targetHints":{"allow":["GET"]}}],"collection":[{"href":"https:\/\/mypalmleaf.com\/et\/wp-json\/wp\/v2\/pages"}],"about":[{"href":"https:\/\/mypalmleaf.com\/et\/wp-json\/wp\/v2\/types\/page"}],"author":[{"embeddable":true,"href":"https:\/\/mypalmleaf.com\/et\/wp-json\/wp\/v2\/users\/1"}],"replies":[{"embeddable":true,"href":"https:\/\/mypalmleaf.com\/et\/wp-json\/wp\/v2\/comments?post=36452"}],"version-history":[{"count":0,"href":"https:\/\/mypalmleaf.com\/et\/wp-json\/wp\/v2\/pages\/36452\/revisions"}],"wp:attachment":[{"href":"https:\/\/mypalmleaf.com\/et\/wp-json\/wp\/v2\/media?parent=36452"}],"curies":[{"name":"wp","href":"https:\/\/api.w.org\/{rel}","templated":true}]}}