
{"id":36494,"date":"2024-09-05T05:40:59","date_gmt":"2024-09-05T05:40:59","guid":{"rendered":"https:\/\/mypalmleaf.com\/impressum\/"},"modified":"2025-04-16T09:04:59","modified_gmt":"2025-04-16T09:04:59","slug":"impressum","status":"publish","type":"page","link":"https:\/\/mypalmleaf.com\/et\/impressum\/","title":{"rendered":"Impressum"},"content":{"rendered":"\n<p class=\"has-text-align-center\"><strong>Selle veebisaidi eest ametlikult vastutav isik:<\/strong><strong><br\/><\/strong>Conscious Innovation Lab O\u00dc<br\/>Sakala tn 7-2<br\/>10141 Tallinn<br\/>Estonia<\/p>\n\n<p class=\"has-text-align-center\"><strong>Esindab:<\/strong><strong><br\/><\/strong>Stephan Oesterreicher<\/p>\n\n<p class=\"has-text-align-center\"><strong>Kontakt:<\/strong><strong><br\/><\/strong>info@mypalmleaf.com<br\/>Telefon: <br\/> WhatsApp: +49 1575 3142393 : +49 1575 3142393<\/p>\n\n<p class=\"has-text-align-center\"><strong>\u00c4riregister:<\/strong><strong><br\/><\/strong>Registreeritud Eesti \u00e4riregistris (\u00c4riregister)<br\/>Registreerimisnumber: 14825448<\/p>\n\n<p class=\"has-text-align-center\"><strong>K\u00e4ibemaksu identifitseerimisnumber:<\/strong><\/p>\n\n<p class=\"has-text-align-center\">EE102459135  <strong><br\/><br\/><\/strong><\/p>\n","protected":false},"excerpt":{"rendered":"<p>Selle veebisaidi eest ametlikult vastutav isik:Conscious Innovation Lab O\u00dcSakala tn 7-210141 TallinnEstonia Esindab:Stephan Oesterreicher Kontakt:info@mypalmleaf.comTelefon: WhatsApp: +49 1575 3142393 : +49 1575 3142393 \u00c4riregister:Registreeritud Eesti \u00e4riregistris (\u00c4riregister)Registreerimisnumber: 14825448 K\u00e4ibemaksu identifitseerimisnumber: EE102459135<\/p>\n","protected":false},"author":1,"featured_media":0,"parent":0,"menu_order":0,"comment_status":"closed","ping_status":"closed","template":"static-template-page.php","meta":{"_acf_changed":false,"footnotes":""},"class_list":["post-36494","page","type-page","status-publish","hentry"],"acf":[],"yoast_head":"<!-- This site is optimized with the Yoast SEO plugin v26.4 - https:\/\/yoast.com\/wordpress\/plugins\/seo\/ -->\n<title>Impressum - My Palm Leaf<\/title>\n<meta name=\"description\" content=\"Tutvu MyPalmLeafi juriidilise teabega: kontaktandmed, vastutav isik ja ettev\u00f5tte ametlikud andmed. L\u00e4bipaistvus ja usaldus on meie prioriteet.\" \/>\n<meta name=\"robots\" content=\"index, follow, max-snippet:-1, max-image-preview:large, max-video-preview:-1\" \/>\n<link rel=\"canonical\" href=\"https:\/\/mypalmleaf.com\/impression\/\" \/>\n<meta property=\"og:locale\" content=\"et_EE\" \/>\n<meta property=\"og:type\" content=\"article\" \/>\n<meta property=\"og:title\" content=\"Impressum - My Palm Leaf\" \/>\n<meta property=\"og:description\" content=\"Tutvu MyPalmLeafi juriidilise teabega: kontaktandmed, vastutav isik ja ettev\u00f5tte ametlikud andmed. L\u00e4bipaistvus ja usaldus on meie prioriteet.\" \/>\n<meta property=\"og:url\" content=\"https:\/\/mypalmleaf.com\/impression\/\" \/>\n<meta property=\"og:site_name\" content=\"My Palm Leaf\" \/>\n<meta property=\"article:modified_time\" content=\"2025-04-16T09:04:59+00:00\" \/>\n<meta property=\"og:image\" content=\"https:\/\/mypalmleaf.com\/wp-content\/uploads\/2025\/08\/mpl-circle-logo.jpg\" \/>\n\t<meta property=\"og:image:width\" content=\"1200\" \/>\n\t<meta property=\"og:image:height\" content=\"1196\" \/>\n\t<meta property=\"og:image:type\" content=\"image\/jpeg\" \/>\n<meta name=\"twitter:card\" content=\"summary_large_image\" \/>\n<meta name=\"twitter:label1\" content=\"Est. reading time\" \/>\n\t<meta name=\"twitter:data1\" content=\"1 minut\" \/>\n<script type=\"application\/ld+json\" class=\"yoast-schema-graph\">{\"@context\":\"https:\/\/schema.org\",\"@graph\":[{\"@type\":\"WebPage\",\"@id\":\"https:\/\/mypalmleaf.com\/impression\/\",\"url\":\"https:\/\/mypalmleaf.com\/impression\/\",\"name\":\"Impressum - My Palm Leaf\",\"isPartOf\":{\"@id\":\"https:\/\/mypalmleaf.com\/#website\"},\"datePublished\":\"2024-09-05T05:40:59+00:00\",\"dateModified\":\"2025-04-16T09:04:59+00:00\",\"description\":\"Tutvu MyPalmLeafi juriidilise teabega: kontaktandmed, vastutav isik ja ettev\u00f5tte ametlikud andmed. L\u00e4bipaistvus ja usaldus on meie prioriteet.\",\"breadcrumb\":{\"@id\":\"https:\/\/mypalmleaf.com\/impression\/#breadcrumb\"},\"inLanguage\":\"et\",\"potentialAction\":[{\"@type\":\"ReadAction\",\"target\":[\"https:\/\/mypalmleaf.com\/impression\/\"]}]},{\"@type\":\"BreadcrumbList\",\"@id\":\"https:\/\/mypalmleaf.com\/impression\/#breadcrumb\",\"itemListElement\":[{\"@type\":\"ListItem\",\"position\":1,\"name\":\"Home\",\"item\":\"https:\/\/mypalmleaf.com\/et\/\"},{\"@type\":\"ListItem\",\"position\":2,\"name\":\"Impressum\"}]},{\"@type\":\"WebSite\",\"@id\":\"https:\/\/mypalmleaf.com\/#website\",\"url\":\"https:\/\/mypalmleaf.com\/\",\"name\":\"My Palm Leaf\",\"description\":\"\",\"potentialAction\":[{\"@type\":\"SearchAction\",\"target\":{\"@type\":\"EntryPoint\",\"urlTemplate\":\"https:\/\/mypalmleaf.com\/?s={search_term_string}\"},\"query-input\":{\"@type\":\"PropertyValueSpecification\",\"valueRequired\":true,\"valueName\":\"search_term_string\"}}],\"inLanguage\":\"et\"}]}<\/script>\n<!-- \/ Yoast SEO plugin. -->","yoast_head_json":{"title":"Impressum - My Palm Leaf","description":"Tutvu MyPalmLeafi juriidilise teabega: kontaktandmed, vastutav isik ja ettev\u00f5tte ametlikud andmed. L\u00e4bipaistvus ja usaldus on meie prioriteet.","robots":{"index":"index","follow":"follow","max-snippet":"max-snippet:-1","max-image-preview":"max-image-preview:large","max-video-preview":"max-video-preview:-1"},"canonical":"https:\/\/mypalmleaf.com\/impression\/","og_locale":"et_EE","og_type":"article","og_title":"Impressum - My Palm Leaf","og_description":"Tutvu MyPalmLeafi juriidilise teabega: kontaktandmed, vastutav isik ja ettev\u00f5tte ametlikud andmed. L\u00e4bipaistvus ja usaldus on meie prioriteet.","og_url":"https:\/\/mypalmleaf.com\/impression\/","og_site_name":"My Palm Leaf","article_modified_time":"2025-04-16T09:04:59+00:00","og_image":[{"width":1200,"height":1196,"url":"https:\/\/mypalmleaf.com\/wp-content\/uploads\/2025\/08\/mpl-circle-logo.jpg","type":"image\/jpeg"}],"twitter_card":"summary_large_image","twitter_misc":{"Est. reading time":"1 minut"},"schema":{"@context":"https:\/\/schema.org","@graph":[{"@type":"WebPage","@id":"https:\/\/mypalmleaf.com\/impression\/","url":"https:\/\/mypalmleaf.com\/impression\/","name":"Impressum - My Palm Leaf","isPartOf":{"@id":"https:\/\/mypalmleaf.com\/#website"},"datePublished":"2024-09-05T05:40:59+00:00","dateModified":"2025-04-16T09:04:59+00:00","description":"Tutvu MyPalmLeafi juriidilise teabega: kontaktandmed, vastutav isik ja ettev\u00f5tte ametlikud andmed. L\u00e4bipaistvus ja usaldus on meie prioriteet.","breadcrumb":{"@id":"https:\/\/mypalmleaf.com\/impression\/#breadcrumb"},"inLanguage":"et","potentialAction":[{"@type":"ReadAction","target":["https:\/\/mypalmleaf.com\/impression\/"]}]},{"@type":"BreadcrumbList","@id":"https:\/\/mypalmleaf.com\/impression\/#breadcrumb","itemListElement":[{"@type":"ListItem","position":1,"name":"Home","item":"https:\/\/mypalmleaf.com\/et\/"},{"@type":"ListItem","position":2,"name":"Impressum"}]},{"@type":"WebSite","@id":"https:\/\/mypalmleaf.com\/#website","url":"https:\/\/mypalmleaf.com\/","name":"My Palm Leaf","description":"","potentialAction":[{"@type":"SearchAction","target":{"@type":"EntryPoint","urlTemplate":"https:\/\/mypalmleaf.com\/?s={search_term_string}"},"query-input":{"@type":"PropertyValueSpecification","valueRequired":true,"valueName":"search_term_string"}}],"inLanguage":"et"}]}},"_links":{"self":[{"href":"https:\/\/mypalmleaf.com\/et\/wp-json\/wp\/v2\/pages\/36494","targetHints":{"allow":["GET"]}}],"collection":[{"href":"https:\/\/mypalmleaf.com\/et\/wp-json\/wp\/v2\/pages"}],"about":[{"href":"https:\/\/mypalmleaf.com\/et\/wp-json\/wp\/v2\/types\/page"}],"author":[{"embeddable":true,"href":"https:\/\/mypalmleaf.com\/et\/wp-json\/wp\/v2\/users\/1"}],"replies":[{"embeddable":true,"href":"https:\/\/mypalmleaf.com\/et\/wp-json\/wp\/v2\/comments?post=36494"}],"version-history":[{"count":0,"href":"https:\/\/mypalmleaf.com\/et\/wp-json\/wp\/v2\/pages\/36494\/revisions"}],"wp:attachment":[{"href":"https:\/\/mypalmleaf.com\/et\/wp-json\/wp\/v2\/media?parent=36494"}],"curies":[{"name":"wp","href":"https:\/\/api.w.org\/{rel}","templated":true}]}}