
{"id":37099,"date":"2024-08-28T02:03:41","date_gmt":"2024-08-28T02:03:41","guid":{"rendered":"https:\/\/mypalmleaf.com\/partnerlused\/"},"modified":"2025-04-30T09:09:54","modified_gmt":"2025-04-30T09:09:54","slug":"partnerlused","status":"publish","type":"page","link":"https:\/\/mypalmleaf.com\/et\/partnerlused\/","title":{"rendered":"Partnerlused"},"content":{"rendered":"\n<section class=\"spotlight-main small top-gap\">\n    <!-- <div class=\"slider-wrap\" data-flickity='{ \"cellAlign\": \"left\", \"contain\": true, \"wrapAround\": true, \"setGallerySize\": false }'> -->\n    <div class=\"slider-wrap\" data-flickity='{ \"cellAlign\": \"left\", \"contain\": true, \"wrapAround\": true, \"setGallerySize\": false  }'>\n            <div class=\"slides\">\n        <div class=\"content-wrap\">\n          <div class=\"image\">\n            <picture>\n              <source media=\"(max-width: 999px)\" srcset=\"https:\/\/mypalmleaf.com\/wp-content\/uploads\/2024\/09\/partnershi-spotlight-mob.jpg\" \/>\n              <source media=\"(min-width: 1000px)\" srcset=\"https:\/\/mypalmleaf.com\/wp-content\/uploads\/2024\/09\/partnershi-spotlight.jpg\" \/>\n              <img decoding=\"async\" src=\"https:\/\/mypalmleaf.com\/wp-content\/uploads\/2024\/09\/partnershi-spotlight.jpg\" class=\"img-fluid\" alt=\"\" \/>\n            <\/picture>\n          <\/div>\n          <div class=\"content\">\n            <div data-aos=\"fade-up\" data-aos-duration=\"1000\">\n              <h2 class=\"\">Partnerlused<\/h2>\n                                 \n            <\/div>\n          <\/div>\n        <\/div>\n      <\/div>\n          <\/div>\n<\/section>\n\n<section class=\"partnerships-block my-6 position-relative\" data-aos=\"fade-up\" data-aos-duration=\"1000\">\n  <div class=\"container-xl\">\n    <div class=\"row mb-4 justify-content-center\">\n      <div class=\"col-lg-12 text-center\" data-aos=\"fade-up\" data-aos-duration=\"1000\">\n        <div class=\"row align-items-center justify-content-between\">\n                            <div class=\"col-lg-5\"><img decoding=\"async\" src=\"https:\/\/mypalmleaf.com\/wp-content\/uploads\/2024\/08\/mpl-partnership-logo.png\" alt=\"\" class=\"img-fluid\"><\/div>\n                      <div class=\"col-lg-7 mt-4 mt-md-0 pl-4\">\n            <div class=\"partners-program-details\">\n              <h4>Jaga s\u00f5na kui partner<\/h4>\n              <p>Partnerina saad oma unikaalse lingi, mille kaudu saad kutsuda teisi palmilehtedega tutvumiseks.<\/p>\n                                <a href=\"\/et\/affiliates-new\/\" class=\"btn btn-primary\">Registreeru n\u00fc\u00fcd<\/a>\n                          <\/div>\n          <\/div>\n                  <\/div>\n      <\/div>\n    <\/div>\n  <\/div>\n      <div class=\"parallax-item-3 parallax-item\" data-speed=\".08\"><img decoding=\"async\" src=\"https:\/\/mypalmleaf.com\/wp-content\/uploads\/2024\/08\/parallax-item-3-4.png\" class=\"img-fluid\" alt=\"\"><\/div>\n  <\/section>\n\n<section class=\"collaborate-with-mypalmleaf my-6 mt-0\" data-aos=\"fade-up\" data-aos-duration=\"1000\">\n  <div class=\"container-xl\">\n    <div class=\"row\">\n      <div class=\"col-lg-12 text-center\">\n        <h3 class=\"mb-4\">Tee koost\u00f6\u00f6d Mypalmleafiga<\/h3>\n        <p>Liitu Mypalmleafiga sellel teekonnal, et jagada Rishide \u00f5nnistusi ja aidata kaasa uue maailma ehitamisele.<br \/>\n<strong>Me usume win-win-win partnerlustesse, <\/strong> mis t\u00e4hendab:<\/p>\n        <div class=\"collab\">\n          <ul>\n                              <li>\n                  <img decoding=\"async\" src=\"https:\/\/mypalmleaf.com\/wp-content\/themes\/mypalmleaf\/html\/img\/collab-bg.png\" alt=\"\" class=\"img-fluid\">\n                  <div class=\"text\">V\u00f5it Sinu Organisatsioonile<\/div>\n                <\/li>\n                              <li>\n                  <img decoding=\"async\" src=\"https:\/\/mypalmleaf.com\/wp-content\/themes\/mypalmleaf\/html\/img\/collab-bg.png\" alt=\"\" class=\"img-fluid\">\n                  <div class=\"text\">V\u00f5it Mypalmleafi jaoks<\/div>\n                <\/li>\n                              <li>\n                  <img decoding=\"async\" src=\"https:\/\/mypalmleaf.com\/wp-content\/themes\/mypalmleaf\/html\/img\/collab-bg.png\" alt=\"\" class=\"img-fluid\">\n                  <div class=\"text\">V\u00f5it inimkonna ja Maa jaoks<\/div>\n                <\/li>\n                        <\/ul>\n        <\/div>\n        <p>Kui Sinu missioon on koosk\u00f5las Mypalmleafi t\u00f6\u00f6ga ja soovid teha ettepaneku koost\u00f6\u00f6ks, v\u00f5ta meiega \u00fchendust.  <\/p>\n      <\/div>\n    <\/div>\n  <\/div>\n<\/section>\n\n<section class=\"faq-top-section my-6 mt-xs-4\">\n  <div class=\"container-xl\">\n    <div class=\"row\">\n      <div class=\"col-lg-12 mx-auto\">\n        <div class=\"row justify-content-between align-items-center\">\n          <div class=\"col-lg-6\" data-aos=\"fade-up\" data-aos-duration=\"1000\">\n            <div class=\"rounded-asset\">\n              <img decoding=\"async\" src=\"https:\/\/mypalmleaf.com\/wp-content\/uploads\/2024\/08\/yt-podcast-thumb.png\" class=\"img-fluid\" alt=\"\">\n            <\/div>\n          <\/div>\n          <div class=\"col-lg-6\" data-aos=\"fade-up\" data-aos-duration=\"1000\">\n            <div class=\"yt-podcast\">\n              <h4>YouTube\/Podcast koost\u00f6\u00f6<\/h4>\n              <p>Liitu Mypalmleafi teekonnaga, et jagada Rishide \u00f5nnistusi ja anda oma panus uue maailma ehitamisse.<\/p>\n              <a href=\"https:\/\/docs.google.com\/forms\/d\/e\/1FAIpQLSc9R58TIP7gA73G6m7X0yQ3vVx9MXk40ErG990x-I6BylmJNg\/formrestricted\" class=\"btn btn-primary\" target=\"_new\">Kandideeri kohe<\/a>\n            <\/div>\n          <\/div>\n        <\/div>\n      <\/div>\n    <\/div>\n  <\/div>\n<\/section>","protected":false},"excerpt":{"rendered":"","protected":false},"author":1,"featured_media":0,"parent":0,"menu_order":0,"comment_status":"closed","ping_status":"closed","template":"","meta":{"_acf_changed":false,"footnotes":""},"class_list":["post-37099","page","type-page","status-publish","hentry"],"acf":[],"yoast_head":"<!-- This site is optimized with the Yoast SEO plugin v26.4 - https:\/\/yoast.com\/wordpress\/plugins\/seo\/ -->\n<title>Partnerlused - My Palm Leaf<\/title>\n<meta name=\"description\" content=\"Loo t\u00e4hendusrikkaid partnerlusi, mis p\u00f5hinevad vaimsel kasvul ja iidsel tarkusel. Liitu meiega palmilehtede \u00f5petuste ja p\u00fchade traditsioonide levitamisel.\" \/>\n<meta name=\"robots\" content=\"index, follow, max-snippet:-1, max-image-preview:large, max-video-preview:-1\" \/>\n<link rel=\"canonical\" href=\"https:\/\/mypalmleaf.com\/et\/partnerlused\/\" \/>\n<meta property=\"og:locale\" content=\"et_EE\" \/>\n<meta property=\"og:type\" content=\"article\" \/>\n<meta property=\"og:title\" content=\"Partnerlused - My Palm Leaf\" \/>\n<meta property=\"og:description\" content=\"Loo t\u00e4hendusrikkaid partnerlusi, mis p\u00f5hinevad vaimsel kasvul ja iidsel tarkusel. Liitu meiega palmilehtede \u00f5petuste ja p\u00fchade traditsioonide levitamisel.\" \/>\n<meta property=\"og:url\" content=\"https:\/\/mypalmleaf.com\/et\/partnerlused\/\" \/>\n<meta property=\"og:site_name\" content=\"My Palm Leaf\" \/>\n<meta property=\"article:modified_time\" content=\"2025-04-30T09:09:54+00:00\" \/>\n<meta property=\"og:image\" content=\"https:\/\/mypalmleaf.com\/wp-content\/uploads\/2025\/08\/mpl-circle-logo.jpg\" \/>\n\t<meta property=\"og:image:width\" content=\"1200\" \/>\n\t<meta property=\"og:image:height\" content=\"1196\" \/>\n\t<meta property=\"og:image:type\" content=\"image\/jpeg\" \/>\n<meta name=\"twitter:card\" content=\"summary_large_image\" \/>\n<script type=\"application\/ld+json\" class=\"yoast-schema-graph\">{\"@context\":\"https:\/\/schema.org\",\"@graph\":[{\"@type\":\"WebPage\",\"@id\":\"https:\/\/mypalmleaf.com\/et\/partnerlused\/\",\"url\":\"https:\/\/mypalmleaf.com\/et\/partnerlused\/\",\"name\":\"Partnerlused - My Palm Leaf\",\"isPartOf\":{\"@id\":\"https:\/\/mypalmleaf.com\/#website\"},\"datePublished\":\"2024-08-28T02:03:41+00:00\",\"dateModified\":\"2025-04-30T09:09:54+00:00\",\"description\":\"Loo t\u00e4hendusrikkaid partnerlusi, mis p\u00f5hinevad vaimsel kasvul ja iidsel tarkusel. Liitu meiega palmilehtede \u00f5petuste ja p\u00fchade traditsioonide levitamisel.\",\"breadcrumb\":{\"@id\":\"https:\/\/mypalmleaf.com\/et\/partnerlused\/#breadcrumb\"},\"inLanguage\":\"et\",\"potentialAction\":[{\"@type\":\"ReadAction\",\"target\":[\"https:\/\/mypalmleaf.com\/et\/partnerlused\/\"]}]},{\"@type\":\"BreadcrumbList\",\"@id\":\"https:\/\/mypalmleaf.com\/et\/partnerlused\/#breadcrumb\",\"itemListElement\":[{\"@type\":\"ListItem\",\"position\":1,\"name\":\"Home\",\"item\":\"https:\/\/mypalmleaf.com\/et\/\"},{\"@type\":\"ListItem\",\"position\":2,\"name\":\"Partnerlused\"}]},{\"@type\":\"WebSite\",\"@id\":\"https:\/\/mypalmleaf.com\/#website\",\"url\":\"https:\/\/mypalmleaf.com\/\",\"name\":\"My Palm Leaf\",\"description\":\"\",\"potentialAction\":[{\"@type\":\"SearchAction\",\"target\":{\"@type\":\"EntryPoint\",\"urlTemplate\":\"https:\/\/mypalmleaf.com\/?s={search_term_string}\"},\"query-input\":{\"@type\":\"PropertyValueSpecification\",\"valueRequired\":true,\"valueName\":\"search_term_string\"}}],\"inLanguage\":\"et\"}]}<\/script>\n<!-- \/ Yoast SEO plugin. -->","yoast_head_json":{"title":"Partnerlused - My Palm Leaf","description":"Loo t\u00e4hendusrikkaid partnerlusi, mis p\u00f5hinevad vaimsel kasvul ja iidsel tarkusel. Liitu meiega palmilehtede \u00f5petuste ja p\u00fchade traditsioonide levitamisel.","robots":{"index":"index","follow":"follow","max-snippet":"max-snippet:-1","max-image-preview":"max-image-preview:large","max-video-preview":"max-video-preview:-1"},"canonical":"https:\/\/mypalmleaf.com\/et\/partnerlused\/","og_locale":"et_EE","og_type":"article","og_title":"Partnerlused - My Palm Leaf","og_description":"Loo t\u00e4hendusrikkaid partnerlusi, mis p\u00f5hinevad vaimsel kasvul ja iidsel tarkusel. Liitu meiega palmilehtede \u00f5petuste ja p\u00fchade traditsioonide levitamisel.","og_url":"https:\/\/mypalmleaf.com\/et\/partnerlused\/","og_site_name":"My Palm Leaf","article_modified_time":"2025-04-30T09:09:54+00:00","og_image":[{"width":1200,"height":1196,"url":"https:\/\/mypalmleaf.com\/wp-content\/uploads\/2025\/08\/mpl-circle-logo.jpg","type":"image\/jpeg"}],"twitter_card":"summary_large_image","schema":{"@context":"https:\/\/schema.org","@graph":[{"@type":"WebPage","@id":"https:\/\/mypalmleaf.com\/et\/partnerlused\/","url":"https:\/\/mypalmleaf.com\/et\/partnerlused\/","name":"Partnerlused - My Palm Leaf","isPartOf":{"@id":"https:\/\/mypalmleaf.com\/#website"},"datePublished":"2024-08-28T02:03:41+00:00","dateModified":"2025-04-30T09:09:54+00:00","description":"Loo t\u00e4hendusrikkaid partnerlusi, mis p\u00f5hinevad vaimsel kasvul ja iidsel tarkusel. Liitu meiega palmilehtede \u00f5petuste ja p\u00fchade traditsioonide levitamisel.","breadcrumb":{"@id":"https:\/\/mypalmleaf.com\/et\/partnerlused\/#breadcrumb"},"inLanguage":"et","potentialAction":[{"@type":"ReadAction","target":["https:\/\/mypalmleaf.com\/et\/partnerlused\/"]}]},{"@type":"BreadcrumbList","@id":"https:\/\/mypalmleaf.com\/et\/partnerlused\/#breadcrumb","itemListElement":[{"@type":"ListItem","position":1,"name":"Home","item":"https:\/\/mypalmleaf.com\/et\/"},{"@type":"ListItem","position":2,"name":"Partnerlused"}]},{"@type":"WebSite","@id":"https:\/\/mypalmleaf.com\/#website","url":"https:\/\/mypalmleaf.com\/","name":"My Palm Leaf","description":"","potentialAction":[{"@type":"SearchAction","target":{"@type":"EntryPoint","urlTemplate":"https:\/\/mypalmleaf.com\/?s={search_term_string}"},"query-input":{"@type":"PropertyValueSpecification","valueRequired":true,"valueName":"search_term_string"}}],"inLanguage":"et"}]}},"_links":{"self":[{"href":"https:\/\/mypalmleaf.com\/et\/wp-json\/wp\/v2\/pages\/37099","targetHints":{"allow":["GET"]}}],"collection":[{"href":"https:\/\/mypalmleaf.com\/et\/wp-json\/wp\/v2\/pages"}],"about":[{"href":"https:\/\/mypalmleaf.com\/et\/wp-json\/wp\/v2\/types\/page"}],"author":[{"embeddable":true,"href":"https:\/\/mypalmleaf.com\/et\/wp-json\/wp\/v2\/users\/1"}],"replies":[{"embeddable":true,"href":"https:\/\/mypalmleaf.com\/et\/wp-json\/wp\/v2\/comments?post=37099"}],"version-history":[{"count":0,"href":"https:\/\/mypalmleaf.com\/et\/wp-json\/wp\/v2\/pages\/37099\/revisions"}],"wp:attachment":[{"href":"https:\/\/mypalmleaf.com\/et\/wp-json\/wp\/v2\/media?parent=37099"}],"curies":[{"name":"wp","href":"https:\/\/api.w.org\/{rel}","templated":true}]}}