
{"id":37138,"date":"2024-08-28T03:20:58","date_gmt":"2024-08-28T03:20:58","guid":{"rendered":"https:\/\/mypalmleaf.com\/partnerprogramm\/"},"modified":"2025-03-18T22:55:47","modified_gmt":"2025-03-18T22:55:47","slug":"partnerprogramm","status":"publish","type":"page","link":"https:\/\/mypalmleaf.com\/et\/partnerprogramm\/","title":{"rendered":"Partnerprogramm"},"content":{"rendered":"\n<section class=\"spotlight-main small top-gap\">\n    <!-- <div class=\"slider-wrap\" data-flickity='{ \"cellAlign\": \"left\", \"contain\": true, \"wrapAround\": true, \"setGallerySize\": false }'> -->\n    <div class=\"slider-wrap\" data-flickity='{ \"cellAlign\": \"left\", \"contain\": true, \"wrapAround\": true, \"setGallerySize\": false  }'>\n            <div class=\"slides\">\n        <div class=\"content-wrap\">\n          <div class=\"image\">\n            <picture>\n              <source media=\"(max-width: 999px)\" srcset=\"https:\/\/mypalmleaf.com\/wp-content\/uploads\/2024\/09\/affliate-program-spotlight-mob.jpg\" \/>\n              <source media=\"(min-width: 1000px)\" srcset=\"https:\/\/mypalmleaf.com\/wp-content\/uploads\/2024\/09\/affliate-program-spotlight.jpg\" \/>\n              <img decoding=\"async\" src=\"https:\/\/mypalmleaf.com\/wp-content\/uploads\/2024\/09\/affliate-program-spotlight.jpg\" class=\"img-fluid\" alt=\"\" \/>\n            <\/picture>\n          <\/div>\n          <div class=\"content\">\n            <div data-aos=\"fade-up\" data-aos-duration=\"1000\">\n              <h2 class=\"\">Mypalmleafi partnerprogramm<\/h2>\n                                 \n            <\/div>\n          <\/div>\n        <\/div>\n      <\/div>\n          <\/div>\n<\/section>\n\n<section class=\"partnerships-block my-6 position-relative\" data-aos=\"fade-up\" data-aos-duration=\"1000\">\n  <div class=\"container-xl\">\n    <div class=\"row mb-4 justify-content-center\">\n      <div class=\"col-lg-12 text-center\" data-aos=\"fade-up\" data-aos-duration=\"1000\">\n        <div class=\"row align-items-center justify-content-between\">\n                      <div class=\"col-lg-7 mt-4 mt-md-0 \">\n            <div class=\"partners-program-details\">\n              <h4>Jaga s\u00f5na kui partner<\/h4>\n              <p>Meie missiooniks on teha India palmilehtede raamatukogud k\u00e4ttesaadavaks inimestele \u00fcle kogu maailma ja \u00fchendada nad Rishide tarkusega. Ja me kutsume Sind osalema selles missioonis, liitudes Mypalmleafi partnerprogrammiga.   <\/p>\n                                <a href=\"\/affiliates-new\/\" class=\"btn btn-primary\">Registreerumine \/ sisselogimine partnerportaali<\/a>\n                          <\/div>\n          <\/div>\n                        <div class=\"col-lg-5\"><img decoding=\"async\" src=\"https:\/\/mypalmleaf.com\/wp-content\/uploads\/2024\/08\/mpl-partnership-logo-1.png\" alt=\"\" class=\"img-fluid\"><\/div>\n                  <\/div>\n      <\/div>\n    <\/div>\n  <\/div>\n      <div class=\"parallax-item-3 parallax-item\" data-speed=\".08\"><img decoding=\"async\" src=\"https:\/\/mypalmleaf.com\/wp-content\/uploads\/2024\/08\/parallax-item-3-4.png\" class=\"img-fluid\" alt=\"\"><\/div>\n  <\/section>\n\n<section class=\"photo-gallery my-5\">\n  <div class=\"container-xl\" data-aos=\"fade-up\" data-aos-duration=\"1000\">\n            <div class=\"row\">\n      <div class=\"col-lg-10 mx-auto\">\n        <div class=\"exibition\">\n          <ul>\n                                      <li data-aos=\"fade-up\" data-aos-duration=\"800\"><img decoding=\"async\" src=\"https:\/\/mypalmleaf.com\/wp-content\/uploads\/2024\/09\/affiliate-img-1-1.jpg\" alt=\"\"><\/li>\n                                        <li data-aos=\"fade-up\" data-aos-duration=\"1000\"><img decoding=\"async\" src=\"https:\/\/mypalmleaf.com\/wp-content\/uploads\/2024\/09\/affiliate-img-2.jpg\" alt=\"\"><\/li>\n                                        <li data-aos=\"fade-up\" data-aos-duration=\"1200\"><img decoding=\"async\" src=\"https:\/\/mypalmleaf.com\/wp-content\/uploads\/2024\/09\/affiliate-img-3.jpg\" alt=\"\"><\/li>\n                                        <li data-aos=\"fade-up\" data-aos-duration=\"1400\"><img decoding=\"async\" src=\"https:\/\/mypalmleaf.com\/wp-content\/uploads\/2024\/09\/affiliate-img-4.jpg\" alt=\"\"><\/li>\n                                    <\/ul>\n        <\/div>\n      <\/div>\n    <\/div>\n          <\/div>\n<\/section>\n\n<section class=\"affiliate\">\n  <div class=\"container-xl\">\n    <div class=\"row\">\n      <div class=\"col-lg-12\">\n        <h3 class=\"mb-4\">Kuidas see t\u00f6\u00f6tab?<\/h3>\n        <div class=\"affiliate-cont\">\n          <ul>\n                          <li>\n                <div class=\"title\">1. <a href=\"https:\/\/mypalmleaf.com\/et\/affiliate-portaal\/\" class=\"btn btn-primary\">Registreeru siin<\/a> meie partnerprogrammi.<\/div>\n                <div class=\"desc\"><\/div>\n              <\/li>\n                          <li>\n                <div class=\"title\">2. Saad oma isikliku lingi partnerluse armatuurlaual<\/div>\n                <div class=\"desc\"><p>Oma isikliku lingi leiad avades oma partnerluse t\u00f6\u00f6laua.  <\/p>\n<\/div>\n              <\/li>\n                          <li>\n                <div class=\"title\">3. Kuidas vahetada lingi keelt?<\/div>\n                <div class=\"desc\">\n<p>Vaikeseadena viitab Sinu link alati meie ingliskeelsele kodulehele, n\u00e4iteks <strong> https:\/\/mypalmleaf.com\/?mpl=51 <\/strong>.  <\/p>\n<p>Kui soovid, et see l\u00fclituks saksa kodulehele (v\u00f5i m\u00f5nele muule keelele) ,<strong> v\u00f5id lihtsalt lisada \/de\/ peale.com-i, nii et see oleks <\/strong>https:\/\/mypalmleaf.com\/de\/?mpl=51.  <\/p>\n<\/div>\n              <\/li>\n                          <li>\n                <div class=\"title\">4. Jaga oma linki teistega  <\/div>\n                <div class=\"desc\"><p>Seej\u00e4rel saad seda linki teistega jagada. Kui meie veebilehte k\u00fclastatakse sinu lingi kaudu, pannakse nende brauserisse k\u00fcpsis. Kui nad tulevad paar n\u00e4dalat hiljem veebilehele tagasi, ilma sinu lingi kaudu tulemata, ja teevad seej\u00e4rel broneeringu, siis loetakse see ikkagi sinu jaoks viitamiseks.    <\/p>\n<\/div>\n              <\/li>\n                          <li>\n                <div class=\"title\">5. Saa tasu<\/div>\n                <div class=\"desc\"><p>Iga soovitatud broneeringu eest premeerime Sulle 30\u20ac.  <br \/>  See makstakse igakuiselt sinu valitud pangakontole v\u00f5i Paypal&#8217;i kontole.  <\/p>\n<\/div>\n              <\/li>\n                          <li>\n                <div class=\"title\">6. Kontrolli oma viiteid<\/div>\n                <div class=\"desc\"><p>Saad alati n\u00e4ha oma viitamiste ja veebisaidi k\u00fclastuste arvu oma partnerluse armatuurlaual.  <\/p>\n<\/div>\n              <\/li>\n                          <li>\n                <div class=\"title\"><\/div>\n                <div class=\"desc\"><p><a href=\"https:\/\/mypalmleaf.com\/prices\/find-your-palm-leaf-and-read-the-general-chapter\/\" class=\"btn btn-primary\">Leia minu leht<\/a><\/p>\n<\/div>\n              <\/li>\n                      <\/ul>\n          <div class=\"btm-contact\"><div class=\"btm-contact\">Kui Sul on k\u00fcsimusi partnerprogrammi kohta, kirjuta meile aadressil <a href=\"mailto:support@mypalmleaf.com\">support@mypalmleaf.com<\/a>.<\/div>\n<\/div>\n        <\/div>\n      <\/div>\n    <\/div>\n  <\/div>\n<\/section>","protected":false},"excerpt":{"rendered":"","protected":false},"author":1,"featured_media":0,"parent":0,"menu_order":0,"comment_status":"closed","ping_status":"closed","template":"","meta":{"_acf_changed":false,"footnotes":""},"class_list":["post-37138","page","type-page","status-publish","hentry"],"acf":[],"yoast_head":"<!-- This site is optimized with the Yoast SEO plugin v26.4 - https:\/\/yoast.com\/wordpress\/plugins\/seo\/ -->\n<title>Partnerprogramm - My Palm Leaf<\/title>\n<meta name=\"robots\" content=\"index, follow, max-snippet:-1, max-image-preview:large, max-video-preview:-1\" \/>\n<link rel=\"canonical\" href=\"https:\/\/mypalmleaf.com\/affiliates-program\/\" \/>\n<meta property=\"og:locale\" content=\"et_EE\" \/>\n<meta property=\"og:type\" content=\"article\" \/>\n<meta property=\"og:title\" content=\"Partnerprogramm - My Palm Leaf\" \/>\n<meta property=\"og:url\" content=\"https:\/\/mypalmleaf.com\/affiliates-program\/\" \/>\n<meta property=\"og:site_name\" content=\"My Palm Leaf\" \/>\n<meta property=\"article:modified_time\" content=\"2025-03-18T22:55:47+00:00\" \/>\n<meta property=\"og:image\" content=\"https:\/\/mypalmleaf.com\/wp-content\/uploads\/2025\/08\/mpl-circle-logo.jpg\" \/>\n\t<meta property=\"og:image:width\" content=\"1200\" \/>\n\t<meta property=\"og:image:height\" content=\"1196\" \/>\n\t<meta property=\"og:image:type\" content=\"image\/jpeg\" \/>\n<meta name=\"twitter:card\" content=\"summary_large_image\" \/>\n<script type=\"application\/ld+json\" class=\"yoast-schema-graph\">{\"@context\":\"https:\/\/schema.org\",\"@graph\":[{\"@type\":\"WebPage\",\"@id\":\"https:\/\/mypalmleaf.com\/affiliates-program\/\",\"url\":\"https:\/\/mypalmleaf.com\/affiliates-program\/\",\"name\":\"Partnerprogramm - My Palm Leaf\",\"isPartOf\":{\"@id\":\"https:\/\/mypalmleaf.com\/#website\"},\"datePublished\":\"2024-08-28T03:20:58+00:00\",\"dateModified\":\"2025-03-18T22:55:47+00:00\",\"breadcrumb\":{\"@id\":\"https:\/\/mypalmleaf.com\/affiliates-program\/#breadcrumb\"},\"inLanguage\":\"et\",\"potentialAction\":[{\"@type\":\"ReadAction\",\"target\":[\"https:\/\/mypalmleaf.com\/affiliates-program\/\"]}]},{\"@type\":\"BreadcrumbList\",\"@id\":\"https:\/\/mypalmleaf.com\/affiliates-program\/#breadcrumb\",\"itemListElement\":[{\"@type\":\"ListItem\",\"position\":1,\"name\":\"Home\",\"item\":\"https:\/\/mypalmleaf.com\/et\/\"},{\"@type\":\"ListItem\",\"position\":2,\"name\":\"Partnerprogramm\"}]},{\"@type\":\"WebSite\",\"@id\":\"https:\/\/mypalmleaf.com\/#website\",\"url\":\"https:\/\/mypalmleaf.com\/\",\"name\":\"My Palm Leaf\",\"description\":\"\",\"potentialAction\":[{\"@type\":\"SearchAction\",\"target\":{\"@type\":\"EntryPoint\",\"urlTemplate\":\"https:\/\/mypalmleaf.com\/?s={search_term_string}\"},\"query-input\":{\"@type\":\"PropertyValueSpecification\",\"valueRequired\":true,\"valueName\":\"search_term_string\"}}],\"inLanguage\":\"et\"}]}<\/script>\n<!-- \/ Yoast SEO plugin. -->","yoast_head_json":{"title":"Partnerprogramm - My Palm Leaf","robots":{"index":"index","follow":"follow","max-snippet":"max-snippet:-1","max-image-preview":"max-image-preview:large","max-video-preview":"max-video-preview:-1"},"canonical":"https:\/\/mypalmleaf.com\/affiliates-program\/","og_locale":"et_EE","og_type":"article","og_title":"Partnerprogramm - My Palm Leaf","og_url":"https:\/\/mypalmleaf.com\/affiliates-program\/","og_site_name":"My Palm Leaf","article_modified_time":"2025-03-18T22:55:47+00:00","og_image":[{"width":1200,"height":1196,"url":"https:\/\/mypalmleaf.com\/wp-content\/uploads\/2025\/08\/mpl-circle-logo.jpg","type":"image\/jpeg"}],"twitter_card":"summary_large_image","schema":{"@context":"https:\/\/schema.org","@graph":[{"@type":"WebPage","@id":"https:\/\/mypalmleaf.com\/affiliates-program\/","url":"https:\/\/mypalmleaf.com\/affiliates-program\/","name":"Partnerprogramm - My Palm Leaf","isPartOf":{"@id":"https:\/\/mypalmleaf.com\/#website"},"datePublished":"2024-08-28T03:20:58+00:00","dateModified":"2025-03-18T22:55:47+00:00","breadcrumb":{"@id":"https:\/\/mypalmleaf.com\/affiliates-program\/#breadcrumb"},"inLanguage":"et","potentialAction":[{"@type":"ReadAction","target":["https:\/\/mypalmleaf.com\/affiliates-program\/"]}]},{"@type":"BreadcrumbList","@id":"https:\/\/mypalmleaf.com\/affiliates-program\/#breadcrumb","itemListElement":[{"@type":"ListItem","position":1,"name":"Home","item":"https:\/\/mypalmleaf.com\/et\/"},{"@type":"ListItem","position":2,"name":"Partnerprogramm"}]},{"@type":"WebSite","@id":"https:\/\/mypalmleaf.com\/#website","url":"https:\/\/mypalmleaf.com\/","name":"My Palm Leaf","description":"","potentialAction":[{"@type":"SearchAction","target":{"@type":"EntryPoint","urlTemplate":"https:\/\/mypalmleaf.com\/?s={search_term_string}"},"query-input":{"@type":"PropertyValueSpecification","valueRequired":true,"valueName":"search_term_string"}}],"inLanguage":"et"}]}},"_links":{"self":[{"href":"https:\/\/mypalmleaf.com\/et\/wp-json\/wp\/v2\/pages\/37138","targetHints":{"allow":["GET"]}}],"collection":[{"href":"https:\/\/mypalmleaf.com\/et\/wp-json\/wp\/v2\/pages"}],"about":[{"href":"https:\/\/mypalmleaf.com\/et\/wp-json\/wp\/v2\/types\/page"}],"author":[{"embeddable":true,"href":"https:\/\/mypalmleaf.com\/et\/wp-json\/wp\/v2\/users\/1"}],"replies":[{"embeddable":true,"href":"https:\/\/mypalmleaf.com\/et\/wp-json\/wp\/v2\/comments?post=37138"}],"version-history":[{"count":0,"href":"https:\/\/mypalmleaf.com\/et\/wp-json\/wp\/v2\/pages\/37138\/revisions"}],"wp:attachment":[{"href":"https:\/\/mypalmleaf.com\/et\/wp-json\/wp\/v2\/media?parent=37138"}],"curies":[{"name":"wp","href":"https:\/\/api.w.org\/{rel}","templated":true}]}}