{"id":37173,"date":"2024-09-01T09:48:00","date_gmt":"2024-09-01T09:48:00","guid":{"rendered":"https:\/\/mypalmleaf.com\/annetused\/"},"modified":"2025-06-21T08:55:55","modified_gmt":"2025-06-21T08:55:55","slug":"annetused","status":"publish","type":"page","link":"https:\/\/mypalmleaf.com\/et\/annetused\/","title":{"rendered":"Annetused"},"content":{"rendered":"\n<section class=\"spotlight-main small top-gap\">\n    <!-- <div class=\"slider-wrap\" data-flickity='{ \"cellAlign\": \"left\", \"contain\": true, \"wrapAround\": true, \"setGallerySize\": false }'> -->\n    <div class=\"slider-wrap\" data-flickity='{ \"cellAlign\": \"left\", \"contain\": true, \"wrapAround\": true, \"setGallerySize\": false  }'>\n            <div class=\"slides\">\n        <div class=\"content-wrap\">\n          <div class=\"image\">\n            <picture>\n              <source media=\"(max-width: 999px)\" srcset=\"https:\/\/mypalmleaf.com\/wp-content\/uploads\/2024\/09\/donation-spotlight-mobile.jpg\" \/>\n              <source media=\"(min-width: 1000px)\" srcset=\"https:\/\/mypalmleaf.com\/wp-content\/uploads\/2024\/09\/donation-spotlight-1.jpg\" \/>\n              <img decoding=\"async\" src=\"https:\/\/mypalmleaf.com\/wp-content\/uploads\/2024\/09\/donation-spotlight-1.jpg\" class=\"img-fluid\" alt=\"\" \/>\n            <\/picture>\n          <\/div>\n          <div class=\"content\">\n            <div data-aos=\"fade-up\" data-aos-duration=\"1000\">\n              <h2 class=\"\">Annetused<\/h2>\n                                 \n            <\/div>\n          <\/div>\n        <\/div>\n      <\/div>\n          <\/div>\n<\/section><section class=\"donation-bottom-block text-center\">\n  <div class=\"container-xl\">\n  <div class=\"row pt-5 donation-top-icon\">\n        <div class=\"col-lg-10 mx-auto\">\n        <ul>\n          <li class=\"text-lg-end\"><img decoding=\"async\" src=\"https:\/\/mypalmleaf.com\/wp-content\/uploads\/2024\/09\/donation-harmony-icon.png\" alt=\"\" class=\"img-fluid\"><\/li>\n          <li><h3>Teie annetused on teretulnud<\/h3><\/li>\n          <li class=\"text-lg-start\"><img decoding=\"async\" src=\"https:\/\/mypalmleaf.com\/wp-content\/uploads\/2024\/09\/mpl-circle-logo.png\" alt=\"\" class=\"img-fluid\"><\/li>\n        <\/ul>\n      <\/div>\n      <\/div>\n    <div class=\"row\">\n      <div class=\"col-lg-10 my-5 mx-auto\">\n        <p>Mypalmleaf ja meie partner MT\u00dc In Harmony with Nature e.V. on p\u00fchendunud uue maailma kaasloomisele, mis p\u00f5hineb armastusel, \u00e4rkamisel ja t\u00f5elistel v\u00e4\u00e4rtustel.<\/p>\n<p>Me oleme v\u00e4ike osa tohutust \u00fclemaailmsest projektide ja \u00fcksikisikute v\u00f5rgustikust, kes p\u00fchenduvad selle \u00fchise unistuse elluviimisele.<\/p>\n<p>Teie annetused aitavad meil p\u00fchenduda sellele t\u00f6\u00f6le.<\/p>\n<p>Me usume, et see t\u00f6\u00f6 on h\u00e4davajalik, et luua maailm, mis p\u00f5hineb armastusel, \u00e4rkamisel ja t\u00f5elistel v\u00e4\u00e4rtustel. Palun tehke annetusi meie partnerorganisatsioonile In Harmony with Nature, kes jagab neid peopesalehtede lugejate ja t\u00f5lkijate vahel ning loob projekte uue maailma ehitamiseks. <\/p>\n<p>Oma partnerluse kaudu p\u00fc\u00fcame edendada s\u00e4\u00e4stvat eluviisi, kaitsta ja taastada looduskeskkonda, toetada kohalikke kogukondi ja levitada teadlikkust kogu elu seotusest.<\/p>\n<p>Oleme t\u00e4nulikud meie annetajatele, kelle panus v\u00f5imaldab meil seda olulist t\u00f6\u00f6d j\u00e4tkata. Teie annetused aitavad meil rahastada meie projekte ja algatusi, j\u00f5uda oma s\u00f5numiga rohkemate inimesteni ja avaldada maailmas positiivset m\u00f5ju. <\/p>\n\n        <a href=\"https:\/\/spenden.twingle.de\/in-harmony-with-nature-e-v\/in-harmony-with-nature-e-v-en-kopie\/tw643cd4fb53874\/page\"  target=\"_blank\" class=\"btn btn-primary btn-lg mt-4\">Annetada Rishide tarkuse jagamiseks<\/a>\n      <\/div>\n    <\/div>\n  <\/div>\n<\/section><section class=\"donation-top-block text-center\">\n  <div class=\"container-xl\">\n    <div class=\"row\">\n      <div class=\"col-lg-8 mx-auto my-5 text-center\">\n        <div class=\"col-lg-12 text-center\">\n          <div class=\"video-place-holder my-4\">\n            <div class=\"heading mb-3\">In Harmony with Nature | Mypalmleafi partnerorganisatsiooni tutvustamine<\/div>\n            <div class=\"video rounded-asset\">\n              <img decoding=\"async\" src=\"https:\/\/mypalmleaf.com\/wp-content\/uploads\/2024\/09\/donation-video-thumb.png\" class=\"img-fluid\" alt=\"\"><div class=\"play-icon\"><\/div>\n              <a href=\"https:\/\/www.youtube.com\/watch?v=IyDUBCgcutc\" class=\"stretched-link\" data-lity><\/a>\n            <\/div>\n          <\/div>\n          <a href=\"https:\/\/spenden.twingle.de\/in-harmony-with-nature-e-v\/in-harmony-with-nature-e-v-en-kopie\/tw643cd4fb53874\/page\" target=\"_blank\" class=\"btn btn-primary btn-lg my-2\">Annetada Rishide tarkuse jagamiseks<\/a>\n        <\/div>\n      <\/div>\n    <\/div>\n  <\/div>\n<\/section>\n<div class=\"container my-5\">\n  <div class=\"row\">\n    <!-- First Column -->\n    <div class=\"col-md-6 mb-4\">\n      <div class=\"video-place-holder my-4\">\n          \n            <div class=\"video rounded-asset\">\n              <img decoding=\"async\" src=\"\/wp-content\/uploads\/2025\/06\/bali-donation-video-thumb.jpg\" class=\"img-fluid\" alt=\"\"\/><div class=\"play-icon\"><\/div>\n              <a href=\"https:\/\/youtube.com\/watch?v=CZg0nTW-ZNc\" class=\"stretched-link\" data-lity=\"\"><\/a>\n            <\/div>\n  <div class=\"heading my-3\">Kuidas teie peopesalehtede lugemine aitab muuta elusid: Ananda Seva Dharma Lastekodu toetamine\n<\/div>\n          <\/div>\n    <\/div>\n\n    <!-- Second Column -->\n    <div class=\"col-md-6 mb-4\">\n      <div class=\"video-place-holder my-4\">\n            <div class=\"video rounded-asset\">\n              <img decoding=\"async\" src=\"\/wp-content\/uploads\/2025\/06\/india-donation-video-thumb.jpg\" class=\"img-fluid\" alt=\"\"\/><div class=\"play-icon\"><\/div>\n              <a href=\"https:\/\/www.youtube.com\/watch?v=OPTRiyZWTa0\" class=\"stretched-link\" data-lity=\"\"><\/a>\n            <\/div>\n            <div class=\"heading my-3\">20,000 annetatud s\u00f6\u00f6ki &#8211; t\u00e4nu teile! | Meie Navagraha templi reis <\/div>\n\n          <\/div>\n    <\/div>\n  <\/div>\n<\/div>\n\n","protected":false},"excerpt":{"rendered":"<p>Kuidas teie peopesalehtede lugemine aitab muuta elusid: Ananda Seva Dharma Lastekodu toetamine 20,000 annetatud s\u00f6\u00f6ki &#8211; t\u00e4nu teile! | Meie Navagraha templi reis<\/p>\n","protected":false},"author":1,"featured_media":0,"parent":0,"menu_order":0,"comment_status":"closed","ping_status":"closed","template":"","meta":{"_acf_changed":false,"footnotes":""},"class_list":["post-37173","page","type-page","status-publish","hentry"],"acf":[],"yoast_head":"<!-- This site is optimized with the Yoast SEO plugin v26.4 - https:\/\/yoast.com\/wordpress\/plugins\/seo\/ -->\n<title>Annetused - My Palm Leaf<\/title>\n<meta name=\"description\" content=\"Panusta vaimsesse kasvu ja iidsetesse traditsioonidesse annetuse kaudu. Toeta palmilehtede tarkuse jagamist ja aita hoida seda p\u00fcha teadmist elus.\" \/>\n<meta name=\"robots\" content=\"index, follow, max-snippet:-1, max-image-preview:large, max-video-preview:-1\" \/>\n<link rel=\"canonical\" href=\"https:\/\/mypalmleaf.com\/et\/annetused\/\" \/>\n<meta property=\"og:locale\" content=\"et_EE\" \/>\n<meta property=\"og:type\" content=\"article\" \/>\n<meta property=\"og:title\" content=\"Annetused - My Palm Leaf\" \/>\n<meta property=\"og:description\" content=\"Panusta vaimsesse kasvu ja iidsetesse traditsioonidesse annetuse kaudu. Toeta palmilehtede tarkuse jagamist ja aita hoida seda p\u00fcha teadmist elus.\" \/>\n<meta property=\"og:url\" content=\"https:\/\/mypalmleaf.com\/et\/annetused\/\" \/>\n<meta property=\"og:site_name\" content=\"My Palm Leaf\" \/>\n<meta property=\"article:modified_time\" content=\"2025-06-21T08:55:55+00:00\" \/>\n<meta property=\"og:image\" content=\"https:\/\/mypalmleaf.com\/wp-content\/uploads\/2025\/08\/mpl-circle-logo.jpg\" \/>\n\t<meta property=\"og:image:width\" content=\"1200\" \/>\n\t<meta property=\"og:image:height\" content=\"1196\" \/>\n\t<meta property=\"og:image:type\" content=\"image\/jpeg\" \/>\n<meta name=\"twitter:card\" content=\"summary_large_image\" \/>\n<script type=\"application\/ld+json\" class=\"yoast-schema-graph\">{\"@context\":\"https:\/\/schema.org\",\"@graph\":[{\"@type\":\"WebPage\",\"@id\":\"https:\/\/mypalmleaf.com\/et\/annetused\/\",\"url\":\"https:\/\/mypalmleaf.com\/et\/annetused\/\",\"name\":\"Annetused - My Palm Leaf\",\"isPartOf\":{\"@id\":\"https:\/\/mypalmleaf.com\/#website\"},\"datePublished\":\"2024-09-01T09:48:00+00:00\",\"dateModified\":\"2025-06-21T08:55:55+00:00\",\"description\":\"Panusta vaimsesse kasvu ja iidsetesse traditsioonidesse annetuse kaudu. Toeta palmilehtede tarkuse jagamist ja aita hoida seda p\u00fcha teadmist elus.\",\"breadcrumb\":{\"@id\":\"https:\/\/mypalmleaf.com\/et\/annetused\/#breadcrumb\"},\"inLanguage\":\"et\",\"potentialAction\":[{\"@type\":\"ReadAction\",\"target\":[\"https:\/\/mypalmleaf.com\/et\/annetused\/\"]}]},{\"@type\":\"BreadcrumbList\",\"@id\":\"https:\/\/mypalmleaf.com\/et\/annetused\/#breadcrumb\",\"itemListElement\":[{\"@type\":\"ListItem\",\"position\":1,\"name\":\"Home\",\"item\":\"https:\/\/mypalmleaf.com\/et\/\"},{\"@type\":\"ListItem\",\"position\":2,\"name\":\"Annetused\"}]},{\"@type\":\"WebSite\",\"@id\":\"https:\/\/mypalmleaf.com\/#website\",\"url\":\"https:\/\/mypalmleaf.com\/\",\"name\":\"My Palm Leaf\",\"description\":\"\",\"potentialAction\":[{\"@type\":\"SearchAction\",\"target\":{\"@type\":\"EntryPoint\",\"urlTemplate\":\"https:\/\/mypalmleaf.com\/?s={search_term_string}\"},\"query-input\":{\"@type\":\"PropertyValueSpecification\",\"valueRequired\":true,\"valueName\":\"search_term_string\"}}],\"inLanguage\":\"et\"}]}<\/script>\n<!-- \/ Yoast SEO plugin. -->","yoast_head_json":{"title":"Annetused - My Palm Leaf","description":"Panusta vaimsesse kasvu ja iidsetesse traditsioonidesse annetuse kaudu. Toeta palmilehtede tarkuse jagamist ja aita hoida seda p\u00fcha teadmist elus.","robots":{"index":"index","follow":"follow","max-snippet":"max-snippet:-1","max-image-preview":"max-image-preview:large","max-video-preview":"max-video-preview:-1"},"canonical":"https:\/\/mypalmleaf.com\/et\/annetused\/","og_locale":"et_EE","og_type":"article","og_title":"Annetused - My Palm Leaf","og_description":"Panusta vaimsesse kasvu ja iidsetesse traditsioonidesse annetuse kaudu. Toeta palmilehtede tarkuse jagamist ja aita hoida seda p\u00fcha teadmist elus.","og_url":"https:\/\/mypalmleaf.com\/et\/annetused\/","og_site_name":"My Palm Leaf","article_modified_time":"2025-06-21T08:55:55+00:00","og_image":[{"width":1200,"height":1196,"url":"https:\/\/mypalmleaf.com\/wp-content\/uploads\/2025\/08\/mpl-circle-logo.jpg","type":"image\/jpeg"}],"twitter_card":"summary_large_image","schema":{"@context":"https:\/\/schema.org","@graph":[{"@type":"WebPage","@id":"https:\/\/mypalmleaf.com\/et\/annetused\/","url":"https:\/\/mypalmleaf.com\/et\/annetused\/","name":"Annetused - My Palm Leaf","isPartOf":{"@id":"https:\/\/mypalmleaf.com\/#website"},"datePublished":"2024-09-01T09:48:00+00:00","dateModified":"2025-06-21T08:55:55+00:00","description":"Panusta vaimsesse kasvu ja iidsetesse traditsioonidesse annetuse kaudu. Toeta palmilehtede tarkuse jagamist ja aita hoida seda p\u00fcha teadmist elus.","breadcrumb":{"@id":"https:\/\/mypalmleaf.com\/et\/annetused\/#breadcrumb"},"inLanguage":"et","potentialAction":[{"@type":"ReadAction","target":["https:\/\/mypalmleaf.com\/et\/annetused\/"]}]},{"@type":"BreadcrumbList","@id":"https:\/\/mypalmleaf.com\/et\/annetused\/#breadcrumb","itemListElement":[{"@type":"ListItem","position":1,"name":"Home","item":"https:\/\/mypalmleaf.com\/et\/"},{"@type":"ListItem","position":2,"name":"Annetused"}]},{"@type":"WebSite","@id":"https:\/\/mypalmleaf.com\/#website","url":"https:\/\/mypalmleaf.com\/","name":"My Palm Leaf","description":"","potentialAction":[{"@type":"SearchAction","target":{"@type":"EntryPoint","urlTemplate":"https:\/\/mypalmleaf.com\/?s={search_term_string}"},"query-input":{"@type":"PropertyValueSpecification","valueRequired":true,"valueName":"search_term_string"}}],"inLanguage":"et"}]}},"_links":{"self":[{"href":"https:\/\/mypalmleaf.com\/et\/wp-json\/wp\/v2\/pages\/37173","targetHints":{"allow":["GET"]}}],"collection":[{"href":"https:\/\/mypalmleaf.com\/et\/wp-json\/wp\/v2\/pages"}],"about":[{"href":"https:\/\/mypalmleaf.com\/et\/wp-json\/wp\/v2\/types\/page"}],"author":[{"embeddable":true,"href":"https:\/\/mypalmleaf.com\/et\/wp-json\/wp\/v2\/users\/1"}],"replies":[{"embeddable":true,"href":"https:\/\/mypalmleaf.com\/et\/wp-json\/wp\/v2\/comments?post=37173"}],"version-history":[{"count":0,"href":"https:\/\/mypalmleaf.com\/et\/wp-json\/wp\/v2\/pages\/37173\/revisions"}],"wp:attachment":[{"href":"https:\/\/mypalmleaf.com\/et\/wp-json\/wp\/v2\/media?parent=37173"}],"curies":[{"name":"wp","href":"https:\/\/api.w.org\/{rel}","templated":true}]}}