{"id":45195,"date":"2024-10-26T17:42:47","date_gmt":"2024-10-26T17:42:47","guid":{"rendered":"https:\/\/mypalmleaf.com\/partnerluse-ja-partnerlussuhete-juht\/"},"modified":"2025-03-18T22:31:20","modified_gmt":"2025-03-18T22:31:20","slug":"partnerluse-ja-partnerlussuhete-juht","status":"publish","type":"page","link":"https:\/\/mypalmleaf.com\/et\/partnerluse-ja-partnerlussuhete-juht\/","title":{"rendered":"Sidusturunduse juht"},"content":{"rendered":"\n<section class=\"spotlight-main small top-gap\">\n    <!-- <div class=\"slider-wrap\" data-flickity='{ \"cellAlign\": \"left\", \"contain\": true, \"wrapAround\": true, \"setGallerySize\": false }'> -->\n    <div class=\"slider-wrap\" data-flickity='{ \"cellAlign\": \"left\", \"contain\": true, \"wrapAround\": true, \"setGallerySize\": false  }'>\n            <div class=\"slides\">\n        <div class=\"content-wrap\">\n          <div class=\"image\">\n            <picture>\n              <source media=\"(max-width: 999px)\" srcset=\"https:\/\/mypalmleaf.com\/wp-content\/uploads\/2024\/09\/join-us-spotlight-new-mob.jpg\" \/>\n              <source media=\"(min-width: 1000px)\" srcset=\"https:\/\/mypalmleaf.com\/wp-content\/uploads\/2024\/09\/join-us-spotlight-new.jpg\" \/>\n              <img decoding=\"async\" src=\"https:\/\/mypalmleaf.com\/wp-content\/uploads\/2024\/09\/join-us-spotlight-new.jpg\" class=\"img-fluid\" alt=\"\" \/>\n            <\/picture>\n          <\/div>\n          <div class=\"content\">\n            <div data-aos=\"fade-up\" data-aos-duration=\"1000\">\n              <h2 class=\"\">Sidusturunduse juht<\/h2>\n                                 \n            <\/div>\n          <\/div>\n        <\/div>\n      <\/div>\n          <\/div>\n<\/section>\n\n<section class=\"join-us-block my-6 position-relative\">\n  <div class=\"container-xl\">\n    <div class=\"row mb-4 justify-content-center\">\n      <div class=\"col-lg-10 text-center\" data-aos=\"fade-up\" data-aos-duration=\"1000\">\n        <p>MyPalmLeaf otsib kirglikku ja k\u00f5rgelt motiveeritud sidusturunduse juhti, et tugevdada olemasolevaid partnerlusi ja luua uusi sidemeid, jagades maailmaga iidset palmilehtede lugemise tarkust.<\/p>\n      <\/div>\n    <\/div>\n    <div class=\"row my-5 justify-content-between\" data-aos=\"fade-up\" data-aos-duration=\"1000\">\n          <\/div>\n  <\/div>\n  <\/section>\n\n<section class=\"tabs-wrapper my-6 mt-0\">\n  <div class=\"container-xl\">\n    <div class=\"row\">\n      <div class=\"tabs-container\" data-aos=\"fade-up\" data-aos-duration=\"1000\">\n        <ul class=\"tabs\">\n                                <li class=\"tab-button active\" data-target=\"tab1\">Mida me sinult ootame<\/li>\n                                  <li class=\"tab-button active\" data-target=\"tab2\">Sidusturunduse juhi eesm\u00e4rgid<\/li>\n                                  <li class=\"tab-button active\" data-target=\"tab3\">Milline on Sinu roll?<\/li>\n                                  <li class=\"tab-button active\" data-target=\"tab4\">Mida me pakume<\/li>\n                              <\/ul>\n        <div class=\"tab-content\">\n                                <div id=\"tab1\" class=\"tab-pane active\">\n              <ul>\n<li><strong>Koosk\u00f5la meie missiooniga:<\/strong> MyPalmLeafi eesm\u00e4rk on jagada elumuutvaid lugemisi kogu maailmas.<\/li>\n<li><strong>Sujuv inglise ja saksa keele oskus:<\/strong> Sa suhtled selgelt ja t\u00f5husalt m\u00f5lemas keeles.<\/li>\n<li><strong>Meeskonnavaim:<\/strong> Sa armastad olla osa toetavast ja missioonile orienteeritud meeskonnast, mis areneb keskkonnas, kus koost\u00f6\u00f6 ja vastastikune toetus on v\u00f5tmet\u00e4htsusega.<\/li>\n<li><strong>Terviklikkus:<\/strong> Te juhite eeskujuks, j\u00e4\u00e4des alati oma s\u00f5nale truuks.<\/li>\n<li><strong>Isejuhtiv:<\/strong> Oskate t\u00f6\u00f6tada iseseisvalt, arendate ja juhite projekte, olles samal ajal tugev meeskonnam\u00e4ngija, kellel on arenevad juhtimisoskused.\n<\/li>\n<li><strong>Vankumatu p\u00fchendumine:<\/strong> Sa annad 150% endast, n\u00e4idates j\u00e4rjekindlust ja p\u00fchendumust k\u00f5iges, mida teed.<\/li>\n<li><strong>Elukestev \u00f5ppija:<\/strong> Te olete p\u00fchendunud pidevale isiklikule ja professionaalsele arengule.<\/li>\n<\/ul>\n            <\/div>\n                                  <div id=\"tab2\" class=\"tab-pane active\">\n              <p>Sinu peamine eesm\u00e4rk on luua <strong>kasulikke partnerlussuhteid<\/strong> organisatsioonidega ja \u00fcksikisikutega, mis on koosk\u00f5las MyPalmLeafi missiooniga. Sinu j\u00f5upingutused on suunatud j\u00e4rgmistele eesm\u00e4rkidele: <\/p>\n<ul>\n<li>Suurendada palmilehtede lugemise broneeringuid.<\/li>\n<li>T\u00f5sta MyPalmLeafi tuntust \u00fclemaailmselt.<\/li>\n<\/ul>\n            <\/div>\n                                  <div id=\"tab3\" class=\"tab-pane active\">\n              <p>Sidusturunduse juhina:<\/p>\n<ul>\n<li>V\u00f5tad aktiivselt \u00fchendust potentsiaalsete partneritega, nii \u00fcksikisikute kui ka organisatsioonidega, et arendada vastastikke kasulikke partnerlussuhteid.<\/li>\n<li>MyPalmLeafi partnerprogrammi kasvatamine ja haldamine.<\/li>\n<li>Teha koost\u00f6\u00f6d m\u00f5juagentuuridega, et laiendada meie kohalolekut saksa, inglise, jaapani, hiina ja arenevatel turgudel.<\/li>\n<\/ul>\n            <\/div>\n                                  <div id=\"tab4\" class=\"tab-pane active\">\n              <p>Saadame Sulle \u00fcksikasjaliku selgituse makse kohta p\u00e4rast Sinu taotluse saamist.<\/p>\n<ul>\n<li><strong>Eesm\u00e4rgip\u00e4rane missioon:<\/strong> Ole osa vaimselt juhitud, m\u00f5testatud missioonist, mis on p\u00fchendatud maailma h\u00fcvanguks.<\/li>\n<li>Toetav meeskonnakeskkond: Liitu kirgliku meeskonnaga, mis julgustab nii Sinu isiklikku kui ka professionaalset arengut.<\/li>\n<li>Paindlikkus: Naudi paindlikku, asukohast s\u00f5ltumatut rolli koos v\u00f5imalustega kaasloomiseks kiiresti kasvavas vaimses organisatsioonis.<\/li>\n<li>Konkurentsiv\u00f5imeline h\u00fcvitis: Saad konkurentsiv\u00f5imelise paketi, mis sisaldab p\u00f5hipalka ja tulemusp\u00f5hiseid boonuseid.<\/li>\n<\/ul>\n            <\/div>\n                              <\/div>\n      <\/div>\n    <\/div>\n  <\/div>\n<\/section>\n\n<section class=\"how-to-apply my-6 mt-0\">\n  <div class=\"container-xl\">\n    <div class=\"row\">\n      <div class=\"col-lg-10 mx-auto\" >\n        <div class=\"dual-col \">\n          <div class=\"title\">\n            <img decoding=\"async\" src=\"https:\/\/mypalmleaf.com\/wp-content\/uploads\/2024\/08\/title-bg.png\" alt=\"\" class=\"img-fluid\">\n            <div class=\"text\">Kuidas kandideerida<\/div>\n          <\/div>\n          <div class=\"desc\">\n            <p>Kandideerimiseks salvesta lihtsalt 1-4-minutiline video, milles tutvustad ennast. R\u00e4\u00e4gi oma videos meile: <\/p>\n<ul>\n<li>1) Natuke enda kohta.<\/li>\n<li>2) Miks sa tahad olla osa MyPalmLeafist.<\/li>\n<li>3) Miks sa usud, et oled ideaalne kandidaat sellele ametikohale.<\/li>\n<\/ul>\n<p>Saada oma video aadressile <a href=\"mailto:info@mypalmleaf.com\">info@mypalmleaf.com.<\/a> See on ainus viis kandideerimiseks. Pane t\u00e4hele, et me ei vasta k\u00fcsimustele &#8220;lisainfo&#8221; kohta v\u00f5i CV-de esitamisele, sest me otsime proaktiivseid inimesi, kes on valmis tegutsema. N\u00e4ita meile oma energiat ja entusiasmi oma video kaudu! <\/p>\n<div class=\"btm-contact\">Elevil ootame,et kuulda Sinust!<\/div>\n          <\/div>\n        <\/div>\n      <\/div>\n    <\/div>\n  <\/div>\n<\/section>","protected":false},"excerpt":{"rendered":"","protected":false},"author":1,"featured_media":0,"parent":0,"menu_order":0,"comment_status":"closed","ping_status":"closed","template":"","meta":{"_acf_changed":false,"footnotes":""},"class_list":["post-45195","page","type-page","status-publish","hentry"],"acf":[],"yoast_head":"<!-- This site is optimized with the Yoast SEO plugin v26.4 - https:\/\/yoast.com\/wordpress\/plugins\/seo\/ -->\n<title>Sidusturunduse juht - My Palm Leaf<\/title>\n<meta name=\"robots\" content=\"index, follow, max-snippet:-1, max-image-preview:large, max-video-preview:-1\" \/>\n<link rel=\"canonical\" href=\"https:\/\/mypalmleaf.com\/affiliate_and_parterships_manager\/\" \/>\n<meta property=\"og:locale\" content=\"et_EE\" \/>\n<meta property=\"og:type\" content=\"article\" \/>\n<meta property=\"og:title\" content=\"Sidusturunduse juht - My Palm Leaf\" \/>\n<meta property=\"og:url\" content=\"https:\/\/mypalmleaf.com\/affiliate_and_parterships_manager\/\" \/>\n<meta property=\"og:site_name\" content=\"My Palm Leaf\" \/>\n<meta property=\"article:modified_time\" content=\"2025-03-18T22:31:20+00:00\" \/>\n<meta property=\"og:image\" content=\"https:\/\/mypalmleaf.com\/wp-content\/uploads\/2025\/08\/mpl-circle-logo.jpg\" \/>\n\t<meta property=\"og:image:width\" content=\"1200\" \/>\n\t<meta property=\"og:image:height\" content=\"1196\" \/>\n\t<meta property=\"og:image:type\" content=\"image\/jpeg\" \/>\n<meta name=\"twitter:card\" content=\"summary_large_image\" \/>\n<script type=\"application\/ld+json\" class=\"yoast-schema-graph\">{\"@context\":\"https:\/\/schema.org\",\"@graph\":[{\"@type\":\"WebPage\",\"@id\":\"https:\/\/mypalmleaf.com\/affiliate_and_parterships_manager\/\",\"url\":\"https:\/\/mypalmleaf.com\/affiliate_and_parterships_manager\/\",\"name\":\"Sidusturunduse juht - My Palm Leaf\",\"isPartOf\":{\"@id\":\"https:\/\/mypalmleaf.com\/#website\"},\"datePublished\":\"2024-10-26T17:42:47+00:00\",\"dateModified\":\"2025-03-18T22:31:20+00:00\",\"breadcrumb\":{\"@id\":\"https:\/\/mypalmleaf.com\/affiliate_and_parterships_manager\/#breadcrumb\"},\"inLanguage\":\"et\",\"potentialAction\":[{\"@type\":\"ReadAction\",\"target\":[\"https:\/\/mypalmleaf.com\/affiliate_and_parterships_manager\/\"]}]},{\"@type\":\"BreadcrumbList\",\"@id\":\"https:\/\/mypalmleaf.com\/affiliate_and_parterships_manager\/#breadcrumb\",\"itemListElement\":[{\"@type\":\"ListItem\",\"position\":1,\"name\":\"Home\",\"item\":\"https:\/\/mypalmleaf.com\/et\/\"},{\"@type\":\"ListItem\",\"position\":2,\"name\":\"Sidusturunduse juht\"}]},{\"@type\":\"WebSite\",\"@id\":\"https:\/\/mypalmleaf.com\/#website\",\"url\":\"https:\/\/mypalmleaf.com\/\",\"name\":\"My Palm Leaf\",\"description\":\"\",\"potentialAction\":[{\"@type\":\"SearchAction\",\"target\":{\"@type\":\"EntryPoint\",\"urlTemplate\":\"https:\/\/mypalmleaf.com\/?s={search_term_string}\"},\"query-input\":{\"@type\":\"PropertyValueSpecification\",\"valueRequired\":true,\"valueName\":\"search_term_string\"}}],\"inLanguage\":\"et\"}]}<\/script>\n<!-- \/ Yoast SEO plugin. -->","yoast_head_json":{"title":"Sidusturunduse juht - My Palm Leaf","robots":{"index":"index","follow":"follow","max-snippet":"max-snippet:-1","max-image-preview":"max-image-preview:large","max-video-preview":"max-video-preview:-1"},"canonical":"https:\/\/mypalmleaf.com\/affiliate_and_parterships_manager\/","og_locale":"et_EE","og_type":"article","og_title":"Sidusturunduse juht - My Palm Leaf","og_url":"https:\/\/mypalmleaf.com\/affiliate_and_parterships_manager\/","og_site_name":"My Palm Leaf","article_modified_time":"2025-03-18T22:31:20+00:00","og_image":[{"width":1200,"height":1196,"url":"https:\/\/mypalmleaf.com\/wp-content\/uploads\/2025\/08\/mpl-circle-logo.jpg","type":"image\/jpeg"}],"twitter_card":"summary_large_image","schema":{"@context":"https:\/\/schema.org","@graph":[{"@type":"WebPage","@id":"https:\/\/mypalmleaf.com\/affiliate_and_parterships_manager\/","url":"https:\/\/mypalmleaf.com\/affiliate_and_parterships_manager\/","name":"Sidusturunduse juht - My Palm Leaf","isPartOf":{"@id":"https:\/\/mypalmleaf.com\/#website"},"datePublished":"2024-10-26T17:42:47+00:00","dateModified":"2025-03-18T22:31:20+00:00","breadcrumb":{"@id":"https:\/\/mypalmleaf.com\/affiliate_and_parterships_manager\/#breadcrumb"},"inLanguage":"et","potentialAction":[{"@type":"ReadAction","target":["https:\/\/mypalmleaf.com\/affiliate_and_parterships_manager\/"]}]},{"@type":"BreadcrumbList","@id":"https:\/\/mypalmleaf.com\/affiliate_and_parterships_manager\/#breadcrumb","itemListElement":[{"@type":"ListItem","position":1,"name":"Home","item":"https:\/\/mypalmleaf.com\/et\/"},{"@type":"ListItem","position":2,"name":"Sidusturunduse juht"}]},{"@type":"WebSite","@id":"https:\/\/mypalmleaf.com\/#website","url":"https:\/\/mypalmleaf.com\/","name":"My Palm Leaf","description":"","potentialAction":[{"@type":"SearchAction","target":{"@type":"EntryPoint","urlTemplate":"https:\/\/mypalmleaf.com\/?s={search_term_string}"},"query-input":{"@type":"PropertyValueSpecification","valueRequired":true,"valueName":"search_term_string"}}],"inLanguage":"et"}]}},"_links":{"self":[{"href":"https:\/\/mypalmleaf.com\/et\/wp-json\/wp\/v2\/pages\/45195","targetHints":{"allow":["GET"]}}],"collection":[{"href":"https:\/\/mypalmleaf.com\/et\/wp-json\/wp\/v2\/pages"}],"about":[{"href":"https:\/\/mypalmleaf.com\/et\/wp-json\/wp\/v2\/types\/page"}],"author":[{"embeddable":true,"href":"https:\/\/mypalmleaf.com\/et\/wp-json\/wp\/v2\/users\/1"}],"replies":[{"embeddable":true,"href":"https:\/\/mypalmleaf.com\/et\/wp-json\/wp\/v2\/comments?post=45195"}],"version-history":[{"count":0,"href":"https:\/\/mypalmleaf.com\/et\/wp-json\/wp\/v2\/pages\/45195\/revisions"}],"wp:attachment":[{"href":"https:\/\/mypalmleaf.com\/et\/wp-json\/wp\/v2\/media?parent=45195"}],"curies":[{"name":"wp","href":"https:\/\/api.w.org\/{rel}","templated":true}]}}