
{"id":45473,"date":"2024-11-10T05:53:12","date_gmt":"2024-11-10T05:53:12","guid":{"rendered":"https:\/\/mypalmleaf.com\/homa\/"},"modified":"2025-04-16T09:03:02","modified_gmt":"2025-04-16T09:03:02","slug":"homa","status":"publish","type":"page","link":"https:\/\/mypalmleaf.com\/et\/homa\/","title":{"rendered":"Homa"},"content":{"rendered":"\n<section class=\"spotlight-main small top-gap\">\n    <!-- <div class=\"slider-wrap\" data-flickity='{ \"cellAlign\": \"left\", \"contain\": true, \"wrapAround\": true, \"setGallerySize\": false }'> -->\n    <div class=\"slider-wrap\" data-flickity='{ \"cellAlign\": \"left\", \"contain\": true, \"wrapAround\": true, \"setGallerySize\": false  }'>\n            <div class=\"slides\">\n        <div class=\"content-wrap\">\n          <div class=\"image\">\n            <picture>\n              <source media=\"(max-width: 999px)\" srcset=\"https:\/\/mypalmleaf.com\/wp-content\/uploads\/2024\/11\/homas-spotlight-mob.jpg\" \/>\n              <source media=\"(min-width: 1000px)\" srcset=\"https:\/\/mypalmleaf.com\/wp-content\/uploads\/2024\/11\/homas-spotlight.jpg\" \/>\n              <img decoding=\"async\" src=\"https:\/\/mypalmleaf.com\/wp-content\/uploads\/2024\/11\/homas-spotlight.jpg\" class=\"img-fluid\" alt=\"\" \/>\n            <\/picture>\n          <\/div>\n          <div class=\"content\">\n            <div data-aos=\"fade-up\" data-aos-duration=\"1000\">\n              <h2 class=\"\">Homa: P\u00fcha tule tseremooniad karmilise transformatsiooni jaoks<\/h2>\n              <p>Kogege iidseid veedalisi rituaale, mida viiakse l\u00e4bi, et tuua oma ellu \u00f5nnistust, puhastust ja harmooniat.  <\/p>\n                                  <a href=\"\/prices\/fire-ceremony-homa\/\" class=\"btn btn-primary\">Broneeri oma Homas<\/a>\n                   \n            <\/div>\n          <\/div>\n        <\/div>\n      <\/div>\n          <\/div>\n<\/section>\n\n\n<section class=\"my-6 position-relative\">\n    <div class=\"container-xl\" data-aos=\"fade-up\" data-aos-duration=\"1000\">\n      <div class=\"row align-items-center\">\n        <div class=\"col-lg-5 mb-4 mb-lg-0\">\n          <div class=\"rounded-asset\">\n            <img decoding=\"async\" src=\"https:\/\/mypalmleaf.com\/wp-content\/uploads\/2024\/11\/yt-thumb-homa.jpg\" class=\"img-fluid\" alt=\"\"><div class=\"play-icon\"><\/div>\n            <a href=\"https:\/\/www.youtube.com\/watch?v=63svn4g1Z5U\" class=\"stretched-link\" data-lity><\/a>\n          <\/div>\n        <\/div>\n        <div class=\"col-lg-7\">\n          <h2 class=\"mb-4\">Mis on Homa tule tseremooniad?<\/h2>\n          <p>Homa, mida tuntakse ka tuletseremooniate nime all, on v\u00f5imsad veedalikud rituaalid, mida tehakse jumalike energiate esilekutsumiseks, negatiivsete karmiliste m\u00f5jude eemaldamiseks ja tasakaalu saavutamiseks erinevates eluvaldkondades. P\u00fcha tuleelemendi abil tehakse ohvreid jumalustele ning rituaali muundav energia toob \u00f5nnistusi, puhastumist ja tervenemist. <\/p>\n<p>Neid tseremooniaid viivad l\u00e4bi kogenud veedalikud preestrid, kes laulavad p\u00fchasid mantraid ja teevad ohvreid p\u00fchale tulele, mis v\u00f5imendab rituaali kavatsust ja m\u00f5ju.<\/p>\n        <\/div>\n      <\/div>\n    <\/div>\n    <\/section>\n\n\n<section class=\"my-6 position-relative\">\n  <div class=\"container-xl aos-init aos-animate\" data-aos=\"fade-up\" data-aos-duration=\"1000\">\n    <div class=\"row align-items-center\">\n      <div class=\"col-lg-7\">\n        <h2 class=\"mb-4\">Kuidas saab Homast kasu?<\/h2>\n<p>Iga Homa tseremoonia teenib ainulaadset eesm\u00e4rki, olgu selleks siis takistuste \u00fcletamine, tervise parandamine, heaolu kutsumine v\u00f5i negatiivse karma kustutamine.<\/p>\n<p>Siin on, kuidas Homa saab muuta teie elu:  <\/p>\n        <ul>\n<li>Karmiline tervendamine: Vabastage mineviku karmav\u00f5lad ja meelitage ligi positiivseid karmilisi m\u00f5jusid.  <\/li>\n<li>Puhastamine: Puhastage oma aura ja keskkond negatiivsetest energiatest.  <\/li>\n<li>\u00d5nnistused ja heaolu: Kutsuge \u00f5nnistusi tervisele, rikkusele, suhetele ja \u00fcldisele heaolule.  <\/li>\n<li>Kaitse ja harmoonia: Tugevdada vaimset kaitset ja tuua oma ellu harmooniat.  <\/li>\n<\/ul>\n<div class=\"dual-btn-cont mt-4\">\n<ul>\n<li><a href=\"https:\/\/mypalmleaf.com\/et\/prices\/tule-tseremoonia-homa\/\" class=\"btn btn-primary\">Broneeri Homa tule tseremoonia <\/a><\/li>\n<\/ul>\n<\/div>\n      <\/div>\n      <div class=\"col-lg-5 mb-4 mb-lg-0\">\n        <div class=\"rounded-asset\">\n          <img decoding=\"async\" src=\"https:\/\/mypalmleaf.com\/wp-content\/uploads\/2024\/11\/homas-thumb.jpg\" class=\"img-fluid\" alt=\"\"\/>\n        <\/div>\n      <\/div>\n    <\/div>\n  <\/div>\n       \n  <\/section>\n\n\n\n<section class=\"my-6 position-relative\">\n  <div class=\"container-xl aos-init aos-animate\" data-aos=\"fade-up\" data-aos-duration=\"1000\">\n    <div class=\"row align-items-center\">\n      <div class=\"col-lg-5 mb-4 mb-lg-0\">\n        <div class=\"rounded-asset\">\n          <img decoding=\"async\" src=\"https:\/\/mypalmleaf.com\/wp-content\/uploads\/2024\/11\/homas-thumb2.jpg\" class=\"img-fluid\" alt=\"\"\/>\n        <\/div>\n      <\/div>\n      <div class=\"col-lg-7\">\n        <h2 class=\"mb-4\">Kuidas see toimib<\/h2>\n        <p><strong>1. samm: Broneeri oma Homa<\/strong><br\/> Broneeri Homa tule tseremoonia meie kodulehel.<\/p> \n<p><strong>2. samm: Broneeri oma kohtumine<\/strong><br\/> P\u00e4rast broneeringu tegemist saate kalendri lingi ja saate broneerida \u00f5ige p\u00e4eva ja kellaaja, millal soovite Homa sooritada.  <\/p>\n<p><strong>3. samm: osalemine ja \u00f5nnistuste saamine<\/strong><br\/> Saad valida, kas osaleda tseremoonial otse\u00fclekandes Zoomi kaudu v\u00f5i v\u00f5tta energiat ja \u00f5nnistusi vastu olenemata asukohast. \u00dcks meie moderaatoritest osaleb koos Sinuga homa ajal ja selgitab Sulle k\u00f5ike.   <\/p>\n<div class=\"dual-btn-cont mt-4\">\n<ul>\n<li><a href=\"https:\/\/mypalmleaf.com\/et\/prices\/tule-tseremoonia-homa\/\" class=\"btn btn-primary\">Broneeri oma Homa tuletseremoonia n\u00fc\u00fcd<\/a><\/li>\n<\/ul>\n<\/div>\n      <\/div>\n      \n    <\/div>\n  <\/div>\n       \n  <\/section>\n\n\n\n<figure class=\"wp-block-gallery has-nested-images columns-default is-cropped wp-block-gallery-1 is-layout-flex wp-block-gallery-is-layout-flex\">\n<figure class=\"wp-block-image size-full\"><img loading=\"lazy\" decoding=\"async\" width=\"1024\" height=\"576\" data-id=\"45429\" src=\"https:\/\/mypalmleaf.com\/wp-content\/uploads\/2024\/11\/3-1.jpg\" alt=\"\" class=\"wp-image-45429\" srcset=\"https:\/\/mypalmleaf.com\/wp-content\/uploads\/2024\/11\/3-1.jpg 1024w, https:\/\/mypalmleaf.com\/wp-content\/uploads\/2024\/11\/3-1-600x338.jpg 600w, https:\/\/mypalmleaf.com\/wp-content\/uploads\/2024\/11\/3-1-300x169.jpg 300w, https:\/\/mypalmleaf.com\/wp-content\/uploads\/2024\/11\/3-1-768x432.jpg 768w\" sizes=\"auto, (max-width: 1024px) 100vw, 1024px\" \/><\/figure>\n\n\n\n<figure class=\"wp-block-image size-large\"><img loading=\"lazy\" decoding=\"async\" width=\"1024\" height=\"576\" data-id=\"45407\" src=\"https:\/\/mypalmleaf.com\/wp-content\/uploads\/2024\/11\/2.jpg\" alt=\"\" class=\"wp-image-45407\" srcset=\"https:\/\/mypalmleaf.com\/wp-content\/uploads\/2024\/11\/2.jpg 1024w, https:\/\/mypalmleaf.com\/wp-content\/uploads\/2024\/11\/2-600x338.jpg 600w, https:\/\/mypalmleaf.com\/wp-content\/uploads\/2024\/11\/2-300x169.jpg 300w, https:\/\/mypalmleaf.com\/wp-content\/uploads\/2024\/11\/2-768x432.jpg 768w\" sizes=\"auto, (max-width: 1024px) 100vw, 1024px\" \/><\/figure>\n\n\n\n<figure class=\"wp-block-image size-large\"><img loading=\"lazy\" decoding=\"async\" width=\"1024\" height=\"576\" data-id=\"45386\" src=\"https:\/\/mypalmleaf.com\/wp-content\/uploads\/2024\/11\/1.jpg\" alt=\"\" class=\"wp-image-45386\" srcset=\"https:\/\/mypalmleaf.com\/wp-content\/uploads\/2024\/11\/1.jpg 1024w, https:\/\/mypalmleaf.com\/wp-content\/uploads\/2024\/11\/1-600x338.jpg 600w, https:\/\/mypalmleaf.com\/wp-content\/uploads\/2024\/11\/1-300x169.jpg 300w, https:\/\/mypalmleaf.com\/wp-content\/uploads\/2024\/11\/1-768x432.jpg 768w\" sizes=\"auto, (max-width: 1024px) 100vw, 1024px\" \/><\/figure>\n<\/figure>\n\n\n<section class=\"accordion-container position-relative \" data-aos=\"fade-up\" data-aos-duration=\"1000\" id=\"general-questions\">\n  <div class=\"container-xl\">\n    <div class=\"row\">\n      <h3>Korduma kippuvad k\u00fcsimused<\/h3>\n      <div class=\"accr-wrap\">\n                  <div class=\"head\">Kas ma pean f\u00fc\u00fcsiliselt kohal olema, et Homa tseremoonia oleks t\u00f5hus?<\/div>\n          <div class=\"content\">\n            <p>Ei, te ei pea f\u00fc\u00fcsiliselt kohal olema, et Homa oleks t\u00f5hus. Tseremoonia energia ja \u00f5nnistused saadetakse v\u00e4lja p\u00fchade mantrate ja tule vibratsioonide kaudu. Soovi korral v\u00f5ite osaleda tseremoonial otse\u00fclekandes Zoomi kaudu, kuid kasu j\u00f5uab teieni ka siis, kui te ei saa kohal olla.  <\/p>\n          <\/div>\n                  <div class=\"head\">Kuidas peaksin valmistuma Homa tseremooniaks?<\/div>\n          <div class=\"content\">\n            <p>Homa ettevalmistamiseks on k\u00f5ige parem p\u00fcstitada selge kavatsus selle kohta, mida soovite rituaali k\u00e4igus saada. Samuti v\u00f5iksite luua oma kodus rahuliku ja h\u00e4iretest vaba ruumi, kus saate vaikselt istuda, et v\u00f5tta vastu tseremoonia energiat. Kui te osalete otse\u00fclekandes, tagage stabiilne interneti\u00fchendus ja rahulik keskkond.  <\/p>\n          <\/div>\n                  <div class=\"head\">Kas homa v\u00f5ib teha kellegi teise nimel?<\/div>\n          <div class=\"content\">\n            <p>Jah, homa tseremoonia v\u00f5ib teha kellegi teise nimel, olgu see siis l\u00e4hedase, pereliikme v\u00f5i s\u00f5bra eest. Tuleb lihtsalt anda nende nimi ja kavatsus tseremoonia jaoks ning energia ja \u00f5nnistused suunatakse neile. <\/p>\n          <\/div>\n                  <div class=\"head\">Milliseid tulemusi v\u00f5in ma Homalt oodata?<\/div>\n          <div class=\"content\">\n            <p>Homa m\u00f5ju v\u00f5ib erineda s\u00f5ltuvalt teie kavatsusest ja l\u00e4biviidud tseremoonia t\u00fc\u00fcbist. Inimesed teatavad sageli, et nad tunnevad rahu, emotsionaalset kergendust ja selgust, samuti kogevad k\u00e4egakatsutavaid positiivseid muutusi oma elus, n\u00e4iteks paranenud suhteid, tervist v\u00f5i edu. \u00d5nnistused ja karmiline kasu avalduvad sageli aja jooksul.  <\/p>\n          <\/div>\n                  <div class=\"head\">Kuidas valida, millist t\u00fc\u00fcpi Homa broneerida?<\/div>\n          <div class=\"content\">\n            <p>Kui palmilehe lugemise ajal  soovitatakse teatud t\u00fc\u00fcpi Homa&#8217;t, siis t\u00e4pselt selle Homa tehakse. Vastasel juhul v\u00f5ite meile broneeringu tegemisel teatada ka Homa \u00fcldist eesm\u00e4rki ja preestrid valivad selle jaoks konkreetse tseremoonia.   <\/p>\n          <\/div>\n                  <div class=\"head\">Kas Homa sobib k\u00f5ikidele usunditele ja vaimsetele t\u00f5ekspidamistele?<\/div>\n          <div class=\"content\">\n            <p>Jah, homa on spirituaalne rituaal, mille juured ulatuvad iidsesse veedalikku traditsiooni, kuid need on avatud k\u00f5ikide usundite ja uskumuste esindajatele. Tseremooniad keskenduvad universaalsetele energiatele, nagu elemendid ja jumalikud \u00f5nnistused, mis v\u00f5ivad olla kasulikud s\u00f5ltumata teie vaimsest taustast.   <\/p>\n          <\/div>\n                  <div class=\"head\">Kui kaua Homa tseremoonia tavaliselt kestab?<\/div>\n          <div class=\"content\">\n            <p>Homa tseremoonia kestus v\u00f5ib erineda s\u00f5ltuvalt selle keerukusest ja l\u00e4biviidava rituaali t\u00fc\u00fcbist. Enamik tseremooniaid kestab 30 min kuni 1 tund.   <\/p>\n          <\/div>\n                  <div class=\"head\">Kas ma saan taotleda konkreetset kuup\u00e4eva v\u00f5i kellaaega Homa jaoks?<\/div>\n          <div class=\"content\">\n            <p>Jah, te v\u00f5ite taotleda oma Homa jaoks konkreetset kuup\u00e4eva ja kellaaega, s\u00f5ltuvalt meie veedalike preestrite k\u00e4ttesaadavusest ja soodsatest aegadest tseremoonia l\u00e4biviimiseks. Anname endast parima, et teie eelistusi arvesse v\u00f5tta.   <\/p>\n          <\/div>\n                  <div class=\"head\">Kuidas tehakse Homa ajal ohvreid?<\/div>\n          <div class=\"content\">\n            <p>Ohverdusi, nagu ghee, ravimtaimed, terad ja muud p\u00fchad esemed, toovad meie veedalikud preestrid tulle, samal ajal kui nad laulavad v\u00f5imsaid mantraid. Iga ohver s\u00fcmboliseerib puhastumist, muundumist ja \u00f5nnistuste vabastamist universumisse.   <\/p>\n          <\/div>\n                  <div class=\"head\">Kas mind saadab Mypalmleafi moderaator?<\/div>\n          <div class=\"content\">\n            <p>Jah, \u00fcks meie moderaatoritest viibib Homa juures. Ta juhendab teid ja selgitab teile vajadusel k\u00f5ike.   <\/p>\n          <\/div>\n              <\/div>\n    <\/div>\n  <\/div>\n  \n<\/section>\n<\/div>\n\n\n<p><\/p>\n","protected":false},"excerpt":{"rendered":"<p>Kuidas saab Homast kasu? Iga Homa tseremoonia teenib ainulaadset eesm\u00e4rki, olgu selleks siis takistuste \u00fcletamine, tervise parandamine, heaolu kutsumine v\u00f5i negatiivse karma kustutamine. Siin on, kuidas Homa saab muuta teie elu: Karmiline tervendamine: Vabastage mineviku karmav\u00f5lad ja meelitage ligi positiivseid karmilisi m\u00f5jusid. Puhastamine: Puhastage oma aura ja keskkond negatiivsetest energiatest. \u00d5nnistused ja heaolu: Kutsuge \u00f5nnistusi [&hellip;]<\/p>\n","protected":false},"author":1,"featured_media":0,"parent":0,"menu_order":0,"comment_status":"closed","ping_status":"closed","template":"","meta":{"_acf_changed":false,"footnotes":""},"class_list":["post-45473","page","type-page","status-publish","hentry"],"acf":[],"yoast_head":"<!-- This site is optimized with the Yoast SEO plugin v26.4 - https:\/\/yoast.com\/wordpress\/plugins\/seo\/ -->\n<title>Homa - My Palm Leaf<\/title>\n<meta name=\"description\" content=\"Koge Homa tulerituaali \u2013 iidne Veda tseremoonia, mis puhastab karmat, toob tasakaalu ja \u00f5nnistusi. Alusta oma vaimset teekonda juba t\u00e4na!\" \/>\n<meta name=\"robots\" content=\"index, follow, max-snippet:-1, max-image-preview:large, max-video-preview:-1\" \/>\n<link rel=\"canonical\" href=\"https:\/\/mypalmleaf.com\/homa\/\" \/>\n<meta property=\"og:locale\" content=\"et_EE\" \/>\n<meta property=\"og:type\" content=\"article\" \/>\n<meta property=\"og:title\" content=\"Homa - My Palm Leaf\" \/>\n<meta property=\"og:description\" content=\"Koge Homa tulerituaali \u2013 iidne Veda tseremoonia, mis puhastab karmat, toob tasakaalu ja \u00f5nnistusi. Alusta oma vaimset teekonda juba t\u00e4na!\" \/>\n<meta property=\"og:url\" content=\"https:\/\/mypalmleaf.com\/homa\/\" \/>\n<meta property=\"og:site_name\" content=\"My Palm Leaf\" \/>\n<meta property=\"article:modified_time\" content=\"2025-04-16T09:03:02+00:00\" \/>\n<meta property=\"og:image\" content=\"https:\/\/mypalmleaf.com\/wp-content\/uploads\/2024\/11\/homas-thumb.jpg\" \/>\n<meta name=\"twitter:card\" content=\"summary_large_image\" \/>\n<meta name=\"twitter:label1\" content=\"Est. reading time\" \/>\n\t<meta name=\"twitter:data1\" content=\"2 minutit\" \/>\n<script type=\"application\/ld+json\" class=\"yoast-schema-graph\">{\"@context\":\"https:\/\/schema.org\",\"@graph\":[{\"@type\":\"WebPage\",\"@id\":\"https:\/\/mypalmleaf.com\/homa\/\",\"url\":\"https:\/\/mypalmleaf.com\/homa\/\",\"name\":\"Homa - My Palm Leaf\",\"isPartOf\":{\"@id\":\"https:\/\/mypalmleaf.com\/#website\"},\"primaryImageOfPage\":{\"@id\":\"https:\/\/mypalmleaf.com\/homa\/#primaryimage\"},\"image\":{\"@id\":\"https:\/\/mypalmleaf.com\/homa\/#primaryimage\"},\"thumbnailUrl\":\"https:\/\/mypalmleaf.com\/wp-content\/uploads\/2024\/11\/homas-thumb.jpg\",\"datePublished\":\"2024-11-10T05:53:12+00:00\",\"dateModified\":\"2025-04-16T09:03:02+00:00\",\"description\":\"Koge Homa tulerituaali \u2013 iidne Veda tseremoonia, mis puhastab karmat, toob tasakaalu ja \u00f5nnistusi. Alusta oma vaimset teekonda juba t\u00e4na!\",\"breadcrumb\":{\"@id\":\"https:\/\/mypalmleaf.com\/homa\/#breadcrumb\"},\"inLanguage\":\"et\",\"potentialAction\":[{\"@type\":\"ReadAction\",\"target\":[\"https:\/\/mypalmleaf.com\/homa\/\"]}]},{\"@type\":\"ImageObject\",\"inLanguage\":\"et\",\"@id\":\"https:\/\/mypalmleaf.com\/homa\/#primaryimage\",\"url\":\"https:\/\/mypalmleaf.com\/wp-content\/uploads\/2024\/11\/homas-thumb.jpg\",\"contentUrl\":\"https:\/\/mypalmleaf.com\/wp-content\/uploads\/2024\/11\/homas-thumb.jpg\"},{\"@type\":\"BreadcrumbList\",\"@id\":\"https:\/\/mypalmleaf.com\/homa\/#breadcrumb\",\"itemListElement\":[{\"@type\":\"ListItem\",\"position\":1,\"name\":\"Home\",\"item\":\"https:\/\/mypalmleaf.com\/et\/\"},{\"@type\":\"ListItem\",\"position\":2,\"name\":\"Homa\"}]},{\"@type\":\"WebSite\",\"@id\":\"https:\/\/mypalmleaf.com\/#website\",\"url\":\"https:\/\/mypalmleaf.com\/\",\"name\":\"My Palm Leaf\",\"description\":\"\",\"potentialAction\":[{\"@type\":\"SearchAction\",\"target\":{\"@type\":\"EntryPoint\",\"urlTemplate\":\"https:\/\/mypalmleaf.com\/?s={search_term_string}\"},\"query-input\":{\"@type\":\"PropertyValueSpecification\",\"valueRequired\":true,\"valueName\":\"search_term_string\"}}],\"inLanguage\":\"et\"}]}<\/script>\n<!-- \/ Yoast SEO plugin. -->","yoast_head_json":{"title":"Homa - My Palm Leaf","description":"Koge Homa tulerituaali \u2013 iidne Veda tseremoonia, mis puhastab karmat, toob tasakaalu ja \u00f5nnistusi. Alusta oma vaimset teekonda juba t\u00e4na!","robots":{"index":"index","follow":"follow","max-snippet":"max-snippet:-1","max-image-preview":"max-image-preview:large","max-video-preview":"max-video-preview:-1"},"canonical":"https:\/\/mypalmleaf.com\/homa\/","og_locale":"et_EE","og_type":"article","og_title":"Homa - My Palm Leaf","og_description":"Koge Homa tulerituaali \u2013 iidne Veda tseremoonia, mis puhastab karmat, toob tasakaalu ja \u00f5nnistusi. Alusta oma vaimset teekonda juba t\u00e4na!","og_url":"https:\/\/mypalmleaf.com\/homa\/","og_site_name":"My Palm Leaf","article_modified_time":"2025-04-16T09:03:02+00:00","og_image":[{"url":"https:\/\/mypalmleaf.com\/wp-content\/uploads\/2024\/11\/homas-thumb.jpg","type":"","width":"","height":""}],"twitter_card":"summary_large_image","twitter_misc":{"Est. reading time":"2 minutit"},"schema":{"@context":"https:\/\/schema.org","@graph":[{"@type":"WebPage","@id":"https:\/\/mypalmleaf.com\/homa\/","url":"https:\/\/mypalmleaf.com\/homa\/","name":"Homa - My Palm Leaf","isPartOf":{"@id":"https:\/\/mypalmleaf.com\/#website"},"primaryImageOfPage":{"@id":"https:\/\/mypalmleaf.com\/homa\/#primaryimage"},"image":{"@id":"https:\/\/mypalmleaf.com\/homa\/#primaryimage"},"thumbnailUrl":"https:\/\/mypalmleaf.com\/wp-content\/uploads\/2024\/11\/homas-thumb.jpg","datePublished":"2024-11-10T05:53:12+00:00","dateModified":"2025-04-16T09:03:02+00:00","description":"Koge Homa tulerituaali \u2013 iidne Veda tseremoonia, mis puhastab karmat, toob tasakaalu ja \u00f5nnistusi. Alusta oma vaimset teekonda juba t\u00e4na!","breadcrumb":{"@id":"https:\/\/mypalmleaf.com\/homa\/#breadcrumb"},"inLanguage":"et","potentialAction":[{"@type":"ReadAction","target":["https:\/\/mypalmleaf.com\/homa\/"]}]},{"@type":"ImageObject","inLanguage":"et","@id":"https:\/\/mypalmleaf.com\/homa\/#primaryimage","url":"https:\/\/mypalmleaf.com\/wp-content\/uploads\/2024\/11\/homas-thumb.jpg","contentUrl":"https:\/\/mypalmleaf.com\/wp-content\/uploads\/2024\/11\/homas-thumb.jpg"},{"@type":"BreadcrumbList","@id":"https:\/\/mypalmleaf.com\/homa\/#breadcrumb","itemListElement":[{"@type":"ListItem","position":1,"name":"Home","item":"https:\/\/mypalmleaf.com\/et\/"},{"@type":"ListItem","position":2,"name":"Homa"}]},{"@type":"WebSite","@id":"https:\/\/mypalmleaf.com\/#website","url":"https:\/\/mypalmleaf.com\/","name":"My Palm Leaf","description":"","potentialAction":[{"@type":"SearchAction","target":{"@type":"EntryPoint","urlTemplate":"https:\/\/mypalmleaf.com\/?s={search_term_string}"},"query-input":{"@type":"PropertyValueSpecification","valueRequired":true,"valueName":"search_term_string"}}],"inLanguage":"et"}]}},"_links":{"self":[{"href":"https:\/\/mypalmleaf.com\/et\/wp-json\/wp\/v2\/pages\/45473","targetHints":{"allow":["GET"]}}],"collection":[{"href":"https:\/\/mypalmleaf.com\/et\/wp-json\/wp\/v2\/pages"}],"about":[{"href":"https:\/\/mypalmleaf.com\/et\/wp-json\/wp\/v2\/types\/page"}],"author":[{"embeddable":true,"href":"https:\/\/mypalmleaf.com\/et\/wp-json\/wp\/v2\/users\/1"}],"replies":[{"embeddable":true,"href":"https:\/\/mypalmleaf.com\/et\/wp-json\/wp\/v2\/comments?post=45473"}],"version-history":[{"count":0,"href":"https:\/\/mypalmleaf.com\/et\/wp-json\/wp\/v2\/pages\/45473\/revisions"}],"wp:attachment":[{"href":"https:\/\/mypalmleaf.com\/et\/wp-json\/wp\/v2\/media?parent=45473"}],"curies":[{"name":"wp","href":"https:\/\/api.w.org\/{rel}","templated":true}]}}