
{"id":45515,"date":"2024-11-10T07:16:42","date_gmt":"2024-11-10T07:16:42","guid":{"rendered":"https:\/\/mypalmleaf.com\/athma-shanthi-puja\/"},"modified":"2025-07-28T09:36:53","modified_gmt":"2025-07-28T09:36:53","slug":"athma-shanthi-puja","status":"publish","type":"page","link":"https:\/\/mypalmleaf.com\/et\/athma-shanthi-puja\/","title":{"rendered":"Athma Shanthi Puja"},"content":{"rendered":"\n<section class=\"spotlight-main small top-gap\">\n    <!-- <div class=\"slider-wrap\" data-flickity='{ \"cellAlign\": \"left\", \"contain\": true, \"wrapAround\": true, \"setGallerySize\": false }'> -->\n    <div class=\"slider-wrap\" data-flickity='{ \"cellAlign\": \"left\", \"contain\": true, \"wrapAround\": true, \"setGallerySize\": false  }'>\n            <div class=\"slides\">\n        <div class=\"content-wrap\">\n          <div class=\"image\">\n            <picture>\n              <source media=\"(max-width: 999px)\" srcset=\"https:\/\/mypalmleaf.com\/wp-content\/uploads\/2024\/11\/athma-shanti-puja-spotlight.-mob.jpg\" \/>\n              <source media=\"(min-width: 1000px)\" srcset=\"https:\/\/mypalmleaf.com\/wp-content\/uploads\/2024\/11\/athma-shanti-puja-spotlight.jpg\" \/>\n              <img decoding=\"async\" src=\"https:\/\/mypalmleaf.com\/wp-content\/uploads\/2024\/11\/athma-shanti-puja-spotlight.jpg\" class=\"img-fluid\" alt=\"\" \/>\n            <\/picture>\n          <\/div>\n          <div class=\"content\">\n            <div data-aos=\"fade-up\" data-aos-duration=\"1000\">\n              <h2 class=\"\">Athma Shanthi Puja: P\u00fcha rituaal lahkunud esivanemate harmoonia ja \u00f5ndsuse tagamiseks<\/h2>\n              <p>Tooge rahu ja vabanemist oma l\u00e4hedastele hingedele selle s\u00fcgava veedaliku tseremoonia kaudu.<\/p>\n                                  <a href=\"\/prices\/athma-shanthi-puja-special-ritual-to-help-the-soul-of-someone-who-has-passed-away-to-rest-in-peace\/\" class=\"btn btn-primary\">Broneeri oma Puja<\/a>\n                   \n            <\/div>\n          <\/div>\n        <\/div>\n      <\/div>\n          <\/div>\n<\/section>\n\n\n<section class=\"my-6 position-relative\">\n    <div class=\"container-xl\" data-aos=\"fade-up\" data-aos-duration=\"1000\">\n      <div class=\"row align-items-center\">\n        <div class=\"col-lg-5 mb-4 mb-lg-0\">\n          <div class=\"rounded-asset\">\n            <img decoding=\"async\" src=\"https:\/\/mypalmleaf.com\/wp-content\/uploads\/2024\/11\/yt-thumb-2.jpg\" class=\"img-fluid\" alt=\"\"><div class=\"play-icon\"><\/div>\n            <a href=\"https:\/\/www.youtube.com\/watch?v=nZ0XR1c6lPU\" class=\"stretched-link\" data-lity><\/a>\n          <\/div>\n        <\/div>\n        <div class=\"col-lg-7\">\n          <h2 class=\"mb-4\">Mis on Athma Shanthi Puja?<\/h2>\n          <p>Athma Shanthi Puja on p\u00fcha rituaal, mida viiakse l\u00e4bi selleks, et austada lahkunud l\u00e4hedaste hingi ja tuua neile rahu. Veedalike traditsioonide kohaselt aitab see tseremoonia lahkunud hingel leida vabanemise (mok\u0161a) ja v\u00f5ib lahendada k\u00f5ik p\u00fcsivad karmav\u00f5lad v\u00f5i h\u00e4ired. Eriti oluline on see nende jaoks, kes surid ootamatult, traagiliselt v\u00f5i ilma korraliku riituse saamise v\u00f5imaluseta.  <\/p>\n<p>Puja ajal laulavad meie kogenud veda preestrid p\u00fchasid mantraid, pakuvad palveid ja viivad l\u00e4bi rituaale, et tuua harmooniat ja vaimset vabanemist.<\/p>\n        <\/div>\n      <\/div>\n    <\/div>\n    <\/section>\n\n\n<section class=\"my-6 position-relative\">\n  <div class=\"container-xl aos-init aos-animate\" data-aos=\"fade-up\" data-aos-duration=\"1000\">\n    <div class=\"row align-items-center\">\n      <div class=\"col-lg-7\">\n        <h2 class=\"mb-4\">Miks sooritada Athma Shanthi Pujat?<\/h2>\n<p>Athma Shanthi Puja on kaastundlik ja v\u00f5imas rituaal, mis teenib nii elavaid kui ka lahkunuid. Siin on m\u00f5ningad p\u00f5hjused, miks see on oluline: <\/p>\n<ul>\n<li>Hinge vabastamine: Aita lahkunud hingel saavutada rahu ja vabaneda taass\u00fcnni ts\u00fcklist.<\/li>\n<li>Karmiline resolutsioon: Vabasta negatiivsed karmilised m\u00f5jud, mis on p\u00f5hjustatud lahendamata esivanemate energiatest.<\/li>\n<li>Esivanemate \u00f5nnistused: Too oma esivanemate \u00f5nnistusi ja kaitset oma ellu.<\/li>\n<li>Tervenemine ja sulgemine: Taga emotsionaalse paranemise leinavatele pereliikmetele, et sulgeda leinamine.<\/li>\n<\/ul>\n<div class=\"dual-btn-cont mt-4\">\n<ul>\n<li><a href=\"https:\/\/mypalmleaf.com\/et\/prices\/athma-shanthi-puja-eriline-rituaal-mis-aitab-lahkunud-inimese-hingel-rahus-puhata\/\" class=\"btn btn-primary\">Broneerige Athma Shanti Puja oma esivanemate hingede jaoks.<\/a><\/li>\n<\/ul>\n<\/div>\n      <\/div>\n      <div class=\"col-lg-5 mb-4 mb-lg-0\">\n        <div class=\"rounded-asset\">\n          <img decoding=\"async\" src=\"https:\/\/mypalmleaf.com\/wp-content\/uploads\/2024\/11\/atma-shant-thumb1.jpg\" class=\"img-fluid\" alt=\"\"\/>\n        <\/div>\n      <\/div>\n    <\/div>\n  <\/div>\n       \n  <\/section>\n\n\n\n<section class=\"my-6 position-relative\">\n  <div class=\"container-xl aos-init aos-animate\" data-aos=\"fade-up\" data-aos-duration=\"1000\">\n    <div class=\"row align-items-center\">\n      <div class=\"col-lg-5 mb-4 mb-lg-0\">\n        <div class=\"rounded-asset\">\n          <img decoding=\"async\" src=\"https:\/\/mypalmleaf.com\/wp-content\/uploads\/2024\/11\/atma-shant-thumb2.jpg\" class=\"img-fluid\" alt=\"\"\/>\n        <\/div>\n      <\/div>\n      <div class=\"col-lg-7\">\n        <h2 class=\"mb-4\">Kes peaks seda Puja&#8217;t kaaluma?<\/h2>\n        <p>Athma Shanthi Puja on soovitatav k\u00f5igile, kes on kaotanud l\u00e4hedase inimese ja soovib tuua rahu lahkunud hingele. See on eriti kasulik, kui: <\/p>\n        <ul>\n          <li>Lahkunud hing suri traagilistel v\u00f5i ootamatutel asjaoludel.<\/li>\n          <li>Korralikke matuseriitusi ei ole sooritatud v\u00f5i on tunne, et vaimselt on midagi j\u00e4\u00e4nud pooleli.<\/li>\n          <li>Te tunnete oma elus esivanemate h\u00e4irete olemasolu.<\/li>\n          <li>Te soovite oma esivanemaid austada ja neile t\u00e4nu avaldada.<\/li>\n        <\/ul>\n<div class=\"dual-btn-cont mt-4\">\n<ul>\n<li><a href=\"https:\/\/mypalmleaf.com\/et\/prices\/athma-shanthi-puja-eriline-rituaal-mis-aitab-lahkunud-inimese-hingel-rahus-puhata\/\" class=\"btn btn-primary\">Broneerige Athma Shanti Puja oma esivanemate hingede jaoks.<\/a><\/li>\n<\/ul>\n<\/div>\n      <\/div>\n      \n    <\/div>\n  <\/div>\n       \n  <\/section>\n\n\n\n<section class=\"my-6 position-relative\">\n  <div class=\"container-xl aos-init aos-animate\" data-aos=\"fade-up\" data-aos-duration=\"1000\">\n    <div class=\"row align-items-center\">\n      <div class=\"col-lg-7\">\n        <h2 class=\"mb-4\">Kuidas toimub Athma Shanti Puja?<\/h2>\n<p>Tseremoonia viiakse l\u00e4bi vastavalt iidsetele veedade traditsioonidele ja see toimub tavaliselt p\u00fcha veekogu v\u00f5i altari l\u00e4hedal. Siin on, mida oodata: <\/p>\n<ul>\n<li>Jumaliku energia kutsumine: Rituaal algab mantrate ja palvete kordamisega, et puhastada ruum ja kutsuda esile jumalikke energiaid.<\/li>\n<li>P\u00fchad ohverdused: Ohverdused, sealhulgas riis, lilled ja p\u00fchad esemed, tehakse lahkunud hingele.<\/li>\n<li>Palved rahu eest: Hinge \u00f5nnistamiseks ja vabastuse suunas suunamiseks lauldakse spetsiaalseid palveid ja mantraid.  <\/li>\n<li>Vee rituaalid: Tseremoonia v\u00f5ib h\u00f5lmata ohvreid p\u00fchale veele, mis s\u00fcmboliseerib hinge puhastumist ja vabanemist.<\/li>\n<\/ul>\n<div class=\"dual-btn-cont mt-4\">\n<ul>\n<li><a href=\"https:\/\/mypalmleaf.com\/et\/prices\/athma-shanthi-puja-eriline-rituaal-mis-aitab-lahkunud-inimese-hingel-rahus-puhata\/\" class=\"btn btn-primary\">Broneerige Athma Shanti Puja oma esivanemate hingede jaoks.<\/a><\/li>\n<\/ul>\n<\/div>\n      <\/div>\n      <div class=\"col-lg-5 mb-4 mb-lg-0\">\n        <div class=\"rounded-asset\">\n          <img decoding=\"async\" src=\"https:\/\/mypalmleaf.com\/wp-content\/uploads\/2024\/11\/atma-shant-thumb3-1.jpg\" class=\"img-fluid\" alt=\"\"\/>\n        <\/div>\n      <\/div>\n    <\/div>\n  <\/div>\n       \n  <\/section>\n\n\n<section class=\"accordion-container position-relative \" data-aos=\"fade-up\" data-aos-duration=\"1000\" id=\"general-questions\">\n  <div class=\"container-xl\">\n    <div class=\"row\">\n      <h3>Korduma kippuvad k\u00fcsimused<\/h3>\n      <div class=\"accr-wrap\">\n                  <div class=\"head\">Kas ma pean Athma Shanthi Puja ajal kohal olema?<\/div>\n          <div class=\"content\">\n            <p>Ei, ei ole vaja f\u00fc\u00fcsiliselt kohal olla. Meie veedalikud preestrid viivad rituaali l\u00e4bi sama austuse ja kavatsusega ning \u00f5nnistused ja energia j\u00f5uavad hingeni s\u00f5ltumata teie kohalolekust. Siiski v\u00f5ite \u00fchineda Zoomi kaudu, kui soovite tseremoonia tunnistajaks olla.  <\/p>\n          <\/div>\n                  <div class=\"head\">Kas puja v\u00f5ib sooritada kellegi eest, kes on juba ammu lahkunud?<\/div>\n          <div class=\"content\">\n            <p>Jah, Athma Shanthi Puja&#8217;t v\u00f5ib sooritada aastaid tagasi lahkunud hingede jaoks. Rituaal on ajatu ja v\u00f5ib tuua rahu ja vabanemise igale hingele, olenemata sellest, millal ta lahkus. <\/p>\n          <\/div>\n                  <div class=\"head\">Milliseid andmeid pean ma Puja jaoks esitama?<\/div>\n          <div class=\"content\">\n            <p>Tavaliselt n\u00f5uame me lahkunu nime ja teie suhet temaga. Kasulikud on ka k\u00f5ik lisateave, n\u00e4iteks nende lahkumise asjaolud. <\/p>\n          <\/div>\n                  <div class=\"head\">Kas Athma Shanthi Puja&#8217;t saab teha mitmele hingele korraga?<\/div>\n          <div class=\"content\">\n            <p>Jah, on v\u00f5imalik sooritada Puja rohkem kui \u00fchele hingele. Palun esitage andmed iga hinge kohta ja meie preestrid tagavad, et rituaal on vastavalt kohandatud. <\/p>\n          <\/div>\n                  <div class=\"head\">Mida ma peaksin tegema p\u00e4rast Puja&#8217;t?<\/div>\n          <div class=\"content\">\n            <p>Puja kestab tavaliselt 20-60 minutit, s\u00f5ltuvalt selle keerukusest ja austatavate hingede arvust. Tseremoonia ettevalmistamine v\u00f5tab mitu tundi. <\/p>\n          <\/div>\n                  <div class=\"head\">Kui kaua kestab Athma Shanthi Puja?<\/div>\n          <div class=\"content\">\n            <p>Puja kestab tavaliselt 20-60 minutit, s\u00f5ltuvalt selle keerukusest ja austatavate hingede arvust. Tseremoonia ettevalmistamine v\u00f5tab mitu tundi. <\/p>\n          <\/div>\n                  <div class=\"head\">Kas ma v\u00f5in seda Puja&#8217;t teha olulistel kuup\u00e4evadel, nagu olulised t\u00e4htp\u00e4evad v\u00f5i Pitru Paksha ajal?<\/div>\n          <div class=\"content\">\n            <p>Jah, Athma Shanthi Puja sooritamine olulistel kuup\u00e4evadel, n\u00e4iteks surma-aastap\u00e4evadel v\u00f5i Pitru Paksha perioodil, v\u00f5ib suurendada selle kasu. Me saame aidata teil tseremoonia vastavalt planeerida. <\/p>\n          <\/div>\n                  <div class=\"head\">Kas Athma Shanthi Puja sobib k\u00f5igile uskumustele ja traditsioonidele?<\/div>\n          <div class=\"content\">\n            <p>Jah, kuigi puja on juurdunud veedalikus traditsioonis, on see universaalne rituaal, mille eesm\u00e4rk on tuua lahkunutele rahu ja \u00f5nnistust. Seda v\u00f5ib sooritada iga\u00fcks, s\u00f5ltumata tema vaimsetest v\u00f5i usulistest veendumustest. <\/p>\n          <\/div>\n                  <div class=\"head\">Kas pujale kaasatakse ka Mypalmleafi moderaator?<\/div>\n          <div class=\"content\">\n            <p>Jah, \u00fcks meie moderaatoritest on Athma Shanti Puja juures. Nad juhendavad teid ja selgitavad teile vajadusel k\u00f5ike. <\/p>\n          <\/div>\n              <\/div>\n    <\/div>\n  <\/div>\n  \n<\/section>\n<\/div>","protected":false},"excerpt":{"rendered":"<p>Miks sooritada Athma Shanthi Pujat? Athma Shanthi Puja on kaastundlik ja v\u00f5imas rituaal, mis teenib nii elavaid kui ka lahkunuid. Siin on m\u00f5ningad p\u00f5hjused, miks see on oluline: Hinge vabastamine: Aita lahkunud hingel saavutada rahu ja vabaneda taass\u00fcnni ts\u00fcklist. Karmiline resolutsioon: Vabasta negatiivsed karmilised m\u00f5jud, mis on p\u00f5hjustatud lahendamata esivanemate energiatest. Esivanemate \u00f5nnistused: Too oma [&hellip;]<\/p>\n","protected":false},"author":1,"featured_media":0,"parent":0,"menu_order":0,"comment_status":"closed","ping_status":"closed","template":"","meta":{"_acf_changed":false,"footnotes":""},"class_list":["post-45515","page","type-page","status-publish","hentry"],"acf":[],"yoast_head":"<!-- This site is optimized with the Yoast SEO plugin v26.4 - https:\/\/yoast.com\/wordpress\/plugins\/seo\/ -->\n<title>Athma Shanthi Puja - My Palm Leaf<\/title>\n<meta name=\"description\" content=\"Koge Athma Shanthi Puja&#039;t \u2013 p\u00fcha rituaali, mis pakub rahu ja vabanemist lahkunud hingedele. Tunneta tervenemist, sulgumist ja vaimset \u00fchendust.\" \/>\n<meta name=\"robots\" content=\"index, follow, max-snippet:-1, max-image-preview:large, max-video-preview:-1\" \/>\n<link rel=\"canonical\" href=\"https:\/\/mypalmleaf.com\/et\/athma-shanthi-puja\/\" \/>\n<meta property=\"og:locale\" content=\"et_EE\" \/>\n<meta property=\"og:type\" content=\"article\" \/>\n<meta property=\"og:title\" content=\"Athma Shanthi Puja - My Palm Leaf\" \/>\n<meta property=\"og:description\" content=\"Koge Athma Shanthi Puja&#039;t \u2013 p\u00fcha rituaali, mis pakub rahu ja vabanemist lahkunud hingedele. Tunneta tervenemist, sulgumist ja vaimset \u00fchendust.\" \/>\n<meta property=\"og:url\" content=\"https:\/\/mypalmleaf.com\/et\/athma-shanthi-puja\/\" \/>\n<meta property=\"og:site_name\" content=\"My Palm Leaf\" \/>\n<meta property=\"article:modified_time\" content=\"2025-07-28T09:36:53+00:00\" \/>\n<meta property=\"og:image\" content=\"https:\/\/mypalmleaf.com\/wp-content\/uploads\/2024\/11\/atma-shant-thumb1.jpg\" \/>\n<meta name=\"twitter:card\" content=\"summary_large_image\" \/>\n<meta name=\"twitter:label1\" content=\"Est. reading time\" \/>\n\t<meta name=\"twitter:data1\" content=\"2 minutit\" \/>\n<script type=\"application\/ld+json\" class=\"yoast-schema-graph\">{\"@context\":\"https:\/\/schema.org\",\"@graph\":[{\"@type\":\"WebPage\",\"@id\":\"https:\/\/mypalmleaf.com\/et\/athma-shanthi-puja\/\",\"url\":\"https:\/\/mypalmleaf.com\/et\/athma-shanthi-puja\/\",\"name\":\"Athma Shanthi Puja - My Palm Leaf\",\"isPartOf\":{\"@id\":\"https:\/\/mypalmleaf.com\/#website\"},\"primaryImageOfPage\":{\"@id\":\"https:\/\/mypalmleaf.com\/et\/athma-shanthi-puja\/#primaryimage\"},\"image\":{\"@id\":\"https:\/\/mypalmleaf.com\/et\/athma-shanthi-puja\/#primaryimage\"},\"thumbnailUrl\":\"https:\/\/mypalmleaf.com\/wp-content\/uploads\/2024\/11\/atma-shant-thumb1.jpg\",\"datePublished\":\"2024-11-10T07:16:42+00:00\",\"dateModified\":\"2025-07-28T09:36:53+00:00\",\"description\":\"Koge Athma Shanthi Puja't \u2013 p\u00fcha rituaali, mis pakub rahu ja vabanemist lahkunud hingedele. Tunneta tervenemist, sulgumist ja vaimset \u00fchendust.\",\"breadcrumb\":{\"@id\":\"https:\/\/mypalmleaf.com\/et\/athma-shanthi-puja\/#breadcrumb\"},\"inLanguage\":\"et\",\"potentialAction\":[{\"@type\":\"ReadAction\",\"target\":[\"https:\/\/mypalmleaf.com\/et\/athma-shanthi-puja\/\"]}]},{\"@type\":\"ImageObject\",\"inLanguage\":\"et\",\"@id\":\"https:\/\/mypalmleaf.com\/et\/athma-shanthi-puja\/#primaryimage\",\"url\":\"https:\/\/mypalmleaf.com\/wp-content\/uploads\/2024\/11\/atma-shant-thumb1.jpg\",\"contentUrl\":\"https:\/\/mypalmleaf.com\/wp-content\/uploads\/2024\/11\/atma-shant-thumb1.jpg\"},{\"@type\":\"BreadcrumbList\",\"@id\":\"https:\/\/mypalmleaf.com\/et\/athma-shanthi-puja\/#breadcrumb\",\"itemListElement\":[{\"@type\":\"ListItem\",\"position\":1,\"name\":\"Home\",\"item\":\"https:\/\/mypalmleaf.com\/et\/\"},{\"@type\":\"ListItem\",\"position\":2,\"name\":\"Athma Shanthi Puja\"}]},{\"@type\":\"WebSite\",\"@id\":\"https:\/\/mypalmleaf.com\/#website\",\"url\":\"https:\/\/mypalmleaf.com\/\",\"name\":\"My Palm Leaf\",\"description\":\"\",\"potentialAction\":[{\"@type\":\"SearchAction\",\"target\":{\"@type\":\"EntryPoint\",\"urlTemplate\":\"https:\/\/mypalmleaf.com\/?s={search_term_string}\"},\"query-input\":{\"@type\":\"PropertyValueSpecification\",\"valueRequired\":true,\"valueName\":\"search_term_string\"}}],\"inLanguage\":\"et\"}]}<\/script>\n<!-- \/ Yoast SEO plugin. -->","yoast_head_json":{"title":"Athma Shanthi Puja - My Palm Leaf","description":"Koge Athma Shanthi Puja't \u2013 p\u00fcha rituaali, mis pakub rahu ja vabanemist lahkunud hingedele. Tunneta tervenemist, sulgumist ja vaimset \u00fchendust.","robots":{"index":"index","follow":"follow","max-snippet":"max-snippet:-1","max-image-preview":"max-image-preview:large","max-video-preview":"max-video-preview:-1"},"canonical":"https:\/\/mypalmleaf.com\/et\/athma-shanthi-puja\/","og_locale":"et_EE","og_type":"article","og_title":"Athma Shanthi Puja - My Palm Leaf","og_description":"Koge Athma Shanthi Puja't \u2013 p\u00fcha rituaali, mis pakub rahu ja vabanemist lahkunud hingedele. Tunneta tervenemist, sulgumist ja vaimset \u00fchendust.","og_url":"https:\/\/mypalmleaf.com\/et\/athma-shanthi-puja\/","og_site_name":"My Palm Leaf","article_modified_time":"2025-07-28T09:36:53+00:00","og_image":[{"url":"https:\/\/mypalmleaf.com\/wp-content\/uploads\/2024\/11\/atma-shant-thumb1.jpg","type":"","width":"","height":""}],"twitter_card":"summary_large_image","twitter_misc":{"Est. reading time":"2 minutit"},"schema":{"@context":"https:\/\/schema.org","@graph":[{"@type":"WebPage","@id":"https:\/\/mypalmleaf.com\/et\/athma-shanthi-puja\/","url":"https:\/\/mypalmleaf.com\/et\/athma-shanthi-puja\/","name":"Athma Shanthi Puja - My Palm Leaf","isPartOf":{"@id":"https:\/\/mypalmleaf.com\/#website"},"primaryImageOfPage":{"@id":"https:\/\/mypalmleaf.com\/et\/athma-shanthi-puja\/#primaryimage"},"image":{"@id":"https:\/\/mypalmleaf.com\/et\/athma-shanthi-puja\/#primaryimage"},"thumbnailUrl":"https:\/\/mypalmleaf.com\/wp-content\/uploads\/2024\/11\/atma-shant-thumb1.jpg","datePublished":"2024-11-10T07:16:42+00:00","dateModified":"2025-07-28T09:36:53+00:00","description":"Koge Athma Shanthi Puja't \u2013 p\u00fcha rituaali, mis pakub rahu ja vabanemist lahkunud hingedele. Tunneta tervenemist, sulgumist ja vaimset \u00fchendust.","breadcrumb":{"@id":"https:\/\/mypalmleaf.com\/et\/athma-shanthi-puja\/#breadcrumb"},"inLanguage":"et","potentialAction":[{"@type":"ReadAction","target":["https:\/\/mypalmleaf.com\/et\/athma-shanthi-puja\/"]}]},{"@type":"ImageObject","inLanguage":"et","@id":"https:\/\/mypalmleaf.com\/et\/athma-shanthi-puja\/#primaryimage","url":"https:\/\/mypalmleaf.com\/wp-content\/uploads\/2024\/11\/atma-shant-thumb1.jpg","contentUrl":"https:\/\/mypalmleaf.com\/wp-content\/uploads\/2024\/11\/atma-shant-thumb1.jpg"},{"@type":"BreadcrumbList","@id":"https:\/\/mypalmleaf.com\/et\/athma-shanthi-puja\/#breadcrumb","itemListElement":[{"@type":"ListItem","position":1,"name":"Home","item":"https:\/\/mypalmleaf.com\/et\/"},{"@type":"ListItem","position":2,"name":"Athma Shanthi Puja"}]},{"@type":"WebSite","@id":"https:\/\/mypalmleaf.com\/#website","url":"https:\/\/mypalmleaf.com\/","name":"My Palm Leaf","description":"","potentialAction":[{"@type":"SearchAction","target":{"@type":"EntryPoint","urlTemplate":"https:\/\/mypalmleaf.com\/?s={search_term_string}"},"query-input":{"@type":"PropertyValueSpecification","valueRequired":true,"valueName":"search_term_string"}}],"inLanguage":"et"}]}},"_links":{"self":[{"href":"https:\/\/mypalmleaf.com\/et\/wp-json\/wp\/v2\/pages\/45515","targetHints":{"allow":["GET"]}}],"collection":[{"href":"https:\/\/mypalmleaf.com\/et\/wp-json\/wp\/v2\/pages"}],"about":[{"href":"https:\/\/mypalmleaf.com\/et\/wp-json\/wp\/v2\/types\/page"}],"author":[{"embeddable":true,"href":"https:\/\/mypalmleaf.com\/et\/wp-json\/wp\/v2\/users\/1"}],"replies":[{"embeddable":true,"href":"https:\/\/mypalmleaf.com\/et\/wp-json\/wp\/v2\/comments?post=45515"}],"version-history":[{"count":0,"href":"https:\/\/mypalmleaf.com\/et\/wp-json\/wp\/v2\/pages\/45515\/revisions"}],"wp:attachment":[{"href":"https:\/\/mypalmleaf.com\/et\/wp-json\/wp\/v2\/media?parent=45515"}],"curies":[{"name":"wp","href":"https:\/\/api.w.org\/{rel}","templated":true}]}}