
{"id":38542,"date":"2024-09-04T10:10:30","date_gmt":"2024-09-04T10:10:30","guid":{"rendered":"https:\/\/mypalmleaf.com\/prices\/kinkige-oma-lahedastele-palmilehtede-lugemine\/"},"modified":"2025-07-07T11:12:03","modified_gmt":"2025-07-07T11:12:03","slug":"kinkige-oma-lahedastele-palmilehtede-lugemine","status":"publish","type":"product","link":"https:\/\/mypalmleaf.com\/et\/prices\/kinkige-oma-lahedastele-palmilehtede-lugemine\/","title":{"rendered":"Kingi oma l\u00e4hedasele palmilehe lugemine"},"content":{"rendered":"<p>Saad vaut\u0161eri, et kinkida palmilehe lugemine l\u00e4hedasele inimesele.<\/p>\n<ul>\n<li>Kimpude tuvastamine, mis v\u00f5ivad sisaldada Sinu palmilehte Indias<\/li>\n<li>Sobitamise protsess internetis, et tuvastada Sinu palmileht<\/li>\n<li>\u00dcldpeat\u00fcki lugemine<\/li>\n<li>14. peat\u00fcki lugemine (energeetilised abin\u00f5ud)<\/li>\n<li>Lugemise videosalvestus<\/li>\n<li>Foto Sinu palmilehest.<\/li>\n<li>Raha tagasi garantii, kui Sinu lehte ei leita.<\/li>\n<\/ul>\n","protected":false},"excerpt":{"rendered":"<p>Saad vaut\u0161eri, et kinkida palmilehe lugemine l\u00e4hedasele inimesele.<\/p>\n<ul>\n<li>Kimpude tuvastamine, mis v\u00f5ivad sisaldada Sinu palmilehte Indias<\/li>\n<li>Sobitamise protsess internetis, et tuvastada Sinu palmileht<\/li>\n<\/ul>\n","protected":false},"featured_media":14128,"comment_status":"open","ping_status":"closed","template":"","meta":{"_acf_changed":false},"product_brand":[],"product_cat":[358],"product_tag":[],"class_list":{"0":"post-38542","1":"product","2":"type-product","3":"status-publish","4":"has-post-thumbnail","6":"product_cat-mittekategoriseeritud","8":"first","9":"instock","10":"taxable","11":"shipping-taxable","12":"purchasable","13":"product-type-variable"},"exclude_global_add_ons":false,"addons":[{"name":"Kingituse saaja nimi","type":"custom_text","position":0,"required":true,"title_format":"label","description_enable":false,"description":"","placeholder_enable":false,"placeholder":"","display":"select","restrictions_type":"any_text","adjust_price":false,"price":"","price_type":"flat_fee","restrictions":false,"min":0,"max":0,"options":[],"id":1725954986}],"acf":[],"yoast_head":"<!-- This site is optimized with the Yoast SEO plugin v26.4 - https:\/\/yoast.com\/wordpress\/plugins\/seo\/ -->\n<title>Kinkekaart palmilehe lugemiseks | Minu palmileht<\/title>\n<meta name=\"description\" content=\"Kinkige My Palm Leaf vaut\u0161eriga k\u00e4mblilugemise kingitus. Ainulaadne vaimne kogemus igaks juhuks. Telli kohe ja \u00fcllata oma l\u00e4hedast!\" \/>\n<meta name=\"robots\" content=\"index, follow, max-snippet:-1, max-image-preview:large, max-video-preview:-1\" \/>\n<link rel=\"canonical\" href=\"https:\/\/mypalmleaf.com\/et\/prices\/kinkige-oma-lahedastele-palmilehtede-lugemine\/\" \/>\n<meta property=\"og:locale\" content=\"et_EE\" \/>\n<meta property=\"og:type\" content=\"article\" \/>\n<meta property=\"og:title\" content=\"Kinkekaart palmilehe lugemiseks | Minu palmileht\" \/>\n<meta property=\"og:description\" content=\"Kinkige My Palm Leaf vaut\u0161eriga k\u00e4mblilugemise kingitus. Ainulaadne vaimne kogemus igaks juhuks. Telli kohe ja \u00fcllata oma l\u00e4hedast!\" \/>\n<meta property=\"og:url\" content=\"https:\/\/mypalmleaf.com\/et\/prices\/kinkige-oma-lahedastele-palmilehtede-lugemine\/\" \/>\n<meta property=\"og:site_name\" content=\"My Palm Leaf\" \/>\n<meta property=\"article:modified_time\" content=\"2025-07-07T11:12:03+00:00\" \/>\n<meta property=\"og:image\" content=\"https:\/\/mypalmleaf.com\/wp-content\/uploads\/2024\/09\/mantra-product-page-21.jpg\" \/>\n\t<meta property=\"og:image:width\" content=\"800\" \/>\n\t<meta property=\"og:image:height\" content=\"444\" \/>\n\t<meta property=\"og:image:type\" content=\"image\/jpeg\" \/>\n<meta name=\"twitter:card\" content=\"summary_large_image\" \/>\n<meta name=\"twitter:label1\" content=\"Est. reading time\" \/>\n\t<meta name=\"twitter:data1\" content=\"1 minut\" \/>\n<script type=\"application\/ld+json\" class=\"yoast-schema-graph\">{\"@context\":\"https:\/\/schema.org\",\"@graph\":[{\"@type\":\"WebPage\",\"@id\":\"https:\/\/mypalmleaf.com\/et\/prices\/kinkige-oma-lahedastele-palmilehtede-lugemine\/\",\"url\":\"https:\/\/mypalmleaf.com\/et\/prices\/kinkige-oma-lahedastele-palmilehtede-lugemine\/\",\"name\":\"Kinkekaart palmilehe lugemiseks | Minu palmileht\",\"isPartOf\":{\"@id\":\"https:\/\/mypalmleaf.com\/#website\"},\"primaryImageOfPage\":{\"@id\":\"https:\/\/mypalmleaf.com\/et\/prices\/kinkige-oma-lahedastele-palmilehtede-lugemine\/#primaryimage\"},\"image\":{\"@id\":\"https:\/\/mypalmleaf.com\/et\/prices\/kinkige-oma-lahedastele-palmilehtede-lugemine\/#primaryimage\"},\"thumbnailUrl\":\"https:\/\/mypalmleaf.com\/wp-content\/uploads\/2024\/09\/mantra-product-page-21.jpg\",\"datePublished\":\"2024-09-04T10:10:30+00:00\",\"dateModified\":\"2025-07-07T11:12:03+00:00\",\"description\":\"Kinkige My Palm Leaf vaut\u0161eriga k\u00e4mblilugemise kingitus. Ainulaadne vaimne kogemus igaks juhuks. Telli kohe ja \u00fcllata oma l\u00e4hedast!\",\"breadcrumb\":{\"@id\":\"https:\/\/mypalmleaf.com\/et\/prices\/kinkige-oma-lahedastele-palmilehtede-lugemine\/#breadcrumb\"},\"inLanguage\":\"et\",\"potentialAction\":[{\"@type\":\"ReadAction\",\"target\":[\"https:\/\/mypalmleaf.com\/et\/prices\/kinkige-oma-lahedastele-palmilehtede-lugemine\/\"]}]},{\"@type\":\"ImageObject\",\"inLanguage\":\"et\",\"@id\":\"https:\/\/mypalmleaf.com\/et\/prices\/kinkige-oma-lahedastele-palmilehtede-lugemine\/#primaryimage\",\"url\":\"https:\/\/mypalmleaf.com\/wp-content\/uploads\/2024\/09\/mantra-product-page-21.jpg\",\"contentUrl\":\"https:\/\/mypalmleaf.com\/wp-content\/uploads\/2024\/09\/mantra-product-page-21.jpg\",\"width\":800,\"height\":444,\"caption\":\"A gift card for a palm leaf reading for Maria\"},{\"@type\":\"BreadcrumbList\",\"@id\":\"https:\/\/mypalmleaf.com\/et\/prices\/kinkige-oma-lahedastele-palmilehtede-lugemine\/#breadcrumb\",\"itemListElement\":[{\"@type\":\"ListItem\",\"position\":1,\"name\":\"Home\",\"item\":\"https:\/\/mypalmleaf.com\/et\/\"},{\"@type\":\"ListItem\",\"position\":2,\"name\":\"Shop\",\"item\":\"https:\/\/mypalmleaf.com\/et\/shop\/\"},{\"@type\":\"ListItem\",\"position\":3,\"name\":\"Kingi oma l\u00e4hedasele palmilehe lugemine\"}]},{\"@type\":\"WebSite\",\"@id\":\"https:\/\/mypalmleaf.com\/#website\",\"url\":\"https:\/\/mypalmleaf.com\/\",\"name\":\"My Palm Leaf\",\"description\":\"\",\"potentialAction\":[{\"@type\":\"SearchAction\",\"target\":{\"@type\":\"EntryPoint\",\"urlTemplate\":\"https:\/\/mypalmleaf.com\/?s={search_term_string}\"},\"query-input\":{\"@type\":\"PropertyValueSpecification\",\"valueRequired\":true,\"valueName\":\"search_term_string\"}}],\"inLanguage\":\"et\"}]}<\/script>\n<!-- \/ Yoast SEO plugin. -->","yoast_head_json":{"title":"Kinkekaart palmilehe lugemiseks | Minu palmileht","description":"Kinkige My Palm Leaf vaut\u0161eriga k\u00e4mblilugemise kingitus. Ainulaadne vaimne kogemus igaks juhuks. Telli kohe ja \u00fcllata oma l\u00e4hedast!","robots":{"index":"index","follow":"follow","max-snippet":"max-snippet:-1","max-image-preview":"max-image-preview:large","max-video-preview":"max-video-preview:-1"},"canonical":"https:\/\/mypalmleaf.com\/et\/prices\/kinkige-oma-lahedastele-palmilehtede-lugemine\/","og_locale":"et_EE","og_type":"article","og_title":"Kinkekaart palmilehe lugemiseks | Minu palmileht","og_description":"Kinkige My Palm Leaf vaut\u0161eriga k\u00e4mblilugemise kingitus. Ainulaadne vaimne kogemus igaks juhuks. Telli kohe ja \u00fcllata oma l\u00e4hedast!","og_url":"https:\/\/mypalmleaf.com\/et\/prices\/kinkige-oma-lahedastele-palmilehtede-lugemine\/","og_site_name":"My Palm Leaf","article_modified_time":"2025-07-07T11:12:03+00:00","og_image":[{"width":800,"height":444,"url":"https:\/\/mypalmleaf.com\/wp-content\/uploads\/2024\/09\/mantra-product-page-21.jpg","type":"image\/jpeg"}],"twitter_card":"summary_large_image","twitter_misc":{"Est. reading time":"1 minut"},"schema":{"@context":"https:\/\/schema.org","@graph":[{"@type":"WebPage","@id":"https:\/\/mypalmleaf.com\/et\/prices\/kinkige-oma-lahedastele-palmilehtede-lugemine\/","url":"https:\/\/mypalmleaf.com\/et\/prices\/kinkige-oma-lahedastele-palmilehtede-lugemine\/","name":"Kinkekaart palmilehe lugemiseks | Minu palmileht","isPartOf":{"@id":"https:\/\/mypalmleaf.com\/#website"},"primaryImageOfPage":{"@id":"https:\/\/mypalmleaf.com\/et\/prices\/kinkige-oma-lahedastele-palmilehtede-lugemine\/#primaryimage"},"image":{"@id":"https:\/\/mypalmleaf.com\/et\/prices\/kinkige-oma-lahedastele-palmilehtede-lugemine\/#primaryimage"},"thumbnailUrl":"https:\/\/mypalmleaf.com\/wp-content\/uploads\/2024\/09\/mantra-product-page-21.jpg","datePublished":"2024-09-04T10:10:30+00:00","dateModified":"2025-07-07T11:12:03+00:00","description":"Kinkige My Palm Leaf vaut\u0161eriga k\u00e4mblilugemise kingitus. Ainulaadne vaimne kogemus igaks juhuks. Telli kohe ja \u00fcllata oma l\u00e4hedast!","breadcrumb":{"@id":"https:\/\/mypalmleaf.com\/et\/prices\/kinkige-oma-lahedastele-palmilehtede-lugemine\/#breadcrumb"},"inLanguage":"et","potentialAction":[{"@type":"ReadAction","target":["https:\/\/mypalmleaf.com\/et\/prices\/kinkige-oma-lahedastele-palmilehtede-lugemine\/"]}]},{"@type":"ImageObject","inLanguage":"et","@id":"https:\/\/mypalmleaf.com\/et\/prices\/kinkige-oma-lahedastele-palmilehtede-lugemine\/#primaryimage","url":"https:\/\/mypalmleaf.com\/wp-content\/uploads\/2024\/09\/mantra-product-page-21.jpg","contentUrl":"https:\/\/mypalmleaf.com\/wp-content\/uploads\/2024\/09\/mantra-product-page-21.jpg","width":800,"height":444,"caption":"A gift card for a palm leaf reading for Maria"},{"@type":"BreadcrumbList","@id":"https:\/\/mypalmleaf.com\/et\/prices\/kinkige-oma-lahedastele-palmilehtede-lugemine\/#breadcrumb","itemListElement":[{"@type":"ListItem","position":1,"name":"Home","item":"https:\/\/mypalmleaf.com\/et\/"},{"@type":"ListItem","position":2,"name":"Shop","item":"https:\/\/mypalmleaf.com\/et\/shop\/"},{"@type":"ListItem","position":3,"name":"Kingi oma l\u00e4hedasele palmilehe lugemine"}]},{"@type":"WebSite","@id":"https:\/\/mypalmleaf.com\/#website","url":"https:\/\/mypalmleaf.com\/","name":"My Palm Leaf","description":"","potentialAction":[{"@type":"SearchAction","target":{"@type":"EntryPoint","urlTemplate":"https:\/\/mypalmleaf.com\/?s={search_term_string}"},"query-input":{"@type":"PropertyValueSpecification","valueRequired":true,"valueName":"search_term_string"}}],"inLanguage":"et"}]}},"_links":{"self":[{"href":"https:\/\/mypalmleaf.com\/et\/wp-json\/wp\/v2\/product\/38542","targetHints":{"allow":["GET"]}}],"collection":[{"href":"https:\/\/mypalmleaf.com\/et\/wp-json\/wp\/v2\/product"}],"about":[{"href":"https:\/\/mypalmleaf.com\/et\/wp-json\/wp\/v2\/types\/product"}],"replies":[{"embeddable":true,"href":"https:\/\/mypalmleaf.com\/et\/wp-json\/wp\/v2\/comments?post=38542"}],"wp:featuredmedia":[{"embeddable":true,"href":"https:\/\/mypalmleaf.com\/et\/wp-json\/wp\/v2\/media\/14128"}],"wp:attachment":[{"href":"https:\/\/mypalmleaf.com\/et\/wp-json\/wp\/v2\/media?parent=38542"}],"wp:term":[{"taxonomy":"product_brand","embeddable":true,"href":"https:\/\/mypalmleaf.com\/et\/wp-json\/wp\/v2\/product_brand?post=38542"},{"taxonomy":"product_cat","embeddable":true,"href":"https:\/\/mypalmleaf.com\/et\/wp-json\/wp\/v2\/product_cat?post=38542"},{"taxonomy":"product_tag","embeddable":true,"href":"https:\/\/mypalmleaf.com\/et\/wp-json\/wp\/v2\/product_tag?post=38542"}],"curies":[{"name":"wp","href":"https:\/\/api.w.org\/{rel}","templated":true}]}}