{"id":38721,"date":"2024-03-04T10:58:10","date_gmt":"2024-03-04T10:58:10","guid":{"rendered":"https:\/\/mypalmleaf.com\/prices\/virtuaalne-palverannak\/"},"modified":"2025-04-16T09:13:04","modified_gmt":"2025-04-16T09:13:04","slug":"virtuaalne-palverannak","status":"publish","type":"product","link":"https:\/\/mypalmleaf.com\/et\/prices\/virtuaalne-palverannak\/","title":{"rendered":"Virtuaalne palver\u00e4nnak"},"content":{"rendered":"<p class=\"mb-4\">Virtuaalne palver\u00e4nnak Navagraha templitesse on m\u00f5eldud selleks, et aidata vabaneda karmablokkidest, \u00fchendades Sind \u00fcheksa planeedi energiaga ja \u00fchtlustades nende m\u00f5ju Sinu elule.<br \/>\nSee on v\u00f5imas, kuid lihtne viis karmiliste tingimuste parandamiseks ja olemasolevate blokeeringute \u00fcmberkujundamiseks. Seda palver\u00e4nnakut v\u00f5ib korraldada endale v\u00f5i l\u00e4hedastele.<\/p>\n<p>Virtuaalne palver\u00e4nnak h\u00f5lmab:<\/p>\n<ul class=\"mb-4\">\n<li>Navagraha templites Sinu jaoks l\u00e4biviidavaid tseremooniad<\/li>\n<li>Juurdep\u00e4\u00e4s WhatsApp &amp; Telegram grupile, mis pakub igap\u00e4evaseid uuendusi palver\u00e4nnaku ajal.<\/li>\n<li>Sinu nimel tehtud annetused templitele ja abivajajatele<\/li>\n<\/ul>\n<p class=\"mb-4\">P\u00fchad suveniirid (teise valiku puhul):<br \/>\nNeed on \u00f5nnistatud esemed, mis p\u00e4rinevad templitest v\u00f5i nende l\u00e4hedusest ja on immutatud nende energiaga.<br \/>\nKuigi me ei saa eelnevalt t\u00e4psustada t\u00e4pseid esemeid, on need sillaks, mis \u00fchendavad Sind templi energiaga.<br \/>\nEt saada aimu, mida oodata, v\u00f5id <a class=\"text-body\" href=\"https:\/\/www.youtube.com\/watch?v=09WQJn8M8SA\" data-lity=\"\">vaadata seda videot<\/a> \u00fchest eelmisest palver\u00e4nnakust.<\/p>\n<p><strong>M\u00e4rkus:<\/strong> \u00a0P\u00fcha suveniiride saatmine on kogu maailmas tasuta.<\/p>\n","protected":false},"excerpt":{"rendered":"<p>Virtuaalne palver\u00e4nnak Navagraha templitesse on m\u00f5eldud selleks, et aidata vabaneda karmablokkidest, \u00fchendades Sind \u00fcheksa planeedi energiaga ja \u00fchtlustades nende m\u00f5ju Sinu elule&#8230;<\/p>\n","protected":false},"featured_media":3497,"comment_status":"open","ping_status":"closed","template":"","meta":{"_acf_changed":false},"product_brand":[],"product_cat":[358],"product_tag":[],"class_list":{"0":"post-38721","1":"product","2":"type-product","3":"status-publish","4":"has-post-thumbnail","6":"product_cat-mittekategoriseeritud","8":"first","9":"instock","10":"purchasable","11":"product-type-variable"},"exclude_global_add_ons":[],"addons":[],"acf":[],"yoast_head":"<!-- This site is optimized with the Yoast SEO plugin v26.4 - https:\/\/yoast.com\/wordpress\/plugins\/seo\/ -->\n<title>Virtuaalne palver\u00e4nnak - My Palm Leaf<\/title>\n<meta name=\"description\" content=\"Liitu virtuaalse palver\u00e4nnaku teenusega, mis \u00fchendab sind Navagraha templite energiaga, puhastades karmat ja tasakaalustades elu. Broneeri sessioon t\u00e4na!\" \/>\n<meta name=\"robots\" content=\"index, follow, max-snippet:-1, max-image-preview:large, max-video-preview:-1\" \/>\n<link rel=\"canonical\" href=\"https:\/\/mypalmleaf.com\/et\/prices\/virtuaalne-palverannak\/\" \/>\n<meta property=\"og:locale\" content=\"et_EE\" \/>\n<meta property=\"og:type\" content=\"article\" \/>\n<meta property=\"og:title\" content=\"Virtuaalne palver\u00e4nnak - My Palm Leaf\" \/>\n<meta property=\"og:description\" content=\"Liitu virtuaalse palver\u00e4nnaku teenusega, mis \u00fchendab sind Navagraha templite energiaga, puhastades karmat ja tasakaalustades elu. Broneeri sessioon t\u00e4na!\" \/>\n<meta property=\"og:url\" content=\"https:\/\/mypalmleaf.com\/et\/prices\/virtuaalne-palverannak\/\" \/>\n<meta property=\"og:site_name\" content=\"My Palm Leaf\" \/>\n<meta property=\"article:modified_time\" content=\"2025-04-16T09:13:04+00:00\" \/>\n<meta property=\"og:image\" content=\"https:\/\/mypalmleaf.com\/wp-content\/uploads\/2024\/09\/mantra-product-page-18.jpg\" \/>\n\t<meta property=\"og:image:width\" content=\"1280\" \/>\n\t<meta property=\"og:image:height\" content=\"720\" \/>\n\t<meta property=\"og:image:type\" content=\"image\/jpeg\" \/>\n<meta name=\"twitter:card\" content=\"summary_large_image\" \/>\n<meta name=\"twitter:label1\" content=\"Est. reading time\" \/>\n\t<meta name=\"twitter:data1\" content=\"1 minut\" \/>\n<script type=\"application\/ld+json\" class=\"yoast-schema-graph\">{\"@context\":\"https:\/\/schema.org\",\"@graph\":[{\"@type\":\"WebPage\",\"@id\":\"https:\/\/mypalmleaf.com\/et\/prices\/virtuaalne-palverannak\/\",\"url\":\"https:\/\/mypalmleaf.com\/et\/prices\/virtuaalne-palverannak\/\",\"name\":\"Virtuaalne palver\u00e4nnak - My Palm Leaf\",\"isPartOf\":{\"@id\":\"https:\/\/mypalmleaf.com\/#website\"},\"primaryImageOfPage\":{\"@id\":\"https:\/\/mypalmleaf.com\/et\/prices\/virtuaalne-palverannak\/#primaryimage\"},\"image\":{\"@id\":\"https:\/\/mypalmleaf.com\/et\/prices\/virtuaalne-palverannak\/#primaryimage\"},\"thumbnailUrl\":\"https:\/\/mypalmleaf.com\/wp-content\/uploads\/2024\/09\/mantra-product-page-18.jpg\",\"datePublished\":\"2024-03-04T10:58:10+00:00\",\"dateModified\":\"2025-04-16T09:13:04+00:00\",\"description\":\"Liitu virtuaalse palver\u00e4nnaku teenusega, mis \u00fchendab sind Navagraha templite energiaga, puhastades karmat ja tasakaalustades elu. Broneeri sessioon t\u00e4na!\",\"breadcrumb\":{\"@id\":\"https:\/\/mypalmleaf.com\/et\/prices\/virtuaalne-palverannak\/#breadcrumb\"},\"inLanguage\":\"et\",\"potentialAction\":[{\"@type\":\"ReadAction\",\"target\":[\"https:\/\/mypalmleaf.com\/et\/prices\/virtuaalne-palverannak\/\"]}]},{\"@type\":\"ImageObject\",\"inLanguage\":\"et\",\"@id\":\"https:\/\/mypalmleaf.com\/et\/prices\/virtuaalne-palverannak\/#primaryimage\",\"url\":\"https:\/\/mypalmleaf.com\/wp-content\/uploads\/2024\/09\/mantra-product-page-18.jpg\",\"contentUrl\":\"https:\/\/mypalmleaf.com\/wp-content\/uploads\/2024\/09\/mantra-product-page-18.jpg\",\"width\":1280,\"height\":720,\"caption\":\"Statue of Gods\"},{\"@type\":\"BreadcrumbList\",\"@id\":\"https:\/\/mypalmleaf.com\/et\/prices\/virtuaalne-palverannak\/#breadcrumb\",\"itemListElement\":[{\"@type\":\"ListItem\",\"position\":1,\"name\":\"Home\",\"item\":\"https:\/\/mypalmleaf.com\/et\/\"},{\"@type\":\"ListItem\",\"position\":2,\"name\":\"Shop\",\"item\":\"https:\/\/mypalmleaf.com\/et\/shop\/\"},{\"@type\":\"ListItem\",\"position\":3,\"name\":\"Virtuaalne palver\u00e4nnak\"}]},{\"@type\":\"WebSite\",\"@id\":\"https:\/\/mypalmleaf.com\/#website\",\"url\":\"https:\/\/mypalmleaf.com\/\",\"name\":\"My Palm Leaf\",\"description\":\"\",\"potentialAction\":[{\"@type\":\"SearchAction\",\"target\":{\"@type\":\"EntryPoint\",\"urlTemplate\":\"https:\/\/mypalmleaf.com\/?s={search_term_string}\"},\"query-input\":{\"@type\":\"PropertyValueSpecification\",\"valueRequired\":true,\"valueName\":\"search_term_string\"}}],\"inLanguage\":\"et\"}]}<\/script>\n<!-- \/ Yoast SEO plugin. -->","yoast_head_json":{"title":"Virtuaalne palver\u00e4nnak - My Palm Leaf","description":"Liitu virtuaalse palver\u00e4nnaku teenusega, mis \u00fchendab sind Navagraha templite energiaga, puhastades karmat ja tasakaalustades elu. Broneeri sessioon t\u00e4na!","robots":{"index":"index","follow":"follow","max-snippet":"max-snippet:-1","max-image-preview":"max-image-preview:large","max-video-preview":"max-video-preview:-1"},"canonical":"https:\/\/mypalmleaf.com\/et\/prices\/virtuaalne-palverannak\/","og_locale":"et_EE","og_type":"article","og_title":"Virtuaalne palver\u00e4nnak - My Palm Leaf","og_description":"Liitu virtuaalse palver\u00e4nnaku teenusega, mis \u00fchendab sind Navagraha templite energiaga, puhastades karmat ja tasakaalustades elu. Broneeri sessioon t\u00e4na!","og_url":"https:\/\/mypalmleaf.com\/et\/prices\/virtuaalne-palverannak\/","og_site_name":"My Palm Leaf","article_modified_time":"2025-04-16T09:13:04+00:00","og_image":[{"width":1280,"height":720,"url":"https:\/\/mypalmleaf.com\/wp-content\/uploads\/2024\/09\/mantra-product-page-18.jpg","type":"image\/jpeg"}],"twitter_card":"summary_large_image","twitter_misc":{"Est. reading time":"1 minut"},"schema":{"@context":"https:\/\/schema.org","@graph":[{"@type":"WebPage","@id":"https:\/\/mypalmleaf.com\/et\/prices\/virtuaalne-palverannak\/","url":"https:\/\/mypalmleaf.com\/et\/prices\/virtuaalne-palverannak\/","name":"Virtuaalne palver\u00e4nnak - My Palm Leaf","isPartOf":{"@id":"https:\/\/mypalmleaf.com\/#website"},"primaryImageOfPage":{"@id":"https:\/\/mypalmleaf.com\/et\/prices\/virtuaalne-palverannak\/#primaryimage"},"image":{"@id":"https:\/\/mypalmleaf.com\/et\/prices\/virtuaalne-palverannak\/#primaryimage"},"thumbnailUrl":"https:\/\/mypalmleaf.com\/wp-content\/uploads\/2024\/09\/mantra-product-page-18.jpg","datePublished":"2024-03-04T10:58:10+00:00","dateModified":"2025-04-16T09:13:04+00:00","description":"Liitu virtuaalse palver\u00e4nnaku teenusega, mis \u00fchendab sind Navagraha templite energiaga, puhastades karmat ja tasakaalustades elu. Broneeri sessioon t\u00e4na!","breadcrumb":{"@id":"https:\/\/mypalmleaf.com\/et\/prices\/virtuaalne-palverannak\/#breadcrumb"},"inLanguage":"et","potentialAction":[{"@type":"ReadAction","target":["https:\/\/mypalmleaf.com\/et\/prices\/virtuaalne-palverannak\/"]}]},{"@type":"ImageObject","inLanguage":"et","@id":"https:\/\/mypalmleaf.com\/et\/prices\/virtuaalne-palverannak\/#primaryimage","url":"https:\/\/mypalmleaf.com\/wp-content\/uploads\/2024\/09\/mantra-product-page-18.jpg","contentUrl":"https:\/\/mypalmleaf.com\/wp-content\/uploads\/2024\/09\/mantra-product-page-18.jpg","width":1280,"height":720,"caption":"Statue of Gods"},{"@type":"BreadcrumbList","@id":"https:\/\/mypalmleaf.com\/et\/prices\/virtuaalne-palverannak\/#breadcrumb","itemListElement":[{"@type":"ListItem","position":1,"name":"Home","item":"https:\/\/mypalmleaf.com\/et\/"},{"@type":"ListItem","position":2,"name":"Shop","item":"https:\/\/mypalmleaf.com\/et\/shop\/"},{"@type":"ListItem","position":3,"name":"Virtuaalne palver\u00e4nnak"}]},{"@type":"WebSite","@id":"https:\/\/mypalmleaf.com\/#website","url":"https:\/\/mypalmleaf.com\/","name":"My Palm Leaf","description":"","potentialAction":[{"@type":"SearchAction","target":{"@type":"EntryPoint","urlTemplate":"https:\/\/mypalmleaf.com\/?s={search_term_string}"},"query-input":{"@type":"PropertyValueSpecification","valueRequired":true,"valueName":"search_term_string"}}],"inLanguage":"et"}]}},"_links":{"self":[{"href":"https:\/\/mypalmleaf.com\/et\/wp-json\/wp\/v2\/product\/38721","targetHints":{"allow":["GET"]}}],"collection":[{"href":"https:\/\/mypalmleaf.com\/et\/wp-json\/wp\/v2\/product"}],"about":[{"href":"https:\/\/mypalmleaf.com\/et\/wp-json\/wp\/v2\/types\/product"}],"replies":[{"embeddable":true,"href":"https:\/\/mypalmleaf.com\/et\/wp-json\/wp\/v2\/comments?post=38721"}],"wp:featuredmedia":[{"embeddable":true,"href":"https:\/\/mypalmleaf.com\/et\/wp-json\/wp\/v2\/media\/3497"}],"wp:attachment":[{"href":"https:\/\/mypalmleaf.com\/et\/wp-json\/wp\/v2\/media?parent=38721"}],"wp:term":[{"taxonomy":"product_brand","embeddable":true,"href":"https:\/\/mypalmleaf.com\/et\/wp-json\/wp\/v2\/product_brand?post=38721"},{"taxonomy":"product_cat","embeddable":true,"href":"https:\/\/mypalmleaf.com\/et\/wp-json\/wp\/v2\/product_cat?post=38721"},{"taxonomy":"product_tag","embeddable":true,"href":"https:\/\/mypalmleaf.com\/et\/wp-json\/wp\/v2\/product_tag?post=38721"}],"curies":[{"name":"wp","href":"https:\/\/api.w.org\/{rel}","templated":true}]}}