
{"id":38758,"date":"2024-03-04T10:45:16","date_gmt":"2024-03-04T10:45:16","guid":{"rendered":"https:\/\/mypalmleaf.com\/prices\/navagraha-palverannak\/"},"modified":"2025-04-30T09:03:38","modified_gmt":"2025-04-30T09:03:38","slug":"navagraha-palverannak","status":"publish","type":"product","link":"https:\/\/mypalmleaf.com\/et\/prices\/navagraha-palverannak\/","title":{"rendered":"Navagraha palver\u00e4nnak"},"content":{"rendered":"<p>Navagraha-palver\u00e4nnak on vaimne reis Indiasse, mis aitab puhastada karmat, k\u00fclastades 9 planeedile p\u00fchendatud templeid. See toimub v\u00e4ikeses grupis ja seda juhendab \u00fcks meie kogenud giididest.<\/p>\n<p>See sisaldab:<\/p>\n<ul>\n<li>Ettevalmistusk\u00f5ne enne palver\u00e4nnakut<\/li>\n<li>Juhendamine ja toetus meie kogenud giidide poolt<\/li>\n<li>Majutus \u00fche- v\u00f5i kahekohalises toas (Sinu valikul)<\/li>\n<li>Sissep\u00e4\u00e4supiletid k\u00f5ikidele vaatamisv\u00e4\u00e4rsustele<\/li>\n<li>Transport<\/li>\n<\/ul>\n","protected":false},"excerpt":{"rendered":"<p>Navagraha-palver\u00e4nnak on vaimne reis Indiasse, mis aitab puhastada karmat, k\u00fclastades 9 planeedile p\u00fchendatud templeid. See toimub v\u00e4ikeses grupis ja seda juhendab&#8230;<\/p>\n","protected":false},"featured_media":3410,"comment_status":"open","ping_status":"closed","template":"","meta":{"_acf_changed":false},"product_brand":[],"product_cat":[358],"product_tag":[],"class_list":{"0":"post-38758","1":"product","2":"type-product","3":"status-publish","4":"has-post-thumbnail","6":"product_cat-mittekategoriseeritud","8":"first","9":"instock","10":"purchasable","11":"product-type-variable"},"exclude_global_add_ons":[],"addons":[],"acf":[],"yoast_head":"<!-- This site is optimized with the Yoast SEO plugin v26.4 - https:\/\/yoast.com\/wordpress\/plugins\/seo\/ -->\n<title>Navagraha palver\u00e4nnak - My Palm Leaf<\/title>\n<meta name=\"description\" content=\"Osale vaimsel Navagraha palver\u00e4nnakul, koge p\u00fchasid rituaale, mis viivad kosmilised energiad tasakaalu ja juhivad sind selguse, kasvu ning harmooniani.\" \/>\n<meta name=\"robots\" content=\"index, follow, max-snippet:-1, max-image-preview:large, max-video-preview:-1\" \/>\n<link rel=\"canonical\" href=\"https:\/\/mypalmleaf.com\/et\/prices\/navagraha-palverannak\/\" \/>\n<meta property=\"og:locale\" content=\"et_EE\" \/>\n<meta property=\"og:type\" content=\"article\" \/>\n<meta property=\"og:title\" content=\"Navagraha palver\u00e4nnak - My Palm Leaf\" \/>\n<meta property=\"og:description\" content=\"Osale vaimsel Navagraha palver\u00e4nnakul, koge p\u00fchasid rituaale, mis viivad kosmilised energiad tasakaalu ja juhivad sind selguse, kasvu ning harmooniani.\" \/>\n<meta property=\"og:url\" content=\"https:\/\/mypalmleaf.com\/et\/prices\/navagraha-palverannak\/\" \/>\n<meta property=\"og:site_name\" content=\"My Palm Leaf\" \/>\n<meta property=\"article:modified_time\" content=\"2025-04-30T09:03:38+00:00\" \/>\n<meta property=\"og:image\" content=\"https:\/\/mypalmleaf.com\/wp-content\/uploads\/2024\/09\/mantra-product-page-13.jpg\" \/>\n\t<meta property=\"og:image:width\" content=\"1280\" \/>\n\t<meta property=\"og:image:height\" content=\"720\" \/>\n\t<meta property=\"og:image:type\" content=\"image\/jpeg\" \/>\n<meta name=\"twitter:card\" content=\"summary_large_image\" \/>\n<meta name=\"twitter:label1\" content=\"Est. reading time\" \/>\n\t<meta name=\"twitter:data1\" content=\"1 minut\" \/>\n<script type=\"application\/ld+json\" class=\"yoast-schema-graph\">{\"@context\":\"https:\/\/schema.org\",\"@graph\":[{\"@type\":\"WebPage\",\"@id\":\"https:\/\/mypalmleaf.com\/et\/prices\/navagraha-palverannak\/\",\"url\":\"https:\/\/mypalmleaf.com\/et\/prices\/navagraha-palverannak\/\",\"name\":\"Navagraha palver\u00e4nnak - My Palm Leaf\",\"isPartOf\":{\"@id\":\"https:\/\/mypalmleaf.com\/#website\"},\"primaryImageOfPage\":{\"@id\":\"https:\/\/mypalmleaf.com\/et\/prices\/navagraha-palverannak\/#primaryimage\"},\"image\":{\"@id\":\"https:\/\/mypalmleaf.com\/et\/prices\/navagraha-palverannak\/#primaryimage\"},\"thumbnailUrl\":\"https:\/\/mypalmleaf.com\/wp-content\/uploads\/2024\/09\/mantra-product-page-13.jpg\",\"datePublished\":\"2024-03-04T10:45:16+00:00\",\"dateModified\":\"2025-04-30T09:03:38+00:00\",\"description\":\"Osale vaimsel Navagraha palver\u00e4nnakul, koge p\u00fchasid rituaale, mis viivad kosmilised energiad tasakaalu ja juhivad sind selguse, kasvu ning harmooniani.\",\"breadcrumb\":{\"@id\":\"https:\/\/mypalmleaf.com\/et\/prices\/navagraha-palverannak\/#breadcrumb\"},\"inLanguage\":\"et\",\"potentialAction\":[{\"@type\":\"ReadAction\",\"target\":[\"https:\/\/mypalmleaf.com\/et\/prices\/navagraha-palverannak\/\"]}]},{\"@type\":\"ImageObject\",\"inLanguage\":\"et\",\"@id\":\"https:\/\/mypalmleaf.com\/et\/prices\/navagraha-palverannak\/#primaryimage\",\"url\":\"https:\/\/mypalmleaf.com\/wp-content\/uploads\/2024\/09\/mantra-product-page-13.jpg\",\"contentUrl\":\"https:\/\/mypalmleaf.com\/wp-content\/uploads\/2024\/09\/mantra-product-page-13.jpg\",\"width\":1280,\"height\":720,\"caption\":\"Sri Ranganatha Swamy Temple\"},{\"@type\":\"BreadcrumbList\",\"@id\":\"https:\/\/mypalmleaf.com\/et\/prices\/navagraha-palverannak\/#breadcrumb\",\"itemListElement\":[{\"@type\":\"ListItem\",\"position\":1,\"name\":\"Home\",\"item\":\"https:\/\/mypalmleaf.com\/et\/\"},{\"@type\":\"ListItem\",\"position\":2,\"name\":\"Shop\",\"item\":\"https:\/\/mypalmleaf.com\/et\/shop\/\"},{\"@type\":\"ListItem\",\"position\":3,\"name\":\"Navagraha palver\u00e4nnak\"}]},{\"@type\":\"WebSite\",\"@id\":\"https:\/\/mypalmleaf.com\/#website\",\"url\":\"https:\/\/mypalmleaf.com\/\",\"name\":\"My Palm Leaf\",\"description\":\"\",\"potentialAction\":[{\"@type\":\"SearchAction\",\"target\":{\"@type\":\"EntryPoint\",\"urlTemplate\":\"https:\/\/mypalmleaf.com\/?s={search_term_string}\"},\"query-input\":{\"@type\":\"PropertyValueSpecification\",\"valueRequired\":true,\"valueName\":\"search_term_string\"}}],\"inLanguage\":\"et\"}]}<\/script>\n<!-- \/ Yoast SEO plugin. -->","yoast_head_json":{"title":"Navagraha palver\u00e4nnak - My Palm Leaf","description":"Osale vaimsel Navagraha palver\u00e4nnakul, koge p\u00fchasid rituaale, mis viivad kosmilised energiad tasakaalu ja juhivad sind selguse, kasvu ning harmooniani.","robots":{"index":"index","follow":"follow","max-snippet":"max-snippet:-1","max-image-preview":"max-image-preview:large","max-video-preview":"max-video-preview:-1"},"canonical":"https:\/\/mypalmleaf.com\/et\/prices\/navagraha-palverannak\/","og_locale":"et_EE","og_type":"article","og_title":"Navagraha palver\u00e4nnak - My Palm Leaf","og_description":"Osale vaimsel Navagraha palver\u00e4nnakul, koge p\u00fchasid rituaale, mis viivad kosmilised energiad tasakaalu ja juhivad sind selguse, kasvu ning harmooniani.","og_url":"https:\/\/mypalmleaf.com\/et\/prices\/navagraha-palverannak\/","og_site_name":"My Palm Leaf","article_modified_time":"2025-04-30T09:03:38+00:00","og_image":[{"width":1280,"height":720,"url":"https:\/\/mypalmleaf.com\/wp-content\/uploads\/2024\/09\/mantra-product-page-13.jpg","type":"image\/jpeg"}],"twitter_card":"summary_large_image","twitter_misc":{"Est. reading time":"1 minut"},"schema":{"@context":"https:\/\/schema.org","@graph":[{"@type":"WebPage","@id":"https:\/\/mypalmleaf.com\/et\/prices\/navagraha-palverannak\/","url":"https:\/\/mypalmleaf.com\/et\/prices\/navagraha-palverannak\/","name":"Navagraha palver\u00e4nnak - My Palm Leaf","isPartOf":{"@id":"https:\/\/mypalmleaf.com\/#website"},"primaryImageOfPage":{"@id":"https:\/\/mypalmleaf.com\/et\/prices\/navagraha-palverannak\/#primaryimage"},"image":{"@id":"https:\/\/mypalmleaf.com\/et\/prices\/navagraha-palverannak\/#primaryimage"},"thumbnailUrl":"https:\/\/mypalmleaf.com\/wp-content\/uploads\/2024\/09\/mantra-product-page-13.jpg","datePublished":"2024-03-04T10:45:16+00:00","dateModified":"2025-04-30T09:03:38+00:00","description":"Osale vaimsel Navagraha palver\u00e4nnakul, koge p\u00fchasid rituaale, mis viivad kosmilised energiad tasakaalu ja juhivad sind selguse, kasvu ning harmooniani.","breadcrumb":{"@id":"https:\/\/mypalmleaf.com\/et\/prices\/navagraha-palverannak\/#breadcrumb"},"inLanguage":"et","potentialAction":[{"@type":"ReadAction","target":["https:\/\/mypalmleaf.com\/et\/prices\/navagraha-palverannak\/"]}]},{"@type":"ImageObject","inLanguage":"et","@id":"https:\/\/mypalmleaf.com\/et\/prices\/navagraha-palverannak\/#primaryimage","url":"https:\/\/mypalmleaf.com\/wp-content\/uploads\/2024\/09\/mantra-product-page-13.jpg","contentUrl":"https:\/\/mypalmleaf.com\/wp-content\/uploads\/2024\/09\/mantra-product-page-13.jpg","width":1280,"height":720,"caption":"Sri Ranganatha Swamy Temple"},{"@type":"BreadcrumbList","@id":"https:\/\/mypalmleaf.com\/et\/prices\/navagraha-palverannak\/#breadcrumb","itemListElement":[{"@type":"ListItem","position":1,"name":"Home","item":"https:\/\/mypalmleaf.com\/et\/"},{"@type":"ListItem","position":2,"name":"Shop","item":"https:\/\/mypalmleaf.com\/et\/shop\/"},{"@type":"ListItem","position":3,"name":"Navagraha palver\u00e4nnak"}]},{"@type":"WebSite","@id":"https:\/\/mypalmleaf.com\/#website","url":"https:\/\/mypalmleaf.com\/","name":"My Palm Leaf","description":"","potentialAction":[{"@type":"SearchAction","target":{"@type":"EntryPoint","urlTemplate":"https:\/\/mypalmleaf.com\/?s={search_term_string}"},"query-input":{"@type":"PropertyValueSpecification","valueRequired":true,"valueName":"search_term_string"}}],"inLanguage":"et"}]}},"_links":{"self":[{"href":"https:\/\/mypalmleaf.com\/et\/wp-json\/wp\/v2\/product\/38758","targetHints":{"allow":["GET"]}}],"collection":[{"href":"https:\/\/mypalmleaf.com\/et\/wp-json\/wp\/v2\/product"}],"about":[{"href":"https:\/\/mypalmleaf.com\/et\/wp-json\/wp\/v2\/types\/product"}],"replies":[{"embeddable":true,"href":"https:\/\/mypalmleaf.com\/et\/wp-json\/wp\/v2\/comments?post=38758"}],"wp:featuredmedia":[{"embeddable":true,"href":"https:\/\/mypalmleaf.com\/et\/wp-json\/wp\/v2\/media\/3410"}],"wp:attachment":[{"href":"https:\/\/mypalmleaf.com\/et\/wp-json\/wp\/v2\/media?parent=38758"}],"wp:term":[{"taxonomy":"product_brand","embeddable":true,"href":"https:\/\/mypalmleaf.com\/et\/wp-json\/wp\/v2\/product_brand?post=38758"},{"taxonomy":"product_cat","embeddable":true,"href":"https:\/\/mypalmleaf.com\/et\/wp-json\/wp\/v2\/product_cat?post=38758"},{"taxonomy":"product_tag","embeddable":true,"href":"https:\/\/mypalmleaf.com\/et\/wp-json\/wp\/v2\/product_tag?post=38758"}],"curies":[{"name":"wp","href":"https:\/\/api.w.org\/{rel}","templated":true}]}}