
{"id":38830,"date":"2024-09-04T10:43:37","date_gmt":"2024-09-04T10:43:37","guid":{"rendered":"https:\/\/mypalmleaf.com\/prices\/broneerige-oma-kohtumine-umber\/"},"modified":"2025-04-30T08:59:46","modified_gmt":"2025-04-30T08:59:46","slug":"broneerige-oma-kohtumine-umber","status":"publish","type":"product","link":"https:\/\/mypalmleaf.com\/et\/prices\/broneerige-oma-kohtumine-umber\/","title":{"rendered":"Broneerige oma kohtumine \u00fcmber"},"content":{"rendered":"<p>Saad oma vastuv\u00f5tu aega tasuta \u00fcmber planeerida kuni 48 tundi enne etten\u00e4htud vastuv\u00f5tu aega.<\/p>\n<p>Kui plaanid oma vastuv\u00f5tu aega \u00fcmber v\u00e4hem kui 48 tundi enne vastuv\u00f5tu aega, ei ilmu kohale v\u00f5i hilined \u00fcle 20 minuti, siis tuleb tasuda \u00fcmberplaneerimise eest, kuna aeg on teie jaoks\u00a0blokeeritud.<\/p>\n","protected":false},"excerpt":{"rendered":"<p>Saad oma vastuv\u00f5tu aega tasuta \u00fcmber planeerida kuni 48 tundi enne etten\u00e4htud vastuv\u00f5tu aega&#8230;<\/p>\n","protected":false},"featured_media":10089,"comment_status":"open","ping_status":"closed","template":"","meta":{"_acf_changed":false},"product_brand":[],"product_cat":[358],"product_tag":[],"class_list":{"0":"post-38830","1":"product","2":"type-product","3":"status-publish","4":"has-post-thumbnail","6":"product_cat-mittekategoriseeritud","8":"first","9":"instock","10":"virtual","11":"taxable","12":"purchasable","13":"product-type-simple"},"exclude_global_add_ons":[],"addons":[],"acf":[],"yoast_head":"<!-- This site is optimized with the Yoast SEO plugin v26.4 - https:\/\/yoast.com\/wordpress\/plugins\/seo\/ -->\n<title>Broneerige oma kohtumine \u00fcmber - My Palm Leaf<\/title>\n<meta name=\"description\" content=\"Muuda oma kohtumine sujuvalt \u00fcmber ja j\u00e4tka oma vaimset r\u00e4nnakut. \u00dchendu taas palmilehe tarkusega ja s\u00fcvenda oma teekonda.\" \/>\n<meta name=\"robots\" content=\"index, follow, max-snippet:-1, max-image-preview:large, max-video-preview:-1\" \/>\n<link rel=\"canonical\" href=\"https:\/\/mypalmleaf.com\/et\/prices\/broneerige-oma-kohtumine-umber\/\" \/>\n<meta property=\"og:locale\" content=\"et_EE\" \/>\n<meta property=\"og:type\" content=\"article\" \/>\n<meta property=\"og:title\" content=\"Broneerige oma kohtumine \u00fcmber - My Palm Leaf\" \/>\n<meta property=\"og:description\" content=\"Muuda oma kohtumine sujuvalt \u00fcmber ja j\u00e4tka oma vaimset r\u00e4nnakut. \u00dchendu taas palmilehe tarkusega ja s\u00fcvenda oma teekonda.\" \/>\n<meta property=\"og:url\" content=\"https:\/\/mypalmleaf.com\/et\/prices\/broneerige-oma-kohtumine-umber\/\" \/>\n<meta property=\"og:site_name\" content=\"My Palm Leaf\" \/>\n<meta property=\"article:modified_time\" content=\"2025-04-30T08:59:46+00:00\" \/>\n<meta property=\"og:image\" content=\"https:\/\/mypalmleaf.com\/wp-content\/uploads\/2024\/09\/services-thumb-1-1-1.jpg\" \/>\n\t<meta property=\"og:image:width\" content=\"800\" \/>\n\t<meta property=\"og:image:height\" content=\"444\" \/>\n\t<meta property=\"og:image:type\" content=\"image\/jpeg\" \/>\n<meta name=\"twitter:card\" content=\"summary_large_image\" \/>\n<meta name=\"twitter:label1\" content=\"Est. reading time\" \/>\n\t<meta name=\"twitter:data1\" content=\"1 minut\" \/>\n<script type=\"application\/ld+json\" class=\"yoast-schema-graph\">{\"@context\":\"https:\/\/schema.org\",\"@graph\":[{\"@type\":\"WebPage\",\"@id\":\"https:\/\/mypalmleaf.com\/et\/prices\/broneerige-oma-kohtumine-umber\/\",\"url\":\"https:\/\/mypalmleaf.com\/et\/prices\/broneerige-oma-kohtumine-umber\/\",\"name\":\"Broneerige oma kohtumine \u00fcmber - My Palm Leaf\",\"isPartOf\":{\"@id\":\"https:\/\/mypalmleaf.com\/#website\"},\"primaryImageOfPage\":{\"@id\":\"https:\/\/mypalmleaf.com\/et\/prices\/broneerige-oma-kohtumine-umber\/#primaryimage\"},\"image\":{\"@id\":\"https:\/\/mypalmleaf.com\/et\/prices\/broneerige-oma-kohtumine-umber\/#primaryimage\"},\"thumbnailUrl\":\"https:\/\/mypalmleaf.com\/wp-content\/uploads\/2024\/09\/services-thumb-1-1-1.jpg\",\"datePublished\":\"2024-09-04T10:43:37+00:00\",\"dateModified\":\"2025-04-30T08:59:46+00:00\",\"description\":\"Muuda oma kohtumine sujuvalt \u00fcmber ja j\u00e4tka oma vaimset r\u00e4nnakut. \u00dchendu taas palmilehe tarkusega ja s\u00fcvenda oma teekonda.\",\"breadcrumb\":{\"@id\":\"https:\/\/mypalmleaf.com\/et\/prices\/broneerige-oma-kohtumine-umber\/#breadcrumb\"},\"inLanguage\":\"et\",\"potentialAction\":[{\"@type\":\"ReadAction\",\"target\":[\"https:\/\/mypalmleaf.com\/et\/prices\/broneerige-oma-kohtumine-umber\/\"]}]},{\"@type\":\"ImageObject\",\"inLanguage\":\"et\",\"@id\":\"https:\/\/mypalmleaf.com\/et\/prices\/broneerige-oma-kohtumine-umber\/#primaryimage\",\"url\":\"https:\/\/mypalmleaf.com\/wp-content\/uploads\/2024\/09\/services-thumb-1-1-1.jpg\",\"contentUrl\":\"https:\/\/mypalmleaf.com\/wp-content\/uploads\/2024\/09\/services-thumb-1-1-1.jpg\",\"width\":800,\"height\":444,\"caption\":\"Nadi astrology-01\"},{\"@type\":\"BreadcrumbList\",\"@id\":\"https:\/\/mypalmleaf.com\/et\/prices\/broneerige-oma-kohtumine-umber\/#breadcrumb\",\"itemListElement\":[{\"@type\":\"ListItem\",\"position\":1,\"name\":\"Home\",\"item\":\"https:\/\/mypalmleaf.com\/et\/\"},{\"@type\":\"ListItem\",\"position\":2,\"name\":\"Shop\",\"item\":\"https:\/\/mypalmleaf.com\/et\/shop\/\"},{\"@type\":\"ListItem\",\"position\":3,\"name\":\"Broneerige oma kohtumine \u00fcmber\"}]},{\"@type\":\"WebSite\",\"@id\":\"https:\/\/mypalmleaf.com\/#website\",\"url\":\"https:\/\/mypalmleaf.com\/\",\"name\":\"My Palm Leaf\",\"description\":\"\",\"potentialAction\":[{\"@type\":\"SearchAction\",\"target\":{\"@type\":\"EntryPoint\",\"urlTemplate\":\"https:\/\/mypalmleaf.com\/?s={search_term_string}\"},\"query-input\":{\"@type\":\"PropertyValueSpecification\",\"valueRequired\":true,\"valueName\":\"search_term_string\"}}],\"inLanguage\":\"et\"}]}<\/script>\n<!-- \/ Yoast SEO plugin. -->","yoast_head_json":{"title":"Broneerige oma kohtumine \u00fcmber - My Palm Leaf","description":"Muuda oma kohtumine sujuvalt \u00fcmber ja j\u00e4tka oma vaimset r\u00e4nnakut. \u00dchendu taas palmilehe tarkusega ja s\u00fcvenda oma teekonda.","robots":{"index":"index","follow":"follow","max-snippet":"max-snippet:-1","max-image-preview":"max-image-preview:large","max-video-preview":"max-video-preview:-1"},"canonical":"https:\/\/mypalmleaf.com\/et\/prices\/broneerige-oma-kohtumine-umber\/","og_locale":"et_EE","og_type":"article","og_title":"Broneerige oma kohtumine \u00fcmber - My Palm Leaf","og_description":"Muuda oma kohtumine sujuvalt \u00fcmber ja j\u00e4tka oma vaimset r\u00e4nnakut. \u00dchendu taas palmilehe tarkusega ja s\u00fcvenda oma teekonda.","og_url":"https:\/\/mypalmleaf.com\/et\/prices\/broneerige-oma-kohtumine-umber\/","og_site_name":"My Palm Leaf","article_modified_time":"2025-04-30T08:59:46+00:00","og_image":[{"width":800,"height":444,"url":"https:\/\/mypalmleaf.com\/wp-content\/uploads\/2024\/09\/services-thumb-1-1-1.jpg","type":"image\/jpeg"}],"twitter_card":"summary_large_image","twitter_misc":{"Est. reading time":"1 minut"},"schema":{"@context":"https:\/\/schema.org","@graph":[{"@type":"WebPage","@id":"https:\/\/mypalmleaf.com\/et\/prices\/broneerige-oma-kohtumine-umber\/","url":"https:\/\/mypalmleaf.com\/et\/prices\/broneerige-oma-kohtumine-umber\/","name":"Broneerige oma kohtumine \u00fcmber - My Palm Leaf","isPartOf":{"@id":"https:\/\/mypalmleaf.com\/#website"},"primaryImageOfPage":{"@id":"https:\/\/mypalmleaf.com\/et\/prices\/broneerige-oma-kohtumine-umber\/#primaryimage"},"image":{"@id":"https:\/\/mypalmleaf.com\/et\/prices\/broneerige-oma-kohtumine-umber\/#primaryimage"},"thumbnailUrl":"https:\/\/mypalmleaf.com\/wp-content\/uploads\/2024\/09\/services-thumb-1-1-1.jpg","datePublished":"2024-09-04T10:43:37+00:00","dateModified":"2025-04-30T08:59:46+00:00","description":"Muuda oma kohtumine sujuvalt \u00fcmber ja j\u00e4tka oma vaimset r\u00e4nnakut. \u00dchendu taas palmilehe tarkusega ja s\u00fcvenda oma teekonda.","breadcrumb":{"@id":"https:\/\/mypalmleaf.com\/et\/prices\/broneerige-oma-kohtumine-umber\/#breadcrumb"},"inLanguage":"et","potentialAction":[{"@type":"ReadAction","target":["https:\/\/mypalmleaf.com\/et\/prices\/broneerige-oma-kohtumine-umber\/"]}]},{"@type":"ImageObject","inLanguage":"et","@id":"https:\/\/mypalmleaf.com\/et\/prices\/broneerige-oma-kohtumine-umber\/#primaryimage","url":"https:\/\/mypalmleaf.com\/wp-content\/uploads\/2024\/09\/services-thumb-1-1-1.jpg","contentUrl":"https:\/\/mypalmleaf.com\/wp-content\/uploads\/2024\/09\/services-thumb-1-1-1.jpg","width":800,"height":444,"caption":"Nadi astrology-01"},{"@type":"BreadcrumbList","@id":"https:\/\/mypalmleaf.com\/et\/prices\/broneerige-oma-kohtumine-umber\/#breadcrumb","itemListElement":[{"@type":"ListItem","position":1,"name":"Home","item":"https:\/\/mypalmleaf.com\/et\/"},{"@type":"ListItem","position":2,"name":"Shop","item":"https:\/\/mypalmleaf.com\/et\/shop\/"},{"@type":"ListItem","position":3,"name":"Broneerige oma kohtumine \u00fcmber"}]},{"@type":"WebSite","@id":"https:\/\/mypalmleaf.com\/#website","url":"https:\/\/mypalmleaf.com\/","name":"My Palm Leaf","description":"","potentialAction":[{"@type":"SearchAction","target":{"@type":"EntryPoint","urlTemplate":"https:\/\/mypalmleaf.com\/?s={search_term_string}"},"query-input":{"@type":"PropertyValueSpecification","valueRequired":true,"valueName":"search_term_string"}}],"inLanguage":"et"}]}},"_links":{"self":[{"href":"https:\/\/mypalmleaf.com\/et\/wp-json\/wp\/v2\/product\/38830","targetHints":{"allow":["GET"]}}],"collection":[{"href":"https:\/\/mypalmleaf.com\/et\/wp-json\/wp\/v2\/product"}],"about":[{"href":"https:\/\/mypalmleaf.com\/et\/wp-json\/wp\/v2\/types\/product"}],"replies":[{"embeddable":true,"href":"https:\/\/mypalmleaf.com\/et\/wp-json\/wp\/v2\/comments?post=38830"}],"wp:featuredmedia":[{"embeddable":true,"href":"https:\/\/mypalmleaf.com\/et\/wp-json\/wp\/v2\/media\/10089"}],"wp:attachment":[{"href":"https:\/\/mypalmleaf.com\/et\/wp-json\/wp\/v2\/media?parent=38830"}],"wp:term":[{"taxonomy":"product_brand","embeddable":true,"href":"https:\/\/mypalmleaf.com\/et\/wp-json\/wp\/v2\/product_brand?post=38830"},{"taxonomy":"product_cat","embeddable":true,"href":"https:\/\/mypalmleaf.com\/et\/wp-json\/wp\/v2\/product_cat?post=38830"},{"taxonomy":"product_tag","embeddable":true,"href":"https:\/\/mypalmleaf.com\/et\/wp-json\/wp\/v2\/product_tag?post=38830"}],"curies":[{"name":"wp","href":"https:\/\/api.w.org\/{rel}","templated":true}]}}