{"id":38842,"date":"2024-09-04T10:44:34","date_gmt":"2024-09-04T10:44:34","guid":{"rendered":"https:\/\/mypalmleaf.com\/prices\/malad-kasitsi-valmistatud-palvehelmed\/"},"modified":"2025-04-30T09:03:17","modified_gmt":"2025-04-30T09:03:17","slug":"malad-kasitsi-valmistatud-palvehelmed","status":"publish","type":"product","link":"https:\/\/mypalmleaf.com\/et\/prices\/malad-kasitsi-valmistatud-palvehelmed\/","title":{"rendered":"Malad &#8211; k\u00e4sitsi valmistatud palvehelmed"},"content":{"rendered":"<p>Mala ehk palvehelm on v\u00f5imas vahend mantrapraktikas, mis aitab teil s\u00e4ilitada keskendumist ja s\u00fcvendada meditatsiooni. Iga Mala on l\u00e4bi imbunud teie praktika energiast, olles teie vaimne kaaslane teie teekonnal. Pakume kahte unikaalset varianti, millest iga\u00fcks on valmistatud hoolikalt ja eesm\u00e4rgip\u00e4raselt:<\/p>\n<ul>\n<li><strong>Rudraksha Mala Himaalajast<\/strong><br \/>\nSee traditsiooniline Mala on valmistatud p\u00fchadest Rudraksha seemnetest, mida austatakse nende vaimse t\u00e4htsuse ja Shiva seotuse p\u00e4rast. Need helmed, mis on tuntud oma v\u00f5ime poolest toetada s\u00fcgavat meditatsiooni, on hoolikalt hangitud Himaalaja piirkonnast ja arvatakse, et need suurendavad vaimset kasvu ja kaitset. Teie Rudraksha Mala saadetakse teile koju, kandes selle p\u00e4ritolu p\u00fcha energiat.<\/li>\n<li><strong>Meie kunstniku Spanda poolt k\u00e4sitsi valmistatud Mala<\/strong><br \/>\nKui soovid isikup\u00e4rasemat kogemust, vali meie Mala kunstniku Spanda poolt valmistatud k\u00f5rgekvaliteediline, k\u00e4sitsi valmistatud Mala. Enne kui ta alustab teie Mala loomist, peab Spanda teiega videok\u00f5ne, et arutada teie kavatsusi, energiaid, mida soovite oma ellu kutsuda, ja teie eelistusi poolv\u00e4\u00e4riskivide osas. Seej\u00e4rel valmistab ta Mala k\u00e4sitsi spetsiaalselt teie jaoks, lisades sellele \u00f5nnistusi ja vaimset energiat, enne kui ta selle teile saadab. See kohandatud Mala on midagi enamat kui meditatsioonivahend; see on teie isikliku vaimse teekonna peegeldus.<\/li>\n<\/ul>\n","protected":false},"excerpt":{"rendered":"<p>Mala ehk palvehelm on v\u00f5imas vahend mantrapraktikas, mis aitab teil s\u00e4ilitada keskendumist ja s\u00fcvendada meditatsiooni.<\/p>\n","protected":false},"featured_media":4180,"comment_status":"open","ping_status":"closed","template":"","meta":{"_acf_changed":false},"product_brand":[],"product_cat":[358],"product_tag":[],"class_list":{"0":"post-38842","1":"product","2":"type-product","3":"status-publish","4":"has-post-thumbnail","6":"product_cat-mittekategoriseeritud","7":"product_shipping_class-fuusiline-toode","9":"first","10":"instock","11":"taxable","12":"shipping-taxable","13":"purchasable","14":"product-type-variable"},"exclude_global_add_ons":[],"addons":[],"acf":[],"yoast_head":"<!-- This site is optimized with the Yoast SEO plugin v26.4 - https:\/\/yoast.com\/wordpress\/plugins\/seo\/ -->\n<title>Malad - k\u00e4sitsi valmistatud palvehelmed - My Palm Leaf<\/title>\n<meta name=\"description\" content=\"Tunneta k\u00e4sitsi valmistatud palvehelmeste v\u00e4ge \u2013 need toetavad meditatsiooni, vaimset keskendumist ja s\u00fcgavamat \u00fchendust jumalike energiatega.\" \/>\n<meta name=\"robots\" content=\"index, follow, max-snippet:-1, max-image-preview:large, max-video-preview:-1\" \/>\n<link rel=\"canonical\" href=\"https:\/\/mypalmleaf.com\/et\/prices\/malad-kasitsi-valmistatud-palvehelmed\/\" \/>\n<meta property=\"og:locale\" content=\"et_EE\" \/>\n<meta property=\"og:type\" content=\"article\" \/>\n<meta property=\"og:title\" content=\"Malad - k\u00e4sitsi valmistatud palvehelmed - My Palm Leaf\" \/>\n<meta property=\"og:description\" content=\"Tunneta k\u00e4sitsi valmistatud palvehelmeste v\u00e4ge \u2013 need toetavad meditatsiooni, vaimset keskendumist ja s\u00fcgavamat \u00fchendust jumalike energiatega.\" \/>\n<meta property=\"og:url\" content=\"https:\/\/mypalmleaf.com\/et\/prices\/malad-kasitsi-valmistatud-palvehelmed\/\" \/>\n<meta property=\"og:site_name\" content=\"My Palm Leaf\" \/>\n<meta property=\"article:modified_time\" content=\"2025-04-30T09:03:17+00:00\" \/>\n<meta property=\"og:image\" content=\"https:\/\/mypalmleaf.com\/wp-content\/uploads\/2024\/09\/mala.jpg\" \/>\n\t<meta property=\"og:image:width\" content=\"1280\" \/>\n\t<meta property=\"og:image:height\" content=\"720\" \/>\n\t<meta property=\"og:image:type\" content=\"image\/jpeg\" \/>\n<meta name=\"twitter:card\" content=\"summary_large_image\" \/>\n<meta name=\"twitter:label1\" content=\"Est. reading time\" \/>\n\t<meta name=\"twitter:data1\" content=\"1 minut\" \/>\n<script type=\"application\/ld+json\" class=\"yoast-schema-graph\">{\"@context\":\"https:\/\/schema.org\",\"@graph\":[{\"@type\":\"WebPage\",\"@id\":\"https:\/\/mypalmleaf.com\/et\/prices\/malad-kasitsi-valmistatud-palvehelmed\/\",\"url\":\"https:\/\/mypalmleaf.com\/et\/prices\/malad-kasitsi-valmistatud-palvehelmed\/\",\"name\":\"Malad - k\u00e4sitsi valmistatud palvehelmed - My Palm Leaf\",\"isPartOf\":{\"@id\":\"https:\/\/mypalmleaf.com\/#website\"},\"primaryImageOfPage\":{\"@id\":\"https:\/\/mypalmleaf.com\/et\/prices\/malad-kasitsi-valmistatud-palvehelmed\/#primaryimage\"},\"image\":{\"@id\":\"https:\/\/mypalmleaf.com\/et\/prices\/malad-kasitsi-valmistatud-palvehelmed\/#primaryimage\"},\"thumbnailUrl\":\"https:\/\/mypalmleaf.com\/wp-content\/uploads\/2024\/09\/mala.jpg\",\"datePublished\":\"2024-09-04T10:44:34+00:00\",\"dateModified\":\"2025-04-30T09:03:17+00:00\",\"description\":\"Tunneta k\u00e4sitsi valmistatud palvehelmeste v\u00e4ge \u2013 need toetavad meditatsiooni, vaimset keskendumist ja s\u00fcgavamat \u00fchendust jumalike energiatega.\",\"breadcrumb\":{\"@id\":\"https:\/\/mypalmleaf.com\/et\/prices\/malad-kasitsi-valmistatud-palvehelmed\/#breadcrumb\"},\"inLanguage\":\"et\",\"potentialAction\":[{\"@type\":\"ReadAction\",\"target\":[\"https:\/\/mypalmleaf.com\/et\/prices\/malad-kasitsi-valmistatud-palvehelmed\/\"]}]},{\"@type\":\"ImageObject\",\"inLanguage\":\"et\",\"@id\":\"https:\/\/mypalmleaf.com\/et\/prices\/malad-kasitsi-valmistatud-palvehelmed\/#primaryimage\",\"url\":\"https:\/\/mypalmleaf.com\/wp-content\/uploads\/2024\/09\/mala.jpg\",\"contentUrl\":\"https:\/\/mypalmleaf.com\/wp-content\/uploads\/2024\/09\/mala.jpg\",\"width\":1280,\"height\":720,\"caption\":\"mala\"},{\"@type\":\"BreadcrumbList\",\"@id\":\"https:\/\/mypalmleaf.com\/et\/prices\/malad-kasitsi-valmistatud-palvehelmed\/#breadcrumb\",\"itemListElement\":[{\"@type\":\"ListItem\",\"position\":1,\"name\":\"Home\",\"item\":\"https:\/\/mypalmleaf.com\/et\/\"},{\"@type\":\"ListItem\",\"position\":2,\"name\":\"Shop\",\"item\":\"https:\/\/mypalmleaf.com\/et\/shop\/\"},{\"@type\":\"ListItem\",\"position\":3,\"name\":\"Malad &#8211; k\u00e4sitsi valmistatud palvehelmed\"}]},{\"@type\":\"WebSite\",\"@id\":\"https:\/\/mypalmleaf.com\/#website\",\"url\":\"https:\/\/mypalmleaf.com\/\",\"name\":\"My Palm Leaf\",\"description\":\"\",\"potentialAction\":[{\"@type\":\"SearchAction\",\"target\":{\"@type\":\"EntryPoint\",\"urlTemplate\":\"https:\/\/mypalmleaf.com\/?s={search_term_string}\"},\"query-input\":{\"@type\":\"PropertyValueSpecification\",\"valueRequired\":true,\"valueName\":\"search_term_string\"}}],\"inLanguage\":\"et\"}]}<\/script>\n<!-- \/ Yoast SEO plugin. -->","yoast_head_json":{"title":"Malad - k\u00e4sitsi valmistatud palvehelmed - My Palm Leaf","description":"Tunneta k\u00e4sitsi valmistatud palvehelmeste v\u00e4ge \u2013 need toetavad meditatsiooni, vaimset keskendumist ja s\u00fcgavamat \u00fchendust jumalike energiatega.","robots":{"index":"index","follow":"follow","max-snippet":"max-snippet:-1","max-image-preview":"max-image-preview:large","max-video-preview":"max-video-preview:-1"},"canonical":"https:\/\/mypalmleaf.com\/et\/prices\/malad-kasitsi-valmistatud-palvehelmed\/","og_locale":"et_EE","og_type":"article","og_title":"Malad - k\u00e4sitsi valmistatud palvehelmed - My Palm Leaf","og_description":"Tunneta k\u00e4sitsi valmistatud palvehelmeste v\u00e4ge \u2013 need toetavad meditatsiooni, vaimset keskendumist ja s\u00fcgavamat \u00fchendust jumalike energiatega.","og_url":"https:\/\/mypalmleaf.com\/et\/prices\/malad-kasitsi-valmistatud-palvehelmed\/","og_site_name":"My Palm Leaf","article_modified_time":"2025-04-30T09:03:17+00:00","og_image":[{"width":1280,"height":720,"url":"https:\/\/mypalmleaf.com\/wp-content\/uploads\/2024\/09\/mala.jpg","type":"image\/jpeg"}],"twitter_card":"summary_large_image","twitter_misc":{"Est. reading time":"1 minut"},"schema":{"@context":"https:\/\/schema.org","@graph":[{"@type":"WebPage","@id":"https:\/\/mypalmleaf.com\/et\/prices\/malad-kasitsi-valmistatud-palvehelmed\/","url":"https:\/\/mypalmleaf.com\/et\/prices\/malad-kasitsi-valmistatud-palvehelmed\/","name":"Malad - k\u00e4sitsi valmistatud palvehelmed - My Palm Leaf","isPartOf":{"@id":"https:\/\/mypalmleaf.com\/#website"},"primaryImageOfPage":{"@id":"https:\/\/mypalmleaf.com\/et\/prices\/malad-kasitsi-valmistatud-palvehelmed\/#primaryimage"},"image":{"@id":"https:\/\/mypalmleaf.com\/et\/prices\/malad-kasitsi-valmistatud-palvehelmed\/#primaryimage"},"thumbnailUrl":"https:\/\/mypalmleaf.com\/wp-content\/uploads\/2024\/09\/mala.jpg","datePublished":"2024-09-04T10:44:34+00:00","dateModified":"2025-04-30T09:03:17+00:00","description":"Tunneta k\u00e4sitsi valmistatud palvehelmeste v\u00e4ge \u2013 need toetavad meditatsiooni, vaimset keskendumist ja s\u00fcgavamat \u00fchendust jumalike energiatega.","breadcrumb":{"@id":"https:\/\/mypalmleaf.com\/et\/prices\/malad-kasitsi-valmistatud-palvehelmed\/#breadcrumb"},"inLanguage":"et","potentialAction":[{"@type":"ReadAction","target":["https:\/\/mypalmleaf.com\/et\/prices\/malad-kasitsi-valmistatud-palvehelmed\/"]}]},{"@type":"ImageObject","inLanguage":"et","@id":"https:\/\/mypalmleaf.com\/et\/prices\/malad-kasitsi-valmistatud-palvehelmed\/#primaryimage","url":"https:\/\/mypalmleaf.com\/wp-content\/uploads\/2024\/09\/mala.jpg","contentUrl":"https:\/\/mypalmleaf.com\/wp-content\/uploads\/2024\/09\/mala.jpg","width":1280,"height":720,"caption":"mala"},{"@type":"BreadcrumbList","@id":"https:\/\/mypalmleaf.com\/et\/prices\/malad-kasitsi-valmistatud-palvehelmed\/#breadcrumb","itemListElement":[{"@type":"ListItem","position":1,"name":"Home","item":"https:\/\/mypalmleaf.com\/et\/"},{"@type":"ListItem","position":2,"name":"Shop","item":"https:\/\/mypalmleaf.com\/et\/shop\/"},{"@type":"ListItem","position":3,"name":"Malad &#8211; k\u00e4sitsi valmistatud palvehelmed"}]},{"@type":"WebSite","@id":"https:\/\/mypalmleaf.com\/#website","url":"https:\/\/mypalmleaf.com\/","name":"My Palm Leaf","description":"","potentialAction":[{"@type":"SearchAction","target":{"@type":"EntryPoint","urlTemplate":"https:\/\/mypalmleaf.com\/?s={search_term_string}"},"query-input":{"@type":"PropertyValueSpecification","valueRequired":true,"valueName":"search_term_string"}}],"inLanguage":"et"}]}},"_links":{"self":[{"href":"https:\/\/mypalmleaf.com\/et\/wp-json\/wp\/v2\/product\/38842","targetHints":{"allow":["GET"]}}],"collection":[{"href":"https:\/\/mypalmleaf.com\/et\/wp-json\/wp\/v2\/product"}],"about":[{"href":"https:\/\/mypalmleaf.com\/et\/wp-json\/wp\/v2\/types\/product"}],"replies":[{"embeddable":true,"href":"https:\/\/mypalmleaf.com\/et\/wp-json\/wp\/v2\/comments?post=38842"}],"wp:featuredmedia":[{"embeddable":true,"href":"https:\/\/mypalmleaf.com\/et\/wp-json\/wp\/v2\/media\/4180"}],"wp:attachment":[{"href":"https:\/\/mypalmleaf.com\/et\/wp-json\/wp\/v2\/media?parent=38842"}],"wp:term":[{"taxonomy":"product_brand","embeddable":true,"href":"https:\/\/mypalmleaf.com\/et\/wp-json\/wp\/v2\/product_brand?post=38842"},{"taxonomy":"product_cat","embeddable":true,"href":"https:\/\/mypalmleaf.com\/et\/wp-json\/wp\/v2\/product_cat?post=38842"},{"taxonomy":"product_tag","embeddable":true,"href":"https:\/\/mypalmleaf.com\/et\/wp-json\/wp\/v2\/product_tag?post=38842"}],"curies":[{"name":"wp","href":"https:\/\/api.w.org\/{rel}","templated":true}]}}