
{"id":38912,"date":"2024-09-04T10:46:48","date_gmt":"2024-09-04T10:46:48","guid":{"rendered":"https:\/\/mypalmleaf.com\/prices\/laske-oma-peopesalehte-lugeda-ja-teha-kokkuvote\/"},"modified":"2025-04-24T11:10:52","modified_gmt":"2025-04-24T11:10:52","slug":"laske-oma-peopesalehte-lugeda-ja-teha-kokkuvote","status":"publish","type":"product","link":"https:\/\/mypalmleaf.com\/et\/prices\/laske-oma-peopesalehte-lugeda-ja-teha-kokkuvote\/","title":{"rendered":"Laske oma peopesalehte lugeda ja teha kokkuv\u00f5te."},"content":{"rendered":"<p>Me transkribeerime, redigeerime ja v\u00f5tame kokku Sinu palmilehe lugemise ning paneme selle kokki kergesti loetavaks, h\u00e4sti struktureeritud tekstiks.<\/p>\n<p>See on v\u00e4ga kasulik, et integreerida lugemist ja otsida selle sisu ilma kogu salvestust uuesti kuulamata.<\/p>\n<p>See sisaldab ka t\u00e4iendavaid selgitusi.<\/p>\n<p>Seda teenust EI OLE v\u00f5imalik broneerida, ilma et Sinul oleks eelnevalt palmilehte loetud.<\/p>\n<p>Palun vali allpool, kas soovid, et Sinu \u00fcldpeat\u00fckkide lugemine v\u00f5i t\u00e4iendavate peat\u00fckkide lugemine \u00fcmberkirjutatakse.<\/p>\n","protected":false},"excerpt":{"rendered":"<p>Me transkribeerime, redigeerime ja v\u00f5tame kokku Sinu palmilehe lugemise ning paneme selle kokki kergesti loetavaks, h\u00e4sti struktureeritud tekstiks.<br \/>\nSee on v\u00e4ga kasulik, et integreerida lugemist&#8230;<\/p>\n","protected":false},"featured_media":9960,"comment_status":"open","ping_status":"closed","template":"","meta":{"_acf_changed":false},"product_brand":[],"product_cat":[358],"product_tag":[],"class_list":{"0":"post-38912","1":"product","2":"type-product","3":"status-publish","4":"has-post-thumbnail","6":"product_cat-mittekategoriseeritud","8":"first","9":"instock","10":"virtual","11":"taxable","12":"purchasable","13":"product-type-simple"},"exclude_global_add_ons":false,"addons":[{"name":"\u00dcldine peat\u00fckk","type":"checkbox","position":0,"required":false,"title_format":"label","description_enable":true,"description":"General Chapter","placeholder_enable":false,"placeholder":"","display":"select","restrictions_type":"any_text","adjust_price":false,"price":"","price_type":"flat_fee","restrictions":false,"min":0,"max":0,"options":[{"label":"Inglise keeles","price":"59","price_type":"flat_fee","image":0},{"label":"Saksa","price":"99","price_type":"flat_fee","image":0},{"label":"Jaapani","price":"99","price_type":"flat_fee","image":0},{"label":"Itaalia","price":"99","price_type":"flat_fee","image":0},{"label":"Vene","price":"99","price_type":"flat_fee","image":0},{"label":"Prantsuse","price":"99","price_type":"flat_fee","image":0},{"label":"Hispaania","price":"99","price_type":"flat_fee","image":0}],"id":1731263144},{"name":"T\u00e4iendavad peat\u00fckid","type":"checkbox","position":1,"required":false,"title_format":"label","description_enable":true,"description":"Additional Chapters","placeholder_enable":false,"placeholder":"","display":"select","restrictions_type":"any_text","adjust_price":false,"price":"","price_type":"flat_fee","restrictions":false,"min":0,"max":0,"options":[{"label":"Inglise keeles","price":"18","price_type":"flat_fee","image":0},{"label":"Saksa","price":"27","price_type":"flat_fee","image":0},{"label":"Jaapani","price":"27","price_type":"flat_fee","image":0},{"label":"Itaalia","price":"27","price_type":"flat_fee","image":0},{"label":"Vene","price":"27","price_type":"flat_fee","image":0},{"label":"Prantsuse","price":"27","price_type":"flat_fee","image":0},{"label":"Hispaania","price":"27","price_type":"flat_fee","image":0}],"id":1731263145},{"name":"Peat\u00fckkide arv","type":"checkbox","position":2,"required":false,"title_format":"label","description_enable":true,"description":"No of Chapters","placeholder_enable":false,"placeholder":"","display":"select","restrictions_type":"any_text","adjust_price":false,"price":"","price_type":"flat_fee","restrictions":false,"min":0,"max":0,"options":[{"label":"1","price":"","price_type":"flat_fee","image":0},{"label":"2","price":"","price_type":"flat_fee","image":0},{"label":"3","price":"","price_type":"flat_fee","image":0},{"label":"4","price":"","price_type":"flat_fee","image":0},{"label":"5","price":"","price_type":"flat_fee","image":0},{"label":"6","price":"","price_type":"flat_fee","image":0},{"label":"7","price":"","price_type":"flat_fee","image":0},{"label":"8","price":"","price_type":"flat_fee","image":0},{"label":"9","price":"","price_type":"flat_fee","image":0},{"label":"10","price":"","price_type":"flat_fee","image":0},{"label":"11","price":"","price_type":"flat_fee","image":0},{"label":"12","price":"","price_type":"flat_fee","image":0},{"label":"13","price":"","price_type":"flat_fee","image":0},{"label":"14","price":"","price_type":"flat_fee","image":0},{"label":"15","price":"","price_type":"flat_fee","image":0}],"id":1731263146}],"acf":[],"yoast_head":"<!-- This site is optimized with the Yoast SEO plugin v26.4 - https:\/\/yoast.com\/wordpress\/plugins\/seo\/ -->\n<title>Laske oma peopesalehte lugeda ja teha kokkuv\u00f5te. - My Palm Leaf<\/title>\n<meta name=\"description\" content=\"Laske oma peopesalehte lugeda ja teha kokkuv\u00f5te, et saada s\u00fcgavam arusaam oma elu eesm\u00e4rgist ning juhiseid edasiseks. Avage tarkuse ja eneseavastuse uksed.\" \/>\n<meta name=\"robots\" content=\"index, follow, max-snippet:-1, max-image-preview:large, max-video-preview:-1\" \/>\n<link rel=\"canonical\" href=\"https:\/\/mypalmleaf.com\/prices\/get-your-palm-leaf-reading-transcribed-and-summarised\/\" \/>\n<meta property=\"og:locale\" content=\"et_EE\" \/>\n<meta property=\"og:type\" content=\"article\" \/>\n<meta property=\"og:title\" content=\"Laske oma peopesalehte lugeda ja teha kokkuv\u00f5te. - My Palm Leaf\" \/>\n<meta property=\"og:description\" content=\"Laske oma peopesalehte lugeda ja teha kokkuv\u00f5te, et saada s\u00fcgavam arusaam oma elu eesm\u00e4rgist ning juhiseid edasiseks. Avage tarkuse ja eneseavastuse uksed.\" \/>\n<meta property=\"og:url\" content=\"https:\/\/mypalmleaf.com\/prices\/get-your-palm-leaf-reading-transcribed-and-summarised\/\" \/>\n<meta property=\"og:site_name\" content=\"My Palm Leaf\" \/>\n<meta property=\"article:modified_time\" content=\"2025-04-24T11:10:52+00:00\" \/>\n<meta property=\"og:image\" content=\"https:\/\/mypalmleaf.com\/wp-content\/uploads\/2024\/09\/mantra-product-page-4-1.jpg\" \/>\n\t<meta property=\"og:image:width\" content=\"800\" \/>\n\t<meta property=\"og:image:height\" content=\"444\" \/>\n\t<meta property=\"og:image:type\" content=\"image\/jpeg\" \/>\n<meta name=\"twitter:card\" content=\"summary_large_image\" \/>\n<meta name=\"twitter:label1\" content=\"Est. reading time\" \/>\n\t<meta name=\"twitter:data1\" content=\"1 minut\" \/>\n<script type=\"application\/ld+json\" class=\"yoast-schema-graph\">{\"@context\":\"https:\/\/schema.org\",\"@graph\":[{\"@type\":\"WebPage\",\"@id\":\"https:\/\/mypalmleaf.com\/prices\/get-your-palm-leaf-reading-transcribed-and-summarised\/\",\"url\":\"https:\/\/mypalmleaf.com\/prices\/get-your-palm-leaf-reading-transcribed-and-summarised\/\",\"name\":\"Laske oma peopesalehte lugeda ja teha kokkuv\u00f5te. - My Palm Leaf\",\"isPartOf\":{\"@id\":\"https:\/\/mypalmleaf.com\/#website\"},\"primaryImageOfPage\":{\"@id\":\"https:\/\/mypalmleaf.com\/prices\/get-your-palm-leaf-reading-transcribed-and-summarised\/#primaryimage\"},\"image\":{\"@id\":\"https:\/\/mypalmleaf.com\/prices\/get-your-palm-leaf-reading-transcribed-and-summarised\/#primaryimage\"},\"thumbnailUrl\":\"https:\/\/mypalmleaf.com\/wp-content\/uploads\/2024\/09\/mantra-product-page-4-1.jpg\",\"datePublished\":\"2024-09-04T10:46:48+00:00\",\"dateModified\":\"2025-04-24T11:10:52+00:00\",\"description\":\"Laske oma peopesalehte lugeda ja teha kokkuv\u00f5te, et saada s\u00fcgavam arusaam oma elu eesm\u00e4rgist ning juhiseid edasiseks. Avage tarkuse ja eneseavastuse uksed.\",\"breadcrumb\":{\"@id\":\"https:\/\/mypalmleaf.com\/prices\/get-your-palm-leaf-reading-transcribed-and-summarised\/#breadcrumb\"},\"inLanguage\":\"et\",\"potentialAction\":[{\"@type\":\"ReadAction\",\"target\":[\"https:\/\/mypalmleaf.com\/prices\/get-your-palm-leaf-reading-transcribed-and-summarised\/\"]}]},{\"@type\":\"ImageObject\",\"inLanguage\":\"et\",\"@id\":\"https:\/\/mypalmleaf.com\/prices\/get-your-palm-leaf-reading-transcribed-and-summarised\/#primaryimage\",\"url\":\"https:\/\/mypalmleaf.com\/wp-content\/uploads\/2024\/09\/mantra-product-page-4-1.jpg\",\"contentUrl\":\"https:\/\/mypalmleaf.com\/wp-content\/uploads\/2024\/09\/mantra-product-page-4-1.jpg\",\"width\":800,\"height\":444,\"caption\":\"Envelope\"},{\"@type\":\"BreadcrumbList\",\"@id\":\"https:\/\/mypalmleaf.com\/prices\/get-your-palm-leaf-reading-transcribed-and-summarised\/#breadcrumb\",\"itemListElement\":[{\"@type\":\"ListItem\",\"position\":1,\"name\":\"Home\",\"item\":\"https:\/\/mypalmleaf.com\/et\/\"},{\"@type\":\"ListItem\",\"position\":2,\"name\":\"Shop\",\"item\":\"https:\/\/mypalmleaf.com\/et\/shop\/\"},{\"@type\":\"ListItem\",\"position\":3,\"name\":\"Laske oma peopesalehte lugeda ja teha kokkuv\u00f5te.\"}]},{\"@type\":\"WebSite\",\"@id\":\"https:\/\/mypalmleaf.com\/#website\",\"url\":\"https:\/\/mypalmleaf.com\/\",\"name\":\"My Palm Leaf\",\"description\":\"\",\"potentialAction\":[{\"@type\":\"SearchAction\",\"target\":{\"@type\":\"EntryPoint\",\"urlTemplate\":\"https:\/\/mypalmleaf.com\/?s={search_term_string}\"},\"query-input\":{\"@type\":\"PropertyValueSpecification\",\"valueRequired\":true,\"valueName\":\"search_term_string\"}}],\"inLanguage\":\"et\"}]}<\/script>\n<!-- \/ Yoast SEO plugin. -->","yoast_head_json":{"title":"Laske oma peopesalehte lugeda ja teha kokkuv\u00f5te. - My Palm Leaf","description":"Laske oma peopesalehte lugeda ja teha kokkuv\u00f5te, et saada s\u00fcgavam arusaam oma elu eesm\u00e4rgist ning juhiseid edasiseks. Avage tarkuse ja eneseavastuse uksed.","robots":{"index":"index","follow":"follow","max-snippet":"max-snippet:-1","max-image-preview":"max-image-preview:large","max-video-preview":"max-video-preview:-1"},"canonical":"https:\/\/mypalmleaf.com\/prices\/get-your-palm-leaf-reading-transcribed-and-summarised\/","og_locale":"et_EE","og_type":"article","og_title":"Laske oma peopesalehte lugeda ja teha kokkuv\u00f5te. - My Palm Leaf","og_description":"Laske oma peopesalehte lugeda ja teha kokkuv\u00f5te, et saada s\u00fcgavam arusaam oma elu eesm\u00e4rgist ning juhiseid edasiseks. Avage tarkuse ja eneseavastuse uksed.","og_url":"https:\/\/mypalmleaf.com\/prices\/get-your-palm-leaf-reading-transcribed-and-summarised\/","og_site_name":"My Palm Leaf","article_modified_time":"2025-04-24T11:10:52+00:00","og_image":[{"width":800,"height":444,"url":"https:\/\/mypalmleaf.com\/wp-content\/uploads\/2024\/09\/mantra-product-page-4-1.jpg","type":"image\/jpeg"}],"twitter_card":"summary_large_image","twitter_misc":{"Est. reading time":"1 minut"},"schema":{"@context":"https:\/\/schema.org","@graph":[{"@type":"WebPage","@id":"https:\/\/mypalmleaf.com\/prices\/get-your-palm-leaf-reading-transcribed-and-summarised\/","url":"https:\/\/mypalmleaf.com\/prices\/get-your-palm-leaf-reading-transcribed-and-summarised\/","name":"Laske oma peopesalehte lugeda ja teha kokkuv\u00f5te. - My Palm Leaf","isPartOf":{"@id":"https:\/\/mypalmleaf.com\/#website"},"primaryImageOfPage":{"@id":"https:\/\/mypalmleaf.com\/prices\/get-your-palm-leaf-reading-transcribed-and-summarised\/#primaryimage"},"image":{"@id":"https:\/\/mypalmleaf.com\/prices\/get-your-palm-leaf-reading-transcribed-and-summarised\/#primaryimage"},"thumbnailUrl":"https:\/\/mypalmleaf.com\/wp-content\/uploads\/2024\/09\/mantra-product-page-4-1.jpg","datePublished":"2024-09-04T10:46:48+00:00","dateModified":"2025-04-24T11:10:52+00:00","description":"Laske oma peopesalehte lugeda ja teha kokkuv\u00f5te, et saada s\u00fcgavam arusaam oma elu eesm\u00e4rgist ning juhiseid edasiseks. Avage tarkuse ja eneseavastuse uksed.","breadcrumb":{"@id":"https:\/\/mypalmleaf.com\/prices\/get-your-palm-leaf-reading-transcribed-and-summarised\/#breadcrumb"},"inLanguage":"et","potentialAction":[{"@type":"ReadAction","target":["https:\/\/mypalmleaf.com\/prices\/get-your-palm-leaf-reading-transcribed-and-summarised\/"]}]},{"@type":"ImageObject","inLanguage":"et","@id":"https:\/\/mypalmleaf.com\/prices\/get-your-palm-leaf-reading-transcribed-and-summarised\/#primaryimage","url":"https:\/\/mypalmleaf.com\/wp-content\/uploads\/2024\/09\/mantra-product-page-4-1.jpg","contentUrl":"https:\/\/mypalmleaf.com\/wp-content\/uploads\/2024\/09\/mantra-product-page-4-1.jpg","width":800,"height":444,"caption":"Envelope"},{"@type":"BreadcrumbList","@id":"https:\/\/mypalmleaf.com\/prices\/get-your-palm-leaf-reading-transcribed-and-summarised\/#breadcrumb","itemListElement":[{"@type":"ListItem","position":1,"name":"Home","item":"https:\/\/mypalmleaf.com\/et\/"},{"@type":"ListItem","position":2,"name":"Shop","item":"https:\/\/mypalmleaf.com\/et\/shop\/"},{"@type":"ListItem","position":3,"name":"Laske oma peopesalehte lugeda ja teha kokkuv\u00f5te."}]},{"@type":"WebSite","@id":"https:\/\/mypalmleaf.com\/#website","url":"https:\/\/mypalmleaf.com\/","name":"My Palm Leaf","description":"","potentialAction":[{"@type":"SearchAction","target":{"@type":"EntryPoint","urlTemplate":"https:\/\/mypalmleaf.com\/?s={search_term_string}"},"query-input":{"@type":"PropertyValueSpecification","valueRequired":true,"valueName":"search_term_string"}}],"inLanguage":"et"}]}},"_links":{"self":[{"href":"https:\/\/mypalmleaf.com\/et\/wp-json\/wp\/v2\/product\/38912","targetHints":{"allow":["GET"]}}],"collection":[{"href":"https:\/\/mypalmleaf.com\/et\/wp-json\/wp\/v2\/product"}],"about":[{"href":"https:\/\/mypalmleaf.com\/et\/wp-json\/wp\/v2\/types\/product"}],"replies":[{"embeddable":true,"href":"https:\/\/mypalmleaf.com\/et\/wp-json\/wp\/v2\/comments?post=38912"}],"wp:featuredmedia":[{"embeddable":true,"href":"https:\/\/mypalmleaf.com\/et\/wp-json\/wp\/v2\/media\/9960"}],"wp:attachment":[{"href":"https:\/\/mypalmleaf.com\/et\/wp-json\/wp\/v2\/media?parent=38912"}],"wp:term":[{"taxonomy":"product_brand","embeddable":true,"href":"https:\/\/mypalmleaf.com\/et\/wp-json\/wp\/v2\/product_brand?post=38912"},{"taxonomy":"product_cat","embeddable":true,"href":"https:\/\/mypalmleaf.com\/et\/wp-json\/wp\/v2\/product_cat?post=38912"},{"taxonomy":"product_tag","embeddable":true,"href":"https:\/\/mypalmleaf.com\/et\/wp-json\/wp\/v2\/product_tag?post=38912"}],"curies":[{"name":"wp","href":"https:\/\/api.w.org\/{rel}","templated":true}]}}