{"id":38993,"date":"2024-09-04T10:59:13","date_gmt":"2024-09-04T10:59:13","guid":{"rendered":"https:\/\/mypalmleaf.com\/prices\/athma-shanthi-puja-eriline-rituaal-mis-aitab-lahkunud-inimese-hingel-rahus-puhata\/"},"modified":"2025-08-04T13:14:25","modified_gmt":"2025-08-04T13:14:25","slug":"athma-shanthi-puja-eriline-rituaal-mis-aitab-lahkunud-inimese-hingel-rahus-puhata","status":"publish","type":"product","link":"https:\/\/mypalmleaf.com\/et\/prices\/athma-shanthi-puja-eriline-rituaal-mis-aitab-lahkunud-inimese-hingel-rahus-puhata\/","title":{"rendered":"Atma Shanti Pooja &#8211; p\u00fcha pakkumine lahkunud hingede rahu eest"},"content":{"rendered":"<p><strong>Atma Shanti Pooja<\/strong><br \/>\nP\u00fcha rituaal lahkunud l\u00e4hedase inimese hinge austamiseks ja toetamiseks.<\/p>\n<p>Atma Shanti Pooja on s\u00fcgava t\u00e4hendusega veediline tseremoonia, mida viiakse l\u00e4bi selleks, et tuua rahu lahkunud inimese hingele &#8211; eriti kui tema lahkumine oli ootamatu, ootamatu v\u00f5i emotsionaalselt lahendamata.<\/p>\n<p>Olenemata sellest, kas surm toimus hiljuti v\u00f5i kaua aega tagasi, pakub see pooja vaimset tuge hinge teekonnale, aidates tal liikuda tervenemise, lahenduse ja rahu suunas. Seda v\u00f5ib teha mitu korda kogu elu jooksul, et pidevalt toetada hinge teekonda. <\/p>\n<p><strong>Sisaldab:<\/strong><\/p>\n<ul>\n<li>Traditsiooniline Atma Shanti Pooja, mida viivad l\u00e4bi kogenud veda preestrid<\/li>\n<li>Valige kuup\u00e4ev, mis tundub teile k\u00f5ige t\u00e4hendusrikkam.<\/li>\n<li>V\u00f5imalus liituda poojaga otse\u00fclekandena Zoomi kaudu<\/li>\n<li>T\u00e4ieliku rituaali videosalvestus<\/li>\n<li>Meie meeskonna \u00f5rn toetus ja suhtlemine kogu aeg<\/li>\n<\/ul>\n<p>Igal aastal on eriline periood, mida nimetatakse Pitru Paksha, mil Atma Shanti Pooja sooritamist peetakse eriti v\u00f5imsaks ja vaimselt m\u00f5jusaks.<\/p>\n<p>Sel aastal langeb Pitru Paksha periood 7. septembrist kuni 21. septembrini 2025. Loe selle kohta l\u00e4hemalt <a href=\"https:\/\/mypalmleaf.com\/zh-hans\/pitru-paksha-2025\/\">siit<\/a>. <\/p>\n","protected":false},"excerpt":{"rendered":"<p>Atma Shanti Pooja on s\u00fcgava t\u00e4hendusega veediline tseremoonia, mida viiakse l\u00e4bi selleks, et tuua rahu lahkunud inimese hingele &#8211; eriti kui tema lahkumine oli ootamatu, ootamatu v\u00f5i emotsionaalselt lahendamata.<\/p>\n","protected":false},"featured_media":9940,"comment_status":"open","ping_status":"closed","template":"","meta":{"_acf_changed":false},"product_brand":[],"product_cat":[358],"product_tag":[],"class_list":{"0":"post-38993","1":"product","2":"type-product","3":"status-publish","4":"has-post-thumbnail","6":"product_cat-mittekategoriseeritud","8":"first","9":"instock","10":"virtual","11":"purchasable","12":"product-type-simple"},"exclude_global_add_ons":[],"addons":[],"acf":[],"yoast_head":"<!-- This site is optimized with the Yoast SEO plugin v26.4 - https:\/\/yoast.com\/wordpress\/plugins\/seo\/ -->\n<title>Athma Shanthi Pooja - p\u00fcha rituaal meie esivanemate rahu nimel<\/title>\n<meta name=\"description\" content=\"Tehke Athma Shanthi Puja, et aidata l\u00e4hedase hingel rahus puhata. See ainulaadne rituaal on m\u00f5eldud neile, kes lahkuvad ootamatult. Saadaval otse\u00fclekande kaudu.\" \/>\n<meta name=\"robots\" content=\"index, follow, max-snippet:-1, max-image-preview:large, max-video-preview:-1\" \/>\n<link rel=\"canonical\" href=\"https:\/\/mypalmleaf.com\/et\/prices\/athma-shanthi-puja-eriline-rituaal-mis-aitab-lahkunud-inimese-hingel-rahus-puhata\/\" \/>\n<meta property=\"og:locale\" content=\"et_EE\" \/>\n<meta property=\"og:type\" content=\"article\" \/>\n<meta property=\"og:title\" content=\"Athma Shanthi Pooja - p\u00fcha rituaal meie esivanemate rahu nimel\" \/>\n<meta property=\"og:description\" content=\"Tehke Athma Shanthi Puja, et aidata l\u00e4hedase hingel rahus puhata. See ainulaadne rituaal on m\u00f5eldud neile, kes lahkuvad ootamatult. Saadaval otse\u00fclekande kaudu.\" \/>\n<meta property=\"og:url\" content=\"https:\/\/mypalmleaf.com\/et\/prices\/athma-shanthi-puja-eriline-rituaal-mis-aitab-lahkunud-inimese-hingel-rahus-puhata\/\" \/>\n<meta property=\"og:site_name\" content=\"My Palm Leaf\" \/>\n<meta property=\"article:modified_time\" content=\"2025-08-04T13:14:25+00:00\" \/>\n<meta property=\"og:image\" content=\"https:\/\/mypalmleaf.com\/wp-content\/uploads\/2024\/09\/mantra-product-page-3-1.jpg\" \/>\n\t<meta property=\"og:image:width\" content=\"800\" \/>\n\t<meta property=\"og:image:height\" content=\"444\" \/>\n\t<meta property=\"og:image:type\" content=\"image\/jpeg\" \/>\n<meta name=\"twitter:card\" content=\"summary_large_image\" \/>\n<meta name=\"twitter:label1\" content=\"Est. reading time\" \/>\n\t<meta name=\"twitter:data1\" content=\"1 minut\" \/>\n<script type=\"application\/ld+json\" class=\"yoast-schema-graph\">{\"@context\":\"https:\/\/schema.org\",\"@graph\":[{\"@type\":\"WebPage\",\"@id\":\"https:\/\/mypalmleaf.com\/et\/prices\/athma-shanthi-puja-eriline-rituaal-mis-aitab-lahkunud-inimese-hingel-rahus-puhata\/\",\"url\":\"https:\/\/mypalmleaf.com\/et\/prices\/athma-shanthi-puja-eriline-rituaal-mis-aitab-lahkunud-inimese-hingel-rahus-puhata\/\",\"name\":\"Athma Shanthi Pooja - p\u00fcha rituaal meie esivanemate rahu nimel\",\"isPartOf\":{\"@id\":\"https:\/\/mypalmleaf.com\/#website\"},\"primaryImageOfPage\":{\"@id\":\"https:\/\/mypalmleaf.com\/et\/prices\/athma-shanthi-puja-eriline-rituaal-mis-aitab-lahkunud-inimese-hingel-rahus-puhata\/#primaryimage\"},\"image\":{\"@id\":\"https:\/\/mypalmleaf.com\/et\/prices\/athma-shanthi-puja-eriline-rituaal-mis-aitab-lahkunud-inimese-hingel-rahus-puhata\/#primaryimage\"},\"thumbnailUrl\":\"https:\/\/mypalmleaf.com\/wp-content\/uploads\/2024\/09\/mantra-product-page-3-1.jpg\",\"datePublished\":\"2024-09-04T10:59:13+00:00\",\"dateModified\":\"2025-08-04T13:14:25+00:00\",\"description\":\"Tehke Athma Shanthi Puja, et aidata l\u00e4hedase hingel rahus puhata. See ainulaadne rituaal on m\u00f5eldud neile, kes lahkuvad ootamatult. Saadaval otse\u00fclekande kaudu.\",\"breadcrumb\":{\"@id\":\"https:\/\/mypalmleaf.com\/et\/prices\/athma-shanthi-puja-eriline-rituaal-mis-aitab-lahkunud-inimese-hingel-rahus-puhata\/#breadcrumb\"},\"inLanguage\":\"et\",\"potentialAction\":[{\"@type\":\"ReadAction\",\"target\":[\"https:\/\/mypalmleaf.com\/et\/prices\/athma-shanthi-puja-eriline-rituaal-mis-aitab-lahkunud-inimese-hingel-rahus-puhata\/\"]}]},{\"@type\":\"ImageObject\",\"inLanguage\":\"et\",\"@id\":\"https:\/\/mypalmleaf.com\/et\/prices\/athma-shanthi-puja-eriline-rituaal-mis-aitab-lahkunud-inimese-hingel-rahus-puhata\/#primaryimage\",\"url\":\"https:\/\/mypalmleaf.com\/wp-content\/uploads\/2024\/09\/mantra-product-page-3-1.jpg\",\"contentUrl\":\"https:\/\/mypalmleaf.com\/wp-content\/uploads\/2024\/09\/mantra-product-page-3-1.jpg\",\"width\":800,\"height\":444,\"caption\":\"Homa procedure\"},{\"@type\":\"BreadcrumbList\",\"@id\":\"https:\/\/mypalmleaf.com\/et\/prices\/athma-shanthi-puja-eriline-rituaal-mis-aitab-lahkunud-inimese-hingel-rahus-puhata\/#breadcrumb\",\"itemListElement\":[{\"@type\":\"ListItem\",\"position\":1,\"name\":\"Home\",\"item\":\"https:\/\/mypalmleaf.com\/et\/\"},{\"@type\":\"ListItem\",\"position\":2,\"name\":\"Shop\",\"item\":\"https:\/\/mypalmleaf.com\/et\/shop\/\"},{\"@type\":\"ListItem\",\"position\":3,\"name\":\"Atma Shanti Pooja &#8211; p\u00fcha pakkumine lahkunud hingede rahu eest\"}]},{\"@type\":\"WebSite\",\"@id\":\"https:\/\/mypalmleaf.com\/#website\",\"url\":\"https:\/\/mypalmleaf.com\/\",\"name\":\"My Palm Leaf\",\"description\":\"\",\"potentialAction\":[{\"@type\":\"SearchAction\",\"target\":{\"@type\":\"EntryPoint\",\"urlTemplate\":\"https:\/\/mypalmleaf.com\/?s={search_term_string}\"},\"query-input\":{\"@type\":\"PropertyValueSpecification\",\"valueRequired\":true,\"valueName\":\"search_term_string\"}}],\"inLanguage\":\"et\"}]}<\/script>\n<!-- \/ Yoast SEO plugin. -->","yoast_head_json":{"title":"Athma Shanthi Pooja - p\u00fcha rituaal meie esivanemate rahu nimel","description":"Tehke Athma Shanthi Puja, et aidata l\u00e4hedase hingel rahus puhata. See ainulaadne rituaal on m\u00f5eldud neile, kes lahkuvad ootamatult. Saadaval otse\u00fclekande kaudu.","robots":{"index":"index","follow":"follow","max-snippet":"max-snippet:-1","max-image-preview":"max-image-preview:large","max-video-preview":"max-video-preview:-1"},"canonical":"https:\/\/mypalmleaf.com\/et\/prices\/athma-shanthi-puja-eriline-rituaal-mis-aitab-lahkunud-inimese-hingel-rahus-puhata\/","og_locale":"et_EE","og_type":"article","og_title":"Athma Shanthi Pooja - p\u00fcha rituaal meie esivanemate rahu nimel","og_description":"Tehke Athma Shanthi Puja, et aidata l\u00e4hedase hingel rahus puhata. See ainulaadne rituaal on m\u00f5eldud neile, kes lahkuvad ootamatult. Saadaval otse\u00fclekande kaudu.","og_url":"https:\/\/mypalmleaf.com\/et\/prices\/athma-shanthi-puja-eriline-rituaal-mis-aitab-lahkunud-inimese-hingel-rahus-puhata\/","og_site_name":"My Palm Leaf","article_modified_time":"2025-08-04T13:14:25+00:00","og_image":[{"width":800,"height":444,"url":"https:\/\/mypalmleaf.com\/wp-content\/uploads\/2024\/09\/mantra-product-page-3-1.jpg","type":"image\/jpeg"}],"twitter_card":"summary_large_image","twitter_misc":{"Est. reading time":"1 minut"},"schema":{"@context":"https:\/\/schema.org","@graph":[{"@type":"WebPage","@id":"https:\/\/mypalmleaf.com\/et\/prices\/athma-shanthi-puja-eriline-rituaal-mis-aitab-lahkunud-inimese-hingel-rahus-puhata\/","url":"https:\/\/mypalmleaf.com\/et\/prices\/athma-shanthi-puja-eriline-rituaal-mis-aitab-lahkunud-inimese-hingel-rahus-puhata\/","name":"Athma Shanthi Pooja - p\u00fcha rituaal meie esivanemate rahu nimel","isPartOf":{"@id":"https:\/\/mypalmleaf.com\/#website"},"primaryImageOfPage":{"@id":"https:\/\/mypalmleaf.com\/et\/prices\/athma-shanthi-puja-eriline-rituaal-mis-aitab-lahkunud-inimese-hingel-rahus-puhata\/#primaryimage"},"image":{"@id":"https:\/\/mypalmleaf.com\/et\/prices\/athma-shanthi-puja-eriline-rituaal-mis-aitab-lahkunud-inimese-hingel-rahus-puhata\/#primaryimage"},"thumbnailUrl":"https:\/\/mypalmleaf.com\/wp-content\/uploads\/2024\/09\/mantra-product-page-3-1.jpg","datePublished":"2024-09-04T10:59:13+00:00","dateModified":"2025-08-04T13:14:25+00:00","description":"Tehke Athma Shanthi Puja, et aidata l\u00e4hedase hingel rahus puhata. See ainulaadne rituaal on m\u00f5eldud neile, kes lahkuvad ootamatult. Saadaval otse\u00fclekande kaudu.","breadcrumb":{"@id":"https:\/\/mypalmleaf.com\/et\/prices\/athma-shanthi-puja-eriline-rituaal-mis-aitab-lahkunud-inimese-hingel-rahus-puhata\/#breadcrumb"},"inLanguage":"et","potentialAction":[{"@type":"ReadAction","target":["https:\/\/mypalmleaf.com\/et\/prices\/athma-shanthi-puja-eriline-rituaal-mis-aitab-lahkunud-inimese-hingel-rahus-puhata\/"]}]},{"@type":"ImageObject","inLanguage":"et","@id":"https:\/\/mypalmleaf.com\/et\/prices\/athma-shanthi-puja-eriline-rituaal-mis-aitab-lahkunud-inimese-hingel-rahus-puhata\/#primaryimage","url":"https:\/\/mypalmleaf.com\/wp-content\/uploads\/2024\/09\/mantra-product-page-3-1.jpg","contentUrl":"https:\/\/mypalmleaf.com\/wp-content\/uploads\/2024\/09\/mantra-product-page-3-1.jpg","width":800,"height":444,"caption":"Homa procedure"},{"@type":"BreadcrumbList","@id":"https:\/\/mypalmleaf.com\/et\/prices\/athma-shanthi-puja-eriline-rituaal-mis-aitab-lahkunud-inimese-hingel-rahus-puhata\/#breadcrumb","itemListElement":[{"@type":"ListItem","position":1,"name":"Home","item":"https:\/\/mypalmleaf.com\/et\/"},{"@type":"ListItem","position":2,"name":"Shop","item":"https:\/\/mypalmleaf.com\/et\/shop\/"},{"@type":"ListItem","position":3,"name":"Atma Shanti Pooja &#8211; p\u00fcha pakkumine lahkunud hingede rahu eest"}]},{"@type":"WebSite","@id":"https:\/\/mypalmleaf.com\/#website","url":"https:\/\/mypalmleaf.com\/","name":"My Palm Leaf","description":"","potentialAction":[{"@type":"SearchAction","target":{"@type":"EntryPoint","urlTemplate":"https:\/\/mypalmleaf.com\/?s={search_term_string}"},"query-input":{"@type":"PropertyValueSpecification","valueRequired":true,"valueName":"search_term_string"}}],"inLanguage":"et"}]}},"_links":{"self":[{"href":"https:\/\/mypalmleaf.com\/et\/wp-json\/wp\/v2\/product\/38993","targetHints":{"allow":["GET"]}}],"collection":[{"href":"https:\/\/mypalmleaf.com\/et\/wp-json\/wp\/v2\/product"}],"about":[{"href":"https:\/\/mypalmleaf.com\/et\/wp-json\/wp\/v2\/types\/product"}],"replies":[{"embeddable":true,"href":"https:\/\/mypalmleaf.com\/et\/wp-json\/wp\/v2\/comments?post=38993"}],"wp:featuredmedia":[{"embeddable":true,"href":"https:\/\/mypalmleaf.com\/et\/wp-json\/wp\/v2\/media\/9940"}],"wp:attachment":[{"href":"https:\/\/mypalmleaf.com\/et\/wp-json\/wp\/v2\/media?parent=38993"}],"wp:term":[{"taxonomy":"product_brand","embeddable":true,"href":"https:\/\/mypalmleaf.com\/et\/wp-json\/wp\/v2\/product_brand?post=38993"},{"taxonomy":"product_cat","embeddable":true,"href":"https:\/\/mypalmleaf.com\/et\/wp-json\/wp\/v2\/product_cat?post=38993"},{"taxonomy":"product_tag","embeddable":true,"href":"https:\/\/mypalmleaf.com\/et\/wp-json\/wp\/v2\/product_tag?post=38993"}],"curies":[{"name":"wp","href":"https:\/\/api.w.org\/{rel}","templated":true}]}}