
{"id":39009,"date":"2024-09-04T10:56:25","date_gmt":"2024-09-04T10:56:25","guid":{"rendered":"https:\/\/mypalmleaf.com\/prices\/tule-tseremoonia-homa\/"},"modified":"2025-08-04T13:12:10","modified_gmt":"2025-08-04T13:12:10","slug":"tule-tseremoonia-homa","status":"publish","type":"product","link":"https:\/\/mypalmleaf.com\/et\/prices\/tule-tseremoonia-homa\/","title":{"rendered":"Tule tseremoonia &#8211; Homa"},"content":{"rendered":"<div class=\"description\">\n<p>&#8220;Homa&#8221;, tule tseremoonia, on v\u00f5imas energeetiline vahend, et kutsuda kasulikke energiaid oma ellu ja seda v\u00f5ib teha mitmel erineval eesm\u00e4rgil endale v\u00f5i l\u00e4hedastele.<\/p>\n<p>P\u00e4rast tule tseremoonia broneerimist saate kalendri lingi, mille kaudu saate valida, millal soovite tseremoonia toimuda.<br \/>\nSelle viivad l\u00e4bi koolitatud preestrid \u00fches India templis.<\/p>\n<p>M\u00f5ju avaldub s\u00f5ltumata sellest, kas te osalete isiklikult v\u00f5i mitte.<\/p>\n<p>Kui soovite seda vaadata modereeritud otse\u00fclekandes, valige palun allj\u00e4rgnev valik.<\/p>\n<\/div>\n","protected":false},"excerpt":{"rendered":"<p>&#8220;Homa&#8221;, tule tseremoonia, on v\u00f5imas energeetiline vahend, et kutsuda kasulikke energiaid oma ellu ja seda v\u00f5ib teha mitmel erineval eesm\u00e4rgil endale v\u00f5i l\u00e4hedastele. P\u00e4rast tule tseremoonia broneerimist saate kalendri lingi, mille kaudu saate valida, millal soovite tseremooniat l\u00e4bi viia&#8230; <\/p>\n","protected":false},"featured_media":9901,"comment_status":"open","ping_status":"closed","template":"","meta":{"_acf_changed":false},"product_brand":[],"product_cat":[358],"product_tag":[],"class_list":{"0":"post-39009","1":"product","2":"type-product","3":"status-publish","4":"has-post-thumbnail","6":"product_cat-mittekategoriseeritud","8":"first","9":"instock","10":"virtual","11":"purchasable","12":"product-type-simple"},"exclude_global_add_ons":[],"addons":[],"acf":[],"yoast_head":"<!-- This site is optimized with the Yoast SEO plugin v26.4 - https:\/\/yoast.com\/wordpress\/plugins\/seo\/ -->\n<title>Agni Homa \/ Tule rituaal internetis | Shanti Pooja kodus | Vedic Homa<\/title>\n<meta name=\"description\" content=\"Kogege Agni Homam&#039;i, p\u00fcha veedade tulerituaal, mugavalt oma kodus. Puhastage negatiivne energia, kutsuge \u00f5nnistusi ja broneerige oma tseremoonia juba t\u00e4na!\" \/>\n<meta name=\"robots\" content=\"index, follow, max-snippet:-1, max-image-preview:large, max-video-preview:-1\" \/>\n<link rel=\"canonical\" href=\"https:\/\/mypalmleaf.com\/et\/prices\/tule-tseremoonia-homa\/\" \/>\n<meta property=\"og:locale\" content=\"et_EE\" \/>\n<meta property=\"og:type\" content=\"article\" \/>\n<meta property=\"og:title\" content=\"Agni Homa \/ Tule rituaal internetis | Shanti Pooja kodus | Vedic Homa\" \/>\n<meta property=\"og:description\" content=\"Kogege Agni Homam&#039;i, p\u00fcha veedade tulerituaal, mugavalt oma kodus. Puhastage negatiivne energia, kutsuge \u00f5nnistusi ja broneerige oma tseremoonia juba t\u00e4na!\" \/>\n<meta property=\"og:url\" content=\"https:\/\/mypalmleaf.com\/et\/prices\/tule-tseremoonia-homa\/\" \/>\n<meta property=\"og:site_name\" content=\"My Palm Leaf\" \/>\n<meta property=\"article:modified_time\" content=\"2025-08-04T13:12:10+00:00\" \/>\n<meta property=\"og:image\" content=\"https:\/\/mypalmleaf.com\/wp-content\/uploads\/2024\/09\/mantra-product-page-2-1.jpg\" \/>\n\t<meta property=\"og:image:width\" content=\"800\" \/>\n\t<meta property=\"og:image:height\" content=\"444\" \/>\n\t<meta property=\"og:image:type\" content=\"image\/jpeg\" \/>\n<meta name=\"twitter:card\" content=\"summary_large_image\" \/>\n<meta name=\"twitter:label1\" content=\"Est. reading time\" \/>\n\t<meta name=\"twitter:data1\" content=\"1 minut\" \/>\n<script type=\"application\/ld+json\" class=\"yoast-schema-graph\">{\"@context\":\"https:\/\/schema.org\",\"@graph\":[{\"@type\":\"WebPage\",\"@id\":\"https:\/\/mypalmleaf.com\/et\/prices\/tule-tseremoonia-homa\/\",\"url\":\"https:\/\/mypalmleaf.com\/et\/prices\/tule-tseremoonia-homa\/\",\"name\":\"Agni Homa \/ Tule rituaal internetis | Shanti Pooja kodus | Vedic Homa\",\"isPartOf\":{\"@id\":\"https:\/\/mypalmleaf.com\/#website\"},\"primaryImageOfPage\":{\"@id\":\"https:\/\/mypalmleaf.com\/et\/prices\/tule-tseremoonia-homa\/#primaryimage\"},\"image\":{\"@id\":\"https:\/\/mypalmleaf.com\/et\/prices\/tule-tseremoonia-homa\/#primaryimage\"},\"thumbnailUrl\":\"https:\/\/mypalmleaf.com\/wp-content\/uploads\/2024\/09\/mantra-product-page-2-1.jpg\",\"datePublished\":\"2024-09-04T10:56:25+00:00\",\"dateModified\":\"2025-08-04T13:12:10+00:00\",\"description\":\"Kogege Agni Homam'i, p\u00fcha veedade tulerituaal, mugavalt oma kodus. Puhastage negatiivne energia, kutsuge \u00f5nnistusi ja broneerige oma tseremoonia juba t\u00e4na!\",\"breadcrumb\":{\"@id\":\"https:\/\/mypalmleaf.com\/et\/prices\/tule-tseremoonia-homa\/#breadcrumb\"},\"inLanguage\":\"et\",\"potentialAction\":[{\"@type\":\"ReadAction\",\"target\":[\"https:\/\/mypalmleaf.com\/et\/prices\/tule-tseremoonia-homa\/\"]}]},{\"@type\":\"ImageObject\",\"inLanguage\":\"et\",\"@id\":\"https:\/\/mypalmleaf.com\/et\/prices\/tule-tseremoonia-homa\/#primaryimage\",\"url\":\"https:\/\/mypalmleaf.com\/wp-content\/uploads\/2024\/09\/mantra-product-page-2-1.jpg\",\"contentUrl\":\"https:\/\/mypalmleaf.com\/wp-content\/uploads\/2024\/09\/mantra-product-page-2-1.jpg\",\"width\":800,\"height\":444,\"caption\":\"Homa procedure-1\"},{\"@type\":\"BreadcrumbList\",\"@id\":\"https:\/\/mypalmleaf.com\/et\/prices\/tule-tseremoonia-homa\/#breadcrumb\",\"itemListElement\":[{\"@type\":\"ListItem\",\"position\":1,\"name\":\"Home\",\"item\":\"https:\/\/mypalmleaf.com\/et\/\"},{\"@type\":\"ListItem\",\"position\":2,\"name\":\"Shop\",\"item\":\"https:\/\/mypalmleaf.com\/et\/shop\/\"},{\"@type\":\"ListItem\",\"position\":3,\"name\":\"Tule tseremoonia &#8211; Homa\"}]},{\"@type\":\"WebSite\",\"@id\":\"https:\/\/mypalmleaf.com\/#website\",\"url\":\"https:\/\/mypalmleaf.com\/\",\"name\":\"My Palm Leaf\",\"description\":\"\",\"potentialAction\":[{\"@type\":\"SearchAction\",\"target\":{\"@type\":\"EntryPoint\",\"urlTemplate\":\"https:\/\/mypalmleaf.com\/?s={search_term_string}\"},\"query-input\":{\"@type\":\"PropertyValueSpecification\",\"valueRequired\":true,\"valueName\":\"search_term_string\"}}],\"inLanguage\":\"et\"}]}<\/script>\n<!-- \/ Yoast SEO plugin. -->","yoast_head_json":{"title":"Agni Homa \/ Tule rituaal internetis | Shanti Pooja kodus | Vedic Homa","description":"Kogege Agni Homam'i, p\u00fcha veedade tulerituaal, mugavalt oma kodus. Puhastage negatiivne energia, kutsuge \u00f5nnistusi ja broneerige oma tseremoonia juba t\u00e4na!","robots":{"index":"index","follow":"follow","max-snippet":"max-snippet:-1","max-image-preview":"max-image-preview:large","max-video-preview":"max-video-preview:-1"},"canonical":"https:\/\/mypalmleaf.com\/et\/prices\/tule-tseremoonia-homa\/","og_locale":"et_EE","og_type":"article","og_title":"Agni Homa \/ Tule rituaal internetis | Shanti Pooja kodus | Vedic Homa","og_description":"Kogege Agni Homam'i, p\u00fcha veedade tulerituaal, mugavalt oma kodus. Puhastage negatiivne energia, kutsuge \u00f5nnistusi ja broneerige oma tseremoonia juba t\u00e4na!","og_url":"https:\/\/mypalmleaf.com\/et\/prices\/tule-tseremoonia-homa\/","og_site_name":"My Palm Leaf","article_modified_time":"2025-08-04T13:12:10+00:00","og_image":[{"width":800,"height":444,"url":"https:\/\/mypalmleaf.com\/wp-content\/uploads\/2024\/09\/mantra-product-page-2-1.jpg","type":"image\/jpeg"}],"twitter_card":"summary_large_image","twitter_misc":{"Est. reading time":"1 minut"},"schema":{"@context":"https:\/\/schema.org","@graph":[{"@type":"WebPage","@id":"https:\/\/mypalmleaf.com\/et\/prices\/tule-tseremoonia-homa\/","url":"https:\/\/mypalmleaf.com\/et\/prices\/tule-tseremoonia-homa\/","name":"Agni Homa \/ Tule rituaal internetis | Shanti Pooja kodus | Vedic Homa","isPartOf":{"@id":"https:\/\/mypalmleaf.com\/#website"},"primaryImageOfPage":{"@id":"https:\/\/mypalmleaf.com\/et\/prices\/tule-tseremoonia-homa\/#primaryimage"},"image":{"@id":"https:\/\/mypalmleaf.com\/et\/prices\/tule-tseremoonia-homa\/#primaryimage"},"thumbnailUrl":"https:\/\/mypalmleaf.com\/wp-content\/uploads\/2024\/09\/mantra-product-page-2-1.jpg","datePublished":"2024-09-04T10:56:25+00:00","dateModified":"2025-08-04T13:12:10+00:00","description":"Kogege Agni Homam'i, p\u00fcha veedade tulerituaal, mugavalt oma kodus. Puhastage negatiivne energia, kutsuge \u00f5nnistusi ja broneerige oma tseremoonia juba t\u00e4na!","breadcrumb":{"@id":"https:\/\/mypalmleaf.com\/et\/prices\/tule-tseremoonia-homa\/#breadcrumb"},"inLanguage":"et","potentialAction":[{"@type":"ReadAction","target":["https:\/\/mypalmleaf.com\/et\/prices\/tule-tseremoonia-homa\/"]}]},{"@type":"ImageObject","inLanguage":"et","@id":"https:\/\/mypalmleaf.com\/et\/prices\/tule-tseremoonia-homa\/#primaryimage","url":"https:\/\/mypalmleaf.com\/wp-content\/uploads\/2024\/09\/mantra-product-page-2-1.jpg","contentUrl":"https:\/\/mypalmleaf.com\/wp-content\/uploads\/2024\/09\/mantra-product-page-2-1.jpg","width":800,"height":444,"caption":"Homa procedure-1"},{"@type":"BreadcrumbList","@id":"https:\/\/mypalmleaf.com\/et\/prices\/tule-tseremoonia-homa\/#breadcrumb","itemListElement":[{"@type":"ListItem","position":1,"name":"Home","item":"https:\/\/mypalmleaf.com\/et\/"},{"@type":"ListItem","position":2,"name":"Shop","item":"https:\/\/mypalmleaf.com\/et\/shop\/"},{"@type":"ListItem","position":3,"name":"Tule tseremoonia &#8211; Homa"}]},{"@type":"WebSite","@id":"https:\/\/mypalmleaf.com\/#website","url":"https:\/\/mypalmleaf.com\/","name":"My Palm Leaf","description":"","potentialAction":[{"@type":"SearchAction","target":{"@type":"EntryPoint","urlTemplate":"https:\/\/mypalmleaf.com\/?s={search_term_string}"},"query-input":{"@type":"PropertyValueSpecification","valueRequired":true,"valueName":"search_term_string"}}],"inLanguage":"et"}]}},"_links":{"self":[{"href":"https:\/\/mypalmleaf.com\/et\/wp-json\/wp\/v2\/product\/39009","targetHints":{"allow":["GET"]}}],"collection":[{"href":"https:\/\/mypalmleaf.com\/et\/wp-json\/wp\/v2\/product"}],"about":[{"href":"https:\/\/mypalmleaf.com\/et\/wp-json\/wp\/v2\/types\/product"}],"replies":[{"embeddable":true,"href":"https:\/\/mypalmleaf.com\/et\/wp-json\/wp\/v2\/comments?post=39009"}],"wp:featuredmedia":[{"embeddable":true,"href":"https:\/\/mypalmleaf.com\/et\/wp-json\/wp\/v2\/media\/9901"}],"wp:attachment":[{"href":"https:\/\/mypalmleaf.com\/et\/wp-json\/wp\/v2\/media?parent=39009"}],"wp:term":[{"taxonomy":"product_brand","embeddable":true,"href":"https:\/\/mypalmleaf.com\/et\/wp-json\/wp\/v2\/product_brand?post=39009"},{"taxonomy":"product_cat","embeddable":true,"href":"https:\/\/mypalmleaf.com\/et\/wp-json\/wp\/v2\/product_cat?post=39009"},{"taxonomy":"product_tag","embeddable":true,"href":"https:\/\/mypalmleaf.com\/et\/wp-json\/wp\/v2\/product_tag?post=39009"}],"curies":[{"name":"wp","href":"https:\/\/api.w.org\/{rel}","templated":true}]}}