{"id":39043,"date":"2024-09-04T10:59:56","date_gmt":"2024-09-04T10:59:56","guid":{"rendered":"https:\/\/mypalmleaf.com\/prices\/lehe-leidmine-uldine-peatuki-lugemine\/"},"modified":"2025-07-31T04:00:25","modified_gmt":"2025-07-31T04:00:25","slug":"lehe-leidmine-uldine-peatuki-lugemine","status":"publish","type":"product","link":"https:\/\/mypalmleaf.com\/et\/prices\/lehe-leidmine-uldine-peatuki-lugemine\/","title":{"rendered":"Lehe leidmine + \u00dcldine peat\u00fcki lugemine"},"content":{"rendered":"<p>&nbsp;<\/p>\n<div class=\"description\">\n<p><strong>Teenus h\u00f5lmab<\/strong><\/p>\n<ul>\n<li>Kimpude tuvastamist Indias, mis v\u00f5ivad sisaldada Sinu palmilehte<\/li>\n<li>Sobitamise protsessi internetis, et tuvastada oma palmileht<\/li>\n<li>\u00dcldpeat\u00fcki lugemine<\/li>\n<li>14. peat\u00fcki lugemine (energeetilised abin\u00f5ud)<\/li>\n<li>Lugemise videosalvestus<\/li>\n<li>Foto Sinu palmilehest<\/li>\n<li>Raha tagasi garantii, kui Sinu lehte ei leita<\/li>\n<\/ul>\n<\/div>\n","protected":false},"excerpt":{"rendered":"<p><strong>Teenus h\u00f5lmab<\/strong><\/p>\n<ul>\n<li>Kimpude tuvastamist Indias, mis v\u00f5ivad sisaldada Sinu palmilehte<\/li>\n<li>Sobitamise protsessi internetis, et tuvastada oma palmileht<\/li>\n<\/ul>\n","protected":false},"featured_media":10070,"comment_status":"open","ping_status":"closed","template":"","meta":{"_acf_changed":false},"product_brand":[],"product_cat":[358],"product_tag":[],"class_list":{"0":"post-39043","1":"product","2":"type-product","3":"status-publish","4":"has-post-thumbnail","6":"product_cat-mittekategoriseeritud","8":"first","9":"instock","10":"virtual","11":"taxable","12":"purchasable","13":"product-type-simple"},"exclude_global_add_ons":false,"addons":[{"name":"T\u00f5lge","type":"checkbox","position":0,"required":false,"title_format":"label","description_enable":true,"description":"translation","placeholder_enable":false,"placeholder":"","display":"select","restrictions_type":"any_text","adjust_price":false,"price":"","price_type":"flat_fee","restrictions":false,"min":0,"max":0,"options":[{"label":"Inglise keeles","price":"","price_type":"flat_fee","image":0},{"label":"Saksa","price":"38","price_type":"flat_fee","image":0},{"label":"Vene","price":"38","price_type":"flat_fee","image":0},{"label":"Jaapani","price":"38","price_type":"flat_fee","image":0},{"label":"Itaalia","price":"38","price_type":"flat_fee","image":0},{"label":"Prantsuse","price":"38","price_type":"flat_fee","image":0},{"label":"Hispaania","price":"38","price_type":"flat_fee","image":0},{"label":"Hollandi","price":"38","price_type":"flat_fee","image":0},{"label":"Teised","price":"38","price_type":"flat_fee","image":0},{"label":"Eesti","price":"38","price_type":"flat_fee","image":0}],"id":1725237117},{"name":"Transkriptsioon","type":"checkbox","position":1,"required":false,"title_format":"label","description_enable":true,"description":"transcription","placeholder_enable":false,"placeholder":"","display":"select","restrictions_type":"any_text","adjust_price":false,"price":"","price_type":"flat_fee","restrictions":false,"min":0,"max":0,"options":[{"label":"Inglise keeles","price":"59","price_type":"flat_fee","image":0},{"label":"Saksa","price":"99","price_type":"flat_fee","image":0},{"label":"Vene","price":"99","price_type":"flat_fee","image":0},{"label":"Jaapani","price":"99","price_type":"flat_fee","image":0},{"label":"Itaalia","price":"99","price_type":"flat_fee","image":0},{"label":"Prantsuse","price":"99","price_type":"flat_fee","image":0},{"label":"Hispaania","price":"99","price_type":"flat_fee","image":0},{"label":"Hollandi","price":"99","price_type":"flat_fee","image":0},{"label":"Teised","price":"99","price_type":"flat_fee","image":0},{"label":"Ei ole vaja, v\u00f5ib-olla hiljem","price":"","price_type":"flat_fee","image":0},{"label":"Eesti","price":"99","price_type":"flat_fee","image":0}],"id":1725237118}],"acf":[],"yoast_head":"<!-- This site is optimized with the Yoast SEO plugin v26.4 - https:\/\/yoast.com\/wordpress\/plugins\/seo\/ -->\n<title>Lehe leidmine + \u00dcldine peat\u00fcki lugemine - My Palm Leaf<\/title>\n<meta name=\"description\" content=\"Alusta oma teekonda palmilehe lugemisega, avastades iidsed teadmised ja isiklikud s\u00f5numid l\u00e4bi p\u00fcha protsessi \u2013 oma lehe leidmisest selle tarkuseni.\" \/>\n<meta name=\"robots\" content=\"index, follow, max-snippet:-1, max-image-preview:large, max-video-preview:-1\" \/>\n<link rel=\"canonical\" href=\"https:\/\/mypalmleaf.com\/et\/prices\/lehe-leidmine-uldine-peatuki-lugemine\/\" \/>\n<meta property=\"og:locale\" content=\"et_EE\" \/>\n<meta property=\"og:type\" content=\"article\" \/>\n<meta property=\"og:title\" content=\"Lehe leidmine + \u00dcldine peat\u00fcki lugemine - My Palm Leaf\" \/>\n<meta property=\"og:description\" content=\"Alusta oma teekonda palmilehe lugemisega, avastades iidsed teadmised ja isiklikud s\u00f5numid l\u00e4bi p\u00fcha protsessi \u2013 oma lehe leidmisest selle tarkuseni.\" \/>\n<meta property=\"og:url\" content=\"https:\/\/mypalmleaf.com\/et\/prices\/lehe-leidmine-uldine-peatuki-lugemine\/\" \/>\n<meta property=\"og:site_name\" content=\"My Palm Leaf\" \/>\n<meta property=\"article:modified_time\" content=\"2025-07-31T04:00:25+00:00\" \/>\n<meta property=\"og:image\" content=\"https:\/\/mypalmleaf.com\/wp-content\/uploads\/2024\/09\/services-thumb-1-1.jpg\" \/>\n\t<meta property=\"og:image:width\" content=\"800\" \/>\n\t<meta property=\"og:image:height\" content=\"444\" \/>\n\t<meta property=\"og:image:type\" content=\"image\/jpeg\" \/>\n<meta name=\"twitter:card\" content=\"summary_large_image\" \/>\n<meta name=\"twitter:label1\" content=\"Est. reading time\" \/>\n\t<meta name=\"twitter:data1\" content=\"1 minut\" \/>\n<script type=\"application\/ld+json\" class=\"yoast-schema-graph\">{\"@context\":\"https:\/\/schema.org\",\"@graph\":[{\"@type\":\"WebPage\",\"@id\":\"https:\/\/mypalmleaf.com\/et\/prices\/lehe-leidmine-uldine-peatuki-lugemine\/\",\"url\":\"https:\/\/mypalmleaf.com\/et\/prices\/lehe-leidmine-uldine-peatuki-lugemine\/\",\"name\":\"Lehe leidmine + \u00dcldine peat\u00fcki lugemine - My Palm Leaf\",\"isPartOf\":{\"@id\":\"https:\/\/mypalmleaf.com\/#website\"},\"primaryImageOfPage\":{\"@id\":\"https:\/\/mypalmleaf.com\/et\/prices\/lehe-leidmine-uldine-peatuki-lugemine\/#primaryimage\"},\"image\":{\"@id\":\"https:\/\/mypalmleaf.com\/et\/prices\/lehe-leidmine-uldine-peatuki-lugemine\/#primaryimage\"},\"thumbnailUrl\":\"https:\/\/mypalmleaf.com\/wp-content\/uploads\/2024\/09\/services-thumb-1-1.jpg\",\"datePublished\":\"2024-09-04T10:59:56+00:00\",\"dateModified\":\"2025-07-31T04:00:25+00:00\",\"description\":\"Alusta oma teekonda palmilehe lugemisega, avastades iidsed teadmised ja isiklikud s\u00f5numid l\u00e4bi p\u00fcha protsessi \u2013 oma lehe leidmisest selle tarkuseni.\",\"breadcrumb\":{\"@id\":\"https:\/\/mypalmleaf.com\/et\/prices\/lehe-leidmine-uldine-peatuki-lugemine\/#breadcrumb\"},\"inLanguage\":\"et\",\"potentialAction\":[{\"@type\":\"ReadAction\",\"target\":[\"https:\/\/mypalmleaf.com\/et\/prices\/lehe-leidmine-uldine-peatuki-lugemine\/\"]}]},{\"@type\":\"ImageObject\",\"inLanguage\":\"et\",\"@id\":\"https:\/\/mypalmleaf.com\/et\/prices\/lehe-leidmine-uldine-peatuki-lugemine\/#primaryimage\",\"url\":\"https:\/\/mypalmleaf.com\/wp-content\/uploads\/2024\/09\/services-thumb-1-1.jpg\",\"contentUrl\":\"https:\/\/mypalmleaf.com\/wp-content\/uploads\/2024\/09\/services-thumb-1-1.jpg\",\"width\":800,\"height\":444,\"caption\":\"Nadi astrology-02\"},{\"@type\":\"BreadcrumbList\",\"@id\":\"https:\/\/mypalmleaf.com\/et\/prices\/lehe-leidmine-uldine-peatuki-lugemine\/#breadcrumb\",\"itemListElement\":[{\"@type\":\"ListItem\",\"position\":1,\"name\":\"Home\",\"item\":\"https:\/\/mypalmleaf.com\/et\/\"},{\"@type\":\"ListItem\",\"position\":2,\"name\":\"Shop\",\"item\":\"https:\/\/mypalmleaf.com\/et\/shop\/\"},{\"@type\":\"ListItem\",\"position\":3,\"name\":\"Lehe leidmine + \u00dcldine peat\u00fcki lugemine\"}]},{\"@type\":\"WebSite\",\"@id\":\"https:\/\/mypalmleaf.com\/#website\",\"url\":\"https:\/\/mypalmleaf.com\/\",\"name\":\"My Palm Leaf\",\"description\":\"\",\"potentialAction\":[{\"@type\":\"SearchAction\",\"target\":{\"@type\":\"EntryPoint\",\"urlTemplate\":\"https:\/\/mypalmleaf.com\/?s={search_term_string}\"},\"query-input\":{\"@type\":\"PropertyValueSpecification\",\"valueRequired\":true,\"valueName\":\"search_term_string\"}}],\"inLanguage\":\"et\"}]}<\/script>\n<!-- \/ Yoast SEO plugin. -->","yoast_head_json":{"title":"Lehe leidmine + \u00dcldine peat\u00fcki lugemine - My Palm Leaf","description":"Alusta oma teekonda palmilehe lugemisega, avastades iidsed teadmised ja isiklikud s\u00f5numid l\u00e4bi p\u00fcha protsessi \u2013 oma lehe leidmisest selle tarkuseni.","robots":{"index":"index","follow":"follow","max-snippet":"max-snippet:-1","max-image-preview":"max-image-preview:large","max-video-preview":"max-video-preview:-1"},"canonical":"https:\/\/mypalmleaf.com\/et\/prices\/lehe-leidmine-uldine-peatuki-lugemine\/","og_locale":"et_EE","og_type":"article","og_title":"Lehe leidmine + \u00dcldine peat\u00fcki lugemine - My Palm Leaf","og_description":"Alusta oma teekonda palmilehe lugemisega, avastades iidsed teadmised ja isiklikud s\u00f5numid l\u00e4bi p\u00fcha protsessi \u2013 oma lehe leidmisest selle tarkuseni.","og_url":"https:\/\/mypalmleaf.com\/et\/prices\/lehe-leidmine-uldine-peatuki-lugemine\/","og_site_name":"My Palm Leaf","article_modified_time":"2025-07-31T04:00:25+00:00","og_image":[{"width":800,"height":444,"url":"https:\/\/mypalmleaf.com\/wp-content\/uploads\/2024\/09\/services-thumb-1-1.jpg","type":"image\/jpeg"}],"twitter_card":"summary_large_image","twitter_misc":{"Est. reading time":"1 minut"},"schema":{"@context":"https:\/\/schema.org","@graph":[{"@type":"WebPage","@id":"https:\/\/mypalmleaf.com\/et\/prices\/lehe-leidmine-uldine-peatuki-lugemine\/","url":"https:\/\/mypalmleaf.com\/et\/prices\/lehe-leidmine-uldine-peatuki-lugemine\/","name":"Lehe leidmine + \u00dcldine peat\u00fcki lugemine - My Palm Leaf","isPartOf":{"@id":"https:\/\/mypalmleaf.com\/#website"},"primaryImageOfPage":{"@id":"https:\/\/mypalmleaf.com\/et\/prices\/lehe-leidmine-uldine-peatuki-lugemine\/#primaryimage"},"image":{"@id":"https:\/\/mypalmleaf.com\/et\/prices\/lehe-leidmine-uldine-peatuki-lugemine\/#primaryimage"},"thumbnailUrl":"https:\/\/mypalmleaf.com\/wp-content\/uploads\/2024\/09\/services-thumb-1-1.jpg","datePublished":"2024-09-04T10:59:56+00:00","dateModified":"2025-07-31T04:00:25+00:00","description":"Alusta oma teekonda palmilehe lugemisega, avastades iidsed teadmised ja isiklikud s\u00f5numid l\u00e4bi p\u00fcha protsessi \u2013 oma lehe leidmisest selle tarkuseni.","breadcrumb":{"@id":"https:\/\/mypalmleaf.com\/et\/prices\/lehe-leidmine-uldine-peatuki-lugemine\/#breadcrumb"},"inLanguage":"et","potentialAction":[{"@type":"ReadAction","target":["https:\/\/mypalmleaf.com\/et\/prices\/lehe-leidmine-uldine-peatuki-lugemine\/"]}]},{"@type":"ImageObject","inLanguage":"et","@id":"https:\/\/mypalmleaf.com\/et\/prices\/lehe-leidmine-uldine-peatuki-lugemine\/#primaryimage","url":"https:\/\/mypalmleaf.com\/wp-content\/uploads\/2024\/09\/services-thumb-1-1.jpg","contentUrl":"https:\/\/mypalmleaf.com\/wp-content\/uploads\/2024\/09\/services-thumb-1-1.jpg","width":800,"height":444,"caption":"Nadi astrology-02"},{"@type":"BreadcrumbList","@id":"https:\/\/mypalmleaf.com\/et\/prices\/lehe-leidmine-uldine-peatuki-lugemine\/#breadcrumb","itemListElement":[{"@type":"ListItem","position":1,"name":"Home","item":"https:\/\/mypalmleaf.com\/et\/"},{"@type":"ListItem","position":2,"name":"Shop","item":"https:\/\/mypalmleaf.com\/et\/shop\/"},{"@type":"ListItem","position":3,"name":"Lehe leidmine + \u00dcldine peat\u00fcki lugemine"}]},{"@type":"WebSite","@id":"https:\/\/mypalmleaf.com\/#website","url":"https:\/\/mypalmleaf.com\/","name":"My Palm Leaf","description":"","potentialAction":[{"@type":"SearchAction","target":{"@type":"EntryPoint","urlTemplate":"https:\/\/mypalmleaf.com\/?s={search_term_string}"},"query-input":{"@type":"PropertyValueSpecification","valueRequired":true,"valueName":"search_term_string"}}],"inLanguage":"et"}]}},"_links":{"self":[{"href":"https:\/\/mypalmleaf.com\/et\/wp-json\/wp\/v2\/product\/39043","targetHints":{"allow":["GET"]}}],"collection":[{"href":"https:\/\/mypalmleaf.com\/et\/wp-json\/wp\/v2\/product"}],"about":[{"href":"https:\/\/mypalmleaf.com\/et\/wp-json\/wp\/v2\/types\/product"}],"replies":[{"embeddable":true,"href":"https:\/\/mypalmleaf.com\/et\/wp-json\/wp\/v2\/comments?post=39043"}],"wp:featuredmedia":[{"embeddable":true,"href":"https:\/\/mypalmleaf.com\/et\/wp-json\/wp\/v2\/media\/10070"}],"wp:attachment":[{"href":"https:\/\/mypalmleaf.com\/et\/wp-json\/wp\/v2\/media?parent=39043"}],"wp:term":[{"taxonomy":"product_brand","embeddable":true,"href":"https:\/\/mypalmleaf.com\/et\/wp-json\/wp\/v2\/product_brand?post=39043"},{"taxonomy":"product_cat","embeddable":true,"href":"https:\/\/mypalmleaf.com\/et\/wp-json\/wp\/v2\/product_cat?post=39043"},{"taxonomy":"product_tag","embeddable":true,"href":"https:\/\/mypalmleaf.com\/et\/wp-json\/wp\/v2\/product_tag?post=39043"}],"curies":[{"name":"wp","href":"https:\/\/api.w.org\/{rel}","templated":true}]}}