
{"id":39052,"date":"2024-09-04T10:57:16","date_gmt":"2024-09-04T10:57:16","guid":{"rendered":"https:\/\/mypalmleaf.com\/prices\/konkreetne-mantra-yantra-pooja-mida-tehakse-teile-indias\/"},"modified":"2025-04-30T09:00:12","modified_gmt":"2025-04-30T09:00:12","slug":"konkreetne-mantra-yantra-pooja-mida-tehakse-teile-indias","status":"publish","type":"product","link":"https:\/\/mypalmleaf.com\/et\/prices\/konkreetne-mantra-yantra-pooja-mida-tehakse-teile-indias\/","title":{"rendered":"Spetsiifiline mantra yantra puja sooritatud Sinu jaoks Indias"},"content":{"rendered":"<p>Rishide poolt antud soovituste p\u00f5hjal, mis on esitatud Sinu palmilehe lugemisel, viib preester India templis l\u00e4bi Sinu jaoks v\u00e4ga spetsiifilise tseremoonia.<\/p>\n<p>Ta viib rituaali l\u00e4bi kaks korda p\u00e4evas, koos spetsiifiliste palvete ja mantratega, et kutsuda need energiad ja \u00f5nnistused Sinu ellu.<\/p>\n<p>Rituaali ajal laetakse t\u00e4is vaskne Yantra (p\u00fcha geomeetriline diagramm) rituaali energiaga, mille saadetakse Sinule p\u00e4rast rituaali l\u00f5petamist.<\/p>\n","protected":false},"excerpt":{"rendered":"<p>Rishide poolt antud soovituste p\u00f5hjal, mis on esitatud Sinu palmilehe lugemisel, viib preester India templis l\u00e4bi Sinu jaoks v\u00e4ga spetsiifilise tseremoonia.<\/p>\n","protected":false},"featured_media":3175,"comment_status":"open","ping_status":"closed","template":"","meta":{"_acf_changed":false},"product_brand":[],"product_cat":[358],"product_tag":[],"class_list":{"0":"post-39052","1":"product","2":"type-product","3":"status-publish","4":"has-post-thumbnail","6":"product_cat-mittekategoriseeritud","8":"first","9":"instock","10":"purchasable","11":"product-type-variable"},"exclude_global_add_ons":[],"addons":[],"acf":[],"yoast_head":"<!-- This site is optimized with the Yoast SEO plugin v26.4 - https:\/\/yoast.com\/wordpress\/plugins\/seo\/ -->\n<title>Sp\u00e9cial Mantra Yantra Pooja en Inde<\/title>\n<meta name=\"description\" content=\"Saa ainulaadne mantra, jantra v\u00f5i sinu jaoks Indias sooritatud puuja, et avada jumalik energia ja juhatus isiklikuks vaimseks kasvuks. V\u00f5ta meiega \u00fchendust.\" \/>\n<meta name=\"robots\" content=\"index, follow, max-snippet:-1, max-image-preview:large, max-video-preview:-1\" \/>\n<link rel=\"canonical\" href=\"https:\/\/mypalmleaf.com\/et\/prices\/konkreetne-mantra-yantra-pooja-mida-tehakse-teile-indias\/\" \/>\n<meta property=\"og:locale\" content=\"et_EE\" \/>\n<meta property=\"og:type\" content=\"article\" \/>\n<meta property=\"og:title\" content=\"Sp\u00e9cial Mantra Yantra Pooja en Inde\" \/>\n<meta property=\"og:description\" content=\"Saa ainulaadne mantra, jantra v\u00f5i sinu jaoks Indias sooritatud puuja, et avada jumalik energia ja juhatus isiklikuks vaimseks kasvuks. V\u00f5ta meiega \u00fchendust.\" \/>\n<meta property=\"og:url\" content=\"https:\/\/mypalmleaf.com\/et\/prices\/konkreetne-mantra-yantra-pooja-mida-tehakse-teile-indias\/\" \/>\n<meta property=\"og:site_name\" content=\"My Palm Leaf\" \/>\n<meta property=\"article:modified_time\" content=\"2025-04-30T09:00:12+00:00\" \/>\n<meta property=\"og:image\" content=\"https:\/\/mypalmleaf.com\/wp-content\/uploads\/2024\/09\/mantra-product-page-1-1.jpg\" \/>\n\t<meta property=\"og:image:width\" content=\"800\" \/>\n\t<meta property=\"og:image:height\" content=\"444\" \/>\n\t<meta property=\"og:image:type\" content=\"image\/jpeg\" \/>\n<meta name=\"twitter:card\" content=\"summary_large_image\" \/>\n<meta name=\"twitter:label1\" content=\"Est. reading time\" \/>\n\t<meta name=\"twitter:data1\" content=\"1 minut\" \/>\n<script type=\"application\/ld+json\" class=\"yoast-schema-graph\">{\"@context\":\"https:\/\/schema.org\",\"@graph\":[{\"@type\":\"WebPage\",\"@id\":\"https:\/\/mypalmleaf.com\/et\/prices\/konkreetne-mantra-yantra-pooja-mida-tehakse-teile-indias\/\",\"url\":\"https:\/\/mypalmleaf.com\/et\/prices\/konkreetne-mantra-yantra-pooja-mida-tehakse-teile-indias\/\",\"name\":\"Sp\u00e9cial Mantra Yantra Pooja en Inde\",\"isPartOf\":{\"@id\":\"https:\/\/mypalmleaf.com\/#website\"},\"primaryImageOfPage\":{\"@id\":\"https:\/\/mypalmleaf.com\/et\/prices\/konkreetne-mantra-yantra-pooja-mida-tehakse-teile-indias\/#primaryimage\"},\"image\":{\"@id\":\"https:\/\/mypalmleaf.com\/et\/prices\/konkreetne-mantra-yantra-pooja-mida-tehakse-teile-indias\/#primaryimage\"},\"thumbnailUrl\":\"https:\/\/mypalmleaf.com\/wp-content\/uploads\/2024\/09\/mantra-product-page-1-1.jpg\",\"datePublished\":\"2024-09-04T10:57:16+00:00\",\"dateModified\":\"2025-04-30T09:00:12+00:00\",\"description\":\"Saa ainulaadne mantra, jantra v\u00f5i sinu jaoks Indias sooritatud puuja, et avada jumalik energia ja juhatus isiklikuks vaimseks kasvuks. V\u00f5ta meiega \u00fchendust.\",\"breadcrumb\":{\"@id\":\"https:\/\/mypalmleaf.com\/et\/prices\/konkreetne-mantra-yantra-pooja-mida-tehakse-teile-indias\/#breadcrumb\"},\"inLanguage\":\"et\",\"potentialAction\":[{\"@type\":\"ReadAction\",\"target\":[\"https:\/\/mypalmleaf.com\/et\/prices\/konkreetne-mantra-yantra-pooja-mida-tehakse-teile-indias\/\"]}]},{\"@type\":\"ImageObject\",\"inLanguage\":\"et\",\"@id\":\"https:\/\/mypalmleaf.com\/et\/prices\/konkreetne-mantra-yantra-pooja-mida-tehakse-teile-indias\/#primaryimage\",\"url\":\"https:\/\/mypalmleaf.com\/wp-content\/uploads\/2024\/09\/mantra-product-page-1-1.jpg\",\"contentUrl\":\"https:\/\/mypalmleaf.com\/wp-content\/uploads\/2024\/09\/mantra-product-page-1-1.jpg\",\"width\":800,\"height\":444,\"caption\":\"Homa procedure-2\"},{\"@type\":\"BreadcrumbList\",\"@id\":\"https:\/\/mypalmleaf.com\/et\/prices\/konkreetne-mantra-yantra-pooja-mida-tehakse-teile-indias\/#breadcrumb\",\"itemListElement\":[{\"@type\":\"ListItem\",\"position\":1,\"name\":\"Home\",\"item\":\"https:\/\/mypalmleaf.com\/et\/\"},{\"@type\":\"ListItem\",\"position\":2,\"name\":\"Shop\",\"item\":\"https:\/\/mypalmleaf.com\/et\/shop\/\"},{\"@type\":\"ListItem\",\"position\":3,\"name\":\"Spetsiifiline mantra yantra puja sooritatud Sinu jaoks Indias\"}]},{\"@type\":\"WebSite\",\"@id\":\"https:\/\/mypalmleaf.com\/#website\",\"url\":\"https:\/\/mypalmleaf.com\/\",\"name\":\"My Palm Leaf\",\"description\":\"\",\"potentialAction\":[{\"@type\":\"SearchAction\",\"target\":{\"@type\":\"EntryPoint\",\"urlTemplate\":\"https:\/\/mypalmleaf.com\/?s={search_term_string}\"},\"query-input\":{\"@type\":\"PropertyValueSpecification\",\"valueRequired\":true,\"valueName\":\"search_term_string\"}}],\"inLanguage\":\"et\"}]}<\/script>\n<!-- \/ Yoast SEO plugin. -->","yoast_head_json":{"title":"Sp\u00e9cial Mantra Yantra Pooja en Inde","description":"Saa ainulaadne mantra, jantra v\u00f5i sinu jaoks Indias sooritatud puuja, et avada jumalik energia ja juhatus isiklikuks vaimseks kasvuks. V\u00f5ta meiega \u00fchendust.","robots":{"index":"index","follow":"follow","max-snippet":"max-snippet:-1","max-image-preview":"max-image-preview:large","max-video-preview":"max-video-preview:-1"},"canonical":"https:\/\/mypalmleaf.com\/et\/prices\/konkreetne-mantra-yantra-pooja-mida-tehakse-teile-indias\/","og_locale":"et_EE","og_type":"article","og_title":"Sp\u00e9cial Mantra Yantra Pooja en Inde","og_description":"Saa ainulaadne mantra, jantra v\u00f5i sinu jaoks Indias sooritatud puuja, et avada jumalik energia ja juhatus isiklikuks vaimseks kasvuks. V\u00f5ta meiega \u00fchendust.","og_url":"https:\/\/mypalmleaf.com\/et\/prices\/konkreetne-mantra-yantra-pooja-mida-tehakse-teile-indias\/","og_site_name":"My Palm Leaf","article_modified_time":"2025-04-30T09:00:12+00:00","og_image":[{"width":800,"height":444,"url":"https:\/\/mypalmleaf.com\/wp-content\/uploads\/2024\/09\/mantra-product-page-1-1.jpg","type":"image\/jpeg"}],"twitter_card":"summary_large_image","twitter_misc":{"Est. reading time":"1 minut"},"schema":{"@context":"https:\/\/schema.org","@graph":[{"@type":"WebPage","@id":"https:\/\/mypalmleaf.com\/et\/prices\/konkreetne-mantra-yantra-pooja-mida-tehakse-teile-indias\/","url":"https:\/\/mypalmleaf.com\/et\/prices\/konkreetne-mantra-yantra-pooja-mida-tehakse-teile-indias\/","name":"Sp\u00e9cial Mantra Yantra Pooja en Inde","isPartOf":{"@id":"https:\/\/mypalmleaf.com\/#website"},"primaryImageOfPage":{"@id":"https:\/\/mypalmleaf.com\/et\/prices\/konkreetne-mantra-yantra-pooja-mida-tehakse-teile-indias\/#primaryimage"},"image":{"@id":"https:\/\/mypalmleaf.com\/et\/prices\/konkreetne-mantra-yantra-pooja-mida-tehakse-teile-indias\/#primaryimage"},"thumbnailUrl":"https:\/\/mypalmleaf.com\/wp-content\/uploads\/2024\/09\/mantra-product-page-1-1.jpg","datePublished":"2024-09-04T10:57:16+00:00","dateModified":"2025-04-30T09:00:12+00:00","description":"Saa ainulaadne mantra, jantra v\u00f5i sinu jaoks Indias sooritatud puuja, et avada jumalik energia ja juhatus isiklikuks vaimseks kasvuks. V\u00f5ta meiega \u00fchendust.","breadcrumb":{"@id":"https:\/\/mypalmleaf.com\/et\/prices\/konkreetne-mantra-yantra-pooja-mida-tehakse-teile-indias\/#breadcrumb"},"inLanguage":"et","potentialAction":[{"@type":"ReadAction","target":["https:\/\/mypalmleaf.com\/et\/prices\/konkreetne-mantra-yantra-pooja-mida-tehakse-teile-indias\/"]}]},{"@type":"ImageObject","inLanguage":"et","@id":"https:\/\/mypalmleaf.com\/et\/prices\/konkreetne-mantra-yantra-pooja-mida-tehakse-teile-indias\/#primaryimage","url":"https:\/\/mypalmleaf.com\/wp-content\/uploads\/2024\/09\/mantra-product-page-1-1.jpg","contentUrl":"https:\/\/mypalmleaf.com\/wp-content\/uploads\/2024\/09\/mantra-product-page-1-1.jpg","width":800,"height":444,"caption":"Homa procedure-2"},{"@type":"BreadcrumbList","@id":"https:\/\/mypalmleaf.com\/et\/prices\/konkreetne-mantra-yantra-pooja-mida-tehakse-teile-indias\/#breadcrumb","itemListElement":[{"@type":"ListItem","position":1,"name":"Home","item":"https:\/\/mypalmleaf.com\/et\/"},{"@type":"ListItem","position":2,"name":"Shop","item":"https:\/\/mypalmleaf.com\/et\/shop\/"},{"@type":"ListItem","position":3,"name":"Spetsiifiline mantra yantra puja sooritatud Sinu jaoks Indias"}]},{"@type":"WebSite","@id":"https:\/\/mypalmleaf.com\/#website","url":"https:\/\/mypalmleaf.com\/","name":"My Palm Leaf","description":"","potentialAction":[{"@type":"SearchAction","target":{"@type":"EntryPoint","urlTemplate":"https:\/\/mypalmleaf.com\/?s={search_term_string}"},"query-input":{"@type":"PropertyValueSpecification","valueRequired":true,"valueName":"search_term_string"}}],"inLanguage":"et"}]}},"_links":{"self":[{"href":"https:\/\/mypalmleaf.com\/et\/wp-json\/wp\/v2\/product\/39052","targetHints":{"allow":["GET"]}}],"collection":[{"href":"https:\/\/mypalmleaf.com\/et\/wp-json\/wp\/v2\/product"}],"about":[{"href":"https:\/\/mypalmleaf.com\/et\/wp-json\/wp\/v2\/types\/product"}],"replies":[{"embeddable":true,"href":"https:\/\/mypalmleaf.com\/et\/wp-json\/wp\/v2\/comments?post=39052"}],"wp:featuredmedia":[{"embeddable":true,"href":"https:\/\/mypalmleaf.com\/et\/wp-json\/wp\/v2\/media\/3175"}],"wp:attachment":[{"href":"https:\/\/mypalmleaf.com\/et\/wp-json\/wp\/v2\/media?parent=39052"}],"wp:term":[{"taxonomy":"product_brand","embeddable":true,"href":"https:\/\/mypalmleaf.com\/et\/wp-json\/wp\/v2\/product_brand?post=39052"},{"taxonomy":"product_cat","embeddable":true,"href":"https:\/\/mypalmleaf.com\/et\/wp-json\/wp\/v2\/product_cat?post=39052"},{"taxonomy":"product_tag","embeddable":true,"href":"https:\/\/mypalmleaf.com\/et\/wp-json\/wp\/v2\/product_tag?post=39052"}],"curies":[{"name":"wp","href":"https:\/\/api.w.org\/{rel}","templated":true}]}}