
{"id":40151,"date":"2024-09-04T10:57:26","date_gmt":"2024-09-04T10:57:26","guid":{"rendered":"https:\/\/mypalmleaf.com\/prices\/taiendav-peatukk-lugemine\/"},"modified":"2025-10-09T16:10:26","modified_gmt":"2025-10-09T16:10:26","slug":"taiendav-peatukk-lugemine","status":"publish","type":"product","link":"https:\/\/mypalmleaf.com\/et\/prices\/taiendav-peatukk-lugemine\/","title":{"rendered":"Lisapeat\u00fckkide lugemine Mypalmleafis"},"content":{"rendered":"<div class=\"description\">\n<p><strong>Teenus h\u00f5lmab<\/strong><\/p>\n<ul>\n<li>Teie valitud peat\u00fckkide lugemine palmulehtede raamatukogu poolt<\/li>\n<li>Lugemise modereerimine MPL moderaatori poolt<\/li>\n<li>Video salvestamine<\/li>\n<\/ul>\n<\/div>\n<div class=\"additional-addons-wrap\">\n<p>Palmulehed sisaldavad kuni 17 peat\u00fckki, millest iga\u00fcks on p\u00fchendatud teatud teemale inimese elust.<\/p>\n<p>\u00dcldpeat\u00fckk on lugemisega kaasas, seega saab lisapeat\u00fckke <strong>lugeda alles p\u00e4rast<\/strong> \u00fcldpeat\u00fcki lugemise l\u00e4bimist.<\/p>\n<p>Ei ole veel \u00fcldpeat\u00fcki lugemist l\u00e4binud? <a class=\"fw-bold text-body\" href=\"https:\/\/mypalmleaf.com\/et\/prices\/lehe-leidmine-uldine-peatuki-lugemine\/\">Hankige see siit<\/a>.<\/p>\n<p>Allpool saate valida mis tahes lisapeat\u00fcki lugemisteenuse.<\/p>\n<p>Eripeat\u00fckid on pikemad ja \u00fcksikasjalikumad kui tavalised peat\u00fckid.<\/p>\n<\/div>\n","protected":false},"excerpt":{"rendered":"<p><strong>Teenus h\u00f5lmab<\/strong><\/p>\n<ul>\n<li>Teie valitud peat\u00fckkide lugemine palmulehtede raamatukogu poolt<\/li>\n<li>Lugemise modereerimine MPL moderaatori poolt&#8230;<\/li>\n<\/ul>\n","protected":false},"featured_media":9817,"comment_status":"open","ping_status":"closed","template":"","meta":{"_acf_changed":false},"product_brand":[],"product_cat":[358],"product_tag":[],"class_list":{"0":"post-40151","1":"product","2":"type-product","3":"status-publish","4":"has-post-thumbnail","6":"product_cat-mittekategoriseeritud","8":"first","9":"instock","10":"virtual","11":"taxable","12":"purchasable","13":"product-type-simple"},"exclude_global_add_ons":false,"addons":[{"name":"Peat\u00fckid","type":"checkbox","position":0,"required":false,"title_format":"label","description_enable":true,"description":"peat\u00fckid","placeholder_enable":false,"placeholder":null,"display":"select","restrictions_type":"any_text","adjust_price":false,"price":"","price_type":"flat_fee","restrictions":false,"min":0,"max":0,"options":[{"label":"1. \u00dcldine peat\u00fckk (seda olete juba kuulnud \u00fcldises lugemises)","price":"","price_type":"flat_fee","image":0},{"label":"2. Haridus ja rikkus","price":"79","price_type":"flat_fee","image":0},{"label":"3. \u00d5ed ja vennad","price":"79","price_type":"flat_fee","image":0},{"label":"4. Teie ema, materiaalsed aspektid nagu maja, maa, s\u00f5idukid ja materiaalne mugavus.","price":"79","price_type":"flat_fee","image":0},{"label":"5. Lapsed","price":"79","price_type":"flat_fee","image":0},{"label":"6. Vaenlased ja haigused","price":"79","price_type":"flat_fee","image":0},{"label":"7. Abielu\/suhted","price":"79","price_type":"flat_fee","image":0},{"label":"8. Eluaeg","price":"79","price_type":"flat_fee","image":0},{"label":"9. Teie isa ja teie vaimne tee","price":"79","price_type":"flat_fee","image":0},{"label":"10. Karj\u00e4\u00e4r\/t\u00f6\u00f6\/\u00e4ri","price":"79","price_type":"flat_fee","image":0},{"label":"11. \u00d5nn, kasum, v\u00f5imalik teine abielu","price":"79","price_type":"flat_fee","image":0},{"label":"12. V\u00e4lismaine \u00fchendus ja j\u00e4rgmine kehastus","price":"79","price_type":"flat_fee","image":0},{"label":"13. Eelmine s\u00fcndmus ja vana karma","price":"79","price_type":"flat_fee","image":0},{"label":"14. Energeetilised abin\u00f5ud teie elutee parandamiseks (seda olete juba kuulnud \u00fcldises lugemises).","price":"","price_type":"flat_fee","image":0},{"label":"15. Ayurveda meditsiin","price":"130","price_type":"flat_fee","image":0},{"label":"16. Vaimne areng","price":"130","price_type":"flat_fee","image":0},{"label":"17. Praegune planeetide m\u00f5ju","price":"130","price_type":"flat_fee","image":0}],"id":1725236907},{"name":"T\u00f5lge peat\u00fcki kohta","type":"checkbox","position":1,"required":false,"title_format":"label","description_enable":true,"description":"t\u00f5lge","placeholder_enable":false,"placeholder":null,"display":"select","restrictions_type":"any_text","adjust_price":false,"price":"","price_type":"flat_fee","restrictions":false,"min":0,"max":0,"options":[{"label":"Inglise keeles","price":"","price_type":"flat_fee","image":0},{"label":"Saksa","price":"12","price_type":"flat_fee","image":0},{"label":"Vene","price":"12","price_type":"flat_fee","image":0},{"label":"Jaapani","price":"12","price_type":"flat_fee","image":0},{"label":"Itaalia","price":"12","price_type":"flat_fee","image":0},{"label":"Prantsuse","price":"12","price_type":"flat_fee","image":0},{"label":"Hispaania","price":"12","price_type":"flat_fee","image":0},{"label":"Hollandi","price":"12","price_type":"flat_fee","image":0},{"label":"Teised","price":"12","price_type":"flat_fee","image":0}],"id":1725236908},{"name":"Transkriptsioon peat\u00fckkide kaupa","type":"checkbox","position":2,"required":false,"title_format":"label","description_enable":true,"description":"transkriptsioon","placeholder_enable":false,"placeholder":null,"display":"select","restrictions_type":"any_text","adjust_price":false,"price":"","price_type":"flat_fee","restrictions":false,"min":0,"max":0,"options":[{"label":"Inglise keeles","price":"18","price_type":"flat_fee","image":0},{"label":"Saksa","price":"27","price_type":"flat_fee","image":0},{"label":"Vene","price":"27","price_type":"flat_fee","image":0},{"label":"Jaapani","price":"27","price_type":"flat_fee","image":0},{"label":"Itaalia","price":"27","price_type":"flat_fee","image":0},{"label":"Prantsuse","price":"27","price_type":"flat_fee","image":0},{"label":"Hispaania","price":"27","price_type":"flat_fee","image":0},{"label":"Hollandi","price":"27","price_type":"flat_fee","image":0},{"label":"Teised","price":"27","price_type":"flat_fee","image":0}],"id":1725236909}],"acf":[],"yoast_head":"<!-- This site is optimized with the Yoast SEO plugin v26.4 - https:\/\/yoast.com\/wordpress\/plugins\/seo\/ -->\n<title>Broneeri lisapeat\u00fckkide lugemine | My Palm Leaf - \u20ac79 alates<\/title>\n<meta name=\"description\" content=\"Uurige s\u00fcgavamaid teadmisi t\u00e4iendavate palmulehtede peat\u00fckkide abil. Saage selgust armastuse, karj\u00e4\u00e4ri ja elutee suhtes. Broneeri oma personaalne lugemine juba t\u00e4na My Palm Leaf&#039;is!\" \/>\n<meta name=\"robots\" content=\"index, follow, max-snippet:-1, max-image-preview:large, max-video-preview:-1\" \/>\n<link rel=\"canonical\" href=\"https:\/\/mypalmleaf.com\/et\/prices\/taiendav-peatukk-lugemine\/\" \/>\n<meta property=\"og:locale\" content=\"et_EE\" \/>\n<meta property=\"og:type\" content=\"article\" \/>\n<meta property=\"og:title\" content=\"Broneeri lisapeat\u00fckkide lugemine | My Palm Leaf - \u20ac79 alates\" \/>\n<meta property=\"og:description\" content=\"Uurige s\u00fcgavamaid teadmisi t\u00e4iendavate palmulehtede peat\u00fckkide abil. Saage selgust armastuse, karj\u00e4\u00e4ri ja elutee suhtes. Broneeri oma personaalne lugemine juba t\u00e4na My Palm Leaf&#039;is!\" \/>\n<meta property=\"og:url\" content=\"https:\/\/mypalmleaf.com\/et\/prices\/taiendav-peatukk-lugemine\/\" \/>\n<meta property=\"og:site_name\" content=\"My Palm Leaf\" \/>\n<meta property=\"article:modified_time\" content=\"2025-10-09T16:10:26+00:00\" \/>\n<meta property=\"og:image\" content=\"https:\/\/mypalmleaf.com\/wp-content\/uploads\/2024\/09\/services-thumb-2.jpg\" \/>\n\t<meta property=\"og:image:width\" content=\"800\" \/>\n\t<meta property=\"og:image:height\" content=\"444\" \/>\n\t<meta property=\"og:image:type\" content=\"image\/jpeg\" \/>\n<meta name=\"twitter:card\" content=\"summary_large_image\" \/>\n<meta name=\"twitter:label1\" content=\"Est. reading time\" \/>\n\t<meta name=\"twitter:data1\" content=\"1 minut\" \/>\n<script type=\"application\/ld+json\" class=\"yoast-schema-graph\">{\"@context\":\"https:\/\/schema.org\",\"@graph\":[{\"@type\":\"WebPage\",\"@id\":\"https:\/\/mypalmleaf.com\/et\/prices\/taiendav-peatukk-lugemine\/\",\"url\":\"https:\/\/mypalmleaf.com\/et\/prices\/taiendav-peatukk-lugemine\/\",\"name\":\"Broneeri lisapeat\u00fckkide lugemine | My Palm Leaf - \u20ac79 alates\",\"isPartOf\":{\"@id\":\"https:\/\/mypalmleaf.com\/#website\"},\"primaryImageOfPage\":{\"@id\":\"https:\/\/mypalmleaf.com\/et\/prices\/taiendav-peatukk-lugemine\/#primaryimage\"},\"image\":{\"@id\":\"https:\/\/mypalmleaf.com\/et\/prices\/taiendav-peatukk-lugemine\/#primaryimage\"},\"thumbnailUrl\":\"https:\/\/mypalmleaf.com\/wp-content\/uploads\/2024\/09\/services-thumb-2.jpg\",\"datePublished\":\"2024-09-04T10:57:26+00:00\",\"dateModified\":\"2025-10-09T16:10:26+00:00\",\"description\":\"Uurige s\u00fcgavamaid teadmisi t\u00e4iendavate palmulehtede peat\u00fckkide abil. Saage selgust armastuse, karj\u00e4\u00e4ri ja elutee suhtes. Broneeri oma personaalne lugemine juba t\u00e4na My Palm Leaf'is!\",\"breadcrumb\":{\"@id\":\"https:\/\/mypalmleaf.com\/et\/prices\/taiendav-peatukk-lugemine\/#breadcrumb\"},\"inLanguage\":\"et\",\"potentialAction\":[{\"@type\":\"ReadAction\",\"target\":[\"https:\/\/mypalmleaf.com\/et\/prices\/taiendav-peatukk-lugemine\/\"]}]},{\"@type\":\"ImageObject\",\"inLanguage\":\"et\",\"@id\":\"https:\/\/mypalmleaf.com\/et\/prices\/taiendav-peatukk-lugemine\/#primaryimage\",\"url\":\"https:\/\/mypalmleaf.com\/wp-content\/uploads\/2024\/09\/services-thumb-2.jpg\",\"contentUrl\":\"https:\/\/mypalmleaf.com\/wp-content\/uploads\/2024\/09\/services-thumb-2.jpg\",\"width\":800,\"height\":444,\"caption\":\"Palm leaves-548\"},{\"@type\":\"BreadcrumbList\",\"@id\":\"https:\/\/mypalmleaf.com\/et\/prices\/taiendav-peatukk-lugemine\/#breadcrumb\",\"itemListElement\":[{\"@type\":\"ListItem\",\"position\":1,\"name\":\"Home\",\"item\":\"https:\/\/mypalmleaf.com\/et\/\"},{\"@type\":\"ListItem\",\"position\":2,\"name\":\"Shop\",\"item\":\"https:\/\/mypalmleaf.com\/et\/shop\/\"},{\"@type\":\"ListItem\",\"position\":3,\"name\":\"Lisapeat\u00fckkide lugemine Mypalmleafis\"}]},{\"@type\":\"WebSite\",\"@id\":\"https:\/\/mypalmleaf.com\/#website\",\"url\":\"https:\/\/mypalmleaf.com\/\",\"name\":\"My Palm Leaf\",\"description\":\"\",\"potentialAction\":[{\"@type\":\"SearchAction\",\"target\":{\"@type\":\"EntryPoint\",\"urlTemplate\":\"https:\/\/mypalmleaf.com\/?s={search_term_string}\"},\"query-input\":{\"@type\":\"PropertyValueSpecification\",\"valueRequired\":true,\"valueName\":\"search_term_string\"}}],\"inLanguage\":\"et\"}]}<\/script>\n<!-- \/ Yoast SEO plugin. -->","yoast_head_json":{"title":"Broneeri lisapeat\u00fckkide lugemine | My Palm Leaf - \u20ac79 alates","description":"Uurige s\u00fcgavamaid teadmisi t\u00e4iendavate palmulehtede peat\u00fckkide abil. Saage selgust armastuse, karj\u00e4\u00e4ri ja elutee suhtes. Broneeri oma personaalne lugemine juba t\u00e4na My Palm Leaf'is!","robots":{"index":"index","follow":"follow","max-snippet":"max-snippet:-1","max-image-preview":"max-image-preview:large","max-video-preview":"max-video-preview:-1"},"canonical":"https:\/\/mypalmleaf.com\/et\/prices\/taiendav-peatukk-lugemine\/","og_locale":"et_EE","og_type":"article","og_title":"Broneeri lisapeat\u00fckkide lugemine | My Palm Leaf - \u20ac79 alates","og_description":"Uurige s\u00fcgavamaid teadmisi t\u00e4iendavate palmulehtede peat\u00fckkide abil. Saage selgust armastuse, karj\u00e4\u00e4ri ja elutee suhtes. Broneeri oma personaalne lugemine juba t\u00e4na My Palm Leaf'is!","og_url":"https:\/\/mypalmleaf.com\/et\/prices\/taiendav-peatukk-lugemine\/","og_site_name":"My Palm Leaf","article_modified_time":"2025-10-09T16:10:26+00:00","og_image":[{"width":800,"height":444,"url":"https:\/\/mypalmleaf.com\/wp-content\/uploads\/2024\/09\/services-thumb-2.jpg","type":"image\/jpeg"}],"twitter_card":"summary_large_image","twitter_misc":{"Est. reading time":"1 minut"},"schema":{"@context":"https:\/\/schema.org","@graph":[{"@type":"WebPage","@id":"https:\/\/mypalmleaf.com\/et\/prices\/taiendav-peatukk-lugemine\/","url":"https:\/\/mypalmleaf.com\/et\/prices\/taiendav-peatukk-lugemine\/","name":"Broneeri lisapeat\u00fckkide lugemine | My Palm Leaf - \u20ac79 alates","isPartOf":{"@id":"https:\/\/mypalmleaf.com\/#website"},"primaryImageOfPage":{"@id":"https:\/\/mypalmleaf.com\/et\/prices\/taiendav-peatukk-lugemine\/#primaryimage"},"image":{"@id":"https:\/\/mypalmleaf.com\/et\/prices\/taiendav-peatukk-lugemine\/#primaryimage"},"thumbnailUrl":"https:\/\/mypalmleaf.com\/wp-content\/uploads\/2024\/09\/services-thumb-2.jpg","datePublished":"2024-09-04T10:57:26+00:00","dateModified":"2025-10-09T16:10:26+00:00","description":"Uurige s\u00fcgavamaid teadmisi t\u00e4iendavate palmulehtede peat\u00fckkide abil. Saage selgust armastuse, karj\u00e4\u00e4ri ja elutee suhtes. Broneeri oma personaalne lugemine juba t\u00e4na My Palm Leaf'is!","breadcrumb":{"@id":"https:\/\/mypalmleaf.com\/et\/prices\/taiendav-peatukk-lugemine\/#breadcrumb"},"inLanguage":"et","potentialAction":[{"@type":"ReadAction","target":["https:\/\/mypalmleaf.com\/et\/prices\/taiendav-peatukk-lugemine\/"]}]},{"@type":"ImageObject","inLanguage":"et","@id":"https:\/\/mypalmleaf.com\/et\/prices\/taiendav-peatukk-lugemine\/#primaryimage","url":"https:\/\/mypalmleaf.com\/wp-content\/uploads\/2024\/09\/services-thumb-2.jpg","contentUrl":"https:\/\/mypalmleaf.com\/wp-content\/uploads\/2024\/09\/services-thumb-2.jpg","width":800,"height":444,"caption":"Palm leaves-548"},{"@type":"BreadcrumbList","@id":"https:\/\/mypalmleaf.com\/et\/prices\/taiendav-peatukk-lugemine\/#breadcrumb","itemListElement":[{"@type":"ListItem","position":1,"name":"Home","item":"https:\/\/mypalmleaf.com\/et\/"},{"@type":"ListItem","position":2,"name":"Shop","item":"https:\/\/mypalmleaf.com\/et\/shop\/"},{"@type":"ListItem","position":3,"name":"Lisapeat\u00fckkide lugemine Mypalmleafis"}]},{"@type":"WebSite","@id":"https:\/\/mypalmleaf.com\/#website","url":"https:\/\/mypalmleaf.com\/","name":"My Palm Leaf","description":"","potentialAction":[{"@type":"SearchAction","target":{"@type":"EntryPoint","urlTemplate":"https:\/\/mypalmleaf.com\/?s={search_term_string}"},"query-input":{"@type":"PropertyValueSpecification","valueRequired":true,"valueName":"search_term_string"}}],"inLanguage":"et"}]}},"_links":{"self":[{"href":"https:\/\/mypalmleaf.com\/et\/wp-json\/wp\/v2\/product\/40151","targetHints":{"allow":["GET"]}}],"collection":[{"href":"https:\/\/mypalmleaf.com\/et\/wp-json\/wp\/v2\/product"}],"about":[{"href":"https:\/\/mypalmleaf.com\/et\/wp-json\/wp\/v2\/types\/product"}],"replies":[{"embeddable":true,"href":"https:\/\/mypalmleaf.com\/et\/wp-json\/wp\/v2\/comments?post=40151"}],"wp:featuredmedia":[{"embeddable":true,"href":"https:\/\/mypalmleaf.com\/et\/wp-json\/wp\/v2\/media\/9817"}],"wp:attachment":[{"href":"https:\/\/mypalmleaf.com\/et\/wp-json\/wp\/v2\/media?parent=40151"}],"wp:term":[{"taxonomy":"product_brand","embeddable":true,"href":"https:\/\/mypalmleaf.com\/et\/wp-json\/wp\/v2\/product_brand?post=40151"},{"taxonomy":"product_cat","embeddable":true,"href":"https:\/\/mypalmleaf.com\/et\/wp-json\/wp\/v2\/product_cat?post=40151"},{"taxonomy":"product_tag","embeddable":true,"href":"https:\/\/mypalmleaf.com\/et\/wp-json\/wp\/v2\/product_tag?post=40151"}],"curies":[{"name":"wp","href":"https:\/\/api.w.org\/{rel}","templated":true}]}}